{"id":132024,"date":"1912-01-01T00:00:00","date_gmt":"1912-01-01T00:00:00","guid":{"rendered":"https:\/\/cappiello.fr\/produit\/comedie-royale-jean-iii\/"},"modified":"2025-05-24T17:35:24","modified_gmt":"2025-05-24T15:35:24","slug":"comedie-royale-jean-iii","status":"publish","type":"product","link":"https:\/\/cappiello.fr\/en\/produit\/comedie-royale-jean-iii\/","title":{"rendered":"Com\u00e9die-Royale \/ Jean III"},"content":{"rendered":"<p>Full-length portrait of Sacha Guitry in the role of Paul Mondoucet<\/p>\n","protected":false},"excerpt":{"rendered":"<p>Poster for &#8220;Jean III or The Irresistible Vocation of the Son Mondoucet,&#8221; a comedy in 3 acts written and performed by Sacha Guitry in 1912.<br \/>\nRobert de Flers tells us: &#8220;People laughed heartily with all kinds of laughter, from the wildest to the most sensible. They laughed as if life did not exist, as if they had never laughed before. Monsieur Sacha Guitry is a kind of benefactor.&#8221;<br \/>\nThe Com\u00e9die-Royale is a Parisian theater founded in 1901, dedicated to humor and boulevard plays. In 1923, it permanently took the name Com\u00e9die-Caumartin.<\/p>\n","protected":false},"featured_media":134097,"template":"","meta":{"_acf_changed":false},"type-doeuvre":[4057],"product_brand":[],"product_cat":[3619],"product_tag":[3300],"class_list":{"0":"post-132024","1":"product","2":"type-product","3":"status-publish","4":"has-post-thumbnail","6":"type-doeuvre-affiches","7":"product_cat-theaters-shows","8":"product_tag-show-en-2","9":"pa_periode-1900-1918-en","10":"pa_type-de-contenu-lithography","12":"first","13":"instock","14":"virtual","15":"product-type-simple"},"acf":[],"yoast_head":"<!-- This site is optimized with the Yoast SEO Premium plugin v27.0 (Yoast SEO v27.4) - https:\/\/yoast.com\/product\/yoast-seo-premium-wordpress\/ -->\n<title>Com\u00e9die-Royale \/ Jean III - Catalogue Raisonn\u00e9 de Leonetto Cappiello<\/title>\n<meta name=\"description\" content=\"Full-length portrait of Sacha Guitry in the role of Paul Mondoucet\" \/>\n<meta name=\"robots\" content=\"index, follow, max-snippet:-1, max-image-preview:large, max-video-preview:-1\" \/>\n<link rel=\"canonical\" href=\"https:\/\/cappiello.fr\/en\/produit\/comedie-royale-jean-iii\/\" \/>\n<meta property=\"og:locale\" content=\"en_US\" \/>\n<meta property=\"og:type\" content=\"article\" \/>\n<meta property=\"og:title\" content=\"Com\u00e9die-Royale \/ Jean III\" \/>\n<meta property=\"og:description\" content=\"Full-length portrait of Sacha Guitry in the role of Paul Mondoucet\" \/>\n<meta property=\"og:url\" content=\"https:\/\/cappiello.fr\/en\/produit\/comedie-royale-jean-iii\/\" \/>\n<meta property=\"og:site_name\" content=\"Catalogue raisonn\u00e9 de Leonetto Cappiello\" \/>\n<meta property=\"article:modified_time\" content=\"2025-05-24T15:35:24+00:00\" \/>\n<meta property=\"og:image\" content=\"https:\/\/cappiello.fr\/wp-content\/uploads\/2024\/10\/Lithographie-affiche-publicitaire-comedie-royale-jean-iii-cappiello-1912.jpg\" \/>\n\t<meta property=\"og:image:width\" content=\"519\" \/>\n\t<meta property=\"og:image:height\" content=\"800\" \/>\n\t<meta property=\"og:image:type\" content=\"image\/jpeg\" \/>\n<meta name=\"twitter:card\" content=\"summary_large_image\" \/>\n<meta name=\"twitter:title\" content=\"Com\u00e9die-Royale \/ Jean III\" \/>\n<meta name=\"twitter:description\" content=\"Full-length portrait of Sacha Guitry in the role of Paul Mondoucet\" \/>\n<meta name=\"twitter:label1\" content=\"Price\" \/>\n\t<meta name=\"twitter:data1\" content=\"\" \/>\n\t<meta name=\"twitter:label2\" content=\"Availability\" \/>\n\t<meta name=\"twitter:data2\" content=\"In stock\" \/>\n<script type=\"application\/ld+json\" class=\"yoast-schema-graph\">{\"@context\":\"https:\\\/\\\/schema.org\",\"@graph\":[{\"@type\":[\"WebPage\",\"ItemPage\"],\"@id\":\"https:\\\/\\\/cappiello.fr\\\/en\\\/produit\\\/comedie-royale-jean-iii\\\/\",\"url\":\"https:\\\/\\\/cappiello.fr\\\/en\\\/produit\\\/comedie-royale-jean-iii\\\/\",\"name\":\"Com\u00e9die-Royale \\\/ Jean III - Catalogue Raisonn\u00e9 de Leonetto Cappiello\",\"isPartOf\":{\"@id\":\"https:\\\/\\\/cappiello.fr\\\/en\\\/#website\"},\"primaryImageOfPage\":{\"@id\":\"https:\\\/\\\/cappiello.fr\\\/en\\\/produit\\\/comedie-royale-jean-iii\\\/#primaryimage\"},\"image\":{\"@id\":\"https:\\\/\\\/cappiello.fr\\\/en\\\/produit\\\/comedie-royale-jean-iii\\\/#primaryimage\"},\"thumbnailUrl\":\"https:\\\/\\\/cappiello.fr\\\/wp-content\\\/uploads\\\/2024\\\/10\\\/Lithographie-affiche-publicitaire-comedie-royale-jean-iii-cappiello-1912.jpg\",\"datePublished\":\"1912-01-01T00:00:00+00:00\",\"dateModified\":\"2025-05-24T15:35:24+00:00\",\"description\":\"Full-length portrait of Sacha Guitry in the role of Paul Mondoucet\",\"breadcrumb\":{\"@id\":\"https:\\\/\\\/cappiello.fr\\\/en\\\/produit\\\/comedie-royale-jean-iii\\\/#breadcrumb\"},\"inLanguage\":\"en-US\",\"potentialAction\":[{\"@type\":\"ReadAction\",\"target\":[\"https:\\\/\\\/cappiello.fr\\\/en\\\/produit\\\/comedie-royale-jean-iii\\\/\"]}]},{\"@type\":\"ImageObject\",\"inLanguage\":\"en-US\",\"@id\":\"https:\\\/\\\/cappiello.fr\\\/en\\\/produit\\\/comedie-royale-jean-iii\\\/#primaryimage\",\"url\":\"https:\\\/\\\/cappiello.fr\\\/wp-content\\\/uploads\\\/2024\\\/10\\\/Lithographie-affiche-publicitaire-comedie-royale-jean-iii-cappiello-1912.jpg\",\"contentUrl\":\"https:\\\/\\\/cappiello.fr\\\/wp-content\\\/uploads\\\/2024\\\/10\\\/Lithographie-affiche-publicitaire-comedie-royale-jean-iii-cappiello-1912.jpg\",\"width\":519,\"height\":800,\"caption\":\"Affiche pour \\\"Jean III ou l'irr\u00e9sistible vocation du Fils Mondoucet\\\"\"},{\"@type\":\"BreadcrumbList\",\"@id\":\"https:\\\/\\\/cappiello.fr\\\/en\\\/produit\\\/comedie-royale-jean-iii\\\/#breadcrumb\",\"itemListElement\":[{\"@type\":\"ListItem\",\"position\":1,\"name\":\"Accueil\",\"item\":\"https:\\\/\\\/cappiello.fr\\\/en\\\/\"},{\"@type\":\"ListItem\",\"position\":2,\"name\":\"The works\",\"item\":\"https:\\\/\\\/cappiello.fr\\\/en\\\/the-works\\\/\"},{\"@type\":\"ListItem\",\"position\":3,\"name\":\"Com\u00e9die-Royale \\\/ Jean III\"}]},{\"@type\":\"WebSite\",\"@id\":\"https:\\\/\\\/cappiello.fr\\\/en\\\/#website\",\"url\":\"https:\\\/\\\/cappiello.fr\\\/en\\\/\",\"name\":\"Catalogue raisonn\u00e9 de Leonetto Cappiello\",\"description\":\"Plongez dans l&#039;univers de Leonetto Cappiello, le p\u00e8re de la publicit\u00e9 moderne\",\"potentialAction\":[{\"@type\":\"SearchAction\",\"target\":{\"@type\":\"EntryPoint\",\"urlTemplate\":\"https:\\\/\\\/cappiello.fr\\\/en\\\/?s={search_term_string}\"},\"query-input\":{\"@type\":\"PropertyValueSpecification\",\"valueRequired\":true,\"valueName\":\"search_term_string\"}}],\"inLanguage\":\"en-US\"}]}<\/script>\n<meta property=\"product:price:currency\" content=\"EUR\" \/>\n<meta property=\"og:availability\" content=\"instock\" \/>\n<meta property=\"product:availability\" content=\"instock\" \/>\n<meta property=\"product:retailer_item_id\" content=\"1912026Z0\" \/>\n<meta property=\"product:condition\" content=\"new\" \/>\n<!-- \/ Yoast SEO Premium plugin. -->","yoast_head_json":{"title":"Com\u00e9die-Royale \/ Jean III - Catalogue Raisonn\u00e9 de Leonetto Cappiello","description":"Full-length portrait of Sacha Guitry in the role of Paul Mondoucet","robots":{"index":"index","follow":"follow","max-snippet":"max-snippet:-1","max-image-preview":"max-image-preview:large","max-video-preview":"max-video-preview:-1"},"canonical":"https:\/\/cappiello.fr\/en\/produit\/comedie-royale-jean-iii\/","og_locale":"en_US","og_type":"article","og_title":"Com\u00e9die-Royale \/ Jean III","og_description":"Full-length portrait of Sacha Guitry in the role of Paul Mondoucet","og_url":"https:\/\/cappiello.fr\/en\/produit\/comedie-royale-jean-iii\/","og_site_name":"Catalogue raisonn\u00e9 de Leonetto Cappiello","article_modified_time":"2025-05-24T15:35:24+00:00","og_image":[{"width":519,"height":800,"url":"https:\/\/cappiello.fr\/wp-content\/uploads\/2024\/10\/Lithographie-affiche-publicitaire-comedie-royale-jean-iii-cappiello-1912.jpg","type":"image\/jpeg"}],"twitter_card":"summary_large_image","twitter_title":"Com\u00e9die-Royale \/ Jean III","twitter_description":"Full-length portrait of Sacha Guitry in the role of Paul Mondoucet","twitter_misc":{"Price":"","Availability":"In stock"},"schema":{"@context":"https:\/\/schema.org","@graph":[{"@type":["WebPage","ItemPage"],"@id":"https:\/\/cappiello.fr\/en\/produit\/comedie-royale-jean-iii\/","url":"https:\/\/cappiello.fr\/en\/produit\/comedie-royale-jean-iii\/","name":"Com\u00e9die-Royale \/ Jean III - Catalogue Raisonn\u00e9 de Leonetto Cappiello","isPartOf":{"@id":"https:\/\/cappiello.fr\/en\/#website"},"primaryImageOfPage":{"@id":"https:\/\/cappiello.fr\/en\/produit\/comedie-royale-jean-iii\/#primaryimage"},"image":{"@id":"https:\/\/cappiello.fr\/en\/produit\/comedie-royale-jean-iii\/#primaryimage"},"thumbnailUrl":"https:\/\/cappiello.fr\/wp-content\/uploads\/2024\/10\/Lithographie-affiche-publicitaire-comedie-royale-jean-iii-cappiello-1912.jpg","datePublished":"1912-01-01T00:00:00+00:00","dateModified":"2025-05-24T15:35:24+00:00","description":"Full-length portrait of Sacha Guitry in the role of Paul Mondoucet","breadcrumb":{"@id":"https:\/\/cappiello.fr\/en\/produit\/comedie-royale-jean-iii\/#breadcrumb"},"inLanguage":"en-US","potentialAction":[{"@type":"ReadAction","target":["https:\/\/cappiello.fr\/en\/produit\/comedie-royale-jean-iii\/"]}]},{"@type":"ImageObject","inLanguage":"en-US","@id":"https:\/\/cappiello.fr\/en\/produit\/comedie-royale-jean-iii\/#primaryimage","url":"https:\/\/cappiello.fr\/wp-content\/uploads\/2024\/10\/Lithographie-affiche-publicitaire-comedie-royale-jean-iii-cappiello-1912.jpg","contentUrl":"https:\/\/cappiello.fr\/wp-content\/uploads\/2024\/10\/Lithographie-affiche-publicitaire-comedie-royale-jean-iii-cappiello-1912.jpg","width":519,"height":800,"caption":"Affiche pour \"Jean III ou l'irr\u00e9sistible vocation du Fils Mondoucet\""},{"@type":"BreadcrumbList","@id":"https:\/\/cappiello.fr\/en\/produit\/comedie-royale-jean-iii\/#breadcrumb","itemListElement":[{"@type":"ListItem","position":1,"name":"Accueil","item":"https:\/\/cappiello.fr\/en\/"},{"@type":"ListItem","position":2,"name":"The works","item":"https:\/\/cappiello.fr\/en\/the-works\/"},{"@type":"ListItem","position":3,"name":"Com\u00e9die-Royale \/ Jean III"}]},{"@type":"WebSite","@id":"https:\/\/cappiello.fr\/en\/#website","url":"https:\/\/cappiello.fr\/en\/","name":"Catalogue raisonn\u00e9 de Leonetto Cappiello","description":"Plongez dans l&#039;univers de Leonetto Cappiello, le p\u00e8re de la publicit\u00e9 moderne","potentialAction":[{"@type":"SearchAction","target":{"@type":"EntryPoint","urlTemplate":"https:\/\/cappiello.fr\/en\/?s={search_term_string}"},"query-input":{"@type":"PropertyValueSpecification","valueRequired":true,"valueName":"search_term_string"}}],"inLanguage":"en-US"}]},"product_price_currency":"EUR","og_availability":"instock","product_availability":"instock","product_retailer_item_id":"1912026Z0","product_condition":"new"},"_links":{"self":[{"href":"https:\/\/cappiello.fr\/en\/wp-json\/wp\/v2\/product\/132024","targetHints":{"allow":["GET"]}}],"collection":[{"href":"https:\/\/cappiello.fr\/en\/wp-json\/wp\/v2\/product"}],"about":[{"href":"https:\/\/cappiello.fr\/en\/wp-json\/wp\/v2\/types\/product"}],"wp:featuredmedia":[{"embeddable":true,"href":"https:\/\/cappiello.fr\/en\/wp-json\/wp\/v2\/media\/134097"}],"wp:attachment":[{"href":"https:\/\/cappiello.fr\/en\/wp-json\/wp\/v2\/media?parent=132024"}],"wp:term":[{"taxonomy":"type-doeuvre","embeddable":true,"href":"https:\/\/cappiello.fr\/en\/wp-json\/wp\/v2\/type-doeuvre?post=132024"},{"taxonomy":"product_brand","embeddable":true,"href":"https:\/\/cappiello.fr\/en\/wp-json\/wp\/v2\/product_brand?post=132024"},{"taxonomy":"product_cat","embeddable":true,"href":"https:\/\/cappiello.fr\/en\/wp-json\/wp\/v2\/product_cat?post=132024"},{"taxonomy":"product_tag","embeddable":true,"href":"https:\/\/cappiello.fr\/en\/wp-json\/wp\/v2\/product_tag?post=132024"}],"curies":[{"name":"wp","href":"https:\/\/api.w.org\/{rel}","templated":true}]}}