{"id":132030,"date":"1912-01-01T00:00:00","date_gmt":"1912-01-01T00:00:00","guid":{"rendered":"https:\/\/cappiello.fr\/produit\/eau-de-montmirail-l-2\/"},"modified":"2025-05-24T17:29:18","modified_gmt":"2025-05-24T15:29:18","slug":"eau-de-montmirail-l-2","status":"publish","type":"product","link":"https:\/\/cappiello.fr\/en\/produit\/eau-de-montmirail-l-2\/","title":{"rendered":"Eau de Montmirail (L&#8217;)"},"content":{"rendered":"<p>A dancer, balanced on a sort of dragonfly, holds a bottle of Montmirail water in each hand.<br \/>\n<br \/>The lightness of the character reflects that of the water sold in bottles.<\/p>\n","protected":false},"excerpt":{"rendered":"<p>Water from a spring located at the foot of the Dentelles de Montmirail in the Vaucluse department.<br \/>\n<br \/>On the bottle label, it says: &#8220;Montmirail purgative water detoxifies the body and lightens the body and mind.&#8221;<\/p>\n","protected":false},"featured_media":134300,"template":"","meta":{"_acf_changed":false},"type-doeuvre":[4057],"product_brand":[],"product_cat":[3315],"product_tag":[3290,3509,3704,3250,3523,3382],"class_list":{"0":"post-132030","1":"product","2":"type-product","3":"status-publish","4":"has-post-thumbnail","6":"type-doeuvre-affiches","7":"product_cat-soft-drinks","8":"product_tag-mustache-en","9":"product_tag-glass-en-10","10":"product_tag-dancer-en-2","11":"product_tag-hat","12":"product_tag-insect","13":"product_tag-face-en-3","14":"pa_periode-1900-1918-en","15":"pa_type-de-contenu-lithography","17":"first","18":"instock","19":"virtual","20":"product-type-simple"},"acf":[],"yoast_head":"<!-- This site is optimized with the Yoast SEO Premium plugin v27.0 (Yoast SEO v27.4) - https:\/\/yoast.com\/product\/yoast-seo-premium-wordpress\/ -->\n<title>Eau de Montmirail (L&#039;) - Catalogue Raisonn\u00e9 de Leonetto Cappiello<\/title>\n<meta name=\"description\" content=\"A dancer, balanced on a sort of dragonfly, holds a bottle of Montmirail water in each hand. The lightness of the character reflects that of the bottled water.\" \/>\n<meta name=\"robots\" content=\"index, follow, max-snippet:-1, max-image-preview:large, max-video-preview:-1\" \/>\n<link rel=\"canonical\" href=\"https:\/\/cappiello.fr\/en\/produit\/eau-de-montmirail-l-2\/\" \/>\n<meta property=\"og:locale\" content=\"en_US\" \/>\n<meta property=\"og:type\" content=\"article\" \/>\n<meta property=\"og:title\" content=\"Eau de Montmirail (L&#039;)\" \/>\n<meta property=\"og:description\" content=\"A dancer, balanced on a sort of dragonfly, holds a bottle of Montmirail water in each hand. The lightness of the character reflects that of the bottled water.\" \/>\n<meta property=\"og:url\" content=\"https:\/\/cappiello.fr\/en\/produit\/eau-de-montmirail-l-2\/\" \/>\n<meta property=\"og:site_name\" content=\"Catalogue raisonn\u00e9 de Leonetto Cappiello\" \/>\n<meta property=\"article:modified_time\" content=\"2025-05-24T15:29:18+00:00\" \/>\n<meta property=\"og:image\" content=\"https:\/\/cappiello.fr\/wp-content\/uploads\/2024\/10\/Lithographie-affiche-publicitaire-eau-de-montmirail-l-cappiello-1912.jpg\" \/>\n\t<meta property=\"og:image:width\" content=\"564\" \/>\n\t<meta property=\"og:image:height\" content=\"800\" \/>\n\t<meta property=\"og:image:type\" content=\"image\/jpeg\" \/>\n<meta name=\"twitter:card\" content=\"summary_large_image\" \/>\n<meta name=\"twitter:title\" content=\"Eau de Montmirail (L&#039;)\" \/>\n<meta name=\"twitter:description\" content=\"A dancer, balanced on a sort of dragonfly, holds a bottle of Montmirail water in each hand. The lightness of the character reflects that of the bottled water.\" \/>\n<meta name=\"twitter:label1\" content=\"Price\" \/>\n\t<meta name=\"twitter:data1\" content=\"\" \/>\n\t<meta name=\"twitter:label2\" content=\"Availability\" \/>\n\t<meta name=\"twitter:data2\" content=\"In stock\" \/>\n<script type=\"application\/ld+json\" class=\"yoast-schema-graph\">{\"@context\":\"https:\\\/\\\/schema.org\",\"@graph\":[{\"@type\":[\"WebPage\",\"ItemPage\"],\"@id\":\"https:\\\/\\\/cappiello.fr\\\/en\\\/produit\\\/eau-de-montmirail-l-2\\\/\",\"url\":\"https:\\\/\\\/cappiello.fr\\\/en\\\/produit\\\/eau-de-montmirail-l-2\\\/\",\"name\":\"Eau de Montmirail (L') - Catalogue Raisonn\u00e9 de Leonetto Cappiello\",\"isPartOf\":{\"@id\":\"https:\\\/\\\/cappiello.fr\\\/en\\\/#website\"},\"primaryImageOfPage\":{\"@id\":\"https:\\\/\\\/cappiello.fr\\\/en\\\/produit\\\/eau-de-montmirail-l-2\\\/#primaryimage\"},\"image\":{\"@id\":\"https:\\\/\\\/cappiello.fr\\\/en\\\/produit\\\/eau-de-montmirail-l-2\\\/#primaryimage\"},\"thumbnailUrl\":\"https:\\\/\\\/cappiello.fr\\\/wp-content\\\/uploads\\\/2024\\\/10\\\/Lithographie-affiche-publicitaire-eau-de-montmirail-l-cappiello-1912.jpg\",\"datePublished\":\"1912-01-01T00:00:00+00:00\",\"dateModified\":\"2025-05-24T15:29:18+00:00\",\"description\":\"A dancer, balanced on a sort of dragonfly, holds a bottle of Montmirail water in each hand. The lightness of the character reflects that of the bottled water.\",\"breadcrumb\":{\"@id\":\"https:\\\/\\\/cappiello.fr\\\/en\\\/produit\\\/eau-de-montmirail-l-2\\\/#breadcrumb\"},\"inLanguage\":\"en-US\",\"potentialAction\":[{\"@type\":\"ReadAction\",\"target\":[\"https:\\\/\\\/cappiello.fr\\\/en\\\/produit\\\/eau-de-montmirail-l-2\\\/\"]}]},{\"@type\":\"ImageObject\",\"inLanguage\":\"en-US\",\"@id\":\"https:\\\/\\\/cappiello.fr\\\/en\\\/produit\\\/eau-de-montmirail-l-2\\\/#primaryimage\",\"url\":\"https:\\\/\\\/cappiello.fr\\\/wp-content\\\/uploads\\\/2024\\\/10\\\/Lithographie-affiche-publicitaire-eau-de-montmirail-l-cappiello-1912.jpg\",\"contentUrl\":\"https:\\\/\\\/cappiello.fr\\\/wp-content\\\/uploads\\\/2024\\\/10\\\/Lithographie-affiche-publicitaire-eau-de-montmirail-l-cappiello-1912.jpg\",\"width\":564,\"height\":800,\"caption\":\"Eau provenant d'une source situ\u00e9e au pied des Dentelles de Montmirail dans le sud de la France.\"},{\"@type\":\"BreadcrumbList\",\"@id\":\"https:\\\/\\\/cappiello.fr\\\/en\\\/produit\\\/eau-de-montmirail-l-2\\\/#breadcrumb\",\"itemListElement\":[{\"@type\":\"ListItem\",\"position\":1,\"name\":\"Accueil\",\"item\":\"https:\\\/\\\/cappiello.fr\\\/en\\\/\"},{\"@type\":\"ListItem\",\"position\":2,\"name\":\"The works\",\"item\":\"https:\\\/\\\/cappiello.fr\\\/en\\\/the-works\\\/\"},{\"@type\":\"ListItem\",\"position\":3,\"name\":\"Eau de Montmirail (L&rsquo;)\"}]},{\"@type\":\"WebSite\",\"@id\":\"https:\\\/\\\/cappiello.fr\\\/en\\\/#website\",\"url\":\"https:\\\/\\\/cappiello.fr\\\/en\\\/\",\"name\":\"Catalogue raisonn\u00e9 de Leonetto Cappiello\",\"description\":\"Plongez dans l&#039;univers de Leonetto Cappiello, le p\u00e8re de la publicit\u00e9 moderne\",\"potentialAction\":[{\"@type\":\"SearchAction\",\"target\":{\"@type\":\"EntryPoint\",\"urlTemplate\":\"https:\\\/\\\/cappiello.fr\\\/en\\\/?s={search_term_string}\"},\"query-input\":{\"@type\":\"PropertyValueSpecification\",\"valueRequired\":true,\"valueName\":\"search_term_string\"}}],\"inLanguage\":\"en-US\"}]}<\/script>\n<meta property=\"product:price:currency\" content=\"EUR\" \/>\n<meta property=\"og:availability\" content=\"instock\" \/>\n<meta property=\"product:availability\" content=\"instock\" \/>\n<meta property=\"product:retailer_item_id\" content=\"1912024Z0\" \/>\n<meta property=\"product:condition\" content=\"new\" \/>\n<!-- \/ Yoast SEO Premium plugin. -->","yoast_head_json":{"title":"Eau de Montmirail (L') - Catalogue Raisonn\u00e9 de Leonetto Cappiello","description":"A dancer, balanced on a sort of dragonfly, holds a bottle of Montmirail water in each hand. The lightness of the character reflects that of the bottled water.","robots":{"index":"index","follow":"follow","max-snippet":"max-snippet:-1","max-image-preview":"max-image-preview:large","max-video-preview":"max-video-preview:-1"},"canonical":"https:\/\/cappiello.fr\/en\/produit\/eau-de-montmirail-l-2\/","og_locale":"en_US","og_type":"article","og_title":"Eau de Montmirail (L')","og_description":"A dancer, balanced on a sort of dragonfly, holds a bottle of Montmirail water in each hand. The lightness of the character reflects that of the bottled water.","og_url":"https:\/\/cappiello.fr\/en\/produit\/eau-de-montmirail-l-2\/","og_site_name":"Catalogue raisonn\u00e9 de Leonetto Cappiello","article_modified_time":"2025-05-24T15:29:18+00:00","og_image":[{"width":564,"height":800,"url":"https:\/\/cappiello.fr\/wp-content\/uploads\/2024\/10\/Lithographie-affiche-publicitaire-eau-de-montmirail-l-cappiello-1912.jpg","type":"image\/jpeg"}],"twitter_card":"summary_large_image","twitter_title":"Eau de Montmirail (L')","twitter_description":"A dancer, balanced on a sort of dragonfly, holds a bottle of Montmirail water in each hand. The lightness of the character reflects that of the bottled water.","twitter_misc":{"Price":"","Availability":"In stock"},"schema":{"@context":"https:\/\/schema.org","@graph":[{"@type":["WebPage","ItemPage"],"@id":"https:\/\/cappiello.fr\/en\/produit\/eau-de-montmirail-l-2\/","url":"https:\/\/cappiello.fr\/en\/produit\/eau-de-montmirail-l-2\/","name":"Eau de Montmirail (L') - Catalogue Raisonn\u00e9 de Leonetto Cappiello","isPartOf":{"@id":"https:\/\/cappiello.fr\/en\/#website"},"primaryImageOfPage":{"@id":"https:\/\/cappiello.fr\/en\/produit\/eau-de-montmirail-l-2\/#primaryimage"},"image":{"@id":"https:\/\/cappiello.fr\/en\/produit\/eau-de-montmirail-l-2\/#primaryimage"},"thumbnailUrl":"https:\/\/cappiello.fr\/wp-content\/uploads\/2024\/10\/Lithographie-affiche-publicitaire-eau-de-montmirail-l-cappiello-1912.jpg","datePublished":"1912-01-01T00:00:00+00:00","dateModified":"2025-05-24T15:29:18+00:00","description":"A dancer, balanced on a sort of dragonfly, holds a bottle of Montmirail water in each hand. The lightness of the character reflects that of the bottled water.","breadcrumb":{"@id":"https:\/\/cappiello.fr\/en\/produit\/eau-de-montmirail-l-2\/#breadcrumb"},"inLanguage":"en-US","potentialAction":[{"@type":"ReadAction","target":["https:\/\/cappiello.fr\/en\/produit\/eau-de-montmirail-l-2\/"]}]},{"@type":"ImageObject","inLanguage":"en-US","@id":"https:\/\/cappiello.fr\/en\/produit\/eau-de-montmirail-l-2\/#primaryimage","url":"https:\/\/cappiello.fr\/wp-content\/uploads\/2024\/10\/Lithographie-affiche-publicitaire-eau-de-montmirail-l-cappiello-1912.jpg","contentUrl":"https:\/\/cappiello.fr\/wp-content\/uploads\/2024\/10\/Lithographie-affiche-publicitaire-eau-de-montmirail-l-cappiello-1912.jpg","width":564,"height":800,"caption":"Eau provenant d'une source situ\u00e9e au pied des Dentelles de Montmirail dans le sud de la France."},{"@type":"BreadcrumbList","@id":"https:\/\/cappiello.fr\/en\/produit\/eau-de-montmirail-l-2\/#breadcrumb","itemListElement":[{"@type":"ListItem","position":1,"name":"Accueil","item":"https:\/\/cappiello.fr\/en\/"},{"@type":"ListItem","position":2,"name":"The works","item":"https:\/\/cappiello.fr\/en\/the-works\/"},{"@type":"ListItem","position":3,"name":"Eau de Montmirail (L&rsquo;)"}]},{"@type":"WebSite","@id":"https:\/\/cappiello.fr\/en\/#website","url":"https:\/\/cappiello.fr\/en\/","name":"Catalogue raisonn\u00e9 de Leonetto Cappiello","description":"Plongez dans l&#039;univers de Leonetto Cappiello, le p\u00e8re de la publicit\u00e9 moderne","potentialAction":[{"@type":"SearchAction","target":{"@type":"EntryPoint","urlTemplate":"https:\/\/cappiello.fr\/en\/?s={search_term_string}"},"query-input":{"@type":"PropertyValueSpecification","valueRequired":true,"valueName":"search_term_string"}}],"inLanguage":"en-US"}]},"product_price_currency":"EUR","og_availability":"instock","product_availability":"instock","product_retailer_item_id":"1912024Z0","product_condition":"new"},"_links":{"self":[{"href":"https:\/\/cappiello.fr\/en\/wp-json\/wp\/v2\/product\/132030","targetHints":{"allow":["GET"]}}],"collection":[{"href":"https:\/\/cappiello.fr\/en\/wp-json\/wp\/v2\/product"}],"about":[{"href":"https:\/\/cappiello.fr\/en\/wp-json\/wp\/v2\/types\/product"}],"wp:featuredmedia":[{"embeddable":true,"href":"https:\/\/cappiello.fr\/en\/wp-json\/wp\/v2\/media\/134300"}],"wp:attachment":[{"href":"https:\/\/cappiello.fr\/en\/wp-json\/wp\/v2\/media?parent=132030"}],"wp:term":[{"taxonomy":"type-doeuvre","embeddable":true,"href":"https:\/\/cappiello.fr\/en\/wp-json\/wp\/v2\/type-doeuvre?post=132030"},{"taxonomy":"product_brand","embeddable":true,"href":"https:\/\/cappiello.fr\/en\/wp-json\/wp\/v2\/product_brand?post=132030"},{"taxonomy":"product_cat","embeddable":true,"href":"https:\/\/cappiello.fr\/en\/wp-json\/wp\/v2\/product_cat?post=132030"},{"taxonomy":"product_tag","embeddable":true,"href":"https:\/\/cappiello.fr\/en\/wp-json\/wp\/v2\/product_tag?post=132030"}],"curies":[{"name":"wp","href":"https:\/\/api.w.org\/{rel}","templated":true}]}}