{"id":132035,"date":"1932-01-01T00:00:00","date_gmt":"1932-01-01T00:00:00","guid":{"rendered":"https:\/\/cappiello.fr\/produit\/jako-3\/"},"modified":"2025-05-15T07:14:32","modified_gmt":"2025-05-15T05:14:32","slug":"jako-3","status":"publish","type":"product","link":"https:\/\/cappiello.fr\/en\/produit\/jako-3\/","title":{"rendered":"Jako"},"content":{"rendered":"<p>A parrot clutches a pack of Jako laundry detergent in its claws. Through four watermark drawings in the background, it can be seen that this detergent is used for laundry as well as for personal hygiene, dishes, and the kitchen.<\/p>\n","protected":false},"excerpt":{"rendered":"<p>Detergent<\/p>\n","protected":false},"featured_media":134136,"template":"","meta":{"_acf_changed":false},"type-doeuvre":[4057],"product_brand":[],"product_cat":[3277],"product_tag":[3448,3394,3393,3415,3274,3635,3387,3722],"class_list":{"0":"post-132035","1":"product","2":"type-product","3":"status-publish","4":"has-post-thumbnail","6":"type-doeuvre-affiches","7":"product_cat-cleaning-products","8":"product_tag-hat-en-5","9":"product_tag-apron-en-2","10":"product_tag-apron-en","11":"product_tag-hat-en","12":"product_tag-cup-en-2","13":"product_tag-node","14":"product_tag-head-en","15":"product_tag-screen-en","16":"pa_periode-1930-1940-en","17":"pa_type-de-contenu-esquisse-en","19":"first","20":"instock","21":"virtual","22":"product-type-simple"},"acf":[],"yoast_head":"<!-- This site is optimized with the Yoast SEO Premium plugin v27.0 (Yoast SEO v27.4) - https:\/\/yoast.com\/product\/yoast-seo-premium-wordpress\/ -->\n<title>Jako - Catalogue Raisonn\u00e9 de Leonetto Cappiello<\/title>\n<meta name=\"description\" content=\"A parrot clutches a pack of Jako laundry detergent in its claws. Through four watermark drawings in the background, it can be seen that this detergent is used for laundry as well as for personal hygiene, dishes, and the kitchen.\" \/>\n<meta name=\"robots\" content=\"index, follow, max-snippet:-1, max-image-preview:large, max-video-preview:-1\" \/>\n<link rel=\"canonical\" href=\"https:\/\/cappiello.fr\/en\/produit\/jako-3\/\" \/>\n<meta property=\"og:locale\" content=\"en_US\" \/>\n<meta property=\"og:type\" content=\"article\" \/>\n<meta property=\"og:title\" content=\"Jako\" \/>\n<meta property=\"og:description\" content=\"A parrot clutches a pack of Jako laundry detergent in its claws. Through four watermark drawings in the background, it can be seen that this detergent is used for laundry as well as for personal hygiene, dishes, and the kitchen.\" \/>\n<meta property=\"og:url\" content=\"https:\/\/cappiello.fr\/en\/produit\/jako-3\/\" \/>\n<meta property=\"og:site_name\" content=\"Catalogue raisonn\u00e9 de Leonetto Cappiello\" \/>\n<meta property=\"article:modified_time\" content=\"2025-05-15T05:14:32+00:00\" \/>\n<meta property=\"og:image\" content=\"https:\/\/cappiello.fr\/wp-content\/uploads\/2024\/10\/Esquisse-affiche-publicitaire-jako-2-cappiello-1932.jpg\" \/>\n\t<meta property=\"og:image:width\" content=\"537\" \/>\n\t<meta property=\"og:image:height\" content=\"800\" \/>\n\t<meta property=\"og:image:type\" content=\"image\/jpeg\" \/>\n<meta name=\"twitter:card\" content=\"summary_large_image\" \/>\n<meta name=\"twitter:title\" content=\"Jako\" \/>\n<meta name=\"twitter:description\" content=\"A parrot clutches a pack of Jako laundry detergent in its claws. Through four watermark drawings in the background, it can be seen that this detergent is used for laundry as well as for personal hygiene, dishes, and the kitchen.\" \/>\n<meta name=\"twitter:label1\" content=\"Price\" \/>\n\t<meta name=\"twitter:data1\" content=\"\" \/>\n\t<meta name=\"twitter:label2\" content=\"Availability\" \/>\n\t<meta name=\"twitter:data2\" content=\"In stock\" \/>\n<script type=\"application\/ld+json\" class=\"yoast-schema-graph\">{\"@context\":\"https:\\\/\\\/schema.org\",\"@graph\":[{\"@type\":[\"WebPage\",\"ItemPage\"],\"@id\":\"https:\\\/\\\/cappiello.fr\\\/en\\\/produit\\\/jako-3\\\/\",\"url\":\"https:\\\/\\\/cappiello.fr\\\/en\\\/produit\\\/jako-3\\\/\",\"name\":\"Jako - Catalogue Raisonn\u00e9 de Leonetto Cappiello\",\"isPartOf\":{\"@id\":\"https:\\\/\\\/cappiello.fr\\\/en\\\/#website\"},\"primaryImageOfPage\":{\"@id\":\"https:\\\/\\\/cappiello.fr\\\/en\\\/produit\\\/jako-3\\\/#primaryimage\"},\"image\":{\"@id\":\"https:\\\/\\\/cappiello.fr\\\/en\\\/produit\\\/jako-3\\\/#primaryimage\"},\"thumbnailUrl\":\"https:\\\/\\\/cappiello.fr\\\/wp-content\\\/uploads\\\/2024\\\/10\\\/Esquisse-affiche-publicitaire-jako-2-cappiello-1932.jpg\",\"datePublished\":\"1932-01-01T00:00:00+00:00\",\"dateModified\":\"2025-05-15T05:14:32+00:00\",\"description\":\"A parrot clutches a pack of Jako laundry detergent in its claws. Through four watermark drawings in the background, it can be seen that this detergent is used for laundry as well as for personal hygiene, dishes, and the kitchen.\",\"breadcrumb\":{\"@id\":\"https:\\\/\\\/cappiello.fr\\\/en\\\/produit\\\/jako-3\\\/#breadcrumb\"},\"inLanguage\":\"en-US\",\"potentialAction\":[{\"@type\":\"ReadAction\",\"target\":[\"https:\\\/\\\/cappiello.fr\\\/en\\\/produit\\\/jako-3\\\/\"]}]},{\"@type\":\"ImageObject\",\"inLanguage\":\"en-US\",\"@id\":\"https:\\\/\\\/cappiello.fr\\\/en\\\/produit\\\/jako-3\\\/#primaryimage\",\"url\":\"https:\\\/\\\/cappiello.fr\\\/wp-content\\\/uploads\\\/2024\\\/10\\\/Esquisse-affiche-publicitaire-jako-2-cappiello-1932.jpg\",\"contentUrl\":\"https:\\\/\\\/cappiello.fr\\\/wp-content\\\/uploads\\\/2024\\\/10\\\/Esquisse-affiche-publicitaire-jako-2-cappiello-1932.jpg\",\"width\":537,\"height\":800,\"caption\":\"Lessive\"},{\"@type\":\"BreadcrumbList\",\"@id\":\"https:\\\/\\\/cappiello.fr\\\/en\\\/produit\\\/jako-3\\\/#breadcrumb\",\"itemListElement\":[{\"@type\":\"ListItem\",\"position\":1,\"name\":\"Accueil\",\"item\":\"https:\\\/\\\/cappiello.fr\\\/en\\\/\"},{\"@type\":\"ListItem\",\"position\":2,\"name\":\"The works\",\"item\":\"https:\\\/\\\/cappiello.fr\\\/en\\\/the-works\\\/\"},{\"@type\":\"ListItem\",\"position\":3,\"name\":\"Jako\"}]},{\"@type\":\"WebSite\",\"@id\":\"https:\\\/\\\/cappiello.fr\\\/en\\\/#website\",\"url\":\"https:\\\/\\\/cappiello.fr\\\/en\\\/\",\"name\":\"Catalogue raisonn\u00e9 de Leonetto Cappiello\",\"description\":\"Plongez dans l&#039;univers de Leonetto Cappiello, le p\u00e8re de la publicit\u00e9 moderne\",\"potentialAction\":[{\"@type\":\"SearchAction\",\"target\":{\"@type\":\"EntryPoint\",\"urlTemplate\":\"https:\\\/\\\/cappiello.fr\\\/en\\\/?s={search_term_string}\"},\"query-input\":{\"@type\":\"PropertyValueSpecification\",\"valueRequired\":true,\"valueName\":\"search_term_string\"}}],\"inLanguage\":\"en-US\"}]}<\/script>\n<meta property=\"product:price:currency\" content=\"EUR\" \/>\n<meta property=\"og:availability\" content=\"instock\" \/>\n<meta property=\"product:availability\" content=\"instock\" \/>\n<meta property=\"product:retailer_item_id\" content=\"1932009E0\" \/>\n<meta property=\"product:condition\" content=\"new\" \/>\n<!-- \/ Yoast SEO Premium plugin. -->","yoast_head_json":{"title":"Jako - Catalogue Raisonn\u00e9 de Leonetto Cappiello","description":"A parrot clutches a pack of Jako laundry detergent in its claws. Through four watermark drawings in the background, it can be seen that this detergent is used for laundry as well as for personal hygiene, dishes, and the kitchen.","robots":{"index":"index","follow":"follow","max-snippet":"max-snippet:-1","max-image-preview":"max-image-preview:large","max-video-preview":"max-video-preview:-1"},"canonical":"https:\/\/cappiello.fr\/en\/produit\/jako-3\/","og_locale":"en_US","og_type":"article","og_title":"Jako","og_description":"A parrot clutches a pack of Jako laundry detergent in its claws. Through four watermark drawings in the background, it can be seen that this detergent is used for laundry as well as for personal hygiene, dishes, and the kitchen.","og_url":"https:\/\/cappiello.fr\/en\/produit\/jako-3\/","og_site_name":"Catalogue raisonn\u00e9 de Leonetto Cappiello","article_modified_time":"2025-05-15T05:14:32+00:00","og_image":[{"width":537,"height":800,"url":"https:\/\/cappiello.fr\/wp-content\/uploads\/2024\/10\/Esquisse-affiche-publicitaire-jako-2-cappiello-1932.jpg","type":"image\/jpeg"}],"twitter_card":"summary_large_image","twitter_title":"Jako","twitter_description":"A parrot clutches a pack of Jako laundry detergent in its claws. Through four watermark drawings in the background, it can be seen that this detergent is used for laundry as well as for personal hygiene, dishes, and the kitchen.","twitter_misc":{"Price":"","Availability":"In stock"},"schema":{"@context":"https:\/\/schema.org","@graph":[{"@type":["WebPage","ItemPage"],"@id":"https:\/\/cappiello.fr\/en\/produit\/jako-3\/","url":"https:\/\/cappiello.fr\/en\/produit\/jako-3\/","name":"Jako - Catalogue Raisonn\u00e9 de Leonetto Cappiello","isPartOf":{"@id":"https:\/\/cappiello.fr\/en\/#website"},"primaryImageOfPage":{"@id":"https:\/\/cappiello.fr\/en\/produit\/jako-3\/#primaryimage"},"image":{"@id":"https:\/\/cappiello.fr\/en\/produit\/jako-3\/#primaryimage"},"thumbnailUrl":"https:\/\/cappiello.fr\/wp-content\/uploads\/2024\/10\/Esquisse-affiche-publicitaire-jako-2-cappiello-1932.jpg","datePublished":"1932-01-01T00:00:00+00:00","dateModified":"2025-05-15T05:14:32+00:00","description":"A parrot clutches a pack of Jako laundry detergent in its claws. Through four watermark drawings in the background, it can be seen that this detergent is used for laundry as well as for personal hygiene, dishes, and the kitchen.","breadcrumb":{"@id":"https:\/\/cappiello.fr\/en\/produit\/jako-3\/#breadcrumb"},"inLanguage":"en-US","potentialAction":[{"@type":"ReadAction","target":["https:\/\/cappiello.fr\/en\/produit\/jako-3\/"]}]},{"@type":"ImageObject","inLanguage":"en-US","@id":"https:\/\/cappiello.fr\/en\/produit\/jako-3\/#primaryimage","url":"https:\/\/cappiello.fr\/wp-content\/uploads\/2024\/10\/Esquisse-affiche-publicitaire-jako-2-cappiello-1932.jpg","contentUrl":"https:\/\/cappiello.fr\/wp-content\/uploads\/2024\/10\/Esquisse-affiche-publicitaire-jako-2-cappiello-1932.jpg","width":537,"height":800,"caption":"Lessive"},{"@type":"BreadcrumbList","@id":"https:\/\/cappiello.fr\/en\/produit\/jako-3\/#breadcrumb","itemListElement":[{"@type":"ListItem","position":1,"name":"Accueil","item":"https:\/\/cappiello.fr\/en\/"},{"@type":"ListItem","position":2,"name":"The works","item":"https:\/\/cappiello.fr\/en\/the-works\/"},{"@type":"ListItem","position":3,"name":"Jako"}]},{"@type":"WebSite","@id":"https:\/\/cappiello.fr\/en\/#website","url":"https:\/\/cappiello.fr\/en\/","name":"Catalogue raisonn\u00e9 de Leonetto Cappiello","description":"Plongez dans l&#039;univers de Leonetto Cappiello, le p\u00e8re de la publicit\u00e9 moderne","potentialAction":[{"@type":"SearchAction","target":{"@type":"EntryPoint","urlTemplate":"https:\/\/cappiello.fr\/en\/?s={search_term_string}"},"query-input":{"@type":"PropertyValueSpecification","valueRequired":true,"valueName":"search_term_string"}}],"inLanguage":"en-US"}]},"product_price_currency":"EUR","og_availability":"instock","product_availability":"instock","product_retailer_item_id":"1932009E0","product_condition":"new"},"_links":{"self":[{"href":"https:\/\/cappiello.fr\/en\/wp-json\/wp\/v2\/product\/132035","targetHints":{"allow":["GET"]}}],"collection":[{"href":"https:\/\/cappiello.fr\/en\/wp-json\/wp\/v2\/product"}],"about":[{"href":"https:\/\/cappiello.fr\/en\/wp-json\/wp\/v2\/types\/product"}],"wp:featuredmedia":[{"embeddable":true,"href":"https:\/\/cappiello.fr\/en\/wp-json\/wp\/v2\/media\/134136"}],"wp:attachment":[{"href":"https:\/\/cappiello.fr\/en\/wp-json\/wp\/v2\/media?parent=132035"}],"wp:term":[{"taxonomy":"type-doeuvre","embeddable":true,"href":"https:\/\/cappiello.fr\/en\/wp-json\/wp\/v2\/type-doeuvre?post=132035"},{"taxonomy":"product_brand","embeddable":true,"href":"https:\/\/cappiello.fr\/en\/wp-json\/wp\/v2\/product_brand?post=132035"},{"taxonomy":"product_cat","embeddable":true,"href":"https:\/\/cappiello.fr\/en\/wp-json\/wp\/v2\/product_cat?post=132035"},{"taxonomy":"product_tag","embeddable":true,"href":"https:\/\/cappiello.fr\/en\/wp-json\/wp\/v2\/product_tag?post=132035"}],"curies":[{"name":"wp","href":"https:\/\/api.w.org\/{rel}","templated":true}]}}