{"id":132040,"date":"1937-01-01T00:00:00","date_gmt":"1937-01-01T00:00:00","guid":{"rendered":"https:\/\/cappiello.fr\/produit\/code-dhonneur-des-compagnons\/"},"modified":"2025-07-25T19:20:15","modified_gmt":"2025-07-25T17:20:15","slug":"code-dhonneur-des-compagnons","status":"publish","type":"product","link":"https:\/\/cappiello.fr\/en\/produit\/code-dhonneur-des-compagnons\/","title":{"rendered":"Code d&#8217;honneur des Compagnons"},"content":{"rendered":"<p>A woman holding the French flag against her heart stands in the center of sixteen medallions surrounded by laurel leaves. Each contains an illustrated duty of the Companion.<br \/>\nReading from left to right and top to bottom:<\/p>\n<p><Br>&#8211; &#8220;In service to France&#8221;<\/p>\n<p><Br>&#8211; &#8220;United with your Companions&#8221;<\/p>\n<p><Br>&#8211; &#8220;Loyal to your leaders&#8221;<\/p>\n<p><Br>&#8211; &#8220;Persistent in work&#8221;<\/p>\n<p><Br>&#8211; &#8220;Train your body every day&#8221;<\/p>\n<p><Br>&#8211; &#8220;Boldly undertake&#8221;<\/p>\n<p><Br>-&#8220;Finish the task you begin&#8221;<\/p>\n<p><Br>&#8211; &#8220;Lend a hand to all&#8221;<\/p>\n<p><Br>&#8211; &#8220;Know that money corrupts&#8221;<\/p>\n<p><Br>&#8211; &#8220;Speak frankly. Keep your word&#8221;<\/p>\n<p><Br>&#8211; &#8220;Be cheerful, sober, and clean&#8221;<\/p>\n<p><Br>&#8211; &#8220;Chivalrous toward women&#8221;<\/p>\n<p><Br>&#8211; &#8220;Respectful with your family&#8221;<\/p>\n<p><Br>&#8211; &#8220;Deepen your faith &#8211; Illuminate your conviction&#8221;<\/p>\n<p><Br>&#8211; &#8220;Listen, seek to understand&#8221;<\/p>\n<p><Br>&#8211; &#8220;Show no mercy to laziness and cowardice&#8221;<\/p>\n<p><Br>&#8211; &#8220;Fight to be a man&#8221;<\/p>\n","protected":false},"excerpt":{"rendered":"<p>Code of honor<\/p>\n","protected":false},"featured_media":132042,"template":"","meta":{"_acf_changed":false},"type-doeuvre":[4057],"product_brand":[],"product_cat":[3510],"product_tag":[3452,3521],"class_list":{"0":"post-132040","1":"product","2":"type-product","3":"status-publish","4":"has-post-thumbnail","6":"type-doeuvre-affiches","7":"product_cat-associative-or-political-movements","8":"product_tag-king-en-2","9":"product_tag-flag","10":"pa_periode-1930-1940-en","11":"pa_type-de-contenu-esquisse-en","13":"first","14":"instock","15":"virtual","16":"product-type-simple"},"acf":[],"yoast_head":"<!-- This site is optimized with the Yoast SEO Premium plugin v27.0 (Yoast SEO v27.4) - https:\/\/yoast.com\/product\/yoast-seo-premium-wordpress\/ -->\n<title>Code d&#039;honneur des Compagnons - Catalogue Raisonn\u00e9 de Leonetto Cappiello<\/title>\n<meta name=\"description\" content=\"Une femme tenant le drapeau fran\u00e7ais contre son coeur se trouve au milieu de seize m\u00e9daillons entour\u00e9s de feuilles de laurier. Chacun contient un devoir du Compagnon illustr\u00e9. On peut lire de gauche \u00e0 droite et de haut en bas : - &quot;Au service de la France&quot; - &quot;Uni \u00e0 tes Compagnons&quot; - &quot;Loyal \u00e0 tes chefs&quot; - &quot;Tenace au travail&quot; - &quot;Entra\u00eene chaque jour ton corps&quot; - &quot;Entreprends hardiment Ach\u00e8ve la t\u00e2che commenc\u00e9e&quot; - &quot;Pr\u00eate la main \u00e0 tous&quot; - &quot;Sache que l&#039;argent est corrupteur&quot; - &quot;Parle franc. Tiens parole&quot; - &quot;Sois gai sobre et propre&quot; - &quot;Chevaleresque \u00e0 l&#039;\u00e9gard des femmes&quot; - &quot;Respectueux avec ta famille&quot; - &quot;Approfondis ta foi - Eclaire ta conviction&quot; - &quot;Ecoute, cherche \u00e0 comprendre&quot; - &quot;Sans piti\u00e9 pour la mollesse et la l\u00e2chet\u00e9&quot; - &quot;Combats pour \u00eatre un homme&quot;\" \/>\n<meta name=\"robots\" content=\"index, follow, max-snippet:-1, max-image-preview:large, max-video-preview:-1\" \/>\n<link rel=\"canonical\" href=\"https:\/\/cappiello.fr\/en\/produit\/code-dhonneur-des-compagnons\/\" \/>\n<meta property=\"og:locale\" content=\"en_US\" \/>\n<meta property=\"og:type\" content=\"article\" \/>\n<meta property=\"og:title\" content=\"Code d&#039;honneur des Compagnons\" \/>\n<meta property=\"og:description\" content=\"Une femme tenant le drapeau fran\u00e7ais contre son coeur se trouve au milieu de seize m\u00e9daillons entour\u00e9s de feuilles de laurier. Chacun contient un devoir du Compagnon illustr\u00e9. On peut lire de gauche \u00e0 droite et de haut en bas : - &quot;Au service de la France&quot; - &quot;Uni \u00e0 tes Compagnons&quot; - &quot;Loyal \u00e0 tes chefs&quot; - &quot;Tenace au travail&quot; - &quot;Entra\u00eene chaque jour ton corps&quot; - &quot;Entreprends hardiment Ach\u00e8ve la t\u00e2che commenc\u00e9e&quot; - &quot;Pr\u00eate la main \u00e0 tous&quot; - &quot;Sache que l&#039;argent est corrupteur&quot; - &quot;Parle franc. Tiens parole&quot; - &quot;Sois gai sobre et propre&quot; - &quot;Chevaleresque \u00e0 l&#039;\u00e9gard des femmes&quot; - &quot;Respectueux avec ta famille&quot; - &quot;Approfondis ta foi - Eclaire ta conviction&quot; - &quot;Ecoute, cherche \u00e0 comprendre&quot; - &quot;Sans piti\u00e9 pour la mollesse et la l\u00e2chet\u00e9&quot; - &quot;Combats pour \u00eatre un homme&quot;\" \/>\n<meta property=\"og:url\" content=\"https:\/\/cappiello.fr\/en\/produit\/code-dhonneur-des-compagnons\/\" \/>\n<meta property=\"og:site_name\" content=\"Catalogue raisonn\u00e9 de Leonetto Cappiello\" \/>\n<meta property=\"article:modified_time\" content=\"2025-07-25T17:20:15+00:00\" \/>\n<meta property=\"og:image\" content=\"https:\/\/cappiello.fr\/wp-content\/uploads\/2024\/10\/Esquisse-affiche-publicitaire-code-dhonneur-des-compagnons-cappiello-1937.jpg\" \/>\n\t<meta property=\"og:image:width\" content=\"586\" \/>\n\t<meta property=\"og:image:height\" content=\"799\" \/>\n\t<meta property=\"og:image:type\" content=\"image\/jpeg\" \/>\n<meta name=\"twitter:card\" content=\"summary_large_image\" \/>\n<meta name=\"twitter:title\" content=\"Code d&#039;honneur des Compagnons\" \/>\n<meta name=\"twitter:description\" content=\"Une femme tenant le drapeau fran\u00e7ais contre son coeur se trouve au milieu de seize m\u00e9daillons entour\u00e9s de feuilles de laurier. Chacun contient un devoir du Compagnon illustr\u00e9. On peut lire de gauche \u00e0 droite et de haut en bas : - &quot;Au service de la France&quot; - &quot;Uni \u00e0 tes Compagnons&quot; - &quot;Loyal \u00e0 tes chefs&quot; - &quot;Tenace au travail&quot; - &quot;Entra\u00eene chaque jour ton corps&quot; - &quot;Entreprends hardiment Ach\u00e8ve la t\u00e2che commenc\u00e9e&quot; - &quot;Pr\u00eate la main \u00e0 tous&quot; - &quot;Sache que l&#039;argent est corrupteur&quot; - &quot;Parle franc. Tiens parole&quot; - &quot;Sois gai sobre et propre&quot; - &quot;Chevaleresque \u00e0 l&#039;\u00e9gard des femmes&quot; - &quot;Respectueux avec ta famille&quot; - &quot;Approfondis ta foi - Eclaire ta conviction&quot; - &quot;Ecoute, cherche \u00e0 comprendre&quot; - &quot;Sans piti\u00e9 pour la mollesse et la l\u00e2chet\u00e9&quot; - &quot;Combats pour \u00eatre un homme&quot;\" \/>\n<meta name=\"twitter:label1\" content=\"Price\" \/>\n\t<meta name=\"twitter:data1\" content=\"\" \/>\n\t<meta name=\"twitter:label2\" content=\"Availability\" \/>\n\t<meta name=\"twitter:data2\" content=\"In stock\" \/>\n<script type=\"application\/ld+json\" class=\"yoast-schema-graph\">{\"@context\":\"https:\\\/\\\/schema.org\",\"@graph\":[{\"@type\":[\"WebPage\",\"ItemPage\"],\"@id\":\"https:\\\/\\\/cappiello.fr\\\/en\\\/produit\\\/code-dhonneur-des-compagnons\\\/\",\"url\":\"https:\\\/\\\/cappiello.fr\\\/en\\\/produit\\\/code-dhonneur-des-compagnons\\\/\",\"name\":\"Code d'honneur des Compagnons - Catalogue Raisonn\u00e9 de Leonetto Cappiello\",\"isPartOf\":{\"@id\":\"https:\\\/\\\/cappiello.fr\\\/en\\\/#website\"},\"primaryImageOfPage\":{\"@id\":\"https:\\\/\\\/cappiello.fr\\\/en\\\/produit\\\/code-dhonneur-des-compagnons\\\/#primaryimage\"},\"image\":{\"@id\":\"https:\\\/\\\/cappiello.fr\\\/en\\\/produit\\\/code-dhonneur-des-compagnons\\\/#primaryimage\"},\"thumbnailUrl\":\"https:\\\/\\\/cappiello.fr\\\/wp-content\\\/uploads\\\/2024\\\/10\\\/Esquisse-affiche-publicitaire-code-dhonneur-des-compagnons-cappiello-1937.jpg\",\"datePublished\":\"1937-01-01T00:00:00+00:00\",\"dateModified\":\"2025-07-25T17:20:15+00:00\",\"description\":\"Une femme tenant le drapeau fran\u00e7ais contre son coeur se trouve au milieu de seize m\u00e9daillons entour\u00e9s de feuilles de laurier. Chacun contient un devoir du Compagnon illustr\u00e9. On peut lire de gauche \u00e0 droite et de haut en bas : - \\\"Au service de la France\\\" - \\\"Uni \u00e0 tes Compagnons\\\" - \\\"Loyal \u00e0 tes chefs\\\" - \\\"Tenace au travail\\\" - \\\"Entra\u00eene chaque jour ton corps\\\" - \\\"Entreprends hardiment Ach\u00e8ve la t\u00e2che commenc\u00e9e\\\" - \\\"Pr\u00eate la main \u00e0 tous\\\" - \\\"Sache que l'argent est corrupteur\\\" - \\\"Parle franc. Tiens parole\\\" - \\\"Sois gai sobre et propre\\\" - \\\"Chevaleresque \u00e0 l'\u00e9gard des femmes\\\" - \\\"Respectueux avec ta famille\\\" - \\\"Approfondis ta foi - Eclaire ta conviction\\\" - \\\"Ecoute, cherche \u00e0 comprendre\\\" - \\\"Sans piti\u00e9 pour la mollesse et la l\u00e2chet\u00e9\\\" - \\\"Combats pour \u00eatre un homme\\\"\",\"breadcrumb\":{\"@id\":\"https:\\\/\\\/cappiello.fr\\\/en\\\/produit\\\/code-dhonneur-des-compagnons\\\/#breadcrumb\"},\"inLanguage\":\"en-US\",\"potentialAction\":[{\"@type\":\"ReadAction\",\"target\":[\"https:\\\/\\\/cappiello.fr\\\/en\\\/produit\\\/code-dhonneur-des-compagnons\\\/\"]}]},{\"@type\":\"ImageObject\",\"inLanguage\":\"en-US\",\"@id\":\"https:\\\/\\\/cappiello.fr\\\/en\\\/produit\\\/code-dhonneur-des-compagnons\\\/#primaryimage\",\"url\":\"https:\\\/\\\/cappiello.fr\\\/wp-content\\\/uploads\\\/2024\\\/10\\\/Esquisse-affiche-publicitaire-code-dhonneur-des-compagnons-cappiello-1937.jpg\",\"contentUrl\":\"https:\\\/\\\/cappiello.fr\\\/wp-content\\\/uploads\\\/2024\\\/10\\\/Esquisse-affiche-publicitaire-code-dhonneur-des-compagnons-cappiello-1937.jpg\",\"width\":586,\"height\":799,\"caption\":\"Code of honor\"},{\"@type\":\"BreadcrumbList\",\"@id\":\"https:\\\/\\\/cappiello.fr\\\/en\\\/produit\\\/code-dhonneur-des-compagnons\\\/#breadcrumb\",\"itemListElement\":[{\"@type\":\"ListItem\",\"position\":1,\"name\":\"Accueil\",\"item\":\"https:\\\/\\\/cappiello.fr\\\/en\\\/\"},{\"@type\":\"ListItem\",\"position\":2,\"name\":\"The works\",\"item\":\"https:\\\/\\\/cappiello.fr\\\/en\\\/the-works\\\/\"},{\"@type\":\"ListItem\",\"position\":3,\"name\":\"Code d&#8217;honneur des Compagnons\"}]},{\"@type\":\"WebSite\",\"@id\":\"https:\\\/\\\/cappiello.fr\\\/en\\\/#website\",\"url\":\"https:\\\/\\\/cappiello.fr\\\/en\\\/\",\"name\":\"Catalogue raisonn\u00e9 de Leonetto Cappiello\",\"description\":\"Plongez dans l&#039;univers de Leonetto Cappiello, le p\u00e8re de la publicit\u00e9 moderne\",\"potentialAction\":[{\"@type\":\"SearchAction\",\"target\":{\"@type\":\"EntryPoint\",\"urlTemplate\":\"https:\\\/\\\/cappiello.fr\\\/en\\\/?s={search_term_string}\"},\"query-input\":{\"@type\":\"PropertyValueSpecification\",\"valueRequired\":true,\"valueName\":\"search_term_string\"}}],\"inLanguage\":\"en-US\"}]}<\/script>\n<meta property=\"product:price:currency\" content=\"EUR\" \/>\n<meta property=\"og:availability\" content=\"instock\" \/>\n<meta property=\"product:availability\" content=\"instock\" \/>\n<meta property=\"product:retailer_item_id\" content=\"1937204E0\" \/>\n<meta property=\"product:condition\" content=\"new\" \/>\n<!-- \/ Yoast SEO Premium plugin. -->","yoast_head_json":{"title":"Code d'honneur des Compagnons - Catalogue Raisonn\u00e9 de Leonetto Cappiello","description":"Une femme tenant le drapeau fran\u00e7ais contre son coeur se trouve au milieu de seize m\u00e9daillons entour\u00e9s de feuilles de laurier. Chacun contient un devoir du Compagnon illustr\u00e9. On peut lire de gauche \u00e0 droite et de haut en bas : - \"Au service de la France\" - \"Uni \u00e0 tes Compagnons\" - \"Loyal \u00e0 tes chefs\" - \"Tenace au travail\" - \"Entra\u00eene chaque jour ton corps\" - \"Entreprends hardiment Ach\u00e8ve la t\u00e2che commenc\u00e9e\" - \"Pr\u00eate la main \u00e0 tous\" - \"Sache que l'argent est corrupteur\" - \"Parle franc. Tiens parole\" - \"Sois gai sobre et propre\" - \"Chevaleresque \u00e0 l'\u00e9gard des femmes\" - \"Respectueux avec ta famille\" - \"Approfondis ta foi - Eclaire ta conviction\" - \"Ecoute, cherche \u00e0 comprendre\" - \"Sans piti\u00e9 pour la mollesse et la l\u00e2chet\u00e9\" - \"Combats pour \u00eatre un homme\"","robots":{"index":"index","follow":"follow","max-snippet":"max-snippet:-1","max-image-preview":"max-image-preview:large","max-video-preview":"max-video-preview:-1"},"canonical":"https:\/\/cappiello.fr\/en\/produit\/code-dhonneur-des-compagnons\/","og_locale":"en_US","og_type":"article","og_title":"Code d'honneur des Compagnons","og_description":"Une femme tenant le drapeau fran\u00e7ais contre son coeur se trouve au milieu de seize m\u00e9daillons entour\u00e9s de feuilles de laurier. Chacun contient un devoir du Compagnon illustr\u00e9. On peut lire de gauche \u00e0 droite et de haut en bas : - \"Au service de la France\" - \"Uni \u00e0 tes Compagnons\" - \"Loyal \u00e0 tes chefs\" - \"Tenace au travail\" - \"Entra\u00eene chaque jour ton corps\" - \"Entreprends hardiment Ach\u00e8ve la t\u00e2che commenc\u00e9e\" - \"Pr\u00eate la main \u00e0 tous\" - \"Sache que l'argent est corrupteur\" - \"Parle franc. Tiens parole\" - \"Sois gai sobre et propre\" - \"Chevaleresque \u00e0 l'\u00e9gard des femmes\" - \"Respectueux avec ta famille\" - \"Approfondis ta foi - Eclaire ta conviction\" - \"Ecoute, cherche \u00e0 comprendre\" - \"Sans piti\u00e9 pour la mollesse et la l\u00e2chet\u00e9\" - \"Combats pour \u00eatre un homme\"","og_url":"https:\/\/cappiello.fr\/en\/produit\/code-dhonneur-des-compagnons\/","og_site_name":"Catalogue raisonn\u00e9 de Leonetto Cappiello","article_modified_time":"2025-07-25T17:20:15+00:00","og_image":[{"width":586,"height":799,"url":"https:\/\/cappiello.fr\/wp-content\/uploads\/2024\/10\/Esquisse-affiche-publicitaire-code-dhonneur-des-compagnons-cappiello-1937.jpg","type":"image\/jpeg"}],"twitter_card":"summary_large_image","twitter_title":"Code d'honneur des Compagnons","twitter_description":"Une femme tenant le drapeau fran\u00e7ais contre son coeur se trouve au milieu de seize m\u00e9daillons entour\u00e9s de feuilles de laurier. Chacun contient un devoir du Compagnon illustr\u00e9. On peut lire de gauche \u00e0 droite et de haut en bas : - \"Au service de la France\" - \"Uni \u00e0 tes Compagnons\" - \"Loyal \u00e0 tes chefs\" - \"Tenace au travail\" - \"Entra\u00eene chaque jour ton corps\" - \"Entreprends hardiment Ach\u00e8ve la t\u00e2che commenc\u00e9e\" - \"Pr\u00eate la main \u00e0 tous\" - \"Sache que l'argent est corrupteur\" - \"Parle franc. Tiens parole\" - \"Sois gai sobre et propre\" - \"Chevaleresque \u00e0 l'\u00e9gard des femmes\" - \"Respectueux avec ta famille\" - \"Approfondis ta foi - Eclaire ta conviction\" - \"Ecoute, cherche \u00e0 comprendre\" - \"Sans piti\u00e9 pour la mollesse et la l\u00e2chet\u00e9\" - \"Combats pour \u00eatre un homme\"","twitter_misc":{"Price":"","Availability":"In stock"},"schema":{"@context":"https:\/\/schema.org","@graph":[{"@type":["WebPage","ItemPage"],"@id":"https:\/\/cappiello.fr\/en\/produit\/code-dhonneur-des-compagnons\/","url":"https:\/\/cappiello.fr\/en\/produit\/code-dhonneur-des-compagnons\/","name":"Code d'honneur des Compagnons - Catalogue Raisonn\u00e9 de Leonetto Cappiello","isPartOf":{"@id":"https:\/\/cappiello.fr\/en\/#website"},"primaryImageOfPage":{"@id":"https:\/\/cappiello.fr\/en\/produit\/code-dhonneur-des-compagnons\/#primaryimage"},"image":{"@id":"https:\/\/cappiello.fr\/en\/produit\/code-dhonneur-des-compagnons\/#primaryimage"},"thumbnailUrl":"https:\/\/cappiello.fr\/wp-content\/uploads\/2024\/10\/Esquisse-affiche-publicitaire-code-dhonneur-des-compagnons-cappiello-1937.jpg","datePublished":"1937-01-01T00:00:00+00:00","dateModified":"2025-07-25T17:20:15+00:00","description":"Une femme tenant le drapeau fran\u00e7ais contre son coeur se trouve au milieu de seize m\u00e9daillons entour\u00e9s de feuilles de laurier. Chacun contient un devoir du Compagnon illustr\u00e9. On peut lire de gauche \u00e0 droite et de haut en bas : - \"Au service de la France\" - \"Uni \u00e0 tes Compagnons\" - \"Loyal \u00e0 tes chefs\" - \"Tenace au travail\" - \"Entra\u00eene chaque jour ton corps\" - \"Entreprends hardiment Ach\u00e8ve la t\u00e2che commenc\u00e9e\" - \"Pr\u00eate la main \u00e0 tous\" - \"Sache que l'argent est corrupteur\" - \"Parle franc. Tiens parole\" - \"Sois gai sobre et propre\" - \"Chevaleresque \u00e0 l'\u00e9gard des femmes\" - \"Respectueux avec ta famille\" - \"Approfondis ta foi - Eclaire ta conviction\" - \"Ecoute, cherche \u00e0 comprendre\" - \"Sans piti\u00e9 pour la mollesse et la l\u00e2chet\u00e9\" - \"Combats pour \u00eatre un homme\"","breadcrumb":{"@id":"https:\/\/cappiello.fr\/en\/produit\/code-dhonneur-des-compagnons\/#breadcrumb"},"inLanguage":"en-US","potentialAction":[{"@type":"ReadAction","target":["https:\/\/cappiello.fr\/en\/produit\/code-dhonneur-des-compagnons\/"]}]},{"@type":"ImageObject","inLanguage":"en-US","@id":"https:\/\/cappiello.fr\/en\/produit\/code-dhonneur-des-compagnons\/#primaryimage","url":"https:\/\/cappiello.fr\/wp-content\/uploads\/2024\/10\/Esquisse-affiche-publicitaire-code-dhonneur-des-compagnons-cappiello-1937.jpg","contentUrl":"https:\/\/cappiello.fr\/wp-content\/uploads\/2024\/10\/Esquisse-affiche-publicitaire-code-dhonneur-des-compagnons-cappiello-1937.jpg","width":586,"height":799,"caption":"Code of honor"},{"@type":"BreadcrumbList","@id":"https:\/\/cappiello.fr\/en\/produit\/code-dhonneur-des-compagnons\/#breadcrumb","itemListElement":[{"@type":"ListItem","position":1,"name":"Accueil","item":"https:\/\/cappiello.fr\/en\/"},{"@type":"ListItem","position":2,"name":"The works","item":"https:\/\/cappiello.fr\/en\/the-works\/"},{"@type":"ListItem","position":3,"name":"Code d&#8217;honneur des Compagnons"}]},{"@type":"WebSite","@id":"https:\/\/cappiello.fr\/en\/#website","url":"https:\/\/cappiello.fr\/en\/","name":"Catalogue raisonn\u00e9 de Leonetto Cappiello","description":"Plongez dans l&#039;univers de Leonetto Cappiello, le p\u00e8re de la publicit\u00e9 moderne","potentialAction":[{"@type":"SearchAction","target":{"@type":"EntryPoint","urlTemplate":"https:\/\/cappiello.fr\/en\/?s={search_term_string}"},"query-input":{"@type":"PropertyValueSpecification","valueRequired":true,"valueName":"search_term_string"}}],"inLanguage":"en-US"}]},"product_price_currency":"EUR","og_availability":"instock","product_availability":"instock","product_retailer_item_id":"1937204E0","product_condition":"new"},"_links":{"self":[{"href":"https:\/\/cappiello.fr\/en\/wp-json\/wp\/v2\/product\/132040","targetHints":{"allow":["GET"]}}],"collection":[{"href":"https:\/\/cappiello.fr\/en\/wp-json\/wp\/v2\/product"}],"about":[{"href":"https:\/\/cappiello.fr\/en\/wp-json\/wp\/v2\/types\/product"}],"wp:featuredmedia":[{"embeddable":true,"href":"https:\/\/cappiello.fr\/en\/wp-json\/wp\/v2\/media\/132042"}],"wp:attachment":[{"href":"https:\/\/cappiello.fr\/en\/wp-json\/wp\/v2\/media?parent=132040"}],"wp:term":[{"taxonomy":"type-doeuvre","embeddable":true,"href":"https:\/\/cappiello.fr\/en\/wp-json\/wp\/v2\/type-doeuvre?post=132040"},{"taxonomy":"product_brand","embeddable":true,"href":"https:\/\/cappiello.fr\/en\/wp-json\/wp\/v2\/product_brand?post=132040"},{"taxonomy":"product_cat","embeddable":true,"href":"https:\/\/cappiello.fr\/en\/wp-json\/wp\/v2\/product_cat?post=132040"},{"taxonomy":"product_tag","embeddable":true,"href":"https:\/\/cappiello.fr\/en\/wp-json\/wp\/v2\/product_tag?post=132040"}],"curies":[{"name":"wp","href":"https:\/\/api.w.org\/{rel}","templated":true}]}}