{"id":132051,"date":"1904-01-01T00:00:00","date_gmt":"1903-12-31T23:50:39","guid":{"rendered":"https:\/\/cappiello.fr\/produit\/nouilles-macaronis\/"},"modified":"2025-05-14T23:46:59","modified_gmt":"2025-05-14T21:46:59","slug":"nouilles-macaronis","status":"publish","type":"product","link":"https:\/\/cappiello.fr\/en\/produit\/nouilles-macaronis\/","title":{"rendered":"Nouilles. Macaronis"},"content":{"rendered":"<p>Twelve entertainment celebrities endorse this product. From left to right: Mouney-Sully, Eve Lavalli\u00e8re, Baron, Jane Hading, Coquelin Ain\u00e9, R\u00e9jane, Albert Brasseur, Charles Le Bargy, Jeanne Granier, Lucien Guitry, Coquelin cadet, Marthe Brand\u00e8s.  <\/p>\n<p>&#8220;Cappiello gathers a prestigious cast for the advertisement of <em>P\u00e2tes Ferrari<\/em>. The troupe of celebrities featured in this poster closely resembles the latest drawing published in the 70 Dessins de Cappiello, depicting a tour departure. At the center, Coquelin A\u00een\u00e9 and R\u00e9jane form the axis around which the poster&#8217;s composition is balanced. As in <em>Les Magasins des Cordeliers<\/em>, Cappiello uses the artists as advertising endorsements. Each of them holds a package of pasta. These two posters were created in quick succession\u2014<em>Ferrari<\/em> in January 1904, <em>Les Cordeliers<\/em> in March of the same year. Cappiello was among the first to use personalities to promote everyday products, thus transforming them into premium commodities, as they were endorsed by an elite.&#8221;<br \/>\n[in Cappiello 1875-1942: Caricatures, Posters, Paintings, and Decorative Projects, 1981]<\/p>\n","protected":false},"excerpt":{"rendered":"<p>Egg pasta with vegetables from \u00c9tablissements Ferrari<\/p>\n","protected":false},"featured_media":134444,"template":"","meta":{"_acf_changed":false},"type-doeuvre":[4057],"product_brand":[],"product_cat":[3494],"product_tag":[3460,3825,3300,3250,3318],"class_list":{"0":"post-132051","1":"product","2":"type-product","3":"status-publish","4":"has-post-thumbnail","6":"type-doeuvre-affiches","7":"product_cat-flour-based-products","8":"product_tag-plate-en-4","9":"product_tag-actress","10":"product_tag-show-en-2","11":"product_tag-hat","12":"product_tag-woman-en-2","13":"pa_periode-1900-1918-en","14":"pa_type-de-contenu-lithography","16":"first","17":"instock","18":"virtual","19":"product-type-simple"},"acf":[],"yoast_head":"<!-- This site is optimized with the Yoast SEO Premium plugin v27.0 (Yoast SEO v27.4) - https:\/\/yoast.com\/product\/yoast-seo-premium-wordpress\/ -->\n<title>Nouilles. Macaronis - Catalogue Raisonn\u00e9 de Leonetto Cappiello<\/title>\n<meta name=\"description\" content=\"Twelve entertainment celebrities endorse this product. From left to right: Mouney-Sully, Eve Lavalli\u00e8re, Baron, Jane Hading, Coquelin Ain\u00e9, R\u00e9jane, Albert Brasseur, Charles Le Bargy, Jeanne Granier, Lucien Guitry, Coquelin cadet, Marthe Brand\u00e8s. &quot;Cappiello brings together a prestigious cast for the advertisement of Ferrari Pasta. The troupe of celebrities featured in this poster is very close to the last drawing published in the 70 Drawings of Cappiello, illustrating a departure on tour. At the center, Coquelin A\u00een\u00e9 and R\u00e9jane form the axis around which the poster&#039;s composition is balanced. As in Les Magasins des Cordeliers, Cappiello uses the artists as advertising support. Each of them holds a packet of pasta. These two posters follow immediately, Ferrari was made in January 1904, Les Cordeliers in March of the same year. Cappiello is one of the first to use personalities to promote everyday products, thus performing a transmutation into choice merchandise, as they are endorsed by an elite.&quot; [in Cappiello 1875-1942: Caricatures, Posters, Paintings and Decorative Projects, 1981]\" \/>\n<meta name=\"robots\" content=\"index, follow, max-snippet:-1, max-image-preview:large, max-video-preview:-1\" \/>\n<link rel=\"canonical\" href=\"https:\/\/cappiello.fr\/en\/produit\/nouilles-macaronis\/\" \/>\n<meta property=\"og:locale\" content=\"en_US\" \/>\n<meta property=\"og:type\" content=\"article\" \/>\n<meta property=\"og:title\" content=\"Nouilles. Macaronis\" \/>\n<meta property=\"og:description\" content=\"Twelve entertainment celebrities endorse this product. From left to right: Mouney-Sully, Eve Lavalli\u00e8re, Baron, Jane Hading, Coquelin Ain\u00e9, R\u00e9jane, Albert Brasseur, Charles Le Bargy, Jeanne Granier, Lucien Guitry, Coquelin cadet, Marthe Brand\u00e8s. &quot;Cappiello brings together a prestigious cast for the advertisement of Ferrari Pasta. The troupe of celebrities featured in this poster is very close to the last drawing published in the 70 Drawings of Cappiello, illustrating a departure on tour. At the center, Coquelin A\u00een\u00e9 and R\u00e9jane form the axis around which the poster&#039;s composition is balanced. As in Les Magasins des Cordeliers, Cappiello uses the artists as advertising support. Each of them holds a packet of pasta. These two posters follow immediately, Ferrari was made in January 1904, Les Cordeliers in March of the same year. Cappiello is one of the first to use personalities to promote everyday products, thus performing a transmutation into choice merchandise, as they are endorsed by an elite.&quot; [in Cappiello 1875-1942: Caricatures, Posters, Paintings and Decorative Projects, 1981]\" \/>\n<meta property=\"og:url\" content=\"https:\/\/cappiello.fr\/en\/produit\/nouilles-macaronis\/\" \/>\n<meta property=\"og:site_name\" content=\"Catalogue raisonn\u00e9 de Leonetto Cappiello\" \/>\n<meta property=\"article:modified_time\" content=\"2025-05-14T21:46:59+00:00\" \/>\n<meta property=\"og:image\" content=\"https:\/\/cappiello.fr\/wp-content\/uploads\/2024\/10\/Lithographie-affiche-publicitaire-nouilles-macaronis-cappiello-1904.jpg\" \/>\n\t<meta property=\"og:image:width\" content=\"800\" \/>\n\t<meta property=\"og:image:height\" content=\"589\" \/>\n\t<meta property=\"og:image:type\" content=\"image\/jpeg\" \/>\n<meta name=\"twitter:card\" content=\"summary_large_image\" \/>\n<meta name=\"twitter:title\" content=\"Nouilles. Macaronis\" \/>\n<meta name=\"twitter:description\" content=\"Twelve entertainment celebrities endorse this product. From left to right: Mouney-Sully, Eve Lavalli\u00e8re, Baron, Jane Hading, Coquelin Ain\u00e9, R\u00e9jane, Albert Brasseur, Charles Le Bargy, Jeanne Granier, Lucien Guitry, Coquelin cadet, Marthe Brand\u00e8s. &quot;Cappiello brings together a prestigious cast for the advertisement of Ferrari Pasta. The troupe of celebrities featured in this poster is very close to the last drawing published in the 70 Drawings of Cappiello, illustrating a departure on tour. At the center, Coquelin A\u00een\u00e9 and R\u00e9jane form the axis around which the poster&#039;s composition is balanced. As in Les Magasins des Cordeliers, Cappiello uses the artists as advertising support. Each of them holds a packet of pasta. These two posters follow immediately, Ferrari was made in January 1904, Les Cordeliers in March of the same year. Cappiello is one of the first to use personalities to promote everyday products, thus performing a transmutation into choice merchandise, as they are endorsed by an elite.&quot; [in Cappiello 1875-1942: Caricatures, Posters, Paintings and Decorative Projects, 1981]\" \/>\n<meta name=\"twitter:label1\" content=\"Price\" \/>\n\t<meta name=\"twitter:data1\" content=\"\" \/>\n\t<meta name=\"twitter:label2\" content=\"Availability\" \/>\n\t<meta name=\"twitter:data2\" content=\"In stock\" \/>\n<script type=\"application\/ld+json\" class=\"yoast-schema-graph\">{\"@context\":\"https:\\\/\\\/schema.org\",\"@graph\":[{\"@type\":[\"WebPage\",\"ItemPage\"],\"@id\":\"https:\\\/\\\/cappiello.fr\\\/en\\\/produit\\\/nouilles-macaronis\\\/\",\"url\":\"https:\\\/\\\/cappiello.fr\\\/en\\\/produit\\\/nouilles-macaronis\\\/\",\"name\":\"Nouilles. Macaronis - Catalogue Raisonn\u00e9 de Leonetto Cappiello\",\"isPartOf\":{\"@id\":\"https:\\\/\\\/cappiello.fr\\\/en\\\/#website\"},\"primaryImageOfPage\":{\"@id\":\"https:\\\/\\\/cappiello.fr\\\/en\\\/produit\\\/nouilles-macaronis\\\/#primaryimage\"},\"image\":{\"@id\":\"https:\\\/\\\/cappiello.fr\\\/en\\\/produit\\\/nouilles-macaronis\\\/#primaryimage\"},\"thumbnailUrl\":\"https:\\\/\\\/cappiello.fr\\\/wp-content\\\/uploads\\\/2024\\\/10\\\/Lithographie-affiche-publicitaire-nouilles-macaronis-cappiello-1904.jpg\",\"datePublished\":\"1903-12-31T23:50:39+00:00\",\"dateModified\":\"2025-05-14T21:46:59+00:00\",\"description\":\"Twelve entertainment celebrities endorse this product. From left to right: Mouney-Sully, Eve Lavalli\u00e8re, Baron, Jane Hading, Coquelin Ain\u00e9, R\u00e9jane, Albert Brasseur, Charles Le Bargy, Jeanne Granier, Lucien Guitry, Coquelin cadet, Marthe Brand\u00e8s. \\\"Cappiello brings together a prestigious cast for the advertisement of Ferrari Pasta. The troupe of celebrities featured in this poster is very close to the last drawing published in the 70 Drawings of Cappiello, illustrating a departure on tour. At the center, Coquelin A\u00een\u00e9 and R\u00e9jane form the axis around which the poster's composition is balanced. As in Les Magasins des Cordeliers, Cappiello uses the artists as advertising support. Each of them holds a packet of pasta. These two posters follow immediately, Ferrari was made in January 1904, Les Cordeliers in March of the same year. Cappiello is one of the first to use personalities to promote everyday products, thus performing a transmutation into choice merchandise, as they are endorsed by an elite.\\\" [in Cappiello 1875-1942: Caricatures, Posters, Paintings and Decorative Projects, 1981]\",\"breadcrumb\":{\"@id\":\"https:\\\/\\\/cappiello.fr\\\/en\\\/produit\\\/nouilles-macaronis\\\/#breadcrumb\"},\"inLanguage\":\"en-US\",\"potentialAction\":[{\"@type\":\"ReadAction\",\"target\":[\"https:\\\/\\\/cappiello.fr\\\/en\\\/produit\\\/nouilles-macaronis\\\/\"]}]},{\"@type\":\"ImageObject\",\"inLanguage\":\"en-US\",\"@id\":\"https:\\\/\\\/cappiello.fr\\\/en\\\/produit\\\/nouilles-macaronis\\\/#primaryimage\",\"url\":\"https:\\\/\\\/cappiello.fr\\\/wp-content\\\/uploads\\\/2024\\\/10\\\/Lithographie-affiche-publicitaire-nouilles-macaronis-cappiello-1904.jpg\",\"contentUrl\":\"https:\\\/\\\/cappiello.fr\\\/wp-content\\\/uploads\\\/2024\\\/10\\\/Lithographie-affiche-publicitaire-nouilles-macaronis-cappiello-1904.jpg\",\"width\":800,\"height\":589,\"caption\":\"Poster for Nouilles - Macaronis Ferrari (1903)\"},{\"@type\":\"BreadcrumbList\",\"@id\":\"https:\\\/\\\/cappiello.fr\\\/en\\\/produit\\\/nouilles-macaronis\\\/#breadcrumb\",\"itemListElement\":[{\"@type\":\"ListItem\",\"position\":1,\"name\":\"Accueil\",\"item\":\"https:\\\/\\\/cappiello.fr\\\/en\\\/\"},{\"@type\":\"ListItem\",\"position\":2,\"name\":\"The works\",\"item\":\"https:\\\/\\\/cappiello.fr\\\/en\\\/the-works\\\/\"},{\"@type\":\"ListItem\",\"position\":3,\"name\":\"Nouilles. Macaronis\"}]},{\"@type\":\"WebSite\",\"@id\":\"https:\\\/\\\/cappiello.fr\\\/en\\\/#website\",\"url\":\"https:\\\/\\\/cappiello.fr\\\/en\\\/\",\"name\":\"Catalogue raisonn\u00e9 de Leonetto Cappiello\",\"description\":\"Plongez dans l&#039;univers de Leonetto Cappiello, le p\u00e8re de la publicit\u00e9 moderne\",\"potentialAction\":[{\"@type\":\"SearchAction\",\"target\":{\"@type\":\"EntryPoint\",\"urlTemplate\":\"https:\\\/\\\/cappiello.fr\\\/en\\\/?s={search_term_string}\"},\"query-input\":{\"@type\":\"PropertyValueSpecification\",\"valueRequired\":true,\"valueName\":\"search_term_string\"}}],\"inLanguage\":\"en-US\"}]}<\/script>\n<meta property=\"product:price:currency\" content=\"EUR\" \/>\n<meta property=\"og:availability\" content=\"instock\" \/>\n<meta property=\"product:availability\" content=\"instock\" \/>\n<meta property=\"product:retailer_item_id\" content=\"1904008Z0\" \/>\n<meta property=\"product:condition\" content=\"new\" \/>\n<!-- \/ Yoast SEO Premium plugin. -->","yoast_head_json":{"title":"Nouilles. Macaronis - Catalogue Raisonn\u00e9 de Leonetto Cappiello","description":"Twelve entertainment celebrities endorse this product. From left to right: Mouney-Sully, Eve Lavalli\u00e8re, Baron, Jane Hading, Coquelin Ain\u00e9, R\u00e9jane, Albert Brasseur, Charles Le Bargy, Jeanne Granier, Lucien Guitry, Coquelin cadet, Marthe Brand\u00e8s. \"Cappiello brings together a prestigious cast for the advertisement of Ferrari Pasta. The troupe of celebrities featured in this poster is very close to the last drawing published in the 70 Drawings of Cappiello, illustrating a departure on tour. At the center, Coquelin A\u00een\u00e9 and R\u00e9jane form the axis around which the poster's composition is balanced. As in Les Magasins des Cordeliers, Cappiello uses the artists as advertising support. Each of them holds a packet of pasta. These two posters follow immediately, Ferrari was made in January 1904, Les Cordeliers in March of the same year. Cappiello is one of the first to use personalities to promote everyday products, thus performing a transmutation into choice merchandise, as they are endorsed by an elite.\" [in Cappiello 1875-1942: Caricatures, Posters, Paintings and Decorative Projects, 1981]","robots":{"index":"index","follow":"follow","max-snippet":"max-snippet:-1","max-image-preview":"max-image-preview:large","max-video-preview":"max-video-preview:-1"},"canonical":"https:\/\/cappiello.fr\/en\/produit\/nouilles-macaronis\/","og_locale":"en_US","og_type":"article","og_title":"Nouilles. Macaronis","og_description":"Twelve entertainment celebrities endorse this product. From left to right: Mouney-Sully, Eve Lavalli\u00e8re, Baron, Jane Hading, Coquelin Ain\u00e9, R\u00e9jane, Albert Brasseur, Charles Le Bargy, Jeanne Granier, Lucien Guitry, Coquelin cadet, Marthe Brand\u00e8s. \"Cappiello brings together a prestigious cast for the advertisement of Ferrari Pasta. The troupe of celebrities featured in this poster is very close to the last drawing published in the 70 Drawings of Cappiello, illustrating a departure on tour. At the center, Coquelin A\u00een\u00e9 and R\u00e9jane form the axis around which the poster's composition is balanced. As in Les Magasins des Cordeliers, Cappiello uses the artists as advertising support. Each of them holds a packet of pasta. These two posters follow immediately, Ferrari was made in January 1904, Les Cordeliers in March of the same year. Cappiello is one of the first to use personalities to promote everyday products, thus performing a transmutation into choice merchandise, as they are endorsed by an elite.\" [in Cappiello 1875-1942: Caricatures, Posters, Paintings and Decorative Projects, 1981]","og_url":"https:\/\/cappiello.fr\/en\/produit\/nouilles-macaronis\/","og_site_name":"Catalogue raisonn\u00e9 de Leonetto Cappiello","article_modified_time":"2025-05-14T21:46:59+00:00","og_image":[{"width":800,"height":589,"url":"https:\/\/cappiello.fr\/wp-content\/uploads\/2024\/10\/Lithographie-affiche-publicitaire-nouilles-macaronis-cappiello-1904.jpg","type":"image\/jpeg"}],"twitter_card":"summary_large_image","twitter_title":"Nouilles. Macaronis","twitter_description":"Twelve entertainment celebrities endorse this product. From left to right: Mouney-Sully, Eve Lavalli\u00e8re, Baron, Jane Hading, Coquelin Ain\u00e9, R\u00e9jane, Albert Brasseur, Charles Le Bargy, Jeanne Granier, Lucien Guitry, Coquelin cadet, Marthe Brand\u00e8s. \"Cappiello brings together a prestigious cast for the advertisement of Ferrari Pasta. The troupe of celebrities featured in this poster is very close to the last drawing published in the 70 Drawings of Cappiello, illustrating a departure on tour. At the center, Coquelin A\u00een\u00e9 and R\u00e9jane form the axis around which the poster's composition is balanced. As in Les Magasins des Cordeliers, Cappiello uses the artists as advertising support. Each of them holds a packet of pasta. These two posters follow immediately, Ferrari was made in January 1904, Les Cordeliers in March of the same year. Cappiello is one of the first to use personalities to promote everyday products, thus performing a transmutation into choice merchandise, as they are endorsed by an elite.\" [in Cappiello 1875-1942: Caricatures, Posters, Paintings and Decorative Projects, 1981]","twitter_misc":{"Price":"","Availability":"In stock"},"schema":{"@context":"https:\/\/schema.org","@graph":[{"@type":["WebPage","ItemPage"],"@id":"https:\/\/cappiello.fr\/en\/produit\/nouilles-macaronis\/","url":"https:\/\/cappiello.fr\/en\/produit\/nouilles-macaronis\/","name":"Nouilles. Macaronis - Catalogue Raisonn\u00e9 de Leonetto Cappiello","isPartOf":{"@id":"https:\/\/cappiello.fr\/en\/#website"},"primaryImageOfPage":{"@id":"https:\/\/cappiello.fr\/en\/produit\/nouilles-macaronis\/#primaryimage"},"image":{"@id":"https:\/\/cappiello.fr\/en\/produit\/nouilles-macaronis\/#primaryimage"},"thumbnailUrl":"https:\/\/cappiello.fr\/wp-content\/uploads\/2024\/10\/Lithographie-affiche-publicitaire-nouilles-macaronis-cappiello-1904.jpg","datePublished":"1903-12-31T23:50:39+00:00","dateModified":"2025-05-14T21:46:59+00:00","description":"Twelve entertainment celebrities endorse this product. From left to right: Mouney-Sully, Eve Lavalli\u00e8re, Baron, Jane Hading, Coquelin Ain\u00e9, R\u00e9jane, Albert Brasseur, Charles Le Bargy, Jeanne Granier, Lucien Guitry, Coquelin cadet, Marthe Brand\u00e8s. \"Cappiello brings together a prestigious cast for the advertisement of Ferrari Pasta. The troupe of celebrities featured in this poster is very close to the last drawing published in the 70 Drawings of Cappiello, illustrating a departure on tour. At the center, Coquelin A\u00een\u00e9 and R\u00e9jane form the axis around which the poster's composition is balanced. As in Les Magasins des Cordeliers, Cappiello uses the artists as advertising support. Each of them holds a packet of pasta. These two posters follow immediately, Ferrari was made in January 1904, Les Cordeliers in March of the same year. Cappiello is one of the first to use personalities to promote everyday products, thus performing a transmutation into choice merchandise, as they are endorsed by an elite.\" [in Cappiello 1875-1942: Caricatures, Posters, Paintings and Decorative Projects, 1981]","breadcrumb":{"@id":"https:\/\/cappiello.fr\/en\/produit\/nouilles-macaronis\/#breadcrumb"},"inLanguage":"en-US","potentialAction":[{"@type":"ReadAction","target":["https:\/\/cappiello.fr\/en\/produit\/nouilles-macaronis\/"]}]},{"@type":"ImageObject","inLanguage":"en-US","@id":"https:\/\/cappiello.fr\/en\/produit\/nouilles-macaronis\/#primaryimage","url":"https:\/\/cappiello.fr\/wp-content\/uploads\/2024\/10\/Lithographie-affiche-publicitaire-nouilles-macaronis-cappiello-1904.jpg","contentUrl":"https:\/\/cappiello.fr\/wp-content\/uploads\/2024\/10\/Lithographie-affiche-publicitaire-nouilles-macaronis-cappiello-1904.jpg","width":800,"height":589,"caption":"Poster for Nouilles - Macaronis Ferrari (1903)"},{"@type":"BreadcrumbList","@id":"https:\/\/cappiello.fr\/en\/produit\/nouilles-macaronis\/#breadcrumb","itemListElement":[{"@type":"ListItem","position":1,"name":"Accueil","item":"https:\/\/cappiello.fr\/en\/"},{"@type":"ListItem","position":2,"name":"The works","item":"https:\/\/cappiello.fr\/en\/the-works\/"},{"@type":"ListItem","position":3,"name":"Nouilles. Macaronis"}]},{"@type":"WebSite","@id":"https:\/\/cappiello.fr\/en\/#website","url":"https:\/\/cappiello.fr\/en\/","name":"Catalogue raisonn\u00e9 de Leonetto Cappiello","description":"Plongez dans l&#039;univers de Leonetto Cappiello, le p\u00e8re de la publicit\u00e9 moderne","potentialAction":[{"@type":"SearchAction","target":{"@type":"EntryPoint","urlTemplate":"https:\/\/cappiello.fr\/en\/?s={search_term_string}"},"query-input":{"@type":"PropertyValueSpecification","valueRequired":true,"valueName":"search_term_string"}}],"inLanguage":"en-US"}]},"product_price_currency":"EUR","og_availability":"instock","product_availability":"instock","product_retailer_item_id":"1904008Z0","product_condition":"new"},"_links":{"self":[{"href":"https:\/\/cappiello.fr\/en\/wp-json\/wp\/v2\/product\/132051","targetHints":{"allow":["GET"]}}],"collection":[{"href":"https:\/\/cappiello.fr\/en\/wp-json\/wp\/v2\/product"}],"about":[{"href":"https:\/\/cappiello.fr\/en\/wp-json\/wp\/v2\/types\/product"}],"wp:featuredmedia":[{"embeddable":true,"href":"https:\/\/cappiello.fr\/en\/wp-json\/wp\/v2\/media\/134444"}],"wp:attachment":[{"href":"https:\/\/cappiello.fr\/en\/wp-json\/wp\/v2\/media?parent=132051"}],"wp:term":[{"taxonomy":"type-doeuvre","embeddable":true,"href":"https:\/\/cappiello.fr\/en\/wp-json\/wp\/v2\/type-doeuvre?post=132051"},{"taxonomy":"product_brand","embeddable":true,"href":"https:\/\/cappiello.fr\/en\/wp-json\/wp\/v2\/product_brand?post=132051"},{"taxonomy":"product_cat","embeddable":true,"href":"https:\/\/cappiello.fr\/en\/wp-json\/wp\/v2\/product_cat?post=132051"},{"taxonomy":"product_tag","embeddable":true,"href":"https:\/\/cappiello.fr\/en\/wp-json\/wp\/v2\/product_tag?post=132051"}],"curies":[{"name":"wp","href":"https:\/\/api.w.org\/{rel}","templated":true}]}}