{"id":132057,"date":"1912-01-01T00:00:00","date_gmt":"1912-01-01T00:00:00","guid":{"rendered":"https:\/\/cappiello.fr\/produit\/adriano-ramos-pinto\/"},"modified":"2025-05-22T10:27:11","modified_gmt":"2025-05-22T08:27:11","slug":"adriano-ramos-pinto","status":"publish","type":"product","link":"https:\/\/cappiello.fr\/en\/produit\/adriano-ramos-pinto\/","title":{"rendered":"Adriano Ramos Pinto"},"content":{"rendered":"<p>A giant, crowned with laurels, cradles in his arms a bottle of port that is his size. Little elves, each carrying a bottle, pass quietly between his legs. This Port wine is the best of all, says the poster.<br \/>\n<Br>The giant represents Adriano Ramos Pinto! He lets the elves who are his competitors pass. But too small, they don&#8217;t bother him if they don&#8217;t do stupid things. His right foot is still threatening.<\/p>\n","protected":false},"excerpt":{"rendered":"<p>Port Wine<\/p>\n","protected":false},"featured_media":132059,"template":"","meta":{"_acf_changed":false},"type-doeuvre":[4057],"product_brand":[],"product_cat":[3571],"product_tag":[3290,3301,3260,3357],"class_list":{"0":"post-132057","1":"product","2":"type-product","3":"status-publish","4":"has-post-thumbnail","6":"type-doeuvre-affiches","7":"product_cat-wines","8":"product_tag-mustache-en","9":"product_tag-show-en-3","10":"product_tag-sun-en-3","11":"product_tag-pannier-dress-en","12":"pa_periode-1900-1918-en","13":"pa_type-de-contenu-lithography","15":"first","16":"instock","17":"virtual","18":"product-type-simple"},"acf":[],"yoast_head":"<!-- This site is optimized with the Yoast SEO Premium plugin v27.0 (Yoast SEO v27.4) - https:\/\/yoast.com\/product\/yoast-seo-premium-wordpress\/ -->\n<title>Adriano Ramos Pinto - Catalogue Raisonn\u00e9 de Leonetto Cappiello<\/title>\n<meta name=\"description\" content=\"A giant, crowned with laurels, cradles in his arms a bottle of port his size. Small elves, each carrying a bottle, pass between his legs. This port wine is the best of all, says the poster. It is worthy of a giant!\" \/>\n<meta name=\"robots\" content=\"index, follow, max-snippet:-1, max-image-preview:large, max-video-preview:-1\" \/>\n<link rel=\"canonical\" href=\"https:\/\/cappiello.fr\/en\/produit\/adriano-ramos-pinto\/\" \/>\n<meta property=\"og:locale\" content=\"en_US\" \/>\n<meta property=\"og:type\" content=\"article\" \/>\n<meta property=\"og:title\" content=\"Adriano Ramos Pinto\" \/>\n<meta property=\"og:description\" content=\"A giant, crowned with laurels, cradles in his arms a bottle of port his size. Small elves, each carrying a bottle, pass between his legs. This port wine is the best of all, says the poster. It is worthy of a giant!\" \/>\n<meta property=\"og:url\" content=\"https:\/\/cappiello.fr\/en\/produit\/adriano-ramos-pinto\/\" \/>\n<meta property=\"og:site_name\" content=\"Catalogue raisonn\u00e9 de Leonetto Cappiello\" \/>\n<meta property=\"article:modified_time\" content=\"2025-05-22T08:27:11+00:00\" \/>\n<meta property=\"og:image\" content=\"https:\/\/cappiello.fr\/wp-content\/uploads\/2024\/10\/Lithographie-affiche-publicitaire-adriano-ramos-pinto-cappiello-1912.jpg\" \/>\n\t<meta property=\"og:image:width\" content=\"516\" \/>\n\t<meta property=\"og:image:height\" content=\"800\" \/>\n\t<meta property=\"og:image:type\" content=\"image\/jpeg\" \/>\n<meta name=\"twitter:card\" content=\"summary_large_image\" \/>\n<meta name=\"twitter:title\" content=\"Adriano Ramos Pinto\" \/>\n<meta name=\"twitter:description\" content=\"A giant, crowned with laurels, cradles in his arms a bottle of port his size. Small elves, each carrying a bottle, pass between his legs. This port wine is the best of all, says the poster. It is worthy of a giant!\" \/>\n<meta name=\"twitter:label1\" content=\"Price\" \/>\n\t<meta name=\"twitter:data1\" content=\"\" \/>\n\t<meta name=\"twitter:label2\" content=\"Availability\" \/>\n\t<meta name=\"twitter:data2\" content=\"In stock\" \/>\n<script type=\"application\/ld+json\" class=\"yoast-schema-graph\">{\"@context\":\"https:\\\/\\\/schema.org\",\"@graph\":[{\"@type\":[\"WebPage\",\"ItemPage\"],\"@id\":\"https:\\\/\\\/cappiello.fr\\\/en\\\/produit\\\/adriano-ramos-pinto\\\/\",\"url\":\"https:\\\/\\\/cappiello.fr\\\/en\\\/produit\\\/adriano-ramos-pinto\\\/\",\"name\":\"Adriano Ramos Pinto - Catalogue Raisonn\u00e9 de Leonetto Cappiello\",\"isPartOf\":{\"@id\":\"https:\\\/\\\/cappiello.fr\\\/en\\\/#website\"},\"primaryImageOfPage\":{\"@id\":\"https:\\\/\\\/cappiello.fr\\\/en\\\/produit\\\/adriano-ramos-pinto\\\/#primaryimage\"},\"image\":{\"@id\":\"https:\\\/\\\/cappiello.fr\\\/en\\\/produit\\\/adriano-ramos-pinto\\\/#primaryimage\"},\"thumbnailUrl\":\"https:\\\/\\\/cappiello.fr\\\/wp-content\\\/uploads\\\/2024\\\/10\\\/Lithographie-affiche-publicitaire-adriano-ramos-pinto-cappiello-1912.jpg\",\"datePublished\":\"1912-01-01T00:00:00+00:00\",\"dateModified\":\"2025-05-22T08:27:11+00:00\",\"description\":\"A giant, crowned with laurels, cradles in his arms a bottle of port his size. Small elves, each carrying a bottle, pass between his legs. This port wine is the best of all, says the poster. It is worthy of a giant!\",\"breadcrumb\":{\"@id\":\"https:\\\/\\\/cappiello.fr\\\/en\\\/produit\\\/adriano-ramos-pinto\\\/#breadcrumb\"},\"inLanguage\":\"en-US\",\"potentialAction\":[{\"@type\":\"ReadAction\",\"target\":[\"https:\\\/\\\/cappiello.fr\\\/en\\\/produit\\\/adriano-ramos-pinto\\\/\"]}]},{\"@type\":\"ImageObject\",\"inLanguage\":\"en-US\",\"@id\":\"https:\\\/\\\/cappiello.fr\\\/en\\\/produit\\\/adriano-ramos-pinto\\\/#primaryimage\",\"url\":\"https:\\\/\\\/cappiello.fr\\\/wp-content\\\/uploads\\\/2024\\\/10\\\/Lithographie-affiche-publicitaire-adriano-ramos-pinto-cappiello-1912.jpg\",\"contentUrl\":\"https:\\\/\\\/cappiello.fr\\\/wp-content\\\/uploads\\\/2024\\\/10\\\/Lithographie-affiche-publicitaire-adriano-ramos-pinto-cappiello-1912.jpg\",\"width\":516,\"height\":800,\"caption\":\"Port wine\"},{\"@type\":\"BreadcrumbList\",\"@id\":\"https:\\\/\\\/cappiello.fr\\\/en\\\/produit\\\/adriano-ramos-pinto\\\/#breadcrumb\",\"itemListElement\":[{\"@type\":\"ListItem\",\"position\":1,\"name\":\"Accueil\",\"item\":\"https:\\\/\\\/cappiello.fr\\\/en\\\/\"},{\"@type\":\"ListItem\",\"position\":2,\"name\":\"The works\",\"item\":\"https:\\\/\\\/cappiello.fr\\\/en\\\/the-works\\\/\"},{\"@type\":\"ListItem\",\"position\":3,\"name\":\"Adriano Ramos Pinto\"}]},{\"@type\":\"WebSite\",\"@id\":\"https:\\\/\\\/cappiello.fr\\\/en\\\/#website\",\"url\":\"https:\\\/\\\/cappiello.fr\\\/en\\\/\",\"name\":\"Catalogue raisonn\u00e9 de Leonetto Cappiello\",\"description\":\"Plongez dans l&#039;univers de Leonetto Cappiello, le p\u00e8re de la publicit\u00e9 moderne\",\"potentialAction\":[{\"@type\":\"SearchAction\",\"target\":{\"@type\":\"EntryPoint\",\"urlTemplate\":\"https:\\\/\\\/cappiello.fr\\\/en\\\/?s={search_term_string}\"},\"query-input\":{\"@type\":\"PropertyValueSpecification\",\"valueRequired\":true,\"valueName\":\"search_term_string\"}}],\"inLanguage\":\"en-US\"}]}<\/script>\n<meta property=\"product:price:currency\" content=\"EUR\" \/>\n<meta property=\"og:availability\" content=\"instock\" \/>\n<meta property=\"product:availability\" content=\"instock\" \/>\n<meta property=\"product:retailer_item_id\" content=\"1912017Z0\" \/>\n<meta property=\"product:condition\" content=\"new\" \/>\n<!-- \/ Yoast SEO Premium plugin. -->","yoast_head_json":{"title":"Adriano Ramos Pinto - Catalogue Raisonn\u00e9 de Leonetto Cappiello","description":"A giant, crowned with laurels, cradles in his arms a bottle of port his size. Small elves, each carrying a bottle, pass between his legs. This port wine is the best of all, says the poster. It is worthy of a giant!","robots":{"index":"index","follow":"follow","max-snippet":"max-snippet:-1","max-image-preview":"max-image-preview:large","max-video-preview":"max-video-preview:-1"},"canonical":"https:\/\/cappiello.fr\/en\/produit\/adriano-ramos-pinto\/","og_locale":"en_US","og_type":"article","og_title":"Adriano Ramos Pinto","og_description":"A giant, crowned with laurels, cradles in his arms a bottle of port his size. Small elves, each carrying a bottle, pass between his legs. This port wine is the best of all, says the poster. It is worthy of a giant!","og_url":"https:\/\/cappiello.fr\/en\/produit\/adriano-ramos-pinto\/","og_site_name":"Catalogue raisonn\u00e9 de Leonetto Cappiello","article_modified_time":"2025-05-22T08:27:11+00:00","og_image":[{"width":516,"height":800,"url":"https:\/\/cappiello.fr\/wp-content\/uploads\/2024\/10\/Lithographie-affiche-publicitaire-adriano-ramos-pinto-cappiello-1912.jpg","type":"image\/jpeg"}],"twitter_card":"summary_large_image","twitter_title":"Adriano Ramos Pinto","twitter_description":"A giant, crowned with laurels, cradles in his arms a bottle of port his size. Small elves, each carrying a bottle, pass between his legs. This port wine is the best of all, says the poster. It is worthy of a giant!","twitter_misc":{"Price":"","Availability":"In stock"},"schema":{"@context":"https:\/\/schema.org","@graph":[{"@type":["WebPage","ItemPage"],"@id":"https:\/\/cappiello.fr\/en\/produit\/adriano-ramos-pinto\/","url":"https:\/\/cappiello.fr\/en\/produit\/adriano-ramos-pinto\/","name":"Adriano Ramos Pinto - Catalogue Raisonn\u00e9 de Leonetto Cappiello","isPartOf":{"@id":"https:\/\/cappiello.fr\/en\/#website"},"primaryImageOfPage":{"@id":"https:\/\/cappiello.fr\/en\/produit\/adriano-ramos-pinto\/#primaryimage"},"image":{"@id":"https:\/\/cappiello.fr\/en\/produit\/adriano-ramos-pinto\/#primaryimage"},"thumbnailUrl":"https:\/\/cappiello.fr\/wp-content\/uploads\/2024\/10\/Lithographie-affiche-publicitaire-adriano-ramos-pinto-cappiello-1912.jpg","datePublished":"1912-01-01T00:00:00+00:00","dateModified":"2025-05-22T08:27:11+00:00","description":"A giant, crowned with laurels, cradles in his arms a bottle of port his size. Small elves, each carrying a bottle, pass between his legs. This port wine is the best of all, says the poster. It is worthy of a giant!","breadcrumb":{"@id":"https:\/\/cappiello.fr\/en\/produit\/adriano-ramos-pinto\/#breadcrumb"},"inLanguage":"en-US","potentialAction":[{"@type":"ReadAction","target":["https:\/\/cappiello.fr\/en\/produit\/adriano-ramos-pinto\/"]}]},{"@type":"ImageObject","inLanguage":"en-US","@id":"https:\/\/cappiello.fr\/en\/produit\/adriano-ramos-pinto\/#primaryimage","url":"https:\/\/cappiello.fr\/wp-content\/uploads\/2024\/10\/Lithographie-affiche-publicitaire-adriano-ramos-pinto-cappiello-1912.jpg","contentUrl":"https:\/\/cappiello.fr\/wp-content\/uploads\/2024\/10\/Lithographie-affiche-publicitaire-adriano-ramos-pinto-cappiello-1912.jpg","width":516,"height":800,"caption":"Port wine"},{"@type":"BreadcrumbList","@id":"https:\/\/cappiello.fr\/en\/produit\/adriano-ramos-pinto\/#breadcrumb","itemListElement":[{"@type":"ListItem","position":1,"name":"Accueil","item":"https:\/\/cappiello.fr\/en\/"},{"@type":"ListItem","position":2,"name":"The works","item":"https:\/\/cappiello.fr\/en\/the-works\/"},{"@type":"ListItem","position":3,"name":"Adriano Ramos Pinto"}]},{"@type":"WebSite","@id":"https:\/\/cappiello.fr\/en\/#website","url":"https:\/\/cappiello.fr\/en\/","name":"Catalogue raisonn\u00e9 de Leonetto Cappiello","description":"Plongez dans l&#039;univers de Leonetto Cappiello, le p\u00e8re de la publicit\u00e9 moderne","potentialAction":[{"@type":"SearchAction","target":{"@type":"EntryPoint","urlTemplate":"https:\/\/cappiello.fr\/en\/?s={search_term_string}"},"query-input":{"@type":"PropertyValueSpecification","valueRequired":true,"valueName":"search_term_string"}}],"inLanguage":"en-US"}]},"product_price_currency":"EUR","og_availability":"instock","product_availability":"instock","product_retailer_item_id":"1912017Z0","product_condition":"new"},"_links":{"self":[{"href":"https:\/\/cappiello.fr\/en\/wp-json\/wp\/v2\/product\/132057","targetHints":{"allow":["GET"]}}],"collection":[{"href":"https:\/\/cappiello.fr\/en\/wp-json\/wp\/v2\/product"}],"about":[{"href":"https:\/\/cappiello.fr\/en\/wp-json\/wp\/v2\/types\/product"}],"wp:featuredmedia":[{"embeddable":true,"href":"https:\/\/cappiello.fr\/en\/wp-json\/wp\/v2\/media\/132059"}],"wp:attachment":[{"href":"https:\/\/cappiello.fr\/en\/wp-json\/wp\/v2\/media?parent=132057"}],"wp:term":[{"taxonomy":"type-doeuvre","embeddable":true,"href":"https:\/\/cappiello.fr\/en\/wp-json\/wp\/v2\/type-doeuvre?post=132057"},{"taxonomy":"product_brand","embeddable":true,"href":"https:\/\/cappiello.fr\/en\/wp-json\/wp\/v2\/product_brand?post=132057"},{"taxonomy":"product_cat","embeddable":true,"href":"https:\/\/cappiello.fr\/en\/wp-json\/wp\/v2\/product_cat?post=132057"},{"taxonomy":"product_tag","embeddable":true,"href":"https:\/\/cappiello.fr\/en\/wp-json\/wp\/v2\/product_tag?post=132057"}],"curies":[{"name":"wp","href":"https:\/\/api.w.org\/{rel}","templated":true}]}}