{"id":132060,"date":"1904-01-01T00:00:00","date_gmt":"1903-12-31T23:50:39","guid":{"rendered":"https:\/\/cappiello.fr\/produit\/gramophone-el-2\/"},"modified":"2025-05-14T23:47:02","modified_gmt":"2025-05-14T21:47:02","slug":"gramophone-el-2","status":"publish","type":"product","link":"https:\/\/cappiello.fr\/en\/produit\/gramophone-el-2\/","title":{"rendered":"Gramophone (El)"},"content":{"rendered":"<p>At the court, magistrates listen to a Gramophone speaking during a hearing.<br \/>\nIn the French version, &#8220;Moi Gramophone,&#8221; followed by &#8220;J&#8217;accuse,&#8221; reminds us of Zola&#8217;s text on the Dreyfus affair and the impact it had on the French people. This gives the voice coming from this device all its importance.<\/p>\n","protected":false},"excerpt":{"rendered":"<p>Mechanical music reproduction device<\/p>\n","protected":false},"featured_media":132062,"template":"","meta":{"_acf_changed":false},"type-doeuvre":[4057],"product_brand":[],"product_cat":[3469],"product_tag":[3590],"class_list":{"0":"post-132060","1":"product","2":"type-product","3":"status-publish","4":"has-post-thumbnail","6":"type-doeuvre-affiches","7":"product_cat-furniture-games","8":"product_tag-trumpet-en-3","9":"pa_periode-1900-1918-en","10":"pa_type-de-contenu-lithography","12":"first","13":"instock","14":"virtual","15":"product-type-simple"},"acf":[],"yoast_head":"<!-- This site is optimized with the Yoast SEO Premium plugin v27.0 (Yoast SEO v27.4) - https:\/\/yoast.com\/product\/yoast-seo-premium-wordpress\/ -->\n<title>Gramophone (El) - Catalogue Raisonn\u00e9 de Leonetto Cappiello<\/title>\n<meta name=\"description\" content=\"At the court, magistrates listen to a Gramophone speaking during a hearing. In the French version, &quot;Me Gramophone,&quot; followed by &quot;J&#039;accuse,&quot; reminds us of Zola&#039;s text on the Dreyfus affair and the impact it had on the French people. This gives the voice coming out of this device all its importance.\" \/>\n<meta name=\"robots\" content=\"index, follow, max-snippet:-1, max-image-preview:large, max-video-preview:-1\" \/>\n<link rel=\"canonical\" href=\"https:\/\/cappiello.fr\/en\/produit\/gramophone-el-2\/\" \/>\n<meta property=\"og:locale\" content=\"en_US\" \/>\n<meta property=\"og:type\" content=\"article\" \/>\n<meta property=\"og:title\" content=\"Gramophone (El)\" \/>\n<meta property=\"og:description\" content=\"At the court, magistrates listen to a Gramophone speaking during a hearing. In the French version, &quot;Me Gramophone,&quot; followed by &quot;J&#039;accuse,&quot; reminds us of Zola&#039;s text on the Dreyfus affair and the impact it had on the French people. This gives the voice coming out of this device all its importance.\" \/>\n<meta property=\"og:url\" content=\"https:\/\/cappiello.fr\/en\/produit\/gramophone-el-2\/\" \/>\n<meta property=\"og:site_name\" content=\"Catalogue raisonn\u00e9 de Leonetto Cappiello\" \/>\n<meta property=\"article:modified_time\" content=\"2025-05-14T21:47:02+00:00\" \/>\n<meta property=\"og:image\" content=\"https:\/\/cappiello.fr\/wp-content\/uploads\/2024\/10\/Lithographie-affiche-publicitaire-gramophone-el-cappiello-1904.jpg\" \/>\n\t<meta property=\"og:image:width\" content=\"601\" \/>\n\t<meta property=\"og:image:height\" content=\"800\" \/>\n\t<meta property=\"og:image:type\" content=\"image\/jpeg\" \/>\n<meta name=\"twitter:card\" content=\"summary_large_image\" \/>\n<meta name=\"twitter:title\" content=\"Gramophone (El)\" \/>\n<meta name=\"twitter:description\" content=\"At the court, magistrates listen to a Gramophone speaking during a hearing. In the French version, &quot;Me Gramophone,&quot; followed by &quot;J&#039;accuse,&quot; reminds us of Zola&#039;s text on the Dreyfus affair and the impact it had on the French people. This gives the voice coming out of this device all its importance.\" \/>\n<meta name=\"twitter:label1\" content=\"Price\" \/>\n\t<meta name=\"twitter:data1\" content=\"\" \/>\n\t<meta name=\"twitter:label2\" content=\"Availability\" \/>\n\t<meta name=\"twitter:data2\" content=\"In stock\" \/>\n<script type=\"application\/ld+json\" class=\"yoast-schema-graph\">{\"@context\":\"https:\\\/\\\/schema.org\",\"@graph\":[{\"@type\":[\"WebPage\",\"ItemPage\"],\"@id\":\"https:\\\/\\\/cappiello.fr\\\/en\\\/produit\\\/gramophone-el-2\\\/\",\"url\":\"https:\\\/\\\/cappiello.fr\\\/en\\\/produit\\\/gramophone-el-2\\\/\",\"name\":\"Gramophone (El) - Catalogue Raisonn\u00e9 de Leonetto Cappiello\",\"isPartOf\":{\"@id\":\"https:\\\/\\\/cappiello.fr\\\/en\\\/#website\"},\"primaryImageOfPage\":{\"@id\":\"https:\\\/\\\/cappiello.fr\\\/en\\\/produit\\\/gramophone-el-2\\\/#primaryimage\"},\"image\":{\"@id\":\"https:\\\/\\\/cappiello.fr\\\/en\\\/produit\\\/gramophone-el-2\\\/#primaryimage\"},\"thumbnailUrl\":\"https:\\\/\\\/cappiello.fr\\\/wp-content\\\/uploads\\\/2024\\\/10\\\/Lithographie-affiche-publicitaire-gramophone-el-cappiello-1904.jpg\",\"datePublished\":\"1903-12-31T23:50:39+00:00\",\"dateModified\":\"2025-05-14T21:47:02+00:00\",\"description\":\"At the court, magistrates listen to a Gramophone speaking during a hearing. In the French version, \\\"Me Gramophone,\\\" followed by \\\"J'accuse,\\\" reminds us of Zola's text on the Dreyfus affair and the impact it had on the French people. This gives the voice coming out of this device all its importance.\",\"breadcrumb\":{\"@id\":\"https:\\\/\\\/cappiello.fr\\\/en\\\/produit\\\/gramophone-el-2\\\/#breadcrumb\"},\"inLanguage\":\"en-US\",\"potentialAction\":[{\"@type\":\"ReadAction\",\"target\":[\"https:\\\/\\\/cappiello.fr\\\/en\\\/produit\\\/gramophone-el-2\\\/\"]}]},{\"@type\":\"ImageObject\",\"inLanguage\":\"en-US\",\"@id\":\"https:\\\/\\\/cappiello.fr\\\/en\\\/produit\\\/gramophone-el-2\\\/#primaryimage\",\"url\":\"https:\\\/\\\/cappiello.fr\\\/wp-content\\\/uploads\\\/2024\\\/10\\\/Lithographie-affiche-publicitaire-gramophone-el-cappiello-1904.jpg\",\"contentUrl\":\"https:\\\/\\\/cappiello.fr\\\/wp-content\\\/uploads\\\/2024\\\/10\\\/Lithographie-affiche-publicitaire-gramophone-el-cappiello-1904.jpg\",\"width\":601,\"height\":800,\"caption\":\"Mechanical music reproduction device\"},{\"@type\":\"BreadcrumbList\",\"@id\":\"https:\\\/\\\/cappiello.fr\\\/en\\\/produit\\\/gramophone-el-2\\\/#breadcrumb\",\"itemListElement\":[{\"@type\":\"ListItem\",\"position\":1,\"name\":\"Accueil\",\"item\":\"https:\\\/\\\/cappiello.fr\\\/en\\\/\"},{\"@type\":\"ListItem\",\"position\":2,\"name\":\"The works\",\"item\":\"https:\\\/\\\/cappiello.fr\\\/en\\\/the-works\\\/\"},{\"@type\":\"ListItem\",\"position\":3,\"name\":\"Gramophone (El)\"}]},{\"@type\":\"WebSite\",\"@id\":\"https:\\\/\\\/cappiello.fr\\\/en\\\/#website\",\"url\":\"https:\\\/\\\/cappiello.fr\\\/en\\\/\",\"name\":\"Catalogue raisonn\u00e9 de Leonetto Cappiello\",\"description\":\"Plongez dans l&#039;univers de Leonetto Cappiello, le p\u00e8re de la publicit\u00e9 moderne\",\"potentialAction\":[{\"@type\":\"SearchAction\",\"target\":{\"@type\":\"EntryPoint\",\"urlTemplate\":\"https:\\\/\\\/cappiello.fr\\\/en\\\/?s={search_term_string}\"},\"query-input\":{\"@type\":\"PropertyValueSpecification\",\"valueRequired\":true,\"valueName\":\"search_term_string\"}}],\"inLanguage\":\"en-US\"}]}<\/script>\n<meta property=\"product:price:currency\" content=\"EUR\" \/>\n<meta property=\"og:availability\" content=\"instock\" \/>\n<meta property=\"product:availability\" content=\"instock\" \/>\n<meta property=\"product:retailer_item_id\" content=\"1904007Z0 et 1904007Z1\" \/>\n<meta property=\"product:condition\" content=\"new\" \/>\n<!-- \/ Yoast SEO Premium plugin. -->","yoast_head_json":{"title":"Gramophone (El) - Catalogue Raisonn\u00e9 de Leonetto Cappiello","description":"At the court, magistrates listen to a Gramophone speaking during a hearing. In the French version, \"Me Gramophone,\" followed by \"J'accuse,\" reminds us of Zola's text on the Dreyfus affair and the impact it had on the French people. This gives the voice coming out of this device all its importance.","robots":{"index":"index","follow":"follow","max-snippet":"max-snippet:-1","max-image-preview":"max-image-preview:large","max-video-preview":"max-video-preview:-1"},"canonical":"https:\/\/cappiello.fr\/en\/produit\/gramophone-el-2\/","og_locale":"en_US","og_type":"article","og_title":"Gramophone (El)","og_description":"At the court, magistrates listen to a Gramophone speaking during a hearing. In the French version, \"Me Gramophone,\" followed by \"J'accuse,\" reminds us of Zola's text on the Dreyfus affair and the impact it had on the French people. This gives the voice coming out of this device all its importance.","og_url":"https:\/\/cappiello.fr\/en\/produit\/gramophone-el-2\/","og_site_name":"Catalogue raisonn\u00e9 de Leonetto Cappiello","article_modified_time":"2025-05-14T21:47:02+00:00","og_image":[{"width":601,"height":800,"url":"https:\/\/cappiello.fr\/wp-content\/uploads\/2024\/10\/Lithographie-affiche-publicitaire-gramophone-el-cappiello-1904.jpg","type":"image\/jpeg"}],"twitter_card":"summary_large_image","twitter_title":"Gramophone (El)","twitter_description":"At the court, magistrates listen to a Gramophone speaking during a hearing. In the French version, \"Me Gramophone,\" followed by \"J'accuse,\" reminds us of Zola's text on the Dreyfus affair and the impact it had on the French people. This gives the voice coming out of this device all its importance.","twitter_misc":{"Price":"","Availability":"In stock"},"schema":{"@context":"https:\/\/schema.org","@graph":[{"@type":["WebPage","ItemPage"],"@id":"https:\/\/cappiello.fr\/en\/produit\/gramophone-el-2\/","url":"https:\/\/cappiello.fr\/en\/produit\/gramophone-el-2\/","name":"Gramophone (El) - Catalogue Raisonn\u00e9 de Leonetto Cappiello","isPartOf":{"@id":"https:\/\/cappiello.fr\/en\/#website"},"primaryImageOfPage":{"@id":"https:\/\/cappiello.fr\/en\/produit\/gramophone-el-2\/#primaryimage"},"image":{"@id":"https:\/\/cappiello.fr\/en\/produit\/gramophone-el-2\/#primaryimage"},"thumbnailUrl":"https:\/\/cappiello.fr\/wp-content\/uploads\/2024\/10\/Lithographie-affiche-publicitaire-gramophone-el-cappiello-1904.jpg","datePublished":"1903-12-31T23:50:39+00:00","dateModified":"2025-05-14T21:47:02+00:00","description":"At the court, magistrates listen to a Gramophone speaking during a hearing. In the French version, \"Me Gramophone,\" followed by \"J'accuse,\" reminds us of Zola's text on the Dreyfus affair and the impact it had on the French people. This gives the voice coming out of this device all its importance.","breadcrumb":{"@id":"https:\/\/cappiello.fr\/en\/produit\/gramophone-el-2\/#breadcrumb"},"inLanguage":"en-US","potentialAction":[{"@type":"ReadAction","target":["https:\/\/cappiello.fr\/en\/produit\/gramophone-el-2\/"]}]},{"@type":"ImageObject","inLanguage":"en-US","@id":"https:\/\/cappiello.fr\/en\/produit\/gramophone-el-2\/#primaryimage","url":"https:\/\/cappiello.fr\/wp-content\/uploads\/2024\/10\/Lithographie-affiche-publicitaire-gramophone-el-cappiello-1904.jpg","contentUrl":"https:\/\/cappiello.fr\/wp-content\/uploads\/2024\/10\/Lithographie-affiche-publicitaire-gramophone-el-cappiello-1904.jpg","width":601,"height":800,"caption":"Mechanical music reproduction device"},{"@type":"BreadcrumbList","@id":"https:\/\/cappiello.fr\/en\/produit\/gramophone-el-2\/#breadcrumb","itemListElement":[{"@type":"ListItem","position":1,"name":"Accueil","item":"https:\/\/cappiello.fr\/en\/"},{"@type":"ListItem","position":2,"name":"The works","item":"https:\/\/cappiello.fr\/en\/the-works\/"},{"@type":"ListItem","position":3,"name":"Gramophone (El)"}]},{"@type":"WebSite","@id":"https:\/\/cappiello.fr\/en\/#website","url":"https:\/\/cappiello.fr\/en\/","name":"Catalogue raisonn\u00e9 de Leonetto Cappiello","description":"Plongez dans l&#039;univers de Leonetto Cappiello, le p\u00e8re de la publicit\u00e9 moderne","potentialAction":[{"@type":"SearchAction","target":{"@type":"EntryPoint","urlTemplate":"https:\/\/cappiello.fr\/en\/?s={search_term_string}"},"query-input":{"@type":"PropertyValueSpecification","valueRequired":true,"valueName":"search_term_string"}}],"inLanguage":"en-US"}]},"product_price_currency":"EUR","og_availability":"instock","product_availability":"instock","product_retailer_item_id":"1904007Z0 et 1904007Z1","product_condition":"new"},"_links":{"self":[{"href":"https:\/\/cappiello.fr\/en\/wp-json\/wp\/v2\/product\/132060","targetHints":{"allow":["GET"]}}],"collection":[{"href":"https:\/\/cappiello.fr\/en\/wp-json\/wp\/v2\/product"}],"about":[{"href":"https:\/\/cappiello.fr\/en\/wp-json\/wp\/v2\/types\/product"}],"wp:featuredmedia":[{"embeddable":true,"href":"https:\/\/cappiello.fr\/en\/wp-json\/wp\/v2\/media\/132062"}],"wp:attachment":[{"href":"https:\/\/cappiello.fr\/en\/wp-json\/wp\/v2\/media?parent=132060"}],"wp:term":[{"taxonomy":"type-doeuvre","embeddable":true,"href":"https:\/\/cappiello.fr\/en\/wp-json\/wp\/v2\/type-doeuvre?post=132060"},{"taxonomy":"product_brand","embeddable":true,"href":"https:\/\/cappiello.fr\/en\/wp-json\/wp\/v2\/product_brand?post=132060"},{"taxonomy":"product_cat","embeddable":true,"href":"https:\/\/cappiello.fr\/en\/wp-json\/wp\/v2\/product_cat?post=132060"},{"taxonomy":"product_tag","embeddable":true,"href":"https:\/\/cappiello.fr\/en\/wp-json\/wp\/v2\/product_tag?post=132060"}],"curies":[{"name":"wp","href":"https:\/\/api.w.org\/{rel}","templated":true}]}}