{"id":132091,"date":"1903-01-01T00:00:00","date_gmt":"1902-12-31T23:50:39","guid":{"rendered":"https:\/\/cappiello.fr\/produit\/biere-7\/"},"modified":"2025-05-30T08:16:23","modified_gmt":"2025-05-30T06:16:23","slug":"biere-7","status":"publish","type":"product","link":"https:\/\/cappiello.fr\/en\/produit\/biere-7\/","title":{"rendered":"El\u00e9phant \u00e0 la chope de bi\u00e8re"},"content":{"rendered":"<p>An elephant with a towel around its neck pours a mug of beer on its back to cool off. Note the humorous touch in the knot tied on the animal&#8217;s tail. (Same detail on the monkey in <a href=\"https:\/\/cappiello.fr\/en\/produit\/oporto-dom-luiz-3\/\">Oporto Don Luiz<\/a>)<\/p>\n","protected":false},"excerpt":{"rendered":"<p>Beer<\/p>\n","protected":false},"featured_media":133752,"template":"","meta":{"_acf_changed":false},"type-doeuvre":[4057],"product_brand":[],"product_cat":[3385],"product_tag":[3304,3592,3502],"class_list":{"0":"post-132091","1":"product","2":"type-product","3":"status-publish","4":"has-post-thumbnail","6":"type-doeuvre-affiches","7":"product_cat-beers-ciders","8":"product_tag-feline","9":"product_tag-smile-en-8","10":"product_tag-dress-en-2","11":"pa_periode-1900-1918-en","12":"pa_type-de-contenu-sketch-photo","14":"first","15":"instock","16":"virtual","17":"product-type-simple"},"acf":[],"yoast_head":"<!-- This site is optimized with the Yoast SEO Premium plugin v27.0 (Yoast SEO v27.4) - https:\/\/yoast.com\/product\/yoast-seo-premium-wordpress\/ -->\n<title>El\u00e9phant \u00e0 la chope de bi\u00e8re - Catalogue Raisonn\u00e9 de Leonetto Cappiello<\/title>\n<meta name=\"description\" content=\"An elephant with a towel around its neck pours a mug of beer on its back to cool off. Note the humorous touch in the knot tied on the animal&#039;s tail. (same detail on the monkey in Oporto Don Luiz)\" \/>\n<meta name=\"robots\" content=\"index, follow, max-snippet:-1, max-image-preview:large, max-video-preview:-1\" \/>\n<link rel=\"canonical\" href=\"https:\/\/cappiello.fr\/en\/produit\/biere-7\/\" \/>\n<meta property=\"og:locale\" content=\"en_US\" \/>\n<meta property=\"og:type\" content=\"article\" \/>\n<meta property=\"og:title\" content=\"El\u00e9phant \u00e0 la chope de bi\u00e8re\" \/>\n<meta property=\"og:description\" content=\"An elephant with a towel around its neck pours a mug of beer on its back to cool off. Note the humorous touch in the knot tied on the animal&#039;s tail. (same detail on the monkey in Oporto Don Luiz)\" \/>\n<meta property=\"og:url\" content=\"https:\/\/cappiello.fr\/en\/produit\/biere-7\/\" \/>\n<meta property=\"og:site_name\" content=\"Catalogue raisonn\u00e9 de Leonetto Cappiello\" \/>\n<meta property=\"article:modified_time\" content=\"2025-05-30T06:16:23+00:00\" \/>\n<meta property=\"og:image\" content=\"https:\/\/cappiello.fr\/wp-content\/uploads\/2024\/10\/Photo-desquisse-affiche-publicitaire-elephant-a-la-chope-de-biere-cappiello-1903.jpg\" \/>\n\t<meta property=\"og:image:width\" content=\"581\" \/>\n\t<meta property=\"og:image:height\" content=\"800\" \/>\n\t<meta property=\"og:image:type\" content=\"image\/jpeg\" \/>\n<meta name=\"twitter:card\" content=\"summary_large_image\" \/>\n<meta name=\"twitter:title\" content=\"El\u00e9phant \u00e0 la chope de bi\u00e8re\" \/>\n<meta name=\"twitter:description\" content=\"An elephant with a towel around its neck pours a mug of beer on its back to cool off. Note the humorous touch in the knot tied on the animal&#039;s tail. (same detail on the monkey in Oporto Don Luiz)\" \/>\n<meta name=\"twitter:label1\" content=\"Price\" \/>\n\t<meta name=\"twitter:data1\" content=\"\" \/>\n\t<meta name=\"twitter:label2\" content=\"Availability\" \/>\n\t<meta name=\"twitter:data2\" content=\"In stock\" \/>\n<script type=\"application\/ld+json\" class=\"yoast-schema-graph\">{\"@context\":\"https:\\\/\\\/schema.org\",\"@graph\":[{\"@type\":[\"WebPage\",\"ItemPage\"],\"@id\":\"https:\\\/\\\/cappiello.fr\\\/en\\\/produit\\\/biere-7\\\/\",\"url\":\"https:\\\/\\\/cappiello.fr\\\/en\\\/produit\\\/biere-7\\\/\",\"name\":\"El\u00e9phant \u00e0 la chope de bi\u00e8re - Catalogue Raisonn\u00e9 de Leonetto Cappiello\",\"isPartOf\":{\"@id\":\"https:\\\/\\\/cappiello.fr\\\/en\\\/#website\"},\"primaryImageOfPage\":{\"@id\":\"https:\\\/\\\/cappiello.fr\\\/en\\\/produit\\\/biere-7\\\/#primaryimage\"},\"image\":{\"@id\":\"https:\\\/\\\/cappiello.fr\\\/en\\\/produit\\\/biere-7\\\/#primaryimage\"},\"thumbnailUrl\":\"https:\\\/\\\/cappiello.fr\\\/wp-content\\\/uploads\\\/2024\\\/10\\\/Photo-desquisse-affiche-publicitaire-elephant-a-la-chope-de-biere-cappiello-1903.jpg\",\"datePublished\":\"1902-12-31T23:50:39+00:00\",\"dateModified\":\"2025-05-30T06:16:23+00:00\",\"description\":\"An elephant with a towel around its neck pours a mug of beer on its back to cool off. Note the humorous touch in the knot tied on the animal's tail. (same detail on the monkey in Oporto Don Luiz)\",\"breadcrumb\":{\"@id\":\"https:\\\/\\\/cappiello.fr\\\/en\\\/produit\\\/biere-7\\\/#breadcrumb\"},\"inLanguage\":\"en-US\",\"potentialAction\":[{\"@type\":\"ReadAction\",\"target\":[\"https:\\\/\\\/cappiello.fr\\\/en\\\/produit\\\/biere-7\\\/\"]}]},{\"@type\":\"ImageObject\",\"inLanguage\":\"en-US\",\"@id\":\"https:\\\/\\\/cappiello.fr\\\/en\\\/produit\\\/biere-7\\\/#primaryimage\",\"url\":\"https:\\\/\\\/cappiello.fr\\\/wp-content\\\/uploads\\\/2024\\\/10\\\/Photo-desquisse-affiche-publicitaire-elephant-a-la-chope-de-biere-cappiello-1903.jpg\",\"contentUrl\":\"https:\\\/\\\/cappiello.fr\\\/wp-content\\\/uploads\\\/2024\\\/10\\\/Photo-desquisse-affiche-publicitaire-elephant-a-la-chope-de-biere-cappiello-1903.jpg\",\"width\":581,\"height\":800,\"caption\":\"Bi\u00e8re\"},{\"@type\":\"BreadcrumbList\",\"@id\":\"https:\\\/\\\/cappiello.fr\\\/en\\\/produit\\\/biere-7\\\/#breadcrumb\",\"itemListElement\":[{\"@type\":\"ListItem\",\"position\":1,\"name\":\"Accueil\",\"item\":\"https:\\\/\\\/cappiello.fr\\\/en\\\/\"},{\"@type\":\"ListItem\",\"position\":2,\"name\":\"The works\",\"item\":\"https:\\\/\\\/cappiello.fr\\\/en\\\/the-works\\\/\"},{\"@type\":\"ListItem\",\"position\":3,\"name\":\"El\u00e9phant \u00e0 la chope de bi\u00e8re\"}]},{\"@type\":\"WebSite\",\"@id\":\"https:\\\/\\\/cappiello.fr\\\/en\\\/#website\",\"url\":\"https:\\\/\\\/cappiello.fr\\\/en\\\/\",\"name\":\"Catalogue raisonn\u00e9 de Leonetto Cappiello\",\"description\":\"Plongez dans l&#039;univers de Leonetto Cappiello, le p\u00e8re de la publicit\u00e9 moderne\",\"potentialAction\":[{\"@type\":\"SearchAction\",\"target\":{\"@type\":\"EntryPoint\",\"urlTemplate\":\"https:\\\/\\\/cappiello.fr\\\/en\\\/?s={search_term_string}\"},\"query-input\":{\"@type\":\"PropertyValueSpecification\",\"valueRequired\":true,\"valueName\":\"search_term_string\"}}],\"inLanguage\":\"en-US\"}]}<\/script>\n<meta property=\"product:price:currency\" content=\"EUR\" \/>\n<meta property=\"og:availability\" content=\"instock\" \/>\n<meta property=\"product:availability\" content=\"instock\" \/>\n<meta property=\"product:retailer_item_id\" content=\"1903205B0\" \/>\n<meta property=\"product:condition\" content=\"new\" \/>\n<!-- \/ Yoast SEO Premium plugin. -->","yoast_head_json":{"title":"El\u00e9phant \u00e0 la chope de bi\u00e8re - Catalogue Raisonn\u00e9 de Leonetto Cappiello","description":"An elephant with a towel around its neck pours a mug of beer on its back to cool off. Note the humorous touch in the knot tied on the animal's tail. (same detail on the monkey in Oporto Don Luiz)","robots":{"index":"index","follow":"follow","max-snippet":"max-snippet:-1","max-image-preview":"max-image-preview:large","max-video-preview":"max-video-preview:-1"},"canonical":"https:\/\/cappiello.fr\/en\/produit\/biere-7\/","og_locale":"en_US","og_type":"article","og_title":"El\u00e9phant \u00e0 la chope de bi\u00e8re","og_description":"An elephant with a towel around its neck pours a mug of beer on its back to cool off. Note the humorous touch in the knot tied on the animal's tail. (same detail on the monkey in Oporto Don Luiz)","og_url":"https:\/\/cappiello.fr\/en\/produit\/biere-7\/","og_site_name":"Catalogue raisonn\u00e9 de Leonetto Cappiello","article_modified_time":"2025-05-30T06:16:23+00:00","og_image":[{"width":581,"height":800,"url":"https:\/\/cappiello.fr\/wp-content\/uploads\/2024\/10\/Photo-desquisse-affiche-publicitaire-elephant-a-la-chope-de-biere-cappiello-1903.jpg","type":"image\/jpeg"}],"twitter_card":"summary_large_image","twitter_title":"El\u00e9phant \u00e0 la chope de bi\u00e8re","twitter_description":"An elephant with a towel around its neck pours a mug of beer on its back to cool off. Note the humorous touch in the knot tied on the animal's tail. (same detail on the monkey in Oporto Don Luiz)","twitter_misc":{"Price":"","Availability":"In stock"},"schema":{"@context":"https:\/\/schema.org","@graph":[{"@type":["WebPage","ItemPage"],"@id":"https:\/\/cappiello.fr\/en\/produit\/biere-7\/","url":"https:\/\/cappiello.fr\/en\/produit\/biere-7\/","name":"El\u00e9phant \u00e0 la chope de bi\u00e8re - Catalogue Raisonn\u00e9 de Leonetto Cappiello","isPartOf":{"@id":"https:\/\/cappiello.fr\/en\/#website"},"primaryImageOfPage":{"@id":"https:\/\/cappiello.fr\/en\/produit\/biere-7\/#primaryimage"},"image":{"@id":"https:\/\/cappiello.fr\/en\/produit\/biere-7\/#primaryimage"},"thumbnailUrl":"https:\/\/cappiello.fr\/wp-content\/uploads\/2024\/10\/Photo-desquisse-affiche-publicitaire-elephant-a-la-chope-de-biere-cappiello-1903.jpg","datePublished":"1902-12-31T23:50:39+00:00","dateModified":"2025-05-30T06:16:23+00:00","description":"An elephant with a towel around its neck pours a mug of beer on its back to cool off. Note the humorous touch in the knot tied on the animal's tail. (same detail on the monkey in Oporto Don Luiz)","breadcrumb":{"@id":"https:\/\/cappiello.fr\/en\/produit\/biere-7\/#breadcrumb"},"inLanguage":"en-US","potentialAction":[{"@type":"ReadAction","target":["https:\/\/cappiello.fr\/en\/produit\/biere-7\/"]}]},{"@type":"ImageObject","inLanguage":"en-US","@id":"https:\/\/cappiello.fr\/en\/produit\/biere-7\/#primaryimage","url":"https:\/\/cappiello.fr\/wp-content\/uploads\/2024\/10\/Photo-desquisse-affiche-publicitaire-elephant-a-la-chope-de-biere-cappiello-1903.jpg","contentUrl":"https:\/\/cappiello.fr\/wp-content\/uploads\/2024\/10\/Photo-desquisse-affiche-publicitaire-elephant-a-la-chope-de-biere-cappiello-1903.jpg","width":581,"height":800,"caption":"Bi\u00e8re"},{"@type":"BreadcrumbList","@id":"https:\/\/cappiello.fr\/en\/produit\/biere-7\/#breadcrumb","itemListElement":[{"@type":"ListItem","position":1,"name":"Accueil","item":"https:\/\/cappiello.fr\/en\/"},{"@type":"ListItem","position":2,"name":"The works","item":"https:\/\/cappiello.fr\/en\/the-works\/"},{"@type":"ListItem","position":3,"name":"El\u00e9phant \u00e0 la chope de bi\u00e8re"}]},{"@type":"WebSite","@id":"https:\/\/cappiello.fr\/en\/#website","url":"https:\/\/cappiello.fr\/en\/","name":"Catalogue raisonn\u00e9 de Leonetto Cappiello","description":"Plongez dans l&#039;univers de Leonetto Cappiello, le p\u00e8re de la publicit\u00e9 moderne","potentialAction":[{"@type":"SearchAction","target":{"@type":"EntryPoint","urlTemplate":"https:\/\/cappiello.fr\/en\/?s={search_term_string}"},"query-input":{"@type":"PropertyValueSpecification","valueRequired":true,"valueName":"search_term_string"}}],"inLanguage":"en-US"}]},"product_price_currency":"EUR","og_availability":"instock","product_availability":"instock","product_retailer_item_id":"1903205B0","product_condition":"new"},"_links":{"self":[{"href":"https:\/\/cappiello.fr\/en\/wp-json\/wp\/v2\/product\/132091","targetHints":{"allow":["GET"]}}],"collection":[{"href":"https:\/\/cappiello.fr\/en\/wp-json\/wp\/v2\/product"}],"about":[{"href":"https:\/\/cappiello.fr\/en\/wp-json\/wp\/v2\/types\/product"}],"wp:featuredmedia":[{"embeddable":true,"href":"https:\/\/cappiello.fr\/en\/wp-json\/wp\/v2\/media\/133752"}],"wp:attachment":[{"href":"https:\/\/cappiello.fr\/en\/wp-json\/wp\/v2\/media?parent=132091"}],"wp:term":[{"taxonomy":"type-doeuvre","embeddable":true,"href":"https:\/\/cappiello.fr\/en\/wp-json\/wp\/v2\/type-doeuvre?post=132091"},{"taxonomy":"product_brand","embeddable":true,"href":"https:\/\/cappiello.fr\/en\/wp-json\/wp\/v2\/product_brand?post=132091"},{"taxonomy":"product_cat","embeddable":true,"href":"https:\/\/cappiello.fr\/en\/wp-json\/wp\/v2\/product_cat?post=132091"},{"taxonomy":"product_tag","embeddable":true,"href":"https:\/\/cappiello.fr\/en\/wp-json\/wp\/v2\/product_tag?post=132091"}],"curies":[{"name":"wp","href":"https:\/\/api.w.org\/{rel}","templated":true}]}}