{"id":132107,"date":"1903-01-01T00:00:00","date_gmt":"1902-12-31T23:50:39","guid":{"rendered":"https:\/\/cappiello.fr\/produit\/siglo-el\/"},"modified":"2025-05-14T23:47:35","modified_gmt":"2025-05-14T21:47:35","slug":"siglo-el","status":"publish","type":"product","link":"https:\/\/cappiello.fr\/en\/produit\/siglo-el\/","title":{"rendered":"Siglo (El)"},"content":{"rendered":"<p>A very elegant woman, armed with a lorgnette, smiles at the idea of going to the clothing exhibition organized by the Grands Magasins El Siglo, in Barcelona.<br \/>This poster had initially been sold for <a href=\"https:\/\/cappiello.fr\/en\/produit\/katabexine-2\/\">Katabexine<\/a>. Cappiello replaced the Katabexine bottle with a lorgnette.<\/p>\n","protected":false},"excerpt":{"rendered":"<p>Large department stores located in Barcelona.<\/p>\n","protected":false},"featured_media":134397,"template":"","meta":{"_acf_changed":false},"type-doeuvre":[4057],"product_brand":[],"product_cat":[3348,3294],"product_tag":[3375,3250,3362,3265],"class_list":{"0":"post-132107","1":"product","2":"type-product","3":"status-publish","4":"has-post-thumbnail","6":"type-doeuvre-affiches","7":"product_cat-trade","8":"product_cat-outer-clothing","9":"product_tag-glove","10":"product_tag-hat","11":"product_tag-long-dress","12":"product_tag-face-en","13":"pa_periode-1900-1918-en","14":"pa_type-de-contenu-lithography","16":"first","17":"instock","18":"virtual","19":"product-type-simple"},"acf":[],"yoast_head":"<!-- This site is optimized with the Yoast SEO Premium plugin v27.0 (Yoast SEO v27.4) - https:\/\/yoast.com\/product\/yoast-seo-premium-wordpress\/ -->\n<title>Siglo (El) - Catalogue Raisonn\u00e9 de Leonetto Cappiello<\/title>\n<meta name=\"description\" content=\"A very elegant woman, armed with a lorgnette, smiles at the idea of going to the clothing exhibition organized by the Grands Magasins El Siglo in Barcelona. This poster had initially been sold for Katabexine. Cappiello replaced the Katabexine bottle with a lorgnette.\" \/>\n<meta name=\"robots\" content=\"index, follow, max-snippet:-1, max-image-preview:large, max-video-preview:-1\" \/>\n<link rel=\"canonical\" href=\"https:\/\/cappiello.fr\/en\/produit\/siglo-el\/\" \/>\n<meta property=\"og:locale\" content=\"en_US\" \/>\n<meta property=\"og:type\" content=\"article\" \/>\n<meta property=\"og:title\" content=\"Siglo (El)\" \/>\n<meta property=\"og:description\" content=\"A very elegant woman, armed with a lorgnette, smiles at the idea of going to the clothing exhibition organized by the Grands Magasins El Siglo in Barcelona. This poster had initially been sold for Katabexine. Cappiello replaced the Katabexine bottle with a lorgnette.\" \/>\n<meta property=\"og:url\" content=\"https:\/\/cappiello.fr\/en\/produit\/siglo-el\/\" \/>\n<meta property=\"og:site_name\" content=\"Catalogue raisonn\u00e9 de Leonetto Cappiello\" \/>\n<meta property=\"article:modified_time\" content=\"2025-05-14T21:47:35+00:00\" \/>\n<meta property=\"og:image\" content=\"https:\/\/cappiello.fr\/wp-content\/uploads\/2024\/10\/Lithographie-affiche-publicitaire-siglo-el-cappiello-1903.jpg\" \/>\n\t<meta property=\"og:image:width\" content=\"585\" \/>\n\t<meta property=\"og:image:height\" content=\"800\" \/>\n\t<meta property=\"og:image:type\" content=\"image\/jpeg\" \/>\n<meta name=\"twitter:card\" content=\"summary_large_image\" \/>\n<meta name=\"twitter:title\" content=\"Siglo (El)\" \/>\n<meta name=\"twitter:description\" content=\"A very elegant woman, armed with a lorgnette, smiles at the idea of going to the clothing exhibition organized by the Grands Magasins El Siglo in Barcelona. This poster had initially been sold for Katabexine. Cappiello replaced the Katabexine bottle with a lorgnette.\" \/>\n<meta name=\"twitter:label1\" content=\"Price\" \/>\n\t<meta name=\"twitter:data1\" content=\"\" \/>\n\t<meta name=\"twitter:label2\" content=\"Availability\" \/>\n\t<meta name=\"twitter:data2\" content=\"In stock\" \/>\n<script type=\"application\/ld+json\" class=\"yoast-schema-graph\">{\"@context\":\"https:\\\/\\\/schema.org\",\"@graph\":[{\"@type\":[\"WebPage\",\"ItemPage\"],\"@id\":\"https:\\\/\\\/cappiello.fr\\\/en\\\/produit\\\/siglo-el\\\/\",\"url\":\"https:\\\/\\\/cappiello.fr\\\/en\\\/produit\\\/siglo-el\\\/\",\"name\":\"Siglo (El) - Catalogue Raisonn\u00e9 de Leonetto Cappiello\",\"isPartOf\":{\"@id\":\"https:\\\/\\\/cappiello.fr\\\/en\\\/#website\"},\"primaryImageOfPage\":{\"@id\":\"https:\\\/\\\/cappiello.fr\\\/en\\\/produit\\\/siglo-el\\\/#primaryimage\"},\"image\":{\"@id\":\"https:\\\/\\\/cappiello.fr\\\/en\\\/produit\\\/siglo-el\\\/#primaryimage\"},\"thumbnailUrl\":\"https:\\\/\\\/cappiello.fr\\\/wp-content\\\/uploads\\\/2024\\\/10\\\/Lithographie-affiche-publicitaire-siglo-el-cappiello-1903.jpg\",\"datePublished\":\"1902-12-31T23:50:39+00:00\",\"dateModified\":\"2025-05-14T21:47:35+00:00\",\"description\":\"A very elegant woman, armed with a lorgnette, smiles at the idea of going to the clothing exhibition organized by the Grands Magasins El Siglo in Barcelona. This poster had initially been sold for Katabexine. Cappiello replaced the Katabexine bottle with a lorgnette.\",\"breadcrumb\":{\"@id\":\"https:\\\/\\\/cappiello.fr\\\/en\\\/produit\\\/siglo-el\\\/#breadcrumb\"},\"inLanguage\":\"en-US\",\"potentialAction\":[{\"@type\":\"ReadAction\",\"target\":[\"https:\\\/\\\/cappiello.fr\\\/en\\\/produit\\\/siglo-el\\\/\"]}]},{\"@type\":\"ImageObject\",\"inLanguage\":\"en-US\",\"@id\":\"https:\\\/\\\/cappiello.fr\\\/en\\\/produit\\\/siglo-el\\\/#primaryimage\",\"url\":\"https:\\\/\\\/cappiello.fr\\\/wp-content\\\/uploads\\\/2024\\\/10\\\/Lithographie-affiche-publicitaire-siglo-el-cappiello-1903.jpg\",\"contentUrl\":\"https:\\\/\\\/cappiello.fr\\\/wp-content\\\/uploads\\\/2024\\\/10\\\/Lithographie-affiche-publicitaire-siglo-el-cappiello-1903.jpg\",\"width\":585,\"height\":800,\"caption\":\"Grands Magasins situ\u00e9s \u00e0 Barcelone.\"},{\"@type\":\"BreadcrumbList\",\"@id\":\"https:\\\/\\\/cappiello.fr\\\/en\\\/produit\\\/siglo-el\\\/#breadcrumb\",\"itemListElement\":[{\"@type\":\"ListItem\",\"position\":1,\"name\":\"Accueil\",\"item\":\"https:\\\/\\\/cappiello.fr\\\/en\\\/\"},{\"@type\":\"ListItem\",\"position\":2,\"name\":\"The works\",\"item\":\"https:\\\/\\\/cappiello.fr\\\/en\\\/the-works\\\/\"},{\"@type\":\"ListItem\",\"position\":3,\"name\":\"Siglo (El)\"}]},{\"@type\":\"WebSite\",\"@id\":\"https:\\\/\\\/cappiello.fr\\\/en\\\/#website\",\"url\":\"https:\\\/\\\/cappiello.fr\\\/en\\\/\",\"name\":\"Catalogue raisonn\u00e9 de Leonetto Cappiello\",\"description\":\"Plongez dans l&#039;univers de Leonetto Cappiello, le p\u00e8re de la publicit\u00e9 moderne\",\"potentialAction\":[{\"@type\":\"SearchAction\",\"target\":{\"@type\":\"EntryPoint\",\"urlTemplate\":\"https:\\\/\\\/cappiello.fr\\\/en\\\/?s={search_term_string}\"},\"query-input\":{\"@type\":\"PropertyValueSpecification\",\"valueRequired\":true,\"valueName\":\"search_term_string\"}}],\"inLanguage\":\"en-US\"}]}<\/script>\n<meta property=\"product:price:currency\" content=\"EUR\" \/>\n<meta property=\"og:availability\" content=\"instock\" \/>\n<meta property=\"product:availability\" content=\"instock\" \/>\n<meta property=\"product:retailer_item_id\" content=\"1903009Z1\" \/>\n<meta property=\"product:condition\" content=\"new\" \/>\n<!-- \/ Yoast SEO Premium plugin. -->","yoast_head_json":{"title":"Siglo (El) - Catalogue Raisonn\u00e9 de Leonetto Cappiello","description":"A very elegant woman, armed with a lorgnette, smiles at the idea of going to the clothing exhibition organized by the Grands Magasins El Siglo in Barcelona. This poster had initially been sold for Katabexine. Cappiello replaced the Katabexine bottle with a lorgnette.","robots":{"index":"index","follow":"follow","max-snippet":"max-snippet:-1","max-image-preview":"max-image-preview:large","max-video-preview":"max-video-preview:-1"},"canonical":"https:\/\/cappiello.fr\/en\/produit\/siglo-el\/","og_locale":"en_US","og_type":"article","og_title":"Siglo (El)","og_description":"A very elegant woman, armed with a lorgnette, smiles at the idea of going to the clothing exhibition organized by the Grands Magasins El Siglo in Barcelona. This poster had initially been sold for Katabexine. Cappiello replaced the Katabexine bottle with a lorgnette.","og_url":"https:\/\/cappiello.fr\/en\/produit\/siglo-el\/","og_site_name":"Catalogue raisonn\u00e9 de Leonetto Cappiello","article_modified_time":"2025-05-14T21:47:35+00:00","og_image":[{"width":585,"height":800,"url":"https:\/\/cappiello.fr\/wp-content\/uploads\/2024\/10\/Lithographie-affiche-publicitaire-siglo-el-cappiello-1903.jpg","type":"image\/jpeg"}],"twitter_card":"summary_large_image","twitter_title":"Siglo (El)","twitter_description":"A very elegant woman, armed with a lorgnette, smiles at the idea of going to the clothing exhibition organized by the Grands Magasins El Siglo in Barcelona. This poster had initially been sold for Katabexine. Cappiello replaced the Katabexine bottle with a lorgnette.","twitter_misc":{"Price":"","Availability":"In stock"},"schema":{"@context":"https:\/\/schema.org","@graph":[{"@type":["WebPage","ItemPage"],"@id":"https:\/\/cappiello.fr\/en\/produit\/siglo-el\/","url":"https:\/\/cappiello.fr\/en\/produit\/siglo-el\/","name":"Siglo (El) - Catalogue Raisonn\u00e9 de Leonetto Cappiello","isPartOf":{"@id":"https:\/\/cappiello.fr\/en\/#website"},"primaryImageOfPage":{"@id":"https:\/\/cappiello.fr\/en\/produit\/siglo-el\/#primaryimage"},"image":{"@id":"https:\/\/cappiello.fr\/en\/produit\/siglo-el\/#primaryimage"},"thumbnailUrl":"https:\/\/cappiello.fr\/wp-content\/uploads\/2024\/10\/Lithographie-affiche-publicitaire-siglo-el-cappiello-1903.jpg","datePublished":"1902-12-31T23:50:39+00:00","dateModified":"2025-05-14T21:47:35+00:00","description":"A very elegant woman, armed with a lorgnette, smiles at the idea of going to the clothing exhibition organized by the Grands Magasins El Siglo in Barcelona. This poster had initially been sold for Katabexine. Cappiello replaced the Katabexine bottle with a lorgnette.","breadcrumb":{"@id":"https:\/\/cappiello.fr\/en\/produit\/siglo-el\/#breadcrumb"},"inLanguage":"en-US","potentialAction":[{"@type":"ReadAction","target":["https:\/\/cappiello.fr\/en\/produit\/siglo-el\/"]}]},{"@type":"ImageObject","inLanguage":"en-US","@id":"https:\/\/cappiello.fr\/en\/produit\/siglo-el\/#primaryimage","url":"https:\/\/cappiello.fr\/wp-content\/uploads\/2024\/10\/Lithographie-affiche-publicitaire-siglo-el-cappiello-1903.jpg","contentUrl":"https:\/\/cappiello.fr\/wp-content\/uploads\/2024\/10\/Lithographie-affiche-publicitaire-siglo-el-cappiello-1903.jpg","width":585,"height":800,"caption":"Grands Magasins situ\u00e9s \u00e0 Barcelone."},{"@type":"BreadcrumbList","@id":"https:\/\/cappiello.fr\/en\/produit\/siglo-el\/#breadcrumb","itemListElement":[{"@type":"ListItem","position":1,"name":"Accueil","item":"https:\/\/cappiello.fr\/en\/"},{"@type":"ListItem","position":2,"name":"The works","item":"https:\/\/cappiello.fr\/en\/the-works\/"},{"@type":"ListItem","position":3,"name":"Siglo (El)"}]},{"@type":"WebSite","@id":"https:\/\/cappiello.fr\/en\/#website","url":"https:\/\/cappiello.fr\/en\/","name":"Catalogue raisonn\u00e9 de Leonetto Cappiello","description":"Plongez dans l&#039;univers de Leonetto Cappiello, le p\u00e8re de la publicit\u00e9 moderne","potentialAction":[{"@type":"SearchAction","target":{"@type":"EntryPoint","urlTemplate":"https:\/\/cappiello.fr\/en\/?s={search_term_string}"},"query-input":{"@type":"PropertyValueSpecification","valueRequired":true,"valueName":"search_term_string"}}],"inLanguage":"en-US"}]},"product_price_currency":"EUR","og_availability":"instock","product_availability":"instock","product_retailer_item_id":"1903009Z1","product_condition":"new"},"_links":{"self":[{"href":"https:\/\/cappiello.fr\/en\/wp-json\/wp\/v2\/product\/132107","targetHints":{"allow":["GET"]}}],"collection":[{"href":"https:\/\/cappiello.fr\/en\/wp-json\/wp\/v2\/product"}],"about":[{"href":"https:\/\/cappiello.fr\/en\/wp-json\/wp\/v2\/types\/product"}],"wp:featuredmedia":[{"embeddable":true,"href":"https:\/\/cappiello.fr\/en\/wp-json\/wp\/v2\/media\/134397"}],"wp:attachment":[{"href":"https:\/\/cappiello.fr\/en\/wp-json\/wp\/v2\/media?parent=132107"}],"wp:term":[{"taxonomy":"type-doeuvre","embeddable":true,"href":"https:\/\/cappiello.fr\/en\/wp-json\/wp\/v2\/type-doeuvre?post=132107"},{"taxonomy":"product_brand","embeddable":true,"href":"https:\/\/cappiello.fr\/en\/wp-json\/wp\/v2\/product_brand?post=132107"},{"taxonomy":"product_cat","embeddable":true,"href":"https:\/\/cappiello.fr\/en\/wp-json\/wp\/v2\/product_cat?post=132107"},{"taxonomy":"product_tag","embeddable":true,"href":"https:\/\/cappiello.fr\/en\/wp-json\/wp\/v2\/product_tag?post=132107"}],"curies":[{"name":"wp","href":"https:\/\/api.w.org\/{rel}","templated":true}]}}