{"id":132133,"date":"1903-01-01T00:00:00","date_gmt":"1902-12-31T23:50:39","guid":{"rendered":"https:\/\/cappiello.fr\/produit\/polaire-bouffes-parisiens\/"},"modified":"2025-05-15T00:04:12","modified_gmt":"2025-05-14T22:04:12","slug":"polaire-bouffes-parisiens","status":"publish","type":"product","link":"https:\/\/cappiello.fr\/en\/produit\/polaire-bouffes-parisiens\/","title":{"rendered":"Polaire \/ Bouffes-Parisiens"},"content":{"rendered":"<p>Polaire standing, in the costume of a young boy.<br \/>\n&#8220;In the conception of most of his posters, Cappiello preludes his portraits, as he casts onto his large plain backgrounds curious silhouettes of Parisian women with pretty contours and slender grace. These posters are made up of the silhouette of a leading performer, captured in the fundamental attitude of the role, in costume, with a touch of strangeness in the coloring that accounts for the evening lights, and places on the walls, against a bright background, the slightly harsh line that the footlights give the artist during the performance. Thus, Polaire was depicted as a &#8216;young boy&#8217; by Cappiello.&#8221;<br \/>\n[Gustave Kahn, La Revue Illustr\u00e9e, August 5, 1906].<\/p>\n","protected":false},"excerpt":{"rendered":"<p>Polaire in &#8220;Le P&#8217;tit Jeune Homme,&#8221; a three-act play by Willy and Luvey, performed at the Bouffes-Parisiens. Premiered on January 22, 1902, it was staged in Paris over 120 times and had numerous performances in the provinces. Its success was considerable.<br \/>\nColette said of Polaire in this play: &#8220;She understood everything that was nuance, subtlety, hidden meaning, and translated it delightfully.&#8221;<\/p>\n","protected":false},"featured_media":132134,"template":"","meta":{"_acf_changed":false},"type-doeuvre":[4057],"product_brand":[],"product_cat":[3619],"product_tag":[3825,3250],"class_list":{"0":"post-132133","1":"product","2":"type-product","3":"status-publish","4":"has-post-thumbnail","6":"type-doeuvre-affiches","7":"product_cat-theaters-shows","8":"product_tag-actress","9":"product_tag-hat","10":"pa_periode-1900-1918-en","11":"pa_type-de-contenu-lithography","13":"first","14":"instock","15":"virtual","16":"product-type-simple"},"acf":[],"yoast_head":"<!-- This site is optimized with the Yoast SEO Premium plugin v27.0 (Yoast SEO v27.4) - https:\/\/yoast.com\/product\/yoast-seo-premium-wordpress\/ -->\n<title>Polaire \/ Bouffes-Parisiens - Catalogue Raisonn\u00e9 de Leonetto Cappiello<\/title>\n<meta name=\"description\" content=\"Polaire standing, in the costume of a young man. &quot;In the design of most of his posters, Cappiello preludes his portraits, as he casts onto his large plain backgrounds curious silhouettes of Parisian women with pretty contours and slender elegance. These posters, formed by the silhouette of a leading performer captured in the fundamental stance of the role, in costume, with a touch of strangeness in the coloring that accounts for evening lights, place on the walls, against a bright background, the slightly harsh line that the footlights give the artist during the performance. Thus, Polaire was depicted as a &#039;young man&#039; by Cappiello&quot; [Gustave Kahn, La Revue Illustr\u00e9e, August 5, 1906].\" \/>\n<meta name=\"robots\" content=\"index, follow, max-snippet:-1, max-image-preview:large, max-video-preview:-1\" \/>\n<link rel=\"canonical\" href=\"https:\/\/cappiello.fr\/en\/produit\/polaire-bouffes-parisiens\/\" \/>\n<meta property=\"og:locale\" content=\"en_US\" \/>\n<meta property=\"og:type\" content=\"article\" \/>\n<meta property=\"og:title\" content=\"Polaire \/ Bouffes-Parisiens\" \/>\n<meta property=\"og:description\" content=\"Polaire standing, in the costume of a young man. &quot;In the design of most of his posters, Cappiello preludes his portraits, as he casts onto his large plain backgrounds curious silhouettes of Parisian women with pretty contours and slender elegance. These posters, formed by the silhouette of a leading performer captured in the fundamental stance of the role, in costume, with a touch of strangeness in the coloring that accounts for evening lights, place on the walls, against a bright background, the slightly harsh line that the footlights give the artist during the performance. Thus, Polaire was depicted as a &#039;young man&#039; by Cappiello&quot; [Gustave Kahn, La Revue Illustr\u00e9e, August 5, 1906].\" \/>\n<meta property=\"og:url\" content=\"https:\/\/cappiello.fr\/en\/produit\/polaire-bouffes-parisiens\/\" \/>\n<meta property=\"og:site_name\" content=\"Catalogue raisonn\u00e9 de Leonetto Cappiello\" \/>\n<meta property=\"article:modified_time\" content=\"2025-05-14T22:04:12+00:00\" \/>\n<meta property=\"og:image\" content=\"https:\/\/cappiello.fr\/wp-content\/uploads\/2024\/10\/Lithographie-affiche-publicitaire-polaire-bouffes-parisiens-cappiello-1903.jpg\" \/>\n\t<meta property=\"og:image:width\" content=\"582\" \/>\n\t<meta property=\"og:image:height\" content=\"800\" \/>\n\t<meta property=\"og:image:type\" content=\"image\/jpeg\" \/>\n<meta name=\"twitter:card\" content=\"summary_large_image\" \/>\n<meta name=\"twitter:title\" content=\"Polaire \/ Bouffes-Parisiens\" \/>\n<meta name=\"twitter:description\" content=\"Polaire standing, in the costume of a young man. &quot;In the design of most of his posters, Cappiello preludes his portraits, as he casts onto his large plain backgrounds curious silhouettes of Parisian women with pretty contours and slender elegance. These posters, formed by the silhouette of a leading performer captured in the fundamental stance of the role, in costume, with a touch of strangeness in the coloring that accounts for evening lights, place on the walls, against a bright background, the slightly harsh line that the footlights give the artist during the performance. Thus, Polaire was depicted as a &#039;young man&#039; by Cappiello&quot; [Gustave Kahn, La Revue Illustr\u00e9e, August 5, 1906].\" \/>\n<meta name=\"twitter:label1\" content=\"Price\" \/>\n\t<meta name=\"twitter:data1\" content=\"\" \/>\n\t<meta name=\"twitter:label2\" content=\"Availability\" \/>\n\t<meta name=\"twitter:data2\" content=\"In stock\" \/>\n<script type=\"application\/ld+json\" class=\"yoast-schema-graph\">{\"@context\":\"https:\\\/\\\/schema.org\",\"@graph\":[{\"@type\":[\"WebPage\",\"ItemPage\"],\"@id\":\"https:\\\/\\\/cappiello.fr\\\/en\\\/produit\\\/polaire-bouffes-parisiens\\\/\",\"url\":\"https:\\\/\\\/cappiello.fr\\\/en\\\/produit\\\/polaire-bouffes-parisiens\\\/\",\"name\":\"Polaire \\\/ Bouffes-Parisiens - Catalogue Raisonn\u00e9 de Leonetto Cappiello\",\"isPartOf\":{\"@id\":\"https:\\\/\\\/cappiello.fr\\\/en\\\/#website\"},\"primaryImageOfPage\":{\"@id\":\"https:\\\/\\\/cappiello.fr\\\/en\\\/produit\\\/polaire-bouffes-parisiens\\\/#primaryimage\"},\"image\":{\"@id\":\"https:\\\/\\\/cappiello.fr\\\/en\\\/produit\\\/polaire-bouffes-parisiens\\\/#primaryimage\"},\"thumbnailUrl\":\"https:\\\/\\\/cappiello.fr\\\/wp-content\\\/uploads\\\/2024\\\/10\\\/Lithographie-affiche-publicitaire-polaire-bouffes-parisiens-cappiello-1903.jpg\",\"datePublished\":\"1902-12-31T23:50:39+00:00\",\"dateModified\":\"2025-05-14T22:04:12+00:00\",\"description\":\"Polaire standing, in the costume of a young man. \\\"In the design of most of his posters, Cappiello preludes his portraits, as he casts onto his large plain backgrounds curious silhouettes of Parisian women with pretty contours and slender elegance. These posters, formed by the silhouette of a leading performer captured in the fundamental stance of the role, in costume, with a touch of strangeness in the coloring that accounts for evening lights, place on the walls, against a bright background, the slightly harsh line that the footlights give the artist during the performance. Thus, Polaire was depicted as a 'young man' by Cappiello\\\" [Gustave Kahn, La Revue Illustr\u00e9e, August 5, 1906].\",\"breadcrumb\":{\"@id\":\"https:\\\/\\\/cappiello.fr\\\/en\\\/produit\\\/polaire-bouffes-parisiens\\\/#breadcrumb\"},\"inLanguage\":\"en-US\",\"potentialAction\":[{\"@type\":\"ReadAction\",\"target\":[\"https:\\\/\\\/cappiello.fr\\\/en\\\/produit\\\/polaire-bouffes-parisiens\\\/\"]}]},{\"@type\":\"ImageObject\",\"inLanguage\":\"en-US\",\"@id\":\"https:\\\/\\\/cappiello.fr\\\/en\\\/produit\\\/polaire-bouffes-parisiens\\\/#primaryimage\",\"url\":\"https:\\\/\\\/cappiello.fr\\\/wp-content\\\/uploads\\\/2024\\\/10\\\/Lithographie-affiche-publicitaire-polaire-bouffes-parisiens-cappiello-1903.jpg\",\"contentUrl\":\"https:\\\/\\\/cappiello.fr\\\/wp-content\\\/uploads\\\/2024\\\/10\\\/Lithographie-affiche-publicitaire-polaire-bouffes-parisiens-cappiello-1903.jpg\",\"width\":582,\"height\":800,\"caption\":\"a play in 3 acts by Willy and Luvey\"},{\"@type\":\"BreadcrumbList\",\"@id\":\"https:\\\/\\\/cappiello.fr\\\/en\\\/produit\\\/polaire-bouffes-parisiens\\\/#breadcrumb\",\"itemListElement\":[{\"@type\":\"ListItem\",\"position\":1,\"name\":\"Accueil\",\"item\":\"https:\\\/\\\/cappiello.fr\\\/en\\\/\"},{\"@type\":\"ListItem\",\"position\":2,\"name\":\"The works\",\"item\":\"https:\\\/\\\/cappiello.fr\\\/en\\\/the-works\\\/\"},{\"@type\":\"ListItem\",\"position\":3,\"name\":\"Polaire \\\/ Bouffes-Parisiens\"}]},{\"@type\":\"WebSite\",\"@id\":\"https:\\\/\\\/cappiello.fr\\\/en\\\/#website\",\"url\":\"https:\\\/\\\/cappiello.fr\\\/en\\\/\",\"name\":\"Catalogue raisonn\u00e9 de Leonetto Cappiello\",\"description\":\"Plongez dans l&#039;univers de Leonetto Cappiello, le p\u00e8re de la publicit\u00e9 moderne\",\"potentialAction\":[{\"@type\":\"SearchAction\",\"target\":{\"@type\":\"EntryPoint\",\"urlTemplate\":\"https:\\\/\\\/cappiello.fr\\\/en\\\/?s={search_term_string}\"},\"query-input\":{\"@type\":\"PropertyValueSpecification\",\"valueRequired\":true,\"valueName\":\"search_term_string\"}}],\"inLanguage\":\"en-US\"}]}<\/script>\n<meta property=\"product:price:currency\" content=\"EUR\" \/>\n<meta property=\"og:availability\" content=\"instock\" \/>\n<meta property=\"product:availability\" content=\"instock\" \/>\n<meta property=\"product:retailer_item_id\" content=\"1903013Z0 et 1903013Z1\" \/>\n<meta property=\"product:condition\" content=\"new\" \/>\n<!-- \/ Yoast SEO Premium plugin. -->","yoast_head_json":{"title":"Polaire \/ Bouffes-Parisiens - Catalogue Raisonn\u00e9 de Leonetto Cappiello","description":"Polaire standing, in the costume of a young man. \"In the design of most of his posters, Cappiello preludes his portraits, as he casts onto his large plain backgrounds curious silhouettes of Parisian women with pretty contours and slender elegance. These posters, formed by the silhouette of a leading performer captured in the fundamental stance of the role, in costume, with a touch of strangeness in the coloring that accounts for evening lights, place on the walls, against a bright background, the slightly harsh line that the footlights give the artist during the performance. Thus, Polaire was depicted as a 'young man' by Cappiello\" [Gustave Kahn, La Revue Illustr\u00e9e, August 5, 1906].","robots":{"index":"index","follow":"follow","max-snippet":"max-snippet:-1","max-image-preview":"max-image-preview:large","max-video-preview":"max-video-preview:-1"},"canonical":"https:\/\/cappiello.fr\/en\/produit\/polaire-bouffes-parisiens\/","og_locale":"en_US","og_type":"article","og_title":"Polaire \/ Bouffes-Parisiens","og_description":"Polaire standing, in the costume of a young man. \"In the design of most of his posters, Cappiello preludes his portraits, as he casts onto his large plain backgrounds curious silhouettes of Parisian women with pretty contours and slender elegance. These posters, formed by the silhouette of a leading performer captured in the fundamental stance of the role, in costume, with a touch of strangeness in the coloring that accounts for evening lights, place on the walls, against a bright background, the slightly harsh line that the footlights give the artist during the performance. Thus, Polaire was depicted as a 'young man' by Cappiello\" [Gustave Kahn, La Revue Illustr\u00e9e, August 5, 1906].","og_url":"https:\/\/cappiello.fr\/en\/produit\/polaire-bouffes-parisiens\/","og_site_name":"Catalogue raisonn\u00e9 de Leonetto Cappiello","article_modified_time":"2025-05-14T22:04:12+00:00","og_image":[{"width":582,"height":800,"url":"https:\/\/cappiello.fr\/wp-content\/uploads\/2024\/10\/Lithographie-affiche-publicitaire-polaire-bouffes-parisiens-cappiello-1903.jpg","type":"image\/jpeg"}],"twitter_card":"summary_large_image","twitter_title":"Polaire \/ Bouffes-Parisiens","twitter_description":"Polaire standing, in the costume of a young man. \"In the design of most of his posters, Cappiello preludes his portraits, as he casts onto his large plain backgrounds curious silhouettes of Parisian women with pretty contours and slender elegance. These posters, formed by the silhouette of a leading performer captured in the fundamental stance of the role, in costume, with a touch of strangeness in the coloring that accounts for evening lights, place on the walls, against a bright background, the slightly harsh line that the footlights give the artist during the performance. Thus, Polaire was depicted as a 'young man' by Cappiello\" [Gustave Kahn, La Revue Illustr\u00e9e, August 5, 1906].","twitter_misc":{"Price":"","Availability":"In stock"},"schema":{"@context":"https:\/\/schema.org","@graph":[{"@type":["WebPage","ItemPage"],"@id":"https:\/\/cappiello.fr\/en\/produit\/polaire-bouffes-parisiens\/","url":"https:\/\/cappiello.fr\/en\/produit\/polaire-bouffes-parisiens\/","name":"Polaire \/ Bouffes-Parisiens - Catalogue Raisonn\u00e9 de Leonetto Cappiello","isPartOf":{"@id":"https:\/\/cappiello.fr\/en\/#website"},"primaryImageOfPage":{"@id":"https:\/\/cappiello.fr\/en\/produit\/polaire-bouffes-parisiens\/#primaryimage"},"image":{"@id":"https:\/\/cappiello.fr\/en\/produit\/polaire-bouffes-parisiens\/#primaryimage"},"thumbnailUrl":"https:\/\/cappiello.fr\/wp-content\/uploads\/2024\/10\/Lithographie-affiche-publicitaire-polaire-bouffes-parisiens-cappiello-1903.jpg","datePublished":"1902-12-31T23:50:39+00:00","dateModified":"2025-05-14T22:04:12+00:00","description":"Polaire standing, in the costume of a young man. \"In the design of most of his posters, Cappiello preludes his portraits, as he casts onto his large plain backgrounds curious silhouettes of Parisian women with pretty contours and slender elegance. These posters, formed by the silhouette of a leading performer captured in the fundamental stance of the role, in costume, with a touch of strangeness in the coloring that accounts for evening lights, place on the walls, against a bright background, the slightly harsh line that the footlights give the artist during the performance. Thus, Polaire was depicted as a 'young man' by Cappiello\" [Gustave Kahn, La Revue Illustr\u00e9e, August 5, 1906].","breadcrumb":{"@id":"https:\/\/cappiello.fr\/en\/produit\/polaire-bouffes-parisiens\/#breadcrumb"},"inLanguage":"en-US","potentialAction":[{"@type":"ReadAction","target":["https:\/\/cappiello.fr\/en\/produit\/polaire-bouffes-parisiens\/"]}]},{"@type":"ImageObject","inLanguage":"en-US","@id":"https:\/\/cappiello.fr\/en\/produit\/polaire-bouffes-parisiens\/#primaryimage","url":"https:\/\/cappiello.fr\/wp-content\/uploads\/2024\/10\/Lithographie-affiche-publicitaire-polaire-bouffes-parisiens-cappiello-1903.jpg","contentUrl":"https:\/\/cappiello.fr\/wp-content\/uploads\/2024\/10\/Lithographie-affiche-publicitaire-polaire-bouffes-parisiens-cappiello-1903.jpg","width":582,"height":800,"caption":"a play in 3 acts by Willy and Luvey"},{"@type":"BreadcrumbList","@id":"https:\/\/cappiello.fr\/en\/produit\/polaire-bouffes-parisiens\/#breadcrumb","itemListElement":[{"@type":"ListItem","position":1,"name":"Accueil","item":"https:\/\/cappiello.fr\/en\/"},{"@type":"ListItem","position":2,"name":"The works","item":"https:\/\/cappiello.fr\/en\/the-works\/"},{"@type":"ListItem","position":3,"name":"Polaire \/ Bouffes-Parisiens"}]},{"@type":"WebSite","@id":"https:\/\/cappiello.fr\/en\/#website","url":"https:\/\/cappiello.fr\/en\/","name":"Catalogue raisonn\u00e9 de Leonetto Cappiello","description":"Plongez dans l&#039;univers de Leonetto Cappiello, le p\u00e8re de la publicit\u00e9 moderne","potentialAction":[{"@type":"SearchAction","target":{"@type":"EntryPoint","urlTemplate":"https:\/\/cappiello.fr\/en\/?s={search_term_string}"},"query-input":{"@type":"PropertyValueSpecification","valueRequired":true,"valueName":"search_term_string"}}],"inLanguage":"en-US"}]},"product_price_currency":"EUR","og_availability":"instock","product_availability":"instock","product_retailer_item_id":"1903013Z0 et 1903013Z1","product_condition":"new"},"_links":{"self":[{"href":"https:\/\/cappiello.fr\/en\/wp-json\/wp\/v2\/product\/132133","targetHints":{"allow":["GET"]}}],"collection":[{"href":"https:\/\/cappiello.fr\/en\/wp-json\/wp\/v2\/product"}],"about":[{"href":"https:\/\/cappiello.fr\/en\/wp-json\/wp\/v2\/types\/product"}],"wp:featuredmedia":[{"embeddable":true,"href":"https:\/\/cappiello.fr\/en\/wp-json\/wp\/v2\/media\/132134"}],"wp:attachment":[{"href":"https:\/\/cappiello.fr\/en\/wp-json\/wp\/v2\/media?parent=132133"}],"wp:term":[{"taxonomy":"type-doeuvre","embeddable":true,"href":"https:\/\/cappiello.fr\/en\/wp-json\/wp\/v2\/type-doeuvre?post=132133"},{"taxonomy":"product_brand","embeddable":true,"href":"https:\/\/cappiello.fr\/en\/wp-json\/wp\/v2\/product_brand?post=132133"},{"taxonomy":"product_cat","embeddable":true,"href":"https:\/\/cappiello.fr\/en\/wp-json\/wp\/v2\/product_cat?post=132133"},{"taxonomy":"product_tag","embeddable":true,"href":"https:\/\/cappiello.fr\/en\/wp-json\/wp\/v2\/product_tag?post=132133"}],"curies":[{"name":"wp","href":"https:\/\/api.w.org\/{rel}","templated":true}]}}