{"id":132199,"date":"1913-01-01T00:00:00","date_gmt":"1913-01-01T00:00:00","guid":{"rendered":"https:\/\/cappiello.fr\/produit\/cigarettes-bastos-2\/"},"modified":"2025-05-24T18:10:28","modified_gmt":"2025-05-24T16:10:28","slug":"cigarettes-bastos-2","status":"publish","type":"product","link":"https:\/\/cappiello.fr\/en\/produit\/cigarettes-bastos-2\/","title":{"rendered":"Cigarettes Bastos"},"content":{"rendered":"<p>Two Arabs, facing each other, similar and symmetrical, light a cigarette from one to the other. They seem to half fly in the image of their smoke.<\/p>\n","protected":false},"excerpt":{"rendered":"<p>The tobacco factory (J. Bastos cigars and cigarettes) was founded in 1838 in Oran, Algeria by the Spaniard Juan Bastos. In the early 1900s, the company distributed its products throughout Europe. In January 1912 it became a public limited company.<\/p>\n","protected":false},"featured_media":134274,"template":"","meta":{"_acf_changed":false},"type-doeuvre":[4057],"product_brand":[],"product_cat":[3329],"product_tag":[3395,3625,3442,3331,3504],"class_list":{"0":"post-132199","1":"product","2":"type-product","3":"status-publish","4":"has-post-thumbnail","6":"type-doeuvre-affiches","7":"product_cat-tobacco-and-matches","8":"product_tag-flame","9":"product_tag-carpet","10":"product_tag-cup-en-7","11":"product_tag-smile-en","12":"product_tag-glass-en-7","13":"pa_periode-1900-1918-en","14":"pa_type-de-contenu-lithography","16":"first","17":"instock","18":"virtual","19":"product-type-simple"},"acf":[],"yoast_head":"<!-- This site is optimized with the Yoast SEO Premium plugin v27.0 (Yoast SEO v27.4) - https:\/\/yoast.com\/product\/yoast-seo-premium-wordpress\/ -->\n<title>Cigarettes Bastos - Catalogue Raisonn\u00e9 de Leonetto Cappiello<\/title>\n<meta name=\"description\" content=\"Two Arabs, facing each other, similar and symmetrical, light a cigarette from one to the other. They seem to half fly in the image of their smoke.\" \/>\n<meta name=\"robots\" content=\"index, follow, max-snippet:-1, max-image-preview:large, max-video-preview:-1\" \/>\n<link rel=\"canonical\" href=\"https:\/\/cappiello.fr\/en\/produit\/cigarettes-bastos-2\/\" \/>\n<meta property=\"og:locale\" content=\"en_US\" \/>\n<meta property=\"og:type\" content=\"article\" \/>\n<meta property=\"og:title\" content=\"Cigarettes Bastos\" \/>\n<meta property=\"og:description\" content=\"Two Arabs, facing each other, similar and symmetrical, light a cigarette from one to the other. They seem to half fly in the image of their smoke.\" \/>\n<meta property=\"og:url\" content=\"https:\/\/cappiello.fr\/en\/produit\/cigarettes-bastos-2\/\" \/>\n<meta property=\"og:site_name\" content=\"Catalogue raisonn\u00e9 de Leonetto Cappiello\" \/>\n<meta property=\"article:modified_time\" content=\"2025-05-24T16:10:28+00:00\" \/>\n<meta property=\"og:image\" content=\"https:\/\/cappiello.fr\/wp-content\/uploads\/2024\/10\/Lithographie-affiche-publicitaire-cigarettes-bastos-cappiello-1913.jpg\" \/>\n\t<meta property=\"og:image:width\" content=\"514\" \/>\n\t<meta property=\"og:image:height\" content=\"800\" \/>\n\t<meta property=\"og:image:type\" content=\"image\/jpeg\" \/>\n<meta name=\"twitter:card\" content=\"summary_large_image\" \/>\n<meta name=\"twitter:title\" content=\"Cigarettes Bastos\" \/>\n<meta name=\"twitter:description\" content=\"Two Arabs, facing each other, similar and symmetrical, light a cigarette from one to the other. They seem to half fly in the image of their smoke.\" \/>\n<meta name=\"twitter:label1\" content=\"Price\" \/>\n\t<meta name=\"twitter:data1\" content=\"\" \/>\n\t<meta name=\"twitter:label2\" content=\"Availability\" \/>\n\t<meta name=\"twitter:data2\" content=\"In stock\" \/>\n<script type=\"application\/ld+json\" class=\"yoast-schema-graph\">{\"@context\":\"https:\\\/\\\/schema.org\",\"@graph\":[{\"@type\":[\"WebPage\",\"ItemPage\"],\"@id\":\"https:\\\/\\\/cappiello.fr\\\/en\\\/produit\\\/cigarettes-bastos-2\\\/\",\"url\":\"https:\\\/\\\/cappiello.fr\\\/en\\\/produit\\\/cigarettes-bastos-2\\\/\",\"name\":\"Cigarettes Bastos - Catalogue Raisonn\u00e9 de Leonetto Cappiello\",\"isPartOf\":{\"@id\":\"https:\\\/\\\/cappiello.fr\\\/en\\\/#website\"},\"primaryImageOfPage\":{\"@id\":\"https:\\\/\\\/cappiello.fr\\\/en\\\/produit\\\/cigarettes-bastos-2\\\/#primaryimage\"},\"image\":{\"@id\":\"https:\\\/\\\/cappiello.fr\\\/en\\\/produit\\\/cigarettes-bastos-2\\\/#primaryimage\"},\"thumbnailUrl\":\"https:\\\/\\\/cappiello.fr\\\/wp-content\\\/uploads\\\/2024\\\/10\\\/Lithographie-affiche-publicitaire-cigarettes-bastos-cappiello-1913.jpg\",\"datePublished\":\"1913-01-01T00:00:00+00:00\",\"dateModified\":\"2025-05-24T16:10:28+00:00\",\"description\":\"Two Arabs, facing each other, similar and symmetrical, light a cigarette from one to the other. They seem to half fly in the image of their smoke.\",\"breadcrumb\":{\"@id\":\"https:\\\/\\\/cappiello.fr\\\/en\\\/produit\\\/cigarettes-bastos-2\\\/#breadcrumb\"},\"inLanguage\":\"en-US\",\"potentialAction\":[{\"@type\":\"ReadAction\",\"target\":[\"https:\\\/\\\/cappiello.fr\\\/en\\\/produit\\\/cigarettes-bastos-2\\\/\"]}]},{\"@type\":\"ImageObject\",\"inLanguage\":\"en-US\",\"@id\":\"https:\\\/\\\/cappiello.fr\\\/en\\\/produit\\\/cigarettes-bastos-2\\\/#primaryimage\",\"url\":\"https:\\\/\\\/cappiello.fr\\\/wp-content\\\/uploads\\\/2024\\\/10\\\/Lithographie-affiche-publicitaire-cigarettes-bastos-cappiello-1913.jpg\",\"contentUrl\":\"https:\\\/\\\/cappiello.fr\\\/wp-content\\\/uploads\\\/2024\\\/10\\\/Lithographie-affiche-publicitaire-cigarettes-bastos-cappiello-1913.jpg\",\"width\":514,\"height\":800,\"caption\":\"La manufacture de tabac (cigares et cigarettes J. Bastos) est fond\u00e9e en 1838 \u00e0 Oran en Alg\u00e9rie par l'espagnol Juan Bastos. D\u00e9but 1900\"},{\"@type\":\"BreadcrumbList\",\"@id\":\"https:\\\/\\\/cappiello.fr\\\/en\\\/produit\\\/cigarettes-bastos-2\\\/#breadcrumb\",\"itemListElement\":[{\"@type\":\"ListItem\",\"position\":1,\"name\":\"Accueil\",\"item\":\"https:\\\/\\\/cappiello.fr\\\/en\\\/\"},{\"@type\":\"ListItem\",\"position\":2,\"name\":\"The works\",\"item\":\"https:\\\/\\\/cappiello.fr\\\/en\\\/the-works\\\/\"},{\"@type\":\"ListItem\",\"position\":3,\"name\":\"Cigarettes Bastos\"}]},{\"@type\":\"WebSite\",\"@id\":\"https:\\\/\\\/cappiello.fr\\\/en\\\/#website\",\"url\":\"https:\\\/\\\/cappiello.fr\\\/en\\\/\",\"name\":\"Catalogue raisonn\u00e9 de Leonetto Cappiello\",\"description\":\"Plongez dans l&#039;univers de Leonetto Cappiello, le p\u00e8re de la publicit\u00e9 moderne\",\"potentialAction\":[{\"@type\":\"SearchAction\",\"target\":{\"@type\":\"EntryPoint\",\"urlTemplate\":\"https:\\\/\\\/cappiello.fr\\\/en\\\/?s={search_term_string}\"},\"query-input\":{\"@type\":\"PropertyValueSpecification\",\"valueRequired\":true,\"valueName\":\"search_term_string\"}}],\"inLanguage\":\"en-US\"}]}<\/script>\n<meta property=\"product:price:currency\" content=\"EUR\" \/>\n<meta property=\"og:availability\" content=\"instock\" \/>\n<meta property=\"product:availability\" content=\"instock\" \/>\n<meta property=\"product:retailer_item_id\" content=\"1913003Z0 et 1913003Z1\" \/>\n<meta property=\"product:condition\" content=\"new\" \/>\n<!-- \/ Yoast SEO Premium plugin. -->","yoast_head_json":{"title":"Cigarettes Bastos - Catalogue Raisonn\u00e9 de Leonetto Cappiello","description":"Two Arabs, facing each other, similar and symmetrical, light a cigarette from one to the other. They seem to half fly in the image of their smoke.","robots":{"index":"index","follow":"follow","max-snippet":"max-snippet:-1","max-image-preview":"max-image-preview:large","max-video-preview":"max-video-preview:-1"},"canonical":"https:\/\/cappiello.fr\/en\/produit\/cigarettes-bastos-2\/","og_locale":"en_US","og_type":"article","og_title":"Cigarettes Bastos","og_description":"Two Arabs, facing each other, similar and symmetrical, light a cigarette from one to the other. They seem to half fly in the image of their smoke.","og_url":"https:\/\/cappiello.fr\/en\/produit\/cigarettes-bastos-2\/","og_site_name":"Catalogue raisonn\u00e9 de Leonetto Cappiello","article_modified_time":"2025-05-24T16:10:28+00:00","og_image":[{"width":514,"height":800,"url":"https:\/\/cappiello.fr\/wp-content\/uploads\/2024\/10\/Lithographie-affiche-publicitaire-cigarettes-bastos-cappiello-1913.jpg","type":"image\/jpeg"}],"twitter_card":"summary_large_image","twitter_title":"Cigarettes Bastos","twitter_description":"Two Arabs, facing each other, similar and symmetrical, light a cigarette from one to the other. They seem to half fly in the image of their smoke.","twitter_misc":{"Price":"","Availability":"In stock"},"schema":{"@context":"https:\/\/schema.org","@graph":[{"@type":["WebPage","ItemPage"],"@id":"https:\/\/cappiello.fr\/en\/produit\/cigarettes-bastos-2\/","url":"https:\/\/cappiello.fr\/en\/produit\/cigarettes-bastos-2\/","name":"Cigarettes Bastos - Catalogue Raisonn\u00e9 de Leonetto Cappiello","isPartOf":{"@id":"https:\/\/cappiello.fr\/en\/#website"},"primaryImageOfPage":{"@id":"https:\/\/cappiello.fr\/en\/produit\/cigarettes-bastos-2\/#primaryimage"},"image":{"@id":"https:\/\/cappiello.fr\/en\/produit\/cigarettes-bastos-2\/#primaryimage"},"thumbnailUrl":"https:\/\/cappiello.fr\/wp-content\/uploads\/2024\/10\/Lithographie-affiche-publicitaire-cigarettes-bastos-cappiello-1913.jpg","datePublished":"1913-01-01T00:00:00+00:00","dateModified":"2025-05-24T16:10:28+00:00","description":"Two Arabs, facing each other, similar and symmetrical, light a cigarette from one to the other. They seem to half fly in the image of their smoke.","breadcrumb":{"@id":"https:\/\/cappiello.fr\/en\/produit\/cigarettes-bastos-2\/#breadcrumb"},"inLanguage":"en-US","potentialAction":[{"@type":"ReadAction","target":["https:\/\/cappiello.fr\/en\/produit\/cigarettes-bastos-2\/"]}]},{"@type":"ImageObject","inLanguage":"en-US","@id":"https:\/\/cappiello.fr\/en\/produit\/cigarettes-bastos-2\/#primaryimage","url":"https:\/\/cappiello.fr\/wp-content\/uploads\/2024\/10\/Lithographie-affiche-publicitaire-cigarettes-bastos-cappiello-1913.jpg","contentUrl":"https:\/\/cappiello.fr\/wp-content\/uploads\/2024\/10\/Lithographie-affiche-publicitaire-cigarettes-bastos-cappiello-1913.jpg","width":514,"height":800,"caption":"La manufacture de tabac (cigares et cigarettes J. Bastos) est fond\u00e9e en 1838 \u00e0 Oran en Alg\u00e9rie par l'espagnol Juan Bastos. D\u00e9but 1900"},{"@type":"BreadcrumbList","@id":"https:\/\/cappiello.fr\/en\/produit\/cigarettes-bastos-2\/#breadcrumb","itemListElement":[{"@type":"ListItem","position":1,"name":"Accueil","item":"https:\/\/cappiello.fr\/en\/"},{"@type":"ListItem","position":2,"name":"The works","item":"https:\/\/cappiello.fr\/en\/the-works\/"},{"@type":"ListItem","position":3,"name":"Cigarettes Bastos"}]},{"@type":"WebSite","@id":"https:\/\/cappiello.fr\/en\/#website","url":"https:\/\/cappiello.fr\/en\/","name":"Catalogue raisonn\u00e9 de Leonetto Cappiello","description":"Plongez dans l&#039;univers de Leonetto Cappiello, le p\u00e8re de la publicit\u00e9 moderne","potentialAction":[{"@type":"SearchAction","target":{"@type":"EntryPoint","urlTemplate":"https:\/\/cappiello.fr\/en\/?s={search_term_string}"},"query-input":{"@type":"PropertyValueSpecification","valueRequired":true,"valueName":"search_term_string"}}],"inLanguage":"en-US"}]},"product_price_currency":"EUR","og_availability":"instock","product_availability":"instock","product_retailer_item_id":"1913003Z0 et 1913003Z1","product_condition":"new"},"_links":{"self":[{"href":"https:\/\/cappiello.fr\/en\/wp-json\/wp\/v2\/product\/132199","targetHints":{"allow":["GET"]}}],"collection":[{"href":"https:\/\/cappiello.fr\/en\/wp-json\/wp\/v2\/product"}],"about":[{"href":"https:\/\/cappiello.fr\/en\/wp-json\/wp\/v2\/types\/product"}],"wp:featuredmedia":[{"embeddable":true,"href":"https:\/\/cappiello.fr\/en\/wp-json\/wp\/v2\/media\/134274"}],"wp:attachment":[{"href":"https:\/\/cappiello.fr\/en\/wp-json\/wp\/v2\/media?parent=132199"}],"wp:term":[{"taxonomy":"type-doeuvre","embeddable":true,"href":"https:\/\/cappiello.fr\/en\/wp-json\/wp\/v2\/type-doeuvre?post=132199"},{"taxonomy":"product_brand","embeddable":true,"href":"https:\/\/cappiello.fr\/en\/wp-json\/wp\/v2\/product_brand?post=132199"},{"taxonomy":"product_cat","embeddable":true,"href":"https:\/\/cappiello.fr\/en\/wp-json\/wp\/v2\/product_cat?post=132199"},{"taxonomy":"product_tag","embeddable":true,"href":"https:\/\/cappiello.fr\/en\/wp-json\/wp\/v2\/product_tag?post=132199"}],"curies":[{"name":"wp","href":"https:\/\/api.w.org\/{rel}","templated":true}]}}