{"id":132254,"date":"1902-01-01T00:00:00","date_gmt":"1901-12-31T23:50:39","guid":{"rendered":"https:\/\/cappiello.fr\/produit\/pur-champagne\/"},"modified":"2025-05-15T00:04:35","modified_gmt":"2025-05-14T22:04:35","slug":"pur-champagne","status":"publish","type":"product","link":"https:\/\/cappiello.fr\/en\/produit\/pur-champagne\/","title":{"rendered":"Pur Champagne"},"content":{"rendered":"<p>A woman from 1900, very cheerful, pours herself a glass of champagne. Her red feathered hat matches the color of her dress. A long ribbon flies in the wind behind her.<br \/>\n&#8220;Here is our opinion regarding your poster. The drawing by Mr. Cappiello for our &#8216;Pure Champagne&#8217; is perfect in that it perfectly conveys the expression of frank cheerfulness communicated by the wine from the Champagne hills, the impression is of impeccable clarity. We believe that from an advertising standpoint, this poster is of the highest order, it catches the eye with the vivid tone of its colors and the graceful overall design it represents.&#8221;<br \/>\nThe director of the Association of Champagne Winegrowers and Damery Champagne, June 1903, to Mr. Vercasson.<\/p>\n","protected":false},"excerpt":{"rendered":"<p>Champagne wine produced in the Damery and Epernay region.<\/p>\n","protected":false},"featured_media":134985,"template":"","meta":{"_acf_changed":false},"type-doeuvre":[4057],"product_brand":[],"product_cat":[3368],"product_tag":[3290,3668,3250,3362,3502,3528],"class_list":{"0":"post-132254","1":"product","2":"type-product","3":"status-publish","4":"has-post-thumbnail","6":"type-doeuvre-affiches","7":"product_cat-sparkling-wines","8":"product_tag-mustache-en","9":"product_tag-grape-en-2","10":"product_tag-hat","11":"product_tag-long-dress","12":"product_tag-dress-en-2","13":"product_tag-rug-en","14":"pa_periode-1900-1918-en","15":"pa_type-de-contenu-lithography","17":"first","18":"instock","19":"virtual","20":"product-type-simple"},"acf":[],"yoast_head":"<!-- This site is optimized with the Yoast SEO Premium plugin v27.0 (Yoast SEO v27.4) - https:\/\/yoast.com\/product\/yoast-seo-premium-wordpress\/ -->\n<title>Pur Champagne - Catalogue Raisonn\u00e9 de Leonetto Cappiello<\/title>\n<meta name=\"description\" content=\"A 1900s woman, very cheerful, pours herself a glass of champagne. Her red feathered hat matches the color of her dress. A long ribbon flies in the wind behind her. &quot;Here is our opinion regarding your poster. Mr. Cappiello&#039;s design for our &#039;Pure Champagne&#039; is perfect in that it perfectly captures the expression of frank cheerfulness conveyed by the wine from the Champagne hills, the impression is of impeccable clarity. We believe that from an advertising standpoint, this poster is of the highest order, it catches the eye with the vibrant tone of its coloring and the graceful overall design it represents.&quot; The director of the Association of Champagne Winegrowers and Damery Champagne, June 1903, to Mr. Vercasson.\" \/>\n<meta name=\"robots\" content=\"index, follow, max-snippet:-1, max-image-preview:large, max-video-preview:-1\" \/>\n<link rel=\"canonical\" href=\"https:\/\/cappiello.fr\/en\/produit\/pur-champagne\/\" \/>\n<meta property=\"og:locale\" content=\"en_US\" \/>\n<meta property=\"og:type\" content=\"article\" \/>\n<meta property=\"og:title\" content=\"Pur Champagne\" \/>\n<meta property=\"og:description\" content=\"A 1900s woman, very cheerful, pours herself a glass of champagne. Her red feathered hat matches the color of her dress. A long ribbon flies in the wind behind her. &quot;Here is our opinion regarding your poster. Mr. Cappiello&#039;s design for our &#039;Pure Champagne&#039; is perfect in that it perfectly captures the expression of frank cheerfulness conveyed by the wine from the Champagne hills, the impression is of impeccable clarity. We believe that from an advertising standpoint, this poster is of the highest order, it catches the eye with the vibrant tone of its coloring and the graceful overall design it represents.&quot; The director of the Association of Champagne Winegrowers and Damery Champagne, June 1903, to Mr. Vercasson.\" \/>\n<meta property=\"og:url\" content=\"https:\/\/cappiello.fr\/en\/produit\/pur-champagne\/\" \/>\n<meta property=\"og:site_name\" content=\"Catalogue raisonn\u00e9 de Leonetto Cappiello\" \/>\n<meta property=\"article:modified_time\" content=\"2025-05-14T22:04:35+00:00\" \/>\n<meta property=\"og:image\" content=\"https:\/\/cappiello.fr\/wp-content\/uploads\/2024\/10\/Lithographie-affiche-publicitaire-pur-champagne-cappiello-1902.jpg\" \/>\n\t<meta property=\"og:image:width\" content=\"571\" \/>\n\t<meta property=\"og:image:height\" content=\"800\" \/>\n\t<meta property=\"og:image:type\" content=\"image\/jpeg\" \/>\n<meta name=\"twitter:card\" content=\"summary_large_image\" \/>\n<meta name=\"twitter:title\" content=\"Pur Champagne\" \/>\n<meta name=\"twitter:description\" content=\"A 1900s woman, very cheerful, pours herself a glass of champagne. Her red feathered hat matches the color of her dress. A long ribbon flies in the wind behind her. &quot;Here is our opinion regarding your poster. Mr. Cappiello&#039;s design for our &#039;Pure Champagne&#039; is perfect in that it perfectly captures the expression of frank cheerfulness conveyed by the wine from the Champagne hills, the impression is of impeccable clarity. We believe that from an advertising standpoint, this poster is of the highest order, it catches the eye with the vibrant tone of its coloring and the graceful overall design it represents.&quot; The director of the Association of Champagne Winegrowers and Damery Champagne, June 1903, to Mr. Vercasson.\" \/>\n<meta name=\"twitter:label1\" content=\"Price\" \/>\n\t<meta name=\"twitter:data1\" content=\"\" \/>\n\t<meta name=\"twitter:label2\" content=\"Availability\" \/>\n\t<meta name=\"twitter:data2\" content=\"In stock\" \/>\n<script type=\"application\/ld+json\" class=\"yoast-schema-graph\">{\"@context\":\"https:\\\/\\\/schema.org\",\"@graph\":[{\"@type\":[\"WebPage\",\"ItemPage\"],\"@id\":\"https:\\\/\\\/cappiello.fr\\\/en\\\/produit\\\/pur-champagne\\\/\",\"url\":\"https:\\\/\\\/cappiello.fr\\\/en\\\/produit\\\/pur-champagne\\\/\",\"name\":\"Pur Champagne - Catalogue Raisonn\u00e9 de Leonetto Cappiello\",\"isPartOf\":{\"@id\":\"https:\\\/\\\/cappiello.fr\\\/en\\\/#website\"},\"primaryImageOfPage\":{\"@id\":\"https:\\\/\\\/cappiello.fr\\\/en\\\/produit\\\/pur-champagne\\\/#primaryimage\"},\"image\":{\"@id\":\"https:\\\/\\\/cappiello.fr\\\/en\\\/produit\\\/pur-champagne\\\/#primaryimage\"},\"thumbnailUrl\":\"https:\\\/\\\/cappiello.fr\\\/wp-content\\\/uploads\\\/2024\\\/10\\\/Lithographie-affiche-publicitaire-pur-champagne-cappiello-1902.jpg\",\"datePublished\":\"1901-12-31T23:50:39+00:00\",\"dateModified\":\"2025-05-14T22:04:35+00:00\",\"description\":\"A 1900s woman, very cheerful, pours herself a glass of champagne. Her red feathered hat matches the color of her dress. A long ribbon flies in the wind behind her. \\\"Here is our opinion regarding your poster. Mr. Cappiello's design for our 'Pure Champagne' is perfect in that it perfectly captures the expression of frank cheerfulness conveyed by the wine from the Champagne hills, the impression is of impeccable clarity. We believe that from an advertising standpoint, this poster is of the highest order, it catches the eye with the vibrant tone of its coloring and the graceful overall design it represents.\\\" The director of the Association of Champagne Winegrowers and Damery Champagne, June 1903, to Mr. Vercasson.\",\"breadcrumb\":{\"@id\":\"https:\\\/\\\/cappiello.fr\\\/en\\\/produit\\\/pur-champagne\\\/#breadcrumb\"},\"inLanguage\":\"en-US\",\"potentialAction\":[{\"@type\":\"ReadAction\",\"target\":[\"https:\\\/\\\/cappiello.fr\\\/en\\\/produit\\\/pur-champagne\\\/\"]}]},{\"@type\":\"ImageObject\",\"inLanguage\":\"en-US\",\"@id\":\"https:\\\/\\\/cappiello.fr\\\/en\\\/produit\\\/pur-champagne\\\/#primaryimage\",\"url\":\"https:\\\/\\\/cappiello.fr\\\/wp-content\\\/uploads\\\/2024\\\/10\\\/Lithographie-affiche-publicitaire-pur-champagne-cappiello-1902.jpg\",\"contentUrl\":\"https:\\\/\\\/cappiello.fr\\\/wp-content\\\/uploads\\\/2024\\\/10\\\/Lithographie-affiche-publicitaire-pur-champagne-cappiello-1902.jpg\",\"width\":571,\"height\":800,\"caption\":\"Vin de champagne produit dans la r\u00e9gion de Damery et d'Epernay.\"},{\"@type\":\"BreadcrumbList\",\"@id\":\"https:\\\/\\\/cappiello.fr\\\/en\\\/produit\\\/pur-champagne\\\/#breadcrumb\",\"itemListElement\":[{\"@type\":\"ListItem\",\"position\":1,\"name\":\"Accueil\",\"item\":\"https:\\\/\\\/cappiello.fr\\\/en\\\/\"},{\"@type\":\"ListItem\",\"position\":2,\"name\":\"The works\",\"item\":\"https:\\\/\\\/cappiello.fr\\\/en\\\/the-works\\\/\"},{\"@type\":\"ListItem\",\"position\":3,\"name\":\"Pur Champagne\"}]},{\"@type\":\"WebSite\",\"@id\":\"https:\\\/\\\/cappiello.fr\\\/en\\\/#website\",\"url\":\"https:\\\/\\\/cappiello.fr\\\/en\\\/\",\"name\":\"Catalogue raisonn\u00e9 de Leonetto Cappiello\",\"description\":\"Plongez dans l&#039;univers de Leonetto Cappiello, le p\u00e8re de la publicit\u00e9 moderne\",\"potentialAction\":[{\"@type\":\"SearchAction\",\"target\":{\"@type\":\"EntryPoint\",\"urlTemplate\":\"https:\\\/\\\/cappiello.fr\\\/en\\\/?s={search_term_string}\"},\"query-input\":{\"@type\":\"PropertyValueSpecification\",\"valueRequired\":true,\"valueName\":\"search_term_string\"}}],\"inLanguage\":\"en-US\"}]}<\/script>\n<meta property=\"product:price:currency\" content=\"EUR\" \/>\n<meta property=\"og:availability\" content=\"instock\" \/>\n<meta property=\"product:availability\" content=\"instock\" \/>\n<meta property=\"product:retailer_item_id\" content=\"1902009Z0 et 1902009Z1\" \/>\n<meta property=\"product:condition\" content=\"new\" \/>\n<!-- \/ Yoast SEO Premium plugin. -->","yoast_head_json":{"title":"Pur Champagne - Catalogue Raisonn\u00e9 de Leonetto Cappiello","description":"A 1900s woman, very cheerful, pours herself a glass of champagne. Her red feathered hat matches the color of her dress. A long ribbon flies in the wind behind her. \"Here is our opinion regarding your poster. Mr. Cappiello's design for our 'Pure Champagne' is perfect in that it perfectly captures the expression of frank cheerfulness conveyed by the wine from the Champagne hills, the impression is of impeccable clarity. We believe that from an advertising standpoint, this poster is of the highest order, it catches the eye with the vibrant tone of its coloring and the graceful overall design it represents.\" The director of the Association of Champagne Winegrowers and Damery Champagne, June 1903, to Mr. Vercasson.","robots":{"index":"index","follow":"follow","max-snippet":"max-snippet:-1","max-image-preview":"max-image-preview:large","max-video-preview":"max-video-preview:-1"},"canonical":"https:\/\/cappiello.fr\/en\/produit\/pur-champagne\/","og_locale":"en_US","og_type":"article","og_title":"Pur Champagne","og_description":"A 1900s woman, very cheerful, pours herself a glass of champagne. Her red feathered hat matches the color of her dress. A long ribbon flies in the wind behind her. \"Here is our opinion regarding your poster. Mr. Cappiello's design for our 'Pure Champagne' is perfect in that it perfectly captures the expression of frank cheerfulness conveyed by the wine from the Champagne hills, the impression is of impeccable clarity. We believe that from an advertising standpoint, this poster is of the highest order, it catches the eye with the vibrant tone of its coloring and the graceful overall design it represents.\" The director of the Association of Champagne Winegrowers and Damery Champagne, June 1903, to Mr. Vercasson.","og_url":"https:\/\/cappiello.fr\/en\/produit\/pur-champagne\/","og_site_name":"Catalogue raisonn\u00e9 de Leonetto Cappiello","article_modified_time":"2025-05-14T22:04:35+00:00","og_image":[{"width":571,"height":800,"url":"https:\/\/cappiello.fr\/wp-content\/uploads\/2024\/10\/Lithographie-affiche-publicitaire-pur-champagne-cappiello-1902.jpg","type":"image\/jpeg"}],"twitter_card":"summary_large_image","twitter_title":"Pur Champagne","twitter_description":"A 1900s woman, very cheerful, pours herself a glass of champagne. Her red feathered hat matches the color of her dress. A long ribbon flies in the wind behind her. \"Here is our opinion regarding your poster. Mr. Cappiello's design for our 'Pure Champagne' is perfect in that it perfectly captures the expression of frank cheerfulness conveyed by the wine from the Champagne hills, the impression is of impeccable clarity. We believe that from an advertising standpoint, this poster is of the highest order, it catches the eye with the vibrant tone of its coloring and the graceful overall design it represents.\" The director of the Association of Champagne Winegrowers and Damery Champagne, June 1903, to Mr. Vercasson.","twitter_misc":{"Price":"","Availability":"In stock"},"schema":{"@context":"https:\/\/schema.org","@graph":[{"@type":["WebPage","ItemPage"],"@id":"https:\/\/cappiello.fr\/en\/produit\/pur-champagne\/","url":"https:\/\/cappiello.fr\/en\/produit\/pur-champagne\/","name":"Pur Champagne - Catalogue Raisonn\u00e9 de Leonetto Cappiello","isPartOf":{"@id":"https:\/\/cappiello.fr\/en\/#website"},"primaryImageOfPage":{"@id":"https:\/\/cappiello.fr\/en\/produit\/pur-champagne\/#primaryimage"},"image":{"@id":"https:\/\/cappiello.fr\/en\/produit\/pur-champagne\/#primaryimage"},"thumbnailUrl":"https:\/\/cappiello.fr\/wp-content\/uploads\/2024\/10\/Lithographie-affiche-publicitaire-pur-champagne-cappiello-1902.jpg","datePublished":"1901-12-31T23:50:39+00:00","dateModified":"2025-05-14T22:04:35+00:00","description":"A 1900s woman, very cheerful, pours herself a glass of champagne. Her red feathered hat matches the color of her dress. A long ribbon flies in the wind behind her. \"Here is our opinion regarding your poster. Mr. Cappiello's design for our 'Pure Champagne' is perfect in that it perfectly captures the expression of frank cheerfulness conveyed by the wine from the Champagne hills, the impression is of impeccable clarity. We believe that from an advertising standpoint, this poster is of the highest order, it catches the eye with the vibrant tone of its coloring and the graceful overall design it represents.\" The director of the Association of Champagne Winegrowers and Damery Champagne, June 1903, to Mr. Vercasson.","breadcrumb":{"@id":"https:\/\/cappiello.fr\/en\/produit\/pur-champagne\/#breadcrumb"},"inLanguage":"en-US","potentialAction":[{"@type":"ReadAction","target":["https:\/\/cappiello.fr\/en\/produit\/pur-champagne\/"]}]},{"@type":"ImageObject","inLanguage":"en-US","@id":"https:\/\/cappiello.fr\/en\/produit\/pur-champagne\/#primaryimage","url":"https:\/\/cappiello.fr\/wp-content\/uploads\/2024\/10\/Lithographie-affiche-publicitaire-pur-champagne-cappiello-1902.jpg","contentUrl":"https:\/\/cappiello.fr\/wp-content\/uploads\/2024\/10\/Lithographie-affiche-publicitaire-pur-champagne-cappiello-1902.jpg","width":571,"height":800,"caption":"Vin de champagne produit dans la r\u00e9gion de Damery et d'Epernay."},{"@type":"BreadcrumbList","@id":"https:\/\/cappiello.fr\/en\/produit\/pur-champagne\/#breadcrumb","itemListElement":[{"@type":"ListItem","position":1,"name":"Accueil","item":"https:\/\/cappiello.fr\/en\/"},{"@type":"ListItem","position":2,"name":"The works","item":"https:\/\/cappiello.fr\/en\/the-works\/"},{"@type":"ListItem","position":3,"name":"Pur Champagne"}]},{"@type":"WebSite","@id":"https:\/\/cappiello.fr\/en\/#website","url":"https:\/\/cappiello.fr\/en\/","name":"Catalogue raisonn\u00e9 de Leonetto Cappiello","description":"Plongez dans l&#039;univers de Leonetto Cappiello, le p\u00e8re de la publicit\u00e9 moderne","potentialAction":[{"@type":"SearchAction","target":{"@type":"EntryPoint","urlTemplate":"https:\/\/cappiello.fr\/en\/?s={search_term_string}"},"query-input":{"@type":"PropertyValueSpecification","valueRequired":true,"valueName":"search_term_string"}}],"inLanguage":"en-US"}]},"product_price_currency":"EUR","og_availability":"instock","product_availability":"instock","product_retailer_item_id":"1902009Z0 et 1902009Z1","product_condition":"new"},"_links":{"self":[{"href":"https:\/\/cappiello.fr\/en\/wp-json\/wp\/v2\/product\/132254","targetHints":{"allow":["GET"]}}],"collection":[{"href":"https:\/\/cappiello.fr\/en\/wp-json\/wp\/v2\/product"}],"about":[{"href":"https:\/\/cappiello.fr\/en\/wp-json\/wp\/v2\/types\/product"}],"wp:featuredmedia":[{"embeddable":true,"href":"https:\/\/cappiello.fr\/en\/wp-json\/wp\/v2\/media\/134985"}],"wp:attachment":[{"href":"https:\/\/cappiello.fr\/en\/wp-json\/wp\/v2\/media?parent=132254"}],"wp:term":[{"taxonomy":"type-doeuvre","embeddable":true,"href":"https:\/\/cappiello.fr\/en\/wp-json\/wp\/v2\/type-doeuvre?post=132254"},{"taxonomy":"product_brand","embeddable":true,"href":"https:\/\/cappiello.fr\/en\/wp-json\/wp\/v2\/product_brand?post=132254"},{"taxonomy":"product_cat","embeddable":true,"href":"https:\/\/cappiello.fr\/en\/wp-json\/wp\/v2\/product_cat?post=132254"},{"taxonomy":"product_tag","embeddable":true,"href":"https:\/\/cappiello.fr\/en\/wp-json\/wp\/v2\/product_tag?post=132254"}],"curies":[{"name":"wp","href":"https:\/\/api.w.org\/{rel}","templated":true}]}}