{"id":132315,"date":"1901-01-01T00:00:00","date_gmt":"1900-12-31T23:50:39","guid":{"rendered":"https:\/\/cappiello.fr\/produit\/caisse-simon-la-huitres-exquises-2\/"},"modified":"2025-05-27T11:08:08","modified_gmt":"2025-05-27T09:08:08","slug":"caisse-simon-la-huitres-exquises-2","status":"publish","type":"product","link":"https:\/\/cappiello.fr\/en\/produit\/caisse-simon-la-huitres-exquises-2\/","title":{"rendered":"Caisse Simon (La) \/ Hu\u00eetres Exquises"},"content":{"rendered":"<p>By the sea, a couple enjoys oysters opened by the vendor.<br \/>\n<br \/>To draw his characters, Cappiello drew inspiration from his brother Oreste and from Camille (on the left) and Marie M\u00fcller (in the center), sisters of the painter Alfredo M\u00fcller. Camille and Oreste married on March 3, 1900, in Paris&#8217;s 17th arrondissement.<\/p>\n","protected":false},"excerpt":{"rendered":"<p>Oysters farmed in Andernos on the Arcachon Bay.<\/p>\n","protected":false},"featured_media":134281,"template":"","meta":{"_acf_changed":false},"type-doeuvre":[4057],"product_brand":[],"product_cat":[3352],"product_tag":[3364,3250,3443,3900,3601,3311],"class_list":{"0":"post-132315","1":"product","2":"type-product","3":"status-publish","4":"has-post-thumbnail","6":"type-doeuvre-affiches","7":"product_cat-agricultural-and-seafood-products","8":"product_tag-long-dress-en-2","9":"product_tag-hat","10":"product_tag-cup-en-8","11":"product_tag-sea-en-3","12":"product_tag-society-man","13":"product_tag-society-woman","14":"pa_periode-1900-1918-en","15":"pa_type-de-contenu-maquette-en","17":"first","18":"instock","19":"virtual","20":"product-type-simple"},"acf":[],"yoast_head":"<!-- This site is optimized with the Yoast SEO Premium plugin v27.0 (Yoast SEO v27.4) - https:\/\/yoast.com\/product\/yoast-seo-premium-wordpress\/ -->\n<title>Caisse Simon (La) \/ Huitres Exquises - Catalogue Raisonn\u00e9 de Leonetto Cappiello<\/title>\n<meta name=\"description\" content=\"By the sea, a couple enjoys oysters opened by the vendor. To draw his characters, Cappiello was inspired by his brother Oreste and by Camille (on the left) and Marie (in the center) M\u00fcller, sisters of the painter Alfredo M\u00fcller. Camille M\u00fcller is Cappiello&#039;s sister-in-law. She and Oreste got married on March 3, 1900 in Paris&#039;s 17th arrondissement.\" \/>\n<meta name=\"robots\" content=\"index, follow, max-snippet:-1, max-image-preview:large, max-video-preview:-1\" \/>\n<link rel=\"canonical\" href=\"https:\/\/cappiello.fr\/en\/produit\/caisse-simon-la-huitres-exquises-2\/\" \/>\n<meta property=\"og:locale\" content=\"en_US\" \/>\n<meta property=\"og:type\" content=\"article\" \/>\n<meta property=\"og:title\" content=\"Caisse Simon (La) \/ Huitres Exquises\" \/>\n<meta property=\"og:description\" content=\"By the sea, a couple enjoys oysters opened by the vendor. To draw his characters, Cappiello was inspired by his brother Oreste and by Camille (on the left) and Marie (in the center) M\u00fcller, sisters of the painter Alfredo M\u00fcller. Camille M\u00fcller is Cappiello&#039;s sister-in-law. She and Oreste got married on March 3, 1900 in Paris&#039;s 17th arrondissement.\" \/>\n<meta property=\"og:url\" content=\"https:\/\/cappiello.fr\/en\/produit\/caisse-simon-la-huitres-exquises-2\/\" \/>\n<meta property=\"og:site_name\" content=\"Catalogue raisonn\u00e9 de Leonetto Cappiello\" \/>\n<meta property=\"article:modified_time\" content=\"2025-05-27T09:08:08+00:00\" \/>\n<meta property=\"og:image\" content=\"https:\/\/cappiello.fr\/wp-content\/uploads\/2024\/10\/Maquette-affiche-publicitaire-caisse-simon-la-huitres-exquises-cappiello-1901.jpg\" \/>\n\t<meta property=\"og:image:width\" content=\"800\" \/>\n\t<meta property=\"og:image:height\" content=\"498\" \/>\n\t<meta property=\"og:image:type\" content=\"image\/jpeg\" \/>\n<meta name=\"twitter:card\" content=\"summary_large_image\" \/>\n<meta name=\"twitter:title\" content=\"Caisse Simon (La) \/ Huitres Exquises\" \/>\n<meta name=\"twitter:description\" content=\"By the sea, a couple enjoys oysters opened by the vendor. To draw his characters, Cappiello was inspired by his brother Oreste and by Camille (on the left) and Marie (in the center) M\u00fcller, sisters of the painter Alfredo M\u00fcller. Camille M\u00fcller is Cappiello&#039;s sister-in-law. She and Oreste got married on March 3, 1900 in Paris&#039;s 17th arrondissement.\" \/>\n<meta name=\"twitter:label1\" content=\"Price\" \/>\n\t<meta name=\"twitter:data1\" content=\"\" \/>\n\t<meta name=\"twitter:label2\" content=\"Availability\" \/>\n\t<meta name=\"twitter:data2\" content=\"In stock\" \/>\n<script type=\"application\/ld+json\" class=\"yoast-schema-graph\">{\"@context\":\"https:\\\/\\\/schema.org\",\"@graph\":[{\"@type\":[\"WebPage\",\"ItemPage\"],\"@id\":\"https:\\\/\\\/cappiello.fr\\\/en\\\/produit\\\/caisse-simon-la-huitres-exquises-2\\\/\",\"url\":\"https:\\\/\\\/cappiello.fr\\\/en\\\/produit\\\/caisse-simon-la-huitres-exquises-2\\\/\",\"name\":\"Caisse Simon (La) \\\/ Huitres Exquises - Catalogue Raisonn\u00e9 de Leonetto Cappiello\",\"isPartOf\":{\"@id\":\"https:\\\/\\\/cappiello.fr\\\/en\\\/#website\"},\"primaryImageOfPage\":{\"@id\":\"https:\\\/\\\/cappiello.fr\\\/en\\\/produit\\\/caisse-simon-la-huitres-exquises-2\\\/#primaryimage\"},\"image\":{\"@id\":\"https:\\\/\\\/cappiello.fr\\\/en\\\/produit\\\/caisse-simon-la-huitres-exquises-2\\\/#primaryimage\"},\"thumbnailUrl\":\"https:\\\/\\\/cappiello.fr\\\/wp-content\\\/uploads\\\/2024\\\/10\\\/Maquette-affiche-publicitaire-caisse-simon-la-huitres-exquises-cappiello-1901.jpg\",\"datePublished\":\"1900-12-31T23:50:39+00:00\",\"dateModified\":\"2025-05-27T09:08:08+00:00\",\"description\":\"By the sea, a couple enjoys oysters opened by the vendor. To draw his characters, Cappiello was inspired by his brother Oreste and by Camille (on the left) and Marie (in the center) M\u00fcller, sisters of the painter Alfredo M\u00fcller. Camille M\u00fcller is Cappiello's sister-in-law. She and Oreste got married on March 3, 1900 in Paris's 17th arrondissement.\",\"breadcrumb\":{\"@id\":\"https:\\\/\\\/cappiello.fr\\\/en\\\/produit\\\/caisse-simon-la-huitres-exquises-2\\\/#breadcrumb\"},\"inLanguage\":\"en-US\",\"potentialAction\":[{\"@type\":\"ReadAction\",\"target\":[\"https:\\\/\\\/cappiello.fr\\\/en\\\/produit\\\/caisse-simon-la-huitres-exquises-2\\\/\"]}]},{\"@type\":\"ImageObject\",\"inLanguage\":\"en-US\",\"@id\":\"https:\\\/\\\/cappiello.fr\\\/en\\\/produit\\\/caisse-simon-la-huitres-exquises-2\\\/#primaryimage\",\"url\":\"https:\\\/\\\/cappiello.fr\\\/wp-content\\\/uploads\\\/2024\\\/10\\\/Maquette-affiche-publicitaire-caisse-simon-la-huitres-exquises-cappiello-1901.jpg\",\"contentUrl\":\"https:\\\/\\\/cappiello.fr\\\/wp-content\\\/uploads\\\/2024\\\/10\\\/Maquette-affiche-publicitaire-caisse-simon-la-huitres-exquises-cappiello-1901.jpg\",\"width\":800,\"height\":498,\"caption\":\"Huitres \u00e9lev\u00e9es \u00e0 Andernos sur le bassin d'Arcachon.\"},{\"@type\":\"BreadcrumbList\",\"@id\":\"https:\\\/\\\/cappiello.fr\\\/en\\\/produit\\\/caisse-simon-la-huitres-exquises-2\\\/#breadcrumb\",\"itemListElement\":[{\"@type\":\"ListItem\",\"position\":1,\"name\":\"Accueil\",\"item\":\"https:\\\/\\\/cappiello.fr\\\/en\\\/\"},{\"@type\":\"ListItem\",\"position\":2,\"name\":\"The works\",\"item\":\"https:\\\/\\\/cappiello.fr\\\/en\\\/the-works\\\/\"},{\"@type\":\"ListItem\",\"position\":3,\"name\":\"Caisse Simon (La) \\\/ Hu\u00eetres Exquises\"}]},{\"@type\":\"WebSite\",\"@id\":\"https:\\\/\\\/cappiello.fr\\\/en\\\/#website\",\"url\":\"https:\\\/\\\/cappiello.fr\\\/en\\\/\",\"name\":\"Catalogue raisonn\u00e9 de Leonetto Cappiello\",\"description\":\"Plongez dans l&#039;univers de Leonetto Cappiello, le p\u00e8re de la publicit\u00e9 moderne\",\"potentialAction\":[{\"@type\":\"SearchAction\",\"target\":{\"@type\":\"EntryPoint\",\"urlTemplate\":\"https:\\\/\\\/cappiello.fr\\\/en\\\/?s={search_term_string}\"},\"query-input\":{\"@type\":\"PropertyValueSpecification\",\"valueRequired\":true,\"valueName\":\"search_term_string\"}}],\"inLanguage\":\"en-US\"}]}<\/script>\n<meta property=\"product:price:currency\" content=\"EUR\" \/>\n<meta property=\"og:availability\" content=\"instock\" \/>\n<meta property=\"product:availability\" content=\"instock\" \/>\n<meta property=\"product:retailer_item_id\" content=\"1901005M0\" \/>\n<meta property=\"product:condition\" content=\"new\" \/>\n<!-- \/ Yoast SEO Premium plugin. -->","yoast_head_json":{"title":"Caisse Simon (La) \/ Huitres Exquises - Catalogue Raisonn\u00e9 de Leonetto Cappiello","description":"By the sea, a couple enjoys oysters opened by the vendor. To draw his characters, Cappiello was inspired by his brother Oreste and by Camille (on the left) and Marie (in the center) M\u00fcller, sisters of the painter Alfredo M\u00fcller. Camille M\u00fcller is Cappiello's sister-in-law. She and Oreste got married on March 3, 1900 in Paris's 17th arrondissement.","robots":{"index":"index","follow":"follow","max-snippet":"max-snippet:-1","max-image-preview":"max-image-preview:large","max-video-preview":"max-video-preview:-1"},"canonical":"https:\/\/cappiello.fr\/en\/produit\/caisse-simon-la-huitres-exquises-2\/","og_locale":"en_US","og_type":"article","og_title":"Caisse Simon (La) \/ Huitres Exquises","og_description":"By the sea, a couple enjoys oysters opened by the vendor. To draw his characters, Cappiello was inspired by his brother Oreste and by Camille (on the left) and Marie (in the center) M\u00fcller, sisters of the painter Alfredo M\u00fcller. Camille M\u00fcller is Cappiello's sister-in-law. She and Oreste got married on March 3, 1900 in Paris's 17th arrondissement.","og_url":"https:\/\/cappiello.fr\/en\/produit\/caisse-simon-la-huitres-exquises-2\/","og_site_name":"Catalogue raisonn\u00e9 de Leonetto Cappiello","article_modified_time":"2025-05-27T09:08:08+00:00","og_image":[{"width":800,"height":498,"url":"https:\/\/cappiello.fr\/wp-content\/uploads\/2024\/10\/Maquette-affiche-publicitaire-caisse-simon-la-huitres-exquises-cappiello-1901.jpg","type":"image\/jpeg"}],"twitter_card":"summary_large_image","twitter_title":"Caisse Simon (La) \/ Huitres Exquises","twitter_description":"By the sea, a couple enjoys oysters opened by the vendor. To draw his characters, Cappiello was inspired by his brother Oreste and by Camille (on the left) and Marie (in the center) M\u00fcller, sisters of the painter Alfredo M\u00fcller. Camille M\u00fcller is Cappiello's sister-in-law. She and Oreste got married on March 3, 1900 in Paris's 17th arrondissement.","twitter_misc":{"Price":"","Availability":"In stock"},"schema":{"@context":"https:\/\/schema.org","@graph":[{"@type":["WebPage","ItemPage"],"@id":"https:\/\/cappiello.fr\/en\/produit\/caisse-simon-la-huitres-exquises-2\/","url":"https:\/\/cappiello.fr\/en\/produit\/caisse-simon-la-huitres-exquises-2\/","name":"Caisse Simon (La) \/ Huitres Exquises - Catalogue Raisonn\u00e9 de Leonetto Cappiello","isPartOf":{"@id":"https:\/\/cappiello.fr\/en\/#website"},"primaryImageOfPage":{"@id":"https:\/\/cappiello.fr\/en\/produit\/caisse-simon-la-huitres-exquises-2\/#primaryimage"},"image":{"@id":"https:\/\/cappiello.fr\/en\/produit\/caisse-simon-la-huitres-exquises-2\/#primaryimage"},"thumbnailUrl":"https:\/\/cappiello.fr\/wp-content\/uploads\/2024\/10\/Maquette-affiche-publicitaire-caisse-simon-la-huitres-exquises-cappiello-1901.jpg","datePublished":"1900-12-31T23:50:39+00:00","dateModified":"2025-05-27T09:08:08+00:00","description":"By the sea, a couple enjoys oysters opened by the vendor. To draw his characters, Cappiello was inspired by his brother Oreste and by Camille (on the left) and Marie (in the center) M\u00fcller, sisters of the painter Alfredo M\u00fcller. Camille M\u00fcller is Cappiello's sister-in-law. She and Oreste got married on March 3, 1900 in Paris's 17th arrondissement.","breadcrumb":{"@id":"https:\/\/cappiello.fr\/en\/produit\/caisse-simon-la-huitres-exquises-2\/#breadcrumb"},"inLanguage":"en-US","potentialAction":[{"@type":"ReadAction","target":["https:\/\/cappiello.fr\/en\/produit\/caisse-simon-la-huitres-exquises-2\/"]}]},{"@type":"ImageObject","inLanguage":"en-US","@id":"https:\/\/cappiello.fr\/en\/produit\/caisse-simon-la-huitres-exquises-2\/#primaryimage","url":"https:\/\/cappiello.fr\/wp-content\/uploads\/2024\/10\/Maquette-affiche-publicitaire-caisse-simon-la-huitres-exquises-cappiello-1901.jpg","contentUrl":"https:\/\/cappiello.fr\/wp-content\/uploads\/2024\/10\/Maquette-affiche-publicitaire-caisse-simon-la-huitres-exquises-cappiello-1901.jpg","width":800,"height":498,"caption":"Huitres \u00e9lev\u00e9es \u00e0 Andernos sur le bassin d'Arcachon."},{"@type":"BreadcrumbList","@id":"https:\/\/cappiello.fr\/en\/produit\/caisse-simon-la-huitres-exquises-2\/#breadcrumb","itemListElement":[{"@type":"ListItem","position":1,"name":"Accueil","item":"https:\/\/cappiello.fr\/en\/"},{"@type":"ListItem","position":2,"name":"The works","item":"https:\/\/cappiello.fr\/en\/the-works\/"},{"@type":"ListItem","position":3,"name":"Caisse Simon (La) \/ Hu\u00eetres Exquises"}]},{"@type":"WebSite","@id":"https:\/\/cappiello.fr\/en\/#website","url":"https:\/\/cappiello.fr\/en\/","name":"Catalogue raisonn\u00e9 de Leonetto Cappiello","description":"Plongez dans l&#039;univers de Leonetto Cappiello, le p\u00e8re de la publicit\u00e9 moderne","potentialAction":[{"@type":"SearchAction","target":{"@type":"EntryPoint","urlTemplate":"https:\/\/cappiello.fr\/en\/?s={search_term_string}"},"query-input":{"@type":"PropertyValueSpecification","valueRequired":true,"valueName":"search_term_string"}}],"inLanguage":"en-US"}]},"product_price_currency":"EUR","og_availability":"instock","product_availability":"instock","product_retailer_item_id":"1901005M0","product_condition":"new"},"_links":{"self":[{"href":"https:\/\/cappiello.fr\/en\/wp-json\/wp\/v2\/product\/132315","targetHints":{"allow":["GET"]}}],"collection":[{"href":"https:\/\/cappiello.fr\/en\/wp-json\/wp\/v2\/product"}],"about":[{"href":"https:\/\/cappiello.fr\/en\/wp-json\/wp\/v2\/types\/product"}],"wp:featuredmedia":[{"embeddable":true,"href":"https:\/\/cappiello.fr\/en\/wp-json\/wp\/v2\/media\/134281"}],"wp:attachment":[{"href":"https:\/\/cappiello.fr\/en\/wp-json\/wp\/v2\/media?parent=132315"}],"wp:term":[{"taxonomy":"type-doeuvre","embeddable":true,"href":"https:\/\/cappiello.fr\/en\/wp-json\/wp\/v2\/type-doeuvre?post=132315"},{"taxonomy":"product_brand","embeddable":true,"href":"https:\/\/cappiello.fr\/en\/wp-json\/wp\/v2\/product_brand?post=132315"},{"taxonomy":"product_cat","embeddable":true,"href":"https:\/\/cappiello.fr\/en\/wp-json\/wp\/v2\/product_cat?post=132315"},{"taxonomy":"product_tag","embeddable":true,"href":"https:\/\/cappiello.fr\/en\/wp-json\/wp\/v2\/product_tag?post=132315"}],"curies":[{"name":"wp","href":"https:\/\/api.w.org\/{rel}","templated":true}]}}