{"id":132347,"date":"1932-01-01T00:00:00","date_gmt":"1932-01-01T00:00:00","guid":{"rendered":"https:\/\/cappiello.fr\/produit\/laits-concentres-paillaud\/"},"modified":"2025-05-15T07:14:14","modified_gmt":"2025-05-15T05:14:14","slug":"laits-concentres-paillaud","status":"publish","type":"product","link":"https:\/\/cappiello.fr\/en\/produit\/laits-concentres-paillaud\/","title":{"rendered":"Laits concentr\u00e9s Paillaud"},"content":{"rendered":"<p>A child in a sailor suit rushes to give a can of condensed milk to a cook preparing his secret recipe.<br \/>\nThis is an arrangement of the sketch &#8220;<a href=\"https:\/\/cappiello.fr\/en\/produit\/poudre-pour-patisserie\/\">Poudre pour patisserie<\/a>&#8220;.<\/p>\n","protected":false},"excerpt":{"rendered":"<p>The company known as the Grandes Laiteries de Touraine, de Normandie et du Poitou had 13 factories in 1923. The Paillaud factory in Creully, Calvados, employed nearly 130 workers in 1936 and produced sweetened and unsweetened condensed milk.<\/p>\n","protected":false},"featured_media":133999,"template":"","meta":{"_acf_changed":false},"type-doeuvre":[4057],"product_brand":[],"product_cat":[3405],"product_tag":[3448,3535,3251,3406,3308,3272,3458],"class_list":{"0":"post-132347","1":"product","2":"type-product","3":"status-publish","4":"has-post-thumbnail","6":"type-doeuvre-affiches","7":"product_cat-dairy-products","8":"product_tag-hat-en-5","9":"product_tag-glass-en-11","10":"product_tag-child","11":"product_tag-tire","12":"product_tag-sun-en-10","13":"product_tag-cup","14":"product_tag-hat-en-7","15":"pa_periode-1930-1940-en","16":"pa_type-de-contenu-esquisse-en","18":"first","19":"instock","20":"virtual","21":"product-type-simple"},"acf":[],"yoast_head":"<!-- This site is optimized with the Yoast SEO Premium plugin v27.0 (Yoast SEO v27.4) - https:\/\/yoast.com\/product\/yoast-seo-premium-wordpress\/ -->\n<title>Laits concentr\u00e9s Paillaud - Catalogue Raisonn\u00e9 de Leonetto Cappiello<\/title>\n<meta name=\"description\" content=\"A child in a sailor suit rushes to give a can of condensed milk to a cook preparing his secret recipe. It is an arrangement of the sketch &quot;Pastry Powder.&quot;\" \/>\n<meta name=\"robots\" content=\"index, follow, max-snippet:-1, max-image-preview:large, max-video-preview:-1\" \/>\n<link rel=\"canonical\" href=\"https:\/\/cappiello.fr\/en\/produit\/laits-concentres-paillaud\/\" \/>\n<meta property=\"og:locale\" content=\"en_US\" \/>\n<meta property=\"og:type\" content=\"article\" \/>\n<meta property=\"og:title\" content=\"Laits concentr\u00e9s Paillaud\" \/>\n<meta property=\"og:description\" content=\"A child in a sailor suit rushes to give a can of condensed milk to a cook preparing his secret recipe. It is an arrangement of the sketch &quot;Pastry Powder.&quot;\" \/>\n<meta property=\"og:url\" content=\"https:\/\/cappiello.fr\/en\/produit\/laits-concentres-paillaud\/\" \/>\n<meta property=\"og:site_name\" content=\"Catalogue raisonn\u00e9 de Leonetto Cappiello\" \/>\n<meta property=\"article:modified_time\" content=\"2025-05-15T05:14:14+00:00\" \/>\n<meta property=\"og:image\" content=\"https:\/\/cappiello.fr\/wp-content\/uploads\/2024\/10\/Esquisse-affiche-publicitaire-laits-concentres-paillaud-cappiello-1932.jpg\" \/>\n\t<meta property=\"og:image:width\" content=\"522\" \/>\n\t<meta property=\"og:image:height\" content=\"800\" \/>\n\t<meta property=\"og:image:type\" content=\"image\/jpeg\" \/>\n<meta name=\"twitter:card\" content=\"summary_large_image\" \/>\n<meta name=\"twitter:title\" content=\"Laits concentr\u00e9s Paillaud\" \/>\n<meta name=\"twitter:description\" content=\"A child in a sailor suit rushes to give a can of condensed milk to a cook preparing his secret recipe. It is an arrangement of the sketch &quot;Pastry Powder.&quot;\" \/>\n<meta name=\"twitter:label1\" content=\"Price\" \/>\n\t<meta name=\"twitter:data1\" content=\"\" \/>\n\t<meta name=\"twitter:label2\" content=\"Availability\" \/>\n\t<meta name=\"twitter:data2\" content=\"In stock\" \/>\n<script type=\"application\/ld+json\" class=\"yoast-schema-graph\">{\"@context\":\"https:\\\/\\\/schema.org\",\"@graph\":[{\"@type\":[\"WebPage\",\"ItemPage\"],\"@id\":\"https:\\\/\\\/cappiello.fr\\\/en\\\/produit\\\/laits-concentres-paillaud\\\/\",\"url\":\"https:\\\/\\\/cappiello.fr\\\/en\\\/produit\\\/laits-concentres-paillaud\\\/\",\"name\":\"Laits concentr\u00e9s Paillaud - Catalogue Raisonn\u00e9 de Leonetto Cappiello\",\"isPartOf\":{\"@id\":\"https:\\\/\\\/cappiello.fr\\\/en\\\/#website\"},\"primaryImageOfPage\":{\"@id\":\"https:\\\/\\\/cappiello.fr\\\/en\\\/produit\\\/laits-concentres-paillaud\\\/#primaryimage\"},\"image\":{\"@id\":\"https:\\\/\\\/cappiello.fr\\\/en\\\/produit\\\/laits-concentres-paillaud\\\/#primaryimage\"},\"thumbnailUrl\":\"https:\\\/\\\/cappiello.fr\\\/wp-content\\\/uploads\\\/2024\\\/10\\\/Esquisse-affiche-publicitaire-laits-concentres-paillaud-cappiello-1932.jpg\",\"datePublished\":\"1932-01-01T00:00:00+00:00\",\"dateModified\":\"2025-05-15T05:14:14+00:00\",\"description\":\"A child in a sailor suit rushes to give a can of condensed milk to a cook preparing his secret recipe. It is an arrangement of the sketch \\\"Pastry Powder.\\\"\",\"breadcrumb\":{\"@id\":\"https:\\\/\\\/cappiello.fr\\\/en\\\/produit\\\/laits-concentres-paillaud\\\/#breadcrumb\"},\"inLanguage\":\"en-US\",\"potentialAction\":[{\"@type\":\"ReadAction\",\"target\":[\"https:\\\/\\\/cappiello.fr\\\/en\\\/produit\\\/laits-concentres-paillaud\\\/\"]}]},{\"@type\":\"ImageObject\",\"inLanguage\":\"en-US\",\"@id\":\"https:\\\/\\\/cappiello.fr\\\/en\\\/produit\\\/laits-concentres-paillaud\\\/#primaryimage\",\"url\":\"https:\\\/\\\/cappiello.fr\\\/wp-content\\\/uploads\\\/2024\\\/10\\\/Esquisse-affiche-publicitaire-laits-concentres-paillaud-cappiello-1932.jpg\",\"contentUrl\":\"https:\\\/\\\/cappiello.fr\\\/wp-content\\\/uploads\\\/2024\\\/10\\\/Esquisse-affiche-publicitaire-laits-concentres-paillaud-cappiello-1932.jpg\",\"width\":522,\"height\":800,\"caption\":\"La soci\u00e9t\u00e9 dites des Grandes Laiteries de Touraine\"},{\"@type\":\"BreadcrumbList\",\"@id\":\"https:\\\/\\\/cappiello.fr\\\/en\\\/produit\\\/laits-concentres-paillaud\\\/#breadcrumb\",\"itemListElement\":[{\"@type\":\"ListItem\",\"position\":1,\"name\":\"Accueil\",\"item\":\"https:\\\/\\\/cappiello.fr\\\/en\\\/\"},{\"@type\":\"ListItem\",\"position\":2,\"name\":\"The works\",\"item\":\"https:\\\/\\\/cappiello.fr\\\/en\\\/the-works\\\/\"},{\"@type\":\"ListItem\",\"position\":3,\"name\":\"Laits concentr\u00e9s Paillaud\"}]},{\"@type\":\"WebSite\",\"@id\":\"https:\\\/\\\/cappiello.fr\\\/en\\\/#website\",\"url\":\"https:\\\/\\\/cappiello.fr\\\/en\\\/\",\"name\":\"Catalogue raisonn\u00e9 de Leonetto Cappiello\",\"description\":\"Plongez dans l&#039;univers de Leonetto Cappiello, le p\u00e8re de la publicit\u00e9 moderne\",\"potentialAction\":[{\"@type\":\"SearchAction\",\"target\":{\"@type\":\"EntryPoint\",\"urlTemplate\":\"https:\\\/\\\/cappiello.fr\\\/en\\\/?s={search_term_string}\"},\"query-input\":{\"@type\":\"PropertyValueSpecification\",\"valueRequired\":true,\"valueName\":\"search_term_string\"}}],\"inLanguage\":\"en-US\"}]}<\/script>\n<meta property=\"product:price:currency\" content=\"EUR\" \/>\n<meta property=\"og:availability\" content=\"instock\" \/>\n<meta property=\"product:availability\" content=\"instock\" \/>\n<meta property=\"product:retailer_item_id\" content=\"1932034E0\" \/>\n<meta property=\"product:condition\" content=\"new\" \/>\n<!-- \/ Yoast SEO Premium plugin. -->","yoast_head_json":{"title":"Laits concentr\u00e9s Paillaud - Catalogue Raisonn\u00e9 de Leonetto Cappiello","description":"A child in a sailor suit rushes to give a can of condensed milk to a cook preparing his secret recipe. It is an arrangement of the sketch \"Pastry Powder.\"","robots":{"index":"index","follow":"follow","max-snippet":"max-snippet:-1","max-image-preview":"max-image-preview:large","max-video-preview":"max-video-preview:-1"},"canonical":"https:\/\/cappiello.fr\/en\/produit\/laits-concentres-paillaud\/","og_locale":"en_US","og_type":"article","og_title":"Laits concentr\u00e9s Paillaud","og_description":"A child in a sailor suit rushes to give a can of condensed milk to a cook preparing his secret recipe. It is an arrangement of the sketch \"Pastry Powder.\"","og_url":"https:\/\/cappiello.fr\/en\/produit\/laits-concentres-paillaud\/","og_site_name":"Catalogue raisonn\u00e9 de Leonetto Cappiello","article_modified_time":"2025-05-15T05:14:14+00:00","og_image":[{"width":522,"height":800,"url":"https:\/\/cappiello.fr\/wp-content\/uploads\/2024\/10\/Esquisse-affiche-publicitaire-laits-concentres-paillaud-cappiello-1932.jpg","type":"image\/jpeg"}],"twitter_card":"summary_large_image","twitter_title":"Laits concentr\u00e9s Paillaud","twitter_description":"A child in a sailor suit rushes to give a can of condensed milk to a cook preparing his secret recipe. It is an arrangement of the sketch \"Pastry Powder.\"","twitter_misc":{"Price":"","Availability":"In stock"},"schema":{"@context":"https:\/\/schema.org","@graph":[{"@type":["WebPage","ItemPage"],"@id":"https:\/\/cappiello.fr\/en\/produit\/laits-concentres-paillaud\/","url":"https:\/\/cappiello.fr\/en\/produit\/laits-concentres-paillaud\/","name":"Laits concentr\u00e9s Paillaud - Catalogue Raisonn\u00e9 de Leonetto Cappiello","isPartOf":{"@id":"https:\/\/cappiello.fr\/en\/#website"},"primaryImageOfPage":{"@id":"https:\/\/cappiello.fr\/en\/produit\/laits-concentres-paillaud\/#primaryimage"},"image":{"@id":"https:\/\/cappiello.fr\/en\/produit\/laits-concentres-paillaud\/#primaryimage"},"thumbnailUrl":"https:\/\/cappiello.fr\/wp-content\/uploads\/2024\/10\/Esquisse-affiche-publicitaire-laits-concentres-paillaud-cappiello-1932.jpg","datePublished":"1932-01-01T00:00:00+00:00","dateModified":"2025-05-15T05:14:14+00:00","description":"A child in a sailor suit rushes to give a can of condensed milk to a cook preparing his secret recipe. It is an arrangement of the sketch \"Pastry Powder.\"","breadcrumb":{"@id":"https:\/\/cappiello.fr\/en\/produit\/laits-concentres-paillaud\/#breadcrumb"},"inLanguage":"en-US","potentialAction":[{"@type":"ReadAction","target":["https:\/\/cappiello.fr\/en\/produit\/laits-concentres-paillaud\/"]}]},{"@type":"ImageObject","inLanguage":"en-US","@id":"https:\/\/cappiello.fr\/en\/produit\/laits-concentres-paillaud\/#primaryimage","url":"https:\/\/cappiello.fr\/wp-content\/uploads\/2024\/10\/Esquisse-affiche-publicitaire-laits-concentres-paillaud-cappiello-1932.jpg","contentUrl":"https:\/\/cappiello.fr\/wp-content\/uploads\/2024\/10\/Esquisse-affiche-publicitaire-laits-concentres-paillaud-cappiello-1932.jpg","width":522,"height":800,"caption":"La soci\u00e9t\u00e9 dites des Grandes Laiteries de Touraine"},{"@type":"BreadcrumbList","@id":"https:\/\/cappiello.fr\/en\/produit\/laits-concentres-paillaud\/#breadcrumb","itemListElement":[{"@type":"ListItem","position":1,"name":"Accueil","item":"https:\/\/cappiello.fr\/en\/"},{"@type":"ListItem","position":2,"name":"The works","item":"https:\/\/cappiello.fr\/en\/the-works\/"},{"@type":"ListItem","position":3,"name":"Laits concentr\u00e9s Paillaud"}]},{"@type":"WebSite","@id":"https:\/\/cappiello.fr\/en\/#website","url":"https:\/\/cappiello.fr\/en\/","name":"Catalogue raisonn\u00e9 de Leonetto Cappiello","description":"Plongez dans l&#039;univers de Leonetto Cappiello, le p\u00e8re de la publicit\u00e9 moderne","potentialAction":[{"@type":"SearchAction","target":{"@type":"EntryPoint","urlTemplate":"https:\/\/cappiello.fr\/en\/?s={search_term_string}"},"query-input":{"@type":"PropertyValueSpecification","valueRequired":true,"valueName":"search_term_string"}}],"inLanguage":"en-US"}]},"product_price_currency":"EUR","og_availability":"instock","product_availability":"instock","product_retailer_item_id":"1932034E0","product_condition":"new"},"_links":{"self":[{"href":"https:\/\/cappiello.fr\/en\/wp-json\/wp\/v2\/product\/132347","targetHints":{"allow":["GET"]}}],"collection":[{"href":"https:\/\/cappiello.fr\/en\/wp-json\/wp\/v2\/product"}],"about":[{"href":"https:\/\/cappiello.fr\/en\/wp-json\/wp\/v2\/types\/product"}],"wp:featuredmedia":[{"embeddable":true,"href":"https:\/\/cappiello.fr\/en\/wp-json\/wp\/v2\/media\/133999"}],"wp:attachment":[{"href":"https:\/\/cappiello.fr\/en\/wp-json\/wp\/v2\/media?parent=132347"}],"wp:term":[{"taxonomy":"type-doeuvre","embeddable":true,"href":"https:\/\/cappiello.fr\/en\/wp-json\/wp\/v2\/type-doeuvre?post=132347"},{"taxonomy":"product_brand","embeddable":true,"href":"https:\/\/cappiello.fr\/en\/wp-json\/wp\/v2\/product_brand?post=132347"},{"taxonomy":"product_cat","embeddable":true,"href":"https:\/\/cappiello.fr\/en\/wp-json\/wp\/v2\/product_cat?post=132347"},{"taxonomy":"product_tag","embeddable":true,"href":"https:\/\/cappiello.fr\/en\/wp-json\/wp\/v2\/product_tag?post=132347"}],"curies":[{"name":"wp","href":"https:\/\/api.w.org\/{rel}","templated":true}]}}