{"id":132354,"date":"1906-01-01T00:00:00","date_gmt":"1905-12-31T23:50:39","guid":{"rendered":"https:\/\/cappiello.fr\/produit\/vicomte-de-castellane-2\/"},"modified":"2025-05-19T22:35:07","modified_gmt":"2025-05-19T20:35:07","slug":"vicomte-de-castellane-2","status":"publish","type":"product","link":"https:\/\/cappiello.fr\/en\/produit\/vicomte-de-castellane-2\/","title":{"rendered":"Stella"},"content":{"rendered":"<p>A young mother, all smiles, shows her child dressed in a bodysuit and very proud to wear it.<\/p>\n","protected":false},"excerpt":{"rendered":"<p>The advertisement says:<br \/>\n&#8220;Stella&#8221; Knitwear in pure wool, absolutely shrink-proof, replaced free of charge in case of shrinkage.<br \/>\n&#8220;Stella Knitwear&#8221; is made of pure natural wool, free of (&#8230;). It comes in white and light beige.<br \/>\n&#8220;Stella Knitwear&#8221; is more spongy than any other. It absorbs perspiration and keeps the body always dry.<br \/>\n&#8220;Stella Knitwear&#8221; is fully sterilized after manufacturing.<br \/>\n&#8220;Stella Knitwear&#8221; has undergone no chemical treatment harmful to the skin.<br \/>\n&#8220;Stella Knitwear&#8221; has a softness unmatched to this day, making it especially suitable for people with (&#8230;) and delicate skin.<br \/>\n&#8220;Stella Knitwear&#8221; retains its suppleness and elasticity until completely worn out.<br \/>\n&#8220;Stella Knitwear&#8221; is made in all styles for men, women, and children.<br \/>\n&#8220;Stella Knitwear&#8221; is exceptionally durable.<br \/>\n&#8220;Stella Knitwear&#8221; can be washed like ordinary woolens. To distinguish it from knitwear that looks the same but lacks the qualities described above, buyers can only identify it by the star brand shown here. This mark is stamped on each individual knitwear item.<\/p>\n","protected":false},"featured_media":132355,"template":"","meta":{"_acf_changed":false},"type-doeuvre":[4057],"product_brand":[],"product_cat":[3303],"product_tag":[3251,3443],"class_list":{"0":"post-132354","1":"product","2":"type-product","3":"status-publish","4":"has-post-thumbnail","6":"type-doeuvre-affiches","7":"product_cat-underwear","8":"product_tag-child","9":"product_tag-cup-en-8","10":"pa_periode-1900-1918-en","11":"pa_type-de-contenu-lithography","13":"first","14":"instock","15":"virtual","16":"product-type-simple"},"acf":[],"yoast_head":"<!-- This site is optimized with the Yoast SEO Premium plugin v27.0 (Yoast SEO v27.4) - https:\/\/yoast.com\/product\/yoast-seo-premium-wordpress\/ -->\n<title>Stella - Catalogue Raisonn\u00e9 de Leonetto Cappiello<\/title>\n<meta name=\"description\" content=\"A young mother, all smiles, shows her child dressed in a bodysuit and very proud to wear it.\" \/>\n<meta name=\"robots\" content=\"index, follow, max-snippet:-1, max-image-preview:large, max-video-preview:-1\" \/>\n<link rel=\"canonical\" href=\"https:\/\/cappiello.fr\/en\/produit\/vicomte-de-castellane-2\/\" \/>\n<meta property=\"og:locale\" content=\"en_US\" \/>\n<meta property=\"og:type\" content=\"article\" \/>\n<meta property=\"og:title\" content=\"Stella\" \/>\n<meta property=\"og:description\" content=\"A young mother, all smiles, shows her child dressed in a bodysuit and very proud to wear it.\" \/>\n<meta property=\"og:url\" content=\"https:\/\/cappiello.fr\/en\/produit\/vicomte-de-castellane-2\/\" \/>\n<meta property=\"og:site_name\" content=\"Catalogue raisonn\u00e9 de Leonetto Cappiello\" \/>\n<meta property=\"article:modified_time\" content=\"2025-05-19T20:35:07+00:00\" \/>\n<meta property=\"og:image\" content=\"https:\/\/cappiello.fr\/wp-content\/uploads\/2024\/10\/Lithographie-affiche-publicitaire-stella-cappiello-1906.jpg\" \/>\n\t<meta property=\"og:image:width\" content=\"527\" \/>\n\t<meta property=\"og:image:height\" content=\"800\" \/>\n\t<meta property=\"og:image:type\" content=\"image\/jpeg\" \/>\n<meta name=\"twitter:card\" content=\"summary_large_image\" \/>\n<meta name=\"twitter:title\" content=\"Stella\" \/>\n<meta name=\"twitter:description\" content=\"A young mother, all smiles, shows her child dressed in a bodysuit and very proud to wear it.\" \/>\n<meta name=\"twitter:label1\" content=\"Price\" \/>\n\t<meta name=\"twitter:data1\" content=\"\" \/>\n\t<meta name=\"twitter:label2\" content=\"Availability\" \/>\n\t<meta name=\"twitter:data2\" content=\"In stock\" \/>\n<script type=\"application\/ld+json\" class=\"yoast-schema-graph\">{\"@context\":\"https:\\\/\\\/schema.org\",\"@graph\":[{\"@type\":[\"WebPage\",\"ItemPage\"],\"@id\":\"https:\\\/\\\/cappiello.fr\\\/en\\\/produit\\\/vicomte-de-castellane-2\\\/\",\"url\":\"https:\\\/\\\/cappiello.fr\\\/en\\\/produit\\\/vicomte-de-castellane-2\\\/\",\"name\":\"Stella - Catalogue Raisonn\u00e9 de Leonetto Cappiello\",\"isPartOf\":{\"@id\":\"https:\\\/\\\/cappiello.fr\\\/en\\\/#website\"},\"primaryImageOfPage\":{\"@id\":\"https:\\\/\\\/cappiello.fr\\\/en\\\/produit\\\/vicomte-de-castellane-2\\\/#primaryimage\"},\"image\":{\"@id\":\"https:\\\/\\\/cappiello.fr\\\/en\\\/produit\\\/vicomte-de-castellane-2\\\/#primaryimage\"},\"thumbnailUrl\":\"https:\\\/\\\/cappiello.fr\\\/wp-content\\\/uploads\\\/2024\\\/10\\\/Lithographie-affiche-publicitaire-stella-cappiello-1906.jpg\",\"datePublished\":\"1905-12-31T23:50:39+00:00\",\"dateModified\":\"2025-05-19T20:35:07+00:00\",\"description\":\"A young mother, all smiles, shows her child dressed in a bodysuit and very proud to wear it.\",\"breadcrumb\":{\"@id\":\"https:\\\/\\\/cappiello.fr\\\/en\\\/produit\\\/vicomte-de-castellane-2\\\/#breadcrumb\"},\"inLanguage\":\"en-US\",\"potentialAction\":[{\"@type\":\"ReadAction\",\"target\":[\"https:\\\/\\\/cappiello.fr\\\/en\\\/produit\\\/vicomte-de-castellane-2\\\/\"]}]},{\"@type\":\"ImageObject\",\"inLanguage\":\"en-US\",\"@id\":\"https:\\\/\\\/cappiello.fr\\\/en\\\/produit\\\/vicomte-de-castellane-2\\\/#primaryimage\",\"url\":\"https:\\\/\\\/cappiello.fr\\\/wp-content\\\/uploads\\\/2024\\\/10\\\/Lithographie-affiche-publicitaire-stella-cappiello-1906.jpg\",\"contentUrl\":\"https:\\\/\\\/cappiello.fr\\\/wp-content\\\/uploads\\\/2024\\\/10\\\/Lithographie-affiche-publicitaire-stella-cappiello-1906.jpg\",\"width\":527,\"height\":800,\"caption\":\"Champagne made in Epernay (France)\"},{\"@type\":\"BreadcrumbList\",\"@id\":\"https:\\\/\\\/cappiello.fr\\\/en\\\/produit\\\/vicomte-de-castellane-2\\\/#breadcrumb\",\"itemListElement\":[{\"@type\":\"ListItem\",\"position\":1,\"name\":\"Accueil\",\"item\":\"https:\\\/\\\/cappiello.fr\\\/en\\\/\"},{\"@type\":\"ListItem\",\"position\":2,\"name\":\"The works\",\"item\":\"https:\\\/\\\/cappiello.fr\\\/en\\\/the-works\\\/\"},{\"@type\":\"ListItem\",\"position\":3,\"name\":\"Stella\"}]},{\"@type\":\"WebSite\",\"@id\":\"https:\\\/\\\/cappiello.fr\\\/en\\\/#website\",\"url\":\"https:\\\/\\\/cappiello.fr\\\/en\\\/\",\"name\":\"Catalogue raisonn\u00e9 de Leonetto Cappiello\",\"description\":\"Plongez dans l&#039;univers de Leonetto Cappiello, le p\u00e8re de la publicit\u00e9 moderne\",\"potentialAction\":[{\"@type\":\"SearchAction\",\"target\":{\"@type\":\"EntryPoint\",\"urlTemplate\":\"https:\\\/\\\/cappiello.fr\\\/en\\\/?s={search_term_string}\"},\"query-input\":{\"@type\":\"PropertyValueSpecification\",\"valueRequired\":true,\"valueName\":\"search_term_string\"}}],\"inLanguage\":\"en-US\"}]}<\/script>\n<meta property=\"product:price:currency\" content=\"EUR\" \/>\n<meta property=\"og:availability\" content=\"instock\" \/>\n<meta property=\"product:availability\" content=\"instock\" \/>\n<meta property=\"product:retailer_item_id\" content=\"1906211Z0\" \/>\n<meta property=\"product:condition\" content=\"new\" \/>\n<!-- \/ Yoast SEO Premium plugin. -->","yoast_head_json":{"title":"Stella - Catalogue Raisonn\u00e9 de Leonetto Cappiello","description":"A young mother, all smiles, shows her child dressed in a bodysuit and very proud to wear it.","robots":{"index":"index","follow":"follow","max-snippet":"max-snippet:-1","max-image-preview":"max-image-preview:large","max-video-preview":"max-video-preview:-1"},"canonical":"https:\/\/cappiello.fr\/en\/produit\/vicomte-de-castellane-2\/","og_locale":"en_US","og_type":"article","og_title":"Stella","og_description":"A young mother, all smiles, shows her child dressed in a bodysuit and very proud to wear it.","og_url":"https:\/\/cappiello.fr\/en\/produit\/vicomte-de-castellane-2\/","og_site_name":"Catalogue raisonn\u00e9 de Leonetto Cappiello","article_modified_time":"2025-05-19T20:35:07+00:00","og_image":[{"width":527,"height":800,"url":"https:\/\/cappiello.fr\/wp-content\/uploads\/2024\/10\/Lithographie-affiche-publicitaire-stella-cappiello-1906.jpg","type":"image\/jpeg"}],"twitter_card":"summary_large_image","twitter_title":"Stella","twitter_description":"A young mother, all smiles, shows her child dressed in a bodysuit and very proud to wear it.","twitter_misc":{"Price":"","Availability":"In stock"},"schema":{"@context":"https:\/\/schema.org","@graph":[{"@type":["WebPage","ItemPage"],"@id":"https:\/\/cappiello.fr\/en\/produit\/vicomte-de-castellane-2\/","url":"https:\/\/cappiello.fr\/en\/produit\/vicomte-de-castellane-2\/","name":"Stella - Catalogue Raisonn\u00e9 de Leonetto Cappiello","isPartOf":{"@id":"https:\/\/cappiello.fr\/en\/#website"},"primaryImageOfPage":{"@id":"https:\/\/cappiello.fr\/en\/produit\/vicomte-de-castellane-2\/#primaryimage"},"image":{"@id":"https:\/\/cappiello.fr\/en\/produit\/vicomte-de-castellane-2\/#primaryimage"},"thumbnailUrl":"https:\/\/cappiello.fr\/wp-content\/uploads\/2024\/10\/Lithographie-affiche-publicitaire-stella-cappiello-1906.jpg","datePublished":"1905-12-31T23:50:39+00:00","dateModified":"2025-05-19T20:35:07+00:00","description":"A young mother, all smiles, shows her child dressed in a bodysuit and very proud to wear it.","breadcrumb":{"@id":"https:\/\/cappiello.fr\/en\/produit\/vicomte-de-castellane-2\/#breadcrumb"},"inLanguage":"en-US","potentialAction":[{"@type":"ReadAction","target":["https:\/\/cappiello.fr\/en\/produit\/vicomte-de-castellane-2\/"]}]},{"@type":"ImageObject","inLanguage":"en-US","@id":"https:\/\/cappiello.fr\/en\/produit\/vicomte-de-castellane-2\/#primaryimage","url":"https:\/\/cappiello.fr\/wp-content\/uploads\/2024\/10\/Lithographie-affiche-publicitaire-stella-cappiello-1906.jpg","contentUrl":"https:\/\/cappiello.fr\/wp-content\/uploads\/2024\/10\/Lithographie-affiche-publicitaire-stella-cappiello-1906.jpg","width":527,"height":800,"caption":"Champagne made in Epernay (France)"},{"@type":"BreadcrumbList","@id":"https:\/\/cappiello.fr\/en\/produit\/vicomte-de-castellane-2\/#breadcrumb","itemListElement":[{"@type":"ListItem","position":1,"name":"Accueil","item":"https:\/\/cappiello.fr\/en\/"},{"@type":"ListItem","position":2,"name":"The works","item":"https:\/\/cappiello.fr\/en\/the-works\/"},{"@type":"ListItem","position":3,"name":"Stella"}]},{"@type":"WebSite","@id":"https:\/\/cappiello.fr\/en\/#website","url":"https:\/\/cappiello.fr\/en\/","name":"Catalogue raisonn\u00e9 de Leonetto Cappiello","description":"Plongez dans l&#039;univers de Leonetto Cappiello, le p\u00e8re de la publicit\u00e9 moderne","potentialAction":[{"@type":"SearchAction","target":{"@type":"EntryPoint","urlTemplate":"https:\/\/cappiello.fr\/en\/?s={search_term_string}"},"query-input":{"@type":"PropertyValueSpecification","valueRequired":true,"valueName":"search_term_string"}}],"inLanguage":"en-US"}]},"product_price_currency":"EUR","og_availability":"instock","product_availability":"instock","product_retailer_item_id":"1906211Z0","product_condition":"new"},"_links":{"self":[{"href":"https:\/\/cappiello.fr\/en\/wp-json\/wp\/v2\/product\/132354","targetHints":{"allow":["GET"]}}],"collection":[{"href":"https:\/\/cappiello.fr\/en\/wp-json\/wp\/v2\/product"}],"about":[{"href":"https:\/\/cappiello.fr\/en\/wp-json\/wp\/v2\/types\/product"}],"wp:featuredmedia":[{"embeddable":true,"href":"https:\/\/cappiello.fr\/en\/wp-json\/wp\/v2\/media\/132355"}],"wp:attachment":[{"href":"https:\/\/cappiello.fr\/en\/wp-json\/wp\/v2\/media?parent=132354"}],"wp:term":[{"taxonomy":"type-doeuvre","embeddable":true,"href":"https:\/\/cappiello.fr\/en\/wp-json\/wp\/v2\/type-doeuvre?post=132354"},{"taxonomy":"product_brand","embeddable":true,"href":"https:\/\/cappiello.fr\/en\/wp-json\/wp\/v2\/product_brand?post=132354"},{"taxonomy":"product_cat","embeddable":true,"href":"https:\/\/cappiello.fr\/en\/wp-json\/wp\/v2\/product_cat?post=132354"},{"taxonomy":"product_tag","embeddable":true,"href":"https:\/\/cappiello.fr\/en\/wp-json\/wp\/v2\/product_tag?post=132354"}],"curies":[{"name":"wp","href":"https:\/\/api.w.org\/{rel}","templated":true}]}}