{"id":132374,"date":"1906-01-01T00:00:00","date_gmt":"1905-12-31T23:50:39","guid":{"rendered":"https:\/\/cappiello.fr\/produit\/mediana-de-aragon\/"},"modified":"2025-05-14T23:58:55","modified_gmt":"2025-05-14T21:58:55","slug":"mediana-de-aragon","status":"publish","type":"product","link":"https:\/\/cappiello.fr\/en\/produit\/mediana-de-aragon\/","title":{"rendered":"Mediana de Aragon"},"content":{"rendered":"<p>A personified bottle of Mediana de Aragon water holds Death at bay with its sword. It even terrifies Death. This proves that by drinking this water, one becomes much stronger. One can even defeat death. <\/p>\n<p>&#8220;<em>This project is documented under the title &#8216;Bottle killing death&#8217; in the detailed account of Cappiello at Vercasson, in 1906<\/em>&#8221; <br \/>[in Cappiello. Caricatures posters paintings.1981]<\/p>\n","protected":false},"excerpt":{"rendered":"<p>Highly mineralized waters of Mediana de Aragon in Spain<\/p>\n","protected":false},"featured_media":134445,"template":"","meta":{"_acf_changed":false},"type-doeuvre":[4057],"product_brand":[],"product_cat":[3315],"product_tag":[3290,3428],"class_list":{"0":"post-132374","1":"product","2":"type-product","3":"status-publish","4":"has-post-thumbnail","6":"type-doeuvre-affiches","7":"product_cat-soft-drinks","8":"product_tag-mustache-en","9":"product_tag-glass-en-3","10":"pa_periode-1900-1918-en","11":"pa_type-de-contenu-lithography","13":"first","14":"instock","15":"virtual","16":"product-type-simple"},"acf":[],"yoast_head":"<!-- This site is optimized with the Yoast SEO Premium plugin v27.0 (Yoast SEO v27.4) - https:\/\/yoast.com\/product\/yoast-seo-premium-wordpress\/ -->\n<title>Mediana de Aragon - Catalogue Raisonn\u00e9 de Leonetto Cappiello<\/title>\n<meta name=\"description\" content=\"A personified bottle of Mediana de Aragon water holds Death at bay with its sword. It even terrifies Death. This proves that by drinking this water, one becomes much stronger. One can even defeat death. &quot;This project is documented under the title &#039;Bottle killing death&#039; in the detailed account of Cappiello&#039;s bill at Vercasson, in 1906&quot; [in Cappiello. Caricatures posters paintings.1981]\" \/>\n<meta name=\"robots\" content=\"index, follow, max-snippet:-1, max-image-preview:large, max-video-preview:-1\" \/>\n<link rel=\"canonical\" href=\"https:\/\/cappiello.fr\/en\/produit\/mediana-de-aragon\/\" \/>\n<meta property=\"og:locale\" content=\"en_US\" \/>\n<meta property=\"og:type\" content=\"article\" \/>\n<meta property=\"og:title\" content=\"Mediana de Aragon\" \/>\n<meta property=\"og:description\" content=\"A personified bottle of Mediana de Aragon water holds Death at bay with its sword. It even terrifies Death. This proves that by drinking this water, one becomes much stronger. One can even defeat death. &quot;This project is documented under the title &#039;Bottle killing death&#039; in the detailed account of Cappiello&#039;s bill at Vercasson, in 1906&quot; [in Cappiello. Caricatures posters paintings.1981]\" \/>\n<meta property=\"og:url\" content=\"https:\/\/cappiello.fr\/en\/produit\/mediana-de-aragon\/\" \/>\n<meta property=\"og:site_name\" content=\"Catalogue raisonn\u00e9 de Leonetto Cappiello\" \/>\n<meta property=\"article:modified_time\" content=\"2025-05-14T21:58:55+00:00\" \/>\n<meta property=\"og:image\" content=\"https:\/\/cappiello.fr\/wp-content\/uploads\/2024\/10\/Lithographie-affiche-publicitaire-mediana-de-aragon-cappiello-1906.jpg\" \/>\n\t<meta property=\"og:image:width\" content=\"573\" \/>\n\t<meta property=\"og:image:height\" content=\"800\" \/>\n\t<meta property=\"og:image:type\" content=\"image\/jpeg\" \/>\n<meta name=\"twitter:card\" content=\"summary_large_image\" \/>\n<meta name=\"twitter:title\" content=\"Mediana de Aragon\" \/>\n<meta name=\"twitter:description\" content=\"A personified bottle of Mediana de Aragon water holds Death at bay with its sword. It even terrifies Death. This proves that by drinking this water, one becomes much stronger. One can even defeat death. &quot;This project is documented under the title &#039;Bottle killing death&#039; in the detailed account of Cappiello&#039;s bill at Vercasson, in 1906&quot; [in Cappiello. Caricatures posters paintings.1981]\" \/>\n<meta name=\"twitter:label1\" content=\"Price\" \/>\n\t<meta name=\"twitter:data1\" content=\"\" \/>\n\t<meta name=\"twitter:label2\" content=\"Availability\" \/>\n\t<meta name=\"twitter:data2\" content=\"In stock\" \/>\n<script type=\"application\/ld+json\" class=\"yoast-schema-graph\">{\"@context\":\"https:\\\/\\\/schema.org\",\"@graph\":[{\"@type\":[\"WebPage\",\"ItemPage\"],\"@id\":\"https:\\\/\\\/cappiello.fr\\\/en\\\/produit\\\/mediana-de-aragon\\\/\",\"url\":\"https:\\\/\\\/cappiello.fr\\\/en\\\/produit\\\/mediana-de-aragon\\\/\",\"name\":\"Mediana de Aragon - Catalogue Raisonn\u00e9 de Leonetto Cappiello\",\"isPartOf\":{\"@id\":\"https:\\\/\\\/cappiello.fr\\\/en\\\/#website\"},\"primaryImageOfPage\":{\"@id\":\"https:\\\/\\\/cappiello.fr\\\/en\\\/produit\\\/mediana-de-aragon\\\/#primaryimage\"},\"image\":{\"@id\":\"https:\\\/\\\/cappiello.fr\\\/en\\\/produit\\\/mediana-de-aragon\\\/#primaryimage\"},\"thumbnailUrl\":\"https:\\\/\\\/cappiello.fr\\\/wp-content\\\/uploads\\\/2024\\\/10\\\/Lithographie-affiche-publicitaire-mediana-de-aragon-cappiello-1906.jpg\",\"datePublished\":\"1905-12-31T23:50:39+00:00\",\"dateModified\":\"2025-05-14T21:58:55+00:00\",\"description\":\"A personified bottle of Mediana de Aragon water holds Death at bay with its sword. It even terrifies Death. This proves that by drinking this water, one becomes much stronger. One can even defeat death. \\\"This project is documented under the title 'Bottle killing death' in the detailed account of Cappiello's bill at Vercasson, in 1906\\\" [in Cappiello. Caricatures posters paintings.1981]\",\"breadcrumb\":{\"@id\":\"https:\\\/\\\/cappiello.fr\\\/en\\\/produit\\\/mediana-de-aragon\\\/#breadcrumb\"},\"inLanguage\":\"en-US\",\"potentialAction\":[{\"@type\":\"ReadAction\",\"target\":[\"https:\\\/\\\/cappiello.fr\\\/en\\\/produit\\\/mediana-de-aragon\\\/\"]}]},{\"@type\":\"ImageObject\",\"inLanguage\":\"en-US\",\"@id\":\"https:\\\/\\\/cappiello.fr\\\/en\\\/produit\\\/mediana-de-aragon\\\/#primaryimage\",\"url\":\"https:\\\/\\\/cappiello.fr\\\/wp-content\\\/uploads\\\/2024\\\/10\\\/Lithographie-affiche-publicitaire-mediana-de-aragon-cappiello-1906.jpg\",\"contentUrl\":\"https:\\\/\\\/cappiello.fr\\\/wp-content\\\/uploads\\\/2024\\\/10\\\/Lithographie-affiche-publicitaire-mediana-de-aragon-cappiello-1906.jpg\",\"width\":573,\"height\":800,\"caption\":\"Eaux fortement min\u00e9ralis\u00e9es de Mediana de Aragon en Espagne\"},{\"@type\":\"BreadcrumbList\",\"@id\":\"https:\\\/\\\/cappiello.fr\\\/en\\\/produit\\\/mediana-de-aragon\\\/#breadcrumb\",\"itemListElement\":[{\"@type\":\"ListItem\",\"position\":1,\"name\":\"Accueil\",\"item\":\"https:\\\/\\\/cappiello.fr\\\/en\\\/\"},{\"@type\":\"ListItem\",\"position\":2,\"name\":\"The works\",\"item\":\"https:\\\/\\\/cappiello.fr\\\/en\\\/the-works\\\/\"},{\"@type\":\"ListItem\",\"position\":3,\"name\":\"Mediana de Aragon\"}]},{\"@type\":\"WebSite\",\"@id\":\"https:\\\/\\\/cappiello.fr\\\/en\\\/#website\",\"url\":\"https:\\\/\\\/cappiello.fr\\\/en\\\/\",\"name\":\"Catalogue raisonn\u00e9 de Leonetto Cappiello\",\"description\":\"Plongez dans l&#039;univers de Leonetto Cappiello, le p\u00e8re de la publicit\u00e9 moderne\",\"potentialAction\":[{\"@type\":\"SearchAction\",\"target\":{\"@type\":\"EntryPoint\",\"urlTemplate\":\"https:\\\/\\\/cappiello.fr\\\/en\\\/?s={search_term_string}\"},\"query-input\":{\"@type\":\"PropertyValueSpecification\",\"valueRequired\":true,\"valueName\":\"search_term_string\"}}],\"inLanguage\":\"en-US\"}]}<\/script>\n<meta property=\"product:price:currency\" content=\"EUR\" \/>\n<meta property=\"og:availability\" content=\"instock\" \/>\n<meta property=\"product:availability\" content=\"instock\" \/>\n<meta property=\"product:retailer_item_id\" content=\"1906012Z0\" \/>\n<meta property=\"product:condition\" content=\"new\" \/>\n<!-- \/ Yoast SEO Premium plugin. -->","yoast_head_json":{"title":"Mediana de Aragon - Catalogue Raisonn\u00e9 de Leonetto Cappiello","description":"A personified bottle of Mediana de Aragon water holds Death at bay with its sword. It even terrifies Death. This proves that by drinking this water, one becomes much stronger. One can even defeat death. \"This project is documented under the title 'Bottle killing death' in the detailed account of Cappiello's bill at Vercasson, in 1906\" [in Cappiello. Caricatures posters paintings.1981]","robots":{"index":"index","follow":"follow","max-snippet":"max-snippet:-1","max-image-preview":"max-image-preview:large","max-video-preview":"max-video-preview:-1"},"canonical":"https:\/\/cappiello.fr\/en\/produit\/mediana-de-aragon\/","og_locale":"en_US","og_type":"article","og_title":"Mediana de Aragon","og_description":"A personified bottle of Mediana de Aragon water holds Death at bay with its sword. It even terrifies Death. This proves that by drinking this water, one becomes much stronger. One can even defeat death. \"This project is documented under the title 'Bottle killing death' in the detailed account of Cappiello's bill at Vercasson, in 1906\" [in Cappiello. Caricatures posters paintings.1981]","og_url":"https:\/\/cappiello.fr\/en\/produit\/mediana-de-aragon\/","og_site_name":"Catalogue raisonn\u00e9 de Leonetto Cappiello","article_modified_time":"2025-05-14T21:58:55+00:00","og_image":[{"width":573,"height":800,"url":"https:\/\/cappiello.fr\/wp-content\/uploads\/2024\/10\/Lithographie-affiche-publicitaire-mediana-de-aragon-cappiello-1906.jpg","type":"image\/jpeg"}],"twitter_card":"summary_large_image","twitter_title":"Mediana de Aragon","twitter_description":"A personified bottle of Mediana de Aragon water holds Death at bay with its sword. It even terrifies Death. This proves that by drinking this water, one becomes much stronger. One can even defeat death. \"This project is documented under the title 'Bottle killing death' in the detailed account of Cappiello's bill at Vercasson, in 1906\" [in Cappiello. Caricatures posters paintings.1981]","twitter_misc":{"Price":"","Availability":"In stock"},"schema":{"@context":"https:\/\/schema.org","@graph":[{"@type":["WebPage","ItemPage"],"@id":"https:\/\/cappiello.fr\/en\/produit\/mediana-de-aragon\/","url":"https:\/\/cappiello.fr\/en\/produit\/mediana-de-aragon\/","name":"Mediana de Aragon - Catalogue Raisonn\u00e9 de Leonetto Cappiello","isPartOf":{"@id":"https:\/\/cappiello.fr\/en\/#website"},"primaryImageOfPage":{"@id":"https:\/\/cappiello.fr\/en\/produit\/mediana-de-aragon\/#primaryimage"},"image":{"@id":"https:\/\/cappiello.fr\/en\/produit\/mediana-de-aragon\/#primaryimage"},"thumbnailUrl":"https:\/\/cappiello.fr\/wp-content\/uploads\/2024\/10\/Lithographie-affiche-publicitaire-mediana-de-aragon-cappiello-1906.jpg","datePublished":"1905-12-31T23:50:39+00:00","dateModified":"2025-05-14T21:58:55+00:00","description":"A personified bottle of Mediana de Aragon water holds Death at bay with its sword. It even terrifies Death. This proves that by drinking this water, one becomes much stronger. One can even defeat death. \"This project is documented under the title 'Bottle killing death' in the detailed account of Cappiello's bill at Vercasson, in 1906\" [in Cappiello. Caricatures posters paintings.1981]","breadcrumb":{"@id":"https:\/\/cappiello.fr\/en\/produit\/mediana-de-aragon\/#breadcrumb"},"inLanguage":"en-US","potentialAction":[{"@type":"ReadAction","target":["https:\/\/cappiello.fr\/en\/produit\/mediana-de-aragon\/"]}]},{"@type":"ImageObject","inLanguage":"en-US","@id":"https:\/\/cappiello.fr\/en\/produit\/mediana-de-aragon\/#primaryimage","url":"https:\/\/cappiello.fr\/wp-content\/uploads\/2024\/10\/Lithographie-affiche-publicitaire-mediana-de-aragon-cappiello-1906.jpg","contentUrl":"https:\/\/cappiello.fr\/wp-content\/uploads\/2024\/10\/Lithographie-affiche-publicitaire-mediana-de-aragon-cappiello-1906.jpg","width":573,"height":800,"caption":"Eaux fortement min\u00e9ralis\u00e9es de Mediana de Aragon en Espagne"},{"@type":"BreadcrumbList","@id":"https:\/\/cappiello.fr\/en\/produit\/mediana-de-aragon\/#breadcrumb","itemListElement":[{"@type":"ListItem","position":1,"name":"Accueil","item":"https:\/\/cappiello.fr\/en\/"},{"@type":"ListItem","position":2,"name":"The works","item":"https:\/\/cappiello.fr\/en\/the-works\/"},{"@type":"ListItem","position":3,"name":"Mediana de Aragon"}]},{"@type":"WebSite","@id":"https:\/\/cappiello.fr\/en\/#website","url":"https:\/\/cappiello.fr\/en\/","name":"Catalogue raisonn\u00e9 de Leonetto Cappiello","description":"Plongez dans l&#039;univers de Leonetto Cappiello, le p\u00e8re de la publicit\u00e9 moderne","potentialAction":[{"@type":"SearchAction","target":{"@type":"EntryPoint","urlTemplate":"https:\/\/cappiello.fr\/en\/?s={search_term_string}"},"query-input":{"@type":"PropertyValueSpecification","valueRequired":true,"valueName":"search_term_string"}}],"inLanguage":"en-US"}]},"product_price_currency":"EUR","og_availability":"instock","product_availability":"instock","product_retailer_item_id":"1906012Z0","product_condition":"new"},"_links":{"self":[{"href":"https:\/\/cappiello.fr\/en\/wp-json\/wp\/v2\/product\/132374","targetHints":{"allow":["GET"]}}],"collection":[{"href":"https:\/\/cappiello.fr\/en\/wp-json\/wp\/v2\/product"}],"about":[{"href":"https:\/\/cappiello.fr\/en\/wp-json\/wp\/v2\/types\/product"}],"wp:featuredmedia":[{"embeddable":true,"href":"https:\/\/cappiello.fr\/en\/wp-json\/wp\/v2\/media\/134445"}],"wp:attachment":[{"href":"https:\/\/cappiello.fr\/en\/wp-json\/wp\/v2\/media?parent=132374"}],"wp:term":[{"taxonomy":"type-doeuvre","embeddable":true,"href":"https:\/\/cappiello.fr\/en\/wp-json\/wp\/v2\/type-doeuvre?post=132374"},{"taxonomy":"product_brand","embeddable":true,"href":"https:\/\/cappiello.fr\/en\/wp-json\/wp\/v2\/product_brand?post=132374"},{"taxonomy":"product_cat","embeddable":true,"href":"https:\/\/cappiello.fr\/en\/wp-json\/wp\/v2\/product_cat?post=132374"},{"taxonomy":"product_tag","embeddable":true,"href":"https:\/\/cappiello.fr\/en\/wp-json\/wp\/v2\/product_tag?post=132374"}],"curies":[{"name":"wp","href":"https:\/\/api.w.org\/{rel}","templated":true}]}}