{"id":132378,"date":"1911-01-01T00:00:00","date_gmt":"1910-12-31T23:50:39","guid":{"rendered":"https:\/\/cappiello.fr\/produit\/floravene-gravena\/"},"modified":"2025-05-14T23:52:02","modified_gmt":"2025-05-14T21:52:02","slug":"floravene-gravena","status":"publish","type":"product","link":"https:\/\/cappiello.fr\/en\/produit\/floravene-gravena\/","title":{"rendered":"Floravene \/ Gravena"},"content":{"rendered":"<p>A jockey is competing in a grand prix. He fed his horse Floravene, which is leading the race close to the finish. But the jockey thinks he can do better. He gets off the horse and runs even faster to the finish line, while waving a pack of Floravene. Real doping!<\/p>\n","protected":false},"excerpt":{"rendered":"<p>Food product based on cocoa and oats.<\/p>\n","protected":false},"featured_media":132380,"template":"","meta":{"_acf_changed":false},"type-doeuvre":[4057],"product_brand":[],"product_cat":[3494],"product_tag":[3605,3453,3454,3350],"class_list":{"0":"post-132378","1":"product","2":"type-product","3":"status-publish","4":"has-post-thumbnail","6":"type-doeuvre-affiches","7":"product_cat-flour-based-products","8":"product_tag-toy-en","9":"product_tag-mountain-dweller","10":"product_tag-mountain-dweller-en","11":"product_tag-plate-en","12":"pa_periode-1900-1918-en","13":"pa_type-de-contenu-lithography","15":"first","16":"instock","17":"virtual","18":"product-type-simple"},"acf":[],"yoast_head":"<!-- This site is optimized with the Yoast SEO Premium plugin v27.0 (Yoast SEO v27.4) - https:\/\/yoast.com\/product\/yoast-seo-premium-wordpress\/ -->\n<title>Floravene \/ Gravena - Catalogue Raisonn\u00e9 de Leonetto Cappiello<\/title>\n<meta name=\"description\" content=\"A jockey competes in a grand prix. He fed his horse Floravene, which is leading near the finish line. But the jockey thinks he can do better. He gets off the horse and runs even faster to the finish line, while waving a pack of Floravene. Real doping!\" \/>\n<meta name=\"robots\" content=\"index, follow, max-snippet:-1, max-image-preview:large, max-video-preview:-1\" \/>\n<link rel=\"canonical\" href=\"https:\/\/cappiello.fr\/en\/produit\/floravene-gravena\/\" \/>\n<meta property=\"og:locale\" content=\"en_US\" \/>\n<meta property=\"og:type\" content=\"article\" \/>\n<meta property=\"og:title\" content=\"Floravene \/ Gravena\" \/>\n<meta property=\"og:description\" content=\"A jockey competes in a grand prix. He fed his horse Floravene, which is leading near the finish line. But the jockey thinks he can do better. He gets off the horse and runs even faster to the finish line, while waving a pack of Floravene. Real doping!\" \/>\n<meta property=\"og:url\" content=\"https:\/\/cappiello.fr\/en\/produit\/floravene-gravena\/\" \/>\n<meta property=\"og:site_name\" content=\"Catalogue raisonn\u00e9 de Leonetto Cappiello\" \/>\n<meta property=\"article:modified_time\" content=\"2025-05-14T21:52:02+00:00\" \/>\n<meta property=\"og:image\" content=\"https:\/\/cappiello.fr\/wp-content\/uploads\/2024\/10\/Lithographie-affiche-publicitaire-floravene-gravena-cappiello-1911.jpg\" \/>\n\t<meta property=\"og:image:width\" content=\"590\" \/>\n\t<meta property=\"og:image:height\" content=\"800\" \/>\n\t<meta property=\"og:image:type\" content=\"image\/jpeg\" \/>\n<meta name=\"twitter:card\" content=\"summary_large_image\" \/>\n<meta name=\"twitter:title\" content=\"Floravene \/ Gravena\" \/>\n<meta name=\"twitter:description\" content=\"A jockey competes in a grand prix. He fed his horse Floravene, which is leading near the finish line. But the jockey thinks he can do better. He gets off the horse and runs even faster to the finish line, while waving a pack of Floravene. Real doping!\" \/>\n<meta name=\"twitter:label1\" content=\"Price\" \/>\n\t<meta name=\"twitter:data1\" content=\"\" \/>\n\t<meta name=\"twitter:label2\" content=\"Availability\" \/>\n\t<meta name=\"twitter:data2\" content=\"In stock\" \/>\n<script type=\"application\/ld+json\" class=\"yoast-schema-graph\">{\"@context\":\"https:\\\/\\\/schema.org\",\"@graph\":[{\"@type\":[\"WebPage\",\"ItemPage\"],\"@id\":\"https:\\\/\\\/cappiello.fr\\\/en\\\/produit\\\/floravene-gravena\\\/\",\"url\":\"https:\\\/\\\/cappiello.fr\\\/en\\\/produit\\\/floravene-gravena\\\/\",\"name\":\"Floravene \\\/ Gravena - Catalogue Raisonn\u00e9 de Leonetto Cappiello\",\"isPartOf\":{\"@id\":\"https:\\\/\\\/cappiello.fr\\\/en\\\/#website\"},\"primaryImageOfPage\":{\"@id\":\"https:\\\/\\\/cappiello.fr\\\/en\\\/produit\\\/floravene-gravena\\\/#primaryimage\"},\"image\":{\"@id\":\"https:\\\/\\\/cappiello.fr\\\/en\\\/produit\\\/floravene-gravena\\\/#primaryimage\"},\"thumbnailUrl\":\"https:\\\/\\\/cappiello.fr\\\/wp-content\\\/uploads\\\/2024\\\/10\\\/Lithographie-affiche-publicitaire-floravene-gravena-cappiello-1911.jpg\",\"datePublished\":\"1910-12-31T23:50:39+00:00\",\"dateModified\":\"2025-05-14T21:52:02+00:00\",\"description\":\"A jockey competes in a grand prix. He fed his horse Floravene, which is leading near the finish line. But the jockey thinks he can do better. He gets off the horse and runs even faster to the finish line, while waving a pack of Floravene. Real doping!\",\"breadcrumb\":{\"@id\":\"https:\\\/\\\/cappiello.fr\\\/en\\\/produit\\\/floravene-gravena\\\/#breadcrumb\"},\"inLanguage\":\"en-US\",\"potentialAction\":[{\"@type\":\"ReadAction\",\"target\":[\"https:\\\/\\\/cappiello.fr\\\/en\\\/produit\\\/floravene-gravena\\\/\"]}]},{\"@type\":\"ImageObject\",\"inLanguage\":\"en-US\",\"@id\":\"https:\\\/\\\/cappiello.fr\\\/en\\\/produit\\\/floravene-gravena\\\/#primaryimage\",\"url\":\"https:\\\/\\\/cappiello.fr\\\/wp-content\\\/uploads\\\/2024\\\/10\\\/Lithographie-affiche-publicitaire-floravene-gravena-cappiello-1911.jpg\",\"contentUrl\":\"https:\\\/\\\/cappiello.fr\\\/wp-content\\\/uploads\\\/2024\\\/10\\\/Lithographie-affiche-publicitaire-floravene-gravena-cappiello-1911.jpg\",\"width\":590,\"height\":800,\"caption\":\"Food product based on cocoa and oats.\"},{\"@type\":\"BreadcrumbList\",\"@id\":\"https:\\\/\\\/cappiello.fr\\\/en\\\/produit\\\/floravene-gravena\\\/#breadcrumb\",\"itemListElement\":[{\"@type\":\"ListItem\",\"position\":1,\"name\":\"Accueil\",\"item\":\"https:\\\/\\\/cappiello.fr\\\/en\\\/\"},{\"@type\":\"ListItem\",\"position\":2,\"name\":\"The works\",\"item\":\"https:\\\/\\\/cappiello.fr\\\/en\\\/the-works\\\/\"},{\"@type\":\"ListItem\",\"position\":3,\"name\":\"Floravene \\\/ Gravena\"}]},{\"@type\":\"WebSite\",\"@id\":\"https:\\\/\\\/cappiello.fr\\\/en\\\/#website\",\"url\":\"https:\\\/\\\/cappiello.fr\\\/en\\\/\",\"name\":\"Catalogue raisonn\u00e9 de Leonetto Cappiello\",\"description\":\"Plongez dans l&#039;univers de Leonetto Cappiello, le p\u00e8re de la publicit\u00e9 moderne\",\"potentialAction\":[{\"@type\":\"SearchAction\",\"target\":{\"@type\":\"EntryPoint\",\"urlTemplate\":\"https:\\\/\\\/cappiello.fr\\\/en\\\/?s={search_term_string}\"},\"query-input\":{\"@type\":\"PropertyValueSpecification\",\"valueRequired\":true,\"valueName\":\"search_term_string\"}}],\"inLanguage\":\"en-US\"}]}<\/script>\n<meta property=\"product:price:currency\" content=\"EUR\" \/>\n<meta property=\"og:availability\" content=\"instock\" \/>\n<meta property=\"product:availability\" content=\"instock\" \/>\n<meta property=\"product:retailer_item_id\" content=\"1911212Z0\" \/>\n<meta property=\"product:condition\" content=\"new\" \/>\n<!-- \/ Yoast SEO Premium plugin. -->","yoast_head_json":{"title":"Floravene \/ Gravena - Catalogue Raisonn\u00e9 de Leonetto Cappiello","description":"A jockey competes in a grand prix. He fed his horse Floravene, which is leading near the finish line. But the jockey thinks he can do better. He gets off the horse and runs even faster to the finish line, while waving a pack of Floravene. Real doping!","robots":{"index":"index","follow":"follow","max-snippet":"max-snippet:-1","max-image-preview":"max-image-preview:large","max-video-preview":"max-video-preview:-1"},"canonical":"https:\/\/cappiello.fr\/en\/produit\/floravene-gravena\/","og_locale":"en_US","og_type":"article","og_title":"Floravene \/ Gravena","og_description":"A jockey competes in a grand prix. He fed his horse Floravene, which is leading near the finish line. But the jockey thinks he can do better. He gets off the horse and runs even faster to the finish line, while waving a pack of Floravene. Real doping!","og_url":"https:\/\/cappiello.fr\/en\/produit\/floravene-gravena\/","og_site_name":"Catalogue raisonn\u00e9 de Leonetto Cappiello","article_modified_time":"2025-05-14T21:52:02+00:00","og_image":[{"width":590,"height":800,"url":"https:\/\/cappiello.fr\/wp-content\/uploads\/2024\/10\/Lithographie-affiche-publicitaire-floravene-gravena-cappiello-1911.jpg","type":"image\/jpeg"}],"twitter_card":"summary_large_image","twitter_title":"Floravene \/ Gravena","twitter_description":"A jockey competes in a grand prix. He fed his horse Floravene, which is leading near the finish line. But the jockey thinks he can do better. He gets off the horse and runs even faster to the finish line, while waving a pack of Floravene. Real doping!","twitter_misc":{"Price":"","Availability":"In stock"},"schema":{"@context":"https:\/\/schema.org","@graph":[{"@type":["WebPage","ItemPage"],"@id":"https:\/\/cappiello.fr\/en\/produit\/floravene-gravena\/","url":"https:\/\/cappiello.fr\/en\/produit\/floravene-gravena\/","name":"Floravene \/ Gravena - Catalogue Raisonn\u00e9 de Leonetto Cappiello","isPartOf":{"@id":"https:\/\/cappiello.fr\/en\/#website"},"primaryImageOfPage":{"@id":"https:\/\/cappiello.fr\/en\/produit\/floravene-gravena\/#primaryimage"},"image":{"@id":"https:\/\/cappiello.fr\/en\/produit\/floravene-gravena\/#primaryimage"},"thumbnailUrl":"https:\/\/cappiello.fr\/wp-content\/uploads\/2024\/10\/Lithographie-affiche-publicitaire-floravene-gravena-cappiello-1911.jpg","datePublished":"1910-12-31T23:50:39+00:00","dateModified":"2025-05-14T21:52:02+00:00","description":"A jockey competes in a grand prix. He fed his horse Floravene, which is leading near the finish line. But the jockey thinks he can do better. He gets off the horse and runs even faster to the finish line, while waving a pack of Floravene. Real doping!","breadcrumb":{"@id":"https:\/\/cappiello.fr\/en\/produit\/floravene-gravena\/#breadcrumb"},"inLanguage":"en-US","potentialAction":[{"@type":"ReadAction","target":["https:\/\/cappiello.fr\/en\/produit\/floravene-gravena\/"]}]},{"@type":"ImageObject","inLanguage":"en-US","@id":"https:\/\/cappiello.fr\/en\/produit\/floravene-gravena\/#primaryimage","url":"https:\/\/cappiello.fr\/wp-content\/uploads\/2024\/10\/Lithographie-affiche-publicitaire-floravene-gravena-cappiello-1911.jpg","contentUrl":"https:\/\/cappiello.fr\/wp-content\/uploads\/2024\/10\/Lithographie-affiche-publicitaire-floravene-gravena-cappiello-1911.jpg","width":590,"height":800,"caption":"Food product based on cocoa and oats."},{"@type":"BreadcrumbList","@id":"https:\/\/cappiello.fr\/en\/produit\/floravene-gravena\/#breadcrumb","itemListElement":[{"@type":"ListItem","position":1,"name":"Accueil","item":"https:\/\/cappiello.fr\/en\/"},{"@type":"ListItem","position":2,"name":"The works","item":"https:\/\/cappiello.fr\/en\/the-works\/"},{"@type":"ListItem","position":3,"name":"Floravene \/ Gravena"}]},{"@type":"WebSite","@id":"https:\/\/cappiello.fr\/en\/#website","url":"https:\/\/cappiello.fr\/en\/","name":"Catalogue raisonn\u00e9 de Leonetto Cappiello","description":"Plongez dans l&#039;univers de Leonetto Cappiello, le p\u00e8re de la publicit\u00e9 moderne","potentialAction":[{"@type":"SearchAction","target":{"@type":"EntryPoint","urlTemplate":"https:\/\/cappiello.fr\/en\/?s={search_term_string}"},"query-input":{"@type":"PropertyValueSpecification","valueRequired":true,"valueName":"search_term_string"}}],"inLanguage":"en-US"}]},"product_price_currency":"EUR","og_availability":"instock","product_availability":"instock","product_retailer_item_id":"1911212Z0","product_condition":"new"},"_links":{"self":[{"href":"https:\/\/cappiello.fr\/en\/wp-json\/wp\/v2\/product\/132378","targetHints":{"allow":["GET"]}}],"collection":[{"href":"https:\/\/cappiello.fr\/en\/wp-json\/wp\/v2\/product"}],"about":[{"href":"https:\/\/cappiello.fr\/en\/wp-json\/wp\/v2\/types\/product"}],"wp:featuredmedia":[{"embeddable":true,"href":"https:\/\/cappiello.fr\/en\/wp-json\/wp\/v2\/media\/132380"}],"wp:attachment":[{"href":"https:\/\/cappiello.fr\/en\/wp-json\/wp\/v2\/media?parent=132378"}],"wp:term":[{"taxonomy":"type-doeuvre","embeddable":true,"href":"https:\/\/cappiello.fr\/en\/wp-json\/wp\/v2\/type-doeuvre?post=132378"},{"taxonomy":"product_brand","embeddable":true,"href":"https:\/\/cappiello.fr\/en\/wp-json\/wp\/v2\/product_brand?post=132378"},{"taxonomy":"product_cat","embeddable":true,"href":"https:\/\/cappiello.fr\/en\/wp-json\/wp\/v2\/product_cat?post=132378"},{"taxonomy":"product_tag","embeddable":true,"href":"https:\/\/cappiello.fr\/en\/wp-json\/wp\/v2\/product_tag?post=132378"}],"curies":[{"name":"wp","href":"https:\/\/api.w.org\/{rel}","templated":true}]}}