{"id":132410,"date":"1906-01-01T00:00:00","date_gmt":"1905-12-31T23:50:39","guid":{"rendered":"https:\/\/cappiello.fr\/produit\/maurin-quina\/"},"modified":"2025-05-14T23:59:08","modified_gmt":"2025-05-14T21:59:08","slug":"maurin-quina","status":"publish","type":"product","link":"https:\/\/cappiello.fr\/en\/produit\/maurin-quina\/","title":{"rendered":"Maurin Quina"},"content":{"rendered":"<p>A green devil on a black background opens a bottle of Maurin Quina. This devil, so extraordinary, allowed this aperitif to become world famous.<\/p>\n<p> &#8220;<em>In this poster, it should be noted that the entire expression of the devil&#8217;s face lies in the brilliance of the three red touches placed in the eyes and mouth. <br \/>By resting the tip of his character&#8217;s foot on the N of the name, Cappiello attempts to integrate the letter.<\/em>&#8220;<br \/>[in Cappiello 1875-1942: Caricatures, posters, paintings and decorative projects, 1981]<\/p>\n","protected":false},"excerpt":{"rendered":"<p>Fruit-flavored wine, with cherry and pit flavors. This aperitif was created in 1884 by the Pag\u00e8s distillery in Puy-en-Velay.<\/p>\n","protected":false},"featured_media":134681,"template":"","meta":{"_acf_changed":false},"type-doeuvre":[4057],"product_brand":[],"product_cat":[3339],"product_tag":[3290,3309],"class_list":{"0":"post-132410","1":"product","2":"type-product","3":"status-publish","4":"has-post-thumbnail","6":"type-doeuvre-affiches","7":"product_cat-aperitifs","8":"product_tag-mustache-en","9":"product_tag-sun-en-11","10":"pa_periode-1900-1918-en","11":"pa_type-de-contenu-lithography","13":"first","14":"instock","15":"virtual","16":"product-type-simple"},"acf":[],"yoast_head":"<!-- This site is optimized with the Yoast SEO Premium plugin v27.0 (Yoast SEO v27.4) - https:\/\/yoast.com\/product\/yoast-seo-premium-wordpress\/ -->\n<title>Maurin Quina - Catalogue Raisonn\u00e9 de Leonetto Cappiello<\/title>\n<meta name=\"description\" content=\"A green devil on a black background opens a bottle of Maurin Quina. This devil, so extraordinary, allowed this aperitif to be known worldwide. &quot;In this poster, it should be noted that the entire expression of the devil&#039;s face lies in the brightness of the three touches of red placed in the eyes and mouth. By resting the tip of his character&#039;s foot on the N of the name, Cappiello attempts to integrate the letter.&quot; [in Cappiello 1875-1942: Caricatures, Posters, Paintings and Decorative Projects, 1981]\" \/>\n<meta name=\"robots\" content=\"index, follow, max-snippet:-1, max-image-preview:large, max-video-preview:-1\" \/>\n<link rel=\"canonical\" href=\"https:\/\/cappiello.fr\/en\/produit\/maurin-quina\/\" \/>\n<meta property=\"og:locale\" content=\"en_US\" \/>\n<meta property=\"og:type\" content=\"article\" \/>\n<meta property=\"og:title\" content=\"Maurin Quina\" \/>\n<meta property=\"og:description\" content=\"A green devil on a black background opens a bottle of Maurin Quina. This devil, so extraordinary, allowed this aperitif to be known worldwide. &quot;In this poster, it should be noted that the entire expression of the devil&#039;s face lies in the brightness of the three touches of red placed in the eyes and mouth. By resting the tip of his character&#039;s foot on the N of the name, Cappiello attempts to integrate the letter.&quot; [in Cappiello 1875-1942: Caricatures, Posters, Paintings and Decorative Projects, 1981]\" \/>\n<meta property=\"og:url\" content=\"https:\/\/cappiello.fr\/en\/produit\/maurin-quina\/\" \/>\n<meta property=\"og:site_name\" content=\"Catalogue raisonn\u00e9 de Leonetto Cappiello\" \/>\n<meta property=\"article:modified_time\" content=\"2025-05-14T21:59:08+00:00\" \/>\n<meta property=\"og:image\" content=\"https:\/\/cappiello.fr\/wp-content\/uploads\/2024\/10\/Lithographie-affiche-publicitaire-maurin-quina-cappiello-1906.jpg\" \/>\n\t<meta property=\"og:image:width\" content=\"585\" \/>\n\t<meta property=\"og:image:height\" content=\"800\" \/>\n\t<meta property=\"og:image:type\" content=\"image\/jpeg\" \/>\n<meta name=\"twitter:card\" content=\"summary_large_image\" \/>\n<meta name=\"twitter:title\" content=\"Maurin Quina\" \/>\n<meta name=\"twitter:description\" content=\"A green devil on a black background opens a bottle of Maurin Quina. This devil, so extraordinary, allowed this aperitif to be known worldwide. &quot;In this poster, it should be noted that the entire expression of the devil&#039;s face lies in the brightness of the three touches of red placed in the eyes and mouth. By resting the tip of his character&#039;s foot on the N of the name, Cappiello attempts to integrate the letter.&quot; [in Cappiello 1875-1942: Caricatures, Posters, Paintings and Decorative Projects, 1981]\" \/>\n<meta name=\"twitter:label1\" content=\"Price\" \/>\n\t<meta name=\"twitter:data1\" content=\"\" \/>\n\t<meta name=\"twitter:label2\" content=\"Availability\" \/>\n\t<meta name=\"twitter:data2\" content=\"In stock\" \/>\n<script type=\"application\/ld+json\" class=\"yoast-schema-graph\">{\"@context\":\"https:\\\/\\\/schema.org\",\"@graph\":[{\"@type\":[\"WebPage\",\"ItemPage\"],\"@id\":\"https:\\\/\\\/cappiello.fr\\\/en\\\/produit\\\/maurin-quina\\\/\",\"url\":\"https:\\\/\\\/cappiello.fr\\\/en\\\/produit\\\/maurin-quina\\\/\",\"name\":\"Maurin Quina - Catalogue Raisonn\u00e9 de Leonetto Cappiello\",\"isPartOf\":{\"@id\":\"https:\\\/\\\/cappiello.fr\\\/en\\\/#website\"},\"primaryImageOfPage\":{\"@id\":\"https:\\\/\\\/cappiello.fr\\\/en\\\/produit\\\/maurin-quina\\\/#primaryimage\"},\"image\":{\"@id\":\"https:\\\/\\\/cappiello.fr\\\/en\\\/produit\\\/maurin-quina\\\/#primaryimage\"},\"thumbnailUrl\":\"https:\\\/\\\/cappiello.fr\\\/wp-content\\\/uploads\\\/2024\\\/10\\\/Lithographie-affiche-publicitaire-maurin-quina-cappiello-1906.jpg\",\"datePublished\":\"1905-12-31T23:50:39+00:00\",\"dateModified\":\"2025-05-14T21:59:08+00:00\",\"description\":\"A green devil on a black background opens a bottle of Maurin Quina. This devil, so extraordinary, allowed this aperitif to be known worldwide. \\\"In this poster, it should be noted that the entire expression of the devil's face lies in the brightness of the three touches of red placed in the eyes and mouth. By resting the tip of his character's foot on the N of the name, Cappiello attempts to integrate the letter.\\\" [in Cappiello 1875-1942: Caricatures, Posters, Paintings and Decorative Projects, 1981]\",\"breadcrumb\":{\"@id\":\"https:\\\/\\\/cappiello.fr\\\/en\\\/produit\\\/maurin-quina\\\/#breadcrumb\"},\"inLanguage\":\"en-US\",\"potentialAction\":[{\"@type\":\"ReadAction\",\"target\":[\"https:\\\/\\\/cappiello.fr\\\/en\\\/produit\\\/maurin-quina\\\/\"]}]},{\"@type\":\"ImageObject\",\"inLanguage\":\"en-US\",\"@id\":\"https:\\\/\\\/cappiello.fr\\\/en\\\/produit\\\/maurin-quina\\\/#primaryimage\",\"url\":\"https:\\\/\\\/cappiello.fr\\\/wp-content\\\/uploads\\\/2024\\\/10\\\/Lithographie-affiche-publicitaire-maurin-quina-cappiello-1906.jpg\",\"contentUrl\":\"https:\\\/\\\/cappiello.fr\\\/wp-content\\\/uploads\\\/2024\\\/10\\\/Lithographie-affiche-publicitaire-maurin-quina-cappiello-1906.jpg\",\"width\":585,\"height\":800,\"caption\":\"Vin aromatis\u00e9 aux fruits\"},{\"@type\":\"BreadcrumbList\",\"@id\":\"https:\\\/\\\/cappiello.fr\\\/en\\\/produit\\\/maurin-quina\\\/#breadcrumb\",\"itemListElement\":[{\"@type\":\"ListItem\",\"position\":1,\"name\":\"Accueil\",\"item\":\"https:\\\/\\\/cappiello.fr\\\/en\\\/\"},{\"@type\":\"ListItem\",\"position\":2,\"name\":\"The works\",\"item\":\"https:\\\/\\\/cappiello.fr\\\/en\\\/the-works\\\/\"},{\"@type\":\"ListItem\",\"position\":3,\"name\":\"Maurin Quina\"}]},{\"@type\":\"WebSite\",\"@id\":\"https:\\\/\\\/cappiello.fr\\\/en\\\/#website\",\"url\":\"https:\\\/\\\/cappiello.fr\\\/en\\\/\",\"name\":\"Catalogue raisonn\u00e9 de Leonetto Cappiello\",\"description\":\"Plongez dans l&#039;univers de Leonetto Cappiello, le p\u00e8re de la publicit\u00e9 moderne\",\"potentialAction\":[{\"@type\":\"SearchAction\",\"target\":{\"@type\":\"EntryPoint\",\"urlTemplate\":\"https:\\\/\\\/cappiello.fr\\\/en\\\/?s={search_term_string}\"},\"query-input\":{\"@type\":\"PropertyValueSpecification\",\"valueRequired\":true,\"valueName\":\"search_term_string\"}}],\"inLanguage\":\"en-US\"}]}<\/script>\n<meta property=\"product:price:currency\" content=\"EUR\" \/>\n<meta property=\"og:availability\" content=\"instock\" \/>\n<meta property=\"product:availability\" content=\"instock\" \/>\n<meta property=\"product:retailer_item_id\" content=\"1906005Z0, 1906005Z1 et 1906005Z2\" \/>\n<meta property=\"product:condition\" content=\"new\" \/>\n<!-- \/ Yoast SEO Premium plugin. -->","yoast_head_json":{"title":"Maurin Quina - Catalogue Raisonn\u00e9 de Leonetto Cappiello","description":"A green devil on a black background opens a bottle of Maurin Quina. This devil, so extraordinary, allowed this aperitif to be known worldwide. \"In this poster, it should be noted that the entire expression of the devil's face lies in the brightness of the three touches of red placed in the eyes and mouth. By resting the tip of his character's foot on the N of the name, Cappiello attempts to integrate the letter.\" [in Cappiello 1875-1942: Caricatures, Posters, Paintings and Decorative Projects, 1981]","robots":{"index":"index","follow":"follow","max-snippet":"max-snippet:-1","max-image-preview":"max-image-preview:large","max-video-preview":"max-video-preview:-1"},"canonical":"https:\/\/cappiello.fr\/en\/produit\/maurin-quina\/","og_locale":"en_US","og_type":"article","og_title":"Maurin Quina","og_description":"A green devil on a black background opens a bottle of Maurin Quina. This devil, so extraordinary, allowed this aperitif to be known worldwide. \"In this poster, it should be noted that the entire expression of the devil's face lies in the brightness of the three touches of red placed in the eyes and mouth. By resting the tip of his character's foot on the N of the name, Cappiello attempts to integrate the letter.\" [in Cappiello 1875-1942: Caricatures, Posters, Paintings and Decorative Projects, 1981]","og_url":"https:\/\/cappiello.fr\/en\/produit\/maurin-quina\/","og_site_name":"Catalogue raisonn\u00e9 de Leonetto Cappiello","article_modified_time":"2025-05-14T21:59:08+00:00","og_image":[{"width":585,"height":800,"url":"https:\/\/cappiello.fr\/wp-content\/uploads\/2024\/10\/Lithographie-affiche-publicitaire-maurin-quina-cappiello-1906.jpg","type":"image\/jpeg"}],"twitter_card":"summary_large_image","twitter_title":"Maurin Quina","twitter_description":"A green devil on a black background opens a bottle of Maurin Quina. This devil, so extraordinary, allowed this aperitif to be known worldwide. \"In this poster, it should be noted that the entire expression of the devil's face lies in the brightness of the three touches of red placed in the eyes and mouth. By resting the tip of his character's foot on the N of the name, Cappiello attempts to integrate the letter.\" [in Cappiello 1875-1942: Caricatures, Posters, Paintings and Decorative Projects, 1981]","twitter_misc":{"Price":"","Availability":"In stock"},"schema":{"@context":"https:\/\/schema.org","@graph":[{"@type":["WebPage","ItemPage"],"@id":"https:\/\/cappiello.fr\/en\/produit\/maurin-quina\/","url":"https:\/\/cappiello.fr\/en\/produit\/maurin-quina\/","name":"Maurin Quina - Catalogue Raisonn\u00e9 de Leonetto Cappiello","isPartOf":{"@id":"https:\/\/cappiello.fr\/en\/#website"},"primaryImageOfPage":{"@id":"https:\/\/cappiello.fr\/en\/produit\/maurin-quina\/#primaryimage"},"image":{"@id":"https:\/\/cappiello.fr\/en\/produit\/maurin-quina\/#primaryimage"},"thumbnailUrl":"https:\/\/cappiello.fr\/wp-content\/uploads\/2024\/10\/Lithographie-affiche-publicitaire-maurin-quina-cappiello-1906.jpg","datePublished":"1905-12-31T23:50:39+00:00","dateModified":"2025-05-14T21:59:08+00:00","description":"A green devil on a black background opens a bottle of Maurin Quina. This devil, so extraordinary, allowed this aperitif to be known worldwide. \"In this poster, it should be noted that the entire expression of the devil's face lies in the brightness of the three touches of red placed in the eyes and mouth. By resting the tip of his character's foot on the N of the name, Cappiello attempts to integrate the letter.\" [in Cappiello 1875-1942: Caricatures, Posters, Paintings and Decorative Projects, 1981]","breadcrumb":{"@id":"https:\/\/cappiello.fr\/en\/produit\/maurin-quina\/#breadcrumb"},"inLanguage":"en-US","potentialAction":[{"@type":"ReadAction","target":["https:\/\/cappiello.fr\/en\/produit\/maurin-quina\/"]}]},{"@type":"ImageObject","inLanguage":"en-US","@id":"https:\/\/cappiello.fr\/en\/produit\/maurin-quina\/#primaryimage","url":"https:\/\/cappiello.fr\/wp-content\/uploads\/2024\/10\/Lithographie-affiche-publicitaire-maurin-quina-cappiello-1906.jpg","contentUrl":"https:\/\/cappiello.fr\/wp-content\/uploads\/2024\/10\/Lithographie-affiche-publicitaire-maurin-quina-cappiello-1906.jpg","width":585,"height":800,"caption":"Vin aromatis\u00e9 aux fruits"},{"@type":"BreadcrumbList","@id":"https:\/\/cappiello.fr\/en\/produit\/maurin-quina\/#breadcrumb","itemListElement":[{"@type":"ListItem","position":1,"name":"Accueil","item":"https:\/\/cappiello.fr\/en\/"},{"@type":"ListItem","position":2,"name":"The works","item":"https:\/\/cappiello.fr\/en\/the-works\/"},{"@type":"ListItem","position":3,"name":"Maurin Quina"}]},{"@type":"WebSite","@id":"https:\/\/cappiello.fr\/en\/#website","url":"https:\/\/cappiello.fr\/en\/","name":"Catalogue raisonn\u00e9 de Leonetto Cappiello","description":"Plongez dans l&#039;univers de Leonetto Cappiello, le p\u00e8re de la publicit\u00e9 moderne","potentialAction":[{"@type":"SearchAction","target":{"@type":"EntryPoint","urlTemplate":"https:\/\/cappiello.fr\/en\/?s={search_term_string}"},"query-input":{"@type":"PropertyValueSpecification","valueRequired":true,"valueName":"search_term_string"}}],"inLanguage":"en-US"}]},"product_price_currency":"EUR","og_availability":"instock","product_availability":"instock","product_retailer_item_id":"1906005Z0, 1906005Z1 et 1906005Z2","product_condition":"new"},"_links":{"self":[{"href":"https:\/\/cappiello.fr\/en\/wp-json\/wp\/v2\/product\/132410","targetHints":{"allow":["GET"]}}],"collection":[{"href":"https:\/\/cappiello.fr\/en\/wp-json\/wp\/v2\/product"}],"about":[{"href":"https:\/\/cappiello.fr\/en\/wp-json\/wp\/v2\/types\/product"}],"wp:featuredmedia":[{"embeddable":true,"href":"https:\/\/cappiello.fr\/en\/wp-json\/wp\/v2\/media\/134681"}],"wp:attachment":[{"href":"https:\/\/cappiello.fr\/en\/wp-json\/wp\/v2\/media?parent=132410"}],"wp:term":[{"taxonomy":"type-doeuvre","embeddable":true,"href":"https:\/\/cappiello.fr\/en\/wp-json\/wp\/v2\/type-doeuvre?post=132410"},{"taxonomy":"product_brand","embeddable":true,"href":"https:\/\/cappiello.fr\/en\/wp-json\/wp\/v2\/product_brand?post=132410"},{"taxonomy":"product_cat","embeddable":true,"href":"https:\/\/cappiello.fr\/en\/wp-json\/wp\/v2\/product_cat?post=132410"},{"taxonomy":"product_tag","embeddable":true,"href":"https:\/\/cappiello.fr\/en\/wp-json\/wp\/v2\/product_tag?post=132410"}],"curies":[{"name":"wp","href":"https:\/\/api.w.org\/{rel}","templated":true}]}}