{"id":132429,"date":"1912-01-01T00:00:00","date_gmt":"1912-01-01T00:00:00","guid":{"rendered":"https:\/\/cappiello.fr\/produit\/marie-brizard-roger\/"},"modified":"2025-05-14T23:50:36","modified_gmt":"2025-05-14T21:50:36","slug":"marie-brizard-roger","status":"publish","type":"product","link":"https:\/\/cappiello.fr\/en\/produit\/marie-brizard-roger\/","title":{"rendered":"Marie Brizard &#038; Roger"},"content":{"rendered":"<p>Three people are walking cheerfully in a park, several bottles of Marie Brizard in their hands.<\/p>\n","protected":false},"excerpt":{"rendered":"<p>Brand liqueurs made in Bordeaux<\/p>\n","protected":false},"featured_media":134602,"template":"","meta":{"_acf_changed":false},"type-doeuvre":[4057],"product_brand":[],"product_cat":[3326],"product_tag":[3360,3290,3366,3680,3573,3564],"class_list":{"0":"post-132429","1":"product","2":"type-product","3":"status-publish","4":"has-post-thumbnail","6":"type-doeuvre-affiches","7":"product_cat-liqueurs","8":"product_tag-table-en-4","9":"product_tag-mustache-en","10":"product_tag-beach","11":"product_tag-garland","12":"product_tag-rose-en-7","13":"product_tag-glass-en-12","14":"pa_periode-1900-1918-en","15":"pa_type-de-contenu-esquisse-en","17":"first","18":"instock","19":"virtual","20":"product-type-simple"},"acf":[],"yoast_head":"<!-- This site is optimized with the Yoast SEO Premium plugin v27.0 (Yoast SEO v27.4) - https:\/\/yoast.com\/product\/yoast-seo-premium-wordpress\/ -->\n<title>Marie Brizard &amp; Roger - Catalogue Raisonn\u00e9 de Leonetto Cappiello<\/title>\n<meta name=\"description\" content=\"Three people are happily walking in a park, several bottles of Marie Brizard in their hands.\" \/>\n<meta name=\"robots\" content=\"index, follow, max-snippet:-1, max-image-preview:large, max-video-preview:-1\" \/>\n<link rel=\"canonical\" href=\"https:\/\/cappiello.fr\/en\/produit\/marie-brizard-roger\/\" \/>\n<meta property=\"og:locale\" content=\"en_US\" \/>\n<meta property=\"og:type\" content=\"article\" \/>\n<meta property=\"og:title\" content=\"Marie Brizard &amp; Roger\" \/>\n<meta property=\"og:description\" content=\"Three people are happily walking in a park, several bottles of Marie Brizard in their hands.\" \/>\n<meta property=\"og:url\" content=\"https:\/\/cappiello.fr\/en\/produit\/marie-brizard-roger\/\" \/>\n<meta property=\"og:site_name\" content=\"Catalogue raisonn\u00e9 de Leonetto Cappiello\" \/>\n<meta property=\"article:modified_time\" content=\"2025-05-14T21:50:36+00:00\" \/>\n<meta property=\"og:image\" content=\"https:\/\/cappiello.fr\/wp-content\/uploads\/2024\/10\/Esquisse-affiche-publicitaire-marie-brizard-roger-cappiello-1912.jpg\" \/>\n\t<meta property=\"og:image:width\" content=\"634\" \/>\n\t<meta property=\"og:image:height\" content=\"800\" \/>\n\t<meta property=\"og:image:type\" content=\"image\/jpeg\" \/>\n<meta name=\"twitter:card\" content=\"summary_large_image\" \/>\n<meta name=\"twitter:title\" content=\"Marie Brizard &amp; Roger\" \/>\n<meta name=\"twitter:description\" content=\"Three people are happily walking in a park, several bottles of Marie Brizard in their hands.\" \/>\n<meta name=\"twitter:label1\" content=\"Price\" \/>\n\t<meta name=\"twitter:data1\" content=\"\" \/>\n\t<meta name=\"twitter:label2\" content=\"Availability\" \/>\n\t<meta name=\"twitter:data2\" content=\"In stock\" \/>\n<script type=\"application\/ld+json\" class=\"yoast-schema-graph\">{\"@context\":\"https:\\\/\\\/schema.org\",\"@graph\":[{\"@type\":[\"WebPage\",\"ItemPage\"],\"@id\":\"https:\\\/\\\/cappiello.fr\\\/en\\\/produit\\\/marie-brizard-roger\\\/\",\"url\":\"https:\\\/\\\/cappiello.fr\\\/en\\\/produit\\\/marie-brizard-roger\\\/\",\"name\":\"Marie Brizard & Roger - Catalogue Raisonn\u00e9 de Leonetto Cappiello\",\"isPartOf\":{\"@id\":\"https:\\\/\\\/cappiello.fr\\\/en\\\/#website\"},\"primaryImageOfPage\":{\"@id\":\"https:\\\/\\\/cappiello.fr\\\/en\\\/produit\\\/marie-brizard-roger\\\/#primaryimage\"},\"image\":{\"@id\":\"https:\\\/\\\/cappiello.fr\\\/en\\\/produit\\\/marie-brizard-roger\\\/#primaryimage\"},\"thumbnailUrl\":\"https:\\\/\\\/cappiello.fr\\\/wp-content\\\/uploads\\\/2024\\\/10\\\/Esquisse-affiche-publicitaire-marie-brizard-roger-cappiello-1912.jpg\",\"datePublished\":\"1912-01-01T00:00:00+00:00\",\"dateModified\":\"2025-05-14T21:50:36+00:00\",\"description\":\"Three people are happily walking in a park, several bottles of Marie Brizard in their hands.\",\"breadcrumb\":{\"@id\":\"https:\\\/\\\/cappiello.fr\\\/en\\\/produit\\\/marie-brizard-roger\\\/#breadcrumb\"},\"inLanguage\":\"en-US\",\"potentialAction\":[{\"@type\":\"ReadAction\",\"target\":[\"https:\\\/\\\/cappiello.fr\\\/en\\\/produit\\\/marie-brizard-roger\\\/\"]}]},{\"@type\":\"ImageObject\",\"inLanguage\":\"en-US\",\"@id\":\"https:\\\/\\\/cappiello.fr\\\/en\\\/produit\\\/marie-brizard-roger\\\/#primaryimage\",\"url\":\"https:\\\/\\\/cappiello.fr\\\/wp-content\\\/uploads\\\/2024\\\/10\\\/Esquisse-affiche-publicitaire-marie-brizard-roger-cappiello-1912.jpg\",\"contentUrl\":\"https:\\\/\\\/cappiello.fr\\\/wp-content\\\/uploads\\\/2024\\\/10\\\/Esquisse-affiche-publicitaire-marie-brizard-roger-cappiello-1912.jpg\",\"width\":634,\"height\":800,\"caption\":\"Liqueurs de la marque fabriqu\u00e9es \u00e0 Bordeaux\"},{\"@type\":\"BreadcrumbList\",\"@id\":\"https:\\\/\\\/cappiello.fr\\\/en\\\/produit\\\/marie-brizard-roger\\\/#breadcrumb\",\"itemListElement\":[{\"@type\":\"ListItem\",\"position\":1,\"name\":\"Accueil\",\"item\":\"https:\\\/\\\/cappiello.fr\\\/en\\\/\"},{\"@type\":\"ListItem\",\"position\":2,\"name\":\"The works\",\"item\":\"https:\\\/\\\/cappiello.fr\\\/en\\\/the-works\\\/\"},{\"@type\":\"ListItem\",\"position\":3,\"name\":\"Marie Brizard &#038; Roger\"}]},{\"@type\":\"WebSite\",\"@id\":\"https:\\\/\\\/cappiello.fr\\\/en\\\/#website\",\"url\":\"https:\\\/\\\/cappiello.fr\\\/en\\\/\",\"name\":\"Catalogue raisonn\u00e9 de Leonetto Cappiello\",\"description\":\"Plongez dans l&#039;univers de Leonetto Cappiello, le p\u00e8re de la publicit\u00e9 moderne\",\"potentialAction\":[{\"@type\":\"SearchAction\",\"target\":{\"@type\":\"EntryPoint\",\"urlTemplate\":\"https:\\\/\\\/cappiello.fr\\\/en\\\/?s={search_term_string}\"},\"query-input\":{\"@type\":\"PropertyValueSpecification\",\"valueRequired\":true,\"valueName\":\"search_term_string\"}}],\"inLanguage\":\"en-US\"}]}<\/script>\n<meta property=\"product:price:currency\" content=\"EUR\" \/>\n<meta property=\"og:availability\" content=\"instock\" \/>\n<meta property=\"product:availability\" content=\"instock\" \/>\n<meta property=\"product:retailer_item_id\" content=\"1912008E0\" \/>\n<meta property=\"product:condition\" content=\"new\" \/>\n<!-- \/ Yoast SEO Premium plugin. -->","yoast_head_json":{"title":"Marie Brizard & Roger - Catalogue Raisonn\u00e9 de Leonetto Cappiello","description":"Three people are happily walking in a park, several bottles of Marie Brizard in their hands.","robots":{"index":"index","follow":"follow","max-snippet":"max-snippet:-1","max-image-preview":"max-image-preview:large","max-video-preview":"max-video-preview:-1"},"canonical":"https:\/\/cappiello.fr\/en\/produit\/marie-brizard-roger\/","og_locale":"en_US","og_type":"article","og_title":"Marie Brizard & Roger","og_description":"Three people are happily walking in a park, several bottles of Marie Brizard in their hands.","og_url":"https:\/\/cappiello.fr\/en\/produit\/marie-brizard-roger\/","og_site_name":"Catalogue raisonn\u00e9 de Leonetto Cappiello","article_modified_time":"2025-05-14T21:50:36+00:00","og_image":[{"width":634,"height":800,"url":"https:\/\/cappiello.fr\/wp-content\/uploads\/2024\/10\/Esquisse-affiche-publicitaire-marie-brizard-roger-cappiello-1912.jpg","type":"image\/jpeg"}],"twitter_card":"summary_large_image","twitter_title":"Marie Brizard & Roger","twitter_description":"Three people are happily walking in a park, several bottles of Marie Brizard in their hands.","twitter_misc":{"Price":"","Availability":"In stock"},"schema":{"@context":"https:\/\/schema.org","@graph":[{"@type":["WebPage","ItemPage"],"@id":"https:\/\/cappiello.fr\/en\/produit\/marie-brizard-roger\/","url":"https:\/\/cappiello.fr\/en\/produit\/marie-brizard-roger\/","name":"Marie Brizard & Roger - Catalogue Raisonn\u00e9 de Leonetto Cappiello","isPartOf":{"@id":"https:\/\/cappiello.fr\/en\/#website"},"primaryImageOfPage":{"@id":"https:\/\/cappiello.fr\/en\/produit\/marie-brizard-roger\/#primaryimage"},"image":{"@id":"https:\/\/cappiello.fr\/en\/produit\/marie-brizard-roger\/#primaryimage"},"thumbnailUrl":"https:\/\/cappiello.fr\/wp-content\/uploads\/2024\/10\/Esquisse-affiche-publicitaire-marie-brizard-roger-cappiello-1912.jpg","datePublished":"1912-01-01T00:00:00+00:00","dateModified":"2025-05-14T21:50:36+00:00","description":"Three people are happily walking in a park, several bottles of Marie Brizard in their hands.","breadcrumb":{"@id":"https:\/\/cappiello.fr\/en\/produit\/marie-brizard-roger\/#breadcrumb"},"inLanguage":"en-US","potentialAction":[{"@type":"ReadAction","target":["https:\/\/cappiello.fr\/en\/produit\/marie-brizard-roger\/"]}]},{"@type":"ImageObject","inLanguage":"en-US","@id":"https:\/\/cappiello.fr\/en\/produit\/marie-brizard-roger\/#primaryimage","url":"https:\/\/cappiello.fr\/wp-content\/uploads\/2024\/10\/Esquisse-affiche-publicitaire-marie-brizard-roger-cappiello-1912.jpg","contentUrl":"https:\/\/cappiello.fr\/wp-content\/uploads\/2024\/10\/Esquisse-affiche-publicitaire-marie-brizard-roger-cappiello-1912.jpg","width":634,"height":800,"caption":"Liqueurs de la marque fabriqu\u00e9es \u00e0 Bordeaux"},{"@type":"BreadcrumbList","@id":"https:\/\/cappiello.fr\/en\/produit\/marie-brizard-roger\/#breadcrumb","itemListElement":[{"@type":"ListItem","position":1,"name":"Accueil","item":"https:\/\/cappiello.fr\/en\/"},{"@type":"ListItem","position":2,"name":"The works","item":"https:\/\/cappiello.fr\/en\/the-works\/"},{"@type":"ListItem","position":3,"name":"Marie Brizard &#038; Roger"}]},{"@type":"WebSite","@id":"https:\/\/cappiello.fr\/en\/#website","url":"https:\/\/cappiello.fr\/en\/","name":"Catalogue raisonn\u00e9 de Leonetto Cappiello","description":"Plongez dans l&#039;univers de Leonetto Cappiello, le p\u00e8re de la publicit\u00e9 moderne","potentialAction":[{"@type":"SearchAction","target":{"@type":"EntryPoint","urlTemplate":"https:\/\/cappiello.fr\/en\/?s={search_term_string}"},"query-input":{"@type":"PropertyValueSpecification","valueRequired":true,"valueName":"search_term_string"}}],"inLanguage":"en-US"}]},"product_price_currency":"EUR","og_availability":"instock","product_availability":"instock","product_retailer_item_id":"1912008E0","product_condition":"new"},"_links":{"self":[{"href":"https:\/\/cappiello.fr\/en\/wp-json\/wp\/v2\/product\/132429","targetHints":{"allow":["GET"]}}],"collection":[{"href":"https:\/\/cappiello.fr\/en\/wp-json\/wp\/v2\/product"}],"about":[{"href":"https:\/\/cappiello.fr\/en\/wp-json\/wp\/v2\/types\/product"}],"wp:featuredmedia":[{"embeddable":true,"href":"https:\/\/cappiello.fr\/en\/wp-json\/wp\/v2\/media\/134602"}],"wp:attachment":[{"href":"https:\/\/cappiello.fr\/en\/wp-json\/wp\/v2\/media?parent=132429"}],"wp:term":[{"taxonomy":"type-doeuvre","embeddable":true,"href":"https:\/\/cappiello.fr\/en\/wp-json\/wp\/v2\/type-doeuvre?post=132429"},{"taxonomy":"product_brand","embeddable":true,"href":"https:\/\/cappiello.fr\/en\/wp-json\/wp\/v2\/product_brand?post=132429"},{"taxonomy":"product_cat","embeddable":true,"href":"https:\/\/cappiello.fr\/en\/wp-json\/wp\/v2\/product_cat?post=132429"},{"taxonomy":"product_tag","embeddable":true,"href":"https:\/\/cappiello.fr\/en\/wp-json\/wp\/v2\/product_tag?post=132429"}],"curies":[{"name":"wp","href":"https:\/\/api.w.org\/{rel}","templated":true}]}}