{"id":132434,"date":"1933-01-01T00:00:00","date_gmt":"1933-01-01T00:00:00","guid":{"rendered":"https:\/\/cappiello.fr\/produit\/arti-14\/"},"modified":"2025-07-27T16:35:38","modified_gmt":"2025-07-27T14:35:38","slug":"arti-14","status":"publish","type":"product","link":"https:\/\/cappiello.fr\/en\/produit\/arti-14\/","title":{"rendered":"Graf \/ &#8220;Tartinette&#8221;"},"content":{"rendered":"<p>Two puppets, a boy and a girl, disguised as Normans, emerge from a cardboard house. Each is holding a tin of \u201cTartinette\u201d.<br \/>\nCappiello adapted the vignette with the cardboard house. The poster remained unchanged. Only the green patches became more pronounced from the sketch to the lithograph.   <\/p>\n","protected":false},"excerpt":{"rendered":"<p>Spreadable cheese made in Dole in the Jura.<\/p>\n","protected":false},"featured_media":135079,"template":"","meta":{"_acf_changed":false},"type-doeuvre":[4057],"product_brand":[],"product_cat":[3405],"product_tag":[3251,3898,3577],"class_list":{"0":"post-132434","1":"product","2":"type-product","3":"status-publish","4":"has-post-thumbnail","6":"type-doeuvre-affiches","7":"product_cat-dairy-products","8":"product_tag-child","9":"product_tag-cow-en-4","10":"product_tag-vine","11":"pa_periode-1930-1940-en","12":"pa_type-de-contenu-esquisse-en","14":"first","15":"instock","16":"virtual","17":"product-type-simple"},"acf":[],"yoast_head":"<!-- This site is optimized with the Yoast SEO Premium plugin v27.0 (Yoast SEO v27.4) - https:\/\/yoast.com\/product\/yoast-seo-premium-wordpress\/ -->\n<title>Graf \/ &quot;Tartinette&quot; - Catalogue Raisonn\u00e9 de Leonetto Cappiello<\/title>\n<meta name=\"description\" content=\"Two puppets, a boy and a girl, disguised as Normans, emerge from a cardboard house. Each is holding a tin of \u201cTartinette\u201d. Cappiello adapted the vignette with the cardboard house. Later the poster will not change. Only the green spots will become more and more pronounced from the sketch to the lithograph.\" \/>\n<meta name=\"robots\" content=\"index, follow, max-snippet:-1, max-image-preview:large, max-video-preview:-1\" \/>\n<link rel=\"canonical\" href=\"https:\/\/cappiello.fr\/en\/produit\/arti-14\/\" \/>\n<meta property=\"og:locale\" content=\"en_US\" \/>\n<meta property=\"og:type\" content=\"article\" \/>\n<meta property=\"og:title\" content=\"Graf \/ &quot;Tartinette&quot;\" \/>\n<meta property=\"og:description\" content=\"Two puppets, a boy and a girl, disguised as Normans, emerge from a cardboard house. Each is holding a tin of \u201cTartinette\u201d. Cappiello adapted the vignette with the cardboard house. Later the poster will not change. Only the green spots will become more and more pronounced from the sketch to the lithograph.\" \/>\n<meta property=\"og:url\" content=\"https:\/\/cappiello.fr\/en\/produit\/arti-14\/\" \/>\n<meta property=\"og:site_name\" content=\"Catalogue raisonn\u00e9 de Leonetto Cappiello\" \/>\n<meta property=\"article:modified_time\" content=\"2025-07-27T14:35:38+00:00\" \/>\n<meta property=\"og:image\" content=\"https:\/\/cappiello.fr\/wp-content\/uploads\/2024\/10\/Esquisse-affiche-publicitaire-graf-tartinette-3-cappiello-1933.jpg\" \/>\n\t<meta property=\"og:image:width\" content=\"636\" \/>\n\t<meta property=\"og:image:height\" content=\"800\" \/>\n\t<meta property=\"og:image:type\" content=\"image\/jpeg\" \/>\n<meta name=\"twitter:card\" content=\"summary_large_image\" \/>\n<meta name=\"twitter:title\" content=\"Graf \/ &quot;Tartinette&quot;\" \/>\n<meta name=\"twitter:description\" content=\"Two puppets, a boy and a girl, disguised as Normans, emerge from a cardboard house. Each is holding a tin of \u201cTartinette\u201d. Cappiello adapted the vignette with the cardboard house. Later the poster will not change. Only the green spots will become more and more pronounced from the sketch to the lithograph.\" \/>\n<meta name=\"twitter:label1\" content=\"Price\" \/>\n\t<meta name=\"twitter:data1\" content=\"\" \/>\n\t<meta name=\"twitter:label2\" content=\"Availability\" \/>\n\t<meta name=\"twitter:data2\" content=\"In stock\" \/>\n<script type=\"application\/ld+json\" class=\"yoast-schema-graph\">{\"@context\":\"https:\\\/\\\/schema.org\",\"@graph\":[{\"@type\":[\"WebPage\",\"ItemPage\"],\"@id\":\"https:\\\/\\\/cappiello.fr\\\/en\\\/produit\\\/arti-14\\\/\",\"url\":\"https:\\\/\\\/cappiello.fr\\\/en\\\/produit\\\/arti-14\\\/\",\"name\":\"Graf \\\/ \\\"Tartinette\\\" - Catalogue Raisonn\u00e9 de Leonetto Cappiello\",\"isPartOf\":{\"@id\":\"https:\\\/\\\/cappiello.fr\\\/en\\\/#website\"},\"primaryImageOfPage\":{\"@id\":\"https:\\\/\\\/cappiello.fr\\\/en\\\/produit\\\/arti-14\\\/#primaryimage\"},\"image\":{\"@id\":\"https:\\\/\\\/cappiello.fr\\\/en\\\/produit\\\/arti-14\\\/#primaryimage\"},\"thumbnailUrl\":\"https:\\\/\\\/cappiello.fr\\\/wp-content\\\/uploads\\\/2024\\\/10\\\/Esquisse-affiche-publicitaire-graf-tartinette-3-cappiello-1933.jpg\",\"datePublished\":\"1933-01-01T00:00:00+00:00\",\"dateModified\":\"2025-07-27T14:35:38+00:00\",\"description\":\"Two puppets, a boy and a girl, disguised as Normans, emerge from a cardboard house. Each is holding a tin of \u201cTartinette\u201d. Cappiello adapted the vignette with the cardboard house. Later the poster will not change. Only the green spots will become more and more pronounced from the sketch to the lithograph.\",\"breadcrumb\":{\"@id\":\"https:\\\/\\\/cappiello.fr\\\/en\\\/produit\\\/arti-14\\\/#breadcrumb\"},\"inLanguage\":\"en-US\",\"potentialAction\":[{\"@type\":\"ReadAction\",\"target\":[\"https:\\\/\\\/cappiello.fr\\\/en\\\/produit\\\/arti-14\\\/\"]}]},{\"@type\":\"ImageObject\",\"inLanguage\":\"en-US\",\"@id\":\"https:\\\/\\\/cappiello.fr\\\/en\\\/produit\\\/arti-14\\\/#primaryimage\",\"url\":\"https:\\\/\\\/cappiello.fr\\\/wp-content\\\/uploads\\\/2024\\\/10\\\/Esquisse-affiche-publicitaire-graf-tartinette-3-cappiello-1933.jpg\",\"contentUrl\":\"https:\\\/\\\/cappiello.fr\\\/wp-content\\\/uploads\\\/2024\\\/10\\\/Esquisse-affiche-publicitaire-graf-tartinette-3-cappiello-1933.jpg\",\"width\":636,\"height\":800,\"caption\":\"Fromage \u00e0 tartiner fabriqu\u00e9 \u00e0 Dole dans le Jura.\"},{\"@type\":\"BreadcrumbList\",\"@id\":\"https:\\\/\\\/cappiello.fr\\\/en\\\/produit\\\/arti-14\\\/#breadcrumb\",\"itemListElement\":[{\"@type\":\"ListItem\",\"position\":1,\"name\":\"Accueil\",\"item\":\"https:\\\/\\\/cappiello.fr\\\/en\\\/\"},{\"@type\":\"ListItem\",\"position\":2,\"name\":\"The works\",\"item\":\"https:\\\/\\\/cappiello.fr\\\/en\\\/the-works\\\/\"},{\"@type\":\"ListItem\",\"position\":3,\"name\":\"Graf \\\/ \u00ab\u00a0Tartinette\u00a0\u00bb\"}]},{\"@type\":\"WebSite\",\"@id\":\"https:\\\/\\\/cappiello.fr\\\/en\\\/#website\",\"url\":\"https:\\\/\\\/cappiello.fr\\\/en\\\/\",\"name\":\"Catalogue raisonn\u00e9 de Leonetto Cappiello\",\"description\":\"Plongez dans l&#039;univers de Leonetto Cappiello, le p\u00e8re de la publicit\u00e9 moderne\",\"potentialAction\":[{\"@type\":\"SearchAction\",\"target\":{\"@type\":\"EntryPoint\",\"urlTemplate\":\"https:\\\/\\\/cappiello.fr\\\/en\\\/?s={search_term_string}\"},\"query-input\":{\"@type\":\"PropertyValueSpecification\",\"valueRequired\":true,\"valueName\":\"search_term_string\"}}],\"inLanguage\":\"en-US\"}]}<\/script>\n<meta property=\"product:price:currency\" content=\"EUR\" \/>\n<meta property=\"og:availability\" content=\"instock\" \/>\n<meta property=\"product:availability\" content=\"instock\" \/>\n<meta property=\"product:retailer_item_id\" content=\"1933012E0\" \/>\n<meta property=\"product:condition\" content=\"new\" \/>\n<!-- \/ Yoast SEO Premium plugin. -->","yoast_head_json":{"title":"Graf \/ \"Tartinette\" - Catalogue Raisonn\u00e9 de Leonetto Cappiello","description":"Two puppets, a boy and a girl, disguised as Normans, emerge from a cardboard house. Each is holding a tin of \u201cTartinette\u201d. Cappiello adapted the vignette with the cardboard house. Later the poster will not change. Only the green spots will become more and more pronounced from the sketch to the lithograph.","robots":{"index":"index","follow":"follow","max-snippet":"max-snippet:-1","max-image-preview":"max-image-preview:large","max-video-preview":"max-video-preview:-1"},"canonical":"https:\/\/cappiello.fr\/en\/produit\/arti-14\/","og_locale":"en_US","og_type":"article","og_title":"Graf \/ \"Tartinette\"","og_description":"Two puppets, a boy and a girl, disguised as Normans, emerge from a cardboard house. Each is holding a tin of \u201cTartinette\u201d. Cappiello adapted the vignette with the cardboard house. Later the poster will not change. Only the green spots will become more and more pronounced from the sketch to the lithograph.","og_url":"https:\/\/cappiello.fr\/en\/produit\/arti-14\/","og_site_name":"Catalogue raisonn\u00e9 de Leonetto Cappiello","article_modified_time":"2025-07-27T14:35:38+00:00","og_image":[{"width":636,"height":800,"url":"https:\/\/cappiello.fr\/wp-content\/uploads\/2024\/10\/Esquisse-affiche-publicitaire-graf-tartinette-3-cappiello-1933.jpg","type":"image\/jpeg"}],"twitter_card":"summary_large_image","twitter_title":"Graf \/ \"Tartinette\"","twitter_description":"Two puppets, a boy and a girl, disguised as Normans, emerge from a cardboard house. Each is holding a tin of \u201cTartinette\u201d. Cappiello adapted the vignette with the cardboard house. Later the poster will not change. Only the green spots will become more and more pronounced from the sketch to the lithograph.","twitter_misc":{"Price":"","Availability":"In stock"},"schema":{"@context":"https:\/\/schema.org","@graph":[{"@type":["WebPage","ItemPage"],"@id":"https:\/\/cappiello.fr\/en\/produit\/arti-14\/","url":"https:\/\/cappiello.fr\/en\/produit\/arti-14\/","name":"Graf \/ \"Tartinette\" - Catalogue Raisonn\u00e9 de Leonetto Cappiello","isPartOf":{"@id":"https:\/\/cappiello.fr\/en\/#website"},"primaryImageOfPage":{"@id":"https:\/\/cappiello.fr\/en\/produit\/arti-14\/#primaryimage"},"image":{"@id":"https:\/\/cappiello.fr\/en\/produit\/arti-14\/#primaryimage"},"thumbnailUrl":"https:\/\/cappiello.fr\/wp-content\/uploads\/2024\/10\/Esquisse-affiche-publicitaire-graf-tartinette-3-cappiello-1933.jpg","datePublished":"1933-01-01T00:00:00+00:00","dateModified":"2025-07-27T14:35:38+00:00","description":"Two puppets, a boy and a girl, disguised as Normans, emerge from a cardboard house. Each is holding a tin of \u201cTartinette\u201d. Cappiello adapted the vignette with the cardboard house. Later the poster will not change. Only the green spots will become more and more pronounced from the sketch to the lithograph.","breadcrumb":{"@id":"https:\/\/cappiello.fr\/en\/produit\/arti-14\/#breadcrumb"},"inLanguage":"en-US","potentialAction":[{"@type":"ReadAction","target":["https:\/\/cappiello.fr\/en\/produit\/arti-14\/"]}]},{"@type":"ImageObject","inLanguage":"en-US","@id":"https:\/\/cappiello.fr\/en\/produit\/arti-14\/#primaryimage","url":"https:\/\/cappiello.fr\/wp-content\/uploads\/2024\/10\/Esquisse-affiche-publicitaire-graf-tartinette-3-cappiello-1933.jpg","contentUrl":"https:\/\/cappiello.fr\/wp-content\/uploads\/2024\/10\/Esquisse-affiche-publicitaire-graf-tartinette-3-cappiello-1933.jpg","width":636,"height":800,"caption":"Fromage \u00e0 tartiner fabriqu\u00e9 \u00e0 Dole dans le Jura."},{"@type":"BreadcrumbList","@id":"https:\/\/cappiello.fr\/en\/produit\/arti-14\/#breadcrumb","itemListElement":[{"@type":"ListItem","position":1,"name":"Accueil","item":"https:\/\/cappiello.fr\/en\/"},{"@type":"ListItem","position":2,"name":"The works","item":"https:\/\/cappiello.fr\/en\/the-works\/"},{"@type":"ListItem","position":3,"name":"Graf \/ \u00ab\u00a0Tartinette\u00a0\u00bb"}]},{"@type":"WebSite","@id":"https:\/\/cappiello.fr\/en\/#website","url":"https:\/\/cappiello.fr\/en\/","name":"Catalogue raisonn\u00e9 de Leonetto Cappiello","description":"Plongez dans l&#039;univers de Leonetto Cappiello, le p\u00e8re de la publicit\u00e9 moderne","potentialAction":[{"@type":"SearchAction","target":{"@type":"EntryPoint","urlTemplate":"https:\/\/cappiello.fr\/en\/?s={search_term_string}"},"query-input":{"@type":"PropertyValueSpecification","valueRequired":true,"valueName":"search_term_string"}}],"inLanguage":"en-US"}]},"product_price_currency":"EUR","og_availability":"instock","product_availability":"instock","product_retailer_item_id":"1933012E0","product_condition":"new"},"_links":{"self":[{"href":"https:\/\/cappiello.fr\/en\/wp-json\/wp\/v2\/product\/132434","targetHints":{"allow":["GET"]}}],"collection":[{"href":"https:\/\/cappiello.fr\/en\/wp-json\/wp\/v2\/product"}],"about":[{"href":"https:\/\/cappiello.fr\/en\/wp-json\/wp\/v2\/types\/product"}],"wp:featuredmedia":[{"embeddable":true,"href":"https:\/\/cappiello.fr\/en\/wp-json\/wp\/v2\/media\/135079"}],"wp:attachment":[{"href":"https:\/\/cappiello.fr\/en\/wp-json\/wp\/v2\/media?parent=132434"}],"wp:term":[{"taxonomy":"type-doeuvre","embeddable":true,"href":"https:\/\/cappiello.fr\/en\/wp-json\/wp\/v2\/type-doeuvre?post=132434"},{"taxonomy":"product_brand","embeddable":true,"href":"https:\/\/cappiello.fr\/en\/wp-json\/wp\/v2\/product_brand?post=132434"},{"taxonomy":"product_cat","embeddable":true,"href":"https:\/\/cappiello.fr\/en\/wp-json\/wp\/v2\/product_cat?post=132434"},{"taxonomy":"product_tag","embeddable":true,"href":"https:\/\/cappiello.fr\/en\/wp-json\/wp\/v2\/product_tag?post=132434"}],"curies":[{"name":"wp","href":"https:\/\/api.w.org\/{rel}","templated":true}]}}