{"id":132468,"date":"1907-01-01T00:00:00","date_gmt":"1906-12-31T23:50:39","guid":{"rendered":"https:\/\/cappiello.fr\/produit\/el-cafeto-2\/"},"modified":"2025-05-15T00:01:10","modified_gmt":"2025-05-14T22:01:10","slug":"el-cafeto-2","status":"publish","type":"product","link":"https:\/\/cappiello.fr\/en\/produit\/el-cafeto-2\/","title":{"rendered":"El Cafeto"},"content":{"rendered":"<p>Two men meet on a bench in a public garden. One is a big, jovial man with a big dog. The other is thin with a skinny dog. The big man says: &#8220;Today I promise to take El Cafeto every day.&#8221; Like his master, the dog is about to drink his Cafeto.<br \/>\nThe thin man and his dog look enviously at the big dog&#8217;s Cafeto. They wonder if they should do the same.<\/p>\n","protected":false},"excerpt":{"rendered":"<p>Coffee roaster, brand: &#8220;El Cafeto \/ Crotido de Simon Martinez&#8221; located at Herman Cortes 7 Madrid.<br \/>\nTranslation of the text on the poster: &#8220;Today I promise to have El Cafeto every day&#8221; &#8220;Real roasted coffee with a concentrated aroma&#8221;.<\/p>\n","protected":false},"featured_media":132469,"template":"","meta":{"_acf_changed":false},"type-doeuvre":[4057],"product_brand":[],"product_cat":[3271],"product_tag":[3791,3273,3514,3444,3480],"class_list":{"0":"post-132468","1":"product","2":"type-product","3":"status-publish","4":"has-post-thumbnail","6":"type-doeuvre-affiches","7":"product_cat-coffees-teas-chocolates","8":"product_tag-old-man-en-2","9":"product_tag-cup-en","10":"product_tag-monument-en","11":"product_tag-cup-en-9","12":"product_tag-pre-en-3","13":"pa_periode-1900-1918-en","14":"pa_type-de-contenu-lithography","16":"first","17":"instock","18":"virtual","19":"product-type-simple"},"acf":[],"yoast_head":"<!-- This site is optimized with the Yoast SEO Premium plugin v27.0 (Yoast SEO v27.4) - https:\/\/yoast.com\/product\/yoast-seo-premium-wordpress\/ -->\n<title>El Cafeto - Catalogue Raisonn\u00e9 de Leonetto Cappiello<\/title>\n<meta name=\"description\" content=\"Two men meet on a bench in a public garden. One is a big, jovial man with a large dog. The other is thin with a scrawny dog. The big one says: &quot;Today I promise to take El Cafeto every day.&quot; Like his master, the dog is about to drink his Cafeto. The thin man and his dog look enviously at the big dog&#039;s Cafeto. They wonder if they shouldn&#039;t do the same.\" \/>\n<meta name=\"robots\" content=\"index, follow, max-snippet:-1, max-image-preview:large, max-video-preview:-1\" \/>\n<link rel=\"canonical\" href=\"https:\/\/cappiello.fr\/en\/produit\/el-cafeto-2\/\" \/>\n<meta property=\"og:locale\" content=\"en_US\" \/>\n<meta property=\"og:type\" content=\"article\" \/>\n<meta property=\"og:title\" content=\"El Cafeto\" \/>\n<meta property=\"og:description\" content=\"Two men meet on a bench in a public garden. One is a big, jovial man with a large dog. The other is thin with a scrawny dog. The big one says: &quot;Today I promise to take El Cafeto every day.&quot; Like his master, the dog is about to drink his Cafeto. The thin man and his dog look enviously at the big dog&#039;s Cafeto. They wonder if they shouldn&#039;t do the same.\" \/>\n<meta property=\"og:url\" content=\"https:\/\/cappiello.fr\/en\/produit\/el-cafeto-2\/\" \/>\n<meta property=\"og:site_name\" content=\"Catalogue raisonn\u00e9 de Leonetto Cappiello\" \/>\n<meta property=\"article:modified_time\" content=\"2025-05-14T22:01:10+00:00\" \/>\n<meta property=\"og:image\" content=\"https:\/\/cappiello.fr\/wp-content\/uploads\/2024\/10\/Lithographie-affiche-publicitaire-el-cafeto-2-cappiello-1907.jpg\" \/>\n\t<meta property=\"og:image:width\" content=\"572\" \/>\n\t<meta property=\"og:image:height\" content=\"800\" \/>\n\t<meta property=\"og:image:type\" content=\"image\/jpeg\" \/>\n<meta name=\"twitter:card\" content=\"summary_large_image\" \/>\n<meta name=\"twitter:title\" content=\"El Cafeto\" \/>\n<meta name=\"twitter:description\" content=\"Two men meet on a bench in a public garden. One is a big, jovial man with a large dog. The other is thin with a scrawny dog. The big one says: &quot;Today I promise to take El Cafeto every day.&quot; Like his master, the dog is about to drink his Cafeto. The thin man and his dog look enviously at the big dog&#039;s Cafeto. They wonder if they shouldn&#039;t do the same.\" \/>\n<meta name=\"twitter:label1\" content=\"Price\" \/>\n\t<meta name=\"twitter:data1\" content=\"\" \/>\n\t<meta name=\"twitter:label2\" content=\"Availability\" \/>\n\t<meta name=\"twitter:data2\" content=\"In stock\" \/>\n<script type=\"application\/ld+json\" class=\"yoast-schema-graph\">{\"@context\":\"https:\\\/\\\/schema.org\",\"@graph\":[{\"@type\":[\"WebPage\",\"ItemPage\"],\"@id\":\"https:\\\/\\\/cappiello.fr\\\/en\\\/produit\\\/el-cafeto-2\\\/\",\"url\":\"https:\\\/\\\/cappiello.fr\\\/en\\\/produit\\\/el-cafeto-2\\\/\",\"name\":\"El Cafeto - Catalogue Raisonn\u00e9 de Leonetto Cappiello\",\"isPartOf\":{\"@id\":\"https:\\\/\\\/cappiello.fr\\\/en\\\/#website\"},\"primaryImageOfPage\":{\"@id\":\"https:\\\/\\\/cappiello.fr\\\/en\\\/produit\\\/el-cafeto-2\\\/#primaryimage\"},\"image\":{\"@id\":\"https:\\\/\\\/cappiello.fr\\\/en\\\/produit\\\/el-cafeto-2\\\/#primaryimage\"},\"thumbnailUrl\":\"https:\\\/\\\/cappiello.fr\\\/wp-content\\\/uploads\\\/2024\\\/10\\\/Lithographie-affiche-publicitaire-el-cafeto-2-cappiello-1907.jpg\",\"datePublished\":\"1906-12-31T23:50:39+00:00\",\"dateModified\":\"2025-05-14T22:01:10+00:00\",\"description\":\"Two men meet on a bench in a public garden. One is a big, jovial man with a large dog. The other is thin with a scrawny dog. The big one says: \\\"Today I promise to take El Cafeto every day.\\\" Like his master, the dog is about to drink his Cafeto. The thin man and his dog look enviously at the big dog's Cafeto. They wonder if they shouldn't do the same.\",\"breadcrumb\":{\"@id\":\"https:\\\/\\\/cappiello.fr\\\/en\\\/produit\\\/el-cafeto-2\\\/#breadcrumb\"},\"inLanguage\":\"en-US\",\"potentialAction\":[{\"@type\":\"ReadAction\",\"target\":[\"https:\\\/\\\/cappiello.fr\\\/en\\\/produit\\\/el-cafeto-2\\\/\"]}]},{\"@type\":\"ImageObject\",\"inLanguage\":\"en-US\",\"@id\":\"https:\\\/\\\/cappiello.fr\\\/en\\\/produit\\\/el-cafeto-2\\\/#primaryimage\",\"url\":\"https:\\\/\\\/cappiello.fr\\\/wp-content\\\/uploads\\\/2024\\\/10\\\/Lithographie-affiche-publicitaire-el-cafeto-2-cappiello-1907.jpg\",\"contentUrl\":\"https:\\\/\\\/cappiello.fr\\\/wp-content\\\/uploads\\\/2024\\\/10\\\/Lithographie-affiche-publicitaire-el-cafeto-2-cappiello-1907.jpg\",\"width\":572,\"height\":800,\"caption\":\"Coffee roaster\"},{\"@type\":\"BreadcrumbList\",\"@id\":\"https:\\\/\\\/cappiello.fr\\\/en\\\/produit\\\/el-cafeto-2\\\/#breadcrumb\",\"itemListElement\":[{\"@type\":\"ListItem\",\"position\":1,\"name\":\"Accueil\",\"item\":\"https:\\\/\\\/cappiello.fr\\\/en\\\/\"},{\"@type\":\"ListItem\",\"position\":2,\"name\":\"The works\",\"item\":\"https:\\\/\\\/cappiello.fr\\\/en\\\/the-works\\\/\"},{\"@type\":\"ListItem\",\"position\":3,\"name\":\"El Cafeto\"}]},{\"@type\":\"WebSite\",\"@id\":\"https:\\\/\\\/cappiello.fr\\\/en\\\/#website\",\"url\":\"https:\\\/\\\/cappiello.fr\\\/en\\\/\",\"name\":\"Catalogue raisonn\u00e9 de Leonetto Cappiello\",\"description\":\"Plongez dans l&#039;univers de Leonetto Cappiello, le p\u00e8re de la publicit\u00e9 moderne\",\"potentialAction\":[{\"@type\":\"SearchAction\",\"target\":{\"@type\":\"EntryPoint\",\"urlTemplate\":\"https:\\\/\\\/cappiello.fr\\\/en\\\/?s={search_term_string}\"},\"query-input\":{\"@type\":\"PropertyValueSpecification\",\"valueRequired\":true,\"valueName\":\"search_term_string\"}}],\"inLanguage\":\"en-US\"}]}<\/script>\n<meta property=\"product:price:currency\" content=\"EUR\" \/>\n<meta property=\"og:availability\" content=\"instock\" \/>\n<meta property=\"product:availability\" content=\"instock\" \/>\n<meta property=\"product:retailer_item_id\" content=\"1907213Z0\" \/>\n<meta property=\"product:condition\" content=\"new\" \/>\n<!-- \/ Yoast SEO Premium plugin. -->","yoast_head_json":{"title":"El Cafeto - Catalogue Raisonn\u00e9 de Leonetto Cappiello","description":"Two men meet on a bench in a public garden. One is a big, jovial man with a large dog. The other is thin with a scrawny dog. The big one says: \"Today I promise to take El Cafeto every day.\" Like his master, the dog is about to drink his Cafeto. The thin man and his dog look enviously at the big dog's Cafeto. They wonder if they shouldn't do the same.","robots":{"index":"index","follow":"follow","max-snippet":"max-snippet:-1","max-image-preview":"max-image-preview:large","max-video-preview":"max-video-preview:-1"},"canonical":"https:\/\/cappiello.fr\/en\/produit\/el-cafeto-2\/","og_locale":"en_US","og_type":"article","og_title":"El Cafeto","og_description":"Two men meet on a bench in a public garden. One is a big, jovial man with a large dog. The other is thin with a scrawny dog. The big one says: \"Today I promise to take El Cafeto every day.\" Like his master, the dog is about to drink his Cafeto. The thin man and his dog look enviously at the big dog's Cafeto. They wonder if they shouldn't do the same.","og_url":"https:\/\/cappiello.fr\/en\/produit\/el-cafeto-2\/","og_site_name":"Catalogue raisonn\u00e9 de Leonetto Cappiello","article_modified_time":"2025-05-14T22:01:10+00:00","og_image":[{"width":572,"height":800,"url":"https:\/\/cappiello.fr\/wp-content\/uploads\/2024\/10\/Lithographie-affiche-publicitaire-el-cafeto-2-cappiello-1907.jpg","type":"image\/jpeg"}],"twitter_card":"summary_large_image","twitter_title":"El Cafeto","twitter_description":"Two men meet on a bench in a public garden. One is a big, jovial man with a large dog. The other is thin with a scrawny dog. The big one says: \"Today I promise to take El Cafeto every day.\" Like his master, the dog is about to drink his Cafeto. The thin man and his dog look enviously at the big dog's Cafeto. They wonder if they shouldn't do the same.","twitter_misc":{"Price":"","Availability":"In stock"},"schema":{"@context":"https:\/\/schema.org","@graph":[{"@type":["WebPage","ItemPage"],"@id":"https:\/\/cappiello.fr\/en\/produit\/el-cafeto-2\/","url":"https:\/\/cappiello.fr\/en\/produit\/el-cafeto-2\/","name":"El Cafeto - Catalogue Raisonn\u00e9 de Leonetto Cappiello","isPartOf":{"@id":"https:\/\/cappiello.fr\/en\/#website"},"primaryImageOfPage":{"@id":"https:\/\/cappiello.fr\/en\/produit\/el-cafeto-2\/#primaryimage"},"image":{"@id":"https:\/\/cappiello.fr\/en\/produit\/el-cafeto-2\/#primaryimage"},"thumbnailUrl":"https:\/\/cappiello.fr\/wp-content\/uploads\/2024\/10\/Lithographie-affiche-publicitaire-el-cafeto-2-cappiello-1907.jpg","datePublished":"1906-12-31T23:50:39+00:00","dateModified":"2025-05-14T22:01:10+00:00","description":"Two men meet on a bench in a public garden. One is a big, jovial man with a large dog. The other is thin with a scrawny dog. The big one says: \"Today I promise to take El Cafeto every day.\" Like his master, the dog is about to drink his Cafeto. The thin man and his dog look enviously at the big dog's Cafeto. They wonder if they shouldn't do the same.","breadcrumb":{"@id":"https:\/\/cappiello.fr\/en\/produit\/el-cafeto-2\/#breadcrumb"},"inLanguage":"en-US","potentialAction":[{"@type":"ReadAction","target":["https:\/\/cappiello.fr\/en\/produit\/el-cafeto-2\/"]}]},{"@type":"ImageObject","inLanguage":"en-US","@id":"https:\/\/cappiello.fr\/en\/produit\/el-cafeto-2\/#primaryimage","url":"https:\/\/cappiello.fr\/wp-content\/uploads\/2024\/10\/Lithographie-affiche-publicitaire-el-cafeto-2-cappiello-1907.jpg","contentUrl":"https:\/\/cappiello.fr\/wp-content\/uploads\/2024\/10\/Lithographie-affiche-publicitaire-el-cafeto-2-cappiello-1907.jpg","width":572,"height":800,"caption":"Coffee roaster"},{"@type":"BreadcrumbList","@id":"https:\/\/cappiello.fr\/en\/produit\/el-cafeto-2\/#breadcrumb","itemListElement":[{"@type":"ListItem","position":1,"name":"Accueil","item":"https:\/\/cappiello.fr\/en\/"},{"@type":"ListItem","position":2,"name":"The works","item":"https:\/\/cappiello.fr\/en\/the-works\/"},{"@type":"ListItem","position":3,"name":"El Cafeto"}]},{"@type":"WebSite","@id":"https:\/\/cappiello.fr\/en\/#website","url":"https:\/\/cappiello.fr\/en\/","name":"Catalogue raisonn\u00e9 de Leonetto Cappiello","description":"Plongez dans l&#039;univers de Leonetto Cappiello, le p\u00e8re de la publicit\u00e9 moderne","potentialAction":[{"@type":"SearchAction","target":{"@type":"EntryPoint","urlTemplate":"https:\/\/cappiello.fr\/en\/?s={search_term_string}"},"query-input":{"@type":"PropertyValueSpecification","valueRequired":true,"valueName":"search_term_string"}}],"inLanguage":"en-US"}]},"product_price_currency":"EUR","og_availability":"instock","product_availability":"instock","product_retailer_item_id":"1907213Z0","product_condition":"new"},"_links":{"self":[{"href":"https:\/\/cappiello.fr\/en\/wp-json\/wp\/v2\/product\/132468","targetHints":{"allow":["GET"]}}],"collection":[{"href":"https:\/\/cappiello.fr\/en\/wp-json\/wp\/v2\/product"}],"about":[{"href":"https:\/\/cappiello.fr\/en\/wp-json\/wp\/v2\/types\/product"}],"wp:featuredmedia":[{"embeddable":true,"href":"https:\/\/cappiello.fr\/en\/wp-json\/wp\/v2\/media\/132469"}],"wp:attachment":[{"href":"https:\/\/cappiello.fr\/en\/wp-json\/wp\/v2\/media?parent=132468"}],"wp:term":[{"taxonomy":"type-doeuvre","embeddable":true,"href":"https:\/\/cappiello.fr\/en\/wp-json\/wp\/v2\/type-doeuvre?post=132468"},{"taxonomy":"product_brand","embeddable":true,"href":"https:\/\/cappiello.fr\/en\/wp-json\/wp\/v2\/product_brand?post=132468"},{"taxonomy":"product_cat","embeddable":true,"href":"https:\/\/cappiello.fr\/en\/wp-json\/wp\/v2\/product_cat?post=132468"},{"taxonomy":"product_tag","embeddable":true,"href":"https:\/\/cappiello.fr\/en\/wp-json\/wp\/v2\/product_tag?post=132468"}],"curies":[{"name":"wp","href":"https:\/\/api.w.org\/{rel}","templated":true}]}}