{"id":132470,"date":"1907-01-01T00:00:00","date_gmt":"1906-12-31T23:50:39","guid":{"rendered":"https:\/\/cappiello.fr\/produit\/boldoots-dubbel-blank-zeep\/"},"modified":"2025-05-15T00:01:12","modified_gmt":"2025-05-14T22:01:12","slug":"boldoots-dubbel-blank-zeep","status":"publish","type":"product","link":"https:\/\/cappiello.fr\/en\/produit\/boldoots-dubbel-blank-zeep\/","title":{"rendered":"Boldoot&#8217;s Dubbel Blank Zeep"},"content":{"rendered":"<p>A kind of playing card featuring two upside-down white clowns, each holding a white double zero domino.<\/p>\n<p>Interpretation: With &#8220;Boldoot&#8217;s Dubbel Blank Zeep&#8221; you have the best playing card (the joker) and the best double white domino. It&#8217;s proof that you&#8217;re lucky enough to wash twice as white.<\/p>\n","protected":false},"excerpt":{"rendered":"<p>The Dutch company Boldoot was founded in 1789. It produced eau de Cologne. From 1876 it combined soap with eau de Cologne. In 1902, Boldoot moved part of the production to a new soap factory located on Haarlemmerweg.<br \/>\nThe poster by Cappiello is about a soap that is &#8220;twice white&#8221;.<\/p>\n","protected":false},"featured_media":134090,"template":"","meta":{"_acf_changed":false},"type-doeuvre":[4057],"product_brand":[],"product_cat":[3263],"product_tag":[3511,3645],"class_list":{"0":"post-132470","1":"product","2":"type-product","3":"status-publish","4":"has-post-thumbnail","6":"type-doeuvre-affiches","7":"product_cat-cosmetics","8":"product_tag-child-en-5","9":"product_tag-smile-en-14","10":"pa_periode-1900-1918-en","11":"pa_type-de-contenu-lithography","13":"first","14":"instock","15":"virtual","16":"product-type-simple"},"acf":[],"yoast_head":"<!-- This site is optimized with the Yoast SEO Premium plugin v27.0 (Yoast SEO v27.4) - https:\/\/yoast.com\/product\/yoast-seo-premium-wordpress\/ -->\n<title>Boldoot&#039;s Dubbel Blank Zeep - Catalogue Raisonn\u00e9 de Leonetto Cappiello<\/title>\n<meta name=\"description\" content=\"A kind of playing card featuring two white clowns head to toe, each holding a white double zero domino. Interpretation: With &quot;Boldoot&#039;s Dubbel Blank Zeep&quot; you have the best playing card (the joker) and the best double white domino. This proves you have the luck to wash twice as white.\" \/>\n<meta name=\"robots\" content=\"index, follow, max-snippet:-1, max-image-preview:large, max-video-preview:-1\" \/>\n<link rel=\"canonical\" href=\"https:\/\/cappiello.fr\/en\/produit\/boldoots-dubbel-blank-zeep\/\" \/>\n<meta property=\"og:locale\" content=\"en_US\" \/>\n<meta property=\"og:type\" content=\"article\" \/>\n<meta property=\"og:title\" content=\"Boldoot&#039;s Dubbel Blank Zeep\" \/>\n<meta property=\"og:description\" content=\"A kind of playing card featuring two white clowns head to toe, each holding a white double zero domino. Interpretation: With &quot;Boldoot&#039;s Dubbel Blank Zeep&quot; you have the best playing card (the joker) and the best double white domino. This proves you have the luck to wash twice as white.\" \/>\n<meta property=\"og:url\" content=\"https:\/\/cappiello.fr\/en\/produit\/boldoots-dubbel-blank-zeep\/\" \/>\n<meta property=\"og:site_name\" content=\"Catalogue raisonn\u00e9 de Leonetto Cappiello\" \/>\n<meta property=\"article:modified_time\" content=\"2025-05-14T22:01:12+00:00\" \/>\n<meta property=\"og:image\" content=\"https:\/\/cappiello.fr\/wp-content\/uploads\/2024\/10\/Lithographie-affiche-publicitaire-boldoots-dubbel-blank-zeep-cappiello-1907.jpg\" \/>\n\t<meta property=\"og:image:width\" content=\"528\" \/>\n\t<meta property=\"og:image:height\" content=\"800\" \/>\n\t<meta property=\"og:image:type\" content=\"image\/jpeg\" \/>\n<meta name=\"twitter:card\" content=\"summary_large_image\" \/>\n<meta name=\"twitter:title\" content=\"Boldoot&#039;s Dubbel Blank Zeep\" \/>\n<meta name=\"twitter:description\" content=\"A kind of playing card featuring two white clowns head to toe, each holding a white double zero domino. Interpretation: With &quot;Boldoot&#039;s Dubbel Blank Zeep&quot; you have the best playing card (the joker) and the best double white domino. This proves you have the luck to wash twice as white.\" \/>\n<meta name=\"twitter:label1\" content=\"Price\" \/>\n\t<meta name=\"twitter:data1\" content=\"\" \/>\n\t<meta name=\"twitter:label2\" content=\"Availability\" \/>\n\t<meta name=\"twitter:data2\" content=\"In stock\" \/>\n<script type=\"application\/ld+json\" class=\"yoast-schema-graph\">{\"@context\":\"https:\\\/\\\/schema.org\",\"@graph\":[{\"@type\":[\"WebPage\",\"ItemPage\"],\"@id\":\"https:\\\/\\\/cappiello.fr\\\/en\\\/produit\\\/boldoots-dubbel-blank-zeep\\\/\",\"url\":\"https:\\\/\\\/cappiello.fr\\\/en\\\/produit\\\/boldoots-dubbel-blank-zeep\\\/\",\"name\":\"Boldoot's Dubbel Blank Zeep - Catalogue Raisonn\u00e9 de Leonetto Cappiello\",\"isPartOf\":{\"@id\":\"https:\\\/\\\/cappiello.fr\\\/en\\\/#website\"},\"primaryImageOfPage\":{\"@id\":\"https:\\\/\\\/cappiello.fr\\\/en\\\/produit\\\/boldoots-dubbel-blank-zeep\\\/#primaryimage\"},\"image\":{\"@id\":\"https:\\\/\\\/cappiello.fr\\\/en\\\/produit\\\/boldoots-dubbel-blank-zeep\\\/#primaryimage\"},\"thumbnailUrl\":\"https:\\\/\\\/cappiello.fr\\\/wp-content\\\/uploads\\\/2024\\\/10\\\/Lithographie-affiche-publicitaire-boldoots-dubbel-blank-zeep-cappiello-1907.jpg\",\"datePublished\":\"1906-12-31T23:50:39+00:00\",\"dateModified\":\"2025-05-14T22:01:12+00:00\",\"description\":\"A kind of playing card featuring two white clowns head to toe, each holding a white double zero domino. Interpretation: With \\\"Boldoot's Dubbel Blank Zeep\\\" you have the best playing card (the joker) and the best double white domino. This proves you have the luck to wash twice as white.\",\"breadcrumb\":{\"@id\":\"https:\\\/\\\/cappiello.fr\\\/en\\\/produit\\\/boldoots-dubbel-blank-zeep\\\/#breadcrumb\"},\"inLanguage\":\"en-US\",\"potentialAction\":[{\"@type\":\"ReadAction\",\"target\":[\"https:\\\/\\\/cappiello.fr\\\/en\\\/produit\\\/boldoots-dubbel-blank-zeep\\\/\"]}]},{\"@type\":\"ImageObject\",\"inLanguage\":\"en-US\",\"@id\":\"https:\\\/\\\/cappiello.fr\\\/en\\\/produit\\\/boldoots-dubbel-blank-zeep\\\/#primaryimage\",\"url\":\"https:\\\/\\\/cappiello.fr\\\/wp-content\\\/uploads\\\/2024\\\/10\\\/Lithographie-affiche-publicitaire-boldoots-dubbel-blank-zeep-cappiello-1907.jpg\",\"contentUrl\":\"https:\\\/\\\/cappiello.fr\\\/wp-content\\\/uploads\\\/2024\\\/10\\\/Lithographie-affiche-publicitaire-boldoots-dubbel-blank-zeep-cappiello-1907.jpg\",\"width\":528,\"height\":800,\"caption\":\"La soci\u00e9t\u00e9 n\u00e9\u00e9rlandaise Boldoot a \u00e9t\u00e9 cr\u00e9e en 1789. Elle produisait de l'eau de Cologne. A partir de 1876 elle associe du savon avec l'eau de Cologne. En 1902\"},{\"@type\":\"BreadcrumbList\",\"@id\":\"https:\\\/\\\/cappiello.fr\\\/en\\\/produit\\\/boldoots-dubbel-blank-zeep\\\/#breadcrumb\",\"itemListElement\":[{\"@type\":\"ListItem\",\"position\":1,\"name\":\"Accueil\",\"item\":\"https:\\\/\\\/cappiello.fr\\\/en\\\/\"},{\"@type\":\"ListItem\",\"position\":2,\"name\":\"The works\",\"item\":\"https:\\\/\\\/cappiello.fr\\\/en\\\/the-works\\\/\"},{\"@type\":\"ListItem\",\"position\":3,\"name\":\"Boldoot&#8217;s Dubbel Blank Zeep\"}]},{\"@type\":\"WebSite\",\"@id\":\"https:\\\/\\\/cappiello.fr\\\/en\\\/#website\",\"url\":\"https:\\\/\\\/cappiello.fr\\\/en\\\/\",\"name\":\"Catalogue raisonn\u00e9 de Leonetto Cappiello\",\"description\":\"Plongez dans l&#039;univers de Leonetto Cappiello, le p\u00e8re de la publicit\u00e9 moderne\",\"potentialAction\":[{\"@type\":\"SearchAction\",\"target\":{\"@type\":\"EntryPoint\",\"urlTemplate\":\"https:\\\/\\\/cappiello.fr\\\/en\\\/?s={search_term_string}\"},\"query-input\":{\"@type\":\"PropertyValueSpecification\",\"valueRequired\":true,\"valueName\":\"search_term_string\"}}],\"inLanguage\":\"en-US\"}]}<\/script>\n<meta property=\"product:price:currency\" content=\"EUR\" \/>\n<meta property=\"og:availability\" content=\"instock\" \/>\n<meta property=\"product:availability\" content=\"instock\" \/>\n<meta property=\"product:retailer_item_id\" content=\"1907212Z0\" \/>\n<meta property=\"product:condition\" content=\"new\" \/>\n<!-- \/ Yoast SEO Premium plugin. -->","yoast_head_json":{"title":"Boldoot's Dubbel Blank Zeep - Catalogue Raisonn\u00e9 de Leonetto Cappiello","description":"A kind of playing card featuring two white clowns head to toe, each holding a white double zero domino. Interpretation: With \"Boldoot's Dubbel Blank Zeep\" you have the best playing card (the joker) and the best double white domino. This proves you have the luck to wash twice as white.","robots":{"index":"index","follow":"follow","max-snippet":"max-snippet:-1","max-image-preview":"max-image-preview:large","max-video-preview":"max-video-preview:-1"},"canonical":"https:\/\/cappiello.fr\/en\/produit\/boldoots-dubbel-blank-zeep\/","og_locale":"en_US","og_type":"article","og_title":"Boldoot's Dubbel Blank Zeep","og_description":"A kind of playing card featuring two white clowns head to toe, each holding a white double zero domino. Interpretation: With \"Boldoot's Dubbel Blank Zeep\" you have the best playing card (the joker) and the best double white domino. This proves you have the luck to wash twice as white.","og_url":"https:\/\/cappiello.fr\/en\/produit\/boldoots-dubbel-blank-zeep\/","og_site_name":"Catalogue raisonn\u00e9 de Leonetto Cappiello","article_modified_time":"2025-05-14T22:01:12+00:00","og_image":[{"width":528,"height":800,"url":"https:\/\/cappiello.fr\/wp-content\/uploads\/2024\/10\/Lithographie-affiche-publicitaire-boldoots-dubbel-blank-zeep-cappiello-1907.jpg","type":"image\/jpeg"}],"twitter_card":"summary_large_image","twitter_title":"Boldoot's Dubbel Blank Zeep","twitter_description":"A kind of playing card featuring two white clowns head to toe, each holding a white double zero domino. Interpretation: With \"Boldoot's Dubbel Blank Zeep\" you have the best playing card (the joker) and the best double white domino. This proves you have the luck to wash twice as white.","twitter_misc":{"Price":"","Availability":"In stock"},"schema":{"@context":"https:\/\/schema.org","@graph":[{"@type":["WebPage","ItemPage"],"@id":"https:\/\/cappiello.fr\/en\/produit\/boldoots-dubbel-blank-zeep\/","url":"https:\/\/cappiello.fr\/en\/produit\/boldoots-dubbel-blank-zeep\/","name":"Boldoot's Dubbel Blank Zeep - Catalogue Raisonn\u00e9 de Leonetto Cappiello","isPartOf":{"@id":"https:\/\/cappiello.fr\/en\/#website"},"primaryImageOfPage":{"@id":"https:\/\/cappiello.fr\/en\/produit\/boldoots-dubbel-blank-zeep\/#primaryimage"},"image":{"@id":"https:\/\/cappiello.fr\/en\/produit\/boldoots-dubbel-blank-zeep\/#primaryimage"},"thumbnailUrl":"https:\/\/cappiello.fr\/wp-content\/uploads\/2024\/10\/Lithographie-affiche-publicitaire-boldoots-dubbel-blank-zeep-cappiello-1907.jpg","datePublished":"1906-12-31T23:50:39+00:00","dateModified":"2025-05-14T22:01:12+00:00","description":"A kind of playing card featuring two white clowns head to toe, each holding a white double zero domino. Interpretation: With \"Boldoot's Dubbel Blank Zeep\" you have the best playing card (the joker) and the best double white domino. This proves you have the luck to wash twice as white.","breadcrumb":{"@id":"https:\/\/cappiello.fr\/en\/produit\/boldoots-dubbel-blank-zeep\/#breadcrumb"},"inLanguage":"en-US","potentialAction":[{"@type":"ReadAction","target":["https:\/\/cappiello.fr\/en\/produit\/boldoots-dubbel-blank-zeep\/"]}]},{"@type":"ImageObject","inLanguage":"en-US","@id":"https:\/\/cappiello.fr\/en\/produit\/boldoots-dubbel-blank-zeep\/#primaryimage","url":"https:\/\/cappiello.fr\/wp-content\/uploads\/2024\/10\/Lithographie-affiche-publicitaire-boldoots-dubbel-blank-zeep-cappiello-1907.jpg","contentUrl":"https:\/\/cappiello.fr\/wp-content\/uploads\/2024\/10\/Lithographie-affiche-publicitaire-boldoots-dubbel-blank-zeep-cappiello-1907.jpg","width":528,"height":800,"caption":"La soci\u00e9t\u00e9 n\u00e9\u00e9rlandaise Boldoot a \u00e9t\u00e9 cr\u00e9e en 1789. Elle produisait de l'eau de Cologne. A partir de 1876 elle associe du savon avec l'eau de Cologne. En 1902"},{"@type":"BreadcrumbList","@id":"https:\/\/cappiello.fr\/en\/produit\/boldoots-dubbel-blank-zeep\/#breadcrumb","itemListElement":[{"@type":"ListItem","position":1,"name":"Accueil","item":"https:\/\/cappiello.fr\/en\/"},{"@type":"ListItem","position":2,"name":"The works","item":"https:\/\/cappiello.fr\/en\/the-works\/"},{"@type":"ListItem","position":3,"name":"Boldoot&#8217;s Dubbel Blank Zeep"}]},{"@type":"WebSite","@id":"https:\/\/cappiello.fr\/en\/#website","url":"https:\/\/cappiello.fr\/en\/","name":"Catalogue raisonn\u00e9 de Leonetto Cappiello","description":"Plongez dans l&#039;univers de Leonetto Cappiello, le p\u00e8re de la publicit\u00e9 moderne","potentialAction":[{"@type":"SearchAction","target":{"@type":"EntryPoint","urlTemplate":"https:\/\/cappiello.fr\/en\/?s={search_term_string}"},"query-input":{"@type":"PropertyValueSpecification","valueRequired":true,"valueName":"search_term_string"}}],"inLanguage":"en-US"}]},"product_price_currency":"EUR","og_availability":"instock","product_availability":"instock","product_retailer_item_id":"1907212Z0","product_condition":"new"},"_links":{"self":[{"href":"https:\/\/cappiello.fr\/en\/wp-json\/wp\/v2\/product\/132470","targetHints":{"allow":["GET"]}}],"collection":[{"href":"https:\/\/cappiello.fr\/en\/wp-json\/wp\/v2\/product"}],"about":[{"href":"https:\/\/cappiello.fr\/en\/wp-json\/wp\/v2\/types\/product"}],"wp:featuredmedia":[{"embeddable":true,"href":"https:\/\/cappiello.fr\/en\/wp-json\/wp\/v2\/media\/134090"}],"wp:attachment":[{"href":"https:\/\/cappiello.fr\/en\/wp-json\/wp\/v2\/media?parent=132470"}],"wp:term":[{"taxonomy":"type-doeuvre","embeddable":true,"href":"https:\/\/cappiello.fr\/en\/wp-json\/wp\/v2\/type-doeuvre?post=132470"},{"taxonomy":"product_brand","embeddable":true,"href":"https:\/\/cappiello.fr\/en\/wp-json\/wp\/v2\/product_brand?post=132470"},{"taxonomy":"product_cat","embeddable":true,"href":"https:\/\/cappiello.fr\/en\/wp-json\/wp\/v2\/product_cat?post=132470"},{"taxonomy":"product_tag","embeddable":true,"href":"https:\/\/cappiello.fr\/en\/wp-json\/wp\/v2\/product_tag?post=132470"}],"curies":[{"name":"wp","href":"https:\/\/api.w.org\/{rel}","templated":true}]}}