{"id":132471,"date":"1907-01-01T00:00:00","date_gmt":"1906-12-31T23:50:39","guid":{"rendered":"https:\/\/cappiello.fr\/produit\/pendu-le\/"},"modified":"2025-05-15T00:01:14","modified_gmt":"2025-05-14T22:01:14","slug":"pendu-le","status":"publish","type":"product","link":"https:\/\/cappiello.fr\/en\/produit\/pendu-le\/","title":{"rendered":"Pendu (Le)"},"content":{"rendered":"<p>A young man is hanged, innocent, with fingers spread apart.<br \/>\nThis poster is striking for its subject. Unfortunately, no information indicates its purpose.<br \/>\nThe sketch can be compared to the model featuring an obese hanged man.<\/p>\n","protected":false},"excerpt":{"rendered":"<p>It could be a project for the film &#8220;Le Pendu&#8221; by Louis Gasnier with Max Linder in 1906.<\/p>\n","protected":false},"featured_media":134152,"template":"","meta":{"_acf_changed":false},"type-doeuvre":[4057],"product_brand":[],"product_cat":[3247],"product_tag":[3497,3941,3537,3321],"class_list":{"0":"post-132471","1":"product","2":"type-product","3":"status-publish","4":"has-post-thumbnail","6":"type-doeuvre-affiches","7":"product_cat-non-categorise","8":"product_tag-coat","9":"product_tag-hanged","10":"product_tag-smile-en-2","11":"product_tag-woman-en-5","12":"pa_periode-1900-1918-en","13":"pa_type-de-contenu-esquisse-en","15":"first","16":"instock","17":"virtual","18":"product-type-simple"},"acf":[],"yoast_head":"<!-- This site is optimized with the Yoast SEO Premium plugin v27.0 (Yoast SEO v27.4) - https:\/\/yoast.com\/product\/yoast-seo-premium-wordpress\/ -->\n<title>Pendu (Le) - Catalogue Raisonn\u00e9 de Leonetto Cappiello<\/title>\n<meta name=\"description\" content=\"A young man is hanged, innocent, with fingers spread apart. This poster is surprising due to its subject. Unfortunately, no information indicates its purpose. The sketch can be compared to the maquette featuring an obese hanged man.\" \/>\n<meta name=\"robots\" content=\"index, follow, max-snippet:-1, max-image-preview:large, max-video-preview:-1\" \/>\n<link rel=\"canonical\" href=\"https:\/\/cappiello.fr\/en\/produit\/pendu-le\/\" \/>\n<meta property=\"og:locale\" content=\"en_US\" \/>\n<meta property=\"og:type\" content=\"article\" \/>\n<meta property=\"og:title\" content=\"Pendu (Le)\" \/>\n<meta property=\"og:description\" content=\"A young man is hanged, innocent, with fingers spread apart. This poster is surprising due to its subject. Unfortunately, no information indicates its purpose. The sketch can be compared to the maquette featuring an obese hanged man.\" \/>\n<meta property=\"og:url\" content=\"https:\/\/cappiello.fr\/en\/produit\/pendu-le\/\" \/>\n<meta property=\"og:site_name\" content=\"Catalogue raisonn\u00e9 de Leonetto Cappiello\" \/>\n<meta property=\"article:modified_time\" content=\"2025-05-14T22:01:14+00:00\" \/>\n<meta property=\"og:image\" content=\"https:\/\/cappiello.fr\/wp-content\/uploads\/2024\/10\/Esquisse-affiche-publicitaire-pendu-le-cappiello-1907.jpg\" \/>\n\t<meta property=\"og:image:width\" content=\"575\" \/>\n\t<meta property=\"og:image:height\" content=\"800\" \/>\n\t<meta property=\"og:image:type\" content=\"image\/jpeg\" \/>\n<meta name=\"twitter:card\" content=\"summary_large_image\" \/>\n<meta name=\"twitter:title\" content=\"Pendu (Le)\" \/>\n<meta name=\"twitter:description\" content=\"A young man is hanged, innocent, with fingers spread apart. This poster is surprising due to its subject. Unfortunately, no information indicates its purpose. The sketch can be compared to the maquette featuring an obese hanged man.\" \/>\n<meta name=\"twitter:label1\" content=\"Price\" \/>\n\t<meta name=\"twitter:data1\" content=\"\" \/>\n\t<meta name=\"twitter:label2\" content=\"Availability\" \/>\n\t<meta name=\"twitter:data2\" content=\"In stock\" \/>\n<script type=\"application\/ld+json\" class=\"yoast-schema-graph\">{\"@context\":\"https:\\\/\\\/schema.org\",\"@graph\":[{\"@type\":[\"WebPage\",\"ItemPage\"],\"@id\":\"https:\\\/\\\/cappiello.fr\\\/en\\\/produit\\\/pendu-le\\\/\",\"url\":\"https:\\\/\\\/cappiello.fr\\\/en\\\/produit\\\/pendu-le\\\/\",\"name\":\"Pendu (Le) - Catalogue Raisonn\u00e9 de Leonetto Cappiello\",\"isPartOf\":{\"@id\":\"https:\\\/\\\/cappiello.fr\\\/en\\\/#website\"},\"primaryImageOfPage\":{\"@id\":\"https:\\\/\\\/cappiello.fr\\\/en\\\/produit\\\/pendu-le\\\/#primaryimage\"},\"image\":{\"@id\":\"https:\\\/\\\/cappiello.fr\\\/en\\\/produit\\\/pendu-le\\\/#primaryimage\"},\"thumbnailUrl\":\"https:\\\/\\\/cappiello.fr\\\/wp-content\\\/uploads\\\/2024\\\/10\\\/Esquisse-affiche-publicitaire-pendu-le-cappiello-1907.jpg\",\"datePublished\":\"1906-12-31T23:50:39+00:00\",\"dateModified\":\"2025-05-14T22:01:14+00:00\",\"description\":\"A young man is hanged, innocent, with fingers spread apart. This poster is surprising due to its subject. Unfortunately, no information indicates its purpose. The sketch can be compared to the maquette featuring an obese hanged man.\",\"breadcrumb\":{\"@id\":\"https:\\\/\\\/cappiello.fr\\\/en\\\/produit\\\/pendu-le\\\/#breadcrumb\"},\"inLanguage\":\"en-US\",\"potentialAction\":[{\"@type\":\"ReadAction\",\"target\":[\"https:\\\/\\\/cappiello.fr\\\/en\\\/produit\\\/pendu-le\\\/\"]}]},{\"@type\":\"ImageObject\",\"inLanguage\":\"en-US\",\"@id\":\"https:\\\/\\\/cappiello.fr\\\/en\\\/produit\\\/pendu-le\\\/#primaryimage\",\"url\":\"https:\\\/\\\/cappiello.fr\\\/wp-content\\\/uploads\\\/2024\\\/10\\\/Esquisse-affiche-publicitaire-pendu-le-cappiello-1907.jpg\",\"contentUrl\":\"https:\\\/\\\/cappiello.fr\\\/wp-content\\\/uploads\\\/2024\\\/10\\\/Esquisse-affiche-publicitaire-pendu-le-cappiello-1907.jpg\",\"width\":575,\"height\":800,\"caption\":\"Il pourrait s'agir d'un projet pour le film \\\"Le Pendu\\\" de Louis Gasnier avec Max Linder en 1906.\"},{\"@type\":\"BreadcrumbList\",\"@id\":\"https:\\\/\\\/cappiello.fr\\\/en\\\/produit\\\/pendu-le\\\/#breadcrumb\",\"itemListElement\":[{\"@type\":\"ListItem\",\"position\":1,\"name\":\"Accueil\",\"item\":\"https:\\\/\\\/cappiello.fr\\\/en\\\/\"},{\"@type\":\"ListItem\",\"position\":2,\"name\":\"The works\",\"item\":\"https:\\\/\\\/cappiello.fr\\\/en\\\/the-works\\\/\"},{\"@type\":\"ListItem\",\"position\":3,\"name\":\"Pendu (Le)\"}]},{\"@type\":\"WebSite\",\"@id\":\"https:\\\/\\\/cappiello.fr\\\/en\\\/#website\",\"url\":\"https:\\\/\\\/cappiello.fr\\\/en\\\/\",\"name\":\"Catalogue raisonn\u00e9 de Leonetto Cappiello\",\"description\":\"Plongez dans l&#039;univers de Leonetto Cappiello, le p\u00e8re de la publicit\u00e9 moderne\",\"potentialAction\":[{\"@type\":\"SearchAction\",\"target\":{\"@type\":\"EntryPoint\",\"urlTemplate\":\"https:\\\/\\\/cappiello.fr\\\/en\\\/?s={search_term_string}\"},\"query-input\":{\"@type\":\"PropertyValueSpecification\",\"valueRequired\":true,\"valueName\":\"search_term_string\"}}],\"inLanguage\":\"en-US\"}]}<\/script>\n<meta property=\"product:price:currency\" content=\"EUR\" \/>\n<meta property=\"og:availability\" content=\"instock\" \/>\n<meta property=\"product:availability\" content=\"instock\" \/>\n<meta property=\"product:retailer_item_id\" content=\"1907200E0\" \/>\n<meta property=\"product:condition\" content=\"new\" \/>\n<!-- \/ Yoast SEO Premium plugin. -->","yoast_head_json":{"title":"Pendu (Le) - Catalogue Raisonn\u00e9 de Leonetto Cappiello","description":"A young man is hanged, innocent, with fingers spread apart. This poster is surprising due to its subject. Unfortunately, no information indicates its purpose. The sketch can be compared to the maquette featuring an obese hanged man.","robots":{"index":"index","follow":"follow","max-snippet":"max-snippet:-1","max-image-preview":"max-image-preview:large","max-video-preview":"max-video-preview:-1"},"canonical":"https:\/\/cappiello.fr\/en\/produit\/pendu-le\/","og_locale":"en_US","og_type":"article","og_title":"Pendu (Le)","og_description":"A young man is hanged, innocent, with fingers spread apart. This poster is surprising due to its subject. Unfortunately, no information indicates its purpose. The sketch can be compared to the maquette featuring an obese hanged man.","og_url":"https:\/\/cappiello.fr\/en\/produit\/pendu-le\/","og_site_name":"Catalogue raisonn\u00e9 de Leonetto Cappiello","article_modified_time":"2025-05-14T22:01:14+00:00","og_image":[{"width":575,"height":800,"url":"https:\/\/cappiello.fr\/wp-content\/uploads\/2024\/10\/Esquisse-affiche-publicitaire-pendu-le-cappiello-1907.jpg","type":"image\/jpeg"}],"twitter_card":"summary_large_image","twitter_title":"Pendu (Le)","twitter_description":"A young man is hanged, innocent, with fingers spread apart. This poster is surprising due to its subject. Unfortunately, no information indicates its purpose. The sketch can be compared to the maquette featuring an obese hanged man.","twitter_misc":{"Price":"","Availability":"In stock"},"schema":{"@context":"https:\/\/schema.org","@graph":[{"@type":["WebPage","ItemPage"],"@id":"https:\/\/cappiello.fr\/en\/produit\/pendu-le\/","url":"https:\/\/cappiello.fr\/en\/produit\/pendu-le\/","name":"Pendu (Le) - Catalogue Raisonn\u00e9 de Leonetto Cappiello","isPartOf":{"@id":"https:\/\/cappiello.fr\/en\/#website"},"primaryImageOfPage":{"@id":"https:\/\/cappiello.fr\/en\/produit\/pendu-le\/#primaryimage"},"image":{"@id":"https:\/\/cappiello.fr\/en\/produit\/pendu-le\/#primaryimage"},"thumbnailUrl":"https:\/\/cappiello.fr\/wp-content\/uploads\/2024\/10\/Esquisse-affiche-publicitaire-pendu-le-cappiello-1907.jpg","datePublished":"1906-12-31T23:50:39+00:00","dateModified":"2025-05-14T22:01:14+00:00","description":"A young man is hanged, innocent, with fingers spread apart. This poster is surprising due to its subject. Unfortunately, no information indicates its purpose. The sketch can be compared to the maquette featuring an obese hanged man.","breadcrumb":{"@id":"https:\/\/cappiello.fr\/en\/produit\/pendu-le\/#breadcrumb"},"inLanguage":"en-US","potentialAction":[{"@type":"ReadAction","target":["https:\/\/cappiello.fr\/en\/produit\/pendu-le\/"]}]},{"@type":"ImageObject","inLanguage":"en-US","@id":"https:\/\/cappiello.fr\/en\/produit\/pendu-le\/#primaryimage","url":"https:\/\/cappiello.fr\/wp-content\/uploads\/2024\/10\/Esquisse-affiche-publicitaire-pendu-le-cappiello-1907.jpg","contentUrl":"https:\/\/cappiello.fr\/wp-content\/uploads\/2024\/10\/Esquisse-affiche-publicitaire-pendu-le-cappiello-1907.jpg","width":575,"height":800,"caption":"Il pourrait s'agir d'un projet pour le film \"Le Pendu\" de Louis Gasnier avec Max Linder en 1906."},{"@type":"BreadcrumbList","@id":"https:\/\/cappiello.fr\/en\/produit\/pendu-le\/#breadcrumb","itemListElement":[{"@type":"ListItem","position":1,"name":"Accueil","item":"https:\/\/cappiello.fr\/en\/"},{"@type":"ListItem","position":2,"name":"The works","item":"https:\/\/cappiello.fr\/en\/the-works\/"},{"@type":"ListItem","position":3,"name":"Pendu (Le)"}]},{"@type":"WebSite","@id":"https:\/\/cappiello.fr\/en\/#website","url":"https:\/\/cappiello.fr\/en\/","name":"Catalogue raisonn\u00e9 de Leonetto Cappiello","description":"Plongez dans l&#039;univers de Leonetto Cappiello, le p\u00e8re de la publicit\u00e9 moderne","potentialAction":[{"@type":"SearchAction","target":{"@type":"EntryPoint","urlTemplate":"https:\/\/cappiello.fr\/en\/?s={search_term_string}"},"query-input":{"@type":"PropertyValueSpecification","valueRequired":true,"valueName":"search_term_string"}}],"inLanguage":"en-US"}]},"product_price_currency":"EUR","og_availability":"instock","product_availability":"instock","product_retailer_item_id":"1907200E0","product_condition":"new"},"_links":{"self":[{"href":"https:\/\/cappiello.fr\/en\/wp-json\/wp\/v2\/product\/132471","targetHints":{"allow":["GET"]}}],"collection":[{"href":"https:\/\/cappiello.fr\/en\/wp-json\/wp\/v2\/product"}],"about":[{"href":"https:\/\/cappiello.fr\/en\/wp-json\/wp\/v2\/types\/product"}],"wp:featuredmedia":[{"embeddable":true,"href":"https:\/\/cappiello.fr\/en\/wp-json\/wp\/v2\/media\/134152"}],"wp:attachment":[{"href":"https:\/\/cappiello.fr\/en\/wp-json\/wp\/v2\/media?parent=132471"}],"wp:term":[{"taxonomy":"type-doeuvre","embeddable":true,"href":"https:\/\/cappiello.fr\/en\/wp-json\/wp\/v2\/type-doeuvre?post=132471"},{"taxonomy":"product_brand","embeddable":true,"href":"https:\/\/cappiello.fr\/en\/wp-json\/wp\/v2\/product_brand?post=132471"},{"taxonomy":"product_cat","embeddable":true,"href":"https:\/\/cappiello.fr\/en\/wp-json\/wp\/v2\/product_cat?post=132471"},{"taxonomy":"product_tag","embeddable":true,"href":"https:\/\/cappiello.fr\/en\/wp-json\/wp\/v2\/product_tag?post=132471"}],"curies":[{"name":"wp","href":"https:\/\/api.w.org\/{rel}","templated":true}]}}