{"id":132496,"date":"1907-01-01T00:00:00","date_gmt":"1906-12-31T23:50:39","guid":{"rendered":"https:\/\/cappiello.fr\/produit\/thermogene-le-2\/"},"modified":"2025-05-14T23:57:45","modified_gmt":"2025-05-14T21:57:45","slug":"thermogene-le-2","status":"publish","type":"product","link":"https:\/\/cappiello.fr\/en\/produit\/thermogene-le-2\/","title":{"rendered":"Thermog\u00e8ne (Le)"},"content":{"rendered":"<p>Several research directions were explored for the fire-spitting pierrot: First, the spatial position of the pierrot, then the search for an environment, and finally the association of the flame and the body&#8217;s cast shadow on the ground. It is surprising to note that Cappiello created a very small body and a gigantic shadow. In the end, he would choose the opposite: a large body and a small shadow.<\/p>\n","protected":false},"excerpt":{"rendered":"<p>Thermal wadding for treating common respiratory conditions and muscle-related pain.<\/p>\n","protected":false},"featured_media":132497,"template":"","meta":{"_acf_changed":false},"type-doeuvre":[4057],"product_brand":[],"product_cat":[3288],"product_tag":[3286,3943],"class_list":{"0":"post-132496","1":"product","2":"type-product","3":"status-publish","4":"has-post-thumbnail","6":"type-doeuvre-affiches","7":"product_cat-pharmaceutical-products","8":"product_tag-sun-en-7","9":"product_tag-pierrot-en-3","10":"pa_periode-1900-1918-en","11":"pa_type-de-contenu-thumbnail","13":"first","14":"instock","15":"virtual","16":"product-type-simple"},"acf":[],"yoast_head":"<!-- This site is optimized with the Yoast SEO Premium plugin v27.0 (Yoast SEO v27.4) - https:\/\/yoast.com\/product\/yoast-seo-premium-wordpress\/ -->\n<title>Thermog\u00e8ne (Le) - Catalogue Raisonn\u00e9 de Leonetto Cappiello<\/title>\n<meta name=\"description\" content=\"Several research directions were explored for the fire-spitting pierrot: First, the spatial position of the pierrot, then the search for an environment, and finally the association of the flame and the body&#039;s cast shadow on the ground. It is surprising to note that Cappiello created a very small body and a gigantic shadow. In the end, he would choose the opposite: a large body and a small shadow.\" \/>\n<meta name=\"robots\" content=\"index, follow, max-snippet:-1, max-image-preview:large, max-video-preview:-1\" \/>\n<link rel=\"canonical\" href=\"https:\/\/cappiello.fr\/en\/produit\/thermogene-le-2\/\" \/>\n<meta property=\"og:locale\" content=\"en_US\" \/>\n<meta property=\"og:type\" content=\"article\" \/>\n<meta property=\"og:title\" content=\"Thermog\u00e8ne (Le)\" \/>\n<meta property=\"og:description\" content=\"Several research directions were explored for the fire-spitting pierrot: First, the spatial position of the pierrot, then the search for an environment, and finally the association of the flame and the body&#039;s cast shadow on the ground. It is surprising to note that Cappiello created a very small body and a gigantic shadow. In the end, he would choose the opposite: a large body and a small shadow.\" \/>\n<meta property=\"og:url\" content=\"https:\/\/cappiello.fr\/en\/produit\/thermogene-le-2\/\" \/>\n<meta property=\"og:site_name\" content=\"Catalogue raisonn\u00e9 de Leonetto Cappiello\" \/>\n<meta property=\"article:modified_time\" content=\"2025-05-14T21:57:45+00:00\" \/>\n<meta property=\"og:image\" content=\"https:\/\/cappiello.fr\/wp-content\/uploads\/2024\/10\/Vignette-affiche-publicitaire-thermogene-le-2-cappiello-1907.jpg\" \/>\n\t<meta property=\"og:image:width\" content=\"590\" \/>\n\t<meta property=\"og:image:height\" content=\"800\" \/>\n\t<meta property=\"og:image:type\" content=\"image\/jpeg\" \/>\n<meta name=\"twitter:card\" content=\"summary_large_image\" \/>\n<meta name=\"twitter:title\" content=\"Thermog\u00e8ne (Le)\" \/>\n<meta name=\"twitter:description\" content=\"Several research directions were explored for the fire-spitting pierrot: First, the spatial position of the pierrot, then the search for an environment, and finally the association of the flame and the body&#039;s cast shadow on the ground. It is surprising to note that Cappiello created a very small body and a gigantic shadow. In the end, he would choose the opposite: a large body and a small shadow.\" \/>\n<meta name=\"twitter:label1\" content=\"Price\" \/>\n\t<meta name=\"twitter:data1\" content=\"\" \/>\n\t<meta name=\"twitter:label2\" content=\"Availability\" \/>\n\t<meta name=\"twitter:data2\" content=\"In stock\" \/>\n<script type=\"application\/ld+json\" class=\"yoast-schema-graph\">{\"@context\":\"https:\\\/\\\/schema.org\",\"@graph\":[{\"@type\":[\"WebPage\",\"ItemPage\"],\"@id\":\"https:\\\/\\\/cappiello.fr\\\/en\\\/produit\\\/thermogene-le-2\\\/\",\"url\":\"https:\\\/\\\/cappiello.fr\\\/en\\\/produit\\\/thermogene-le-2\\\/\",\"name\":\"Thermog\u00e8ne (Le) - Catalogue Raisonn\u00e9 de Leonetto Cappiello\",\"isPartOf\":{\"@id\":\"https:\\\/\\\/cappiello.fr\\\/en\\\/#website\"},\"primaryImageOfPage\":{\"@id\":\"https:\\\/\\\/cappiello.fr\\\/en\\\/produit\\\/thermogene-le-2\\\/#primaryimage\"},\"image\":{\"@id\":\"https:\\\/\\\/cappiello.fr\\\/en\\\/produit\\\/thermogene-le-2\\\/#primaryimage\"},\"thumbnailUrl\":\"https:\\\/\\\/cappiello.fr\\\/wp-content\\\/uploads\\\/2024\\\/10\\\/Vignette-affiche-publicitaire-thermogene-le-2-cappiello-1907.jpg\",\"datePublished\":\"1906-12-31T23:50:39+00:00\",\"dateModified\":\"2025-05-14T21:57:45+00:00\",\"description\":\"Several research directions were explored for the fire-spitting pierrot: First, the spatial position of the pierrot, then the search for an environment, and finally the association of the flame and the body's cast shadow on the ground. It is surprising to note that Cappiello created a very small body and a gigantic shadow. In the end, he would choose the opposite: a large body and a small shadow.\",\"breadcrumb\":{\"@id\":\"https:\\\/\\\/cappiello.fr\\\/en\\\/produit\\\/thermogene-le-2\\\/#breadcrumb\"},\"inLanguage\":\"en-US\",\"potentialAction\":[{\"@type\":\"ReadAction\",\"target\":[\"https:\\\/\\\/cappiello.fr\\\/en\\\/produit\\\/thermogene-le-2\\\/\"]}]},{\"@type\":\"ImageObject\",\"inLanguage\":\"en-US\",\"@id\":\"https:\\\/\\\/cappiello.fr\\\/en\\\/produit\\\/thermogene-le-2\\\/#primaryimage\",\"url\":\"https:\\\/\\\/cappiello.fr\\\/wp-content\\\/uploads\\\/2024\\\/10\\\/Vignette-affiche-publicitaire-thermogene-le-2-cappiello-1907.jpg\",\"contentUrl\":\"https:\\\/\\\/cappiello.fr\\\/wp-content\\\/uploads\\\/2024\\\/10\\\/Vignette-affiche-publicitaire-thermogene-le-2-cappiello-1907.jpg\",\"width\":590,\"height\":800,\"caption\":\"Thermal wadding to treat common respiratory conditions and muscle pain.\"},{\"@type\":\"BreadcrumbList\",\"@id\":\"https:\\\/\\\/cappiello.fr\\\/en\\\/produit\\\/thermogene-le-2\\\/#breadcrumb\",\"itemListElement\":[{\"@type\":\"ListItem\",\"position\":1,\"name\":\"Accueil\",\"item\":\"https:\\\/\\\/cappiello.fr\\\/en\\\/\"},{\"@type\":\"ListItem\",\"position\":2,\"name\":\"The works\",\"item\":\"https:\\\/\\\/cappiello.fr\\\/en\\\/the-works\\\/\"},{\"@type\":\"ListItem\",\"position\":3,\"name\":\"Thermog\u00e8ne (Le)\"}]},{\"@type\":\"WebSite\",\"@id\":\"https:\\\/\\\/cappiello.fr\\\/en\\\/#website\",\"url\":\"https:\\\/\\\/cappiello.fr\\\/en\\\/\",\"name\":\"Catalogue raisonn\u00e9 de Leonetto Cappiello\",\"description\":\"Plongez dans l&#039;univers de Leonetto Cappiello, le p\u00e8re de la publicit\u00e9 moderne\",\"potentialAction\":[{\"@type\":\"SearchAction\",\"target\":{\"@type\":\"EntryPoint\",\"urlTemplate\":\"https:\\\/\\\/cappiello.fr\\\/en\\\/?s={search_term_string}\"},\"query-input\":{\"@type\":\"PropertyValueSpecification\",\"valueRequired\":true,\"valueName\":\"search_term_string\"}}],\"inLanguage\":\"en-US\"}]}<\/script>\n<meta property=\"product:price:currency\" content=\"EUR\" \/>\n<meta property=\"og:availability\" content=\"instock\" \/>\n<meta property=\"product:availability\" content=\"instock\" \/>\n<meta property=\"product:retailer_item_id\" content=\"1907007A0, 1907007A1 et 1907007A2\" \/>\n<meta property=\"product:condition\" content=\"new\" \/>\n<!-- \/ Yoast SEO Premium plugin. -->","yoast_head_json":{"title":"Thermog\u00e8ne (Le) - Catalogue Raisonn\u00e9 de Leonetto Cappiello","description":"Several research directions were explored for the fire-spitting pierrot: First, the spatial position of the pierrot, then the search for an environment, and finally the association of the flame and the body's cast shadow on the ground. It is surprising to note that Cappiello created a very small body and a gigantic shadow. In the end, he would choose the opposite: a large body and a small shadow.","robots":{"index":"index","follow":"follow","max-snippet":"max-snippet:-1","max-image-preview":"max-image-preview:large","max-video-preview":"max-video-preview:-1"},"canonical":"https:\/\/cappiello.fr\/en\/produit\/thermogene-le-2\/","og_locale":"en_US","og_type":"article","og_title":"Thermog\u00e8ne (Le)","og_description":"Several research directions were explored for the fire-spitting pierrot: First, the spatial position of the pierrot, then the search for an environment, and finally the association of the flame and the body's cast shadow on the ground. It is surprising to note that Cappiello created a very small body and a gigantic shadow. In the end, he would choose the opposite: a large body and a small shadow.","og_url":"https:\/\/cappiello.fr\/en\/produit\/thermogene-le-2\/","og_site_name":"Catalogue raisonn\u00e9 de Leonetto Cappiello","article_modified_time":"2025-05-14T21:57:45+00:00","og_image":[{"width":590,"height":800,"url":"https:\/\/cappiello.fr\/wp-content\/uploads\/2024\/10\/Vignette-affiche-publicitaire-thermogene-le-2-cappiello-1907.jpg","type":"image\/jpeg"}],"twitter_card":"summary_large_image","twitter_title":"Thermog\u00e8ne (Le)","twitter_description":"Several research directions were explored for the fire-spitting pierrot: First, the spatial position of the pierrot, then the search for an environment, and finally the association of the flame and the body's cast shadow on the ground. It is surprising to note that Cappiello created a very small body and a gigantic shadow. In the end, he would choose the opposite: a large body and a small shadow.","twitter_misc":{"Price":"","Availability":"In stock"},"schema":{"@context":"https:\/\/schema.org","@graph":[{"@type":["WebPage","ItemPage"],"@id":"https:\/\/cappiello.fr\/en\/produit\/thermogene-le-2\/","url":"https:\/\/cappiello.fr\/en\/produit\/thermogene-le-2\/","name":"Thermog\u00e8ne (Le) - Catalogue Raisonn\u00e9 de Leonetto Cappiello","isPartOf":{"@id":"https:\/\/cappiello.fr\/en\/#website"},"primaryImageOfPage":{"@id":"https:\/\/cappiello.fr\/en\/produit\/thermogene-le-2\/#primaryimage"},"image":{"@id":"https:\/\/cappiello.fr\/en\/produit\/thermogene-le-2\/#primaryimage"},"thumbnailUrl":"https:\/\/cappiello.fr\/wp-content\/uploads\/2024\/10\/Vignette-affiche-publicitaire-thermogene-le-2-cappiello-1907.jpg","datePublished":"1906-12-31T23:50:39+00:00","dateModified":"2025-05-14T21:57:45+00:00","description":"Several research directions were explored for the fire-spitting pierrot: First, the spatial position of the pierrot, then the search for an environment, and finally the association of the flame and the body's cast shadow on the ground. It is surprising to note that Cappiello created a very small body and a gigantic shadow. In the end, he would choose the opposite: a large body and a small shadow.","breadcrumb":{"@id":"https:\/\/cappiello.fr\/en\/produit\/thermogene-le-2\/#breadcrumb"},"inLanguage":"en-US","potentialAction":[{"@type":"ReadAction","target":["https:\/\/cappiello.fr\/en\/produit\/thermogene-le-2\/"]}]},{"@type":"ImageObject","inLanguage":"en-US","@id":"https:\/\/cappiello.fr\/en\/produit\/thermogene-le-2\/#primaryimage","url":"https:\/\/cappiello.fr\/wp-content\/uploads\/2024\/10\/Vignette-affiche-publicitaire-thermogene-le-2-cappiello-1907.jpg","contentUrl":"https:\/\/cappiello.fr\/wp-content\/uploads\/2024\/10\/Vignette-affiche-publicitaire-thermogene-le-2-cappiello-1907.jpg","width":590,"height":800,"caption":"Thermal wadding to treat common respiratory conditions and muscle pain."},{"@type":"BreadcrumbList","@id":"https:\/\/cappiello.fr\/en\/produit\/thermogene-le-2\/#breadcrumb","itemListElement":[{"@type":"ListItem","position":1,"name":"Accueil","item":"https:\/\/cappiello.fr\/en\/"},{"@type":"ListItem","position":2,"name":"The works","item":"https:\/\/cappiello.fr\/en\/the-works\/"},{"@type":"ListItem","position":3,"name":"Thermog\u00e8ne (Le)"}]},{"@type":"WebSite","@id":"https:\/\/cappiello.fr\/en\/#website","url":"https:\/\/cappiello.fr\/en\/","name":"Catalogue raisonn\u00e9 de Leonetto Cappiello","description":"Plongez dans l&#039;univers de Leonetto Cappiello, le p\u00e8re de la publicit\u00e9 moderne","potentialAction":[{"@type":"SearchAction","target":{"@type":"EntryPoint","urlTemplate":"https:\/\/cappiello.fr\/en\/?s={search_term_string}"},"query-input":{"@type":"PropertyValueSpecification","valueRequired":true,"valueName":"search_term_string"}}],"inLanguage":"en-US"}]},"product_price_currency":"EUR","og_availability":"instock","product_availability":"instock","product_retailer_item_id":"1907007A0, 1907007A1 et 1907007A2","product_condition":"new"},"_links":{"self":[{"href":"https:\/\/cappiello.fr\/en\/wp-json\/wp\/v2\/product\/132496","targetHints":{"allow":["GET"]}}],"collection":[{"href":"https:\/\/cappiello.fr\/en\/wp-json\/wp\/v2\/product"}],"about":[{"href":"https:\/\/cappiello.fr\/en\/wp-json\/wp\/v2\/types\/product"}],"wp:featuredmedia":[{"embeddable":true,"href":"https:\/\/cappiello.fr\/en\/wp-json\/wp\/v2\/media\/132497"}],"wp:attachment":[{"href":"https:\/\/cappiello.fr\/en\/wp-json\/wp\/v2\/media?parent=132496"}],"wp:term":[{"taxonomy":"type-doeuvre","embeddable":true,"href":"https:\/\/cappiello.fr\/en\/wp-json\/wp\/v2\/type-doeuvre?post=132496"},{"taxonomy":"product_brand","embeddable":true,"href":"https:\/\/cappiello.fr\/en\/wp-json\/wp\/v2\/product_brand?post=132496"},{"taxonomy":"product_cat","embeddable":true,"href":"https:\/\/cappiello.fr\/en\/wp-json\/wp\/v2\/product_cat?post=132496"},{"taxonomy":"product_tag","embeddable":true,"href":"https:\/\/cappiello.fr\/en\/wp-json\/wp\/v2\/product_tag?post=132496"}],"curies":[{"name":"wp","href":"https:\/\/api.w.org\/{rel}","templated":true}]}}