{"id":132547,"date":"1910-01-01T00:00:00","date_gmt":"1909-12-31T23:50:39","guid":{"rendered":"https:\/\/cappiello.fr\/produit\/prunelle-naltet\/"},"modified":"2025-05-14T23:55:46","modified_gmt":"2025-05-14T21:55:46","slug":"prunelle-naltet","status":"publish","type":"product","link":"https:\/\/cappiello.fr\/en\/produit\/prunelle-naltet\/","title":{"rendered":"Prunelle Naltet"},"content":{"rendered":"<p>A barrel-shaped man with six arms holds a jug of Prunelle Naltet in each hand. Thanks to the intoxication provided by this liqueur, he is very cheerful and sketches dance steps on his toes.<br \/>\nThis drawing truly highlights the smoothness of this alcohol.<\/p>\n","protected":false},"excerpt":{"rendered":"<p>In 1832, Thomas Naltet and his wife, n\u00e9e Menand, took over a distillery in Chalon-sur-Sa\u00f4ne. He had the idea of steeping sloes in aged spirits. It was in 1842 that Prunelle Naltet was born. It was packaged in a stoneware jug from La Dheune. The success was immediate.<br \/>\nDuring the war, this jug was reused as a hot water bottle.<br \/>\nToday, the sloe liqueur is still sold in gourmet shops.<\/p>\n","protected":false},"featured_media":132548,"template":"","meta":{"_acf_changed":false},"type-doeuvre":[4057],"product_brand":[],"product_cat":[3426],"product_tag":[3561,3290,3366,3704,3341],"class_list":{"0":"post-132547","1":"product","2":"type-product","3":"status-publish","4":"has-post-thumbnail","6":"type-doeuvre-affiches","7":"product_cat-eaux-de-vie","8":"product_tag-barrel-en-2","9":"product_tag-mustache-en","10":"product_tag-beach","11":"product_tag-dancer-en-2","12":"product_tag-barrel-en","13":"pa_periode-1900-1918-en","14":"pa_type-de-contenu-lithography","16":"first","17":"instock","18":"virtual","19":"product-type-simple"},"acf":[],"yoast_head":"<!-- This site is optimized with the Yoast SEO Premium plugin v27.0 (Yoast SEO v27.4) - https:\/\/yoast.com\/product\/yoast-seo-premium-wordpress\/ -->\n<title>Prunelle Naltet - Catalogue Raisonn\u00e9 de Leonetto Cappiello<\/title>\n<meta name=\"description\" content=\"A &quot;barrel-shaped&quot; man with six arms holds a jug of Prunelle Naltet in each hand. Thanks to the intoxication provided by this liqueur, he is very cheerful and sketches dance steps on tiptoe. This drawing highlights the smoothness of this alcohol.\" \/>\n<meta name=\"robots\" content=\"index, follow, max-snippet:-1, max-image-preview:large, max-video-preview:-1\" \/>\n<link rel=\"canonical\" href=\"https:\/\/cappiello.fr\/en\/produit\/prunelle-naltet\/\" \/>\n<meta property=\"og:locale\" content=\"en_US\" \/>\n<meta property=\"og:type\" content=\"article\" \/>\n<meta property=\"og:title\" content=\"Prunelle Naltet\" \/>\n<meta property=\"og:description\" content=\"A &quot;barrel-shaped&quot; man with six arms holds a jug of Prunelle Naltet in each hand. Thanks to the intoxication provided by this liqueur, he is very cheerful and sketches dance steps on tiptoe. This drawing highlights the smoothness of this alcohol.\" \/>\n<meta property=\"og:url\" content=\"https:\/\/cappiello.fr\/en\/produit\/prunelle-naltet\/\" \/>\n<meta property=\"og:site_name\" content=\"Catalogue raisonn\u00e9 de Leonetto Cappiello\" \/>\n<meta property=\"article:modified_time\" content=\"2025-05-14T21:55:46+00:00\" \/>\n<meta property=\"og:image\" content=\"https:\/\/cappiello.fr\/wp-content\/uploads\/2024\/10\/Lithographie-affiche-publicitaire-prunelle-naltet-cappiello-1910.jpg\" \/>\n\t<meta property=\"og:image:width\" content=\"558\" \/>\n\t<meta property=\"og:image:height\" content=\"800\" \/>\n\t<meta property=\"og:image:type\" content=\"image\/jpeg\" \/>\n<meta name=\"twitter:card\" content=\"summary_large_image\" \/>\n<meta name=\"twitter:title\" content=\"Prunelle Naltet\" \/>\n<meta name=\"twitter:description\" content=\"A &quot;barrel-shaped&quot; man with six arms holds a jug of Prunelle Naltet in each hand. Thanks to the intoxication provided by this liqueur, he is very cheerful and sketches dance steps on tiptoe. This drawing highlights the smoothness of this alcohol.\" \/>\n<meta name=\"twitter:label1\" content=\"Price\" \/>\n\t<meta name=\"twitter:data1\" content=\"\" \/>\n\t<meta name=\"twitter:label2\" content=\"Availability\" \/>\n\t<meta name=\"twitter:data2\" content=\"In stock\" \/>\n<script type=\"application\/ld+json\" class=\"yoast-schema-graph\">{\"@context\":\"https:\\\/\\\/schema.org\",\"@graph\":[{\"@type\":[\"WebPage\",\"ItemPage\"],\"@id\":\"https:\\\/\\\/cappiello.fr\\\/en\\\/produit\\\/prunelle-naltet\\\/\",\"url\":\"https:\\\/\\\/cappiello.fr\\\/en\\\/produit\\\/prunelle-naltet\\\/\",\"name\":\"Prunelle Naltet - Catalogue Raisonn\u00e9 de Leonetto Cappiello\",\"isPartOf\":{\"@id\":\"https:\\\/\\\/cappiello.fr\\\/en\\\/#website\"},\"primaryImageOfPage\":{\"@id\":\"https:\\\/\\\/cappiello.fr\\\/en\\\/produit\\\/prunelle-naltet\\\/#primaryimage\"},\"image\":{\"@id\":\"https:\\\/\\\/cappiello.fr\\\/en\\\/produit\\\/prunelle-naltet\\\/#primaryimage\"},\"thumbnailUrl\":\"https:\\\/\\\/cappiello.fr\\\/wp-content\\\/uploads\\\/2024\\\/10\\\/Lithographie-affiche-publicitaire-prunelle-naltet-cappiello-1910.jpg\",\"datePublished\":\"1909-12-31T23:50:39+00:00\",\"dateModified\":\"2025-05-14T21:55:46+00:00\",\"description\":\"A \\\"barrel-shaped\\\" man with six arms holds a jug of Prunelle Naltet in each hand. Thanks to the intoxication provided by this liqueur, he is very cheerful and sketches dance steps on tiptoe. This drawing highlights the smoothness of this alcohol.\",\"breadcrumb\":{\"@id\":\"https:\\\/\\\/cappiello.fr\\\/en\\\/produit\\\/prunelle-naltet\\\/#breadcrumb\"},\"inLanguage\":\"en-US\",\"potentialAction\":[{\"@type\":\"ReadAction\",\"target\":[\"https:\\\/\\\/cappiello.fr\\\/en\\\/produit\\\/prunelle-naltet\\\/\"]}]},{\"@type\":\"ImageObject\",\"inLanguage\":\"en-US\",\"@id\":\"https:\\\/\\\/cappiello.fr\\\/en\\\/produit\\\/prunelle-naltet\\\/#primaryimage\",\"url\":\"https:\\\/\\\/cappiello.fr\\\/wp-content\\\/uploads\\\/2024\\\/10\\\/Lithographie-affiche-publicitaire-prunelle-naltet-cappiello-1910.jpg\",\"contentUrl\":\"https:\\\/\\\/cappiello.fr\\\/wp-content\\\/uploads\\\/2024\\\/10\\\/Lithographie-affiche-publicitaire-prunelle-naltet-cappiello-1910.jpg\",\"width\":558,\"height\":800,\"caption\":\"In 1832\"},{\"@type\":\"BreadcrumbList\",\"@id\":\"https:\\\/\\\/cappiello.fr\\\/en\\\/produit\\\/prunelle-naltet\\\/#breadcrumb\",\"itemListElement\":[{\"@type\":\"ListItem\",\"position\":1,\"name\":\"Accueil\",\"item\":\"https:\\\/\\\/cappiello.fr\\\/en\\\/\"},{\"@type\":\"ListItem\",\"position\":2,\"name\":\"The works\",\"item\":\"https:\\\/\\\/cappiello.fr\\\/en\\\/the-works\\\/\"},{\"@type\":\"ListItem\",\"position\":3,\"name\":\"Prunelle Naltet\"}]},{\"@type\":\"WebSite\",\"@id\":\"https:\\\/\\\/cappiello.fr\\\/en\\\/#website\",\"url\":\"https:\\\/\\\/cappiello.fr\\\/en\\\/\",\"name\":\"Catalogue raisonn\u00e9 de Leonetto Cappiello\",\"description\":\"Plongez dans l&#039;univers de Leonetto Cappiello, le p\u00e8re de la publicit\u00e9 moderne\",\"potentialAction\":[{\"@type\":\"SearchAction\",\"target\":{\"@type\":\"EntryPoint\",\"urlTemplate\":\"https:\\\/\\\/cappiello.fr\\\/en\\\/?s={search_term_string}\"},\"query-input\":{\"@type\":\"PropertyValueSpecification\",\"valueRequired\":true,\"valueName\":\"search_term_string\"}}],\"inLanguage\":\"en-US\"}]}<\/script>\n<meta property=\"product:price:currency\" content=\"EUR\" \/>\n<meta property=\"og:availability\" content=\"instock\" \/>\n<meta property=\"product:availability\" content=\"instock\" \/>\n<meta property=\"product:retailer_item_id\" content=\"1910225Z0\" \/>\n<meta property=\"product:condition\" content=\"new\" \/>\n<!-- \/ Yoast SEO Premium plugin. -->","yoast_head_json":{"title":"Prunelle Naltet - Catalogue Raisonn\u00e9 de Leonetto Cappiello","description":"A \"barrel-shaped\" man with six arms holds a jug of Prunelle Naltet in each hand. Thanks to the intoxication provided by this liqueur, he is very cheerful and sketches dance steps on tiptoe. This drawing highlights the smoothness of this alcohol.","robots":{"index":"index","follow":"follow","max-snippet":"max-snippet:-1","max-image-preview":"max-image-preview:large","max-video-preview":"max-video-preview:-1"},"canonical":"https:\/\/cappiello.fr\/en\/produit\/prunelle-naltet\/","og_locale":"en_US","og_type":"article","og_title":"Prunelle Naltet","og_description":"A \"barrel-shaped\" man with six arms holds a jug of Prunelle Naltet in each hand. Thanks to the intoxication provided by this liqueur, he is very cheerful and sketches dance steps on tiptoe. This drawing highlights the smoothness of this alcohol.","og_url":"https:\/\/cappiello.fr\/en\/produit\/prunelle-naltet\/","og_site_name":"Catalogue raisonn\u00e9 de Leonetto Cappiello","article_modified_time":"2025-05-14T21:55:46+00:00","og_image":[{"width":558,"height":800,"url":"https:\/\/cappiello.fr\/wp-content\/uploads\/2024\/10\/Lithographie-affiche-publicitaire-prunelle-naltet-cappiello-1910.jpg","type":"image\/jpeg"}],"twitter_card":"summary_large_image","twitter_title":"Prunelle Naltet","twitter_description":"A \"barrel-shaped\" man with six arms holds a jug of Prunelle Naltet in each hand. Thanks to the intoxication provided by this liqueur, he is very cheerful and sketches dance steps on tiptoe. This drawing highlights the smoothness of this alcohol.","twitter_misc":{"Price":"","Availability":"In stock"},"schema":{"@context":"https:\/\/schema.org","@graph":[{"@type":["WebPage","ItemPage"],"@id":"https:\/\/cappiello.fr\/en\/produit\/prunelle-naltet\/","url":"https:\/\/cappiello.fr\/en\/produit\/prunelle-naltet\/","name":"Prunelle Naltet - Catalogue Raisonn\u00e9 de Leonetto Cappiello","isPartOf":{"@id":"https:\/\/cappiello.fr\/en\/#website"},"primaryImageOfPage":{"@id":"https:\/\/cappiello.fr\/en\/produit\/prunelle-naltet\/#primaryimage"},"image":{"@id":"https:\/\/cappiello.fr\/en\/produit\/prunelle-naltet\/#primaryimage"},"thumbnailUrl":"https:\/\/cappiello.fr\/wp-content\/uploads\/2024\/10\/Lithographie-affiche-publicitaire-prunelle-naltet-cappiello-1910.jpg","datePublished":"1909-12-31T23:50:39+00:00","dateModified":"2025-05-14T21:55:46+00:00","description":"A \"barrel-shaped\" man with six arms holds a jug of Prunelle Naltet in each hand. Thanks to the intoxication provided by this liqueur, he is very cheerful and sketches dance steps on tiptoe. This drawing highlights the smoothness of this alcohol.","breadcrumb":{"@id":"https:\/\/cappiello.fr\/en\/produit\/prunelle-naltet\/#breadcrumb"},"inLanguage":"en-US","potentialAction":[{"@type":"ReadAction","target":["https:\/\/cappiello.fr\/en\/produit\/prunelle-naltet\/"]}]},{"@type":"ImageObject","inLanguage":"en-US","@id":"https:\/\/cappiello.fr\/en\/produit\/prunelle-naltet\/#primaryimage","url":"https:\/\/cappiello.fr\/wp-content\/uploads\/2024\/10\/Lithographie-affiche-publicitaire-prunelle-naltet-cappiello-1910.jpg","contentUrl":"https:\/\/cappiello.fr\/wp-content\/uploads\/2024\/10\/Lithographie-affiche-publicitaire-prunelle-naltet-cappiello-1910.jpg","width":558,"height":800,"caption":"In 1832"},{"@type":"BreadcrumbList","@id":"https:\/\/cappiello.fr\/en\/produit\/prunelle-naltet\/#breadcrumb","itemListElement":[{"@type":"ListItem","position":1,"name":"Accueil","item":"https:\/\/cappiello.fr\/en\/"},{"@type":"ListItem","position":2,"name":"The works","item":"https:\/\/cappiello.fr\/en\/the-works\/"},{"@type":"ListItem","position":3,"name":"Prunelle Naltet"}]},{"@type":"WebSite","@id":"https:\/\/cappiello.fr\/en\/#website","url":"https:\/\/cappiello.fr\/en\/","name":"Catalogue raisonn\u00e9 de Leonetto Cappiello","description":"Plongez dans l&#039;univers de Leonetto Cappiello, le p\u00e8re de la publicit\u00e9 moderne","potentialAction":[{"@type":"SearchAction","target":{"@type":"EntryPoint","urlTemplate":"https:\/\/cappiello.fr\/en\/?s={search_term_string}"},"query-input":{"@type":"PropertyValueSpecification","valueRequired":true,"valueName":"search_term_string"}}],"inLanguage":"en-US"}]},"product_price_currency":"EUR","og_availability":"instock","product_availability":"instock","product_retailer_item_id":"1910225Z0","product_condition":"new"},"_links":{"self":[{"href":"https:\/\/cappiello.fr\/en\/wp-json\/wp\/v2\/product\/132547","targetHints":{"allow":["GET"]}}],"collection":[{"href":"https:\/\/cappiello.fr\/en\/wp-json\/wp\/v2\/product"}],"about":[{"href":"https:\/\/cappiello.fr\/en\/wp-json\/wp\/v2\/types\/product"}],"wp:featuredmedia":[{"embeddable":true,"href":"https:\/\/cappiello.fr\/en\/wp-json\/wp\/v2\/media\/132548"}],"wp:attachment":[{"href":"https:\/\/cappiello.fr\/en\/wp-json\/wp\/v2\/media?parent=132547"}],"wp:term":[{"taxonomy":"type-doeuvre","embeddable":true,"href":"https:\/\/cappiello.fr\/en\/wp-json\/wp\/v2\/type-doeuvre?post=132547"},{"taxonomy":"product_brand","embeddable":true,"href":"https:\/\/cappiello.fr\/en\/wp-json\/wp\/v2\/product_brand?post=132547"},{"taxonomy":"product_cat","embeddable":true,"href":"https:\/\/cappiello.fr\/en\/wp-json\/wp\/v2\/product_cat?post=132547"},{"taxonomy":"product_tag","embeddable":true,"href":"https:\/\/cappiello.fr\/en\/wp-json\/wp\/v2\/product_tag?post=132547"}],"curies":[{"name":"wp","href":"https:\/\/api.w.org\/{rel}","templated":true}]}}