{"id":132553,"date":"1910-01-01T00:00:00","date_gmt":"1909-12-31T23:50:39","guid":{"rendered":"https:\/\/cappiello.fr\/produit\/cognac-5\/"},"modified":"2025-05-14T23:55:49","modified_gmt":"2025-05-14T21:55:49","slug":"cognac-5","status":"publish","type":"product","link":"https:\/\/cappiello.fr\/en\/produit\/cognac-5\/","title":{"rendered":"Cognac Henri Mounier"},"content":{"rendered":"<p>A king seen from behind, adorned with his crown and ermine cloak, is enjoying a glass of Mounier cognac, the true royal drink. He is holding the bottle up high.<\/p>\n","protected":false},"excerpt":{"rendered":"<p>1858, creation of the Mounier and Company house for the production of brandy in Segonzac near Cognac. In 1874 the founder, Henri Mounier, specialized in the trading of cognac and created Henri Mounier &#038; Cie. In 1947 he created the Prince Hubert de Polignac brand.<br \/>\nToday the Henri Mounier company continues to grow.<\/p>\n","protected":false},"featured_media":134092,"template":"","meta":{"_acf_changed":false},"type-doeuvre":[4057],"product_brand":[],"product_cat":[3426],"product_tag":[3290,3298,3693,3450],"class_list":{"0":"post-132553","1":"product","2":"type-product","3":"status-publish","4":"has-post-thumbnail","6":"type-doeuvre-affiches","7":"product_cat-eaux-de-vie","8":"product_tag-mustache-en","9":"product_tag-show","10":"product_tag-pen-en-2","11":"product_tag-king","12":"pa_periode-1900-1918-en","13":"pa_type-de-contenu-lithography","15":"first","16":"instock","17":"virtual","18":"product-type-simple"},"acf":[],"yoast_head":"<!-- This site is optimized with the Yoast SEO Premium plugin v27.0 (Yoast SEO v27.4) - https:\/\/yoast.com\/product\/yoast-seo-premium-wordpress\/ -->\n<title>Cognac Henri Mounier - Catalogue Raisonn\u00e9 de Leonetto Cappiello<\/title>\n<meta name=\"description\" content=\"A king seen from behind, adorned with his crown and ermine cloak, enjoys a glass of Mounier cognac, the true royal drink. He holds the bottle high.\" \/>\n<meta name=\"robots\" content=\"index, follow, max-snippet:-1, max-image-preview:large, max-video-preview:-1\" \/>\n<link rel=\"canonical\" href=\"https:\/\/cappiello.fr\/en\/produit\/cognac-5\/\" \/>\n<meta property=\"og:locale\" content=\"en_US\" \/>\n<meta property=\"og:type\" content=\"article\" \/>\n<meta property=\"og:title\" content=\"Cognac Henri Mounier\" \/>\n<meta property=\"og:description\" content=\"A king seen from behind, adorned with his crown and ermine cloak, enjoys a glass of Mounier cognac, the true royal drink. He holds the bottle high.\" \/>\n<meta property=\"og:url\" content=\"https:\/\/cappiello.fr\/en\/produit\/cognac-5\/\" \/>\n<meta property=\"og:site_name\" content=\"Catalogue raisonn\u00e9 de Leonetto Cappiello\" \/>\n<meta property=\"article:modified_time\" content=\"2025-05-14T21:55:49+00:00\" \/>\n<meta property=\"og:image\" content=\"https:\/\/cappiello.fr\/wp-content\/uploads\/2024\/10\/Lithographie-affiche-publicitaire-cognac-henri-mounier-cappiello-1910.jpg\" \/>\n\t<meta property=\"og:image:width\" content=\"589\" \/>\n\t<meta property=\"og:image:height\" content=\"800\" \/>\n\t<meta property=\"og:image:type\" content=\"image\/jpeg\" \/>\n<meta name=\"twitter:card\" content=\"summary_large_image\" \/>\n<meta name=\"twitter:title\" content=\"Cognac Henri Mounier\" \/>\n<meta name=\"twitter:description\" content=\"A king seen from behind, adorned with his crown and ermine cloak, enjoys a glass of Mounier cognac, the true royal drink. He holds the bottle high.\" \/>\n<meta name=\"twitter:label1\" content=\"Price\" \/>\n\t<meta name=\"twitter:data1\" content=\"\" \/>\n\t<meta name=\"twitter:label2\" content=\"Availability\" \/>\n\t<meta name=\"twitter:data2\" content=\"In stock\" \/>\n<script type=\"application\/ld+json\" class=\"yoast-schema-graph\">{\"@context\":\"https:\\\/\\\/schema.org\",\"@graph\":[{\"@type\":[\"WebPage\",\"ItemPage\"],\"@id\":\"https:\\\/\\\/cappiello.fr\\\/en\\\/produit\\\/cognac-5\\\/\",\"url\":\"https:\\\/\\\/cappiello.fr\\\/en\\\/produit\\\/cognac-5\\\/\",\"name\":\"Cognac Henri Mounier - Catalogue Raisonn\u00e9 de Leonetto Cappiello\",\"isPartOf\":{\"@id\":\"https:\\\/\\\/cappiello.fr\\\/en\\\/#website\"},\"primaryImageOfPage\":{\"@id\":\"https:\\\/\\\/cappiello.fr\\\/en\\\/produit\\\/cognac-5\\\/#primaryimage\"},\"image\":{\"@id\":\"https:\\\/\\\/cappiello.fr\\\/en\\\/produit\\\/cognac-5\\\/#primaryimage\"},\"thumbnailUrl\":\"https:\\\/\\\/cappiello.fr\\\/wp-content\\\/uploads\\\/2024\\\/10\\\/Lithographie-affiche-publicitaire-cognac-henri-mounier-cappiello-1910.jpg\",\"datePublished\":\"1909-12-31T23:50:39+00:00\",\"dateModified\":\"2025-05-14T21:55:49+00:00\",\"description\":\"A king seen from behind, adorned with his crown and ermine cloak, enjoys a glass of Mounier cognac, the true royal drink. He holds the bottle high.\",\"breadcrumb\":{\"@id\":\"https:\\\/\\\/cappiello.fr\\\/en\\\/produit\\\/cognac-5\\\/#breadcrumb\"},\"inLanguage\":\"en-US\",\"potentialAction\":[{\"@type\":\"ReadAction\",\"target\":[\"https:\\\/\\\/cappiello.fr\\\/en\\\/produit\\\/cognac-5\\\/\"]}]},{\"@type\":\"ImageObject\",\"inLanguage\":\"en-US\",\"@id\":\"https:\\\/\\\/cappiello.fr\\\/en\\\/produit\\\/cognac-5\\\/#primaryimage\",\"url\":\"https:\\\/\\\/cappiello.fr\\\/wp-content\\\/uploads\\\/2024\\\/10\\\/Lithographie-affiche-publicitaire-cognac-henri-mounier-cappiello-1910.jpg\",\"contentUrl\":\"https:\\\/\\\/cappiello.fr\\\/wp-content\\\/uploads\\\/2024\\\/10\\\/Lithographie-affiche-publicitaire-cognac-henri-mounier-cappiello-1910.jpg\",\"width\":589,\"height\":800,\"caption\":\"1858\"},{\"@type\":\"BreadcrumbList\",\"@id\":\"https:\\\/\\\/cappiello.fr\\\/en\\\/produit\\\/cognac-5\\\/#breadcrumb\",\"itemListElement\":[{\"@type\":\"ListItem\",\"position\":1,\"name\":\"Accueil\",\"item\":\"https:\\\/\\\/cappiello.fr\\\/en\\\/\"},{\"@type\":\"ListItem\",\"position\":2,\"name\":\"The works\",\"item\":\"https:\\\/\\\/cappiello.fr\\\/en\\\/the-works\\\/\"},{\"@type\":\"ListItem\",\"position\":3,\"name\":\"Cognac Henri Mounier\"}]},{\"@type\":\"WebSite\",\"@id\":\"https:\\\/\\\/cappiello.fr\\\/en\\\/#website\",\"url\":\"https:\\\/\\\/cappiello.fr\\\/en\\\/\",\"name\":\"Catalogue raisonn\u00e9 de Leonetto Cappiello\",\"description\":\"Plongez dans l&#039;univers de Leonetto Cappiello, le p\u00e8re de la publicit\u00e9 moderne\",\"potentialAction\":[{\"@type\":\"SearchAction\",\"target\":{\"@type\":\"EntryPoint\",\"urlTemplate\":\"https:\\\/\\\/cappiello.fr\\\/en\\\/?s={search_term_string}\"},\"query-input\":{\"@type\":\"PropertyValueSpecification\",\"valueRequired\":true,\"valueName\":\"search_term_string\"}}],\"inLanguage\":\"en-US\"}]}<\/script>\n<meta property=\"product:price:currency\" content=\"EUR\" \/>\n<meta property=\"og:availability\" content=\"instock\" \/>\n<meta property=\"product:availability\" content=\"instock\" \/>\n<meta property=\"product:retailer_item_id\" content=\"1910224Z0\" \/>\n<meta property=\"product:condition\" content=\"new\" \/>\n<!-- \/ Yoast SEO Premium plugin. -->","yoast_head_json":{"title":"Cognac Henri Mounier - Catalogue Raisonn\u00e9 de Leonetto Cappiello","description":"A king seen from behind, adorned with his crown and ermine cloak, enjoys a glass of Mounier cognac, the true royal drink. He holds the bottle high.","robots":{"index":"index","follow":"follow","max-snippet":"max-snippet:-1","max-image-preview":"max-image-preview:large","max-video-preview":"max-video-preview:-1"},"canonical":"https:\/\/cappiello.fr\/en\/produit\/cognac-5\/","og_locale":"en_US","og_type":"article","og_title":"Cognac Henri Mounier","og_description":"A king seen from behind, adorned with his crown and ermine cloak, enjoys a glass of Mounier cognac, the true royal drink. He holds the bottle high.","og_url":"https:\/\/cappiello.fr\/en\/produit\/cognac-5\/","og_site_name":"Catalogue raisonn\u00e9 de Leonetto Cappiello","article_modified_time":"2025-05-14T21:55:49+00:00","og_image":[{"width":589,"height":800,"url":"https:\/\/cappiello.fr\/wp-content\/uploads\/2024\/10\/Lithographie-affiche-publicitaire-cognac-henri-mounier-cappiello-1910.jpg","type":"image\/jpeg"}],"twitter_card":"summary_large_image","twitter_title":"Cognac Henri Mounier","twitter_description":"A king seen from behind, adorned with his crown and ermine cloak, enjoys a glass of Mounier cognac, the true royal drink. He holds the bottle high.","twitter_misc":{"Price":"","Availability":"In stock"},"schema":{"@context":"https:\/\/schema.org","@graph":[{"@type":["WebPage","ItemPage"],"@id":"https:\/\/cappiello.fr\/en\/produit\/cognac-5\/","url":"https:\/\/cappiello.fr\/en\/produit\/cognac-5\/","name":"Cognac Henri Mounier - Catalogue Raisonn\u00e9 de Leonetto Cappiello","isPartOf":{"@id":"https:\/\/cappiello.fr\/en\/#website"},"primaryImageOfPage":{"@id":"https:\/\/cappiello.fr\/en\/produit\/cognac-5\/#primaryimage"},"image":{"@id":"https:\/\/cappiello.fr\/en\/produit\/cognac-5\/#primaryimage"},"thumbnailUrl":"https:\/\/cappiello.fr\/wp-content\/uploads\/2024\/10\/Lithographie-affiche-publicitaire-cognac-henri-mounier-cappiello-1910.jpg","datePublished":"1909-12-31T23:50:39+00:00","dateModified":"2025-05-14T21:55:49+00:00","description":"A king seen from behind, adorned with his crown and ermine cloak, enjoys a glass of Mounier cognac, the true royal drink. He holds the bottle high.","breadcrumb":{"@id":"https:\/\/cappiello.fr\/en\/produit\/cognac-5\/#breadcrumb"},"inLanguage":"en-US","potentialAction":[{"@type":"ReadAction","target":["https:\/\/cappiello.fr\/en\/produit\/cognac-5\/"]}]},{"@type":"ImageObject","inLanguage":"en-US","@id":"https:\/\/cappiello.fr\/en\/produit\/cognac-5\/#primaryimage","url":"https:\/\/cappiello.fr\/wp-content\/uploads\/2024\/10\/Lithographie-affiche-publicitaire-cognac-henri-mounier-cappiello-1910.jpg","contentUrl":"https:\/\/cappiello.fr\/wp-content\/uploads\/2024\/10\/Lithographie-affiche-publicitaire-cognac-henri-mounier-cappiello-1910.jpg","width":589,"height":800,"caption":"1858"},{"@type":"BreadcrumbList","@id":"https:\/\/cappiello.fr\/en\/produit\/cognac-5\/#breadcrumb","itemListElement":[{"@type":"ListItem","position":1,"name":"Accueil","item":"https:\/\/cappiello.fr\/en\/"},{"@type":"ListItem","position":2,"name":"The works","item":"https:\/\/cappiello.fr\/en\/the-works\/"},{"@type":"ListItem","position":3,"name":"Cognac Henri Mounier"}]},{"@type":"WebSite","@id":"https:\/\/cappiello.fr\/en\/#website","url":"https:\/\/cappiello.fr\/en\/","name":"Catalogue raisonn\u00e9 de Leonetto Cappiello","description":"Plongez dans l&#039;univers de Leonetto Cappiello, le p\u00e8re de la publicit\u00e9 moderne","potentialAction":[{"@type":"SearchAction","target":{"@type":"EntryPoint","urlTemplate":"https:\/\/cappiello.fr\/en\/?s={search_term_string}"},"query-input":{"@type":"PropertyValueSpecification","valueRequired":true,"valueName":"search_term_string"}}],"inLanguage":"en-US"}]},"product_price_currency":"EUR","og_availability":"instock","product_availability":"instock","product_retailer_item_id":"1910224Z0","product_condition":"new"},"_links":{"self":[{"href":"https:\/\/cappiello.fr\/en\/wp-json\/wp\/v2\/product\/132553","targetHints":{"allow":["GET"]}}],"collection":[{"href":"https:\/\/cappiello.fr\/en\/wp-json\/wp\/v2\/product"}],"about":[{"href":"https:\/\/cappiello.fr\/en\/wp-json\/wp\/v2\/types\/product"}],"wp:featuredmedia":[{"embeddable":true,"href":"https:\/\/cappiello.fr\/en\/wp-json\/wp\/v2\/media\/134092"}],"wp:attachment":[{"href":"https:\/\/cappiello.fr\/en\/wp-json\/wp\/v2\/media?parent=132553"}],"wp:term":[{"taxonomy":"type-doeuvre","embeddable":true,"href":"https:\/\/cappiello.fr\/en\/wp-json\/wp\/v2\/type-doeuvre?post=132553"},{"taxonomy":"product_brand","embeddable":true,"href":"https:\/\/cappiello.fr\/en\/wp-json\/wp\/v2\/product_brand?post=132553"},{"taxonomy":"product_cat","embeddable":true,"href":"https:\/\/cappiello.fr\/en\/wp-json\/wp\/v2\/product_cat?post=132553"},{"taxonomy":"product_tag","embeddable":true,"href":"https:\/\/cappiello.fr\/en\/wp-json\/wp\/v2\/product_tag?post=132553"}],"curies":[{"name":"wp","href":"https:\/\/api.w.org\/{rel}","templated":true}]}}