{"id":132577,"date":"1906-01-01T00:00:00","date_gmt":"1905-12-31T23:50:39","guid":{"rendered":"https:\/\/cappiello.fr\/produit\/fetes-du-congres-international-des-etudiants-2\/"},"modified":"2025-05-14T23:59:24","modified_gmt":"2025-05-14T21:59:24","slug":"fetes-du-congres-international-des-etudiants-2","status":"publish","type":"product","link":"https:\/\/cappiello.fr\/en\/produit\/fetes-du-congres-international-des-etudiants-2\/","title":{"rendered":"F\u00eates du Congr\u00e8s<br \/> International des \u00c9tudiants"},"content":{"rendered":"<p>Many photos from that time show these student parties as predominantly male. The men usually wear a faluche, a large velvet beret that has been in fashion for nearly 20 years.<br \/>\nIn this context, Cappiello shows us such a party, where wine and cheerfulness are clearly present.<\/p>\n","protected":false},"excerpt":{"rendered":"<p>In 1906, France had many student associations. The merging of these associations into a single one took place in Lille in May 1907. It was named UNEF: National Union of Student Associations of France. The UNEF only deals with French issues. International matters were deferred to the International Congress, which was held in September 1907 in Bordeaux and attended by national associations from various countries.<br \/>\nIn student circles, studious congresses are accompanied by many festive moments.<\/p>\n","protected":false},"featured_media":132578,"template":"","meta":{"_acf_changed":false},"type-doeuvre":[4057],"product_brand":[],"product_cat":[3249],"product_tag":[3936,3366,3805,3507,3911],"class_list":{"0":"post-132577","1":"product","2":"type-product","3":"status-publish","4":"has-post-thumbnail","6":"type-doeuvre-affiches","7":"product_cat-events","8":"product_tag-wine","9":"product_tag-beach","10":"product_tag-journal-en-2","11":"product_tag-soap","12":"product_tag-drink","13":"pa_periode-1900-1918-en","14":"pa_type-de-contenu-maquette-en","16":"first","17":"instock","18":"virtual","19":"product-type-simple"},"acf":[],"yoast_head":"<!-- This site is optimized with the Yoast SEO Premium plugin v27.0 (Yoast SEO v27.4) - https:\/\/yoast.com\/product\/yoast-seo-premium-wordpress\/ -->\n<title>F\u00eates du Congr\u00e8s International des Etudiants - Catalogue Raisonn\u00e9 de Leonetto Cappiello<\/title>\n<meta name=\"description\" content=\"Many photos from that time show these student parties as predominantly male. The men usually wear a faluche, a large velvet beret that has been in fashion for nearly 20 years. In this context, Cappiello shows us such a party, where wine and cheerfulness are clearly present.\" \/>\n<meta name=\"robots\" content=\"index, follow, max-snippet:-1, max-image-preview:large, max-video-preview:-1\" \/>\n<link rel=\"canonical\" href=\"https:\/\/cappiello.fr\/en\/produit\/fetes-du-congres-international-des-etudiants-2\/\" \/>\n<meta property=\"og:locale\" content=\"en_US\" \/>\n<meta property=\"og:type\" content=\"article\" \/>\n<meta property=\"og:title\" content=\"F\u00eates du Congr\u00e8s International des Etudiants\" \/>\n<meta property=\"og:description\" content=\"Many photos from that time show these student parties as predominantly male. The men usually wear a faluche, a large velvet beret that has been in fashion for nearly 20 years. In this context, Cappiello shows us such a party, where wine and cheerfulness are clearly present.\" \/>\n<meta property=\"og:url\" content=\"https:\/\/cappiello.fr\/en\/produit\/fetes-du-congres-international-des-etudiants-2\/\" \/>\n<meta property=\"og:site_name\" content=\"Catalogue raisonn\u00e9 de Leonetto Cappiello\" \/>\n<meta property=\"article:modified_time\" content=\"2025-05-14T21:59:24+00:00\" \/>\n<meta property=\"og:image\" content=\"https:\/\/cappiello.fr\/wp-content\/uploads\/2024\/10\/Maquette-affiche-publicitaire-fetes-du-congres-international-des-etudiants-2-cappiello-1906.jpg\" \/>\n\t<meta property=\"og:image:width\" content=\"571\" \/>\n\t<meta property=\"og:image:height\" content=\"800\" \/>\n\t<meta property=\"og:image:type\" content=\"image\/jpeg\" \/>\n<meta name=\"twitter:card\" content=\"summary_large_image\" \/>\n<meta name=\"twitter:title\" content=\"F\u00eates du Congr\u00e8s International des Etudiants\" \/>\n<meta name=\"twitter:description\" content=\"Many photos from that time show these student parties as predominantly male. The men usually wear a faluche, a large velvet beret that has been in fashion for nearly 20 years. In this context, Cappiello shows us such a party, where wine and cheerfulness are clearly present.\" \/>\n<meta name=\"twitter:label1\" content=\"Price\" \/>\n\t<meta name=\"twitter:data1\" content=\"\" \/>\n\t<meta name=\"twitter:label2\" content=\"Availability\" \/>\n\t<meta name=\"twitter:data2\" content=\"In stock\" \/>\n<script type=\"application\/ld+json\" class=\"yoast-schema-graph\">{\"@context\":\"https:\\\/\\\/schema.org\",\"@graph\":[{\"@type\":[\"WebPage\",\"ItemPage\"],\"@id\":\"https:\\\/\\\/cappiello.fr\\\/en\\\/produit\\\/fetes-du-congres-international-des-etudiants-2\\\/\",\"url\":\"https:\\\/\\\/cappiello.fr\\\/en\\\/produit\\\/fetes-du-congres-international-des-etudiants-2\\\/\",\"name\":\"F\u00eates du Congr\u00e8s International des Etudiants - Catalogue Raisonn\u00e9 de Leonetto Cappiello\",\"isPartOf\":{\"@id\":\"https:\\\/\\\/cappiello.fr\\\/en\\\/#website\"},\"primaryImageOfPage\":{\"@id\":\"https:\\\/\\\/cappiello.fr\\\/en\\\/produit\\\/fetes-du-congres-international-des-etudiants-2\\\/#primaryimage\"},\"image\":{\"@id\":\"https:\\\/\\\/cappiello.fr\\\/en\\\/produit\\\/fetes-du-congres-international-des-etudiants-2\\\/#primaryimage\"},\"thumbnailUrl\":\"https:\\\/\\\/cappiello.fr\\\/wp-content\\\/uploads\\\/2024\\\/10\\\/Maquette-affiche-publicitaire-fetes-du-congres-international-des-etudiants-2-cappiello-1906.jpg\",\"datePublished\":\"1905-12-31T23:50:39+00:00\",\"dateModified\":\"2025-05-14T21:59:24+00:00\",\"description\":\"Many photos from that time show these student parties as predominantly male. The men usually wear a faluche, a large velvet beret that has been in fashion for nearly 20 years. In this context, Cappiello shows us such a party, where wine and cheerfulness are clearly present.\",\"breadcrumb\":{\"@id\":\"https:\\\/\\\/cappiello.fr\\\/en\\\/produit\\\/fetes-du-congres-international-des-etudiants-2\\\/#breadcrumb\"},\"inLanguage\":\"en-US\",\"potentialAction\":[{\"@type\":\"ReadAction\",\"target\":[\"https:\\\/\\\/cappiello.fr\\\/en\\\/produit\\\/fetes-du-congres-international-des-etudiants-2\\\/\"]}]},{\"@type\":\"ImageObject\",\"inLanguage\":\"en-US\",\"@id\":\"https:\\\/\\\/cappiello.fr\\\/en\\\/produit\\\/fetes-du-congres-international-des-etudiants-2\\\/#primaryimage\",\"url\":\"https:\\\/\\\/cappiello.fr\\\/wp-content\\\/uploads\\\/2024\\\/10\\\/Maquette-affiche-publicitaire-fetes-du-congres-international-des-etudiants-2-cappiello-1906.jpg\",\"contentUrl\":\"https:\\\/\\\/cappiello.fr\\\/wp-content\\\/uploads\\\/2024\\\/10\\\/Maquette-affiche-publicitaire-fetes-du-congres-international-des-etudiants-2-cappiello-1906.jpg\",\"width\":571,\"height\":800,\"caption\":\"In 1906 France had numerous student associations. The merging of these associations into a single one took place in Lille in May 1907. It took the name UNEF: National Union of Student Associations of France. The UNEF only dealt with French issues. International matters were referred to the International Congress to be held in September 1907 in Bordeaux, where national associations from various countries would participate.\"},{\"@type\":\"BreadcrumbList\",\"@id\":\"https:\\\/\\\/cappiello.fr\\\/en\\\/produit\\\/fetes-du-congres-international-des-etudiants-2\\\/#breadcrumb\",\"itemListElement\":[{\"@type\":\"ListItem\",\"position\":1,\"name\":\"Accueil\",\"item\":\"https:\\\/\\\/cappiello.fr\\\/en\\\/\"},{\"@type\":\"ListItem\",\"position\":2,\"name\":\"The works\",\"item\":\"https:\\\/\\\/cappiello.fr\\\/en\\\/the-works\\\/\"},{\"@type\":\"ListItem\",\"position\":3,\"name\":\"F\u00eates du Congr\u00e8s International des \u00c9tudiants\"}]},{\"@type\":\"WebSite\",\"@id\":\"https:\\\/\\\/cappiello.fr\\\/en\\\/#website\",\"url\":\"https:\\\/\\\/cappiello.fr\\\/en\\\/\",\"name\":\"Catalogue raisonn\u00e9 de Leonetto Cappiello\",\"description\":\"Plongez dans l&#039;univers de Leonetto Cappiello, le p\u00e8re de la publicit\u00e9 moderne\",\"potentialAction\":[{\"@type\":\"SearchAction\",\"target\":{\"@type\":\"EntryPoint\",\"urlTemplate\":\"https:\\\/\\\/cappiello.fr\\\/en\\\/?s={search_term_string}\"},\"query-input\":{\"@type\":\"PropertyValueSpecification\",\"valueRequired\":true,\"valueName\":\"search_term_string\"}}],\"inLanguage\":\"en-US\"}]}<\/script>\n<meta property=\"product:price:currency\" content=\"EUR\" \/>\n<meta property=\"og:availability\" content=\"instock\" \/>\n<meta property=\"product:availability\" content=\"instock\" \/>\n<meta property=\"product:retailer_item_id\" content=\"1906013M0\" \/>\n<meta property=\"product:condition\" content=\"new\" \/>\n<!-- \/ Yoast SEO Premium plugin. -->","yoast_head_json":{"title":"F\u00eates du Congr\u00e8s International des Etudiants - Catalogue Raisonn\u00e9 de Leonetto Cappiello","description":"Many photos from that time show these student parties as predominantly male. The men usually wear a faluche, a large velvet beret that has been in fashion for nearly 20 years. In this context, Cappiello shows us such a party, where wine and cheerfulness are clearly present.","robots":{"index":"index","follow":"follow","max-snippet":"max-snippet:-1","max-image-preview":"max-image-preview:large","max-video-preview":"max-video-preview:-1"},"canonical":"https:\/\/cappiello.fr\/en\/produit\/fetes-du-congres-international-des-etudiants-2\/","og_locale":"en_US","og_type":"article","og_title":"F\u00eates du Congr\u00e8s International des Etudiants","og_description":"Many photos from that time show these student parties as predominantly male. The men usually wear a faluche, a large velvet beret that has been in fashion for nearly 20 years. In this context, Cappiello shows us such a party, where wine and cheerfulness are clearly present.","og_url":"https:\/\/cappiello.fr\/en\/produit\/fetes-du-congres-international-des-etudiants-2\/","og_site_name":"Catalogue raisonn\u00e9 de Leonetto Cappiello","article_modified_time":"2025-05-14T21:59:24+00:00","og_image":[{"width":571,"height":800,"url":"https:\/\/cappiello.fr\/wp-content\/uploads\/2024\/10\/Maquette-affiche-publicitaire-fetes-du-congres-international-des-etudiants-2-cappiello-1906.jpg","type":"image\/jpeg"}],"twitter_card":"summary_large_image","twitter_title":"F\u00eates du Congr\u00e8s International des Etudiants","twitter_description":"Many photos from that time show these student parties as predominantly male. The men usually wear a faluche, a large velvet beret that has been in fashion for nearly 20 years. In this context, Cappiello shows us such a party, where wine and cheerfulness are clearly present.","twitter_misc":{"Price":"","Availability":"In stock"},"schema":{"@context":"https:\/\/schema.org","@graph":[{"@type":["WebPage","ItemPage"],"@id":"https:\/\/cappiello.fr\/en\/produit\/fetes-du-congres-international-des-etudiants-2\/","url":"https:\/\/cappiello.fr\/en\/produit\/fetes-du-congres-international-des-etudiants-2\/","name":"F\u00eates du Congr\u00e8s International des Etudiants - Catalogue Raisonn\u00e9 de Leonetto Cappiello","isPartOf":{"@id":"https:\/\/cappiello.fr\/en\/#website"},"primaryImageOfPage":{"@id":"https:\/\/cappiello.fr\/en\/produit\/fetes-du-congres-international-des-etudiants-2\/#primaryimage"},"image":{"@id":"https:\/\/cappiello.fr\/en\/produit\/fetes-du-congres-international-des-etudiants-2\/#primaryimage"},"thumbnailUrl":"https:\/\/cappiello.fr\/wp-content\/uploads\/2024\/10\/Maquette-affiche-publicitaire-fetes-du-congres-international-des-etudiants-2-cappiello-1906.jpg","datePublished":"1905-12-31T23:50:39+00:00","dateModified":"2025-05-14T21:59:24+00:00","description":"Many photos from that time show these student parties as predominantly male. The men usually wear a faluche, a large velvet beret that has been in fashion for nearly 20 years. In this context, Cappiello shows us such a party, where wine and cheerfulness are clearly present.","breadcrumb":{"@id":"https:\/\/cappiello.fr\/en\/produit\/fetes-du-congres-international-des-etudiants-2\/#breadcrumb"},"inLanguage":"en-US","potentialAction":[{"@type":"ReadAction","target":["https:\/\/cappiello.fr\/en\/produit\/fetes-du-congres-international-des-etudiants-2\/"]}]},{"@type":"ImageObject","inLanguage":"en-US","@id":"https:\/\/cappiello.fr\/en\/produit\/fetes-du-congres-international-des-etudiants-2\/#primaryimage","url":"https:\/\/cappiello.fr\/wp-content\/uploads\/2024\/10\/Maquette-affiche-publicitaire-fetes-du-congres-international-des-etudiants-2-cappiello-1906.jpg","contentUrl":"https:\/\/cappiello.fr\/wp-content\/uploads\/2024\/10\/Maquette-affiche-publicitaire-fetes-du-congres-international-des-etudiants-2-cappiello-1906.jpg","width":571,"height":800,"caption":"In 1906 France had numerous student associations. The merging of these associations into a single one took place in Lille in May 1907. It took the name UNEF: National Union of Student Associations of France. The UNEF only dealt with French issues. International matters were referred to the International Congress to be held in September 1907 in Bordeaux, where national associations from various countries would participate."},{"@type":"BreadcrumbList","@id":"https:\/\/cappiello.fr\/en\/produit\/fetes-du-congres-international-des-etudiants-2\/#breadcrumb","itemListElement":[{"@type":"ListItem","position":1,"name":"Accueil","item":"https:\/\/cappiello.fr\/en\/"},{"@type":"ListItem","position":2,"name":"The works","item":"https:\/\/cappiello.fr\/en\/the-works\/"},{"@type":"ListItem","position":3,"name":"F\u00eates du Congr\u00e8s International des \u00c9tudiants"}]},{"@type":"WebSite","@id":"https:\/\/cappiello.fr\/en\/#website","url":"https:\/\/cappiello.fr\/en\/","name":"Catalogue raisonn\u00e9 de Leonetto Cappiello","description":"Plongez dans l&#039;univers de Leonetto Cappiello, le p\u00e8re de la publicit\u00e9 moderne","potentialAction":[{"@type":"SearchAction","target":{"@type":"EntryPoint","urlTemplate":"https:\/\/cappiello.fr\/en\/?s={search_term_string}"},"query-input":{"@type":"PropertyValueSpecification","valueRequired":true,"valueName":"search_term_string"}}],"inLanguage":"en-US"}]},"product_price_currency":"EUR","og_availability":"instock","product_availability":"instock","product_retailer_item_id":"1906013M0","product_condition":"new"},"_links":{"self":[{"href":"https:\/\/cappiello.fr\/en\/wp-json\/wp\/v2\/product\/132577","targetHints":{"allow":["GET"]}}],"collection":[{"href":"https:\/\/cappiello.fr\/en\/wp-json\/wp\/v2\/product"}],"about":[{"href":"https:\/\/cappiello.fr\/en\/wp-json\/wp\/v2\/types\/product"}],"wp:featuredmedia":[{"embeddable":true,"href":"https:\/\/cappiello.fr\/en\/wp-json\/wp\/v2\/media\/132578"}],"wp:attachment":[{"href":"https:\/\/cappiello.fr\/en\/wp-json\/wp\/v2\/media?parent=132577"}],"wp:term":[{"taxonomy":"type-doeuvre","embeddable":true,"href":"https:\/\/cappiello.fr\/en\/wp-json\/wp\/v2\/type-doeuvre?post=132577"},{"taxonomy":"product_brand","embeddable":true,"href":"https:\/\/cappiello.fr\/en\/wp-json\/wp\/v2\/product_brand?post=132577"},{"taxonomy":"product_cat","embeddable":true,"href":"https:\/\/cappiello.fr\/en\/wp-json\/wp\/v2\/product_cat?post=132577"},{"taxonomy":"product_tag","embeddable":true,"href":"https:\/\/cappiello.fr\/en\/wp-json\/wp\/v2\/product_tag?post=132577"}],"curies":[{"name":"wp","href":"https:\/\/api.w.org\/{rel}","templated":true}]}}