{"id":132582,"date":"1906-01-01T00:00:00","date_gmt":"1905-12-31T23:50:39","guid":{"rendered":"https:\/\/cappiello.fr\/produit\/chaussures-15\/"},"modified":"2025-05-14T23:59:28","modified_gmt":"2025-05-14T21:59:28","slug":"chaussures-15","status":"publish","type":"product","link":"https:\/\/cappiello.fr\/en\/produit\/chaussures-15\/","title":{"rendered":"Chaussures J.B. Torrilhon"},"content":{"rendered":"<p>By a pond, a frog puts on rubber moccasins that aren&#8217;t afraid of water!<\/p>\n<p>&#8220;<em>It&#8217;s an irresistible poster that can&#8217;t help but surprise and catch the eye of even the most distracted passerby.<\/em>&#8220;<br \/>[in Cappiello 1875-1942: Caricatures, Posters, Paintings, and Decorative Projects, 1981]<\/p>\n","protected":false},"excerpt":{"rendered":"<p>Rubber shoes<\/p>\n","protected":false},"featured_media":134968,"template":"","meta":{"_acf_changed":false},"type-doeuvre":[4057],"product_brand":[],"product_cat":[3488],"product_tag":[3672,3278],"class_list":{"0":"post-132582","1":"product","2":"type-product","3":"status-publish","4":"has-post-thumbnail","6":"type-doeuvre-affiches","7":"product_cat-shoes-leather-goods","8":"product_tag-rain-en","9":"product_tag-turban-en","10":"pa_periode-1900-1918-en","11":"pa_type-de-contenu-lithography","13":"first","14":"instock","15":"virtual","16":"product-type-simple"},"acf":[],"yoast_head":"<!-- This site is optimized with the Yoast SEO Premium plugin v27.0 (Yoast SEO v27.4) - https:\/\/yoast.com\/product\/yoast-seo-premium-wordpress\/ -->\n<title>Chaussures J.B. Torrilhon - Catalogue Raisonn\u00e9 de Leonetto Cappiello<\/title>\n<meta name=\"description\" content=\"By a pond, a frog puts on rubber moccasins that aren&#039;t afraid of water! &quot;It&#039;s an irresistible poster that can&#039;t help but surprise and catch the eye of even the most distracted passerby.&quot; [in Cappiello 1875-1942: Caricatures, Posters, Paintings, and Decorative Projects, 1981]\" \/>\n<meta name=\"robots\" content=\"index, follow, max-snippet:-1, max-image-preview:large, max-video-preview:-1\" \/>\n<link rel=\"canonical\" href=\"https:\/\/cappiello.fr\/en\/produit\/chaussures-15\/\" \/>\n<meta property=\"og:locale\" content=\"en_US\" \/>\n<meta property=\"og:type\" content=\"article\" \/>\n<meta property=\"og:title\" content=\"Chaussures J.B. Torrilhon\" \/>\n<meta property=\"og:description\" content=\"By a pond, a frog puts on rubber moccasins that aren&#039;t afraid of water! &quot;It&#039;s an irresistible poster that can&#039;t help but surprise and catch the eye of even the most distracted passerby.&quot; [in Cappiello 1875-1942: Caricatures, Posters, Paintings, and Decorative Projects, 1981]\" \/>\n<meta property=\"og:url\" content=\"https:\/\/cappiello.fr\/en\/produit\/chaussures-15\/\" \/>\n<meta property=\"og:site_name\" content=\"Catalogue raisonn\u00e9 de Leonetto Cappiello\" \/>\n<meta property=\"article:modified_time\" content=\"2025-05-14T21:59:28+00:00\" \/>\n<meta property=\"og:image\" content=\"https:\/\/cappiello.fr\/wp-content\/uploads\/2024\/10\/Lithographie-affiche-publicitaire-chaussures-j-b-torrilhon-2-cappiello-1906.jpg\" \/>\n\t<meta property=\"og:image:width\" content=\"566\" \/>\n\t<meta property=\"og:image:height\" content=\"799\" \/>\n\t<meta property=\"og:image:type\" content=\"image\/jpeg\" \/>\n<meta name=\"twitter:card\" content=\"summary_large_image\" \/>\n<meta name=\"twitter:title\" content=\"Chaussures J.B. Torrilhon\" \/>\n<meta name=\"twitter:description\" content=\"By a pond, a frog puts on rubber moccasins that aren&#039;t afraid of water! &quot;It&#039;s an irresistible poster that can&#039;t help but surprise and catch the eye of even the most distracted passerby.&quot; [in Cappiello 1875-1942: Caricatures, Posters, Paintings, and Decorative Projects, 1981]\" \/>\n<meta name=\"twitter:label1\" content=\"Price\" \/>\n\t<meta name=\"twitter:data1\" content=\"\" \/>\n\t<meta name=\"twitter:label2\" content=\"Availability\" \/>\n\t<meta name=\"twitter:data2\" content=\"In stock\" \/>\n<script type=\"application\/ld+json\" class=\"yoast-schema-graph\">{\"@context\":\"https:\\\/\\\/schema.org\",\"@graph\":[{\"@type\":[\"WebPage\",\"ItemPage\"],\"@id\":\"https:\\\/\\\/cappiello.fr\\\/en\\\/produit\\\/chaussures-15\\\/\",\"url\":\"https:\\\/\\\/cappiello.fr\\\/en\\\/produit\\\/chaussures-15\\\/\",\"name\":\"Chaussures J.B. Torrilhon - Catalogue Raisonn\u00e9 de Leonetto Cappiello\",\"isPartOf\":{\"@id\":\"https:\\\/\\\/cappiello.fr\\\/en\\\/#website\"},\"primaryImageOfPage\":{\"@id\":\"https:\\\/\\\/cappiello.fr\\\/en\\\/produit\\\/chaussures-15\\\/#primaryimage\"},\"image\":{\"@id\":\"https:\\\/\\\/cappiello.fr\\\/en\\\/produit\\\/chaussures-15\\\/#primaryimage\"},\"thumbnailUrl\":\"https:\\\/\\\/cappiello.fr\\\/wp-content\\\/uploads\\\/2024\\\/10\\\/Lithographie-affiche-publicitaire-chaussures-j-b-torrilhon-2-cappiello-1906.jpg\",\"datePublished\":\"1905-12-31T23:50:39+00:00\",\"dateModified\":\"2025-05-14T21:59:28+00:00\",\"description\":\"By a pond, a frog puts on rubber moccasins that aren't afraid of water! \\\"It's an irresistible poster that can't help but surprise and catch the eye of even the most distracted passerby.\\\" [in Cappiello 1875-1942: Caricatures, Posters, Paintings, and Decorative Projects, 1981]\",\"breadcrumb\":{\"@id\":\"https:\\\/\\\/cappiello.fr\\\/en\\\/produit\\\/chaussures-15\\\/#breadcrumb\"},\"inLanguage\":\"en-US\",\"potentialAction\":[{\"@type\":\"ReadAction\",\"target\":[\"https:\\\/\\\/cappiello.fr\\\/en\\\/produit\\\/chaussures-15\\\/\"]}]},{\"@type\":\"ImageObject\",\"inLanguage\":\"en-US\",\"@id\":\"https:\\\/\\\/cappiello.fr\\\/en\\\/produit\\\/chaussures-15\\\/#primaryimage\",\"url\":\"https:\\\/\\\/cappiello.fr\\\/wp-content\\\/uploads\\\/2024\\\/10\\\/Lithographie-affiche-publicitaire-chaussures-j-b-torrilhon-2-cappiello-1906.jpg\",\"contentUrl\":\"https:\\\/\\\/cappiello.fr\\\/wp-content\\\/uploads\\\/2024\\\/10\\\/Lithographie-affiche-publicitaire-chaussures-j-b-torrilhon-2-cappiello-1906.jpg\",\"width\":566,\"height\":799,\"caption\":\"Chaussures en caoutchouc\"},{\"@type\":\"BreadcrumbList\",\"@id\":\"https:\\\/\\\/cappiello.fr\\\/en\\\/produit\\\/chaussures-15\\\/#breadcrumb\",\"itemListElement\":[{\"@type\":\"ListItem\",\"position\":1,\"name\":\"Accueil\",\"item\":\"https:\\\/\\\/cappiello.fr\\\/en\\\/\"},{\"@type\":\"ListItem\",\"position\":2,\"name\":\"The works\",\"item\":\"https:\\\/\\\/cappiello.fr\\\/en\\\/the-works\\\/\"},{\"@type\":\"ListItem\",\"position\":3,\"name\":\"Chaussures J.B. Torrilhon\"}]},{\"@type\":\"WebSite\",\"@id\":\"https:\\\/\\\/cappiello.fr\\\/en\\\/#website\",\"url\":\"https:\\\/\\\/cappiello.fr\\\/en\\\/\",\"name\":\"Catalogue raisonn\u00e9 de Leonetto Cappiello\",\"description\":\"Plongez dans l&#039;univers de Leonetto Cappiello, le p\u00e8re de la publicit\u00e9 moderne\",\"potentialAction\":[{\"@type\":\"SearchAction\",\"target\":{\"@type\":\"EntryPoint\",\"urlTemplate\":\"https:\\\/\\\/cappiello.fr\\\/en\\\/?s={search_term_string}\"},\"query-input\":{\"@type\":\"PropertyValueSpecification\",\"valueRequired\":true,\"valueName\":\"search_term_string\"}}],\"inLanguage\":\"en-US\"}]}<\/script>\n<meta property=\"product:price:currency\" content=\"EUR\" \/>\n<meta property=\"og:availability\" content=\"instock\" \/>\n<meta property=\"product:availability\" content=\"instock\" \/>\n<meta property=\"product:retailer_item_id\" content=\"1906014Z0\" \/>\n<meta property=\"product:condition\" content=\"new\" \/>\n<!-- \/ Yoast SEO Premium plugin. -->","yoast_head_json":{"title":"Chaussures J.B. Torrilhon - Catalogue Raisonn\u00e9 de Leonetto Cappiello","description":"By a pond, a frog puts on rubber moccasins that aren't afraid of water! \"It's an irresistible poster that can't help but surprise and catch the eye of even the most distracted passerby.\" [in Cappiello 1875-1942: Caricatures, Posters, Paintings, and Decorative Projects, 1981]","robots":{"index":"index","follow":"follow","max-snippet":"max-snippet:-1","max-image-preview":"max-image-preview:large","max-video-preview":"max-video-preview:-1"},"canonical":"https:\/\/cappiello.fr\/en\/produit\/chaussures-15\/","og_locale":"en_US","og_type":"article","og_title":"Chaussures J.B. Torrilhon","og_description":"By a pond, a frog puts on rubber moccasins that aren't afraid of water! \"It's an irresistible poster that can't help but surprise and catch the eye of even the most distracted passerby.\" [in Cappiello 1875-1942: Caricatures, Posters, Paintings, and Decorative Projects, 1981]","og_url":"https:\/\/cappiello.fr\/en\/produit\/chaussures-15\/","og_site_name":"Catalogue raisonn\u00e9 de Leonetto Cappiello","article_modified_time":"2025-05-14T21:59:28+00:00","og_image":[{"width":566,"height":799,"url":"https:\/\/cappiello.fr\/wp-content\/uploads\/2024\/10\/Lithographie-affiche-publicitaire-chaussures-j-b-torrilhon-2-cappiello-1906.jpg","type":"image\/jpeg"}],"twitter_card":"summary_large_image","twitter_title":"Chaussures J.B. Torrilhon","twitter_description":"By a pond, a frog puts on rubber moccasins that aren't afraid of water! \"It's an irresistible poster that can't help but surprise and catch the eye of even the most distracted passerby.\" [in Cappiello 1875-1942: Caricatures, Posters, Paintings, and Decorative Projects, 1981]","twitter_misc":{"Price":"","Availability":"In stock"},"schema":{"@context":"https:\/\/schema.org","@graph":[{"@type":["WebPage","ItemPage"],"@id":"https:\/\/cappiello.fr\/en\/produit\/chaussures-15\/","url":"https:\/\/cappiello.fr\/en\/produit\/chaussures-15\/","name":"Chaussures J.B. Torrilhon - Catalogue Raisonn\u00e9 de Leonetto Cappiello","isPartOf":{"@id":"https:\/\/cappiello.fr\/en\/#website"},"primaryImageOfPage":{"@id":"https:\/\/cappiello.fr\/en\/produit\/chaussures-15\/#primaryimage"},"image":{"@id":"https:\/\/cappiello.fr\/en\/produit\/chaussures-15\/#primaryimage"},"thumbnailUrl":"https:\/\/cappiello.fr\/wp-content\/uploads\/2024\/10\/Lithographie-affiche-publicitaire-chaussures-j-b-torrilhon-2-cappiello-1906.jpg","datePublished":"1905-12-31T23:50:39+00:00","dateModified":"2025-05-14T21:59:28+00:00","description":"By a pond, a frog puts on rubber moccasins that aren't afraid of water! \"It's an irresistible poster that can't help but surprise and catch the eye of even the most distracted passerby.\" [in Cappiello 1875-1942: Caricatures, Posters, Paintings, and Decorative Projects, 1981]","breadcrumb":{"@id":"https:\/\/cappiello.fr\/en\/produit\/chaussures-15\/#breadcrumb"},"inLanguage":"en-US","potentialAction":[{"@type":"ReadAction","target":["https:\/\/cappiello.fr\/en\/produit\/chaussures-15\/"]}]},{"@type":"ImageObject","inLanguage":"en-US","@id":"https:\/\/cappiello.fr\/en\/produit\/chaussures-15\/#primaryimage","url":"https:\/\/cappiello.fr\/wp-content\/uploads\/2024\/10\/Lithographie-affiche-publicitaire-chaussures-j-b-torrilhon-2-cappiello-1906.jpg","contentUrl":"https:\/\/cappiello.fr\/wp-content\/uploads\/2024\/10\/Lithographie-affiche-publicitaire-chaussures-j-b-torrilhon-2-cappiello-1906.jpg","width":566,"height":799,"caption":"Chaussures en caoutchouc"},{"@type":"BreadcrumbList","@id":"https:\/\/cappiello.fr\/en\/produit\/chaussures-15\/#breadcrumb","itemListElement":[{"@type":"ListItem","position":1,"name":"Accueil","item":"https:\/\/cappiello.fr\/en\/"},{"@type":"ListItem","position":2,"name":"The works","item":"https:\/\/cappiello.fr\/en\/the-works\/"},{"@type":"ListItem","position":3,"name":"Chaussures J.B. Torrilhon"}]},{"@type":"WebSite","@id":"https:\/\/cappiello.fr\/en\/#website","url":"https:\/\/cappiello.fr\/en\/","name":"Catalogue raisonn\u00e9 de Leonetto Cappiello","description":"Plongez dans l&#039;univers de Leonetto Cappiello, le p\u00e8re de la publicit\u00e9 moderne","potentialAction":[{"@type":"SearchAction","target":{"@type":"EntryPoint","urlTemplate":"https:\/\/cappiello.fr\/en\/?s={search_term_string}"},"query-input":{"@type":"PropertyValueSpecification","valueRequired":true,"valueName":"search_term_string"}}],"inLanguage":"en-US"}]},"product_price_currency":"EUR","og_availability":"instock","product_availability":"instock","product_retailer_item_id":"1906014Z0","product_condition":"new"},"_links":{"self":[{"href":"https:\/\/cappiello.fr\/en\/wp-json\/wp\/v2\/product\/132582","targetHints":{"allow":["GET"]}}],"collection":[{"href":"https:\/\/cappiello.fr\/en\/wp-json\/wp\/v2\/product"}],"about":[{"href":"https:\/\/cappiello.fr\/en\/wp-json\/wp\/v2\/types\/product"}],"wp:featuredmedia":[{"embeddable":true,"href":"https:\/\/cappiello.fr\/en\/wp-json\/wp\/v2\/media\/134968"}],"wp:attachment":[{"href":"https:\/\/cappiello.fr\/en\/wp-json\/wp\/v2\/media?parent=132582"}],"wp:term":[{"taxonomy":"type-doeuvre","embeddable":true,"href":"https:\/\/cappiello.fr\/en\/wp-json\/wp\/v2\/type-doeuvre?post=132582"},{"taxonomy":"product_brand","embeddable":true,"href":"https:\/\/cappiello.fr\/en\/wp-json\/wp\/v2\/product_brand?post=132582"},{"taxonomy":"product_cat","embeddable":true,"href":"https:\/\/cappiello.fr\/en\/wp-json\/wp\/v2\/product_cat?post=132582"},{"taxonomy":"product_tag","embeddable":true,"href":"https:\/\/cappiello.fr\/en\/wp-json\/wp\/v2\/product_tag?post=132582"}],"curies":[{"name":"wp","href":"https:\/\/api.w.org\/{rel}","templated":true}]}}