{"id":132584,"date":"1906-01-01T00:00:00","date_gmt":"1905-12-31T23:50:39","guid":{"rendered":"https:\/\/cappiello.fr\/produit\/automobile-9\/"},"modified":"2025-05-14T23:59:30","modified_gmt":"2025-05-14T21:59:30","slug":"automobile-9","status":"publish","type":"product","link":"https:\/\/cappiello.fr\/en\/produit\/automobile-9\/","title":{"rendered":"Automobiles Brasier"},"content":{"rendered":"<p>A driver speeds along in his car, much to the delight of his passenger, who holds onto her hat for fear it might fly away.<\/p>\n<p>&#8220;<em>Most often, Cappiello draws his effect from the very coloring itself. But this colorful effect, he finds more often in the bizarre, much more than in harmony&#8230;<\/em><br \/><em>It will serve to recommend to us the fashionable car, an automobile in motion, speeding toward us in a rainbow of colored dust<\/em>&#8220;<br \/>P. Verneuil &#8220;Art et D\u00e9coration&#8221; 1907, page 194.<\/p>\n<p>&#8220;<em>This poster is in the style of the drawings or paintings of the time depicting major automobile races, where power, speed, and dust always appear in different forms.<\/em>&#8220;<br \/>[in Cappiello 1875-1942 : Caricatures, affiches, peintures et projets d\u00e9coratifs, 1981]<\/p>\n","protected":false},"excerpt":{"rendered":"<p>Automobiles Brasier \/ Le Tr\u00e8fle \u00e0 Quatre Feuilles: French automobile manufacturer between 1900 and 1930.<\/p>\n","protected":false},"featured_media":132585,"template":"","meta":{"_acf_changed":false},"type-doeuvre":[4057],"product_brand":[],"product_cat":[3268],"product_tag":[3269,3250,3345],"class_list":{"0":"post-132584","1":"product","2":"type-product","3":"status-publish","4":"has-post-thumbnail","6":"type-doeuvre-affiches","7":"product_cat-automobiles","8":"product_tag-sea","9":"product_tag-hat","10":"product_tag-elegant-en","11":"pa_periode-1900-1918-en","12":"pa_type-de-contenu-lithography","14":"first","15":"instock","16":"virtual","17":"product-type-simple"},"acf":[],"yoast_head":"<!-- This site is optimized with the Yoast SEO Premium plugin v27.0 (Yoast SEO v27.4) - https:\/\/yoast.com\/product\/yoast-seo-premium-wordpress\/ -->\n<title>Automobiles Brasier - Catalogue Raisonn\u00e9 de Leonetto Cappiello<\/title>\n<meta name=\"description\" content=\"A driver speeds along in his car, much to the delight of his passenger, who holds onto her hat for fear it might fly away. &quot;Most often, Cappiello draws his effect from his very use of color. But this colorful effect is found more often in the bizarre than in harmony... It will serve to recommend the fashionable car, an automobile in motion, speeding toward us in a rainbow of colored dust.&quot; P. Verneuil, &quot;Art et D\u00e9coration,&quot; 1907, p. 194. &quot;This poster is in the style of the drawings or paintings of the era depicting major automobile races, where power, speed, and dust always appear in different forms.&quot; [in Cappiello 1875\u20131942: Caricatures, Posters, Paintings, and Decorative Projects, 1981]\" \/>\n<meta name=\"robots\" content=\"index, follow, max-snippet:-1, max-image-preview:large, max-video-preview:-1\" \/>\n<link rel=\"canonical\" href=\"https:\/\/cappiello.fr\/en\/produit\/automobile-9\/\" \/>\n<meta property=\"og:locale\" content=\"en_US\" \/>\n<meta property=\"og:type\" content=\"article\" \/>\n<meta property=\"og:title\" content=\"Automobiles Brasier\" \/>\n<meta property=\"og:description\" content=\"A driver speeds along in his car, much to the delight of his passenger, who holds onto her hat for fear it might fly away. &quot;Most often, Cappiello draws his effect from his very use of color. But this colorful effect is found more often in the bizarre than in harmony... It will serve to recommend the fashionable car, an automobile in motion, speeding toward us in a rainbow of colored dust.&quot; P. Verneuil, &quot;Art et D\u00e9coration,&quot; 1907, p. 194. &quot;This poster is in the style of the drawings or paintings of the era depicting major automobile races, where power, speed, and dust always appear in different forms.&quot; [in Cappiello 1875\u20131942: Caricatures, Posters, Paintings, and Decorative Projects, 1981]\" \/>\n<meta property=\"og:url\" content=\"https:\/\/cappiello.fr\/en\/produit\/automobile-9\/\" \/>\n<meta property=\"og:site_name\" content=\"Catalogue raisonn\u00e9 de Leonetto Cappiello\" \/>\n<meta property=\"article:modified_time\" content=\"2025-05-14T21:59:30+00:00\" \/>\n<meta property=\"og:image\" content=\"https:\/\/cappiello.fr\/wp-content\/uploads\/2024\/10\/Lithographie-affiche-publicitaire-automobiles-brasier-cappiello-1906.jpg\" \/>\n\t<meta property=\"og:image:width\" content=\"585\" \/>\n\t<meta property=\"og:image:height\" content=\"800\" \/>\n\t<meta property=\"og:image:type\" content=\"image\/jpeg\" \/>\n<meta name=\"twitter:card\" content=\"summary_large_image\" \/>\n<meta name=\"twitter:title\" content=\"Automobiles Brasier\" \/>\n<meta name=\"twitter:description\" content=\"A driver speeds along in his car, much to the delight of his passenger, who holds onto her hat for fear it might fly away. &quot;Most often, Cappiello draws his effect from his very use of color. But this colorful effect is found more often in the bizarre than in harmony... It will serve to recommend the fashionable car, an automobile in motion, speeding toward us in a rainbow of colored dust.&quot; P. Verneuil, &quot;Art et D\u00e9coration,&quot; 1907, p. 194. &quot;This poster is in the style of the drawings or paintings of the era depicting major automobile races, where power, speed, and dust always appear in different forms.&quot; [in Cappiello 1875\u20131942: Caricatures, Posters, Paintings, and Decorative Projects, 1981]\" \/>\n<meta name=\"twitter:label1\" content=\"Price\" \/>\n\t<meta name=\"twitter:data1\" content=\"\" \/>\n\t<meta name=\"twitter:label2\" content=\"Availability\" \/>\n\t<meta name=\"twitter:data2\" content=\"In stock\" \/>\n<script type=\"application\/ld+json\" class=\"yoast-schema-graph\">{\"@context\":\"https:\\\/\\\/schema.org\",\"@graph\":[{\"@type\":[\"WebPage\",\"ItemPage\"],\"@id\":\"https:\\\/\\\/cappiello.fr\\\/en\\\/produit\\\/automobile-9\\\/\",\"url\":\"https:\\\/\\\/cappiello.fr\\\/en\\\/produit\\\/automobile-9\\\/\",\"name\":\"Automobiles Brasier - Catalogue Raisonn\u00e9 de Leonetto Cappiello\",\"isPartOf\":{\"@id\":\"https:\\\/\\\/cappiello.fr\\\/en\\\/#website\"},\"primaryImageOfPage\":{\"@id\":\"https:\\\/\\\/cappiello.fr\\\/en\\\/produit\\\/automobile-9\\\/#primaryimage\"},\"image\":{\"@id\":\"https:\\\/\\\/cappiello.fr\\\/en\\\/produit\\\/automobile-9\\\/#primaryimage\"},\"thumbnailUrl\":\"https:\\\/\\\/cappiello.fr\\\/wp-content\\\/uploads\\\/2024\\\/10\\\/Lithographie-affiche-publicitaire-automobiles-brasier-cappiello-1906.jpg\",\"datePublished\":\"1905-12-31T23:50:39+00:00\",\"dateModified\":\"2025-05-14T21:59:30+00:00\",\"description\":\"A driver speeds along in his car, much to the delight of his passenger, who holds onto her hat for fear it might fly away. \\\"Most often, Cappiello draws his effect from his very use of color. But this colorful effect is found more often in the bizarre than in harmony... It will serve to recommend the fashionable car, an automobile in motion, speeding toward us in a rainbow of colored dust.\\\" P. Verneuil, \\\"Art et D\u00e9coration,\\\" 1907, p. 194. \\\"This poster is in the style of the drawings or paintings of the era depicting major automobile races, where power, speed, and dust always appear in different forms.\\\" [in Cappiello 1875\u20131942: Caricatures, Posters, Paintings, and Decorative Projects, 1981]\",\"breadcrumb\":{\"@id\":\"https:\\\/\\\/cappiello.fr\\\/en\\\/produit\\\/automobile-9\\\/#breadcrumb\"},\"inLanguage\":\"en-US\",\"potentialAction\":[{\"@type\":\"ReadAction\",\"target\":[\"https:\\\/\\\/cappiello.fr\\\/en\\\/produit\\\/automobile-9\\\/\"]}]},{\"@type\":\"ImageObject\",\"inLanguage\":\"en-US\",\"@id\":\"https:\\\/\\\/cappiello.fr\\\/en\\\/produit\\\/automobile-9\\\/#primaryimage\",\"url\":\"https:\\\/\\\/cappiello.fr\\\/wp-content\\\/uploads\\\/2024\\\/10\\\/Lithographie-affiche-publicitaire-automobiles-brasier-cappiello-1906.jpg\",\"contentUrl\":\"https:\\\/\\\/cappiello.fr\\\/wp-content\\\/uploads\\\/2024\\\/10\\\/Lithographie-affiche-publicitaire-automobiles-brasier-cappiello-1906.jpg\",\"width\":585,\"height\":800,\"caption\":\"This drawing evokes the \\\"Four-leaf clover\\\" of Automobiles Brasier\"},{\"@type\":\"BreadcrumbList\",\"@id\":\"https:\\\/\\\/cappiello.fr\\\/en\\\/produit\\\/automobile-9\\\/#breadcrumb\",\"itemListElement\":[{\"@type\":\"ListItem\",\"position\":1,\"name\":\"Accueil\",\"item\":\"https:\\\/\\\/cappiello.fr\\\/en\\\/\"},{\"@type\":\"ListItem\",\"position\":2,\"name\":\"The works\",\"item\":\"https:\\\/\\\/cappiello.fr\\\/en\\\/the-works\\\/\"},{\"@type\":\"ListItem\",\"position\":3,\"name\":\"Automobiles Brasier\"}]},{\"@type\":\"WebSite\",\"@id\":\"https:\\\/\\\/cappiello.fr\\\/en\\\/#website\",\"url\":\"https:\\\/\\\/cappiello.fr\\\/en\\\/\",\"name\":\"Catalogue raisonn\u00e9 de Leonetto Cappiello\",\"description\":\"Plongez dans l&#039;univers de Leonetto Cappiello, le p\u00e8re de la publicit\u00e9 moderne\",\"potentialAction\":[{\"@type\":\"SearchAction\",\"target\":{\"@type\":\"EntryPoint\",\"urlTemplate\":\"https:\\\/\\\/cappiello.fr\\\/en\\\/?s={search_term_string}\"},\"query-input\":{\"@type\":\"PropertyValueSpecification\",\"valueRequired\":true,\"valueName\":\"search_term_string\"}}],\"inLanguage\":\"en-US\"}]}<\/script>\n<meta property=\"product:price:currency\" content=\"EUR\" \/>\n<meta property=\"og:availability\" content=\"instock\" \/>\n<meta property=\"product:availability\" content=\"instock\" \/>\n<meta property=\"product:retailer_item_id\" content=\"1906011Z0, 1906011Z1, 1906011Z2\" \/>\n<meta property=\"product:condition\" content=\"new\" \/>\n<!-- \/ Yoast SEO Premium plugin. -->","yoast_head_json":{"title":"Automobiles Brasier - Catalogue Raisonn\u00e9 de Leonetto Cappiello","description":"A driver speeds along in his car, much to the delight of his passenger, who holds onto her hat for fear it might fly away. \"Most often, Cappiello draws his effect from his very use of color. But this colorful effect is found more often in the bizarre than in harmony... It will serve to recommend the fashionable car, an automobile in motion, speeding toward us in a rainbow of colored dust.\" P. Verneuil, \"Art et D\u00e9coration,\" 1907, p. 194. \"This poster is in the style of the drawings or paintings of the era depicting major automobile races, where power, speed, and dust always appear in different forms.\" [in Cappiello 1875\u20131942: Caricatures, Posters, Paintings, and Decorative Projects, 1981]","robots":{"index":"index","follow":"follow","max-snippet":"max-snippet:-1","max-image-preview":"max-image-preview:large","max-video-preview":"max-video-preview:-1"},"canonical":"https:\/\/cappiello.fr\/en\/produit\/automobile-9\/","og_locale":"en_US","og_type":"article","og_title":"Automobiles Brasier","og_description":"A driver speeds along in his car, much to the delight of his passenger, who holds onto her hat for fear it might fly away. \"Most often, Cappiello draws his effect from his very use of color. But this colorful effect is found more often in the bizarre than in harmony... It will serve to recommend the fashionable car, an automobile in motion, speeding toward us in a rainbow of colored dust.\" P. Verneuil, \"Art et D\u00e9coration,\" 1907, p. 194. \"This poster is in the style of the drawings or paintings of the era depicting major automobile races, where power, speed, and dust always appear in different forms.\" [in Cappiello 1875\u20131942: Caricatures, Posters, Paintings, and Decorative Projects, 1981]","og_url":"https:\/\/cappiello.fr\/en\/produit\/automobile-9\/","og_site_name":"Catalogue raisonn\u00e9 de Leonetto Cappiello","article_modified_time":"2025-05-14T21:59:30+00:00","og_image":[{"width":585,"height":800,"url":"https:\/\/cappiello.fr\/wp-content\/uploads\/2024\/10\/Lithographie-affiche-publicitaire-automobiles-brasier-cappiello-1906.jpg","type":"image\/jpeg"}],"twitter_card":"summary_large_image","twitter_title":"Automobiles Brasier","twitter_description":"A driver speeds along in his car, much to the delight of his passenger, who holds onto her hat for fear it might fly away. \"Most often, Cappiello draws his effect from his very use of color. But this colorful effect is found more often in the bizarre than in harmony... It will serve to recommend the fashionable car, an automobile in motion, speeding toward us in a rainbow of colored dust.\" P. Verneuil, \"Art et D\u00e9coration,\" 1907, p. 194. \"This poster is in the style of the drawings or paintings of the era depicting major automobile races, where power, speed, and dust always appear in different forms.\" [in Cappiello 1875\u20131942: Caricatures, Posters, Paintings, and Decorative Projects, 1981]","twitter_misc":{"Price":"","Availability":"In stock"},"schema":{"@context":"https:\/\/schema.org","@graph":[{"@type":["WebPage","ItemPage"],"@id":"https:\/\/cappiello.fr\/en\/produit\/automobile-9\/","url":"https:\/\/cappiello.fr\/en\/produit\/automobile-9\/","name":"Automobiles Brasier - Catalogue Raisonn\u00e9 de Leonetto Cappiello","isPartOf":{"@id":"https:\/\/cappiello.fr\/en\/#website"},"primaryImageOfPage":{"@id":"https:\/\/cappiello.fr\/en\/produit\/automobile-9\/#primaryimage"},"image":{"@id":"https:\/\/cappiello.fr\/en\/produit\/automobile-9\/#primaryimage"},"thumbnailUrl":"https:\/\/cappiello.fr\/wp-content\/uploads\/2024\/10\/Lithographie-affiche-publicitaire-automobiles-brasier-cappiello-1906.jpg","datePublished":"1905-12-31T23:50:39+00:00","dateModified":"2025-05-14T21:59:30+00:00","description":"A driver speeds along in his car, much to the delight of his passenger, who holds onto her hat for fear it might fly away. \"Most often, Cappiello draws his effect from his very use of color. But this colorful effect is found more often in the bizarre than in harmony... It will serve to recommend the fashionable car, an automobile in motion, speeding toward us in a rainbow of colored dust.\" P. Verneuil, \"Art et D\u00e9coration,\" 1907, p. 194. \"This poster is in the style of the drawings or paintings of the era depicting major automobile races, where power, speed, and dust always appear in different forms.\" [in Cappiello 1875\u20131942: Caricatures, Posters, Paintings, and Decorative Projects, 1981]","breadcrumb":{"@id":"https:\/\/cappiello.fr\/en\/produit\/automobile-9\/#breadcrumb"},"inLanguage":"en-US","potentialAction":[{"@type":"ReadAction","target":["https:\/\/cappiello.fr\/en\/produit\/automobile-9\/"]}]},{"@type":"ImageObject","inLanguage":"en-US","@id":"https:\/\/cappiello.fr\/en\/produit\/automobile-9\/#primaryimage","url":"https:\/\/cappiello.fr\/wp-content\/uploads\/2024\/10\/Lithographie-affiche-publicitaire-automobiles-brasier-cappiello-1906.jpg","contentUrl":"https:\/\/cappiello.fr\/wp-content\/uploads\/2024\/10\/Lithographie-affiche-publicitaire-automobiles-brasier-cappiello-1906.jpg","width":585,"height":800,"caption":"This drawing evokes the \"Four-leaf clover\" of Automobiles Brasier"},{"@type":"BreadcrumbList","@id":"https:\/\/cappiello.fr\/en\/produit\/automobile-9\/#breadcrumb","itemListElement":[{"@type":"ListItem","position":1,"name":"Accueil","item":"https:\/\/cappiello.fr\/en\/"},{"@type":"ListItem","position":2,"name":"The works","item":"https:\/\/cappiello.fr\/en\/the-works\/"},{"@type":"ListItem","position":3,"name":"Automobiles Brasier"}]},{"@type":"WebSite","@id":"https:\/\/cappiello.fr\/en\/#website","url":"https:\/\/cappiello.fr\/en\/","name":"Catalogue raisonn\u00e9 de Leonetto Cappiello","description":"Plongez dans l&#039;univers de Leonetto Cappiello, le p\u00e8re de la publicit\u00e9 moderne","potentialAction":[{"@type":"SearchAction","target":{"@type":"EntryPoint","urlTemplate":"https:\/\/cappiello.fr\/en\/?s={search_term_string}"},"query-input":{"@type":"PropertyValueSpecification","valueRequired":true,"valueName":"search_term_string"}}],"inLanguage":"en-US"}]},"product_price_currency":"EUR","og_availability":"instock","product_availability":"instock","product_retailer_item_id":"1906011Z0, 1906011Z1, 1906011Z2","product_condition":"new"},"_links":{"self":[{"href":"https:\/\/cappiello.fr\/en\/wp-json\/wp\/v2\/product\/132584","targetHints":{"allow":["GET"]}}],"collection":[{"href":"https:\/\/cappiello.fr\/en\/wp-json\/wp\/v2\/product"}],"about":[{"href":"https:\/\/cappiello.fr\/en\/wp-json\/wp\/v2\/types\/product"}],"wp:featuredmedia":[{"embeddable":true,"href":"https:\/\/cappiello.fr\/en\/wp-json\/wp\/v2\/media\/132585"}],"wp:attachment":[{"href":"https:\/\/cappiello.fr\/en\/wp-json\/wp\/v2\/media?parent=132584"}],"wp:term":[{"taxonomy":"type-doeuvre","embeddable":true,"href":"https:\/\/cappiello.fr\/en\/wp-json\/wp\/v2\/type-doeuvre?post=132584"},{"taxonomy":"product_brand","embeddable":true,"href":"https:\/\/cappiello.fr\/en\/wp-json\/wp\/v2\/product_brand?post=132584"},{"taxonomy":"product_cat","embeddable":true,"href":"https:\/\/cappiello.fr\/en\/wp-json\/wp\/v2\/product_cat?post=132584"},{"taxonomy":"product_tag","embeddable":true,"href":"https:\/\/cappiello.fr\/en\/wp-json\/wp\/v2\/product_tag?post=132584"}],"curies":[{"name":"wp","href":"https:\/\/api.w.org\/{rel}","templated":true}]}}