{"id":132644,"date":"1905-01-01T00:00:00","date_gmt":"1904-12-31T23:50:39","guid":{"rendered":"https:\/\/cappiello.fr\/produit\/cognac-fine-champagne\/"},"modified":"2025-05-16T22:16:26","modified_gmt":"2025-05-16T20:16:26","slug":"cognac-fine-champagne","status":"publish","type":"product","link":"https:\/\/cappiello.fr\/en\/produit\/cognac-fine-champagne\/","title":{"rendered":"Cognac Fine Champagne"},"content":{"rendered":"<p>A maid cheerfully brings a bottle of cognac with two glasses on a tray.  <\/p>\n<p>&#8220;In this poster, Cappiello did not use the usual colors from his palette. The monochrome of black, gray, and white is only accentuated by the orange splash of the hair. The fluid movement of the maid, hinting at a dance step, is echoed in the lettering, as Cappiello strives to integrate the lettering into the overall movement of the composition. On the maquette, Cappiello had only drawn the bottle on the tray, with a handwritten note mentioning: &#8216;plus two fine champagne glasses.&#8217;<br \/>\n[in Cappiello 1875-1942: Caricatures, Posters, Paintings, and Decorative Projects, 1981]<\/p>\n","protected":false},"excerpt":{"rendered":"<p>Cognac marketed by the Alexandre Ducros Fils Company.<\/p>\n","protected":false},"featured_media":133499,"template":"","meta":{"_acf_changed":false},"type-doeuvre":[4057],"product_brand":[],"product_cat":[3426],"product_tag":[3448,3290,3317,3844,3349],"class_list":{"0":"post-132644","1":"product","2":"type-product","3":"status-publish","4":"has-post-thumbnail","6":"type-doeuvre-affiches","7":"product_cat-eaux-de-vie","8":"product_tag-hat-en-5","9":"product_tag-mustache-en","10":"product_tag-woman-en","11":"product_tag-cup-en-17","12":"product_tag-plate","13":"pa_periode-1900-1918-en","14":"pa_type-de-contenu-lithography","16":"first","17":"instock","18":"virtual","19":"product-type-simple"},"acf":[],"yoast_head":"<!-- This site is optimized with the Yoast SEO Premium plugin v27.0 (Yoast SEO v27.4) - https:\/\/yoast.com\/product\/yoast-seo-premium-wordpress\/ -->\n<title>Cognac Fine Champagne - Catalogue Raisonn\u00e9 de Leonetto Cappiello<\/title>\n<meta name=\"description\" content=\"A maid cheerfully brings a bottle of cognac with two glasses on a tray. In this poster, Cappiello did not use the usual colors from his palette. The monochrome of black, gray, and white is only accentuated by the orange splash of the hair. The fluid movement of the maid, hinting at a dance step, is echoed in the lettering, as Cappiello strives to integrate the lettering into the overall movement of the composition. On the maquette, Cappiello had only drawn the bottle on the tray, with a handwritten note mentioning: &quot;plus two fine champagne glasses.&quot; [in Cappiello 1875-1942: Caricatures, Posters, Paintings, and Decorative Projects, 1981]\" \/>\n<meta name=\"robots\" content=\"index, follow, max-snippet:-1, max-image-preview:large, max-video-preview:-1\" \/>\n<link rel=\"canonical\" href=\"https:\/\/cappiello.fr\/en\/produit\/cognac-fine-champagne\/\" \/>\n<meta property=\"og:locale\" content=\"en_US\" \/>\n<meta property=\"og:type\" content=\"article\" \/>\n<meta property=\"og:title\" content=\"Cognac Fine Champagne\" \/>\n<meta property=\"og:description\" content=\"A maid cheerfully brings a bottle of cognac with two glasses on a tray. In this poster, Cappiello did not use the usual colors from his palette. The monochrome of black, gray, and white is only accentuated by the orange splash of the hair. The fluid movement of the maid, hinting at a dance step, is echoed in the lettering, as Cappiello strives to integrate the lettering into the overall movement of the composition. On the maquette, Cappiello had only drawn the bottle on the tray, with a handwritten note mentioning: &quot;plus two fine champagne glasses.&quot; [in Cappiello 1875-1942: Caricatures, Posters, Paintings, and Decorative Projects, 1981]\" \/>\n<meta property=\"og:url\" content=\"https:\/\/cappiello.fr\/en\/produit\/cognac-fine-champagne\/\" \/>\n<meta property=\"og:site_name\" content=\"Catalogue raisonn\u00e9 de Leonetto Cappiello\" \/>\n<meta property=\"article:modified_time\" content=\"2025-05-16T20:16:26+00:00\" \/>\n<meta property=\"og:image\" content=\"https:\/\/cappiello.fr\/wp-content\/uploads\/2024\/10\/Lithographie-affiche-publicitaire-cognac-fine-champagne-cappiello-1905.jpg\" \/>\n\t<meta property=\"og:image:width\" content=\"567\" \/>\n\t<meta property=\"og:image:height\" content=\"800\" \/>\n\t<meta property=\"og:image:type\" content=\"image\/jpeg\" \/>\n<meta name=\"twitter:card\" content=\"summary_large_image\" \/>\n<meta name=\"twitter:title\" content=\"Cognac Fine Champagne\" \/>\n<meta name=\"twitter:description\" content=\"A maid cheerfully brings a bottle of cognac with two glasses on a tray. In this poster, Cappiello did not use the usual colors from his palette. The monochrome of black, gray, and white is only accentuated by the orange splash of the hair. The fluid movement of the maid, hinting at a dance step, is echoed in the lettering, as Cappiello strives to integrate the lettering into the overall movement of the composition. On the maquette, Cappiello had only drawn the bottle on the tray, with a handwritten note mentioning: &quot;plus two fine champagne glasses.&quot; [in Cappiello 1875-1942: Caricatures, Posters, Paintings, and Decorative Projects, 1981]\" \/>\n<meta name=\"twitter:label1\" content=\"Price\" \/>\n\t<meta name=\"twitter:data1\" content=\"\" \/>\n\t<meta name=\"twitter:label2\" content=\"Availability\" \/>\n\t<meta name=\"twitter:data2\" content=\"In stock\" \/>\n<script type=\"application\/ld+json\" class=\"yoast-schema-graph\">{\"@context\":\"https:\\\/\\\/schema.org\",\"@graph\":[{\"@type\":[\"WebPage\",\"ItemPage\"],\"@id\":\"https:\\\/\\\/cappiello.fr\\\/en\\\/produit\\\/cognac-fine-champagne\\\/\",\"url\":\"https:\\\/\\\/cappiello.fr\\\/en\\\/produit\\\/cognac-fine-champagne\\\/\",\"name\":\"Cognac Fine Champagne - Catalogue Raisonn\u00e9 de Leonetto Cappiello\",\"isPartOf\":{\"@id\":\"https:\\\/\\\/cappiello.fr\\\/en\\\/#website\"},\"primaryImageOfPage\":{\"@id\":\"https:\\\/\\\/cappiello.fr\\\/en\\\/produit\\\/cognac-fine-champagne\\\/#primaryimage\"},\"image\":{\"@id\":\"https:\\\/\\\/cappiello.fr\\\/en\\\/produit\\\/cognac-fine-champagne\\\/#primaryimage\"},\"thumbnailUrl\":\"https:\\\/\\\/cappiello.fr\\\/wp-content\\\/uploads\\\/2024\\\/10\\\/Lithographie-affiche-publicitaire-cognac-fine-champagne-cappiello-1905.jpg\",\"datePublished\":\"1904-12-31T23:50:39+00:00\",\"dateModified\":\"2025-05-16T20:16:26+00:00\",\"description\":\"A maid cheerfully brings a bottle of cognac with two glasses on a tray. In this poster, Cappiello did not use the usual colors from his palette. The monochrome of black, gray, and white is only accentuated by the orange splash of the hair. The fluid movement of the maid, hinting at a dance step, is echoed in the lettering, as Cappiello strives to integrate the lettering into the overall movement of the composition. On the maquette, Cappiello had only drawn the bottle on the tray, with a handwritten note mentioning: \\\"plus two fine champagne glasses.\\\" [in Cappiello 1875-1942: Caricatures, Posters, Paintings, and Decorative Projects, 1981]\",\"breadcrumb\":{\"@id\":\"https:\\\/\\\/cappiello.fr\\\/en\\\/produit\\\/cognac-fine-champagne\\\/#breadcrumb\"},\"inLanguage\":\"en-US\",\"potentialAction\":[{\"@type\":\"ReadAction\",\"target\":[\"https:\\\/\\\/cappiello.fr\\\/en\\\/produit\\\/cognac-fine-champagne\\\/\"]}]},{\"@type\":\"ImageObject\",\"inLanguage\":\"en-US\",\"@id\":\"https:\\\/\\\/cappiello.fr\\\/en\\\/produit\\\/cognac-fine-champagne\\\/#primaryimage\",\"url\":\"https:\\\/\\\/cappiello.fr\\\/wp-content\\\/uploads\\\/2024\\\/10\\\/Lithographie-affiche-publicitaire-cognac-fine-champagne-cappiello-1905.jpg\",\"contentUrl\":\"https:\\\/\\\/cappiello.fr\\\/wp-content\\\/uploads\\\/2024\\\/10\\\/Lithographie-affiche-publicitaire-cognac-fine-champagne-cappiello-1905.jpg\",\"width\":567,\"height\":800,\"caption\":\"Cognac marketed by the house Alexandre Ducros Fils\"},{\"@type\":\"BreadcrumbList\",\"@id\":\"https:\\\/\\\/cappiello.fr\\\/en\\\/produit\\\/cognac-fine-champagne\\\/#breadcrumb\",\"itemListElement\":[{\"@type\":\"ListItem\",\"position\":1,\"name\":\"Accueil\",\"item\":\"https:\\\/\\\/cappiello.fr\\\/en\\\/\"},{\"@type\":\"ListItem\",\"position\":2,\"name\":\"The works\",\"item\":\"https:\\\/\\\/cappiello.fr\\\/en\\\/the-works\\\/\"},{\"@type\":\"ListItem\",\"position\":3,\"name\":\"Cognac Fine Champagne\"}]},{\"@type\":\"WebSite\",\"@id\":\"https:\\\/\\\/cappiello.fr\\\/en\\\/#website\",\"url\":\"https:\\\/\\\/cappiello.fr\\\/en\\\/\",\"name\":\"Catalogue raisonn\u00e9 de Leonetto Cappiello\",\"description\":\"Plongez dans l&#039;univers de Leonetto Cappiello, le p\u00e8re de la publicit\u00e9 moderne\",\"potentialAction\":[{\"@type\":\"SearchAction\",\"target\":{\"@type\":\"EntryPoint\",\"urlTemplate\":\"https:\\\/\\\/cappiello.fr\\\/en\\\/?s={search_term_string}\"},\"query-input\":{\"@type\":\"PropertyValueSpecification\",\"valueRequired\":true,\"valueName\":\"search_term_string\"}}],\"inLanguage\":\"en-US\"}]}<\/script>\n<meta property=\"product:price:currency\" content=\"EUR\" \/>\n<meta property=\"og:availability\" content=\"instock\" \/>\n<meta property=\"product:availability\" content=\"instock\" \/>\n<meta property=\"product:retailer_item_id\" content=\"1905017Z0\" \/>\n<meta property=\"product:condition\" content=\"new\" \/>\n<!-- \/ Yoast SEO Premium plugin. -->","yoast_head_json":{"title":"Cognac Fine Champagne - Catalogue Raisonn\u00e9 de Leonetto Cappiello","description":"A maid cheerfully brings a bottle of cognac with two glasses on a tray. In this poster, Cappiello did not use the usual colors from his palette. The monochrome of black, gray, and white is only accentuated by the orange splash of the hair. The fluid movement of the maid, hinting at a dance step, is echoed in the lettering, as Cappiello strives to integrate the lettering into the overall movement of the composition. On the maquette, Cappiello had only drawn the bottle on the tray, with a handwritten note mentioning: \"plus two fine champagne glasses.\" [in Cappiello 1875-1942: Caricatures, Posters, Paintings, and Decorative Projects, 1981]","robots":{"index":"index","follow":"follow","max-snippet":"max-snippet:-1","max-image-preview":"max-image-preview:large","max-video-preview":"max-video-preview:-1"},"canonical":"https:\/\/cappiello.fr\/en\/produit\/cognac-fine-champagne\/","og_locale":"en_US","og_type":"article","og_title":"Cognac Fine Champagne","og_description":"A maid cheerfully brings a bottle of cognac with two glasses on a tray. In this poster, Cappiello did not use the usual colors from his palette. The monochrome of black, gray, and white is only accentuated by the orange splash of the hair. The fluid movement of the maid, hinting at a dance step, is echoed in the lettering, as Cappiello strives to integrate the lettering into the overall movement of the composition. On the maquette, Cappiello had only drawn the bottle on the tray, with a handwritten note mentioning: \"plus two fine champagne glasses.\" [in Cappiello 1875-1942: Caricatures, Posters, Paintings, and Decorative Projects, 1981]","og_url":"https:\/\/cappiello.fr\/en\/produit\/cognac-fine-champagne\/","og_site_name":"Catalogue raisonn\u00e9 de Leonetto Cappiello","article_modified_time":"2025-05-16T20:16:26+00:00","og_image":[{"width":567,"height":800,"url":"https:\/\/cappiello.fr\/wp-content\/uploads\/2024\/10\/Lithographie-affiche-publicitaire-cognac-fine-champagne-cappiello-1905.jpg","type":"image\/jpeg"}],"twitter_card":"summary_large_image","twitter_title":"Cognac Fine Champagne","twitter_description":"A maid cheerfully brings a bottle of cognac with two glasses on a tray. In this poster, Cappiello did not use the usual colors from his palette. The monochrome of black, gray, and white is only accentuated by the orange splash of the hair. The fluid movement of the maid, hinting at a dance step, is echoed in the lettering, as Cappiello strives to integrate the lettering into the overall movement of the composition. On the maquette, Cappiello had only drawn the bottle on the tray, with a handwritten note mentioning: \"plus two fine champagne glasses.\" [in Cappiello 1875-1942: Caricatures, Posters, Paintings, and Decorative Projects, 1981]","twitter_misc":{"Price":"","Availability":"In stock"},"schema":{"@context":"https:\/\/schema.org","@graph":[{"@type":["WebPage","ItemPage"],"@id":"https:\/\/cappiello.fr\/en\/produit\/cognac-fine-champagne\/","url":"https:\/\/cappiello.fr\/en\/produit\/cognac-fine-champagne\/","name":"Cognac Fine Champagne - Catalogue Raisonn\u00e9 de Leonetto Cappiello","isPartOf":{"@id":"https:\/\/cappiello.fr\/en\/#website"},"primaryImageOfPage":{"@id":"https:\/\/cappiello.fr\/en\/produit\/cognac-fine-champagne\/#primaryimage"},"image":{"@id":"https:\/\/cappiello.fr\/en\/produit\/cognac-fine-champagne\/#primaryimage"},"thumbnailUrl":"https:\/\/cappiello.fr\/wp-content\/uploads\/2024\/10\/Lithographie-affiche-publicitaire-cognac-fine-champagne-cappiello-1905.jpg","datePublished":"1904-12-31T23:50:39+00:00","dateModified":"2025-05-16T20:16:26+00:00","description":"A maid cheerfully brings a bottle of cognac with two glasses on a tray. In this poster, Cappiello did not use the usual colors from his palette. The monochrome of black, gray, and white is only accentuated by the orange splash of the hair. The fluid movement of the maid, hinting at a dance step, is echoed in the lettering, as Cappiello strives to integrate the lettering into the overall movement of the composition. On the maquette, Cappiello had only drawn the bottle on the tray, with a handwritten note mentioning: \"plus two fine champagne glasses.\" [in Cappiello 1875-1942: Caricatures, Posters, Paintings, and Decorative Projects, 1981]","breadcrumb":{"@id":"https:\/\/cappiello.fr\/en\/produit\/cognac-fine-champagne\/#breadcrumb"},"inLanguage":"en-US","potentialAction":[{"@type":"ReadAction","target":["https:\/\/cappiello.fr\/en\/produit\/cognac-fine-champagne\/"]}]},{"@type":"ImageObject","inLanguage":"en-US","@id":"https:\/\/cappiello.fr\/en\/produit\/cognac-fine-champagne\/#primaryimage","url":"https:\/\/cappiello.fr\/wp-content\/uploads\/2024\/10\/Lithographie-affiche-publicitaire-cognac-fine-champagne-cappiello-1905.jpg","contentUrl":"https:\/\/cappiello.fr\/wp-content\/uploads\/2024\/10\/Lithographie-affiche-publicitaire-cognac-fine-champagne-cappiello-1905.jpg","width":567,"height":800,"caption":"Cognac marketed by the house Alexandre Ducros Fils"},{"@type":"BreadcrumbList","@id":"https:\/\/cappiello.fr\/en\/produit\/cognac-fine-champagne\/#breadcrumb","itemListElement":[{"@type":"ListItem","position":1,"name":"Accueil","item":"https:\/\/cappiello.fr\/en\/"},{"@type":"ListItem","position":2,"name":"The works","item":"https:\/\/cappiello.fr\/en\/the-works\/"},{"@type":"ListItem","position":3,"name":"Cognac Fine Champagne"}]},{"@type":"WebSite","@id":"https:\/\/cappiello.fr\/en\/#website","url":"https:\/\/cappiello.fr\/en\/","name":"Catalogue raisonn\u00e9 de Leonetto Cappiello","description":"Plongez dans l&#039;univers de Leonetto Cappiello, le p\u00e8re de la publicit\u00e9 moderne","potentialAction":[{"@type":"SearchAction","target":{"@type":"EntryPoint","urlTemplate":"https:\/\/cappiello.fr\/en\/?s={search_term_string}"},"query-input":{"@type":"PropertyValueSpecification","valueRequired":true,"valueName":"search_term_string"}}],"inLanguage":"en-US"}]},"product_price_currency":"EUR","og_availability":"instock","product_availability":"instock","product_retailer_item_id":"1905017Z0","product_condition":"new"},"_links":{"self":[{"href":"https:\/\/cappiello.fr\/en\/wp-json\/wp\/v2\/product\/132644","targetHints":{"allow":["GET"]}}],"collection":[{"href":"https:\/\/cappiello.fr\/en\/wp-json\/wp\/v2\/product"}],"about":[{"href":"https:\/\/cappiello.fr\/en\/wp-json\/wp\/v2\/types\/product"}],"wp:featuredmedia":[{"embeddable":true,"href":"https:\/\/cappiello.fr\/en\/wp-json\/wp\/v2\/media\/133499"}],"wp:attachment":[{"href":"https:\/\/cappiello.fr\/en\/wp-json\/wp\/v2\/media?parent=132644"}],"wp:term":[{"taxonomy":"type-doeuvre","embeddable":true,"href":"https:\/\/cappiello.fr\/en\/wp-json\/wp\/v2\/type-doeuvre?post=132644"},{"taxonomy":"product_brand","embeddable":true,"href":"https:\/\/cappiello.fr\/en\/wp-json\/wp\/v2\/product_brand?post=132644"},{"taxonomy":"product_cat","embeddable":true,"href":"https:\/\/cappiello.fr\/en\/wp-json\/wp\/v2\/product_cat?post=132644"},{"taxonomy":"product_tag","embeddable":true,"href":"https:\/\/cappiello.fr\/en\/wp-json\/wp\/v2\/product_tag?post=132644"}],"curies":[{"name":"wp","href":"https:\/\/api.w.org\/{rel}","templated":true}]}}