{"id":132673,"date":"1910-01-01T00:00:00","date_gmt":"1909-12-31T23:50:39","guid":{"rendered":"https:\/\/cappiello.fr\/produit\/pilules-pink-3\/"},"modified":"2025-05-14T23:53:51","modified_gmt":"2025-05-14T21:53:51","slug":"pilules-pink-3","status":"publish","type":"product","link":"https:\/\/cappiello.fr\/en\/produit\/pilules-pink-3\/","title":{"rendered":"Pilules Pink"},"content":{"rendered":"<p>In a flower-filled garden, three Graces lift an enormous tube of pills.<\/p>\n<p>This poster evokes a reminiscence of Botticelli&#8217;s &#8220;Spring.&#8221; Cappiello&#8217;s three Graces do not hold hands, as in traditional depictions\u2014one giving, another receiving, the third returning the favor\u2014but instead generously offer the miracle remedy that will bring color to the cheeks of languid beauties. Yet the symbol of Zeus&#8217;s daughters overseeing the renewal of vegetation is present in the treatment of the setting. Cappiello is not a painter of nature; this poster, along with &#8220;Porto-Fino,&#8221; is the only one to depict a natural setting. The freshness of the greens in the decor, the roses, the softness of the blue\u2014these are not the usual colors in Cappiello&#8217;s palette, but here he creates a harmony of colors and forms that masterfully illustrates the youth and vibrant energy of spring, which Pink pills provide. The alliteration in P transforms the product information into a true advertising slogan. [in Cappiello. Caricatures, Posters, Paintings. Grand Palais. 1981].<\/p>\n","protected":false},"excerpt":{"rendered":"<p>Medicinal specialty based on iron intended to combat anemia and fatigue.<\/p>\n","protected":false},"featured_media":132674,"template":"","meta":{"_acf_changed":false},"type-doeuvre":[4057],"product_brand":[],"product_cat":[3288],"product_tag":[3355,3446,3543,3383],"class_list":{"0":"post-132673","1":"product","2":"type-product","3":"status-publish","4":"has-post-thumbnail","6":"type-doeuvre-affiches","7":"product_cat-pharmaceutical-products","8":"product_tag-table-en-2","9":"product_tag-pre-en-2","10":"product_tag-petal-en","11":"product_tag-face-en-4","12":"pa_periode-1900-1918-en","13":"pa_type-de-contenu-lithography","15":"first","16":"instock","17":"virtual","18":"product-type-simple"},"acf":[],"yoast_head":"<!-- This site is optimized with the Yoast SEO Premium plugin v27.0 (Yoast SEO v27.4) - https:\/\/yoast.com\/product\/yoast-seo-premium-wordpress\/ -->\n<title>Pilules Pink - Catalogue Raisonn\u00e9 de Leonetto Cappiello<\/title>\n<meta name=\"description\" content=\"In a flower-filled garden, three Graces lift a huge tube of pills. This poster evokes a reminiscence of Botticelli&#039;s &quot;Spring.&quot; Cappiello&#039;s three Graces do not hold hands as in traditional depictions\u2014one giving, another receiving, the third returning the favor\u2014but instead generously offer the miracle remedy that will bloom the cheeks of languid beauties. Yet the symbol of Zeus&#039;s daughters overseeing the renewal of vegetation is present in the treatment of the decor. Cappiello is not a painter of nature; this poster, along with &quot;Porto-Fino,&quot; is the only one to depict a natural setting. The freshness of the greens in the decor, the roses, and the softness of the blue are not the usual colors in Cappiello&#039;s palette, but here he creates a harmony of colors and forms that masterfully illustrates the youth and vibrant energy of spring\u2014and what Pink pills provide. The alliteration in P transforms the product information into a true advertising slogan. [in Cappiello. Caricatures Posters Paintings. Grand Palais. 1981].\" \/>\n<meta name=\"robots\" content=\"index, follow, max-snippet:-1, max-image-preview:large, max-video-preview:-1\" \/>\n<link rel=\"canonical\" href=\"https:\/\/cappiello.fr\/en\/produit\/pilules-pink-3\/\" \/>\n<meta property=\"og:locale\" content=\"en_US\" \/>\n<meta property=\"og:type\" content=\"article\" \/>\n<meta property=\"og:title\" content=\"Pilules Pink\" \/>\n<meta property=\"og:description\" content=\"In a flower-filled garden, three Graces lift a huge tube of pills. This poster evokes a reminiscence of Botticelli&#039;s &quot;Spring.&quot; Cappiello&#039;s three Graces do not hold hands as in traditional depictions\u2014one giving, another receiving, the third returning the favor\u2014but instead generously offer the miracle remedy that will bloom the cheeks of languid beauties. Yet the symbol of Zeus&#039;s daughters overseeing the renewal of vegetation is present in the treatment of the decor. Cappiello is not a painter of nature; this poster, along with &quot;Porto-Fino,&quot; is the only one to depict a natural setting. The freshness of the greens in the decor, the roses, and the softness of the blue are not the usual colors in Cappiello&#039;s palette, but here he creates a harmony of colors and forms that masterfully illustrates the youth and vibrant energy of spring\u2014and what Pink pills provide. The alliteration in P transforms the product information into a true advertising slogan. [in Cappiello. Caricatures Posters Paintings. Grand Palais. 1981].\" \/>\n<meta property=\"og:url\" content=\"https:\/\/cappiello.fr\/en\/produit\/pilules-pink-3\/\" \/>\n<meta property=\"og:site_name\" content=\"Catalogue raisonn\u00e9 de Leonetto Cappiello\" \/>\n<meta property=\"article:modified_time\" content=\"2025-05-14T21:53:51+00:00\" \/>\n<meta property=\"og:image\" content=\"https:\/\/cappiello.fr\/wp-content\/uploads\/2024\/10\/Lithographie-affiche-publicitaire-pilules-pink-3-cappiello-1910.jpg\" \/>\n\t<meta property=\"og:image:width\" content=\"517\" \/>\n\t<meta property=\"og:image:height\" content=\"800\" \/>\n\t<meta property=\"og:image:type\" content=\"image\/jpeg\" \/>\n<meta name=\"twitter:card\" content=\"summary_large_image\" \/>\n<meta name=\"twitter:title\" content=\"Pilules Pink\" \/>\n<meta name=\"twitter:description\" content=\"In a flower-filled garden, three Graces lift a huge tube of pills. This poster evokes a reminiscence of Botticelli&#039;s &quot;Spring.&quot; Cappiello&#039;s three Graces do not hold hands as in traditional depictions\u2014one giving, another receiving, the third returning the favor\u2014but instead generously offer the miracle remedy that will bloom the cheeks of languid beauties. Yet the symbol of Zeus&#039;s daughters overseeing the renewal of vegetation is present in the treatment of the decor. Cappiello is not a painter of nature; this poster, along with &quot;Porto-Fino,&quot; is the only one to depict a natural setting. The freshness of the greens in the decor, the roses, and the softness of the blue are not the usual colors in Cappiello&#039;s palette, but here he creates a harmony of colors and forms that masterfully illustrates the youth and vibrant energy of spring\u2014and what Pink pills provide. The alliteration in P transforms the product information into a true advertising slogan. [in Cappiello. Caricatures Posters Paintings. Grand Palais. 1981].\" \/>\n<meta name=\"twitter:label1\" content=\"Price\" \/>\n\t<meta name=\"twitter:data1\" content=\"\" \/>\n\t<meta name=\"twitter:label2\" content=\"Availability\" \/>\n\t<meta name=\"twitter:data2\" content=\"In stock\" \/>\n<script type=\"application\/ld+json\" class=\"yoast-schema-graph\">{\"@context\":\"https:\\\/\\\/schema.org\",\"@graph\":[{\"@type\":[\"WebPage\",\"ItemPage\"],\"@id\":\"https:\\\/\\\/cappiello.fr\\\/en\\\/produit\\\/pilules-pink-3\\\/\",\"url\":\"https:\\\/\\\/cappiello.fr\\\/en\\\/produit\\\/pilules-pink-3\\\/\",\"name\":\"Pilules Pink - Catalogue Raisonn\u00e9 de Leonetto Cappiello\",\"isPartOf\":{\"@id\":\"https:\\\/\\\/cappiello.fr\\\/en\\\/#website\"},\"primaryImageOfPage\":{\"@id\":\"https:\\\/\\\/cappiello.fr\\\/en\\\/produit\\\/pilules-pink-3\\\/#primaryimage\"},\"image\":{\"@id\":\"https:\\\/\\\/cappiello.fr\\\/en\\\/produit\\\/pilules-pink-3\\\/#primaryimage\"},\"thumbnailUrl\":\"https:\\\/\\\/cappiello.fr\\\/wp-content\\\/uploads\\\/2024\\\/10\\\/Lithographie-affiche-publicitaire-pilules-pink-3-cappiello-1910.jpg\",\"datePublished\":\"1909-12-31T23:50:39+00:00\",\"dateModified\":\"2025-05-14T21:53:51+00:00\",\"description\":\"In a flower-filled garden, three Graces lift a huge tube of pills. This poster evokes a reminiscence of Botticelli's \\\"Spring.\\\" Cappiello's three Graces do not hold hands as in traditional depictions\u2014one giving, another receiving, the third returning the favor\u2014but instead generously offer the miracle remedy that will bloom the cheeks of languid beauties. Yet the symbol of Zeus's daughters overseeing the renewal of vegetation is present in the treatment of the decor. Cappiello is not a painter of nature; this poster, along with \\\"Porto-Fino,\\\" is the only one to depict a natural setting. The freshness of the greens in the decor, the roses, and the softness of the blue are not the usual colors in Cappiello's palette, but here he creates a harmony of colors and forms that masterfully illustrates the youth and vibrant energy of spring\u2014and what Pink pills provide. The alliteration in P transforms the product information into a true advertising slogan. [in Cappiello. Caricatures Posters Paintings. Grand Palais. 1981].\",\"breadcrumb\":{\"@id\":\"https:\\\/\\\/cappiello.fr\\\/en\\\/produit\\\/pilules-pink-3\\\/#breadcrumb\"},\"inLanguage\":\"en-US\",\"potentialAction\":[{\"@type\":\"ReadAction\",\"target\":[\"https:\\\/\\\/cappiello.fr\\\/en\\\/produit\\\/pilules-pink-3\\\/\"]}]},{\"@type\":\"ImageObject\",\"inLanguage\":\"en-US\",\"@id\":\"https:\\\/\\\/cappiello.fr\\\/en\\\/produit\\\/pilules-pink-3\\\/#primaryimage\",\"url\":\"https:\\\/\\\/cappiello.fr\\\/wp-content\\\/uploads\\\/2024\\\/10\\\/Lithographie-affiche-publicitaire-pilules-pink-3-cappiello-1910.jpg\",\"contentUrl\":\"https:\\\/\\\/cappiello.fr\\\/wp-content\\\/uploads\\\/2024\\\/10\\\/Lithographie-affiche-publicitaire-pilules-pink-3-cappiello-1910.jpg\",\"width\":517,\"height\":800,\"caption\":\"Pills to fight anemia and fatigue.\"},{\"@type\":\"BreadcrumbList\",\"@id\":\"https:\\\/\\\/cappiello.fr\\\/en\\\/produit\\\/pilules-pink-3\\\/#breadcrumb\",\"itemListElement\":[{\"@type\":\"ListItem\",\"position\":1,\"name\":\"Accueil\",\"item\":\"https:\\\/\\\/cappiello.fr\\\/en\\\/\"},{\"@type\":\"ListItem\",\"position\":2,\"name\":\"The works\",\"item\":\"https:\\\/\\\/cappiello.fr\\\/en\\\/the-works\\\/\"},{\"@type\":\"ListItem\",\"position\":3,\"name\":\"Pilules Pink\"}]},{\"@type\":\"WebSite\",\"@id\":\"https:\\\/\\\/cappiello.fr\\\/en\\\/#website\",\"url\":\"https:\\\/\\\/cappiello.fr\\\/en\\\/\",\"name\":\"Catalogue raisonn\u00e9 de Leonetto Cappiello\",\"description\":\"Plongez dans l&#039;univers de Leonetto Cappiello, le p\u00e8re de la publicit\u00e9 moderne\",\"potentialAction\":[{\"@type\":\"SearchAction\",\"target\":{\"@type\":\"EntryPoint\",\"urlTemplate\":\"https:\\\/\\\/cappiello.fr\\\/en\\\/?s={search_term_string}\"},\"query-input\":{\"@type\":\"PropertyValueSpecification\",\"valueRequired\":true,\"valueName\":\"search_term_string\"}}],\"inLanguage\":\"en-US\"}]}<\/script>\n<meta property=\"product:price:currency\" content=\"EUR\" \/>\n<meta property=\"og:availability\" content=\"instock\" \/>\n<meta property=\"product:availability\" content=\"instock\" \/>\n<meta property=\"product:retailer_item_id\" content=\"1910002Z0\" \/>\n<meta property=\"product:condition\" content=\"new\" \/>\n<!-- \/ Yoast SEO Premium plugin. -->","yoast_head_json":{"title":"Pilules Pink - Catalogue Raisonn\u00e9 de Leonetto Cappiello","description":"In a flower-filled garden, three Graces lift a huge tube of pills. This poster evokes a reminiscence of Botticelli's \"Spring.\" Cappiello's three Graces do not hold hands as in traditional depictions\u2014one giving, another receiving, the third returning the favor\u2014but instead generously offer the miracle remedy that will bloom the cheeks of languid beauties. Yet the symbol of Zeus's daughters overseeing the renewal of vegetation is present in the treatment of the decor. Cappiello is not a painter of nature; this poster, along with \"Porto-Fino,\" is the only one to depict a natural setting. The freshness of the greens in the decor, the roses, and the softness of the blue are not the usual colors in Cappiello's palette, but here he creates a harmony of colors and forms that masterfully illustrates the youth and vibrant energy of spring\u2014and what Pink pills provide. The alliteration in P transforms the product information into a true advertising slogan. [in Cappiello. Caricatures Posters Paintings. Grand Palais. 1981].","robots":{"index":"index","follow":"follow","max-snippet":"max-snippet:-1","max-image-preview":"max-image-preview:large","max-video-preview":"max-video-preview:-1"},"canonical":"https:\/\/cappiello.fr\/en\/produit\/pilules-pink-3\/","og_locale":"en_US","og_type":"article","og_title":"Pilules Pink","og_description":"In a flower-filled garden, three Graces lift a huge tube of pills. This poster evokes a reminiscence of Botticelli's \"Spring.\" Cappiello's three Graces do not hold hands as in traditional depictions\u2014one giving, another receiving, the third returning the favor\u2014but instead generously offer the miracle remedy that will bloom the cheeks of languid beauties. Yet the symbol of Zeus's daughters overseeing the renewal of vegetation is present in the treatment of the decor. Cappiello is not a painter of nature; this poster, along with \"Porto-Fino,\" is the only one to depict a natural setting. The freshness of the greens in the decor, the roses, and the softness of the blue are not the usual colors in Cappiello's palette, but here he creates a harmony of colors and forms that masterfully illustrates the youth and vibrant energy of spring\u2014and what Pink pills provide. The alliteration in P transforms the product information into a true advertising slogan. [in Cappiello. Caricatures Posters Paintings. Grand Palais. 1981].","og_url":"https:\/\/cappiello.fr\/en\/produit\/pilules-pink-3\/","og_site_name":"Catalogue raisonn\u00e9 de Leonetto Cappiello","article_modified_time":"2025-05-14T21:53:51+00:00","og_image":[{"width":517,"height":800,"url":"https:\/\/cappiello.fr\/wp-content\/uploads\/2024\/10\/Lithographie-affiche-publicitaire-pilules-pink-3-cappiello-1910.jpg","type":"image\/jpeg"}],"twitter_card":"summary_large_image","twitter_title":"Pilules Pink","twitter_description":"In a flower-filled garden, three Graces lift a huge tube of pills. This poster evokes a reminiscence of Botticelli's \"Spring.\" Cappiello's three Graces do not hold hands as in traditional depictions\u2014one giving, another receiving, the third returning the favor\u2014but instead generously offer the miracle remedy that will bloom the cheeks of languid beauties. Yet the symbol of Zeus's daughters overseeing the renewal of vegetation is present in the treatment of the decor. Cappiello is not a painter of nature; this poster, along with \"Porto-Fino,\" is the only one to depict a natural setting. The freshness of the greens in the decor, the roses, and the softness of the blue are not the usual colors in Cappiello's palette, but here he creates a harmony of colors and forms that masterfully illustrates the youth and vibrant energy of spring\u2014and what Pink pills provide. The alliteration in P transforms the product information into a true advertising slogan. [in Cappiello. Caricatures Posters Paintings. Grand Palais. 1981].","twitter_misc":{"Price":"","Availability":"In stock"},"schema":{"@context":"https:\/\/schema.org","@graph":[{"@type":["WebPage","ItemPage"],"@id":"https:\/\/cappiello.fr\/en\/produit\/pilules-pink-3\/","url":"https:\/\/cappiello.fr\/en\/produit\/pilules-pink-3\/","name":"Pilules Pink - Catalogue Raisonn\u00e9 de Leonetto Cappiello","isPartOf":{"@id":"https:\/\/cappiello.fr\/en\/#website"},"primaryImageOfPage":{"@id":"https:\/\/cappiello.fr\/en\/produit\/pilules-pink-3\/#primaryimage"},"image":{"@id":"https:\/\/cappiello.fr\/en\/produit\/pilules-pink-3\/#primaryimage"},"thumbnailUrl":"https:\/\/cappiello.fr\/wp-content\/uploads\/2024\/10\/Lithographie-affiche-publicitaire-pilules-pink-3-cappiello-1910.jpg","datePublished":"1909-12-31T23:50:39+00:00","dateModified":"2025-05-14T21:53:51+00:00","description":"In a flower-filled garden, three Graces lift a huge tube of pills. This poster evokes a reminiscence of Botticelli's \"Spring.\" Cappiello's three Graces do not hold hands as in traditional depictions\u2014one giving, another receiving, the third returning the favor\u2014but instead generously offer the miracle remedy that will bloom the cheeks of languid beauties. Yet the symbol of Zeus's daughters overseeing the renewal of vegetation is present in the treatment of the decor. Cappiello is not a painter of nature; this poster, along with \"Porto-Fino,\" is the only one to depict a natural setting. The freshness of the greens in the decor, the roses, and the softness of the blue are not the usual colors in Cappiello's palette, but here he creates a harmony of colors and forms that masterfully illustrates the youth and vibrant energy of spring\u2014and what Pink pills provide. The alliteration in P transforms the product information into a true advertising slogan. [in Cappiello. Caricatures Posters Paintings. Grand Palais. 1981].","breadcrumb":{"@id":"https:\/\/cappiello.fr\/en\/produit\/pilules-pink-3\/#breadcrumb"},"inLanguage":"en-US","potentialAction":[{"@type":"ReadAction","target":["https:\/\/cappiello.fr\/en\/produit\/pilules-pink-3\/"]}]},{"@type":"ImageObject","inLanguage":"en-US","@id":"https:\/\/cappiello.fr\/en\/produit\/pilules-pink-3\/#primaryimage","url":"https:\/\/cappiello.fr\/wp-content\/uploads\/2024\/10\/Lithographie-affiche-publicitaire-pilules-pink-3-cappiello-1910.jpg","contentUrl":"https:\/\/cappiello.fr\/wp-content\/uploads\/2024\/10\/Lithographie-affiche-publicitaire-pilules-pink-3-cappiello-1910.jpg","width":517,"height":800,"caption":"Pills to fight anemia and fatigue."},{"@type":"BreadcrumbList","@id":"https:\/\/cappiello.fr\/en\/produit\/pilules-pink-3\/#breadcrumb","itemListElement":[{"@type":"ListItem","position":1,"name":"Accueil","item":"https:\/\/cappiello.fr\/en\/"},{"@type":"ListItem","position":2,"name":"The works","item":"https:\/\/cappiello.fr\/en\/the-works\/"},{"@type":"ListItem","position":3,"name":"Pilules Pink"}]},{"@type":"WebSite","@id":"https:\/\/cappiello.fr\/en\/#website","url":"https:\/\/cappiello.fr\/en\/","name":"Catalogue raisonn\u00e9 de Leonetto Cappiello","description":"Plongez dans l&#039;univers de Leonetto Cappiello, le p\u00e8re de la publicit\u00e9 moderne","potentialAction":[{"@type":"SearchAction","target":{"@type":"EntryPoint","urlTemplate":"https:\/\/cappiello.fr\/en\/?s={search_term_string}"},"query-input":{"@type":"PropertyValueSpecification","valueRequired":true,"valueName":"search_term_string"}}],"inLanguage":"en-US"}]},"product_price_currency":"EUR","og_availability":"instock","product_availability":"instock","product_retailer_item_id":"1910002Z0","product_condition":"new"},"_links":{"self":[{"href":"https:\/\/cappiello.fr\/en\/wp-json\/wp\/v2\/product\/132673","targetHints":{"allow":["GET"]}}],"collection":[{"href":"https:\/\/cappiello.fr\/en\/wp-json\/wp\/v2\/product"}],"about":[{"href":"https:\/\/cappiello.fr\/en\/wp-json\/wp\/v2\/types\/product"}],"wp:featuredmedia":[{"embeddable":true,"href":"https:\/\/cappiello.fr\/en\/wp-json\/wp\/v2\/media\/132674"}],"wp:attachment":[{"href":"https:\/\/cappiello.fr\/en\/wp-json\/wp\/v2\/media?parent=132673"}],"wp:term":[{"taxonomy":"type-doeuvre","embeddable":true,"href":"https:\/\/cappiello.fr\/en\/wp-json\/wp\/v2\/type-doeuvre?post=132673"},{"taxonomy":"product_brand","embeddable":true,"href":"https:\/\/cappiello.fr\/en\/wp-json\/wp\/v2\/product_brand?post=132673"},{"taxonomy":"product_cat","embeddable":true,"href":"https:\/\/cappiello.fr\/en\/wp-json\/wp\/v2\/product_cat?post=132673"},{"taxonomy":"product_tag","embeddable":true,"href":"https:\/\/cappiello.fr\/en\/wp-json\/wp\/v2\/product_tag?post=132673"}],"curies":[{"name":"wp","href":"https:\/\/api.w.org\/{rel}","templated":true}]}}