{"id":132700,"date":"1919-01-01T00:00:00","date_gmt":"1919-01-01T00:00:00","guid":{"rendered":"https:\/\/cappiello.fr\/produit\/spido\/"},"modified":"2025-05-15T07:21:48","modified_gmt":"2025-05-15T05:21:48","slug":"spido","status":"publish","type":"product","link":"https:\/\/cappiello.fr\/en\/produit\/spido\/","title":{"rendered":"Spidoleine"},"content":{"rendered":"<p>The queen of oils, dressed in a very geometric cape, pushes away the mechanical parts with her hands. A drop of oil flows from her feet.<br \/>\n<br \/>The black and white photo shows the sketch with the letters.<br \/>\n<br \/>An adaptation of this painted photo was used to sell the poster for a pen in 1922.<\/p>\n","protected":false},"excerpt":{"rendered":"<p>The company &#8220;A. Andr\u00e9 et Fils&#8221;, better known as &#8220;Huiles Spidol\u00e9\u00efne&#8221;, sells automobile oils.<\/p>\n","protected":false},"featured_media":134660,"template":"","meta":{"_acf_changed":false},"type-doeuvre":[4057],"product_brand":[],"product_cat":[3268],"product_tag":[3298,3468],"class_list":{"0":"post-132700","1":"product","2":"type-product","3":"status-publish","4":"has-post-thumbnail","6":"type-doeuvre-affiches","7":"product_cat-automobiles","8":"product_tag-show","9":"product_tag-rose-en-6","10":"pa_periode-1919-1929-en","11":"pa_type-de-contenu-painted-photo","13":"first","14":"instock","15":"virtual","16":"product-type-simple"},"acf":[],"yoast_head":"<!-- This site is optimized with the Yoast SEO Premium plugin v27.0 (Yoast SEO v27.4) - https:\/\/yoast.com\/product\/yoast-seo-premium-wordpress\/ -->\n<title>Spidoleine - Catalogue Raisonn\u00e9 de Leonetto Cappiello<\/title>\n<meta name=\"description\" content=\"The queen of oils, dressed in a very geometric cape, pushes away the mechanical parts with her hands. A drop of oil flows from her feet. The black and white photo shows the sketch with the letters. An adaptation of this painted photo allowed the poster to be sold for a pen in 1922.\" \/>\n<meta name=\"robots\" content=\"index, follow, max-snippet:-1, max-image-preview:large, max-video-preview:-1\" \/>\n<link rel=\"canonical\" href=\"https:\/\/cappiello.fr\/en\/produit\/spido\/\" \/>\n<meta property=\"og:locale\" content=\"en_US\" \/>\n<meta property=\"og:type\" content=\"article\" \/>\n<meta property=\"og:title\" content=\"Spidoleine\" \/>\n<meta property=\"og:description\" content=\"The queen of oils, dressed in a very geometric cape, pushes away the mechanical parts with her hands. A drop of oil flows from her feet. The black and white photo shows the sketch with the letters. An adaptation of this painted photo allowed the poster to be sold for a pen in 1922.\" \/>\n<meta property=\"og:url\" content=\"https:\/\/cappiello.fr\/en\/produit\/spido\/\" \/>\n<meta property=\"og:site_name\" content=\"Catalogue raisonn\u00e9 de Leonetto Cappiello\" \/>\n<meta property=\"article:modified_time\" content=\"2025-05-15T05:21:48+00:00\" \/>\n<meta property=\"og:image\" content=\"https:\/\/cappiello.fr\/wp-content\/uploads\/2024\/10\/Photo-peinte-affiche-publicitaire-spidoleine-cappiello-1919.jpg\" \/>\n\t<meta property=\"og:image:width\" content=\"534\" \/>\n\t<meta property=\"og:image:height\" content=\"800\" \/>\n\t<meta property=\"og:image:type\" content=\"image\/jpeg\" \/>\n<meta name=\"twitter:card\" content=\"summary_large_image\" \/>\n<meta name=\"twitter:title\" content=\"Spidoleine\" \/>\n<meta name=\"twitter:description\" content=\"The queen of oils, dressed in a very geometric cape, pushes away the mechanical parts with her hands. A drop of oil flows from her feet. The black and white photo shows the sketch with the letters. An adaptation of this painted photo allowed the poster to be sold for a pen in 1922.\" \/>\n<meta name=\"twitter:label1\" content=\"Price\" \/>\n\t<meta name=\"twitter:data1\" content=\"\" \/>\n\t<meta name=\"twitter:label2\" content=\"Availability\" \/>\n\t<meta name=\"twitter:data2\" content=\"In stock\" \/>\n<script type=\"application\/ld+json\" class=\"yoast-schema-graph\">{\"@context\":\"https:\\\/\\\/schema.org\",\"@graph\":[{\"@type\":[\"WebPage\",\"ItemPage\"],\"@id\":\"https:\\\/\\\/cappiello.fr\\\/en\\\/produit\\\/spido\\\/\",\"url\":\"https:\\\/\\\/cappiello.fr\\\/en\\\/produit\\\/spido\\\/\",\"name\":\"Spidoleine - Catalogue Raisonn\u00e9 de Leonetto Cappiello\",\"isPartOf\":{\"@id\":\"https:\\\/\\\/cappiello.fr\\\/en\\\/#website\"},\"primaryImageOfPage\":{\"@id\":\"https:\\\/\\\/cappiello.fr\\\/en\\\/produit\\\/spido\\\/#primaryimage\"},\"image\":{\"@id\":\"https:\\\/\\\/cappiello.fr\\\/en\\\/produit\\\/spido\\\/#primaryimage\"},\"thumbnailUrl\":\"https:\\\/\\\/cappiello.fr\\\/wp-content\\\/uploads\\\/2024\\\/10\\\/Photo-peinte-affiche-publicitaire-spidoleine-cappiello-1919.jpg\",\"datePublished\":\"1919-01-01T00:00:00+00:00\",\"dateModified\":\"2025-05-15T05:21:48+00:00\",\"description\":\"The queen of oils, dressed in a very geometric cape, pushes away the mechanical parts with her hands. A drop of oil flows from her feet. The black and white photo shows the sketch with the letters. An adaptation of this painted photo allowed the poster to be sold for a pen in 1922.\",\"breadcrumb\":{\"@id\":\"https:\\\/\\\/cappiello.fr\\\/en\\\/produit\\\/spido\\\/#breadcrumb\"},\"inLanguage\":\"en-US\",\"potentialAction\":[{\"@type\":\"ReadAction\",\"target\":[\"https:\\\/\\\/cappiello.fr\\\/en\\\/produit\\\/spido\\\/\"]}]},{\"@type\":\"ImageObject\",\"inLanguage\":\"en-US\",\"@id\":\"https:\\\/\\\/cappiello.fr\\\/en\\\/produit\\\/spido\\\/#primaryimage\",\"url\":\"https:\\\/\\\/cappiello.fr\\\/wp-content\\\/uploads\\\/2024\\\/10\\\/Photo-peinte-affiche-publicitaire-spidoleine-cappiello-1919.jpg\",\"contentUrl\":\"https:\\\/\\\/cappiello.fr\\\/wp-content\\\/uploads\\\/2024\\\/10\\\/Photo-peinte-affiche-publicitaire-spidoleine-cappiello-1919.jpg\",\"width\":534,\"height\":800,\"caption\":\"La soci\u00e9t\u00e9 \u00ab A. Andr\u00e9 et Fils \u00bb plus connue sous les nom des \u00ab Huiles Spidol\u00e9\u00efne \u00bb commercialises des huiles pour l'automobile.\"},{\"@type\":\"BreadcrumbList\",\"@id\":\"https:\\\/\\\/cappiello.fr\\\/en\\\/produit\\\/spido\\\/#breadcrumb\",\"itemListElement\":[{\"@type\":\"ListItem\",\"position\":1,\"name\":\"Accueil\",\"item\":\"https:\\\/\\\/cappiello.fr\\\/en\\\/\"},{\"@type\":\"ListItem\",\"position\":2,\"name\":\"The works\",\"item\":\"https:\\\/\\\/cappiello.fr\\\/en\\\/the-works\\\/\"},{\"@type\":\"ListItem\",\"position\":3,\"name\":\"Spidoleine\"}]},{\"@type\":\"WebSite\",\"@id\":\"https:\\\/\\\/cappiello.fr\\\/en\\\/#website\",\"url\":\"https:\\\/\\\/cappiello.fr\\\/en\\\/\",\"name\":\"Catalogue raisonn\u00e9 de Leonetto Cappiello\",\"description\":\"Plongez dans l&#039;univers de Leonetto Cappiello, le p\u00e8re de la publicit\u00e9 moderne\",\"potentialAction\":[{\"@type\":\"SearchAction\",\"target\":{\"@type\":\"EntryPoint\",\"urlTemplate\":\"https:\\\/\\\/cappiello.fr\\\/en\\\/?s={search_term_string}\"},\"query-input\":{\"@type\":\"PropertyValueSpecification\",\"valueRequired\":true,\"valueName\":\"search_term_string\"}}],\"inLanguage\":\"en-US\"}]}<\/script>\n<meta property=\"product:price:currency\" content=\"EUR\" \/>\n<meta property=\"og:availability\" content=\"instock\" \/>\n<meta property=\"product:availability\" content=\"instock\" \/>\n<meta property=\"product:retailer_item_id\" content=\"1919039F0\" \/>\n<meta property=\"product:condition\" content=\"new\" \/>\n<!-- \/ Yoast SEO Premium plugin. -->","yoast_head_json":{"title":"Spidoleine - Catalogue Raisonn\u00e9 de Leonetto Cappiello","description":"The queen of oils, dressed in a very geometric cape, pushes away the mechanical parts with her hands. A drop of oil flows from her feet. The black and white photo shows the sketch with the letters. An adaptation of this painted photo allowed the poster to be sold for a pen in 1922.","robots":{"index":"index","follow":"follow","max-snippet":"max-snippet:-1","max-image-preview":"max-image-preview:large","max-video-preview":"max-video-preview:-1"},"canonical":"https:\/\/cappiello.fr\/en\/produit\/spido\/","og_locale":"en_US","og_type":"article","og_title":"Spidoleine","og_description":"The queen of oils, dressed in a very geometric cape, pushes away the mechanical parts with her hands. A drop of oil flows from her feet. The black and white photo shows the sketch with the letters. An adaptation of this painted photo allowed the poster to be sold for a pen in 1922.","og_url":"https:\/\/cappiello.fr\/en\/produit\/spido\/","og_site_name":"Catalogue raisonn\u00e9 de Leonetto Cappiello","article_modified_time":"2025-05-15T05:21:48+00:00","og_image":[{"width":534,"height":800,"url":"https:\/\/cappiello.fr\/wp-content\/uploads\/2024\/10\/Photo-peinte-affiche-publicitaire-spidoleine-cappiello-1919.jpg","type":"image\/jpeg"}],"twitter_card":"summary_large_image","twitter_title":"Spidoleine","twitter_description":"The queen of oils, dressed in a very geometric cape, pushes away the mechanical parts with her hands. A drop of oil flows from her feet. The black and white photo shows the sketch with the letters. An adaptation of this painted photo allowed the poster to be sold for a pen in 1922.","twitter_misc":{"Price":"","Availability":"In stock"},"schema":{"@context":"https:\/\/schema.org","@graph":[{"@type":["WebPage","ItemPage"],"@id":"https:\/\/cappiello.fr\/en\/produit\/spido\/","url":"https:\/\/cappiello.fr\/en\/produit\/spido\/","name":"Spidoleine - Catalogue Raisonn\u00e9 de Leonetto Cappiello","isPartOf":{"@id":"https:\/\/cappiello.fr\/en\/#website"},"primaryImageOfPage":{"@id":"https:\/\/cappiello.fr\/en\/produit\/spido\/#primaryimage"},"image":{"@id":"https:\/\/cappiello.fr\/en\/produit\/spido\/#primaryimage"},"thumbnailUrl":"https:\/\/cappiello.fr\/wp-content\/uploads\/2024\/10\/Photo-peinte-affiche-publicitaire-spidoleine-cappiello-1919.jpg","datePublished":"1919-01-01T00:00:00+00:00","dateModified":"2025-05-15T05:21:48+00:00","description":"The queen of oils, dressed in a very geometric cape, pushes away the mechanical parts with her hands. A drop of oil flows from her feet. The black and white photo shows the sketch with the letters. An adaptation of this painted photo allowed the poster to be sold for a pen in 1922.","breadcrumb":{"@id":"https:\/\/cappiello.fr\/en\/produit\/spido\/#breadcrumb"},"inLanguage":"en-US","potentialAction":[{"@type":"ReadAction","target":["https:\/\/cappiello.fr\/en\/produit\/spido\/"]}]},{"@type":"ImageObject","inLanguage":"en-US","@id":"https:\/\/cappiello.fr\/en\/produit\/spido\/#primaryimage","url":"https:\/\/cappiello.fr\/wp-content\/uploads\/2024\/10\/Photo-peinte-affiche-publicitaire-spidoleine-cappiello-1919.jpg","contentUrl":"https:\/\/cappiello.fr\/wp-content\/uploads\/2024\/10\/Photo-peinte-affiche-publicitaire-spidoleine-cappiello-1919.jpg","width":534,"height":800,"caption":"La soci\u00e9t\u00e9 \u00ab A. Andr\u00e9 et Fils \u00bb plus connue sous les nom des \u00ab Huiles Spidol\u00e9\u00efne \u00bb commercialises des huiles pour l'automobile."},{"@type":"BreadcrumbList","@id":"https:\/\/cappiello.fr\/en\/produit\/spido\/#breadcrumb","itemListElement":[{"@type":"ListItem","position":1,"name":"Accueil","item":"https:\/\/cappiello.fr\/en\/"},{"@type":"ListItem","position":2,"name":"The works","item":"https:\/\/cappiello.fr\/en\/the-works\/"},{"@type":"ListItem","position":3,"name":"Spidoleine"}]},{"@type":"WebSite","@id":"https:\/\/cappiello.fr\/en\/#website","url":"https:\/\/cappiello.fr\/en\/","name":"Catalogue raisonn\u00e9 de Leonetto Cappiello","description":"Plongez dans l&#039;univers de Leonetto Cappiello, le p\u00e8re de la publicit\u00e9 moderne","potentialAction":[{"@type":"SearchAction","target":{"@type":"EntryPoint","urlTemplate":"https:\/\/cappiello.fr\/en\/?s={search_term_string}"},"query-input":{"@type":"PropertyValueSpecification","valueRequired":true,"valueName":"search_term_string"}}],"inLanguage":"en-US"}]},"product_price_currency":"EUR","og_availability":"instock","product_availability":"instock","product_retailer_item_id":"1919039F0","product_condition":"new"},"_links":{"self":[{"href":"https:\/\/cappiello.fr\/en\/wp-json\/wp\/v2\/product\/132700","targetHints":{"allow":["GET"]}}],"collection":[{"href":"https:\/\/cappiello.fr\/en\/wp-json\/wp\/v2\/product"}],"about":[{"href":"https:\/\/cappiello.fr\/en\/wp-json\/wp\/v2\/types\/product"}],"wp:featuredmedia":[{"embeddable":true,"href":"https:\/\/cappiello.fr\/en\/wp-json\/wp\/v2\/media\/134660"}],"wp:attachment":[{"href":"https:\/\/cappiello.fr\/en\/wp-json\/wp\/v2\/media?parent=132700"}],"wp:term":[{"taxonomy":"type-doeuvre","embeddable":true,"href":"https:\/\/cappiello.fr\/en\/wp-json\/wp\/v2\/type-doeuvre?post=132700"},{"taxonomy":"product_brand","embeddable":true,"href":"https:\/\/cappiello.fr\/en\/wp-json\/wp\/v2\/product_brand?post=132700"},{"taxonomy":"product_cat","embeddable":true,"href":"https:\/\/cappiello.fr\/en\/wp-json\/wp\/v2\/product_cat?post=132700"},{"taxonomy":"product_tag","embeddable":true,"href":"https:\/\/cappiello.fr\/en\/wp-json\/wp\/v2\/product_tag?post=132700"}],"curies":[{"name":"wp","href":"https:\/\/api.w.org\/{rel}","templated":true}]}}