{"id":132704,"date":"1933-01-01T00:00:00","date_gmt":"1933-01-01T00:00:00","guid":{"rendered":"https:\/\/cappiello.fr\/produit\/chicoree-le-tigre\/"},"modified":"2025-05-15T07:26:12","modified_gmt":"2025-05-15T05:26:12","slug":"chicoree-le-tigre","status":"publish","type":"product","link":"https:\/\/cappiello.fr\/en\/produit\/chicoree-le-tigre\/","title":{"rendered":"Chicor\u00e9e"},"content":{"rendered":"<p>A bellboy carries a scale and compares the weight of two packets of chicory. Although one is smaller than the other, the scale is balanced.<br \/>Cappiello reused the same idea as for the Cr\u00e8me de gruy\u00e8re &#8220;Unic&#8221; (<a href=\"https:\/\/cappiello.fr\/en\/produit\/unic-4\/\">1928032E0<\/a>), but here he compares two packets of chicory.<\/p>\n","protected":false},"excerpt":{"rendered":"<p>Chicory.<\/p>\n","protected":false},"featured_media":134050,"template":"","meta":{"_acf_changed":false},"type-doeuvre":[4057],"product_brand":[],"product_cat":[3271],"product_tag":[3890,3599,3274],"class_list":{"0":"post-132704","1":"product","2":"type-product","3":"status-publish","4":"has-post-thumbnail","6":"type-doeuvre-affiches","7":"product_cat-coffees-teas-chocolates","8":"product_tag-saleswoman-en-7","9":"product_tag-groom-en-2","10":"product_tag-cup-en-2","11":"pa_periode-1930-1940-en","12":"pa_type-de-contenu-esquisse-en","14":"first","15":"instock","16":"virtual","17":"product-type-simple"},"acf":[],"yoast_head":"<!-- This site is optimized with the Yoast SEO Premium plugin v27.0 (Yoast SEO v27.4) - https:\/\/yoast.com\/product\/yoast-seo-premium-wordpress\/ -->\n<title>Chicor\u00e9e - Catalogue Raisonn\u00e9 de Leonetto Cappiello<\/title>\n<meta name=\"description\" content=\"A bellboy carries a scale and compares the weight of two packets of chicory. Although one is smaller than the other, the scale is balanced. Cappiello reused the same idea as for the &quot;Unic&quot; Gruy\u00e8re Cream (1928032E0), but here he compares two packets of chicory.\" \/>\n<meta name=\"robots\" content=\"index, follow, max-snippet:-1, max-image-preview:large, max-video-preview:-1\" \/>\n<link rel=\"canonical\" href=\"https:\/\/cappiello.fr\/en\/produit\/chicoree-le-tigre\/\" \/>\n<meta property=\"og:locale\" content=\"en_US\" \/>\n<meta property=\"og:type\" content=\"article\" \/>\n<meta property=\"og:title\" content=\"Chicor\u00e9e\" \/>\n<meta property=\"og:description\" content=\"A bellboy carries a scale and compares the weight of two packets of chicory. Although one is smaller than the other, the scale is balanced. Cappiello reused the same idea as for the &quot;Unic&quot; Gruy\u00e8re Cream (1928032E0), but here he compares two packets of chicory.\" \/>\n<meta property=\"og:url\" content=\"https:\/\/cappiello.fr\/en\/produit\/chicoree-le-tigre\/\" \/>\n<meta property=\"og:site_name\" content=\"Catalogue raisonn\u00e9 de Leonetto Cappiello\" \/>\n<meta property=\"article:modified_time\" content=\"2025-05-15T05:26:12+00:00\" \/>\n<meta property=\"og:image\" content=\"https:\/\/cappiello.fr\/wp-content\/uploads\/2024\/10\/Esquisse-affiche-publicitaire-chicoree-cappiello-1933.jpg\" \/>\n\t<meta property=\"og:image:width\" content=\"588\" \/>\n\t<meta property=\"og:image:height\" content=\"800\" \/>\n\t<meta property=\"og:image:type\" content=\"image\/jpeg\" \/>\n<meta name=\"twitter:card\" content=\"summary_large_image\" \/>\n<meta name=\"twitter:title\" content=\"Chicor\u00e9e\" \/>\n<meta name=\"twitter:description\" content=\"A bellboy carries a scale and compares the weight of two packets of chicory. Although one is smaller than the other, the scale is balanced. Cappiello reused the same idea as for the &quot;Unic&quot; Gruy\u00e8re Cream (1928032E0), but here he compares two packets of chicory.\" \/>\n<meta name=\"twitter:label1\" content=\"Price\" \/>\n\t<meta name=\"twitter:data1\" content=\"\" \/>\n\t<meta name=\"twitter:label2\" content=\"Availability\" \/>\n\t<meta name=\"twitter:data2\" content=\"In stock\" \/>\n<script type=\"application\/ld+json\" class=\"yoast-schema-graph\">{\"@context\":\"https:\\\/\\\/schema.org\",\"@graph\":[{\"@type\":[\"WebPage\",\"ItemPage\"],\"@id\":\"https:\\\/\\\/cappiello.fr\\\/en\\\/produit\\\/chicoree-le-tigre\\\/\",\"url\":\"https:\\\/\\\/cappiello.fr\\\/en\\\/produit\\\/chicoree-le-tigre\\\/\",\"name\":\"Chicor\u00e9e - Catalogue Raisonn\u00e9 de Leonetto Cappiello\",\"isPartOf\":{\"@id\":\"https:\\\/\\\/cappiello.fr\\\/en\\\/#website\"},\"primaryImageOfPage\":{\"@id\":\"https:\\\/\\\/cappiello.fr\\\/en\\\/produit\\\/chicoree-le-tigre\\\/#primaryimage\"},\"image\":{\"@id\":\"https:\\\/\\\/cappiello.fr\\\/en\\\/produit\\\/chicoree-le-tigre\\\/#primaryimage\"},\"thumbnailUrl\":\"https:\\\/\\\/cappiello.fr\\\/wp-content\\\/uploads\\\/2024\\\/10\\\/Esquisse-affiche-publicitaire-chicoree-cappiello-1933.jpg\",\"datePublished\":\"1933-01-01T00:00:00+00:00\",\"dateModified\":\"2025-05-15T05:26:12+00:00\",\"description\":\"A bellboy carries a scale and compares the weight of two packets of chicory. Although one is smaller than the other, the scale is balanced. Cappiello reused the same idea as for the \\\"Unic\\\" Gruy\u00e8re Cream (1928032E0), but here he compares two packets of chicory.\",\"breadcrumb\":{\"@id\":\"https:\\\/\\\/cappiello.fr\\\/en\\\/produit\\\/chicoree-le-tigre\\\/#breadcrumb\"},\"inLanguage\":\"en-US\",\"potentialAction\":[{\"@type\":\"ReadAction\",\"target\":[\"https:\\\/\\\/cappiello.fr\\\/en\\\/produit\\\/chicoree-le-tigre\\\/\"]}]},{\"@type\":\"ImageObject\",\"inLanguage\":\"en-US\",\"@id\":\"https:\\\/\\\/cappiello.fr\\\/en\\\/produit\\\/chicoree-le-tigre\\\/#primaryimage\",\"url\":\"https:\\\/\\\/cappiello.fr\\\/wp-content\\\/uploads\\\/2024\\\/10\\\/Esquisse-affiche-publicitaire-chicoree-cappiello-1933.jpg\",\"contentUrl\":\"https:\\\/\\\/cappiello.fr\\\/wp-content\\\/uploads\\\/2024\\\/10\\\/Esquisse-affiche-publicitaire-chicoree-cappiello-1933.jpg\",\"width\":588,\"height\":800,\"caption\":\"Chicor\u00e9e.\"},{\"@type\":\"BreadcrumbList\",\"@id\":\"https:\\\/\\\/cappiello.fr\\\/en\\\/produit\\\/chicoree-le-tigre\\\/#breadcrumb\",\"itemListElement\":[{\"@type\":\"ListItem\",\"position\":1,\"name\":\"Accueil\",\"item\":\"https:\\\/\\\/cappiello.fr\\\/en\\\/\"},{\"@type\":\"ListItem\",\"position\":2,\"name\":\"The works\",\"item\":\"https:\\\/\\\/cappiello.fr\\\/en\\\/the-works\\\/\"},{\"@type\":\"ListItem\",\"position\":3,\"name\":\"Chicor\u00e9e\"}]},{\"@type\":\"WebSite\",\"@id\":\"https:\\\/\\\/cappiello.fr\\\/en\\\/#website\",\"url\":\"https:\\\/\\\/cappiello.fr\\\/en\\\/\",\"name\":\"Catalogue raisonn\u00e9 de Leonetto Cappiello\",\"description\":\"Plongez dans l&#039;univers de Leonetto Cappiello, le p\u00e8re de la publicit\u00e9 moderne\",\"potentialAction\":[{\"@type\":\"SearchAction\",\"target\":{\"@type\":\"EntryPoint\",\"urlTemplate\":\"https:\\\/\\\/cappiello.fr\\\/en\\\/?s={search_term_string}\"},\"query-input\":{\"@type\":\"PropertyValueSpecification\",\"valueRequired\":true,\"valueName\":\"search_term_string\"}}],\"inLanguage\":\"en-US\"}]}<\/script>\n<meta property=\"product:price:currency\" content=\"EUR\" \/>\n<meta property=\"og:availability\" content=\"instock\" \/>\n<meta property=\"product:availability\" content=\"instock\" \/>\n<meta property=\"product:retailer_item_id\" content=\"1933054E0\" \/>\n<meta property=\"product:condition\" content=\"new\" \/>\n<!-- \/ Yoast SEO Premium plugin. -->","yoast_head_json":{"title":"Chicor\u00e9e - Catalogue Raisonn\u00e9 de Leonetto Cappiello","description":"A bellboy carries a scale and compares the weight of two packets of chicory. Although one is smaller than the other, the scale is balanced. Cappiello reused the same idea as for the \"Unic\" Gruy\u00e8re Cream (1928032E0), but here he compares two packets of chicory.","robots":{"index":"index","follow":"follow","max-snippet":"max-snippet:-1","max-image-preview":"max-image-preview:large","max-video-preview":"max-video-preview:-1"},"canonical":"https:\/\/cappiello.fr\/en\/produit\/chicoree-le-tigre\/","og_locale":"en_US","og_type":"article","og_title":"Chicor\u00e9e","og_description":"A bellboy carries a scale and compares the weight of two packets of chicory. Although one is smaller than the other, the scale is balanced. Cappiello reused the same idea as for the \"Unic\" Gruy\u00e8re Cream (1928032E0), but here he compares two packets of chicory.","og_url":"https:\/\/cappiello.fr\/en\/produit\/chicoree-le-tigre\/","og_site_name":"Catalogue raisonn\u00e9 de Leonetto Cappiello","article_modified_time":"2025-05-15T05:26:12+00:00","og_image":[{"width":588,"height":800,"url":"https:\/\/cappiello.fr\/wp-content\/uploads\/2024\/10\/Esquisse-affiche-publicitaire-chicoree-cappiello-1933.jpg","type":"image\/jpeg"}],"twitter_card":"summary_large_image","twitter_title":"Chicor\u00e9e","twitter_description":"A bellboy carries a scale and compares the weight of two packets of chicory. Although one is smaller than the other, the scale is balanced. Cappiello reused the same idea as for the \"Unic\" Gruy\u00e8re Cream (1928032E0), but here he compares two packets of chicory.","twitter_misc":{"Price":"","Availability":"In stock"},"schema":{"@context":"https:\/\/schema.org","@graph":[{"@type":["WebPage","ItemPage"],"@id":"https:\/\/cappiello.fr\/en\/produit\/chicoree-le-tigre\/","url":"https:\/\/cappiello.fr\/en\/produit\/chicoree-le-tigre\/","name":"Chicor\u00e9e - Catalogue Raisonn\u00e9 de Leonetto Cappiello","isPartOf":{"@id":"https:\/\/cappiello.fr\/en\/#website"},"primaryImageOfPage":{"@id":"https:\/\/cappiello.fr\/en\/produit\/chicoree-le-tigre\/#primaryimage"},"image":{"@id":"https:\/\/cappiello.fr\/en\/produit\/chicoree-le-tigre\/#primaryimage"},"thumbnailUrl":"https:\/\/cappiello.fr\/wp-content\/uploads\/2024\/10\/Esquisse-affiche-publicitaire-chicoree-cappiello-1933.jpg","datePublished":"1933-01-01T00:00:00+00:00","dateModified":"2025-05-15T05:26:12+00:00","description":"A bellboy carries a scale and compares the weight of two packets of chicory. Although one is smaller than the other, the scale is balanced. Cappiello reused the same idea as for the \"Unic\" Gruy\u00e8re Cream (1928032E0), but here he compares two packets of chicory.","breadcrumb":{"@id":"https:\/\/cappiello.fr\/en\/produit\/chicoree-le-tigre\/#breadcrumb"},"inLanguage":"en-US","potentialAction":[{"@type":"ReadAction","target":["https:\/\/cappiello.fr\/en\/produit\/chicoree-le-tigre\/"]}]},{"@type":"ImageObject","inLanguage":"en-US","@id":"https:\/\/cappiello.fr\/en\/produit\/chicoree-le-tigre\/#primaryimage","url":"https:\/\/cappiello.fr\/wp-content\/uploads\/2024\/10\/Esquisse-affiche-publicitaire-chicoree-cappiello-1933.jpg","contentUrl":"https:\/\/cappiello.fr\/wp-content\/uploads\/2024\/10\/Esquisse-affiche-publicitaire-chicoree-cappiello-1933.jpg","width":588,"height":800,"caption":"Chicor\u00e9e."},{"@type":"BreadcrumbList","@id":"https:\/\/cappiello.fr\/en\/produit\/chicoree-le-tigre\/#breadcrumb","itemListElement":[{"@type":"ListItem","position":1,"name":"Accueil","item":"https:\/\/cappiello.fr\/en\/"},{"@type":"ListItem","position":2,"name":"The works","item":"https:\/\/cappiello.fr\/en\/the-works\/"},{"@type":"ListItem","position":3,"name":"Chicor\u00e9e"}]},{"@type":"WebSite","@id":"https:\/\/cappiello.fr\/en\/#website","url":"https:\/\/cappiello.fr\/en\/","name":"Catalogue raisonn\u00e9 de Leonetto Cappiello","description":"Plongez dans l&#039;univers de Leonetto Cappiello, le p\u00e8re de la publicit\u00e9 moderne","potentialAction":[{"@type":"SearchAction","target":{"@type":"EntryPoint","urlTemplate":"https:\/\/cappiello.fr\/en\/?s={search_term_string}"},"query-input":{"@type":"PropertyValueSpecification","valueRequired":true,"valueName":"search_term_string"}}],"inLanguage":"en-US"}]},"product_price_currency":"EUR","og_availability":"instock","product_availability":"instock","product_retailer_item_id":"1933054E0","product_condition":"new"},"_links":{"self":[{"href":"https:\/\/cappiello.fr\/en\/wp-json\/wp\/v2\/product\/132704","targetHints":{"allow":["GET"]}}],"collection":[{"href":"https:\/\/cappiello.fr\/en\/wp-json\/wp\/v2\/product"}],"about":[{"href":"https:\/\/cappiello.fr\/en\/wp-json\/wp\/v2\/types\/product"}],"wp:featuredmedia":[{"embeddable":true,"href":"https:\/\/cappiello.fr\/en\/wp-json\/wp\/v2\/media\/134050"}],"wp:attachment":[{"href":"https:\/\/cappiello.fr\/en\/wp-json\/wp\/v2\/media?parent=132704"}],"wp:term":[{"taxonomy":"type-doeuvre","embeddable":true,"href":"https:\/\/cappiello.fr\/en\/wp-json\/wp\/v2\/type-doeuvre?post=132704"},{"taxonomy":"product_brand","embeddable":true,"href":"https:\/\/cappiello.fr\/en\/wp-json\/wp\/v2\/product_brand?post=132704"},{"taxonomy":"product_cat","embeddable":true,"href":"https:\/\/cappiello.fr\/en\/wp-json\/wp\/v2\/product_cat?post=132704"},{"taxonomy":"product_tag","embeddable":true,"href":"https:\/\/cappiello.fr\/en\/wp-json\/wp\/v2\/product_tag?post=132704"}],"curies":[{"name":"wp","href":"https:\/\/api.w.org\/{rel}","templated":true}]}}