{"id":132718,"date":"1919-01-01T00:00:00","date_gmt":"1919-01-01T00:00:00","guid":{"rendered":"https:\/\/cappiello.fr\/produit\/rozan\/"},"modified":"2025-05-15T07:29:54","modified_gmt":"2025-05-15T05:29:54","slug":"rozan","status":"publish","type":"product","link":"https:\/\/cappiello.fr\/en\/produit\/rozan\/","title":{"rendered":"Rozan"},"content":{"rendered":"<p>A pierrot holds the ropes of four large bells.<\/p>\n<p>The village of Courville near Reims made headlines during the 1914-1918 war. It was invaded several times, and the church was heavily damaged.<br \/>\n<br \/>The bells also had their own story. In 1793, the Revolutionary Committee decided to melt them down to make cannons and reuse their ropes for ships in Brest.<br \/>\n<br \/>These bells were likely a source of inspiration for Cappiello, but the connection to chocolate is not obvious.<\/p>\n","protected":false},"excerpt":{"rendered":"<p>Chocolate made in Oloron-Sainte-Marie in the Pyr\u00e9n\u00e9es-Atlantiques.<\/p>\n","protected":false},"featured_media":134996,"template":"","meta":{"_acf_changed":false},"type-doeuvre":[4057],"product_brand":[],"product_cat":[3271],"product_tag":[3751,3380,3357],"class_list":{"0":"post-132718","1":"product","2":"type-product","3":"status-publish","4":"has-post-thumbnail","6":"type-doeuvre-affiches","7":"product_cat-coffees-teas-chocolates","8":"product_tag-ribbon-en","9":"product_tag-child-en-2","10":"product_tag-pannier-dress-en","11":"pa_periode-1919-1929-en","12":"pa_type-de-contenu-lithography","14":"first","15":"instock","16":"virtual","17":"product-type-simple"},"acf":[],"yoast_head":"<!-- This site is optimized with the Yoast SEO Premium plugin v27.0 (Yoast SEO v27.4) - https:\/\/yoast.com\/product\/yoast-seo-premium-wordpress\/ -->\n<title>Rozan - Catalogue Raisonn\u00e9 de Leonetto Cappiello<\/title>\n<meta name=\"description\" content=\"A pierrot holds the ropes of four large bells. The village of Courville near Reims made headlines during the 1914-1918 war. It was invaded several times, and the church was severely damaged. The bells also have their own story. In 1793, the Revolutionary Committee decided to melt them down to make cannons and recover their ropes for use on ships in Brest. These bells were certainly a source of inspiration for Cappiello, but the connection to chocolate is not obvious.\" \/>\n<meta name=\"robots\" content=\"index, follow, max-snippet:-1, max-image-preview:large, max-video-preview:-1\" \/>\n<link rel=\"canonical\" href=\"https:\/\/cappiello.fr\/en\/produit\/rozan\/\" \/>\n<meta property=\"og:locale\" content=\"en_US\" \/>\n<meta property=\"og:type\" content=\"article\" \/>\n<meta property=\"og:title\" content=\"Rozan\" \/>\n<meta property=\"og:description\" content=\"A pierrot holds the ropes of four large bells. The village of Courville near Reims made headlines during the 1914-1918 war. It was invaded several times, and the church was severely damaged. The bells also have their own story. In 1793, the Revolutionary Committee decided to melt them down to make cannons and recover their ropes for use on ships in Brest. These bells were certainly a source of inspiration for Cappiello, but the connection to chocolate is not obvious.\" \/>\n<meta property=\"og:url\" content=\"https:\/\/cappiello.fr\/en\/produit\/rozan\/\" \/>\n<meta property=\"og:site_name\" content=\"Catalogue raisonn\u00e9 de Leonetto Cappiello\" \/>\n<meta property=\"article:modified_time\" content=\"2025-05-15T05:29:54+00:00\" \/>\n<meta property=\"og:image\" content=\"https:\/\/cappiello.fr\/wp-content\/uploads\/2024\/10\/Lithographie-affiche-publicitaire-rozan-cappiello-1920.jpg\" \/>\n\t<meta property=\"og:image:width\" content=\"586\" \/>\n\t<meta property=\"og:image:height\" content=\"800\" \/>\n\t<meta property=\"og:image:type\" content=\"image\/jpeg\" \/>\n<meta name=\"twitter:card\" content=\"summary_large_image\" \/>\n<meta name=\"twitter:title\" content=\"Rozan\" \/>\n<meta name=\"twitter:description\" content=\"A pierrot holds the ropes of four large bells. The village of Courville near Reims made headlines during the 1914-1918 war. It was invaded several times, and the church was severely damaged. The bells also have their own story. In 1793, the Revolutionary Committee decided to melt them down to make cannons and recover their ropes for use on ships in Brest. These bells were certainly a source of inspiration for Cappiello, but the connection to chocolate is not obvious.\" \/>\n<meta name=\"twitter:label1\" content=\"Price\" \/>\n\t<meta name=\"twitter:data1\" content=\"\" \/>\n\t<meta name=\"twitter:label2\" content=\"Availability\" \/>\n\t<meta name=\"twitter:data2\" content=\"In stock\" \/>\n<script type=\"application\/ld+json\" class=\"yoast-schema-graph\">{\"@context\":\"https:\\\/\\\/schema.org\",\"@graph\":[{\"@type\":[\"WebPage\",\"ItemPage\"],\"@id\":\"https:\\\/\\\/cappiello.fr\\\/en\\\/produit\\\/rozan\\\/\",\"url\":\"https:\\\/\\\/cappiello.fr\\\/en\\\/produit\\\/rozan\\\/\",\"name\":\"Rozan - Catalogue Raisonn\u00e9 de Leonetto Cappiello\",\"isPartOf\":{\"@id\":\"https:\\\/\\\/cappiello.fr\\\/en\\\/#website\"},\"primaryImageOfPage\":{\"@id\":\"https:\\\/\\\/cappiello.fr\\\/en\\\/produit\\\/rozan\\\/#primaryimage\"},\"image\":{\"@id\":\"https:\\\/\\\/cappiello.fr\\\/en\\\/produit\\\/rozan\\\/#primaryimage\"},\"thumbnailUrl\":\"https:\\\/\\\/cappiello.fr\\\/wp-content\\\/uploads\\\/2024\\\/10\\\/Lithographie-affiche-publicitaire-rozan-cappiello-1920.jpg\",\"datePublished\":\"1919-01-01T00:00:00+00:00\",\"dateModified\":\"2025-05-15T05:29:54+00:00\",\"description\":\"A pierrot holds the ropes of four large bells. The village of Courville near Reims made headlines during the 1914-1918 war. It was invaded several times, and the church was severely damaged. The bells also have their own story. In 1793, the Revolutionary Committee decided to melt them down to make cannons and recover their ropes for use on ships in Brest. These bells were certainly a source of inspiration for Cappiello, but the connection to chocolate is not obvious.\",\"breadcrumb\":{\"@id\":\"https:\\\/\\\/cappiello.fr\\\/en\\\/produit\\\/rozan\\\/#breadcrumb\"},\"inLanguage\":\"en-US\",\"potentialAction\":[{\"@type\":\"ReadAction\",\"target\":[\"https:\\\/\\\/cappiello.fr\\\/en\\\/produit\\\/rozan\\\/\"]}]},{\"@type\":\"ImageObject\",\"inLanguage\":\"en-US\",\"@id\":\"https:\\\/\\\/cappiello.fr\\\/en\\\/produit\\\/rozan\\\/#primaryimage\",\"url\":\"https:\\\/\\\/cappiello.fr\\\/wp-content\\\/uploads\\\/2024\\\/10\\\/Lithographie-affiche-publicitaire-rozan-cappiello-1920.jpg\",\"contentUrl\":\"https:\\\/\\\/cappiello.fr\\\/wp-content\\\/uploads\\\/2024\\\/10\\\/Lithographie-affiche-publicitaire-rozan-cappiello-1920.jpg\",\"width\":586,\"height\":800,\"caption\":\"Chocolat fabriqu\u00e9 \u00e0 Oloron-Sainte-Mariedans les Pyr\u00e9n\u00e9es-Atlantiques.\"},{\"@type\":\"BreadcrumbList\",\"@id\":\"https:\\\/\\\/cappiello.fr\\\/en\\\/produit\\\/rozan\\\/#breadcrumb\",\"itemListElement\":[{\"@type\":\"ListItem\",\"position\":1,\"name\":\"Accueil\",\"item\":\"https:\\\/\\\/cappiello.fr\\\/en\\\/\"},{\"@type\":\"ListItem\",\"position\":2,\"name\":\"The works\",\"item\":\"https:\\\/\\\/cappiello.fr\\\/en\\\/the-works\\\/\"},{\"@type\":\"ListItem\",\"position\":3,\"name\":\"Rozan\"}]},{\"@type\":\"WebSite\",\"@id\":\"https:\\\/\\\/cappiello.fr\\\/en\\\/#website\",\"url\":\"https:\\\/\\\/cappiello.fr\\\/en\\\/\",\"name\":\"Catalogue raisonn\u00e9 de Leonetto Cappiello\",\"description\":\"Plongez dans l&#039;univers de Leonetto Cappiello, le p\u00e8re de la publicit\u00e9 moderne\",\"potentialAction\":[{\"@type\":\"SearchAction\",\"target\":{\"@type\":\"EntryPoint\",\"urlTemplate\":\"https:\\\/\\\/cappiello.fr\\\/en\\\/?s={search_term_string}\"},\"query-input\":{\"@type\":\"PropertyValueSpecification\",\"valueRequired\":true,\"valueName\":\"search_term_string\"}}],\"inLanguage\":\"en-US\"}]}<\/script>\n<meta property=\"product:price:currency\" content=\"EUR\" \/>\n<meta property=\"og:availability\" content=\"instock\" \/>\n<meta property=\"product:availability\" content=\"instock\" \/>\n<meta property=\"product:retailer_item_id\" content=\"1919027Z0\" \/>\n<meta property=\"product:condition\" content=\"new\" \/>\n<!-- \/ Yoast SEO Premium plugin. -->","yoast_head_json":{"title":"Rozan - Catalogue Raisonn\u00e9 de Leonetto Cappiello","description":"A pierrot holds the ropes of four large bells. The village of Courville near Reims made headlines during the 1914-1918 war. It was invaded several times, and the church was severely damaged. The bells also have their own story. In 1793, the Revolutionary Committee decided to melt them down to make cannons and recover their ropes for use on ships in Brest. These bells were certainly a source of inspiration for Cappiello, but the connection to chocolate is not obvious.","robots":{"index":"index","follow":"follow","max-snippet":"max-snippet:-1","max-image-preview":"max-image-preview:large","max-video-preview":"max-video-preview:-1"},"canonical":"https:\/\/cappiello.fr\/en\/produit\/rozan\/","og_locale":"en_US","og_type":"article","og_title":"Rozan","og_description":"A pierrot holds the ropes of four large bells. The village of Courville near Reims made headlines during the 1914-1918 war. It was invaded several times, and the church was severely damaged. The bells also have their own story. In 1793, the Revolutionary Committee decided to melt them down to make cannons and recover their ropes for use on ships in Brest. These bells were certainly a source of inspiration for Cappiello, but the connection to chocolate is not obvious.","og_url":"https:\/\/cappiello.fr\/en\/produit\/rozan\/","og_site_name":"Catalogue raisonn\u00e9 de Leonetto Cappiello","article_modified_time":"2025-05-15T05:29:54+00:00","og_image":[{"width":586,"height":800,"url":"https:\/\/cappiello.fr\/wp-content\/uploads\/2024\/10\/Lithographie-affiche-publicitaire-rozan-cappiello-1920.jpg","type":"image\/jpeg"}],"twitter_card":"summary_large_image","twitter_title":"Rozan","twitter_description":"A pierrot holds the ropes of four large bells. The village of Courville near Reims made headlines during the 1914-1918 war. It was invaded several times, and the church was severely damaged. The bells also have their own story. In 1793, the Revolutionary Committee decided to melt them down to make cannons and recover their ropes for use on ships in Brest. These bells were certainly a source of inspiration for Cappiello, but the connection to chocolate is not obvious.","twitter_misc":{"Price":"","Availability":"In stock"},"schema":{"@context":"https:\/\/schema.org","@graph":[{"@type":["WebPage","ItemPage"],"@id":"https:\/\/cappiello.fr\/en\/produit\/rozan\/","url":"https:\/\/cappiello.fr\/en\/produit\/rozan\/","name":"Rozan - Catalogue Raisonn\u00e9 de Leonetto Cappiello","isPartOf":{"@id":"https:\/\/cappiello.fr\/en\/#website"},"primaryImageOfPage":{"@id":"https:\/\/cappiello.fr\/en\/produit\/rozan\/#primaryimage"},"image":{"@id":"https:\/\/cappiello.fr\/en\/produit\/rozan\/#primaryimage"},"thumbnailUrl":"https:\/\/cappiello.fr\/wp-content\/uploads\/2024\/10\/Lithographie-affiche-publicitaire-rozan-cappiello-1920.jpg","datePublished":"1919-01-01T00:00:00+00:00","dateModified":"2025-05-15T05:29:54+00:00","description":"A pierrot holds the ropes of four large bells. The village of Courville near Reims made headlines during the 1914-1918 war. It was invaded several times, and the church was severely damaged. The bells also have their own story. In 1793, the Revolutionary Committee decided to melt them down to make cannons and recover their ropes for use on ships in Brest. These bells were certainly a source of inspiration for Cappiello, but the connection to chocolate is not obvious.","breadcrumb":{"@id":"https:\/\/cappiello.fr\/en\/produit\/rozan\/#breadcrumb"},"inLanguage":"en-US","potentialAction":[{"@type":"ReadAction","target":["https:\/\/cappiello.fr\/en\/produit\/rozan\/"]}]},{"@type":"ImageObject","inLanguage":"en-US","@id":"https:\/\/cappiello.fr\/en\/produit\/rozan\/#primaryimage","url":"https:\/\/cappiello.fr\/wp-content\/uploads\/2024\/10\/Lithographie-affiche-publicitaire-rozan-cappiello-1920.jpg","contentUrl":"https:\/\/cappiello.fr\/wp-content\/uploads\/2024\/10\/Lithographie-affiche-publicitaire-rozan-cappiello-1920.jpg","width":586,"height":800,"caption":"Chocolat fabriqu\u00e9 \u00e0 Oloron-Sainte-Mariedans les Pyr\u00e9n\u00e9es-Atlantiques."},{"@type":"BreadcrumbList","@id":"https:\/\/cappiello.fr\/en\/produit\/rozan\/#breadcrumb","itemListElement":[{"@type":"ListItem","position":1,"name":"Accueil","item":"https:\/\/cappiello.fr\/en\/"},{"@type":"ListItem","position":2,"name":"The works","item":"https:\/\/cappiello.fr\/en\/the-works\/"},{"@type":"ListItem","position":3,"name":"Rozan"}]},{"@type":"WebSite","@id":"https:\/\/cappiello.fr\/en\/#website","url":"https:\/\/cappiello.fr\/en\/","name":"Catalogue raisonn\u00e9 de Leonetto Cappiello","description":"Plongez dans l&#039;univers de Leonetto Cappiello, le p\u00e8re de la publicit\u00e9 moderne","potentialAction":[{"@type":"SearchAction","target":{"@type":"EntryPoint","urlTemplate":"https:\/\/cappiello.fr\/en\/?s={search_term_string}"},"query-input":{"@type":"PropertyValueSpecification","valueRequired":true,"valueName":"search_term_string"}}],"inLanguage":"en-US"}]},"product_price_currency":"EUR","og_availability":"instock","product_availability":"instock","product_retailer_item_id":"1919027Z0","product_condition":"new"},"_links":{"self":[{"href":"https:\/\/cappiello.fr\/en\/wp-json\/wp\/v2\/product\/132718","targetHints":{"allow":["GET"]}}],"collection":[{"href":"https:\/\/cappiello.fr\/en\/wp-json\/wp\/v2\/product"}],"about":[{"href":"https:\/\/cappiello.fr\/en\/wp-json\/wp\/v2\/types\/product"}],"wp:featuredmedia":[{"embeddable":true,"href":"https:\/\/cappiello.fr\/en\/wp-json\/wp\/v2\/media\/134996"}],"wp:attachment":[{"href":"https:\/\/cappiello.fr\/en\/wp-json\/wp\/v2\/media?parent=132718"}],"wp:term":[{"taxonomy":"type-doeuvre","embeddable":true,"href":"https:\/\/cappiello.fr\/en\/wp-json\/wp\/v2\/type-doeuvre?post=132718"},{"taxonomy":"product_brand","embeddable":true,"href":"https:\/\/cappiello.fr\/en\/wp-json\/wp\/v2\/product_brand?post=132718"},{"taxonomy":"product_cat","embeddable":true,"href":"https:\/\/cappiello.fr\/en\/wp-json\/wp\/v2\/product_cat?post=132718"},{"taxonomy":"product_tag","embeddable":true,"href":"https:\/\/cappiello.fr\/en\/wp-json\/wp\/v2\/product_tag?post=132718"}],"curies":[{"name":"wp","href":"https:\/\/api.w.org\/{rel}","templated":true}]}}