{"id":132764,"date":"1919-01-01T00:00:00","date_gmt":"1919-01-01T00:00:00","guid":{"rendered":"https:\/\/cappiello.fr\/produit\/carburateur-3\/"},"modified":"2025-05-15T07:50:59","modified_gmt":"2025-05-15T05:50:59","slug":"carburateur-3","status":"publish","type":"product","link":"https:\/\/cappiello.fr\/en\/produit\/carburateur-3\/","title":{"rendered":"Carburateur"},"content":{"rendered":"<p>A motorist, or an aviator equipped with two wings on their back, is sitting on a sort of small cloud.<br \/>\nThis can be interpreted by assuming that the product is intended for aviation, or that the carburetor is so efficient that it gives wings to the vehicle, or both at the same time.<br \/>\nIn front of them is a gasoline can, a can that is not included in the black and white photo.<\/p>\n","protected":false},"excerpt":{"rendered":"<p>The black and white photo shows that it is the company &#8220;Carburateur Standard&#8221; whose production is intended for automobiles, aviation, and motorized gardening equipment. Its headquarters are in Paris and its factory is in La Courneuve in the Paris region.<\/p>\n","protected":false},"featured_media":134188,"template":"","meta":{"_acf_changed":false},"type-doeuvre":[4057],"product_brand":[],"product_cat":[3268],"product_tag":[3345,3307],"class_list":{"0":"post-132764","1":"product","2":"type-product","3":"status-publish","4":"has-post-thumbnail","6":"type-doeuvre-affiches","7":"product_cat-automobiles","8":"product_tag-elegant-en","9":"product_tag-sun-en-9","10":"pa_periode-1919-1929-en","11":"pa_type-de-contenu-esquisse-en","13":"first","14":"instock","15":"virtual","16":"product-type-simple"},"acf":[],"yoast_head":"<!-- This site is optimized with the Yoast SEO Premium plugin v27.0 (Yoast SEO v27.4) - https:\/\/yoast.com\/product\/yoast-seo-premium-wordpress\/ -->\n<title>Carburateur - Catalogue Raisonn\u00e9 de Leonetto Cappiello<\/title>\n<meta name=\"description\" content=\"A motorist, or an aviator equipped with two wings on their back, is sitting on a kind of small cloud. This can be interpreted by assuming that the product is intended for aviation, or that the carburetor is so efficient that it gives wings to the vehicle, or both at the same time. In front of them is a gasoline can, which is not included in the black-and-white photo.\" \/>\n<meta name=\"robots\" content=\"index, follow, max-snippet:-1, max-image-preview:large, max-video-preview:-1\" \/>\n<link rel=\"canonical\" href=\"https:\/\/cappiello.fr\/en\/produit\/carburateur-3\/\" \/>\n<meta property=\"og:locale\" content=\"en_US\" \/>\n<meta property=\"og:type\" content=\"article\" \/>\n<meta property=\"og:title\" content=\"Carburateur\" \/>\n<meta property=\"og:description\" content=\"A motorist, or an aviator equipped with two wings on their back, is sitting on a kind of small cloud. This can be interpreted by assuming that the product is intended for aviation, or that the carburetor is so efficient that it gives wings to the vehicle, or both at the same time. In front of them is a gasoline can, which is not included in the black-and-white photo.\" \/>\n<meta property=\"og:url\" content=\"https:\/\/cappiello.fr\/en\/produit\/carburateur-3\/\" \/>\n<meta property=\"og:site_name\" content=\"Catalogue raisonn\u00e9 de Leonetto Cappiello\" \/>\n<meta property=\"article:modified_time\" content=\"2025-05-15T05:50:59+00:00\" \/>\n<meta property=\"og:image\" content=\"https:\/\/cappiello.fr\/wp-content\/uploads\/2024\/10\/Esquisse-affiche-publicitaire-carburateur-2-cappiello-1919.jpg\" \/>\n\t<meta property=\"og:image:width\" content=\"527\" \/>\n\t<meta property=\"og:image:height\" content=\"800\" \/>\n\t<meta property=\"og:image:type\" content=\"image\/jpeg\" \/>\n<meta name=\"twitter:card\" content=\"summary_large_image\" \/>\n<meta name=\"twitter:title\" content=\"Carburateur\" \/>\n<meta name=\"twitter:description\" content=\"A motorist, or an aviator equipped with two wings on their back, is sitting on a kind of small cloud. This can be interpreted by assuming that the product is intended for aviation, or that the carburetor is so efficient that it gives wings to the vehicle, or both at the same time. In front of them is a gasoline can, which is not included in the black-and-white photo.\" \/>\n<meta name=\"twitter:label1\" content=\"Price\" \/>\n\t<meta name=\"twitter:data1\" content=\"\" \/>\n\t<meta name=\"twitter:label2\" content=\"Availability\" \/>\n\t<meta name=\"twitter:data2\" content=\"In stock\" \/>\n<script type=\"application\/ld+json\" class=\"yoast-schema-graph\">{\"@context\":\"https:\\\/\\\/schema.org\",\"@graph\":[{\"@type\":[\"WebPage\",\"ItemPage\"],\"@id\":\"https:\\\/\\\/cappiello.fr\\\/en\\\/produit\\\/carburateur-3\\\/\",\"url\":\"https:\\\/\\\/cappiello.fr\\\/en\\\/produit\\\/carburateur-3\\\/\",\"name\":\"Carburateur - Catalogue Raisonn\u00e9 de Leonetto Cappiello\",\"isPartOf\":{\"@id\":\"https:\\\/\\\/cappiello.fr\\\/en\\\/#website\"},\"primaryImageOfPage\":{\"@id\":\"https:\\\/\\\/cappiello.fr\\\/en\\\/produit\\\/carburateur-3\\\/#primaryimage\"},\"image\":{\"@id\":\"https:\\\/\\\/cappiello.fr\\\/en\\\/produit\\\/carburateur-3\\\/#primaryimage\"},\"thumbnailUrl\":\"https:\\\/\\\/cappiello.fr\\\/wp-content\\\/uploads\\\/2024\\\/10\\\/Esquisse-affiche-publicitaire-carburateur-2-cappiello-1919.jpg\",\"datePublished\":\"1919-01-01T00:00:00+00:00\",\"dateModified\":\"2025-05-15T05:50:59+00:00\",\"description\":\"A motorist, or an aviator equipped with two wings on their back, is sitting on a kind of small cloud. This can be interpreted by assuming that the product is intended for aviation, or that the carburetor is so efficient that it gives wings to the vehicle, or both at the same time. In front of them is a gasoline can, which is not included in the black-and-white photo.\",\"breadcrumb\":{\"@id\":\"https:\\\/\\\/cappiello.fr\\\/en\\\/produit\\\/carburateur-3\\\/#breadcrumb\"},\"inLanguage\":\"en-US\",\"potentialAction\":[{\"@type\":\"ReadAction\",\"target\":[\"https:\\\/\\\/cappiello.fr\\\/en\\\/produit\\\/carburateur-3\\\/\"]}]},{\"@type\":\"ImageObject\",\"inLanguage\":\"en-US\",\"@id\":\"https:\\\/\\\/cappiello.fr\\\/en\\\/produit\\\/carburateur-3\\\/#primaryimage\",\"url\":\"https:\\\/\\\/cappiello.fr\\\/wp-content\\\/uploads\\\/2024\\\/10\\\/Esquisse-affiche-publicitaire-carburateur-2-cappiello-1919.jpg\",\"contentUrl\":\"https:\\\/\\\/cappiello.fr\\\/wp-content\\\/uploads\\\/2024\\\/10\\\/Esquisse-affiche-publicitaire-carburateur-2-cappiello-1919.jpg\",\"width\":527,\"height\":800,\"caption\":\"La photo en noir et blanc montre qu'il s'agit de la soci\u00e9t\u00e9 \\\"Carburateur Standard\\\" dont la production est destin\u00e9e \u00e0 l'automobile\"},{\"@type\":\"BreadcrumbList\",\"@id\":\"https:\\\/\\\/cappiello.fr\\\/en\\\/produit\\\/carburateur-3\\\/#breadcrumb\",\"itemListElement\":[{\"@type\":\"ListItem\",\"position\":1,\"name\":\"Accueil\",\"item\":\"https:\\\/\\\/cappiello.fr\\\/en\\\/\"},{\"@type\":\"ListItem\",\"position\":2,\"name\":\"The works\",\"item\":\"https:\\\/\\\/cappiello.fr\\\/en\\\/the-works\\\/\"},{\"@type\":\"ListItem\",\"position\":3,\"name\":\"Carburateur\"}]},{\"@type\":\"WebSite\",\"@id\":\"https:\\\/\\\/cappiello.fr\\\/en\\\/#website\",\"url\":\"https:\\\/\\\/cappiello.fr\\\/en\\\/\",\"name\":\"Catalogue raisonn\u00e9 de Leonetto Cappiello\",\"description\":\"Plongez dans l&#039;univers de Leonetto Cappiello, le p\u00e8re de la publicit\u00e9 moderne\",\"potentialAction\":[{\"@type\":\"SearchAction\",\"target\":{\"@type\":\"EntryPoint\",\"urlTemplate\":\"https:\\\/\\\/cappiello.fr\\\/en\\\/?s={search_term_string}\"},\"query-input\":{\"@type\":\"PropertyValueSpecification\",\"valueRequired\":true,\"valueName\":\"search_term_string\"}}],\"inLanguage\":\"en-US\"}]}<\/script>\n<meta property=\"product:price:currency\" content=\"EUR\" \/>\n<meta property=\"og:availability\" content=\"instock\" \/>\n<meta property=\"product:availability\" content=\"instock\" \/>\n<meta property=\"product:retailer_item_id\" content=\"1919055E0\" \/>\n<meta property=\"product:condition\" content=\"new\" \/>\n<!-- \/ Yoast SEO Premium plugin. -->","yoast_head_json":{"title":"Carburateur - Catalogue Raisonn\u00e9 de Leonetto Cappiello","description":"A motorist, or an aviator equipped with two wings on their back, is sitting on a kind of small cloud. This can be interpreted by assuming that the product is intended for aviation, or that the carburetor is so efficient that it gives wings to the vehicle, or both at the same time. In front of them is a gasoline can, which is not included in the black-and-white photo.","robots":{"index":"index","follow":"follow","max-snippet":"max-snippet:-1","max-image-preview":"max-image-preview:large","max-video-preview":"max-video-preview:-1"},"canonical":"https:\/\/cappiello.fr\/en\/produit\/carburateur-3\/","og_locale":"en_US","og_type":"article","og_title":"Carburateur","og_description":"A motorist, or an aviator equipped with two wings on their back, is sitting on a kind of small cloud. This can be interpreted by assuming that the product is intended for aviation, or that the carburetor is so efficient that it gives wings to the vehicle, or both at the same time. In front of them is a gasoline can, which is not included in the black-and-white photo.","og_url":"https:\/\/cappiello.fr\/en\/produit\/carburateur-3\/","og_site_name":"Catalogue raisonn\u00e9 de Leonetto Cappiello","article_modified_time":"2025-05-15T05:50:59+00:00","og_image":[{"width":527,"height":800,"url":"https:\/\/cappiello.fr\/wp-content\/uploads\/2024\/10\/Esquisse-affiche-publicitaire-carburateur-2-cappiello-1919.jpg","type":"image\/jpeg"}],"twitter_card":"summary_large_image","twitter_title":"Carburateur","twitter_description":"A motorist, or an aviator equipped with two wings on their back, is sitting on a kind of small cloud. This can be interpreted by assuming that the product is intended for aviation, or that the carburetor is so efficient that it gives wings to the vehicle, or both at the same time. In front of them is a gasoline can, which is not included in the black-and-white photo.","twitter_misc":{"Price":"","Availability":"In stock"},"schema":{"@context":"https:\/\/schema.org","@graph":[{"@type":["WebPage","ItemPage"],"@id":"https:\/\/cappiello.fr\/en\/produit\/carburateur-3\/","url":"https:\/\/cappiello.fr\/en\/produit\/carburateur-3\/","name":"Carburateur - Catalogue Raisonn\u00e9 de Leonetto Cappiello","isPartOf":{"@id":"https:\/\/cappiello.fr\/en\/#website"},"primaryImageOfPage":{"@id":"https:\/\/cappiello.fr\/en\/produit\/carburateur-3\/#primaryimage"},"image":{"@id":"https:\/\/cappiello.fr\/en\/produit\/carburateur-3\/#primaryimage"},"thumbnailUrl":"https:\/\/cappiello.fr\/wp-content\/uploads\/2024\/10\/Esquisse-affiche-publicitaire-carburateur-2-cappiello-1919.jpg","datePublished":"1919-01-01T00:00:00+00:00","dateModified":"2025-05-15T05:50:59+00:00","description":"A motorist, or an aviator equipped with two wings on their back, is sitting on a kind of small cloud. This can be interpreted by assuming that the product is intended for aviation, or that the carburetor is so efficient that it gives wings to the vehicle, or both at the same time. In front of them is a gasoline can, which is not included in the black-and-white photo.","breadcrumb":{"@id":"https:\/\/cappiello.fr\/en\/produit\/carburateur-3\/#breadcrumb"},"inLanguage":"en-US","potentialAction":[{"@type":"ReadAction","target":["https:\/\/cappiello.fr\/en\/produit\/carburateur-3\/"]}]},{"@type":"ImageObject","inLanguage":"en-US","@id":"https:\/\/cappiello.fr\/en\/produit\/carburateur-3\/#primaryimage","url":"https:\/\/cappiello.fr\/wp-content\/uploads\/2024\/10\/Esquisse-affiche-publicitaire-carburateur-2-cappiello-1919.jpg","contentUrl":"https:\/\/cappiello.fr\/wp-content\/uploads\/2024\/10\/Esquisse-affiche-publicitaire-carburateur-2-cappiello-1919.jpg","width":527,"height":800,"caption":"La photo en noir et blanc montre qu'il s'agit de la soci\u00e9t\u00e9 \"Carburateur Standard\" dont la production est destin\u00e9e \u00e0 l'automobile"},{"@type":"BreadcrumbList","@id":"https:\/\/cappiello.fr\/en\/produit\/carburateur-3\/#breadcrumb","itemListElement":[{"@type":"ListItem","position":1,"name":"Accueil","item":"https:\/\/cappiello.fr\/en\/"},{"@type":"ListItem","position":2,"name":"The works","item":"https:\/\/cappiello.fr\/en\/the-works\/"},{"@type":"ListItem","position":3,"name":"Carburateur"}]},{"@type":"WebSite","@id":"https:\/\/cappiello.fr\/en\/#website","url":"https:\/\/cappiello.fr\/en\/","name":"Catalogue raisonn\u00e9 de Leonetto Cappiello","description":"Plongez dans l&#039;univers de Leonetto Cappiello, le p\u00e8re de la publicit\u00e9 moderne","potentialAction":[{"@type":"SearchAction","target":{"@type":"EntryPoint","urlTemplate":"https:\/\/cappiello.fr\/en\/?s={search_term_string}"},"query-input":{"@type":"PropertyValueSpecification","valueRequired":true,"valueName":"search_term_string"}}],"inLanguage":"en-US"}]},"product_price_currency":"EUR","og_availability":"instock","product_availability":"instock","product_retailer_item_id":"1919055E0","product_condition":"new"},"_links":{"self":[{"href":"https:\/\/cappiello.fr\/en\/wp-json\/wp\/v2\/product\/132764","targetHints":{"allow":["GET"]}}],"collection":[{"href":"https:\/\/cappiello.fr\/en\/wp-json\/wp\/v2\/product"}],"about":[{"href":"https:\/\/cappiello.fr\/en\/wp-json\/wp\/v2\/types\/product"}],"wp:featuredmedia":[{"embeddable":true,"href":"https:\/\/cappiello.fr\/en\/wp-json\/wp\/v2\/media\/134188"}],"wp:attachment":[{"href":"https:\/\/cappiello.fr\/en\/wp-json\/wp\/v2\/media?parent=132764"}],"wp:term":[{"taxonomy":"type-doeuvre","embeddable":true,"href":"https:\/\/cappiello.fr\/en\/wp-json\/wp\/v2\/type-doeuvre?post=132764"},{"taxonomy":"product_brand","embeddable":true,"href":"https:\/\/cappiello.fr\/en\/wp-json\/wp\/v2\/product_brand?post=132764"},{"taxonomy":"product_cat","embeddable":true,"href":"https:\/\/cappiello.fr\/en\/wp-json\/wp\/v2\/product_cat?post=132764"},{"taxonomy":"product_tag","embeddable":true,"href":"https:\/\/cappiello.fr\/en\/wp-json\/wp\/v2\/product_tag?post=132764"}],"curies":[{"name":"wp","href":"https:\/\/api.w.org\/{rel}","templated":true}]}}