{"id":132781,"date":"1920-01-01T00:00:00","date_gmt":"1920-01-01T00:00:00","guid":{"rendered":"https:\/\/cappiello.fr\/produit\/liqueur-14\/"},"modified":"2025-06-03T12:14:38","modified_gmt":"2025-06-03T10:14:38","slug":"liqueur-14","status":"publish","type":"product","link":"https:\/\/cappiello.fr\/en\/produit\/liqueur-14\/","title":{"rendered":"Liqueur"},"content":{"rendered":"<p>A woman is holding a bottle wrapped in streamers in a leafy setting.<br \/>\n<Br>A first sketch was made in 1920 and was titled &#8220;Cherry Brandy&#8221; under the reference Devambez 5100 (see first black and white photo 1920039B0). This sketch was lost and replaced in 1921 by a new one, titled &#8220;Liqueur&#8221; under the reference Devambez 5184 (see second black and white photo). This sketch, redone from memory, has some differences: in the woman&#8217;s outfit, her left hand clearly shows the cherries with which the liqueur is made, and streamers are added.<br \/>\n<Br>In the color sketch, the cherries are replaced by leaves. The left hand no longer as clearly shows the base ingredient of the liqueur.<\/p>\n","protected":false},"excerpt":{"rendered":"<p>Given the dominant colors green, white, and red, one naturally thinks of an Italian liqueur. But the ribbons around the bottle are blue, white, and red, so the liqueur could be French.<\/p>\n","protected":false},"featured_media":134687,"template":"","meta":{"_acf_changed":false},"type-doeuvre":[4057],"product_brand":[],"product_cat":[3326],"product_tag":[3290,3452,3404,3420,3600,3467],"class_list":{"0":"post-132781","1":"product","2":"type-product","3":"status-publish","4":"has-post-thumbnail","6":"type-doeuvre-affiches","7":"product_cat-liqueurs","8":"product_tag-mustache-en","9":"product_tag-king-en-2","10":"product_tag-cheerfulness","11":"product_tag-see","12":"product_tag-mother","13":"product_tag-rose-en-5","14":"pa_periode-1919-1929-en","15":"pa_type-de-contenu-esquisse-en","17":"first","18":"instock","19":"virtual","20":"product-type-simple"},"acf":[],"yoast_head":"<!-- This site is optimized with the Yoast SEO Premium plugin v27.0 (Yoast SEO v27.4) - https:\/\/yoast.com\/product\/yoast-seo-premium-wordpress\/ -->\n<title>Liqueur - Catalogue Raisonn\u00e9 de Leonetto Cappiello<\/title>\n<meta name=\"description\" content=\"A woman holds up a bottle wrapped in streamers in a foliage setting. A first sketch was made in 1920 and was titled &quot;Cherry Brandy&quot; under the reference Devambez 5100 (see first black and white photo 1920039B0). This sketch was lost and replaced in 1921 by a new one, titled &quot;Liqueur&quot; under the reference Devambez 5184 (see second black and white photo). This sketch, redone from memory, has some differences: in the woman&#039;s outfit, her left hand clearly shows the cherries used to make the liqueur, and streamers are added. In the color sketch, the cherries are replaced by leaves. The left hand no longer as clearly shows the base ingredient of the liqueur.\" \/>\n<meta name=\"robots\" content=\"index, follow, max-snippet:-1, max-image-preview:large, max-video-preview:-1\" \/>\n<link rel=\"canonical\" href=\"https:\/\/cappiello.fr\/en\/produit\/liqueur-14\/\" \/>\n<meta property=\"og:locale\" content=\"en_US\" \/>\n<meta property=\"og:type\" content=\"article\" \/>\n<meta property=\"og:title\" content=\"Liqueur\" \/>\n<meta property=\"og:description\" content=\"A woman holds up a bottle wrapped in streamers in a foliage setting. A first sketch was made in 1920 and was titled &quot;Cherry Brandy&quot; under the reference Devambez 5100 (see first black and white photo 1920039B0). This sketch was lost and replaced in 1921 by a new one, titled &quot;Liqueur&quot; under the reference Devambez 5184 (see second black and white photo). This sketch, redone from memory, has some differences: in the woman&#039;s outfit, her left hand clearly shows the cherries used to make the liqueur, and streamers are added. In the color sketch, the cherries are replaced by leaves. The left hand no longer as clearly shows the base ingredient of the liqueur.\" \/>\n<meta property=\"og:url\" content=\"https:\/\/cappiello.fr\/en\/produit\/liqueur-14\/\" \/>\n<meta property=\"og:site_name\" content=\"Catalogue raisonn\u00e9 de Leonetto Cappiello\" \/>\n<meta property=\"article:modified_time\" content=\"2025-06-03T10:14:38+00:00\" \/>\n<meta property=\"og:image\" content=\"https:\/\/cappiello.fr\/wp-content\/uploads\/2024\/10\/Esquisse-affiche-publicitaire-liqueur-10-cappiello-1921.jpg\" \/>\n\t<meta property=\"og:image:width\" content=\"533\" \/>\n\t<meta property=\"og:image:height\" content=\"800\" \/>\n\t<meta property=\"og:image:type\" content=\"image\/jpeg\" \/>\n<meta name=\"twitter:card\" content=\"summary_large_image\" \/>\n<meta name=\"twitter:title\" content=\"Liqueur\" \/>\n<meta name=\"twitter:description\" content=\"A woman holds up a bottle wrapped in streamers in a foliage setting. A first sketch was made in 1920 and was titled &quot;Cherry Brandy&quot; under the reference Devambez 5100 (see first black and white photo 1920039B0). This sketch was lost and replaced in 1921 by a new one, titled &quot;Liqueur&quot; under the reference Devambez 5184 (see second black and white photo). This sketch, redone from memory, has some differences: in the woman&#039;s outfit, her left hand clearly shows the cherries used to make the liqueur, and streamers are added. In the color sketch, the cherries are replaced by leaves. The left hand no longer as clearly shows the base ingredient of the liqueur.\" \/>\n<meta name=\"twitter:label1\" content=\"Price\" \/>\n\t<meta name=\"twitter:data1\" content=\"\" \/>\n\t<meta name=\"twitter:label2\" content=\"Availability\" \/>\n\t<meta name=\"twitter:data2\" content=\"In stock\" \/>\n<script type=\"application\/ld+json\" class=\"yoast-schema-graph\">{\"@context\":\"https:\\\/\\\/schema.org\",\"@graph\":[{\"@type\":[\"WebPage\",\"ItemPage\"],\"@id\":\"https:\\\/\\\/cappiello.fr\\\/en\\\/produit\\\/liqueur-14\\\/\",\"url\":\"https:\\\/\\\/cappiello.fr\\\/en\\\/produit\\\/liqueur-14\\\/\",\"name\":\"Liqueur - Catalogue Raisonn\u00e9 de Leonetto Cappiello\",\"isPartOf\":{\"@id\":\"https:\\\/\\\/cappiello.fr\\\/en\\\/#website\"},\"primaryImageOfPage\":{\"@id\":\"https:\\\/\\\/cappiello.fr\\\/en\\\/produit\\\/liqueur-14\\\/#primaryimage\"},\"image\":{\"@id\":\"https:\\\/\\\/cappiello.fr\\\/en\\\/produit\\\/liqueur-14\\\/#primaryimage\"},\"thumbnailUrl\":\"https:\\\/\\\/cappiello.fr\\\/wp-content\\\/uploads\\\/2024\\\/10\\\/Esquisse-affiche-publicitaire-liqueur-10-cappiello-1921.jpg\",\"datePublished\":\"1920-01-01T00:00:00+00:00\",\"dateModified\":\"2025-06-03T10:14:38+00:00\",\"description\":\"A woman holds up a bottle wrapped in streamers in a foliage setting. A first sketch was made in 1920 and was titled \\\"Cherry Brandy\\\" under the reference Devambez 5100 (see first black and white photo 1920039B0). This sketch was lost and replaced in 1921 by a new one, titled \\\"Liqueur\\\" under the reference Devambez 5184 (see second black and white photo). This sketch, redone from memory, has some differences: in the woman's outfit, her left hand clearly shows the cherries used to make the liqueur, and streamers are added. In the color sketch, the cherries are replaced by leaves. The left hand no longer as clearly shows the base ingredient of the liqueur.\",\"breadcrumb\":{\"@id\":\"https:\\\/\\\/cappiello.fr\\\/en\\\/produit\\\/liqueur-14\\\/#breadcrumb\"},\"inLanguage\":\"en-US\",\"potentialAction\":[{\"@type\":\"ReadAction\",\"target\":[\"https:\\\/\\\/cappiello.fr\\\/en\\\/produit\\\/liqueur-14\\\/\"]}]},{\"@type\":\"ImageObject\",\"inLanguage\":\"en-US\",\"@id\":\"https:\\\/\\\/cappiello.fr\\\/en\\\/produit\\\/liqueur-14\\\/#primaryimage\",\"url\":\"https:\\\/\\\/cappiello.fr\\\/wp-content\\\/uploads\\\/2024\\\/10\\\/Esquisse-affiche-publicitaire-liqueur-10-cappiello-1921.jpg\",\"contentUrl\":\"https:\\\/\\\/cappiello.fr\\\/wp-content\\\/uploads\\\/2024\\\/10\\\/Esquisse-affiche-publicitaire-liqueur-10-cappiello-1921.jpg\",\"width\":533,\"height\":800,\"caption\":\"Compte tenu des couleurs dominantes vert\"},{\"@type\":\"BreadcrumbList\",\"@id\":\"https:\\\/\\\/cappiello.fr\\\/en\\\/produit\\\/liqueur-14\\\/#breadcrumb\",\"itemListElement\":[{\"@type\":\"ListItem\",\"position\":1,\"name\":\"Accueil\",\"item\":\"https:\\\/\\\/cappiello.fr\\\/en\\\/\"},{\"@type\":\"ListItem\",\"position\":2,\"name\":\"The works\",\"item\":\"https:\\\/\\\/cappiello.fr\\\/en\\\/the-works\\\/\"},{\"@type\":\"ListItem\",\"position\":3,\"name\":\"Liqueur\"}]},{\"@type\":\"WebSite\",\"@id\":\"https:\\\/\\\/cappiello.fr\\\/en\\\/#website\",\"url\":\"https:\\\/\\\/cappiello.fr\\\/en\\\/\",\"name\":\"Catalogue raisonn\u00e9 de Leonetto Cappiello\",\"description\":\"Plongez dans l&#039;univers de Leonetto Cappiello, le p\u00e8re de la publicit\u00e9 moderne\",\"potentialAction\":[{\"@type\":\"SearchAction\",\"target\":{\"@type\":\"EntryPoint\",\"urlTemplate\":\"https:\\\/\\\/cappiello.fr\\\/en\\\/?s={search_term_string}\"},\"query-input\":{\"@type\":\"PropertyValueSpecification\",\"valueRequired\":true,\"valueName\":\"search_term_string\"}}],\"inLanguage\":\"en-US\"}]}<\/script>\n<meta property=\"product:price:currency\" content=\"EUR\" \/>\n<meta property=\"og:availability\" content=\"instock\" \/>\n<meta property=\"product:availability\" content=\"instock\" \/>\n<meta property=\"product:retailer_item_id\" content=\"1920039E0\" \/>\n<meta property=\"product:condition\" content=\"new\" \/>\n<!-- \/ Yoast SEO Premium plugin. -->","yoast_head_json":{"title":"Liqueur - Catalogue Raisonn\u00e9 de Leonetto Cappiello","description":"A woman holds up a bottle wrapped in streamers in a foliage setting. A first sketch was made in 1920 and was titled \"Cherry Brandy\" under the reference Devambez 5100 (see first black and white photo 1920039B0). This sketch was lost and replaced in 1921 by a new one, titled \"Liqueur\" under the reference Devambez 5184 (see second black and white photo). This sketch, redone from memory, has some differences: in the woman's outfit, her left hand clearly shows the cherries used to make the liqueur, and streamers are added. In the color sketch, the cherries are replaced by leaves. The left hand no longer as clearly shows the base ingredient of the liqueur.","robots":{"index":"index","follow":"follow","max-snippet":"max-snippet:-1","max-image-preview":"max-image-preview:large","max-video-preview":"max-video-preview:-1"},"canonical":"https:\/\/cappiello.fr\/en\/produit\/liqueur-14\/","og_locale":"en_US","og_type":"article","og_title":"Liqueur","og_description":"A woman holds up a bottle wrapped in streamers in a foliage setting. A first sketch was made in 1920 and was titled \"Cherry Brandy\" under the reference Devambez 5100 (see first black and white photo 1920039B0). This sketch was lost and replaced in 1921 by a new one, titled \"Liqueur\" under the reference Devambez 5184 (see second black and white photo). This sketch, redone from memory, has some differences: in the woman's outfit, her left hand clearly shows the cherries used to make the liqueur, and streamers are added. In the color sketch, the cherries are replaced by leaves. The left hand no longer as clearly shows the base ingredient of the liqueur.","og_url":"https:\/\/cappiello.fr\/en\/produit\/liqueur-14\/","og_site_name":"Catalogue raisonn\u00e9 de Leonetto Cappiello","article_modified_time":"2025-06-03T10:14:38+00:00","og_image":[{"width":533,"height":800,"url":"https:\/\/cappiello.fr\/wp-content\/uploads\/2024\/10\/Esquisse-affiche-publicitaire-liqueur-10-cappiello-1921.jpg","type":"image\/jpeg"}],"twitter_card":"summary_large_image","twitter_title":"Liqueur","twitter_description":"A woman holds up a bottle wrapped in streamers in a foliage setting. A first sketch was made in 1920 and was titled \"Cherry Brandy\" under the reference Devambez 5100 (see first black and white photo 1920039B0). This sketch was lost and replaced in 1921 by a new one, titled \"Liqueur\" under the reference Devambez 5184 (see second black and white photo). This sketch, redone from memory, has some differences: in the woman's outfit, her left hand clearly shows the cherries used to make the liqueur, and streamers are added. In the color sketch, the cherries are replaced by leaves. The left hand no longer as clearly shows the base ingredient of the liqueur.","twitter_misc":{"Price":"","Availability":"In stock"},"schema":{"@context":"https:\/\/schema.org","@graph":[{"@type":["WebPage","ItemPage"],"@id":"https:\/\/cappiello.fr\/en\/produit\/liqueur-14\/","url":"https:\/\/cappiello.fr\/en\/produit\/liqueur-14\/","name":"Liqueur - Catalogue Raisonn\u00e9 de Leonetto Cappiello","isPartOf":{"@id":"https:\/\/cappiello.fr\/en\/#website"},"primaryImageOfPage":{"@id":"https:\/\/cappiello.fr\/en\/produit\/liqueur-14\/#primaryimage"},"image":{"@id":"https:\/\/cappiello.fr\/en\/produit\/liqueur-14\/#primaryimage"},"thumbnailUrl":"https:\/\/cappiello.fr\/wp-content\/uploads\/2024\/10\/Esquisse-affiche-publicitaire-liqueur-10-cappiello-1921.jpg","datePublished":"1920-01-01T00:00:00+00:00","dateModified":"2025-06-03T10:14:38+00:00","description":"A woman holds up a bottle wrapped in streamers in a foliage setting. A first sketch was made in 1920 and was titled \"Cherry Brandy\" under the reference Devambez 5100 (see first black and white photo 1920039B0). This sketch was lost and replaced in 1921 by a new one, titled \"Liqueur\" under the reference Devambez 5184 (see second black and white photo). This sketch, redone from memory, has some differences: in the woman's outfit, her left hand clearly shows the cherries used to make the liqueur, and streamers are added. In the color sketch, the cherries are replaced by leaves. The left hand no longer as clearly shows the base ingredient of the liqueur.","breadcrumb":{"@id":"https:\/\/cappiello.fr\/en\/produit\/liqueur-14\/#breadcrumb"},"inLanguage":"en-US","potentialAction":[{"@type":"ReadAction","target":["https:\/\/cappiello.fr\/en\/produit\/liqueur-14\/"]}]},{"@type":"ImageObject","inLanguage":"en-US","@id":"https:\/\/cappiello.fr\/en\/produit\/liqueur-14\/#primaryimage","url":"https:\/\/cappiello.fr\/wp-content\/uploads\/2024\/10\/Esquisse-affiche-publicitaire-liqueur-10-cappiello-1921.jpg","contentUrl":"https:\/\/cappiello.fr\/wp-content\/uploads\/2024\/10\/Esquisse-affiche-publicitaire-liqueur-10-cappiello-1921.jpg","width":533,"height":800,"caption":"Compte tenu des couleurs dominantes vert"},{"@type":"BreadcrumbList","@id":"https:\/\/cappiello.fr\/en\/produit\/liqueur-14\/#breadcrumb","itemListElement":[{"@type":"ListItem","position":1,"name":"Accueil","item":"https:\/\/cappiello.fr\/en\/"},{"@type":"ListItem","position":2,"name":"The works","item":"https:\/\/cappiello.fr\/en\/the-works\/"},{"@type":"ListItem","position":3,"name":"Liqueur"}]},{"@type":"WebSite","@id":"https:\/\/cappiello.fr\/en\/#website","url":"https:\/\/cappiello.fr\/en\/","name":"Catalogue raisonn\u00e9 de Leonetto Cappiello","description":"Plongez dans l&#039;univers de Leonetto Cappiello, le p\u00e8re de la publicit\u00e9 moderne","potentialAction":[{"@type":"SearchAction","target":{"@type":"EntryPoint","urlTemplate":"https:\/\/cappiello.fr\/en\/?s={search_term_string}"},"query-input":{"@type":"PropertyValueSpecification","valueRequired":true,"valueName":"search_term_string"}}],"inLanguage":"en-US"}]},"product_price_currency":"EUR","og_availability":"instock","product_availability":"instock","product_retailer_item_id":"1920039E0","product_condition":"new"},"_links":{"self":[{"href":"https:\/\/cappiello.fr\/en\/wp-json\/wp\/v2\/product\/132781","targetHints":{"allow":["GET"]}}],"collection":[{"href":"https:\/\/cappiello.fr\/en\/wp-json\/wp\/v2\/product"}],"about":[{"href":"https:\/\/cappiello.fr\/en\/wp-json\/wp\/v2\/types\/product"}],"wp:featuredmedia":[{"embeddable":true,"href":"https:\/\/cappiello.fr\/en\/wp-json\/wp\/v2\/media\/134687"}],"wp:attachment":[{"href":"https:\/\/cappiello.fr\/en\/wp-json\/wp\/v2\/media?parent=132781"}],"wp:term":[{"taxonomy":"type-doeuvre","embeddable":true,"href":"https:\/\/cappiello.fr\/en\/wp-json\/wp\/v2\/type-doeuvre?post=132781"},{"taxonomy":"product_brand","embeddable":true,"href":"https:\/\/cappiello.fr\/en\/wp-json\/wp\/v2\/product_brand?post=132781"},{"taxonomy":"product_cat","embeddable":true,"href":"https:\/\/cappiello.fr\/en\/wp-json\/wp\/v2\/product_cat?post=132781"},{"taxonomy":"product_tag","embeddable":true,"href":"https:\/\/cappiello.fr\/en\/wp-json\/wp\/v2\/product_tag?post=132781"}],"curies":[{"name":"wp","href":"https:\/\/api.w.org\/{rel}","templated":true}]}}