{"id":132899,"date":"1931-01-01T00:00:00","date_gmt":"1931-01-01T00:00:00","guid":{"rendered":"https:\/\/cappiello.fr\/produit\/chaudfontaine-4\/"},"modified":"2025-07-13T16:01:31","modified_gmt":"2025-07-13T14:01:31","slug":"chaudfontaine-4","status":"publish","type":"product","link":"https:\/\/cappiello.fr\/en\/produit\/chaudfontaine-4\/","title":{"rendered":"Cristal-Chaudfontaine"},"content":{"rendered":"<p>Doves fly toward a glass of pure water, as if they were going to drink from it.<br \/>\n<Br>This sketch was originally made for &#8220;The Milk.&#8221; The glass was not transparent (See black and white photo).<\/p>\n","protected":false},"excerpt":{"rendered":"<p>The Belgian bottling company Cristal Chaudfontaine was founded in 1926. It marketed Chaudfontaine water from a spring near Li\u00e8ge. The brand still exists today and is owned by Coca-Cola Belgium.<\/p>\n","protected":false},"featured_media":132900,"template":"","meta":{"_acf_changed":false},"type-doeuvre":[4057],"product_brand":[],"product_cat":[3315],"product_tag":[3576,3317],"class_list":{"0":"post-132899","1":"product","2":"type-product","3":"status-publish","4":"has-post-thumbnail","6":"type-doeuvre-affiches","7":"product_cat-soft-drinks","8":"product_tag-glass-en-14","9":"product_tag-woman-en","10":"pa_periode-1930-1940-en","11":"pa_type-de-contenu-esquisse-en","13":"first","14":"instock","15":"virtual","16":"product-type-simple"},"acf":[],"yoast_head":"<!-- This site is optimized with the Yoast SEO Premium plugin v27.0 (Yoast SEO v27.4) - https:\/\/yoast.com\/product\/yoast-seo-premium-wordpress\/ -->\n<title>Cristal-Chaudfontaine - Catalogue Raisonn\u00e9 de Leonetto Cappiello<\/title>\n<meta name=\"description\" content=\"Doves fly towards a glass of pure water, as if they were going to drink from it. This sketch was initially made for &quot;The Milk&quot;. The glass was not transparent (Cf. black and white photo).\" \/>\n<meta name=\"robots\" content=\"index, follow, max-snippet:-1, max-image-preview:large, max-video-preview:-1\" \/>\n<link rel=\"canonical\" href=\"https:\/\/cappiello.fr\/en\/produit\/chaudfontaine-4\/\" \/>\n<meta property=\"og:locale\" content=\"en_US\" \/>\n<meta property=\"og:type\" content=\"article\" \/>\n<meta property=\"og:title\" content=\"Cristal-Chaudfontaine\" \/>\n<meta property=\"og:description\" content=\"Doves fly towards a glass of pure water, as if they were going to drink from it. This sketch was initially made for &quot;The Milk&quot;. The glass was not transparent (Cf. black and white photo).\" \/>\n<meta property=\"og:url\" content=\"https:\/\/cappiello.fr\/en\/produit\/chaudfontaine-4\/\" \/>\n<meta property=\"og:site_name\" content=\"Catalogue raisonn\u00e9 de Leonetto Cappiello\" \/>\n<meta property=\"article:modified_time\" content=\"2025-07-13T14:01:31+00:00\" \/>\n<meta property=\"og:image\" content=\"https:\/\/cappiello.fr\/wp-content\/uploads\/2024\/10\/Esquisse-affiche-publicitaire-cristal-chaudfontaine-cappiello-1931.jpg\" \/>\n\t<meta property=\"og:image:width\" content=\"580\" \/>\n\t<meta property=\"og:image:height\" content=\"800\" \/>\n\t<meta property=\"og:image:type\" content=\"image\/jpeg\" \/>\n<meta name=\"twitter:card\" content=\"summary_large_image\" \/>\n<meta name=\"twitter:title\" content=\"Cristal-Chaudfontaine\" \/>\n<meta name=\"twitter:description\" content=\"Doves fly towards a glass of pure water, as if they were going to drink from it. This sketch was initially made for &quot;The Milk&quot;. The glass was not transparent (Cf. black and white photo).\" \/>\n<meta name=\"twitter:label1\" content=\"Price\" \/>\n\t<meta name=\"twitter:data1\" content=\"\" \/>\n\t<meta name=\"twitter:label2\" content=\"Availability\" \/>\n\t<meta name=\"twitter:data2\" content=\"In stock\" \/>\n<script type=\"application\/ld+json\" class=\"yoast-schema-graph\">{\"@context\":\"https:\\\/\\\/schema.org\",\"@graph\":[{\"@type\":[\"WebPage\",\"ItemPage\"],\"@id\":\"https:\\\/\\\/cappiello.fr\\\/en\\\/produit\\\/chaudfontaine-4\\\/\",\"url\":\"https:\\\/\\\/cappiello.fr\\\/en\\\/produit\\\/chaudfontaine-4\\\/\",\"name\":\"Cristal-Chaudfontaine - Catalogue Raisonn\u00e9 de Leonetto Cappiello\",\"isPartOf\":{\"@id\":\"https:\\\/\\\/cappiello.fr\\\/en\\\/#website\"},\"primaryImageOfPage\":{\"@id\":\"https:\\\/\\\/cappiello.fr\\\/en\\\/produit\\\/chaudfontaine-4\\\/#primaryimage\"},\"image\":{\"@id\":\"https:\\\/\\\/cappiello.fr\\\/en\\\/produit\\\/chaudfontaine-4\\\/#primaryimage\"},\"thumbnailUrl\":\"https:\\\/\\\/cappiello.fr\\\/wp-content\\\/uploads\\\/2024\\\/10\\\/Esquisse-affiche-publicitaire-cristal-chaudfontaine-cappiello-1931.jpg\",\"datePublished\":\"1931-01-01T00:00:00+00:00\",\"dateModified\":\"2025-07-13T14:01:31+00:00\",\"description\":\"Doves fly towards a glass of pure water, as if they were going to drink from it. This sketch was initially made for \\\"The Milk\\\". The glass was not transparent (Cf. black and white photo).\",\"breadcrumb\":{\"@id\":\"https:\\\/\\\/cappiello.fr\\\/en\\\/produit\\\/chaudfontaine-4\\\/#breadcrumb\"},\"inLanguage\":\"en-US\",\"potentialAction\":[{\"@type\":\"ReadAction\",\"target\":[\"https:\\\/\\\/cappiello.fr\\\/en\\\/produit\\\/chaudfontaine-4\\\/\"]}]},{\"@type\":\"ImageObject\",\"inLanguage\":\"en-US\",\"@id\":\"https:\\\/\\\/cappiello.fr\\\/en\\\/produit\\\/chaudfontaine-4\\\/#primaryimage\",\"url\":\"https:\\\/\\\/cappiello.fr\\\/wp-content\\\/uploads\\\/2024\\\/10\\\/Esquisse-affiche-publicitaire-cristal-chaudfontaine-cappiello-1931.jpg\",\"contentUrl\":\"https:\\\/\\\/cappiello.fr\\\/wp-content\\\/uploads\\\/2024\\\/10\\\/Esquisse-affiche-publicitaire-cristal-chaudfontaine-cappiello-1931.jpg\",\"width\":580,\"height\":800,\"caption\":\"La soci\u00e9t\u00e9 d'embouteillage belge Cristal Chaudfontaine \u00e0 \u00e9t\u00e9 cr\u00e9\u00e9e en 1926. Elle commercialisait l'eau Chaudfontaine \u00e0 partir d'une source pr\u00e8s de Li\u00e8ge. Cette marque existe toujours aujourd'hui et appartient \u00e0 Coca-Cola Belgique.\"},{\"@type\":\"BreadcrumbList\",\"@id\":\"https:\\\/\\\/cappiello.fr\\\/en\\\/produit\\\/chaudfontaine-4\\\/#breadcrumb\",\"itemListElement\":[{\"@type\":\"ListItem\",\"position\":1,\"name\":\"Accueil\",\"item\":\"https:\\\/\\\/cappiello.fr\\\/en\\\/\"},{\"@type\":\"ListItem\",\"position\":2,\"name\":\"The works\",\"item\":\"https:\\\/\\\/cappiello.fr\\\/en\\\/the-works\\\/\"},{\"@type\":\"ListItem\",\"position\":3,\"name\":\"Cristal-Chaudfontaine\"}]},{\"@type\":\"WebSite\",\"@id\":\"https:\\\/\\\/cappiello.fr\\\/en\\\/#website\",\"url\":\"https:\\\/\\\/cappiello.fr\\\/en\\\/\",\"name\":\"Catalogue raisonn\u00e9 de Leonetto Cappiello\",\"description\":\"Plongez dans l&#039;univers de Leonetto Cappiello, le p\u00e8re de la publicit\u00e9 moderne\",\"potentialAction\":[{\"@type\":\"SearchAction\",\"target\":{\"@type\":\"EntryPoint\",\"urlTemplate\":\"https:\\\/\\\/cappiello.fr\\\/en\\\/?s={search_term_string}\"},\"query-input\":{\"@type\":\"PropertyValueSpecification\",\"valueRequired\":true,\"valueName\":\"search_term_string\"}}],\"inLanguage\":\"en-US\"}]}<\/script>\n<meta property=\"product:price:currency\" content=\"EUR\" \/>\n<meta property=\"og:availability\" content=\"instock\" \/>\n<meta property=\"product:availability\" content=\"instock\" \/>\n<meta property=\"product:retailer_item_id\" content=\"1931024E0\" \/>\n<meta property=\"product:condition\" content=\"new\" \/>\n<!-- \/ Yoast SEO Premium plugin. -->","yoast_head_json":{"title":"Cristal-Chaudfontaine - Catalogue Raisonn\u00e9 de Leonetto Cappiello","description":"Doves fly towards a glass of pure water, as if they were going to drink from it. This sketch was initially made for \"The Milk\". The glass was not transparent (Cf. black and white photo).","robots":{"index":"index","follow":"follow","max-snippet":"max-snippet:-1","max-image-preview":"max-image-preview:large","max-video-preview":"max-video-preview:-1"},"canonical":"https:\/\/cappiello.fr\/en\/produit\/chaudfontaine-4\/","og_locale":"en_US","og_type":"article","og_title":"Cristal-Chaudfontaine","og_description":"Doves fly towards a glass of pure water, as if they were going to drink from it. This sketch was initially made for \"The Milk\". The glass was not transparent (Cf. black and white photo).","og_url":"https:\/\/cappiello.fr\/en\/produit\/chaudfontaine-4\/","og_site_name":"Catalogue raisonn\u00e9 de Leonetto Cappiello","article_modified_time":"2025-07-13T14:01:31+00:00","og_image":[{"width":580,"height":800,"url":"https:\/\/cappiello.fr\/wp-content\/uploads\/2024\/10\/Esquisse-affiche-publicitaire-cristal-chaudfontaine-cappiello-1931.jpg","type":"image\/jpeg"}],"twitter_card":"summary_large_image","twitter_title":"Cristal-Chaudfontaine","twitter_description":"Doves fly towards a glass of pure water, as if they were going to drink from it. This sketch was initially made for \"The Milk\". The glass was not transparent (Cf. black and white photo).","twitter_misc":{"Price":"","Availability":"In stock"},"schema":{"@context":"https:\/\/schema.org","@graph":[{"@type":["WebPage","ItemPage"],"@id":"https:\/\/cappiello.fr\/en\/produit\/chaudfontaine-4\/","url":"https:\/\/cappiello.fr\/en\/produit\/chaudfontaine-4\/","name":"Cristal-Chaudfontaine - Catalogue Raisonn\u00e9 de Leonetto Cappiello","isPartOf":{"@id":"https:\/\/cappiello.fr\/en\/#website"},"primaryImageOfPage":{"@id":"https:\/\/cappiello.fr\/en\/produit\/chaudfontaine-4\/#primaryimage"},"image":{"@id":"https:\/\/cappiello.fr\/en\/produit\/chaudfontaine-4\/#primaryimage"},"thumbnailUrl":"https:\/\/cappiello.fr\/wp-content\/uploads\/2024\/10\/Esquisse-affiche-publicitaire-cristal-chaudfontaine-cappiello-1931.jpg","datePublished":"1931-01-01T00:00:00+00:00","dateModified":"2025-07-13T14:01:31+00:00","description":"Doves fly towards a glass of pure water, as if they were going to drink from it. This sketch was initially made for \"The Milk\". The glass was not transparent (Cf. black and white photo).","breadcrumb":{"@id":"https:\/\/cappiello.fr\/en\/produit\/chaudfontaine-4\/#breadcrumb"},"inLanguage":"en-US","potentialAction":[{"@type":"ReadAction","target":["https:\/\/cappiello.fr\/en\/produit\/chaudfontaine-4\/"]}]},{"@type":"ImageObject","inLanguage":"en-US","@id":"https:\/\/cappiello.fr\/en\/produit\/chaudfontaine-4\/#primaryimage","url":"https:\/\/cappiello.fr\/wp-content\/uploads\/2024\/10\/Esquisse-affiche-publicitaire-cristal-chaudfontaine-cappiello-1931.jpg","contentUrl":"https:\/\/cappiello.fr\/wp-content\/uploads\/2024\/10\/Esquisse-affiche-publicitaire-cristal-chaudfontaine-cappiello-1931.jpg","width":580,"height":800,"caption":"La soci\u00e9t\u00e9 d'embouteillage belge Cristal Chaudfontaine \u00e0 \u00e9t\u00e9 cr\u00e9\u00e9e en 1926. Elle commercialisait l'eau Chaudfontaine \u00e0 partir d'une source pr\u00e8s de Li\u00e8ge. Cette marque existe toujours aujourd'hui et appartient \u00e0 Coca-Cola Belgique."},{"@type":"BreadcrumbList","@id":"https:\/\/cappiello.fr\/en\/produit\/chaudfontaine-4\/#breadcrumb","itemListElement":[{"@type":"ListItem","position":1,"name":"Accueil","item":"https:\/\/cappiello.fr\/en\/"},{"@type":"ListItem","position":2,"name":"The works","item":"https:\/\/cappiello.fr\/en\/the-works\/"},{"@type":"ListItem","position":3,"name":"Cristal-Chaudfontaine"}]},{"@type":"WebSite","@id":"https:\/\/cappiello.fr\/en\/#website","url":"https:\/\/cappiello.fr\/en\/","name":"Catalogue raisonn\u00e9 de Leonetto Cappiello","description":"Plongez dans l&#039;univers de Leonetto Cappiello, le p\u00e8re de la publicit\u00e9 moderne","potentialAction":[{"@type":"SearchAction","target":{"@type":"EntryPoint","urlTemplate":"https:\/\/cappiello.fr\/en\/?s={search_term_string}"},"query-input":{"@type":"PropertyValueSpecification","valueRequired":true,"valueName":"search_term_string"}}],"inLanguage":"en-US"}]},"product_price_currency":"EUR","og_availability":"instock","product_availability":"instock","product_retailer_item_id":"1931024E0","product_condition":"new"},"_links":{"self":[{"href":"https:\/\/cappiello.fr\/en\/wp-json\/wp\/v2\/product\/132899","targetHints":{"allow":["GET"]}}],"collection":[{"href":"https:\/\/cappiello.fr\/en\/wp-json\/wp\/v2\/product"}],"about":[{"href":"https:\/\/cappiello.fr\/en\/wp-json\/wp\/v2\/types\/product"}],"wp:featuredmedia":[{"embeddable":true,"href":"https:\/\/cappiello.fr\/en\/wp-json\/wp\/v2\/media\/132900"}],"wp:attachment":[{"href":"https:\/\/cappiello.fr\/en\/wp-json\/wp\/v2\/media?parent=132899"}],"wp:term":[{"taxonomy":"type-doeuvre","embeddable":true,"href":"https:\/\/cappiello.fr\/en\/wp-json\/wp\/v2\/type-doeuvre?post=132899"},{"taxonomy":"product_brand","embeddable":true,"href":"https:\/\/cappiello.fr\/en\/wp-json\/wp\/v2\/product_brand?post=132899"},{"taxonomy":"product_cat","embeddable":true,"href":"https:\/\/cappiello.fr\/en\/wp-json\/wp\/v2\/product_cat?post=132899"},{"taxonomy":"product_tag","embeddable":true,"href":"https:\/\/cappiello.fr\/en\/wp-json\/wp\/v2\/product_tag?post=132899"}],"curies":[{"name":"wp","href":"https:\/\/api.w.org\/{rel}","templated":true}]}}