{"id":132919,"date":"1931-01-01T00:00:00","date_gmt":"1931-01-01T00:00:00","guid":{"rendered":"https:\/\/cappiello.fr\/produit\/pastilles-contre-la-toux-3\/"},"modified":"2025-05-14T23:38:21","modified_gmt":"2025-05-14T21:38:21","slug":"pastilles-contre-la-toux-3","status":"publish","type":"product","link":"https:\/\/cappiello.fr\/en\/produit\/pastilles-contre-la-toux-3\/","title":{"rendered":"Pastilles contre la toux"},"content":{"rendered":"<p>A woman has just placed a cough drop on her tongue.<br \/>\nIn these 5 pages of studies, Cappiello searches for the general silhouette, he searches for the position of the head and the right hand, he defines the position of the body and decides on the final choice.<br \/>\nOn these same pages, Cappiello conducts other poster studies. Ideas come faster than paper!<\/p>\n","protected":false},"excerpt":{"rendered":"<p>Cough drops<\/p>\n","protected":false},"featured_media":132920,"template":"","meta":{"_acf_changed":false},"type-doeuvre":[4057],"product_brand":[],"product_cat":[3288],"product_tag":[3264,3545,3386],"class_list":{"0":"post-132919","1":"product","2":"type-product","3":"status-publish","4":"has-post-thumbnail","6":"type-doeuvre-affiches","7":"product_cat-pharmaceutical-products","8":"product_tag-face","9":"product_tag-smile-en-5","10":"product_tag-head","11":"pa_periode-1930-1940-en","12":"pa_type-de-contenu-thumbnail","14":"first","15":"instock","16":"virtual","17":"product-type-simple"},"acf":[],"yoast_head":"<!-- This site is optimized with the Yoast SEO Premium plugin v27.0 (Yoast SEO v27.4) - https:\/\/yoast.com\/product\/yoast-seo-premium-wordpress\/ -->\n<title>Pastilles contre la toux - Catalogue Raisonn\u00e9 de Leonetto Cappiello<\/title>\n<meta name=\"description\" content=\"A woman has just placed a cough drop on her tongue. In these 5 study pages, Cappiello seeks the overall silhouette, he searches for the position of the head and the right hand, he defines the body&#039;s position and decides on the final choice. On these same pages, Cappiello conducts other poster studies. Ideas come faster than paper!\" \/>\n<meta name=\"robots\" content=\"index, follow, max-snippet:-1, max-image-preview:large, max-video-preview:-1\" \/>\n<link rel=\"canonical\" href=\"https:\/\/cappiello.fr\/en\/produit\/pastilles-contre-la-toux-3\/\" \/>\n<meta property=\"og:locale\" content=\"en_US\" \/>\n<meta property=\"og:type\" content=\"article\" \/>\n<meta property=\"og:title\" content=\"Pastilles contre la toux\" \/>\n<meta property=\"og:description\" content=\"A woman has just placed a cough drop on her tongue. In these 5 study pages, Cappiello seeks the overall silhouette, he searches for the position of the head and the right hand, he defines the body&#039;s position and decides on the final choice. On these same pages, Cappiello conducts other poster studies. Ideas come faster than paper!\" \/>\n<meta property=\"og:url\" content=\"https:\/\/cappiello.fr\/en\/produit\/pastilles-contre-la-toux-3\/\" \/>\n<meta property=\"og:site_name\" content=\"Catalogue raisonn\u00e9 de Leonetto Cappiello\" \/>\n<meta property=\"article:modified_time\" content=\"2025-05-14T21:38:21+00:00\" \/>\n<meta property=\"og:image\" content=\"https:\/\/cappiello.fr\/wp-content\/uploads\/2024\/10\/Vignette-affiche-publicitaire-pastilles-contre-la-toux-cappiello-1931.jpg\" \/>\n\t<meta property=\"og:image:width\" content=\"590\" \/>\n\t<meta property=\"og:image:height\" content=\"800\" \/>\n\t<meta property=\"og:image:type\" content=\"image\/jpeg\" \/>\n<meta name=\"twitter:card\" content=\"summary_large_image\" \/>\n<meta name=\"twitter:title\" content=\"Pastilles contre la toux\" \/>\n<meta name=\"twitter:description\" content=\"A woman has just placed a cough drop on her tongue. In these 5 study pages, Cappiello seeks the overall silhouette, he searches for the position of the head and the right hand, he defines the body&#039;s position and decides on the final choice. On these same pages, Cappiello conducts other poster studies. Ideas come faster than paper!\" \/>\n<meta name=\"twitter:label1\" content=\"Price\" \/>\n\t<meta name=\"twitter:data1\" content=\"\" \/>\n\t<meta name=\"twitter:label2\" content=\"Availability\" \/>\n\t<meta name=\"twitter:data2\" content=\"In stock\" \/>\n<script type=\"application\/ld+json\" class=\"yoast-schema-graph\">{\"@context\":\"https:\\\/\\\/schema.org\",\"@graph\":[{\"@type\":[\"WebPage\",\"ItemPage\"],\"@id\":\"https:\\\/\\\/cappiello.fr\\\/en\\\/produit\\\/pastilles-contre-la-toux-3\\\/\",\"url\":\"https:\\\/\\\/cappiello.fr\\\/en\\\/produit\\\/pastilles-contre-la-toux-3\\\/\",\"name\":\"Pastilles contre la toux - Catalogue Raisonn\u00e9 de Leonetto Cappiello\",\"isPartOf\":{\"@id\":\"https:\\\/\\\/cappiello.fr\\\/en\\\/#website\"},\"primaryImageOfPage\":{\"@id\":\"https:\\\/\\\/cappiello.fr\\\/en\\\/produit\\\/pastilles-contre-la-toux-3\\\/#primaryimage\"},\"image\":{\"@id\":\"https:\\\/\\\/cappiello.fr\\\/en\\\/produit\\\/pastilles-contre-la-toux-3\\\/#primaryimage\"},\"thumbnailUrl\":\"https:\\\/\\\/cappiello.fr\\\/wp-content\\\/uploads\\\/2024\\\/10\\\/Vignette-affiche-publicitaire-pastilles-contre-la-toux-cappiello-1931.jpg\",\"datePublished\":\"1931-01-01T00:00:00+00:00\",\"dateModified\":\"2025-05-14T21:38:21+00:00\",\"description\":\"A woman has just placed a cough drop on her tongue. In these 5 study pages, Cappiello seeks the overall silhouette, he searches for the position of the head and the right hand, he defines the body's position and decides on the final choice. On these same pages, Cappiello conducts other poster studies. Ideas come faster than paper!\",\"breadcrumb\":{\"@id\":\"https:\\\/\\\/cappiello.fr\\\/en\\\/produit\\\/pastilles-contre-la-toux-3\\\/#breadcrumb\"},\"inLanguage\":\"en-US\",\"potentialAction\":[{\"@type\":\"ReadAction\",\"target\":[\"https:\\\/\\\/cappiello.fr\\\/en\\\/produit\\\/pastilles-contre-la-toux-3\\\/\"]}]},{\"@type\":\"ImageObject\",\"inLanguage\":\"en-US\",\"@id\":\"https:\\\/\\\/cappiello.fr\\\/en\\\/produit\\\/pastilles-contre-la-toux-3\\\/#primaryimage\",\"url\":\"https:\\\/\\\/cappiello.fr\\\/wp-content\\\/uploads\\\/2024\\\/10\\\/Vignette-affiche-publicitaire-pastilles-contre-la-toux-cappiello-1931.jpg\",\"contentUrl\":\"https:\\\/\\\/cappiello.fr\\\/wp-content\\\/uploads\\\/2024\\\/10\\\/Vignette-affiche-publicitaire-pastilles-contre-la-toux-cappiello-1931.jpg\",\"width\":590,\"height\":800,\"caption\":\"Pastilles contre la toux\"},{\"@type\":\"BreadcrumbList\",\"@id\":\"https:\\\/\\\/cappiello.fr\\\/en\\\/produit\\\/pastilles-contre-la-toux-3\\\/#breadcrumb\",\"itemListElement\":[{\"@type\":\"ListItem\",\"position\":1,\"name\":\"Accueil\",\"item\":\"https:\\\/\\\/cappiello.fr\\\/en\\\/\"},{\"@type\":\"ListItem\",\"position\":2,\"name\":\"The works\",\"item\":\"https:\\\/\\\/cappiello.fr\\\/en\\\/the-works\\\/\"},{\"@type\":\"ListItem\",\"position\":3,\"name\":\"Pastilles contre la toux\"}]},{\"@type\":\"WebSite\",\"@id\":\"https:\\\/\\\/cappiello.fr\\\/en\\\/#website\",\"url\":\"https:\\\/\\\/cappiello.fr\\\/en\\\/\",\"name\":\"Catalogue raisonn\u00e9 de Leonetto Cappiello\",\"description\":\"Plongez dans l&#039;univers de Leonetto Cappiello, le p\u00e8re de la publicit\u00e9 moderne\",\"potentialAction\":[{\"@type\":\"SearchAction\",\"target\":{\"@type\":\"EntryPoint\",\"urlTemplate\":\"https:\\\/\\\/cappiello.fr\\\/en\\\/?s={search_term_string}\"},\"query-input\":{\"@type\":\"PropertyValueSpecification\",\"valueRequired\":true,\"valueName\":\"search_term_string\"}}],\"inLanguage\":\"en-US\"}]}<\/script>\n<meta property=\"product:price:currency\" content=\"EUR\" \/>\n<meta property=\"og:availability\" content=\"instock\" \/>\n<meta property=\"product:availability\" content=\"instock\" \/>\n<meta property=\"product:retailer_item_id\" content=\"1931016A0, 1931016A1, 1931016A2, 1931016A3 et 1931016A4\" \/>\n<meta property=\"product:condition\" content=\"new\" \/>\n<!-- \/ Yoast SEO Premium plugin. -->","yoast_head_json":{"title":"Pastilles contre la toux - Catalogue Raisonn\u00e9 de Leonetto Cappiello","description":"A woman has just placed a cough drop on her tongue. In these 5 study pages, Cappiello seeks the overall silhouette, he searches for the position of the head and the right hand, he defines the body's position and decides on the final choice. On these same pages, Cappiello conducts other poster studies. Ideas come faster than paper!","robots":{"index":"index","follow":"follow","max-snippet":"max-snippet:-1","max-image-preview":"max-image-preview:large","max-video-preview":"max-video-preview:-1"},"canonical":"https:\/\/cappiello.fr\/en\/produit\/pastilles-contre-la-toux-3\/","og_locale":"en_US","og_type":"article","og_title":"Pastilles contre la toux","og_description":"A woman has just placed a cough drop on her tongue. In these 5 study pages, Cappiello seeks the overall silhouette, he searches for the position of the head and the right hand, he defines the body's position and decides on the final choice. On these same pages, Cappiello conducts other poster studies. Ideas come faster than paper!","og_url":"https:\/\/cappiello.fr\/en\/produit\/pastilles-contre-la-toux-3\/","og_site_name":"Catalogue raisonn\u00e9 de Leonetto Cappiello","article_modified_time":"2025-05-14T21:38:21+00:00","og_image":[{"width":590,"height":800,"url":"https:\/\/cappiello.fr\/wp-content\/uploads\/2024\/10\/Vignette-affiche-publicitaire-pastilles-contre-la-toux-cappiello-1931.jpg","type":"image\/jpeg"}],"twitter_card":"summary_large_image","twitter_title":"Pastilles contre la toux","twitter_description":"A woman has just placed a cough drop on her tongue. In these 5 study pages, Cappiello seeks the overall silhouette, he searches for the position of the head and the right hand, he defines the body's position and decides on the final choice. On these same pages, Cappiello conducts other poster studies. Ideas come faster than paper!","twitter_misc":{"Price":"","Availability":"In stock"},"schema":{"@context":"https:\/\/schema.org","@graph":[{"@type":["WebPage","ItemPage"],"@id":"https:\/\/cappiello.fr\/en\/produit\/pastilles-contre-la-toux-3\/","url":"https:\/\/cappiello.fr\/en\/produit\/pastilles-contre-la-toux-3\/","name":"Pastilles contre la toux - Catalogue Raisonn\u00e9 de Leonetto Cappiello","isPartOf":{"@id":"https:\/\/cappiello.fr\/en\/#website"},"primaryImageOfPage":{"@id":"https:\/\/cappiello.fr\/en\/produit\/pastilles-contre-la-toux-3\/#primaryimage"},"image":{"@id":"https:\/\/cappiello.fr\/en\/produit\/pastilles-contre-la-toux-3\/#primaryimage"},"thumbnailUrl":"https:\/\/cappiello.fr\/wp-content\/uploads\/2024\/10\/Vignette-affiche-publicitaire-pastilles-contre-la-toux-cappiello-1931.jpg","datePublished":"1931-01-01T00:00:00+00:00","dateModified":"2025-05-14T21:38:21+00:00","description":"A woman has just placed a cough drop on her tongue. In these 5 study pages, Cappiello seeks the overall silhouette, he searches for the position of the head and the right hand, he defines the body's position and decides on the final choice. On these same pages, Cappiello conducts other poster studies. Ideas come faster than paper!","breadcrumb":{"@id":"https:\/\/cappiello.fr\/en\/produit\/pastilles-contre-la-toux-3\/#breadcrumb"},"inLanguage":"en-US","potentialAction":[{"@type":"ReadAction","target":["https:\/\/cappiello.fr\/en\/produit\/pastilles-contre-la-toux-3\/"]}]},{"@type":"ImageObject","inLanguage":"en-US","@id":"https:\/\/cappiello.fr\/en\/produit\/pastilles-contre-la-toux-3\/#primaryimage","url":"https:\/\/cappiello.fr\/wp-content\/uploads\/2024\/10\/Vignette-affiche-publicitaire-pastilles-contre-la-toux-cappiello-1931.jpg","contentUrl":"https:\/\/cappiello.fr\/wp-content\/uploads\/2024\/10\/Vignette-affiche-publicitaire-pastilles-contre-la-toux-cappiello-1931.jpg","width":590,"height":800,"caption":"Pastilles contre la toux"},{"@type":"BreadcrumbList","@id":"https:\/\/cappiello.fr\/en\/produit\/pastilles-contre-la-toux-3\/#breadcrumb","itemListElement":[{"@type":"ListItem","position":1,"name":"Accueil","item":"https:\/\/cappiello.fr\/en\/"},{"@type":"ListItem","position":2,"name":"The works","item":"https:\/\/cappiello.fr\/en\/the-works\/"},{"@type":"ListItem","position":3,"name":"Pastilles contre la toux"}]},{"@type":"WebSite","@id":"https:\/\/cappiello.fr\/en\/#website","url":"https:\/\/cappiello.fr\/en\/","name":"Catalogue raisonn\u00e9 de Leonetto Cappiello","description":"Plongez dans l&#039;univers de Leonetto Cappiello, le p\u00e8re de la publicit\u00e9 moderne","potentialAction":[{"@type":"SearchAction","target":{"@type":"EntryPoint","urlTemplate":"https:\/\/cappiello.fr\/en\/?s={search_term_string}"},"query-input":{"@type":"PropertyValueSpecification","valueRequired":true,"valueName":"search_term_string"}}],"inLanguage":"en-US"}]},"product_price_currency":"EUR","og_availability":"instock","product_availability":"instock","product_retailer_item_id":"1931016A0, 1931016A1, 1931016A2, 1931016A3 et 1931016A4","product_condition":"new"},"_links":{"self":[{"href":"https:\/\/cappiello.fr\/en\/wp-json\/wp\/v2\/product\/132919","targetHints":{"allow":["GET"]}}],"collection":[{"href":"https:\/\/cappiello.fr\/en\/wp-json\/wp\/v2\/product"}],"about":[{"href":"https:\/\/cappiello.fr\/en\/wp-json\/wp\/v2\/types\/product"}],"wp:featuredmedia":[{"embeddable":true,"href":"https:\/\/cappiello.fr\/en\/wp-json\/wp\/v2\/media\/132920"}],"wp:attachment":[{"href":"https:\/\/cappiello.fr\/en\/wp-json\/wp\/v2\/media?parent=132919"}],"wp:term":[{"taxonomy":"type-doeuvre","embeddable":true,"href":"https:\/\/cappiello.fr\/en\/wp-json\/wp\/v2\/type-doeuvre?post=132919"},{"taxonomy":"product_brand","embeddable":true,"href":"https:\/\/cappiello.fr\/en\/wp-json\/wp\/v2\/product_brand?post=132919"},{"taxonomy":"product_cat","embeddable":true,"href":"https:\/\/cappiello.fr\/en\/wp-json\/wp\/v2\/product_cat?post=132919"},{"taxonomy":"product_tag","embeddable":true,"href":"https:\/\/cappiello.fr\/en\/wp-json\/wp\/v2\/product_tag?post=132919"}],"curies":[{"name":"wp","href":"https:\/\/api.w.org\/{rel}","templated":true}]}}