{"id":132932,"date":"1931-01-01T00:00:00","date_gmt":"1931-01-01T00:00:00","guid":{"rendered":"https:\/\/cappiello.fr\/produit\/laver-au-soleil\/"},"modified":"2025-05-14T23:38:29","modified_gmt":"2025-05-14T21:38:29","slug":"laver-au-soleil","status":"publish","type":"product","link":"https:\/\/cappiello.fr\/en\/produit\/laver-au-soleil\/","title":{"rendered":"Laver au &#8220;Soleil&#8221;"},"content":{"rendered":"<p><a href=\"https:\/\/cappiello.fr\/en\/produit\/savon-8\/\">The sketch<\/a> was intended for soap for hand washing. Here the detergent is a powder, the washing is no longer necessarily manual. Cappiello therefore changed the position of the laundress. Her task has been lightened and she clearly shows her joy. The laundry is left to dry on the grass in the sun, which recalls the product name a second time.<\/p>\n","protected":false},"excerpt":{"rendered":"<p>Detergent powder for washing laundry, brand Soleil, made in Belgium<\/p>\n","protected":false},"featured_media":134289,"template":"","meta":{"_acf_changed":false},"type-doeuvre":[4057],"product_brand":[],"product_cat":[3277],"product_tag":[3351,3503,3446,3274,3505],"class_list":{"0":"post-132932","1":"product","2":"type-product","3":"status-publish","4":"has-post-thumbnail","6":"type-doeuvre-affiches","7":"product_cat-cleaning-products","8":"product_tag-plate-en-2","9":"product_tag-linen","10":"product_tag-pre-en-2","11":"product_tag-cup-en-2","12":"product_tag-linen-en","13":"pa_periode-1930-1940-en","14":"pa_type-de-contenu-lithography","16":"first","17":"instock","18":"virtual","19":"product-type-simple"},"acf":[],"yoast_head":"<!-- This site is optimized with the Yoast SEO Premium plugin v27.0 (Yoast SEO v27.4) - https:\/\/yoast.com\/product\/yoast-seo-premium-wordpress\/ -->\n<title>Laver au &quot;Soleil&quot; - Catalogue Raisonn\u00e9 de Leonetto Cappiello<\/title>\n<meta name=\"description\" content=\"The sketch was intended for soap for hand washing. Here the detergent is a powder, the washing is no longer necessarily manual. Cappiello therefore changed the position of the laundress. Her task was lightened and she clearly shows her joy. The laundry is left to dry on the grass in the sun, which recalls the product name a second time.\" \/>\n<meta name=\"robots\" content=\"index, follow, max-snippet:-1, max-image-preview:large, max-video-preview:-1\" \/>\n<link rel=\"canonical\" href=\"https:\/\/cappiello.fr\/en\/produit\/laver-au-soleil\/\" \/>\n<meta property=\"og:locale\" content=\"en_US\" \/>\n<meta property=\"og:type\" content=\"article\" \/>\n<meta property=\"og:title\" content=\"Laver au &quot;Soleil&quot;\" \/>\n<meta property=\"og:description\" content=\"The sketch was intended for soap for hand washing. Here the detergent is a powder, the washing is no longer necessarily manual. Cappiello therefore changed the position of the laundress. Her task was lightened and she clearly shows her joy. The laundry is left to dry on the grass in the sun, which recalls the product name a second time.\" \/>\n<meta property=\"og:url\" content=\"https:\/\/cappiello.fr\/en\/produit\/laver-au-soleil\/\" \/>\n<meta property=\"og:site_name\" content=\"Catalogue raisonn\u00e9 de Leonetto Cappiello\" \/>\n<meta property=\"article:modified_time\" content=\"2025-05-14T21:38:29+00:00\" \/>\n<meta property=\"og:image\" content=\"https:\/\/cappiello.fr\/wp-content\/uploads\/2024\/10\/Lithographie-affiche-publicitaire-laver-au-soleil-cappiello-1931.jpg\" \/>\n\t<meta property=\"og:image:width\" content=\"590\" \/>\n\t<meta property=\"og:image:height\" content=\"800\" \/>\n\t<meta property=\"og:image:type\" content=\"image\/jpeg\" \/>\n<meta name=\"twitter:card\" content=\"summary_large_image\" \/>\n<meta name=\"twitter:title\" content=\"Laver au &quot;Soleil&quot;\" \/>\n<meta name=\"twitter:description\" content=\"The sketch was intended for soap for hand washing. Here the detergent is a powder, the washing is no longer necessarily manual. Cappiello therefore changed the position of the laundress. Her task was lightened and she clearly shows her joy. The laundry is left to dry on the grass in the sun, which recalls the product name a second time.\" \/>\n<meta name=\"twitter:label1\" content=\"Price\" \/>\n\t<meta name=\"twitter:data1\" content=\"\" \/>\n\t<meta name=\"twitter:label2\" content=\"Availability\" \/>\n\t<meta name=\"twitter:data2\" content=\"In stock\" \/>\n<script type=\"application\/ld+json\" class=\"yoast-schema-graph\">{\"@context\":\"https:\\\/\\\/schema.org\",\"@graph\":[{\"@type\":[\"WebPage\",\"ItemPage\"],\"@id\":\"https:\\\/\\\/cappiello.fr\\\/en\\\/produit\\\/laver-au-soleil\\\/\",\"url\":\"https:\\\/\\\/cappiello.fr\\\/en\\\/produit\\\/laver-au-soleil\\\/\",\"name\":\"Laver au \\\"Soleil\\\" - Catalogue Raisonn\u00e9 de Leonetto Cappiello\",\"isPartOf\":{\"@id\":\"https:\\\/\\\/cappiello.fr\\\/en\\\/#website\"},\"primaryImageOfPage\":{\"@id\":\"https:\\\/\\\/cappiello.fr\\\/en\\\/produit\\\/laver-au-soleil\\\/#primaryimage\"},\"image\":{\"@id\":\"https:\\\/\\\/cappiello.fr\\\/en\\\/produit\\\/laver-au-soleil\\\/#primaryimage\"},\"thumbnailUrl\":\"https:\\\/\\\/cappiello.fr\\\/wp-content\\\/uploads\\\/2024\\\/10\\\/Lithographie-affiche-publicitaire-laver-au-soleil-cappiello-1931.jpg\",\"datePublished\":\"1931-01-01T00:00:00+00:00\",\"dateModified\":\"2025-05-14T21:38:29+00:00\",\"description\":\"The sketch was intended for soap for hand washing. Here the detergent is a powder, the washing is no longer necessarily manual. Cappiello therefore changed the position of the laundress. Her task was lightened and she clearly shows her joy. The laundry is left to dry on the grass in the sun, which recalls the product name a second time.\",\"breadcrumb\":{\"@id\":\"https:\\\/\\\/cappiello.fr\\\/en\\\/produit\\\/laver-au-soleil\\\/#breadcrumb\"},\"inLanguage\":\"en-US\",\"potentialAction\":[{\"@type\":\"ReadAction\",\"target\":[\"https:\\\/\\\/cappiello.fr\\\/en\\\/produit\\\/laver-au-soleil\\\/\"]}]},{\"@type\":\"ImageObject\",\"inLanguage\":\"en-US\",\"@id\":\"https:\\\/\\\/cappiello.fr\\\/en\\\/produit\\\/laver-au-soleil\\\/#primaryimage\",\"url\":\"https:\\\/\\\/cappiello.fr\\\/wp-content\\\/uploads\\\/2024\\\/10\\\/Lithographie-affiche-publicitaire-laver-au-soleil-cappiello-1931.jpg\",\"contentUrl\":\"https:\\\/\\\/cappiello.fr\\\/wp-content\\\/uploads\\\/2024\\\/10\\\/Lithographie-affiche-publicitaire-laver-au-soleil-cappiello-1931.jpg\",\"width\":590,\"height\":800,\"caption\":\"Poudre d\u00e9tergente pour laver le linge de marque Soleil fabriqu\u00e9e en Belgique\"},{\"@type\":\"BreadcrumbList\",\"@id\":\"https:\\\/\\\/cappiello.fr\\\/en\\\/produit\\\/laver-au-soleil\\\/#breadcrumb\",\"itemListElement\":[{\"@type\":\"ListItem\",\"position\":1,\"name\":\"Accueil\",\"item\":\"https:\\\/\\\/cappiello.fr\\\/en\\\/\"},{\"@type\":\"ListItem\",\"position\":2,\"name\":\"The works\",\"item\":\"https:\\\/\\\/cappiello.fr\\\/en\\\/the-works\\\/\"},{\"@type\":\"ListItem\",\"position\":3,\"name\":\"Laver au &#8220;Soleil&#8221;\"}]},{\"@type\":\"WebSite\",\"@id\":\"https:\\\/\\\/cappiello.fr\\\/en\\\/#website\",\"url\":\"https:\\\/\\\/cappiello.fr\\\/en\\\/\",\"name\":\"Catalogue raisonn\u00e9 de Leonetto Cappiello\",\"description\":\"Plongez dans l&#039;univers de Leonetto Cappiello, le p\u00e8re de la publicit\u00e9 moderne\",\"potentialAction\":[{\"@type\":\"SearchAction\",\"target\":{\"@type\":\"EntryPoint\",\"urlTemplate\":\"https:\\\/\\\/cappiello.fr\\\/en\\\/?s={search_term_string}\"},\"query-input\":{\"@type\":\"PropertyValueSpecification\",\"valueRequired\":true,\"valueName\":\"search_term_string\"}}],\"inLanguage\":\"en-US\"}]}<\/script>\n<meta property=\"product:price:currency\" content=\"EUR\" \/>\n<meta property=\"og:availability\" content=\"instock\" \/>\n<meta property=\"product:availability\" content=\"instock\" \/>\n<meta property=\"product:retailer_item_id\" content=\"1931012Z0\" \/>\n<meta property=\"product:condition\" content=\"new\" \/>\n<!-- \/ Yoast SEO Premium plugin. -->","yoast_head_json":{"title":"Laver au \"Soleil\" - Catalogue Raisonn\u00e9 de Leonetto Cappiello","description":"The sketch was intended for soap for hand washing. Here the detergent is a powder, the washing is no longer necessarily manual. Cappiello therefore changed the position of the laundress. Her task was lightened and she clearly shows her joy. The laundry is left to dry on the grass in the sun, which recalls the product name a second time.","robots":{"index":"index","follow":"follow","max-snippet":"max-snippet:-1","max-image-preview":"max-image-preview:large","max-video-preview":"max-video-preview:-1"},"canonical":"https:\/\/cappiello.fr\/en\/produit\/laver-au-soleil\/","og_locale":"en_US","og_type":"article","og_title":"Laver au \"Soleil\"","og_description":"The sketch was intended for soap for hand washing. Here the detergent is a powder, the washing is no longer necessarily manual. Cappiello therefore changed the position of the laundress. Her task was lightened and she clearly shows her joy. The laundry is left to dry on the grass in the sun, which recalls the product name a second time.","og_url":"https:\/\/cappiello.fr\/en\/produit\/laver-au-soleil\/","og_site_name":"Catalogue raisonn\u00e9 de Leonetto Cappiello","article_modified_time":"2025-05-14T21:38:29+00:00","og_image":[{"width":590,"height":800,"url":"https:\/\/cappiello.fr\/wp-content\/uploads\/2024\/10\/Lithographie-affiche-publicitaire-laver-au-soleil-cappiello-1931.jpg","type":"image\/jpeg"}],"twitter_card":"summary_large_image","twitter_title":"Laver au \"Soleil\"","twitter_description":"The sketch was intended for soap for hand washing. Here the detergent is a powder, the washing is no longer necessarily manual. Cappiello therefore changed the position of the laundress. Her task was lightened and she clearly shows her joy. The laundry is left to dry on the grass in the sun, which recalls the product name a second time.","twitter_misc":{"Price":"","Availability":"In stock"},"schema":{"@context":"https:\/\/schema.org","@graph":[{"@type":["WebPage","ItemPage"],"@id":"https:\/\/cappiello.fr\/en\/produit\/laver-au-soleil\/","url":"https:\/\/cappiello.fr\/en\/produit\/laver-au-soleil\/","name":"Laver au \"Soleil\" - Catalogue Raisonn\u00e9 de Leonetto Cappiello","isPartOf":{"@id":"https:\/\/cappiello.fr\/en\/#website"},"primaryImageOfPage":{"@id":"https:\/\/cappiello.fr\/en\/produit\/laver-au-soleil\/#primaryimage"},"image":{"@id":"https:\/\/cappiello.fr\/en\/produit\/laver-au-soleil\/#primaryimage"},"thumbnailUrl":"https:\/\/cappiello.fr\/wp-content\/uploads\/2024\/10\/Lithographie-affiche-publicitaire-laver-au-soleil-cappiello-1931.jpg","datePublished":"1931-01-01T00:00:00+00:00","dateModified":"2025-05-14T21:38:29+00:00","description":"The sketch was intended for soap for hand washing. Here the detergent is a powder, the washing is no longer necessarily manual. Cappiello therefore changed the position of the laundress. Her task was lightened and she clearly shows her joy. The laundry is left to dry on the grass in the sun, which recalls the product name a second time.","breadcrumb":{"@id":"https:\/\/cappiello.fr\/en\/produit\/laver-au-soleil\/#breadcrumb"},"inLanguage":"en-US","potentialAction":[{"@type":"ReadAction","target":["https:\/\/cappiello.fr\/en\/produit\/laver-au-soleil\/"]}]},{"@type":"ImageObject","inLanguage":"en-US","@id":"https:\/\/cappiello.fr\/en\/produit\/laver-au-soleil\/#primaryimage","url":"https:\/\/cappiello.fr\/wp-content\/uploads\/2024\/10\/Lithographie-affiche-publicitaire-laver-au-soleil-cappiello-1931.jpg","contentUrl":"https:\/\/cappiello.fr\/wp-content\/uploads\/2024\/10\/Lithographie-affiche-publicitaire-laver-au-soleil-cappiello-1931.jpg","width":590,"height":800,"caption":"Poudre d\u00e9tergente pour laver le linge de marque Soleil fabriqu\u00e9e en Belgique"},{"@type":"BreadcrumbList","@id":"https:\/\/cappiello.fr\/en\/produit\/laver-au-soleil\/#breadcrumb","itemListElement":[{"@type":"ListItem","position":1,"name":"Accueil","item":"https:\/\/cappiello.fr\/en\/"},{"@type":"ListItem","position":2,"name":"The works","item":"https:\/\/cappiello.fr\/en\/the-works\/"},{"@type":"ListItem","position":3,"name":"Laver au &#8220;Soleil&#8221;"}]},{"@type":"WebSite","@id":"https:\/\/cappiello.fr\/en\/#website","url":"https:\/\/cappiello.fr\/en\/","name":"Catalogue raisonn\u00e9 de Leonetto Cappiello","description":"Plongez dans l&#039;univers de Leonetto Cappiello, le p\u00e8re de la publicit\u00e9 moderne","potentialAction":[{"@type":"SearchAction","target":{"@type":"EntryPoint","urlTemplate":"https:\/\/cappiello.fr\/en\/?s={search_term_string}"},"query-input":{"@type":"PropertyValueSpecification","valueRequired":true,"valueName":"search_term_string"}}],"inLanguage":"en-US"}]},"product_price_currency":"EUR","og_availability":"instock","product_availability":"instock","product_retailer_item_id":"1931012Z0","product_condition":"new"},"_links":{"self":[{"href":"https:\/\/cappiello.fr\/en\/wp-json\/wp\/v2\/product\/132932","targetHints":{"allow":["GET"]}}],"collection":[{"href":"https:\/\/cappiello.fr\/en\/wp-json\/wp\/v2\/product"}],"about":[{"href":"https:\/\/cappiello.fr\/en\/wp-json\/wp\/v2\/types\/product"}],"wp:featuredmedia":[{"embeddable":true,"href":"https:\/\/cappiello.fr\/en\/wp-json\/wp\/v2\/media\/134289"}],"wp:attachment":[{"href":"https:\/\/cappiello.fr\/en\/wp-json\/wp\/v2\/media?parent=132932"}],"wp:term":[{"taxonomy":"type-doeuvre","embeddable":true,"href":"https:\/\/cappiello.fr\/en\/wp-json\/wp\/v2\/type-doeuvre?post=132932"},{"taxonomy":"product_brand","embeddable":true,"href":"https:\/\/cappiello.fr\/en\/wp-json\/wp\/v2\/product_brand?post=132932"},{"taxonomy":"product_cat","embeddable":true,"href":"https:\/\/cappiello.fr\/en\/wp-json\/wp\/v2\/product_cat?post=132932"},{"taxonomy":"product_tag","embeddable":true,"href":"https:\/\/cappiello.fr\/en\/wp-json\/wp\/v2\/product_tag?post=132932"}],"curies":[{"name":"wp","href":"https:\/\/api.w.org\/{rel}","templated":true}]}}