{"id":132940,"date":"1931-01-01T00:00:00","date_gmt":"1931-01-01T00:00:00","guid":{"rendered":"https:\/\/cappiello.fr\/produit\/bretel-2\/"},"modified":"2025-07-12T16:14:58","modified_gmt":"2025-07-12T14:14:58","slug":"bretel-2","status":"publish","type":"product","link":"https:\/\/cappiello.fr\/en\/produit\/bretel-2\/","title":{"rendered":"Bretel Fr\u00e8res"},"content":{"rendered":"<p>A Norman woman proudly carries a large package of butter in each arm.<br \/>\n<Br>A first draft had been made for the &#8220;M\u00e8re Marianne&#8221; pickles (See black and white photo). After adaptation it was sold to Beurre d&#8217;Isigny.<\/p>\n","protected":false},"excerpt":{"rendered":"<p>Isigny butter from Normandy.<br \/>\n<Br>The company Bretel Fr\u00e8res was founded in 1871 in Valognes. It quickly supplied French and foreign markets using trains and boats. In 1889 it became one of the largest butter factories in the world. In 1933 it had 17 factories. It was taken over by the American company Carnation Company in 1972.<\/p>\n","protected":false},"featured_media":132941,"template":"","meta":{"_acf_changed":false},"type-doeuvre":[4057],"product_brand":[],"product_cat":[3405],"product_tag":[3449,3314,3663],"class_list":{"0":"post-132940","1":"product","2":"type-product","3":"status-publish","4":"has-post-thumbnail","6":"type-doeuvre-affiches","7":"product_cat-dairy-products","8":"product_tag-hat-en-6","9":"product_tag-mercury-en-3","10":"product_tag-pride-en","11":"pa_periode-1930-1940-en","12":"pa_type-de-contenu-lithography","14":"first","15":"instock","16":"virtual","17":"product-type-simple"},"acf":[],"yoast_head":"<!-- This site is optimized with the Yoast SEO Premium plugin v27.0 (Yoast SEO v27.4) - https:\/\/yoast.com\/product\/yoast-seo-premium-wordpress\/ -->\n<title>Bretel Fr\u00e8res - Catalogue Raisonn\u00e9 de Leonetto Cappiello<\/title>\n<meta name=\"description\" content=\"A Norman woman proudly carries a large pack of butter in each arm. A first sketch had been made for the &quot;M\u00e8re Marianne&quot; pickles (see black and white photo). After adaptation, it was sold to Beurre d&#039;Isigny.\" \/>\n<meta name=\"robots\" content=\"index, follow, max-snippet:-1, max-image-preview:large, max-video-preview:-1\" \/>\n<link rel=\"canonical\" href=\"https:\/\/cappiello.fr\/en\/produit\/bretel-2\/\" \/>\n<meta property=\"og:locale\" content=\"en_US\" \/>\n<meta property=\"og:type\" content=\"article\" \/>\n<meta property=\"og:title\" content=\"Bretel Fr\u00e8res\" \/>\n<meta property=\"og:description\" content=\"A Norman woman proudly carries a large pack of butter in each arm. A first sketch had been made for the &quot;M\u00e8re Marianne&quot; pickles (see black and white photo). After adaptation, it was sold to Beurre d&#039;Isigny.\" \/>\n<meta property=\"og:url\" content=\"https:\/\/cappiello.fr\/en\/produit\/bretel-2\/\" \/>\n<meta property=\"og:site_name\" content=\"Catalogue raisonn\u00e9 de Leonetto Cappiello\" \/>\n<meta property=\"article:modified_time\" content=\"2025-07-12T14:14:58+00:00\" \/>\n<meta property=\"og:image\" content=\"https:\/\/cappiello.fr\/wp-content\/uploads\/2024\/10\/Lithographie-affiche-publicitaire-bretel-freres-cappiello-1934.jpg\" \/>\n\t<meta property=\"og:image:width\" content=\"531\" \/>\n\t<meta property=\"og:image:height\" content=\"800\" \/>\n\t<meta property=\"og:image:type\" content=\"image\/jpeg\" \/>\n<meta name=\"twitter:card\" content=\"summary_large_image\" \/>\n<meta name=\"twitter:title\" content=\"Bretel Fr\u00e8res\" \/>\n<meta name=\"twitter:description\" content=\"A Norman woman proudly carries a large pack of butter in each arm. A first sketch had been made for the &quot;M\u00e8re Marianne&quot; pickles (see black and white photo). After adaptation, it was sold to Beurre d&#039;Isigny.\" \/>\n<meta name=\"twitter:label1\" content=\"Price\" \/>\n\t<meta name=\"twitter:data1\" content=\"\" \/>\n\t<meta name=\"twitter:label2\" content=\"Availability\" \/>\n\t<meta name=\"twitter:data2\" content=\"In stock\" \/>\n<script type=\"application\/ld+json\" class=\"yoast-schema-graph\">{\"@context\":\"https:\\\/\\\/schema.org\",\"@graph\":[{\"@type\":[\"WebPage\",\"ItemPage\"],\"@id\":\"https:\\\/\\\/cappiello.fr\\\/en\\\/produit\\\/bretel-2\\\/\",\"url\":\"https:\\\/\\\/cappiello.fr\\\/en\\\/produit\\\/bretel-2\\\/\",\"name\":\"Bretel Fr\u00e8res - Catalogue Raisonn\u00e9 de Leonetto Cappiello\",\"isPartOf\":{\"@id\":\"https:\\\/\\\/cappiello.fr\\\/en\\\/#website\"},\"primaryImageOfPage\":{\"@id\":\"https:\\\/\\\/cappiello.fr\\\/en\\\/produit\\\/bretel-2\\\/#primaryimage\"},\"image\":{\"@id\":\"https:\\\/\\\/cappiello.fr\\\/en\\\/produit\\\/bretel-2\\\/#primaryimage\"},\"thumbnailUrl\":\"https:\\\/\\\/cappiello.fr\\\/wp-content\\\/uploads\\\/2024\\\/10\\\/Lithographie-affiche-publicitaire-bretel-freres-cappiello-1934.jpg\",\"datePublished\":\"1931-01-01T00:00:00+00:00\",\"dateModified\":\"2025-07-12T14:14:58+00:00\",\"description\":\"A Norman woman proudly carries a large pack of butter in each arm. A first sketch had been made for the \\\"M\u00e8re Marianne\\\" pickles (see black and white photo). After adaptation, it was sold to Beurre d'Isigny.\",\"breadcrumb\":{\"@id\":\"https:\\\/\\\/cappiello.fr\\\/en\\\/produit\\\/bretel-2\\\/#breadcrumb\"},\"inLanguage\":\"en-US\",\"potentialAction\":[{\"@type\":\"ReadAction\",\"target\":[\"https:\\\/\\\/cappiello.fr\\\/en\\\/produit\\\/bretel-2\\\/\"]}]},{\"@type\":\"ImageObject\",\"inLanguage\":\"en-US\",\"@id\":\"https:\\\/\\\/cappiello.fr\\\/en\\\/produit\\\/bretel-2\\\/#primaryimage\",\"url\":\"https:\\\/\\\/cappiello.fr\\\/wp-content\\\/uploads\\\/2024\\\/10\\\/Lithographie-affiche-publicitaire-bretel-freres-cappiello-1934.jpg\",\"contentUrl\":\"https:\\\/\\\/cappiello.fr\\\/wp-content\\\/uploads\\\/2024\\\/10\\\/Lithographie-affiche-publicitaire-bretel-freres-cappiello-1934.jpg\",\"width\":531,\"height\":800,\"caption\":\"Beurre d'Isigny en Normandie.\"},{\"@type\":\"BreadcrumbList\",\"@id\":\"https:\\\/\\\/cappiello.fr\\\/en\\\/produit\\\/bretel-2\\\/#breadcrumb\",\"itemListElement\":[{\"@type\":\"ListItem\",\"position\":1,\"name\":\"Accueil\",\"item\":\"https:\\\/\\\/cappiello.fr\\\/en\\\/\"},{\"@type\":\"ListItem\",\"position\":2,\"name\":\"The works\",\"item\":\"https:\\\/\\\/cappiello.fr\\\/en\\\/the-works\\\/\"},{\"@type\":\"ListItem\",\"position\":3,\"name\":\"Bretel Fr\u00e8res\"}]},{\"@type\":\"WebSite\",\"@id\":\"https:\\\/\\\/cappiello.fr\\\/en\\\/#website\",\"url\":\"https:\\\/\\\/cappiello.fr\\\/en\\\/\",\"name\":\"Catalogue raisonn\u00e9 de Leonetto Cappiello\",\"description\":\"Plongez dans l&#039;univers de Leonetto Cappiello, le p\u00e8re de la publicit\u00e9 moderne\",\"potentialAction\":[{\"@type\":\"SearchAction\",\"target\":{\"@type\":\"EntryPoint\",\"urlTemplate\":\"https:\\\/\\\/cappiello.fr\\\/en\\\/?s={search_term_string}\"},\"query-input\":{\"@type\":\"PropertyValueSpecification\",\"valueRequired\":true,\"valueName\":\"search_term_string\"}}],\"inLanguage\":\"en-US\"}]}<\/script>\n<meta property=\"product:price:currency\" content=\"EUR\" \/>\n<meta property=\"og:availability\" content=\"instock\" \/>\n<meta property=\"product:availability\" content=\"instock\" \/>\n<meta property=\"product:retailer_item_id\" content=\"1931028Z0\" \/>\n<meta property=\"product:condition\" content=\"new\" \/>\n<!-- \/ Yoast SEO Premium plugin. -->","yoast_head_json":{"title":"Bretel Fr\u00e8res - Catalogue Raisonn\u00e9 de Leonetto Cappiello","description":"A Norman woman proudly carries a large pack of butter in each arm. A first sketch had been made for the \"M\u00e8re Marianne\" pickles (see black and white photo). After adaptation, it was sold to Beurre d'Isigny.","robots":{"index":"index","follow":"follow","max-snippet":"max-snippet:-1","max-image-preview":"max-image-preview:large","max-video-preview":"max-video-preview:-1"},"canonical":"https:\/\/cappiello.fr\/en\/produit\/bretel-2\/","og_locale":"en_US","og_type":"article","og_title":"Bretel Fr\u00e8res","og_description":"A Norman woman proudly carries a large pack of butter in each arm. A first sketch had been made for the \"M\u00e8re Marianne\" pickles (see black and white photo). After adaptation, it was sold to Beurre d'Isigny.","og_url":"https:\/\/cappiello.fr\/en\/produit\/bretel-2\/","og_site_name":"Catalogue raisonn\u00e9 de Leonetto Cappiello","article_modified_time":"2025-07-12T14:14:58+00:00","og_image":[{"width":531,"height":800,"url":"https:\/\/cappiello.fr\/wp-content\/uploads\/2024\/10\/Lithographie-affiche-publicitaire-bretel-freres-cappiello-1934.jpg","type":"image\/jpeg"}],"twitter_card":"summary_large_image","twitter_title":"Bretel Fr\u00e8res","twitter_description":"A Norman woman proudly carries a large pack of butter in each arm. A first sketch had been made for the \"M\u00e8re Marianne\" pickles (see black and white photo). After adaptation, it was sold to Beurre d'Isigny.","twitter_misc":{"Price":"","Availability":"In stock"},"schema":{"@context":"https:\/\/schema.org","@graph":[{"@type":["WebPage","ItemPage"],"@id":"https:\/\/cappiello.fr\/en\/produit\/bretel-2\/","url":"https:\/\/cappiello.fr\/en\/produit\/bretel-2\/","name":"Bretel Fr\u00e8res - Catalogue Raisonn\u00e9 de Leonetto Cappiello","isPartOf":{"@id":"https:\/\/cappiello.fr\/en\/#website"},"primaryImageOfPage":{"@id":"https:\/\/cappiello.fr\/en\/produit\/bretel-2\/#primaryimage"},"image":{"@id":"https:\/\/cappiello.fr\/en\/produit\/bretel-2\/#primaryimage"},"thumbnailUrl":"https:\/\/cappiello.fr\/wp-content\/uploads\/2024\/10\/Lithographie-affiche-publicitaire-bretel-freres-cappiello-1934.jpg","datePublished":"1931-01-01T00:00:00+00:00","dateModified":"2025-07-12T14:14:58+00:00","description":"A Norman woman proudly carries a large pack of butter in each arm. A first sketch had been made for the \"M\u00e8re Marianne\" pickles (see black and white photo). After adaptation, it was sold to Beurre d'Isigny.","breadcrumb":{"@id":"https:\/\/cappiello.fr\/en\/produit\/bretel-2\/#breadcrumb"},"inLanguage":"en-US","potentialAction":[{"@type":"ReadAction","target":["https:\/\/cappiello.fr\/en\/produit\/bretel-2\/"]}]},{"@type":"ImageObject","inLanguage":"en-US","@id":"https:\/\/cappiello.fr\/en\/produit\/bretel-2\/#primaryimage","url":"https:\/\/cappiello.fr\/wp-content\/uploads\/2024\/10\/Lithographie-affiche-publicitaire-bretel-freres-cappiello-1934.jpg","contentUrl":"https:\/\/cappiello.fr\/wp-content\/uploads\/2024\/10\/Lithographie-affiche-publicitaire-bretel-freres-cappiello-1934.jpg","width":531,"height":800,"caption":"Beurre d'Isigny en Normandie."},{"@type":"BreadcrumbList","@id":"https:\/\/cappiello.fr\/en\/produit\/bretel-2\/#breadcrumb","itemListElement":[{"@type":"ListItem","position":1,"name":"Accueil","item":"https:\/\/cappiello.fr\/en\/"},{"@type":"ListItem","position":2,"name":"The works","item":"https:\/\/cappiello.fr\/en\/the-works\/"},{"@type":"ListItem","position":3,"name":"Bretel Fr\u00e8res"}]},{"@type":"WebSite","@id":"https:\/\/cappiello.fr\/en\/#website","url":"https:\/\/cappiello.fr\/en\/","name":"Catalogue raisonn\u00e9 de Leonetto Cappiello","description":"Plongez dans l&#039;univers de Leonetto Cappiello, le p\u00e8re de la publicit\u00e9 moderne","potentialAction":[{"@type":"SearchAction","target":{"@type":"EntryPoint","urlTemplate":"https:\/\/cappiello.fr\/en\/?s={search_term_string}"},"query-input":{"@type":"PropertyValueSpecification","valueRequired":true,"valueName":"search_term_string"}}],"inLanguage":"en-US"}]},"product_price_currency":"EUR","og_availability":"instock","product_availability":"instock","product_retailer_item_id":"1931028Z0","product_condition":"new"},"_links":{"self":[{"href":"https:\/\/cappiello.fr\/en\/wp-json\/wp\/v2\/product\/132940","targetHints":{"allow":["GET"]}}],"collection":[{"href":"https:\/\/cappiello.fr\/en\/wp-json\/wp\/v2\/product"}],"about":[{"href":"https:\/\/cappiello.fr\/en\/wp-json\/wp\/v2\/types\/product"}],"wp:featuredmedia":[{"embeddable":true,"href":"https:\/\/cappiello.fr\/en\/wp-json\/wp\/v2\/media\/132941"}],"wp:attachment":[{"href":"https:\/\/cappiello.fr\/en\/wp-json\/wp\/v2\/media?parent=132940"}],"wp:term":[{"taxonomy":"type-doeuvre","embeddable":true,"href":"https:\/\/cappiello.fr\/en\/wp-json\/wp\/v2\/type-doeuvre?post=132940"},{"taxonomy":"product_brand","embeddable":true,"href":"https:\/\/cappiello.fr\/en\/wp-json\/wp\/v2\/product_brand?post=132940"},{"taxonomy":"product_cat","embeddable":true,"href":"https:\/\/cappiello.fr\/en\/wp-json\/wp\/v2\/product_cat?post=132940"},{"taxonomy":"product_tag","embeddable":true,"href":"https:\/\/cappiello.fr\/en\/wp-json\/wp\/v2\/product_tag?post=132940"}],"curies":[{"name":"wp","href":"https:\/\/api.w.org\/{rel}","templated":true}]}}