{"id":132942,"date":"1931-01-01T00:00:00","date_gmt":"1931-01-01T00:00:00","guid":{"rendered":"https:\/\/cappiello.fr\/produit\/liqueur-du-pere-kermann-2\/"},"modified":"2025-05-14T23:38:40","modified_gmt":"2025-05-14T21:38:40","slug":"liqueur-du-pere-kermann-2","status":"publish","type":"product","link":"https:\/\/cappiello.fr\/en\/produit\/liqueur-du-pere-kermann-2\/","title":{"rendered":"Liqueur du P\u00e8re Kermann"},"content":{"rendered":"<p>This study page is a good example of how Cappiello searches for the theme (a scientific monk), &#8220;arabesque&#8221; and the layout of the sketch he is going to create.<br \/>\nSo as not to lose his idea, he immediately notes down the colors he has in mind.<\/p>\n","protected":false},"excerpt":{"rendered":"<p>Hygienic liqueur. It &#8220;is successfully used against nervous stomach pains; it is useful to restore the strength of the digestive system and indispensable for good digestion.&#8221; It is produced by Maison Cazanove in Bordeaux.<\/p>\n","protected":false},"featured_media":134472,"template":"","meta":{"_acf_changed":false},"type-doeuvre":[4057],"product_brand":[],"product_cat":[3326],"product_tag":[3289],"class_list":{"0":"post-132942","1":"product","2":"type-product","3":"status-publish","4":"has-post-thumbnail","6":"type-doeuvre-affiches","7":"product_cat-liqueurs","8":"product_tag-mustache","9":"pa_periode-1930-1940-en","10":"pa_type-de-contenu-thumbnail","12":"first","13":"instock","14":"virtual","15":"product-type-simple"},"acf":[],"yoast_head":"<!-- This site is optimized with the Yoast SEO Premium plugin v27.0 (Yoast SEO v27.4) - https:\/\/yoast.com\/product\/yoast-seo-premium-wordpress\/ -->\n<title>Liqueur du P\u00e8re Kermann - Catalogue Raisonn\u00e9 de Leonetto Cappiello<\/title>\n<meta name=\"description\" content=\"This study page is a good example of how Cappiello explores the theme (a scientific monk), the &quot;arabesque,&quot; and the layout of the sketch he will create. To avoid losing his idea, he immediately notes down the colors he has in mind.\" \/>\n<meta name=\"robots\" content=\"index, follow, max-snippet:-1, max-image-preview:large, max-video-preview:-1\" \/>\n<link rel=\"canonical\" href=\"https:\/\/cappiello.fr\/en\/produit\/liqueur-du-pere-kermann-2\/\" \/>\n<meta property=\"og:locale\" content=\"en_US\" \/>\n<meta property=\"og:type\" content=\"article\" \/>\n<meta property=\"og:title\" content=\"Liqueur du P\u00e8re Kermann\" \/>\n<meta property=\"og:description\" content=\"This study page is a good example of how Cappiello explores the theme (a scientific monk), the &quot;arabesque,&quot; and the layout of the sketch he will create. To avoid losing his idea, he immediately notes down the colors he has in mind.\" \/>\n<meta property=\"og:url\" content=\"https:\/\/cappiello.fr\/en\/produit\/liqueur-du-pere-kermann-2\/\" \/>\n<meta property=\"og:site_name\" content=\"Catalogue raisonn\u00e9 de Leonetto Cappiello\" \/>\n<meta property=\"article:modified_time\" content=\"2025-05-14T21:38:40+00:00\" \/>\n<meta property=\"og:image\" content=\"https:\/\/cappiello.fr\/wp-content\/uploads\/2024\/10\/Vignette-affiche-publicitaire-liqueur-du-pere-kermann-cappiello-1931.jpg\" \/>\n\t<meta property=\"og:image:width\" content=\"599\" \/>\n\t<meta property=\"og:image:height\" content=\"800\" \/>\n\t<meta property=\"og:image:type\" content=\"image\/jpeg\" \/>\n<meta name=\"twitter:card\" content=\"summary_large_image\" \/>\n<meta name=\"twitter:title\" content=\"Liqueur du P\u00e8re Kermann\" \/>\n<meta name=\"twitter:description\" content=\"This study page is a good example of how Cappiello explores the theme (a scientific monk), the &quot;arabesque,&quot; and the layout of the sketch he will create. To avoid losing his idea, he immediately notes down the colors he has in mind.\" \/>\n<meta name=\"twitter:label1\" content=\"Price\" \/>\n\t<meta name=\"twitter:data1\" content=\"\" \/>\n\t<meta name=\"twitter:label2\" content=\"Availability\" \/>\n\t<meta name=\"twitter:data2\" content=\"In stock\" \/>\n<script type=\"application\/ld+json\" class=\"yoast-schema-graph\">{\"@context\":\"https:\\\/\\\/schema.org\",\"@graph\":[{\"@type\":[\"WebPage\",\"ItemPage\"],\"@id\":\"https:\\\/\\\/cappiello.fr\\\/en\\\/produit\\\/liqueur-du-pere-kermann-2\\\/\",\"url\":\"https:\\\/\\\/cappiello.fr\\\/en\\\/produit\\\/liqueur-du-pere-kermann-2\\\/\",\"name\":\"Liqueur du P\u00e8re Kermann - Catalogue Raisonn\u00e9 de Leonetto Cappiello\",\"isPartOf\":{\"@id\":\"https:\\\/\\\/cappiello.fr\\\/en\\\/#website\"},\"primaryImageOfPage\":{\"@id\":\"https:\\\/\\\/cappiello.fr\\\/en\\\/produit\\\/liqueur-du-pere-kermann-2\\\/#primaryimage\"},\"image\":{\"@id\":\"https:\\\/\\\/cappiello.fr\\\/en\\\/produit\\\/liqueur-du-pere-kermann-2\\\/#primaryimage\"},\"thumbnailUrl\":\"https:\\\/\\\/cappiello.fr\\\/wp-content\\\/uploads\\\/2024\\\/10\\\/Vignette-affiche-publicitaire-liqueur-du-pere-kermann-cappiello-1931.jpg\",\"datePublished\":\"1931-01-01T00:00:00+00:00\",\"dateModified\":\"2025-05-14T21:38:40+00:00\",\"description\":\"This study page is a good example of how Cappiello explores the theme (a scientific monk), the \\\"arabesque,\\\" and the layout of the sketch he will create. To avoid losing his idea, he immediately notes down the colors he has in mind.\",\"breadcrumb\":{\"@id\":\"https:\\\/\\\/cappiello.fr\\\/en\\\/produit\\\/liqueur-du-pere-kermann-2\\\/#breadcrumb\"},\"inLanguage\":\"en-US\",\"potentialAction\":[{\"@type\":\"ReadAction\",\"target\":[\"https:\\\/\\\/cappiello.fr\\\/en\\\/produit\\\/liqueur-du-pere-kermann-2\\\/\"]}]},{\"@type\":\"ImageObject\",\"inLanguage\":\"en-US\",\"@id\":\"https:\\\/\\\/cappiello.fr\\\/en\\\/produit\\\/liqueur-du-pere-kermann-2\\\/#primaryimage\",\"url\":\"https:\\\/\\\/cappiello.fr\\\/wp-content\\\/uploads\\\/2024\\\/10\\\/Vignette-affiche-publicitaire-liqueur-du-pere-kermann-cappiello-1931.jpg\",\"contentUrl\":\"https:\\\/\\\/cappiello.fr\\\/wp-content\\\/uploads\\\/2024\\\/10\\\/Vignette-affiche-publicitaire-liqueur-du-pere-kermann-cappiello-1931.jpg\",\"width\":599,\"height\":800,\"caption\":\"Liqueur hygi\u00e9nique. Elle \\\"s'emploie avec succ\u00e8s contre les douleurs nerveuses de l'estomac; elle est utile pour relever les forces de l'appareil digestif et indispensable pour une bonne digestion.\\\" . Elle est produite par la Maison Cazanove \u00e0 Bordeaux\"},{\"@type\":\"BreadcrumbList\",\"@id\":\"https:\\\/\\\/cappiello.fr\\\/en\\\/produit\\\/liqueur-du-pere-kermann-2\\\/#breadcrumb\",\"itemListElement\":[{\"@type\":\"ListItem\",\"position\":1,\"name\":\"Accueil\",\"item\":\"https:\\\/\\\/cappiello.fr\\\/en\\\/\"},{\"@type\":\"ListItem\",\"position\":2,\"name\":\"The works\",\"item\":\"https:\\\/\\\/cappiello.fr\\\/en\\\/the-works\\\/\"},{\"@type\":\"ListItem\",\"position\":3,\"name\":\"Liqueur du P\u00e8re Kermann\"}]},{\"@type\":\"WebSite\",\"@id\":\"https:\\\/\\\/cappiello.fr\\\/en\\\/#website\",\"url\":\"https:\\\/\\\/cappiello.fr\\\/en\\\/\",\"name\":\"Catalogue raisonn\u00e9 de Leonetto Cappiello\",\"description\":\"Plongez dans l&#039;univers de Leonetto Cappiello, le p\u00e8re de la publicit\u00e9 moderne\",\"potentialAction\":[{\"@type\":\"SearchAction\",\"target\":{\"@type\":\"EntryPoint\",\"urlTemplate\":\"https:\\\/\\\/cappiello.fr\\\/en\\\/?s={search_term_string}\"},\"query-input\":{\"@type\":\"PropertyValueSpecification\",\"valueRequired\":true,\"valueName\":\"search_term_string\"}}],\"inLanguage\":\"en-US\"}]}<\/script>\n<meta property=\"product:price:currency\" content=\"EUR\" \/>\n<meta property=\"og:availability\" content=\"instock\" \/>\n<meta property=\"product:availability\" content=\"instock\" \/>\n<meta property=\"product:retailer_item_id\" content=\"1931202A0\" \/>\n<meta property=\"product:condition\" content=\"new\" \/>\n<!-- \/ Yoast SEO Premium plugin. -->","yoast_head_json":{"title":"Liqueur du P\u00e8re Kermann - Catalogue Raisonn\u00e9 de Leonetto Cappiello","description":"This study page is a good example of how Cappiello explores the theme (a scientific monk), the \"arabesque,\" and the layout of the sketch he will create. To avoid losing his idea, he immediately notes down the colors he has in mind.","robots":{"index":"index","follow":"follow","max-snippet":"max-snippet:-1","max-image-preview":"max-image-preview:large","max-video-preview":"max-video-preview:-1"},"canonical":"https:\/\/cappiello.fr\/en\/produit\/liqueur-du-pere-kermann-2\/","og_locale":"en_US","og_type":"article","og_title":"Liqueur du P\u00e8re Kermann","og_description":"This study page is a good example of how Cappiello explores the theme (a scientific monk), the \"arabesque,\" and the layout of the sketch he will create. To avoid losing his idea, he immediately notes down the colors he has in mind.","og_url":"https:\/\/cappiello.fr\/en\/produit\/liqueur-du-pere-kermann-2\/","og_site_name":"Catalogue raisonn\u00e9 de Leonetto Cappiello","article_modified_time":"2025-05-14T21:38:40+00:00","og_image":[{"width":599,"height":800,"url":"https:\/\/cappiello.fr\/wp-content\/uploads\/2024\/10\/Vignette-affiche-publicitaire-liqueur-du-pere-kermann-cappiello-1931.jpg","type":"image\/jpeg"}],"twitter_card":"summary_large_image","twitter_title":"Liqueur du P\u00e8re Kermann","twitter_description":"This study page is a good example of how Cappiello explores the theme (a scientific monk), the \"arabesque,\" and the layout of the sketch he will create. To avoid losing his idea, he immediately notes down the colors he has in mind.","twitter_misc":{"Price":"","Availability":"In stock"},"schema":{"@context":"https:\/\/schema.org","@graph":[{"@type":["WebPage","ItemPage"],"@id":"https:\/\/cappiello.fr\/en\/produit\/liqueur-du-pere-kermann-2\/","url":"https:\/\/cappiello.fr\/en\/produit\/liqueur-du-pere-kermann-2\/","name":"Liqueur du P\u00e8re Kermann - Catalogue Raisonn\u00e9 de Leonetto Cappiello","isPartOf":{"@id":"https:\/\/cappiello.fr\/en\/#website"},"primaryImageOfPage":{"@id":"https:\/\/cappiello.fr\/en\/produit\/liqueur-du-pere-kermann-2\/#primaryimage"},"image":{"@id":"https:\/\/cappiello.fr\/en\/produit\/liqueur-du-pere-kermann-2\/#primaryimage"},"thumbnailUrl":"https:\/\/cappiello.fr\/wp-content\/uploads\/2024\/10\/Vignette-affiche-publicitaire-liqueur-du-pere-kermann-cappiello-1931.jpg","datePublished":"1931-01-01T00:00:00+00:00","dateModified":"2025-05-14T21:38:40+00:00","description":"This study page is a good example of how Cappiello explores the theme (a scientific monk), the \"arabesque,\" and the layout of the sketch he will create. To avoid losing his idea, he immediately notes down the colors he has in mind.","breadcrumb":{"@id":"https:\/\/cappiello.fr\/en\/produit\/liqueur-du-pere-kermann-2\/#breadcrumb"},"inLanguage":"en-US","potentialAction":[{"@type":"ReadAction","target":["https:\/\/cappiello.fr\/en\/produit\/liqueur-du-pere-kermann-2\/"]}]},{"@type":"ImageObject","inLanguage":"en-US","@id":"https:\/\/cappiello.fr\/en\/produit\/liqueur-du-pere-kermann-2\/#primaryimage","url":"https:\/\/cappiello.fr\/wp-content\/uploads\/2024\/10\/Vignette-affiche-publicitaire-liqueur-du-pere-kermann-cappiello-1931.jpg","contentUrl":"https:\/\/cappiello.fr\/wp-content\/uploads\/2024\/10\/Vignette-affiche-publicitaire-liqueur-du-pere-kermann-cappiello-1931.jpg","width":599,"height":800,"caption":"Liqueur hygi\u00e9nique. Elle \"s'emploie avec succ\u00e8s contre les douleurs nerveuses de l'estomac; elle est utile pour relever les forces de l'appareil digestif et indispensable pour une bonne digestion.\" . Elle est produite par la Maison Cazanove \u00e0 Bordeaux"},{"@type":"BreadcrumbList","@id":"https:\/\/cappiello.fr\/en\/produit\/liqueur-du-pere-kermann-2\/#breadcrumb","itemListElement":[{"@type":"ListItem","position":1,"name":"Accueil","item":"https:\/\/cappiello.fr\/en\/"},{"@type":"ListItem","position":2,"name":"The works","item":"https:\/\/cappiello.fr\/en\/the-works\/"},{"@type":"ListItem","position":3,"name":"Liqueur du P\u00e8re Kermann"}]},{"@type":"WebSite","@id":"https:\/\/cappiello.fr\/en\/#website","url":"https:\/\/cappiello.fr\/en\/","name":"Catalogue raisonn\u00e9 de Leonetto Cappiello","description":"Plongez dans l&#039;univers de Leonetto Cappiello, le p\u00e8re de la publicit\u00e9 moderne","potentialAction":[{"@type":"SearchAction","target":{"@type":"EntryPoint","urlTemplate":"https:\/\/cappiello.fr\/en\/?s={search_term_string}"},"query-input":{"@type":"PropertyValueSpecification","valueRequired":true,"valueName":"search_term_string"}}],"inLanguage":"en-US"}]},"product_price_currency":"EUR","og_availability":"instock","product_availability":"instock","product_retailer_item_id":"1931202A0","product_condition":"new"},"_links":{"self":[{"href":"https:\/\/cappiello.fr\/en\/wp-json\/wp\/v2\/product\/132942","targetHints":{"allow":["GET"]}}],"collection":[{"href":"https:\/\/cappiello.fr\/en\/wp-json\/wp\/v2\/product"}],"about":[{"href":"https:\/\/cappiello.fr\/en\/wp-json\/wp\/v2\/types\/product"}],"wp:featuredmedia":[{"embeddable":true,"href":"https:\/\/cappiello.fr\/en\/wp-json\/wp\/v2\/media\/134472"}],"wp:attachment":[{"href":"https:\/\/cappiello.fr\/en\/wp-json\/wp\/v2\/media?parent=132942"}],"wp:term":[{"taxonomy":"type-doeuvre","embeddable":true,"href":"https:\/\/cappiello.fr\/en\/wp-json\/wp\/v2\/type-doeuvre?post=132942"},{"taxonomy":"product_brand","embeddable":true,"href":"https:\/\/cappiello.fr\/en\/wp-json\/wp\/v2\/product_brand?post=132942"},{"taxonomy":"product_cat","embeddable":true,"href":"https:\/\/cappiello.fr\/en\/wp-json\/wp\/v2\/product_cat?post=132942"},{"taxonomy":"product_tag","embeddable":true,"href":"https:\/\/cappiello.fr\/en\/wp-json\/wp\/v2\/product_tag?post=132942"}],"curies":[{"name":"wp","href":"https:\/\/api.w.org\/{rel}","templated":true}]}}