{"id":132981,"date":"1930-01-01T00:00:00","date_gmt":"1930-01-01T00:00:00","guid":{"rendered":"https:\/\/cappiello.fr\/produit\/amidon-remy\/"},"modified":"2025-05-14T23:36:51","modified_gmt":"2025-05-14T21:36:51","slug":"amidon-remy","status":"publish","type":"product","link":"https:\/\/cappiello.fr\/en\/produit\/amidon-remy\/","title":{"rendered":"Amidon R\u00e9my"},"content":{"rendered":"<p>Cappiello created numerous poster designs for the R\u00e9my company in Louvain (Belgium), specializing in flour processing (rice starch and rice cakes, peeled rice, semolina, rice flour and meal, wheat flour). All these projects have one thing in common: a dancer in a blue suit covered with stars.<\/p>\n","protected":false},"excerpt":{"rendered":"<p>Flour-based products<\/p>\n","protected":false},"featured_media":133873,"template":"","meta":{"_acf_changed":false},"type-doeuvre":[4057],"product_brand":[],"product_cat":[3494],"product_tag":[3585,3525,3657],"class_list":{"0":"post-132981","1":"product","2":"type-product","3":"status-publish","4":"has-post-thumbnail","6":"type-doeuvre-affiches","7":"product_cat-flour-based-products","8":"product_tag-saleswoman-en-3","9":"product_tag-rug","10":"product_tag-sun-en-19","11":"pa_periode-1919-1929-en","12":"pa_type-de-contenu-sketch-photo","14":"first","15":"instock","16":"virtual","17":"product-type-simple"},"acf":[],"yoast_head":"<!-- This site is optimized with the Yoast SEO Premium plugin v27.0 (Yoast SEO v27.4) - https:\/\/yoast.com\/product\/yoast-seo-premium-wordpress\/ -->\n<title>Amidon R\u00e9my - Catalogue Raisonn\u00e9 de Leonetto Cappiello<\/title>\n<meta name=\"description\" content=\"Cappiello created numerous poster projects for the R\u00e9my company in Louvain (Belgium), specializing in flour processing (rice starch and rice meal, hulled rice, semolina, rice flour and meal, wheat flour). All these projects share a common element: a dancer in a blue suit covered with stars.\" \/>\n<meta name=\"robots\" content=\"index, follow, max-snippet:-1, max-image-preview:large, max-video-preview:-1\" \/>\n<link rel=\"canonical\" href=\"https:\/\/cappiello.fr\/en\/produit\/amidon-remy\/\" \/>\n<meta property=\"og:locale\" content=\"en_US\" \/>\n<meta property=\"og:type\" content=\"article\" \/>\n<meta property=\"og:title\" content=\"Amidon R\u00e9my\" \/>\n<meta property=\"og:description\" content=\"Cappiello created numerous poster projects for the R\u00e9my company in Louvain (Belgium), specializing in flour processing (rice starch and rice meal, hulled rice, semolina, rice flour and meal, wheat flour). All these projects share a common element: a dancer in a blue suit covered with stars.\" \/>\n<meta property=\"og:url\" content=\"https:\/\/cappiello.fr\/en\/produit\/amidon-remy\/\" \/>\n<meta property=\"og:site_name\" content=\"Catalogue raisonn\u00e9 de Leonetto Cappiello\" \/>\n<meta property=\"article:modified_time\" content=\"2025-05-14T21:36:51+00:00\" \/>\n<meta property=\"og:image\" content=\"https:\/\/cappiello.fr\/wp-content\/uploads\/2024\/10\/Photo-desquisse-affiche-publicitaire-amidon-remy-cappiello-1930.jpg\" \/>\n\t<meta property=\"og:image:width\" content=\"553\" \/>\n\t<meta property=\"og:image:height\" content=\"799\" \/>\n\t<meta property=\"og:image:type\" content=\"image\/jpeg\" \/>\n<meta name=\"twitter:card\" content=\"summary_large_image\" \/>\n<meta name=\"twitter:title\" content=\"Amidon R\u00e9my\" \/>\n<meta name=\"twitter:description\" content=\"Cappiello created numerous poster projects for the R\u00e9my company in Louvain (Belgium), specializing in flour processing (rice starch and rice meal, hulled rice, semolina, rice flour and meal, wheat flour). All these projects share a common element: a dancer in a blue suit covered with stars.\" \/>\n<meta name=\"twitter:label1\" content=\"Price\" \/>\n\t<meta name=\"twitter:data1\" content=\"\" \/>\n\t<meta name=\"twitter:label2\" content=\"Availability\" \/>\n\t<meta name=\"twitter:data2\" content=\"In stock\" \/>\n<script type=\"application\/ld+json\" class=\"yoast-schema-graph\">{\"@context\":\"https:\\\/\\\/schema.org\",\"@graph\":[{\"@type\":[\"WebPage\",\"ItemPage\"],\"@id\":\"https:\\\/\\\/cappiello.fr\\\/en\\\/produit\\\/amidon-remy\\\/\",\"url\":\"https:\\\/\\\/cappiello.fr\\\/en\\\/produit\\\/amidon-remy\\\/\",\"name\":\"Amidon R\u00e9my - Catalogue Raisonn\u00e9 de Leonetto Cappiello\",\"isPartOf\":{\"@id\":\"https:\\\/\\\/cappiello.fr\\\/en\\\/#website\"},\"primaryImageOfPage\":{\"@id\":\"https:\\\/\\\/cappiello.fr\\\/en\\\/produit\\\/amidon-remy\\\/#primaryimage\"},\"image\":{\"@id\":\"https:\\\/\\\/cappiello.fr\\\/en\\\/produit\\\/amidon-remy\\\/#primaryimage\"},\"thumbnailUrl\":\"https:\\\/\\\/cappiello.fr\\\/wp-content\\\/uploads\\\/2024\\\/10\\\/Photo-desquisse-affiche-publicitaire-amidon-remy-cappiello-1930.jpg\",\"datePublished\":\"1930-01-01T00:00:00+00:00\",\"dateModified\":\"2025-05-14T21:36:51+00:00\",\"description\":\"Cappiello created numerous poster projects for the R\u00e9my company in Louvain (Belgium), specializing in flour processing (rice starch and rice meal, hulled rice, semolina, rice flour and meal, wheat flour). All these projects share a common element: a dancer in a blue suit covered with stars.\",\"breadcrumb\":{\"@id\":\"https:\\\/\\\/cappiello.fr\\\/en\\\/produit\\\/amidon-remy\\\/#breadcrumb\"},\"inLanguage\":\"en-US\",\"potentialAction\":[{\"@type\":\"ReadAction\",\"target\":[\"https:\\\/\\\/cappiello.fr\\\/en\\\/produit\\\/amidon-remy\\\/\"]}]},{\"@type\":\"ImageObject\",\"inLanguage\":\"en-US\",\"@id\":\"https:\\\/\\\/cappiello.fr\\\/en\\\/produit\\\/amidon-remy\\\/#primaryimage\",\"url\":\"https:\\\/\\\/cappiello.fr\\\/wp-content\\\/uploads\\\/2024\\\/10\\\/Photo-desquisse-affiche-publicitaire-amidon-remy-cappiello-1930.jpg\",\"contentUrl\":\"https:\\\/\\\/cappiello.fr\\\/wp-content\\\/uploads\\\/2024\\\/10\\\/Photo-desquisse-affiche-publicitaire-amidon-remy-cappiello-1930.jpg\",\"width\":553,\"height\":799,\"caption\":\"Produits \u00e0 base de farine\"},{\"@type\":\"BreadcrumbList\",\"@id\":\"https:\\\/\\\/cappiello.fr\\\/en\\\/produit\\\/amidon-remy\\\/#breadcrumb\",\"itemListElement\":[{\"@type\":\"ListItem\",\"position\":1,\"name\":\"Accueil\",\"item\":\"https:\\\/\\\/cappiello.fr\\\/en\\\/\"},{\"@type\":\"ListItem\",\"position\":2,\"name\":\"The works\",\"item\":\"https:\\\/\\\/cappiello.fr\\\/en\\\/the-works\\\/\"},{\"@type\":\"ListItem\",\"position\":3,\"name\":\"Amidon R\u00e9my\"}]},{\"@type\":\"WebSite\",\"@id\":\"https:\\\/\\\/cappiello.fr\\\/en\\\/#website\",\"url\":\"https:\\\/\\\/cappiello.fr\\\/en\\\/\",\"name\":\"Catalogue raisonn\u00e9 de Leonetto Cappiello\",\"description\":\"Plongez dans l&#039;univers de Leonetto Cappiello, le p\u00e8re de la publicit\u00e9 moderne\",\"potentialAction\":[{\"@type\":\"SearchAction\",\"target\":{\"@type\":\"EntryPoint\",\"urlTemplate\":\"https:\\\/\\\/cappiello.fr\\\/en\\\/?s={search_term_string}\"},\"query-input\":{\"@type\":\"PropertyValueSpecification\",\"valueRequired\":true,\"valueName\":\"search_term_string\"}}],\"inLanguage\":\"en-US\"}]}<\/script>\n<meta property=\"product:price:currency\" content=\"EUR\" \/>\n<meta property=\"og:availability\" content=\"instock\" \/>\n<meta property=\"product:availability\" content=\"instock\" \/>\n<meta property=\"product:retailer_item_id\" content=\"1930030B0\" \/>\n<meta property=\"product:condition\" content=\"new\" \/>\n<!-- \/ Yoast SEO Premium plugin. -->","yoast_head_json":{"title":"Amidon R\u00e9my - Catalogue Raisonn\u00e9 de Leonetto Cappiello","description":"Cappiello created numerous poster projects for the R\u00e9my company in Louvain (Belgium), specializing in flour processing (rice starch and rice meal, hulled rice, semolina, rice flour and meal, wheat flour). All these projects share a common element: a dancer in a blue suit covered with stars.","robots":{"index":"index","follow":"follow","max-snippet":"max-snippet:-1","max-image-preview":"max-image-preview:large","max-video-preview":"max-video-preview:-1"},"canonical":"https:\/\/cappiello.fr\/en\/produit\/amidon-remy\/","og_locale":"en_US","og_type":"article","og_title":"Amidon R\u00e9my","og_description":"Cappiello created numerous poster projects for the R\u00e9my company in Louvain (Belgium), specializing in flour processing (rice starch and rice meal, hulled rice, semolina, rice flour and meal, wheat flour). All these projects share a common element: a dancer in a blue suit covered with stars.","og_url":"https:\/\/cappiello.fr\/en\/produit\/amidon-remy\/","og_site_name":"Catalogue raisonn\u00e9 de Leonetto Cappiello","article_modified_time":"2025-05-14T21:36:51+00:00","og_image":[{"width":553,"height":799,"url":"https:\/\/cappiello.fr\/wp-content\/uploads\/2024\/10\/Photo-desquisse-affiche-publicitaire-amidon-remy-cappiello-1930.jpg","type":"image\/jpeg"}],"twitter_card":"summary_large_image","twitter_title":"Amidon R\u00e9my","twitter_description":"Cappiello created numerous poster projects for the R\u00e9my company in Louvain (Belgium), specializing in flour processing (rice starch and rice meal, hulled rice, semolina, rice flour and meal, wheat flour). All these projects share a common element: a dancer in a blue suit covered with stars.","twitter_misc":{"Price":"","Availability":"In stock"},"schema":{"@context":"https:\/\/schema.org","@graph":[{"@type":["WebPage","ItemPage"],"@id":"https:\/\/cappiello.fr\/en\/produit\/amidon-remy\/","url":"https:\/\/cappiello.fr\/en\/produit\/amidon-remy\/","name":"Amidon R\u00e9my - Catalogue Raisonn\u00e9 de Leonetto Cappiello","isPartOf":{"@id":"https:\/\/cappiello.fr\/en\/#website"},"primaryImageOfPage":{"@id":"https:\/\/cappiello.fr\/en\/produit\/amidon-remy\/#primaryimage"},"image":{"@id":"https:\/\/cappiello.fr\/en\/produit\/amidon-remy\/#primaryimage"},"thumbnailUrl":"https:\/\/cappiello.fr\/wp-content\/uploads\/2024\/10\/Photo-desquisse-affiche-publicitaire-amidon-remy-cappiello-1930.jpg","datePublished":"1930-01-01T00:00:00+00:00","dateModified":"2025-05-14T21:36:51+00:00","description":"Cappiello created numerous poster projects for the R\u00e9my company in Louvain (Belgium), specializing in flour processing (rice starch and rice meal, hulled rice, semolina, rice flour and meal, wheat flour). All these projects share a common element: a dancer in a blue suit covered with stars.","breadcrumb":{"@id":"https:\/\/cappiello.fr\/en\/produit\/amidon-remy\/#breadcrumb"},"inLanguage":"en-US","potentialAction":[{"@type":"ReadAction","target":["https:\/\/cappiello.fr\/en\/produit\/amidon-remy\/"]}]},{"@type":"ImageObject","inLanguage":"en-US","@id":"https:\/\/cappiello.fr\/en\/produit\/amidon-remy\/#primaryimage","url":"https:\/\/cappiello.fr\/wp-content\/uploads\/2024\/10\/Photo-desquisse-affiche-publicitaire-amidon-remy-cappiello-1930.jpg","contentUrl":"https:\/\/cappiello.fr\/wp-content\/uploads\/2024\/10\/Photo-desquisse-affiche-publicitaire-amidon-remy-cappiello-1930.jpg","width":553,"height":799,"caption":"Produits \u00e0 base de farine"},{"@type":"BreadcrumbList","@id":"https:\/\/cappiello.fr\/en\/produit\/amidon-remy\/#breadcrumb","itemListElement":[{"@type":"ListItem","position":1,"name":"Accueil","item":"https:\/\/cappiello.fr\/en\/"},{"@type":"ListItem","position":2,"name":"The works","item":"https:\/\/cappiello.fr\/en\/the-works\/"},{"@type":"ListItem","position":3,"name":"Amidon R\u00e9my"}]},{"@type":"WebSite","@id":"https:\/\/cappiello.fr\/en\/#website","url":"https:\/\/cappiello.fr\/en\/","name":"Catalogue raisonn\u00e9 de Leonetto Cappiello","description":"Plongez dans l&#039;univers de Leonetto Cappiello, le p\u00e8re de la publicit\u00e9 moderne","potentialAction":[{"@type":"SearchAction","target":{"@type":"EntryPoint","urlTemplate":"https:\/\/cappiello.fr\/en\/?s={search_term_string}"},"query-input":{"@type":"PropertyValueSpecification","valueRequired":true,"valueName":"search_term_string"}}],"inLanguage":"en-US"}]},"product_price_currency":"EUR","og_availability":"instock","product_availability":"instock","product_retailer_item_id":"1930030B0","product_condition":"new"},"_links":{"self":[{"href":"https:\/\/cappiello.fr\/en\/wp-json\/wp\/v2\/product\/132981","targetHints":{"allow":["GET"]}}],"collection":[{"href":"https:\/\/cappiello.fr\/en\/wp-json\/wp\/v2\/product"}],"about":[{"href":"https:\/\/cappiello.fr\/en\/wp-json\/wp\/v2\/types\/product"}],"wp:featuredmedia":[{"embeddable":true,"href":"https:\/\/cappiello.fr\/en\/wp-json\/wp\/v2\/media\/133873"}],"wp:attachment":[{"href":"https:\/\/cappiello.fr\/en\/wp-json\/wp\/v2\/media?parent=132981"}],"wp:term":[{"taxonomy":"type-doeuvre","embeddable":true,"href":"https:\/\/cappiello.fr\/en\/wp-json\/wp\/v2\/type-doeuvre?post=132981"},{"taxonomy":"product_brand","embeddable":true,"href":"https:\/\/cappiello.fr\/en\/wp-json\/wp\/v2\/product_brand?post=132981"},{"taxonomy":"product_cat","embeddable":true,"href":"https:\/\/cappiello.fr\/en\/wp-json\/wp\/v2\/product_cat?post=132981"},{"taxonomy":"product_tag","embeddable":true,"href":"https:\/\/cappiello.fr\/en\/wp-json\/wp\/v2\/product_tag?post=132981"}],"curies":[{"name":"wp","href":"https:\/\/api.w.org\/{rel}","templated":true}]}}