{"id":132999,"date":"1921-01-01T00:00:00","date_gmt":"1921-01-01T00:00:00","guid":{"rendered":"https:\/\/cappiello.fr\/produit\/theatre-daunou-2\/"},"modified":"2025-05-14T23:26:48","modified_gmt":"2025-05-14T21:26:48","slug":"theatre-daunou-2","status":"publish","type":"product","link":"https:\/\/cappiello.fr\/en\/produit\/theatre-daunou-2\/","title":{"rendered":"Th\u00e9\u00e2tre Daunou"},"content":{"rendered":"<p>In front of the theater gates appears a woman in a red dress, fur, and pearl necklace. It is the portrait of Jane Renouardt.<\/p>\n<p>&#8220;Creating a beautiful poster is more difficult than one might think. It is not only about producing a work of art but also about imposing its sight and reading upon passersby through the brilliance it projects on the wall where it appears for a time. Cappiello, successor to Ch\u00e9ret, rarely misses his mark. Though he has many imitators, he remains the only one who achieves perfection in his art. It is true that for the poster in question, circumstances favored him, as he had to reproduce the features of one of Paris&#8217;s most notable &#8216;professional beauties,&#8217; Miss Jane Renouardt. He succeeded in turning his charming model into a true portrait while giving the whole the loud vibrancy that any well-conceived poster demands. The result is remarkable, and we can only congratulate the artist for a poster that is, in its genre, a masterpiece&#8221; (in La Renaissance de l&#8217;art fran\u00e7ais et des industries de luxe, March 4, 1922, p. 100).<\/p>\n","protected":false},"excerpt":{"rendered":"<p>Advertisement for the Daunou theater directed by Jane Renouardt. It first opened its doors on December 30, 1921.<\/p>\n","protected":false},"featured_media":134820,"template":"","meta":{"_acf_changed":false},"type-doeuvre":[4057],"product_brand":[],"product_cat":[3619],"product_tag":[3782,3665,3362,3313],"class_list":{"0":"post-132999","1":"product","2":"type-product","3":"status-publish","4":"has-post-thumbnail","6":"type-doeuvre-affiches","7":"product_cat-theaters-shows","8":"product_tag-long-dress-en-4","9":"product_tag-cheerfulness-en","10":"product_tag-long-dress","11":"product_tag-mercury-en-2","12":"pa_periode-1919-1929-en","13":"pa_type-de-contenu-lithography","15":"first","16":"instock","17":"virtual","18":"product-type-simple"},"acf":[],"yoast_head":"<!-- This site is optimized with the Yoast SEO Premium plugin v27.0 (Yoast SEO v27.4) - https:\/\/yoast.com\/product\/yoast-seo-premium-wordpress\/ -->\n<title>Th\u00e9\u00e2tre Daunou - Catalogue Raisonn\u00e9 de Leonetto Cappiello<\/title>\n<meta name=\"description\" content=\"In front of the theater gates appears a woman in a red dress, fur, and pearl necklace. It is the portrait of Jane Renouardt. &quot;Creating a beautiful poster is more difficult than one might think. It is not only about producing a work of art but also about imposing its sight and reading upon passersby through the brilliance it casts on the wall where it appears for a time. Cappiello, successor to Ch\u00e9ret, rarely fails to achieve his effect. Though he has many imitators, he remains the only one who attains perfection in his art. It is true that for the poster in question, circumstances favored him, as he had to reproduce the features of one of Paris&#039;s most notorious &#039;professional beauties,&#039; Miss Jane Renouardt. He succeeded in turning his charming model into a true portrait while giving the whole the loud resonance required by any well-conceived poster. The result is remarkable, and we can only congratulate the artist for a poster that is, in its genre, a masterpiece&quot; (in La Renaissance de l&#039;art fran\u00e7ais et des industries de luxe, March 4, 1922, p. 100).\" \/>\n<meta name=\"robots\" content=\"index, follow, max-snippet:-1, max-image-preview:large, max-video-preview:-1\" \/>\n<link rel=\"canonical\" href=\"https:\/\/cappiello.fr\/en\/produit\/theatre-daunou-2\/\" \/>\n<meta property=\"og:locale\" content=\"en_US\" \/>\n<meta property=\"og:type\" content=\"article\" \/>\n<meta property=\"og:title\" content=\"Th\u00e9\u00e2tre Daunou\" \/>\n<meta property=\"og:description\" content=\"In front of the theater gates appears a woman in a red dress, fur, and pearl necklace. It is the portrait of Jane Renouardt. &quot;Creating a beautiful poster is more difficult than one might think. It is not only about producing a work of art but also about imposing its sight and reading upon passersby through the brilliance it casts on the wall where it appears for a time. Cappiello, successor to Ch\u00e9ret, rarely fails to achieve his effect. Though he has many imitators, he remains the only one who attains perfection in his art. It is true that for the poster in question, circumstances favored him, as he had to reproduce the features of one of Paris&#039;s most notorious &#039;professional beauties,&#039; Miss Jane Renouardt. He succeeded in turning his charming model into a true portrait while giving the whole the loud resonance required by any well-conceived poster. The result is remarkable, and we can only congratulate the artist for a poster that is, in its genre, a masterpiece&quot; (in La Renaissance de l&#039;art fran\u00e7ais et des industries de luxe, March 4, 1922, p. 100).\" \/>\n<meta property=\"og:url\" content=\"https:\/\/cappiello.fr\/en\/produit\/theatre-daunou-2\/\" \/>\n<meta property=\"og:site_name\" content=\"Catalogue raisonn\u00e9 de Leonetto Cappiello\" \/>\n<meta property=\"article:modified_time\" content=\"2025-05-14T21:26:48+00:00\" \/>\n<meta property=\"og:image\" content=\"https:\/\/cappiello.fr\/wp-content\/uploads\/2024\/10\/Lithographie-affiche-publicitaire-theatre-daunou-2-cappiello-1921.jpg\" \/>\n\t<meta property=\"og:image:width\" content=\"518\" \/>\n\t<meta property=\"og:image:height\" content=\"799\" \/>\n\t<meta property=\"og:image:type\" content=\"image\/jpeg\" \/>\n<meta name=\"twitter:card\" content=\"summary_large_image\" \/>\n<meta name=\"twitter:title\" content=\"Th\u00e9\u00e2tre Daunou\" \/>\n<meta name=\"twitter:description\" content=\"In front of the theater gates appears a woman in a red dress, fur, and pearl necklace. It is the portrait of Jane Renouardt. &quot;Creating a beautiful poster is more difficult than one might think. It is not only about producing a work of art but also about imposing its sight and reading upon passersby through the brilliance it casts on the wall where it appears for a time. Cappiello, successor to Ch\u00e9ret, rarely fails to achieve his effect. Though he has many imitators, he remains the only one who attains perfection in his art. It is true that for the poster in question, circumstances favored him, as he had to reproduce the features of one of Paris&#039;s most notorious &#039;professional beauties,&#039; Miss Jane Renouardt. He succeeded in turning his charming model into a true portrait while giving the whole the loud resonance required by any well-conceived poster. The result is remarkable, and we can only congratulate the artist for a poster that is, in its genre, a masterpiece&quot; (in La Renaissance de l&#039;art fran\u00e7ais et des industries de luxe, March 4, 1922, p. 100).\" \/>\n<meta name=\"twitter:label1\" content=\"Price\" \/>\n\t<meta name=\"twitter:data1\" content=\"\" \/>\n\t<meta name=\"twitter:label2\" content=\"Availability\" \/>\n\t<meta name=\"twitter:data2\" content=\"In stock\" \/>\n<script type=\"application\/ld+json\" class=\"yoast-schema-graph\">{\"@context\":\"https:\\\/\\\/schema.org\",\"@graph\":[{\"@type\":[\"WebPage\",\"ItemPage\"],\"@id\":\"https:\\\/\\\/cappiello.fr\\\/en\\\/produit\\\/theatre-daunou-2\\\/\",\"url\":\"https:\\\/\\\/cappiello.fr\\\/en\\\/produit\\\/theatre-daunou-2\\\/\",\"name\":\"Th\u00e9\u00e2tre Daunou - Catalogue Raisonn\u00e9 de Leonetto Cappiello\",\"isPartOf\":{\"@id\":\"https:\\\/\\\/cappiello.fr\\\/en\\\/#website\"},\"primaryImageOfPage\":{\"@id\":\"https:\\\/\\\/cappiello.fr\\\/en\\\/produit\\\/theatre-daunou-2\\\/#primaryimage\"},\"image\":{\"@id\":\"https:\\\/\\\/cappiello.fr\\\/en\\\/produit\\\/theatre-daunou-2\\\/#primaryimage\"},\"thumbnailUrl\":\"https:\\\/\\\/cappiello.fr\\\/wp-content\\\/uploads\\\/2024\\\/10\\\/Lithographie-affiche-publicitaire-theatre-daunou-2-cappiello-1921.jpg\",\"datePublished\":\"1921-01-01T00:00:00+00:00\",\"dateModified\":\"2025-05-14T21:26:48+00:00\",\"description\":\"In front of the theater gates appears a woman in a red dress, fur, and pearl necklace. It is the portrait of Jane Renouardt. \\\"Creating a beautiful poster is more difficult than one might think. It is not only about producing a work of art but also about imposing its sight and reading upon passersby through the brilliance it casts on the wall where it appears for a time. Cappiello, successor to Ch\u00e9ret, rarely fails to achieve his effect. Though he has many imitators, he remains the only one who attains perfection in his art. It is true that for the poster in question, circumstances favored him, as he had to reproduce the features of one of Paris's most notorious 'professional beauties,' Miss Jane Renouardt. He succeeded in turning his charming model into a true portrait while giving the whole the loud resonance required by any well-conceived poster. The result is remarkable, and we can only congratulate the artist for a poster that is, in its genre, a masterpiece\\\" (in La Renaissance de l'art fran\u00e7ais et des industries de luxe, March 4, 1922, p. 100).\",\"breadcrumb\":{\"@id\":\"https:\\\/\\\/cappiello.fr\\\/en\\\/produit\\\/theatre-daunou-2\\\/#breadcrumb\"},\"inLanguage\":\"en-US\",\"potentialAction\":[{\"@type\":\"ReadAction\",\"target\":[\"https:\\\/\\\/cappiello.fr\\\/en\\\/produit\\\/theatre-daunou-2\\\/\"]}]},{\"@type\":\"ImageObject\",\"inLanguage\":\"en-US\",\"@id\":\"https:\\\/\\\/cappiello.fr\\\/en\\\/produit\\\/theatre-daunou-2\\\/#primaryimage\",\"url\":\"https:\\\/\\\/cappiello.fr\\\/wp-content\\\/uploads\\\/2024\\\/10\\\/Lithographie-affiche-publicitaire-theatre-daunou-2-cappiello-1921.jpg\",\"contentUrl\":\"https:\\\/\\\/cappiello.fr\\\/wp-content\\\/uploads\\\/2024\\\/10\\\/Lithographie-affiche-publicitaire-theatre-daunou-2-cappiello-1921.jpg\",\"width\":518,\"height\":799,\"caption\":\"Publicit\u00e9 pour le th\u00e9\u00e2tre Daunou dirig\u00e9 par Jane Renouardt. Il a ouvert ses portes pour la premi\u00e8re fois le 30 d\u00e9cembre 1921.\"},{\"@type\":\"BreadcrumbList\",\"@id\":\"https:\\\/\\\/cappiello.fr\\\/en\\\/produit\\\/theatre-daunou-2\\\/#breadcrumb\",\"itemListElement\":[{\"@type\":\"ListItem\",\"position\":1,\"name\":\"Accueil\",\"item\":\"https:\\\/\\\/cappiello.fr\\\/en\\\/\"},{\"@type\":\"ListItem\",\"position\":2,\"name\":\"The works\",\"item\":\"https:\\\/\\\/cappiello.fr\\\/en\\\/the-works\\\/\"},{\"@type\":\"ListItem\",\"position\":3,\"name\":\"Th\u00e9\u00e2tre Daunou\"}]},{\"@type\":\"WebSite\",\"@id\":\"https:\\\/\\\/cappiello.fr\\\/en\\\/#website\",\"url\":\"https:\\\/\\\/cappiello.fr\\\/en\\\/\",\"name\":\"Catalogue raisonn\u00e9 de Leonetto Cappiello\",\"description\":\"Plongez dans l&#039;univers de Leonetto Cappiello, le p\u00e8re de la publicit\u00e9 moderne\",\"potentialAction\":[{\"@type\":\"SearchAction\",\"target\":{\"@type\":\"EntryPoint\",\"urlTemplate\":\"https:\\\/\\\/cappiello.fr\\\/en\\\/?s={search_term_string}\"},\"query-input\":{\"@type\":\"PropertyValueSpecification\",\"valueRequired\":true,\"valueName\":\"search_term_string\"}}],\"inLanguage\":\"en-US\"}]}<\/script>\n<meta property=\"product:price:currency\" content=\"EUR\" \/>\n<meta property=\"og:availability\" content=\"instock\" \/>\n<meta property=\"product:availability\" content=\"instock\" \/>\n<meta property=\"product:retailer_item_id\" content=\"1921057Z0\" \/>\n<meta property=\"product:condition\" content=\"new\" \/>\n<!-- \/ Yoast SEO Premium plugin. -->","yoast_head_json":{"title":"Th\u00e9\u00e2tre Daunou - Catalogue Raisonn\u00e9 de Leonetto Cappiello","description":"In front of the theater gates appears a woman in a red dress, fur, and pearl necklace. It is the portrait of Jane Renouardt. \"Creating a beautiful poster is more difficult than one might think. It is not only about producing a work of art but also about imposing its sight and reading upon passersby through the brilliance it casts on the wall where it appears for a time. Cappiello, successor to Ch\u00e9ret, rarely fails to achieve his effect. Though he has many imitators, he remains the only one who attains perfection in his art. It is true that for the poster in question, circumstances favored him, as he had to reproduce the features of one of Paris's most notorious 'professional beauties,' Miss Jane Renouardt. He succeeded in turning his charming model into a true portrait while giving the whole the loud resonance required by any well-conceived poster. The result is remarkable, and we can only congratulate the artist for a poster that is, in its genre, a masterpiece\" (in La Renaissance de l'art fran\u00e7ais et des industries de luxe, March 4, 1922, p. 100).","robots":{"index":"index","follow":"follow","max-snippet":"max-snippet:-1","max-image-preview":"max-image-preview:large","max-video-preview":"max-video-preview:-1"},"canonical":"https:\/\/cappiello.fr\/en\/produit\/theatre-daunou-2\/","og_locale":"en_US","og_type":"article","og_title":"Th\u00e9\u00e2tre Daunou","og_description":"In front of the theater gates appears a woman in a red dress, fur, and pearl necklace. It is the portrait of Jane Renouardt. \"Creating a beautiful poster is more difficult than one might think. It is not only about producing a work of art but also about imposing its sight and reading upon passersby through the brilliance it casts on the wall where it appears for a time. Cappiello, successor to Ch\u00e9ret, rarely fails to achieve his effect. Though he has many imitators, he remains the only one who attains perfection in his art. It is true that for the poster in question, circumstances favored him, as he had to reproduce the features of one of Paris's most notorious 'professional beauties,' Miss Jane Renouardt. He succeeded in turning his charming model into a true portrait while giving the whole the loud resonance required by any well-conceived poster. The result is remarkable, and we can only congratulate the artist for a poster that is, in its genre, a masterpiece\" (in La Renaissance de l'art fran\u00e7ais et des industries de luxe, March 4, 1922, p. 100).","og_url":"https:\/\/cappiello.fr\/en\/produit\/theatre-daunou-2\/","og_site_name":"Catalogue raisonn\u00e9 de Leonetto Cappiello","article_modified_time":"2025-05-14T21:26:48+00:00","og_image":[{"width":518,"height":799,"url":"https:\/\/cappiello.fr\/wp-content\/uploads\/2024\/10\/Lithographie-affiche-publicitaire-theatre-daunou-2-cappiello-1921.jpg","type":"image\/jpeg"}],"twitter_card":"summary_large_image","twitter_title":"Th\u00e9\u00e2tre Daunou","twitter_description":"In front of the theater gates appears a woman in a red dress, fur, and pearl necklace. It is the portrait of Jane Renouardt. \"Creating a beautiful poster is more difficult than one might think. It is not only about producing a work of art but also about imposing its sight and reading upon passersby through the brilliance it casts on the wall where it appears for a time. Cappiello, successor to Ch\u00e9ret, rarely fails to achieve his effect. Though he has many imitators, he remains the only one who attains perfection in his art. It is true that for the poster in question, circumstances favored him, as he had to reproduce the features of one of Paris's most notorious 'professional beauties,' Miss Jane Renouardt. He succeeded in turning his charming model into a true portrait while giving the whole the loud resonance required by any well-conceived poster. The result is remarkable, and we can only congratulate the artist for a poster that is, in its genre, a masterpiece\" (in La Renaissance de l'art fran\u00e7ais et des industries de luxe, March 4, 1922, p. 100).","twitter_misc":{"Price":"","Availability":"In stock"},"schema":{"@context":"https:\/\/schema.org","@graph":[{"@type":["WebPage","ItemPage"],"@id":"https:\/\/cappiello.fr\/en\/produit\/theatre-daunou-2\/","url":"https:\/\/cappiello.fr\/en\/produit\/theatre-daunou-2\/","name":"Th\u00e9\u00e2tre Daunou - Catalogue Raisonn\u00e9 de Leonetto Cappiello","isPartOf":{"@id":"https:\/\/cappiello.fr\/en\/#website"},"primaryImageOfPage":{"@id":"https:\/\/cappiello.fr\/en\/produit\/theatre-daunou-2\/#primaryimage"},"image":{"@id":"https:\/\/cappiello.fr\/en\/produit\/theatre-daunou-2\/#primaryimage"},"thumbnailUrl":"https:\/\/cappiello.fr\/wp-content\/uploads\/2024\/10\/Lithographie-affiche-publicitaire-theatre-daunou-2-cappiello-1921.jpg","datePublished":"1921-01-01T00:00:00+00:00","dateModified":"2025-05-14T21:26:48+00:00","description":"In front of the theater gates appears a woman in a red dress, fur, and pearl necklace. It is the portrait of Jane Renouardt. \"Creating a beautiful poster is more difficult than one might think. It is not only about producing a work of art but also about imposing its sight and reading upon passersby through the brilliance it casts on the wall where it appears for a time. Cappiello, successor to Ch\u00e9ret, rarely fails to achieve his effect. Though he has many imitators, he remains the only one who attains perfection in his art. It is true that for the poster in question, circumstances favored him, as he had to reproduce the features of one of Paris's most notorious 'professional beauties,' Miss Jane Renouardt. He succeeded in turning his charming model into a true portrait while giving the whole the loud resonance required by any well-conceived poster. The result is remarkable, and we can only congratulate the artist for a poster that is, in its genre, a masterpiece\" (in La Renaissance de l'art fran\u00e7ais et des industries de luxe, March 4, 1922, p. 100).","breadcrumb":{"@id":"https:\/\/cappiello.fr\/en\/produit\/theatre-daunou-2\/#breadcrumb"},"inLanguage":"en-US","potentialAction":[{"@type":"ReadAction","target":["https:\/\/cappiello.fr\/en\/produit\/theatre-daunou-2\/"]}]},{"@type":"ImageObject","inLanguage":"en-US","@id":"https:\/\/cappiello.fr\/en\/produit\/theatre-daunou-2\/#primaryimage","url":"https:\/\/cappiello.fr\/wp-content\/uploads\/2024\/10\/Lithographie-affiche-publicitaire-theatre-daunou-2-cappiello-1921.jpg","contentUrl":"https:\/\/cappiello.fr\/wp-content\/uploads\/2024\/10\/Lithographie-affiche-publicitaire-theatre-daunou-2-cappiello-1921.jpg","width":518,"height":799,"caption":"Publicit\u00e9 pour le th\u00e9\u00e2tre Daunou dirig\u00e9 par Jane Renouardt. Il a ouvert ses portes pour la premi\u00e8re fois le 30 d\u00e9cembre 1921."},{"@type":"BreadcrumbList","@id":"https:\/\/cappiello.fr\/en\/produit\/theatre-daunou-2\/#breadcrumb","itemListElement":[{"@type":"ListItem","position":1,"name":"Accueil","item":"https:\/\/cappiello.fr\/en\/"},{"@type":"ListItem","position":2,"name":"The works","item":"https:\/\/cappiello.fr\/en\/the-works\/"},{"@type":"ListItem","position":3,"name":"Th\u00e9\u00e2tre Daunou"}]},{"@type":"WebSite","@id":"https:\/\/cappiello.fr\/en\/#website","url":"https:\/\/cappiello.fr\/en\/","name":"Catalogue raisonn\u00e9 de Leonetto Cappiello","description":"Plongez dans l&#039;univers de Leonetto Cappiello, le p\u00e8re de la publicit\u00e9 moderne","potentialAction":[{"@type":"SearchAction","target":{"@type":"EntryPoint","urlTemplate":"https:\/\/cappiello.fr\/en\/?s={search_term_string}"},"query-input":{"@type":"PropertyValueSpecification","valueRequired":true,"valueName":"search_term_string"}}],"inLanguage":"en-US"}]},"product_price_currency":"EUR","og_availability":"instock","product_availability":"instock","product_retailer_item_id":"1921057Z0","product_condition":"new"},"_links":{"self":[{"href":"https:\/\/cappiello.fr\/en\/wp-json\/wp\/v2\/product\/132999","targetHints":{"allow":["GET"]}}],"collection":[{"href":"https:\/\/cappiello.fr\/en\/wp-json\/wp\/v2\/product"}],"about":[{"href":"https:\/\/cappiello.fr\/en\/wp-json\/wp\/v2\/types\/product"}],"wp:featuredmedia":[{"embeddable":true,"href":"https:\/\/cappiello.fr\/en\/wp-json\/wp\/v2\/media\/134820"}],"wp:attachment":[{"href":"https:\/\/cappiello.fr\/en\/wp-json\/wp\/v2\/media?parent=132999"}],"wp:term":[{"taxonomy":"type-doeuvre","embeddable":true,"href":"https:\/\/cappiello.fr\/en\/wp-json\/wp\/v2\/type-doeuvre?post=132999"},{"taxonomy":"product_brand","embeddable":true,"href":"https:\/\/cappiello.fr\/en\/wp-json\/wp\/v2\/product_brand?post=132999"},{"taxonomy":"product_cat","embeddable":true,"href":"https:\/\/cappiello.fr\/en\/wp-json\/wp\/v2\/product_cat?post=132999"},{"taxonomy":"product_tag","embeddable":true,"href":"https:\/\/cappiello.fr\/en\/wp-json\/wp\/v2\/product_tag?post=132999"}],"curies":[{"name":"wp","href":"https:\/\/api.w.org\/{rel}","templated":true}]}}