{"id":133008,"date":"1921-01-01T00:00:00","date_gmt":"1921-01-01T00:00:00","guid":{"rendered":"https:\/\/cappiello.fr\/produit\/cafe-20\/"},"modified":"2025-05-15T07:41:22","modified_gmt":"2025-05-15T05:41:22","slug":"cafe-20","status":"publish","type":"product","link":"https:\/\/cappiello.fr\/en\/produit\/cafe-20\/","title":{"rendered":"Caf\u00e9 Martin"},"content":{"rendered":"<p>A Turk, sitting on the smoke of a boiling cup of coffee, holds a coffee pot in one hand and four packets of coffee in the other. <\/p>\n<p>&#8220;In the poster for Caf\u00e9 Martin, Cappiello created, by personifying the aroma, the essence of coffee, the &#8216;genie of coffee,&#8217; released like the genie of the lamp. The Turk sailing on the fragrant vapors escaping from a richly decorated cup, the heavy and rich atmosphere suggest the charm, mystery, and refinement of the Orient of the Thousand and One Nights. The strength of Cappiello&#8217;s poster lies in the balance of forms: the inertia of the cup despite the movement of the decor and the elegant and powerful arabesque of the steam coiling around the character. The artist&#8217;s approach is the same for Caf\u00e9 Martin and for the <a href=\"https:\/\/cappiello.fr\/en\/produit\/bitter-campari-2\/\">Bitter Campari<\/a>.&#8221; [in Cappiello. Caricatures posters paintings.1981]<\/p>\n","protected":false},"excerpt":{"rendered":"<p>Coffee<\/p>\n","protected":false},"featured_media":134882,"template":"","meta":{"_acf_changed":false},"type-doeuvre":[4057],"product_brand":[],"product_cat":[3271],"product_tag":[3275,3273,3274,3272,3467,3558],"class_list":{"0":"post-133008","1":"product","2":"type-product","3":"status-publish","4":"has-post-thumbnail","6":"type-doeuvre-affiches","7":"product_cat-coffees-teas-chocolates","8":"product_tag-cup-en-3","9":"product_tag-cup-en","10":"product_tag-cup-en-2","11":"product_tag-cup","12":"product_tag-rose-en-5","13":"product_tag-turkish","14":"pa_periode-1919-1929-en","15":"pa_type-de-contenu-lithography","17":"first","18":"instock","19":"virtual","20":"product-type-simple"},"acf":[],"yoast_head":"<!-- This site is optimized with the Yoast SEO Premium plugin v27.0 (Yoast SEO v27.4) - https:\/\/yoast.com\/product\/yoast-seo-premium-wordpress\/ -->\n<title>Caf\u00e9 Martin - Catalogue Raisonn\u00e9 de Leonetto Cappiello<\/title>\n<meta name=\"description\" content=\"A Turk, seated on the smoke from a boiling cup of coffee, holds a coffee pot in one hand and four packets of coffee in the other. &quot;In the poster for Caf\u00e9 Martin, Cappiello created, by personifying the aroma, the essence of coffee, the &#039;genie of coffee,&#039; released like the genie of the lamp. The Turk floating on the fragrant vapors escaping from a richly decorated cup, the heavy and rich atmosphere suggest the charm, mystery, and refinement of the Orient of the Thousand and One Nights. The strength of Cappiello&#039;s poster lies in the balance of forms: the inertia of the cup despite the movement of the decor and the elegant, powerful arabesque of the steam swirling around the figure. The artist&#039;s approach is the same for Caf\u00e9 Martin and for Bitter Campari.&quot; [in Cappiello. Caricatures Posters Paintings. 1981]\" \/>\n<meta name=\"robots\" content=\"index, follow, max-snippet:-1, max-image-preview:large, max-video-preview:-1\" \/>\n<link rel=\"canonical\" href=\"https:\/\/cappiello.fr\/en\/produit\/cafe-20\/\" \/>\n<meta property=\"og:locale\" content=\"en_US\" \/>\n<meta property=\"og:type\" content=\"article\" \/>\n<meta property=\"og:title\" content=\"Caf\u00e9 Martin\" \/>\n<meta property=\"og:description\" content=\"A Turk, seated on the smoke from a boiling cup of coffee, holds a coffee pot in one hand and four packets of coffee in the other. &quot;In the poster for Caf\u00e9 Martin, Cappiello created, by personifying the aroma, the essence of coffee, the &#039;genie of coffee,&#039; released like the genie of the lamp. The Turk floating on the fragrant vapors escaping from a richly decorated cup, the heavy and rich atmosphere suggest the charm, mystery, and refinement of the Orient of the Thousand and One Nights. The strength of Cappiello&#039;s poster lies in the balance of forms: the inertia of the cup despite the movement of the decor and the elegant, powerful arabesque of the steam swirling around the figure. The artist&#039;s approach is the same for Caf\u00e9 Martin and for Bitter Campari.&quot; [in Cappiello. Caricatures Posters Paintings. 1981]\" \/>\n<meta property=\"og:url\" content=\"https:\/\/cappiello.fr\/en\/produit\/cafe-20\/\" \/>\n<meta property=\"og:site_name\" content=\"Catalogue raisonn\u00e9 de Leonetto Cappiello\" \/>\n<meta property=\"article:modified_time\" content=\"2025-05-15T05:41:22+00:00\" \/>\n<meta property=\"og:image\" content=\"https:\/\/cappiello.fr\/wp-content\/uploads\/2024\/10\/Lithographie-affiche-publicitaire-cafe-martin-cappiello-1922.jpg\" \/>\n\t<meta property=\"og:image:width\" content=\"516\" \/>\n\t<meta property=\"og:image:height\" content=\"800\" \/>\n\t<meta property=\"og:image:type\" content=\"image\/jpeg\" \/>\n<meta name=\"twitter:card\" content=\"summary_large_image\" \/>\n<meta name=\"twitter:title\" content=\"Caf\u00e9 Martin\" \/>\n<meta name=\"twitter:description\" content=\"A Turk, seated on the smoke from a boiling cup of coffee, holds a coffee pot in one hand and four packets of coffee in the other. &quot;In the poster for Caf\u00e9 Martin, Cappiello created, by personifying the aroma, the essence of coffee, the &#039;genie of coffee,&#039; released like the genie of the lamp. The Turk floating on the fragrant vapors escaping from a richly decorated cup, the heavy and rich atmosphere suggest the charm, mystery, and refinement of the Orient of the Thousand and One Nights. The strength of Cappiello&#039;s poster lies in the balance of forms: the inertia of the cup despite the movement of the decor and the elegant, powerful arabesque of the steam swirling around the figure. The artist&#039;s approach is the same for Caf\u00e9 Martin and for Bitter Campari.&quot; [in Cappiello. Caricatures Posters Paintings. 1981]\" \/>\n<meta name=\"twitter:label1\" content=\"Price\" \/>\n\t<meta name=\"twitter:data1\" content=\"\" \/>\n\t<meta name=\"twitter:label2\" content=\"Availability\" \/>\n\t<meta name=\"twitter:data2\" content=\"In stock\" \/>\n<script type=\"application\/ld+json\" class=\"yoast-schema-graph\">{\"@context\":\"https:\\\/\\\/schema.org\",\"@graph\":[{\"@type\":[\"WebPage\",\"ItemPage\"],\"@id\":\"https:\\\/\\\/cappiello.fr\\\/en\\\/produit\\\/cafe-20\\\/\",\"url\":\"https:\\\/\\\/cappiello.fr\\\/en\\\/produit\\\/cafe-20\\\/\",\"name\":\"Caf\u00e9 Martin - Catalogue Raisonn\u00e9 de Leonetto Cappiello\",\"isPartOf\":{\"@id\":\"https:\\\/\\\/cappiello.fr\\\/en\\\/#website\"},\"primaryImageOfPage\":{\"@id\":\"https:\\\/\\\/cappiello.fr\\\/en\\\/produit\\\/cafe-20\\\/#primaryimage\"},\"image\":{\"@id\":\"https:\\\/\\\/cappiello.fr\\\/en\\\/produit\\\/cafe-20\\\/#primaryimage\"},\"thumbnailUrl\":\"https:\\\/\\\/cappiello.fr\\\/wp-content\\\/uploads\\\/2024\\\/10\\\/Lithographie-affiche-publicitaire-cafe-martin-cappiello-1922.jpg\",\"datePublished\":\"1921-01-01T00:00:00+00:00\",\"dateModified\":\"2025-05-15T05:41:22+00:00\",\"description\":\"A Turk, seated on the smoke from a boiling cup of coffee, holds a coffee pot in one hand and four packets of coffee in the other. \\\"In the poster for Caf\u00e9 Martin, Cappiello created, by personifying the aroma, the essence of coffee, the 'genie of coffee,' released like the genie of the lamp. The Turk floating on the fragrant vapors escaping from a richly decorated cup, the heavy and rich atmosphere suggest the charm, mystery, and refinement of the Orient of the Thousand and One Nights. The strength of Cappiello's poster lies in the balance of forms: the inertia of the cup despite the movement of the decor and the elegant, powerful arabesque of the steam swirling around the figure. The artist's approach is the same for Caf\u00e9 Martin and for Bitter Campari.\\\" [in Cappiello. Caricatures Posters Paintings. 1981]\",\"breadcrumb\":{\"@id\":\"https:\\\/\\\/cappiello.fr\\\/en\\\/produit\\\/cafe-20\\\/#breadcrumb\"},\"inLanguage\":\"en-US\",\"potentialAction\":[{\"@type\":\"ReadAction\",\"target\":[\"https:\\\/\\\/cappiello.fr\\\/en\\\/produit\\\/cafe-20\\\/\"]}]},{\"@type\":\"ImageObject\",\"inLanguage\":\"en-US\",\"@id\":\"https:\\\/\\\/cappiello.fr\\\/en\\\/produit\\\/cafe-20\\\/#primaryimage\",\"url\":\"https:\\\/\\\/cappiello.fr\\\/wp-content\\\/uploads\\\/2024\\\/10\\\/Lithographie-affiche-publicitaire-cafe-martin-cappiello-1922.jpg\",\"contentUrl\":\"https:\\\/\\\/cappiello.fr\\\/wp-content\\\/uploads\\\/2024\\\/10\\\/Lithographie-affiche-publicitaire-cafe-martin-cappiello-1922.jpg\",\"width\":516,\"height\":800,\"caption\":\"Caf\u00e9\"},{\"@type\":\"BreadcrumbList\",\"@id\":\"https:\\\/\\\/cappiello.fr\\\/en\\\/produit\\\/cafe-20\\\/#breadcrumb\",\"itemListElement\":[{\"@type\":\"ListItem\",\"position\":1,\"name\":\"Accueil\",\"item\":\"https:\\\/\\\/cappiello.fr\\\/en\\\/\"},{\"@type\":\"ListItem\",\"position\":2,\"name\":\"The works\",\"item\":\"https:\\\/\\\/cappiello.fr\\\/en\\\/the-works\\\/\"},{\"@type\":\"ListItem\",\"position\":3,\"name\":\"Caf\u00e9 Martin\"}]},{\"@type\":\"WebSite\",\"@id\":\"https:\\\/\\\/cappiello.fr\\\/en\\\/#website\",\"url\":\"https:\\\/\\\/cappiello.fr\\\/en\\\/\",\"name\":\"Catalogue raisonn\u00e9 de Leonetto Cappiello\",\"description\":\"Plongez dans l&#039;univers de Leonetto Cappiello, le p\u00e8re de la publicit\u00e9 moderne\",\"potentialAction\":[{\"@type\":\"SearchAction\",\"target\":{\"@type\":\"EntryPoint\",\"urlTemplate\":\"https:\\\/\\\/cappiello.fr\\\/en\\\/?s={search_term_string}\"},\"query-input\":{\"@type\":\"PropertyValueSpecification\",\"valueRequired\":true,\"valueName\":\"search_term_string\"}}],\"inLanguage\":\"en-US\"}]}<\/script>\n<meta property=\"product:price:currency\" content=\"EUR\" \/>\n<meta property=\"og:availability\" content=\"instock\" \/>\n<meta property=\"product:availability\" content=\"instock\" \/>\n<meta property=\"product:retailer_item_id\" content=\"1921024Z0, 1921024Z1 et 1921024Z2\" \/>\n<meta property=\"product:condition\" content=\"new\" \/>\n<!-- \/ Yoast SEO Premium plugin. -->","yoast_head_json":{"title":"Caf\u00e9 Martin - Catalogue Raisonn\u00e9 de Leonetto Cappiello","description":"A Turk, seated on the smoke from a boiling cup of coffee, holds a coffee pot in one hand and four packets of coffee in the other. \"In the poster for Caf\u00e9 Martin, Cappiello created, by personifying the aroma, the essence of coffee, the 'genie of coffee,' released like the genie of the lamp. The Turk floating on the fragrant vapors escaping from a richly decorated cup, the heavy and rich atmosphere suggest the charm, mystery, and refinement of the Orient of the Thousand and One Nights. The strength of Cappiello's poster lies in the balance of forms: the inertia of the cup despite the movement of the decor and the elegant, powerful arabesque of the steam swirling around the figure. The artist's approach is the same for Caf\u00e9 Martin and for Bitter Campari.\" [in Cappiello. Caricatures Posters Paintings. 1981]","robots":{"index":"index","follow":"follow","max-snippet":"max-snippet:-1","max-image-preview":"max-image-preview:large","max-video-preview":"max-video-preview:-1"},"canonical":"https:\/\/cappiello.fr\/en\/produit\/cafe-20\/","og_locale":"en_US","og_type":"article","og_title":"Caf\u00e9 Martin","og_description":"A Turk, seated on the smoke from a boiling cup of coffee, holds a coffee pot in one hand and four packets of coffee in the other. \"In the poster for Caf\u00e9 Martin, Cappiello created, by personifying the aroma, the essence of coffee, the 'genie of coffee,' released like the genie of the lamp. The Turk floating on the fragrant vapors escaping from a richly decorated cup, the heavy and rich atmosphere suggest the charm, mystery, and refinement of the Orient of the Thousand and One Nights. The strength of Cappiello's poster lies in the balance of forms: the inertia of the cup despite the movement of the decor and the elegant, powerful arabesque of the steam swirling around the figure. The artist's approach is the same for Caf\u00e9 Martin and for Bitter Campari.\" [in Cappiello. Caricatures Posters Paintings. 1981]","og_url":"https:\/\/cappiello.fr\/en\/produit\/cafe-20\/","og_site_name":"Catalogue raisonn\u00e9 de Leonetto Cappiello","article_modified_time":"2025-05-15T05:41:22+00:00","og_image":[{"width":516,"height":800,"url":"https:\/\/cappiello.fr\/wp-content\/uploads\/2024\/10\/Lithographie-affiche-publicitaire-cafe-martin-cappiello-1922.jpg","type":"image\/jpeg"}],"twitter_card":"summary_large_image","twitter_title":"Caf\u00e9 Martin","twitter_description":"A Turk, seated on the smoke from a boiling cup of coffee, holds a coffee pot in one hand and four packets of coffee in the other. \"In the poster for Caf\u00e9 Martin, Cappiello created, by personifying the aroma, the essence of coffee, the 'genie of coffee,' released like the genie of the lamp. The Turk floating on the fragrant vapors escaping from a richly decorated cup, the heavy and rich atmosphere suggest the charm, mystery, and refinement of the Orient of the Thousand and One Nights. The strength of Cappiello's poster lies in the balance of forms: the inertia of the cup despite the movement of the decor and the elegant, powerful arabesque of the steam swirling around the figure. The artist's approach is the same for Caf\u00e9 Martin and for Bitter Campari.\" [in Cappiello. Caricatures Posters Paintings. 1981]","twitter_misc":{"Price":"","Availability":"In stock"},"schema":{"@context":"https:\/\/schema.org","@graph":[{"@type":["WebPage","ItemPage"],"@id":"https:\/\/cappiello.fr\/en\/produit\/cafe-20\/","url":"https:\/\/cappiello.fr\/en\/produit\/cafe-20\/","name":"Caf\u00e9 Martin - Catalogue Raisonn\u00e9 de Leonetto Cappiello","isPartOf":{"@id":"https:\/\/cappiello.fr\/en\/#website"},"primaryImageOfPage":{"@id":"https:\/\/cappiello.fr\/en\/produit\/cafe-20\/#primaryimage"},"image":{"@id":"https:\/\/cappiello.fr\/en\/produit\/cafe-20\/#primaryimage"},"thumbnailUrl":"https:\/\/cappiello.fr\/wp-content\/uploads\/2024\/10\/Lithographie-affiche-publicitaire-cafe-martin-cappiello-1922.jpg","datePublished":"1921-01-01T00:00:00+00:00","dateModified":"2025-05-15T05:41:22+00:00","description":"A Turk, seated on the smoke from a boiling cup of coffee, holds a coffee pot in one hand and four packets of coffee in the other. \"In the poster for Caf\u00e9 Martin, Cappiello created, by personifying the aroma, the essence of coffee, the 'genie of coffee,' released like the genie of the lamp. The Turk floating on the fragrant vapors escaping from a richly decorated cup, the heavy and rich atmosphere suggest the charm, mystery, and refinement of the Orient of the Thousand and One Nights. The strength of Cappiello's poster lies in the balance of forms: the inertia of the cup despite the movement of the decor and the elegant, powerful arabesque of the steam swirling around the figure. The artist's approach is the same for Caf\u00e9 Martin and for Bitter Campari.\" [in Cappiello. Caricatures Posters Paintings. 1981]","breadcrumb":{"@id":"https:\/\/cappiello.fr\/en\/produit\/cafe-20\/#breadcrumb"},"inLanguage":"en-US","potentialAction":[{"@type":"ReadAction","target":["https:\/\/cappiello.fr\/en\/produit\/cafe-20\/"]}]},{"@type":"ImageObject","inLanguage":"en-US","@id":"https:\/\/cappiello.fr\/en\/produit\/cafe-20\/#primaryimage","url":"https:\/\/cappiello.fr\/wp-content\/uploads\/2024\/10\/Lithographie-affiche-publicitaire-cafe-martin-cappiello-1922.jpg","contentUrl":"https:\/\/cappiello.fr\/wp-content\/uploads\/2024\/10\/Lithographie-affiche-publicitaire-cafe-martin-cappiello-1922.jpg","width":516,"height":800,"caption":"Caf\u00e9"},{"@type":"BreadcrumbList","@id":"https:\/\/cappiello.fr\/en\/produit\/cafe-20\/#breadcrumb","itemListElement":[{"@type":"ListItem","position":1,"name":"Accueil","item":"https:\/\/cappiello.fr\/en\/"},{"@type":"ListItem","position":2,"name":"The works","item":"https:\/\/cappiello.fr\/en\/the-works\/"},{"@type":"ListItem","position":3,"name":"Caf\u00e9 Martin"}]},{"@type":"WebSite","@id":"https:\/\/cappiello.fr\/en\/#website","url":"https:\/\/cappiello.fr\/en\/","name":"Catalogue raisonn\u00e9 de Leonetto Cappiello","description":"Plongez dans l&#039;univers de Leonetto Cappiello, le p\u00e8re de la publicit\u00e9 moderne","potentialAction":[{"@type":"SearchAction","target":{"@type":"EntryPoint","urlTemplate":"https:\/\/cappiello.fr\/en\/?s={search_term_string}"},"query-input":{"@type":"PropertyValueSpecification","valueRequired":true,"valueName":"search_term_string"}}],"inLanguage":"en-US"}]},"product_price_currency":"EUR","og_availability":"instock","product_availability":"instock","product_retailer_item_id":"1921024Z0, 1921024Z1 et 1921024Z2","product_condition":"new"},"_links":{"self":[{"href":"https:\/\/cappiello.fr\/en\/wp-json\/wp\/v2\/product\/133008","targetHints":{"allow":["GET"]}}],"collection":[{"href":"https:\/\/cappiello.fr\/en\/wp-json\/wp\/v2\/product"}],"about":[{"href":"https:\/\/cappiello.fr\/en\/wp-json\/wp\/v2\/types\/product"}],"wp:featuredmedia":[{"embeddable":true,"href":"https:\/\/cappiello.fr\/en\/wp-json\/wp\/v2\/media\/134882"}],"wp:attachment":[{"href":"https:\/\/cappiello.fr\/en\/wp-json\/wp\/v2\/media?parent=133008"}],"wp:term":[{"taxonomy":"type-doeuvre","embeddable":true,"href":"https:\/\/cappiello.fr\/en\/wp-json\/wp\/v2\/type-doeuvre?post=133008"},{"taxonomy":"product_brand","embeddable":true,"href":"https:\/\/cappiello.fr\/en\/wp-json\/wp\/v2\/product_brand?post=133008"},{"taxonomy":"product_cat","embeddable":true,"href":"https:\/\/cappiello.fr\/en\/wp-json\/wp\/v2\/product_cat?post=133008"},{"taxonomy":"product_tag","embeddable":true,"href":"https:\/\/cappiello.fr\/en\/wp-json\/wp\/v2\/product_tag?post=133008"}],"curies":[{"name":"wp","href":"https:\/\/api.w.org\/{rel}","templated":true}]}}