{"id":133026,"date":"1933-01-01T00:00:00","date_gmt":"1933-01-01T00:00:00","guid":{"rendered":"https:\/\/cappiello.fr\/produit\/mireille-2\/"},"modified":"2025-05-15T07:47:25","modified_gmt":"2025-05-15T05:47:25","slug":"mireille-2","status":"publish","type":"product","link":"https:\/\/cappiello.fr\/en\/produit\/mireille-2\/","title":{"rendered":"Mireille &#038; Arl\u00e9sien"},"content":{"rendered":"<p>A couple from Provence looks at some charcuterie arranged on a table: Sausages, canned goods.<\/p>\n","protected":false},"excerpt":{"rendered":"<p>The Alimentation de Provence company experienced considerable growth during the First World War because it had secured the monopoly on corned-beef imports for the French army. After the war, it diversified into charcuterie with high-quality products such as Saucisson Mireille.<\/p>\n","protected":false},"featured_media":133816,"template":"","meta":{"_acf_changed":false},"type-doeuvre":[4057],"product_brand":[],"product_cat":[3429],"product_tag":[3364,3803,3316,3458],"class_list":{"0":"post-133026","1":"product","2":"type-product","3":"status-publish","4":"has-post-thumbnail","6":"type-doeuvre-affiches","7":"product_cat-delicatessen","8":"product_tag-long-dress-en-2","9":"product_tag-sausage","10":"product_tag-woman","11":"product_tag-hat-en-7","12":"pa_periode-1930-1940-en","13":"pa_type-de-contenu-sketch-photo","15":"first","16":"instock","17":"virtual","18":"product-type-simple"},"acf":[],"yoast_head":"<!-- This site is optimized with the Yoast SEO Premium plugin v27.0 (Yoast SEO v27.4) - https:\/\/yoast.com\/product\/yoast-seo-premium-wordpress\/ -->\n<title>Mireille &amp; Arl\u00e9sien - Catalogue Raisonn\u00e9 de Leonetto Cappiello<\/title>\n<meta name=\"description\" content=\"A couple from Provence looks at some charcuterie laid out on a table: Sausages, preserves.\" \/>\n<meta name=\"robots\" content=\"index, follow, max-snippet:-1, max-image-preview:large, max-video-preview:-1\" \/>\n<link rel=\"canonical\" href=\"https:\/\/cappiello.fr\/en\/produit\/mireille-2\/\" \/>\n<meta property=\"og:locale\" content=\"en_US\" \/>\n<meta property=\"og:type\" content=\"article\" \/>\n<meta property=\"og:title\" content=\"Mireille &amp; Arl\u00e9sien\" \/>\n<meta property=\"og:description\" content=\"A couple from Provence looks at some charcuterie laid out on a table: Sausages, preserves.\" \/>\n<meta property=\"og:url\" content=\"https:\/\/cappiello.fr\/en\/produit\/mireille-2\/\" \/>\n<meta property=\"og:site_name\" content=\"Catalogue raisonn\u00e9 de Leonetto Cappiello\" \/>\n<meta property=\"article:modified_time\" content=\"2025-05-15T05:47:25+00:00\" \/>\n<meta property=\"og:image\" content=\"https:\/\/cappiello.fr\/wp-content\/uploads\/2024\/10\/Photo-desquisse-affiche-publicitaire-mireille-arlesien-cappiello-1933.jpg\" \/>\n\t<meta property=\"og:image:width\" content=\"557\" \/>\n\t<meta property=\"og:image:height\" content=\"800\" \/>\n\t<meta property=\"og:image:type\" content=\"image\/jpeg\" \/>\n<meta name=\"twitter:card\" content=\"summary_large_image\" \/>\n<meta name=\"twitter:title\" content=\"Mireille &amp; Arl\u00e9sien\" \/>\n<meta name=\"twitter:description\" content=\"A couple from Provence looks at some charcuterie laid out on a table: Sausages, preserves.\" \/>\n<meta name=\"twitter:label1\" content=\"Price\" \/>\n\t<meta name=\"twitter:data1\" content=\"\" \/>\n\t<meta name=\"twitter:label2\" content=\"Availability\" \/>\n\t<meta name=\"twitter:data2\" content=\"In stock\" \/>\n<script type=\"application\/ld+json\" class=\"yoast-schema-graph\">{\"@context\":\"https:\\\/\\\/schema.org\",\"@graph\":[{\"@type\":[\"WebPage\",\"ItemPage\"],\"@id\":\"https:\\\/\\\/cappiello.fr\\\/en\\\/produit\\\/mireille-2\\\/\",\"url\":\"https:\\\/\\\/cappiello.fr\\\/en\\\/produit\\\/mireille-2\\\/\",\"name\":\"Mireille & Arl\u00e9sien - Catalogue Raisonn\u00e9 de Leonetto Cappiello\",\"isPartOf\":{\"@id\":\"https:\\\/\\\/cappiello.fr\\\/en\\\/#website\"},\"primaryImageOfPage\":{\"@id\":\"https:\\\/\\\/cappiello.fr\\\/en\\\/produit\\\/mireille-2\\\/#primaryimage\"},\"image\":{\"@id\":\"https:\\\/\\\/cappiello.fr\\\/en\\\/produit\\\/mireille-2\\\/#primaryimage\"},\"thumbnailUrl\":\"https:\\\/\\\/cappiello.fr\\\/wp-content\\\/uploads\\\/2024\\\/10\\\/Photo-desquisse-affiche-publicitaire-mireille-arlesien-cappiello-1933.jpg\",\"datePublished\":\"1933-01-01T00:00:00+00:00\",\"dateModified\":\"2025-05-15T05:47:25+00:00\",\"description\":\"A couple from Provence looks at some charcuterie laid out on a table: Sausages, preserves.\",\"breadcrumb\":{\"@id\":\"https:\\\/\\\/cappiello.fr\\\/en\\\/produit\\\/mireille-2\\\/#breadcrumb\"},\"inLanguage\":\"en-US\",\"potentialAction\":[{\"@type\":\"ReadAction\",\"target\":[\"https:\\\/\\\/cappiello.fr\\\/en\\\/produit\\\/mireille-2\\\/\"]}]},{\"@type\":\"ImageObject\",\"inLanguage\":\"en-US\",\"@id\":\"https:\\\/\\\/cappiello.fr\\\/en\\\/produit\\\/mireille-2\\\/#primaryimage\",\"url\":\"https:\\\/\\\/cappiello.fr\\\/wp-content\\\/uploads\\\/2024\\\/10\\\/Photo-desquisse-affiche-publicitaire-mireille-arlesien-cappiello-1933.jpg\",\"contentUrl\":\"https:\\\/\\\/cappiello.fr\\\/wp-content\\\/uploads\\\/2024\\\/10\\\/Photo-desquisse-affiche-publicitaire-mireille-arlesien-cappiello-1933.jpg\",\"width\":557,\"height\":800,\"caption\":\"La soci\u00e9t\u00e9 d'Alimentation de Provence a connu un d\u00e9veloppement consid\u00e9rable pendant la premi\u00e8re guerre mondiale car elle avait obtenue pour l'arm\u00e9e fran\u00e7aise le monopole de l'importation du Corned Beef. Apr\u00e8s la guerre elle s'est diversifi\u00e9e dans la charcuterie avec des produits de qualit\u00e9 comme le Saucisson Mireille.\"},{\"@type\":\"BreadcrumbList\",\"@id\":\"https:\\\/\\\/cappiello.fr\\\/en\\\/produit\\\/mireille-2\\\/#breadcrumb\",\"itemListElement\":[{\"@type\":\"ListItem\",\"position\":1,\"name\":\"Accueil\",\"item\":\"https:\\\/\\\/cappiello.fr\\\/en\\\/\"},{\"@type\":\"ListItem\",\"position\":2,\"name\":\"The works\",\"item\":\"https:\\\/\\\/cappiello.fr\\\/en\\\/the-works\\\/\"},{\"@type\":\"ListItem\",\"position\":3,\"name\":\"Mireille &#038; Arl\u00e9sien\"}]},{\"@type\":\"WebSite\",\"@id\":\"https:\\\/\\\/cappiello.fr\\\/en\\\/#website\",\"url\":\"https:\\\/\\\/cappiello.fr\\\/en\\\/\",\"name\":\"Catalogue raisonn\u00e9 de Leonetto Cappiello\",\"description\":\"Plongez dans l&#039;univers de Leonetto Cappiello, le p\u00e8re de la publicit\u00e9 moderne\",\"potentialAction\":[{\"@type\":\"SearchAction\",\"target\":{\"@type\":\"EntryPoint\",\"urlTemplate\":\"https:\\\/\\\/cappiello.fr\\\/en\\\/?s={search_term_string}\"},\"query-input\":{\"@type\":\"PropertyValueSpecification\",\"valueRequired\":true,\"valueName\":\"search_term_string\"}}],\"inLanguage\":\"en-US\"}]}<\/script>\n<meta property=\"product:price:currency\" content=\"EUR\" \/>\n<meta property=\"og:availability\" content=\"instock\" \/>\n<meta property=\"product:availability\" content=\"instock\" \/>\n<meta property=\"product:retailer_item_id\" content=\"1933076B0\" \/>\n<meta property=\"product:condition\" content=\"new\" \/>\n<!-- \/ Yoast SEO Premium plugin. -->","yoast_head_json":{"title":"Mireille & Arl\u00e9sien - Catalogue Raisonn\u00e9 de Leonetto Cappiello","description":"A couple from Provence looks at some charcuterie laid out on a table: Sausages, preserves.","robots":{"index":"index","follow":"follow","max-snippet":"max-snippet:-1","max-image-preview":"max-image-preview:large","max-video-preview":"max-video-preview:-1"},"canonical":"https:\/\/cappiello.fr\/en\/produit\/mireille-2\/","og_locale":"en_US","og_type":"article","og_title":"Mireille & Arl\u00e9sien","og_description":"A couple from Provence looks at some charcuterie laid out on a table: Sausages, preserves.","og_url":"https:\/\/cappiello.fr\/en\/produit\/mireille-2\/","og_site_name":"Catalogue raisonn\u00e9 de Leonetto Cappiello","article_modified_time":"2025-05-15T05:47:25+00:00","og_image":[{"width":557,"height":800,"url":"https:\/\/cappiello.fr\/wp-content\/uploads\/2024\/10\/Photo-desquisse-affiche-publicitaire-mireille-arlesien-cappiello-1933.jpg","type":"image\/jpeg"}],"twitter_card":"summary_large_image","twitter_title":"Mireille & Arl\u00e9sien","twitter_description":"A couple from Provence looks at some charcuterie laid out on a table: Sausages, preserves.","twitter_misc":{"Price":"","Availability":"In stock"},"schema":{"@context":"https:\/\/schema.org","@graph":[{"@type":["WebPage","ItemPage"],"@id":"https:\/\/cappiello.fr\/en\/produit\/mireille-2\/","url":"https:\/\/cappiello.fr\/en\/produit\/mireille-2\/","name":"Mireille & Arl\u00e9sien - Catalogue Raisonn\u00e9 de Leonetto Cappiello","isPartOf":{"@id":"https:\/\/cappiello.fr\/en\/#website"},"primaryImageOfPage":{"@id":"https:\/\/cappiello.fr\/en\/produit\/mireille-2\/#primaryimage"},"image":{"@id":"https:\/\/cappiello.fr\/en\/produit\/mireille-2\/#primaryimage"},"thumbnailUrl":"https:\/\/cappiello.fr\/wp-content\/uploads\/2024\/10\/Photo-desquisse-affiche-publicitaire-mireille-arlesien-cappiello-1933.jpg","datePublished":"1933-01-01T00:00:00+00:00","dateModified":"2025-05-15T05:47:25+00:00","description":"A couple from Provence looks at some charcuterie laid out on a table: Sausages, preserves.","breadcrumb":{"@id":"https:\/\/cappiello.fr\/en\/produit\/mireille-2\/#breadcrumb"},"inLanguage":"en-US","potentialAction":[{"@type":"ReadAction","target":["https:\/\/cappiello.fr\/en\/produit\/mireille-2\/"]}]},{"@type":"ImageObject","inLanguage":"en-US","@id":"https:\/\/cappiello.fr\/en\/produit\/mireille-2\/#primaryimage","url":"https:\/\/cappiello.fr\/wp-content\/uploads\/2024\/10\/Photo-desquisse-affiche-publicitaire-mireille-arlesien-cappiello-1933.jpg","contentUrl":"https:\/\/cappiello.fr\/wp-content\/uploads\/2024\/10\/Photo-desquisse-affiche-publicitaire-mireille-arlesien-cappiello-1933.jpg","width":557,"height":800,"caption":"La soci\u00e9t\u00e9 d'Alimentation de Provence a connu un d\u00e9veloppement consid\u00e9rable pendant la premi\u00e8re guerre mondiale car elle avait obtenue pour l'arm\u00e9e fran\u00e7aise le monopole de l'importation du Corned Beef. Apr\u00e8s la guerre elle s'est diversifi\u00e9e dans la charcuterie avec des produits de qualit\u00e9 comme le Saucisson Mireille."},{"@type":"BreadcrumbList","@id":"https:\/\/cappiello.fr\/en\/produit\/mireille-2\/#breadcrumb","itemListElement":[{"@type":"ListItem","position":1,"name":"Accueil","item":"https:\/\/cappiello.fr\/en\/"},{"@type":"ListItem","position":2,"name":"The works","item":"https:\/\/cappiello.fr\/en\/the-works\/"},{"@type":"ListItem","position":3,"name":"Mireille &#038; Arl\u00e9sien"}]},{"@type":"WebSite","@id":"https:\/\/cappiello.fr\/en\/#website","url":"https:\/\/cappiello.fr\/en\/","name":"Catalogue raisonn\u00e9 de Leonetto Cappiello","description":"Plongez dans l&#039;univers de Leonetto Cappiello, le p\u00e8re de la publicit\u00e9 moderne","potentialAction":[{"@type":"SearchAction","target":{"@type":"EntryPoint","urlTemplate":"https:\/\/cappiello.fr\/en\/?s={search_term_string}"},"query-input":{"@type":"PropertyValueSpecification","valueRequired":true,"valueName":"search_term_string"}}],"inLanguage":"en-US"}]},"product_price_currency":"EUR","og_availability":"instock","product_availability":"instock","product_retailer_item_id":"1933076B0","product_condition":"new"},"_links":{"self":[{"href":"https:\/\/cappiello.fr\/en\/wp-json\/wp\/v2\/product\/133026","targetHints":{"allow":["GET"]}}],"collection":[{"href":"https:\/\/cappiello.fr\/en\/wp-json\/wp\/v2\/product"}],"about":[{"href":"https:\/\/cappiello.fr\/en\/wp-json\/wp\/v2\/types\/product"}],"wp:featuredmedia":[{"embeddable":true,"href":"https:\/\/cappiello.fr\/en\/wp-json\/wp\/v2\/media\/133816"}],"wp:attachment":[{"href":"https:\/\/cappiello.fr\/en\/wp-json\/wp\/v2\/media?parent=133026"}],"wp:term":[{"taxonomy":"type-doeuvre","embeddable":true,"href":"https:\/\/cappiello.fr\/en\/wp-json\/wp\/v2\/type-doeuvre?post=133026"},{"taxonomy":"product_brand","embeddable":true,"href":"https:\/\/cappiello.fr\/en\/wp-json\/wp\/v2\/product_brand?post=133026"},{"taxonomy":"product_cat","embeddable":true,"href":"https:\/\/cappiello.fr\/en\/wp-json\/wp\/v2\/product_cat?post=133026"},{"taxonomy":"product_tag","embeddable":true,"href":"https:\/\/cappiello.fr\/en\/wp-json\/wp\/v2\/product_tag?post=133026"}],"curies":[{"name":"wp","href":"https:\/\/api.w.org\/{rel}","templated":true}]}}