{"id":133059,"date":"1920-01-01T00:00:00","date_gmt":"1920-01-01T00:00:00","guid":{"rendered":"https:\/\/cappiello.fr\/produit\/canetta-bitter-e-costume\/"},"modified":"2025-06-02T08:18:56","modified_gmt":"2025-06-02T06:18:56","slug":"canetta-bitter-e-costume","status":"publish","type":"product","link":"https:\/\/cappiello.fr\/en\/produit\/canetta-bitter-e-costume\/","title":{"rendered":"Canetta \/ Bitter e Costum\u00e8"},"content":{"rendered":"<p>Two knights clash in an equestrian tournament, each brandishing a bottle of Canetta.<br \/>\n<Br>This poster was originally designed for Bootz liqueur (See black and white photo).<\/p>\n","protected":false},"excerpt":{"rendered":"<p>Aperitifs marketed by Maurizio Canetta in Milan<\/p>\n","protected":false},"featured_media":133060,"template":"","meta":{"_acf_changed":false},"type-doeuvre":[4057],"product_brand":[],"product_cat":[3339],"product_tag":[3290,3250,3453,3454,3467],"class_list":{"0":"post-133059","1":"product","2":"type-product","3":"status-publish","4":"has-post-thumbnail","6":"type-doeuvre-affiches","7":"product_cat-aperitifs","8":"product_tag-mustache-en","9":"product_tag-hat","10":"product_tag-mountain-dweller","11":"product_tag-mountain-dweller-en","12":"product_tag-rose-en-5","13":"pa_periode-1919-1929-en","14":"pa_type-de-contenu-lithography","16":"first","17":"instock","18":"virtual","19":"product-type-simple"},"acf":[],"yoast_head":"<!-- This site is optimized with the Yoast SEO Premium plugin v27.0 (Yoast SEO v27.4) - https:\/\/yoast.com\/product\/yoast-seo-premium-wordpress\/ -->\n<title>Canetta \/ Bitter e Costum\u00e8 - Catalogue Raisonn\u00e9 de Leonetto Cappiello<\/title>\n<meta name=\"description\" content=\"Two knights face each other in an equestrian tournament, each brandishing a bottle of Canetta. This poster was originally designed for Bootz liqueur (See black and white photo).\" \/>\n<meta name=\"robots\" content=\"index, follow, max-snippet:-1, max-image-preview:large, max-video-preview:-1\" \/>\n<link rel=\"canonical\" href=\"https:\/\/cappiello.fr\/en\/produit\/canetta-bitter-e-costume\/\" \/>\n<meta property=\"og:locale\" content=\"en_US\" \/>\n<meta property=\"og:type\" content=\"article\" \/>\n<meta property=\"og:title\" content=\"Canetta \/ Bitter e Costum\u00e8\" \/>\n<meta property=\"og:description\" content=\"Two knights face each other in an equestrian tournament, each brandishing a bottle of Canetta. This poster was originally designed for Bootz liqueur (see black and white photo).\" \/>\n<meta property=\"og:url\" content=\"https:\/\/cappiello.fr\/en\/produit\/canetta-bitter-e-costume\/\" \/>\n<meta property=\"og:site_name\" content=\"Catalogue raisonn\u00e9 de Leonetto Cappiello\" \/>\n<meta property=\"article:modified_time\" content=\"2025-06-02T06:18:56+00:00\" \/>\n<meta property=\"og:image\" content=\"https:\/\/cappiello.fr\/wp-content\/uploads\/2024\/10\/Lithographie-affiche-publicitaire-canetta-bitter-e-costume-cappiello-1921.jpg\" \/>\n\t<meta property=\"og:image:width\" content=\"566\" \/>\n\t<meta property=\"og:image:height\" content=\"800\" \/>\n\t<meta property=\"og:image:type\" content=\"image\/jpeg\" \/>\n<meta name=\"twitter:card\" content=\"summary_large_image\" \/>\n<meta name=\"twitter:title\" content=\"Canetta \/ Bitter e Costum\u00e8\" \/>\n<meta name=\"twitter:description\" content=\"Two knights face each other in an equestrian tournament, each brandishing a bottle of Canetta. This poster was originally designed for Bootz liqueur (See black and white photo).\" \/>\n<meta name=\"twitter:label1\" content=\"Price\" \/>\n\t<meta name=\"twitter:data1\" content=\"\" \/>\n\t<meta name=\"twitter:label2\" content=\"Availability\" \/>\n\t<meta name=\"twitter:data2\" content=\"In stock\" \/>\n<script type=\"application\/ld+json\" class=\"yoast-schema-graph\">{\"@context\":\"https:\\\/\\\/schema.org\",\"@graph\":[{\"@type\":[\"WebPage\",\"ItemPage\"],\"@id\":\"https:\\\/\\\/cappiello.fr\\\/en\\\/produit\\\/canetta-bitter-e-costume\\\/\",\"url\":\"https:\\\/\\\/cappiello.fr\\\/en\\\/produit\\\/canetta-bitter-e-costume\\\/\",\"name\":\"Canetta \\\/ Bitter e Costum\u00e8 - Catalogue Raisonn\u00e9 de Leonetto Cappiello\",\"isPartOf\":{\"@id\":\"https:\\\/\\\/cappiello.fr\\\/en\\\/#website\"},\"primaryImageOfPage\":{\"@id\":\"https:\\\/\\\/cappiello.fr\\\/en\\\/produit\\\/canetta-bitter-e-costume\\\/#primaryimage\"},\"image\":{\"@id\":\"https:\\\/\\\/cappiello.fr\\\/en\\\/produit\\\/canetta-bitter-e-costume\\\/#primaryimage\"},\"thumbnailUrl\":\"https:\\\/\\\/cappiello.fr\\\/wp-content\\\/uploads\\\/2024\\\/10\\\/Lithographie-affiche-publicitaire-canetta-bitter-e-costume-cappiello-1921.jpg\",\"datePublished\":\"1920-01-01T00:00:00+00:00\",\"dateModified\":\"2025-06-02T06:18:56+00:00\",\"description\":\"Two knights face each other in an equestrian tournament, each brandishing a bottle of Canetta. This poster was originally designed for Bootz liqueur (See black and white photo).\",\"breadcrumb\":{\"@id\":\"https:\\\/\\\/cappiello.fr\\\/en\\\/produit\\\/canetta-bitter-e-costume\\\/#breadcrumb\"},\"inLanguage\":\"en-US\",\"potentialAction\":[{\"@type\":\"ReadAction\",\"target\":[\"https:\\\/\\\/cappiello.fr\\\/en\\\/produit\\\/canetta-bitter-e-costume\\\/\"]}]},{\"@type\":\"ImageObject\",\"inLanguage\":\"en-US\",\"@id\":\"https:\\\/\\\/cappiello.fr\\\/en\\\/produit\\\/canetta-bitter-e-costume\\\/#primaryimage\",\"url\":\"https:\\\/\\\/cappiello.fr\\\/wp-content\\\/uploads\\\/2024\\\/10\\\/Lithographie-affiche-publicitaire-canetta-bitter-e-costume-cappiello-1921.jpg\",\"contentUrl\":\"https:\\\/\\\/cappiello.fr\\\/wp-content\\\/uploads\\\/2024\\\/10\\\/Lithographie-affiche-publicitaire-canetta-bitter-e-costume-cappiello-1921.jpg\",\"width\":566,\"height\":800,\"caption\":\"Ap\u00e9ritifs commercialis\u00e9s par Maurizio Canetta \u00e0 Milan\"},{\"@type\":\"BreadcrumbList\",\"@id\":\"https:\\\/\\\/cappiello.fr\\\/en\\\/produit\\\/canetta-bitter-e-costume\\\/#breadcrumb\",\"itemListElement\":[{\"@type\":\"ListItem\",\"position\":1,\"name\":\"Accueil\",\"item\":\"https:\\\/\\\/cappiello.fr\\\/en\\\/\"},{\"@type\":\"ListItem\",\"position\":2,\"name\":\"The works\",\"item\":\"https:\\\/\\\/cappiello.fr\\\/en\\\/the-works\\\/\"},{\"@type\":\"ListItem\",\"position\":3,\"name\":\"Canetta \\\/ Bitter e Costum\u00e8\"}]},{\"@type\":\"WebSite\",\"@id\":\"https:\\\/\\\/cappiello.fr\\\/en\\\/#website\",\"url\":\"https:\\\/\\\/cappiello.fr\\\/en\\\/\",\"name\":\"Catalogue raisonn\u00e9 de Leonetto Cappiello\",\"description\":\"Plongez dans l&#039;univers de Leonetto Cappiello, le p\u00e8re de la publicit\u00e9 moderne\",\"potentialAction\":[{\"@type\":\"SearchAction\",\"target\":{\"@type\":\"EntryPoint\",\"urlTemplate\":\"https:\\\/\\\/cappiello.fr\\\/en\\\/?s={search_term_string}\"},\"query-input\":{\"@type\":\"PropertyValueSpecification\",\"valueRequired\":true,\"valueName\":\"search_term_string\"}}],\"inLanguage\":\"en-US\"}]}<\/script>\n<meta property=\"product:price:currency\" content=\"EUR\" \/>\n<meta property=\"og:availability\" content=\"instock\" \/>\n<meta property=\"product:availability\" content=\"instock\" \/>\n<meta property=\"product:retailer_item_id\" content=\"1920063Z0\" \/>\n<meta property=\"product:condition\" content=\"new\" \/>\n<!-- \/ Yoast SEO Premium plugin. -->","yoast_head_json":{"title":"Canetta \/ Bitter e Costum\u00e8 - Catalogue Raisonn\u00e9 de Leonetto Cappiello","description":"Two knights face each other in an equestrian tournament, each brandishing a bottle of Canetta. This poster was originally designed for Bootz liqueur (See black and white photo).","robots":{"index":"index","follow":"follow","max-snippet":"max-snippet:-1","max-image-preview":"max-image-preview:large","max-video-preview":"max-video-preview:-1"},"canonical":"https:\/\/cappiello.fr\/en\/produit\/canetta-bitter-e-costume\/","og_locale":"en_US","og_type":"article","og_title":"Canetta \/ Bitter e Costum\u00e8","og_description":"Two knights face each other in an equestrian tournament, each brandishing a bottle of Canetta. This poster was originally designed for Bootz liqueur (see black and white photo).","og_url":"https:\/\/cappiello.fr\/en\/produit\/canetta-bitter-e-costume\/","og_site_name":"Catalogue raisonn\u00e9 de Leonetto Cappiello","article_modified_time":"2025-06-02T06:18:56+00:00","og_image":[{"width":566,"height":800,"url":"https:\/\/cappiello.fr\/wp-content\/uploads\/2024\/10\/Lithographie-affiche-publicitaire-canetta-bitter-e-costume-cappiello-1921.jpg","type":"image\/jpeg"}],"twitter_card":"summary_large_image","twitter_title":"Canetta \/ Bitter e Costum\u00e8","twitter_description":"Two knights face each other in an equestrian tournament, each brandishing a bottle of Canetta. This poster was originally designed for Bootz liqueur (See black and white photo).","twitter_misc":{"Price":"","Availability":"In stock"},"schema":{"@context":"https:\/\/schema.org","@graph":[{"@type":["WebPage","ItemPage"],"@id":"https:\/\/cappiello.fr\/en\/produit\/canetta-bitter-e-costume\/","url":"https:\/\/cappiello.fr\/en\/produit\/canetta-bitter-e-costume\/","name":"Canetta \/ Bitter e Costum\u00e8 - Catalogue Raisonn\u00e9 de Leonetto Cappiello","isPartOf":{"@id":"https:\/\/cappiello.fr\/en\/#website"},"primaryImageOfPage":{"@id":"https:\/\/cappiello.fr\/en\/produit\/canetta-bitter-e-costume\/#primaryimage"},"image":{"@id":"https:\/\/cappiello.fr\/en\/produit\/canetta-bitter-e-costume\/#primaryimage"},"thumbnailUrl":"https:\/\/cappiello.fr\/wp-content\/uploads\/2024\/10\/Lithographie-affiche-publicitaire-canetta-bitter-e-costume-cappiello-1921.jpg","datePublished":"1920-01-01T00:00:00+00:00","dateModified":"2025-06-02T06:18:56+00:00","description":"Two knights face each other in an equestrian tournament, each brandishing a bottle of Canetta. This poster was originally designed for Bootz liqueur (See black and white photo).","breadcrumb":{"@id":"https:\/\/cappiello.fr\/en\/produit\/canetta-bitter-e-costume\/#breadcrumb"},"inLanguage":"en-US","potentialAction":[{"@type":"ReadAction","target":["https:\/\/cappiello.fr\/en\/produit\/canetta-bitter-e-costume\/"]}]},{"@type":"ImageObject","inLanguage":"en-US","@id":"https:\/\/cappiello.fr\/en\/produit\/canetta-bitter-e-costume\/#primaryimage","url":"https:\/\/cappiello.fr\/wp-content\/uploads\/2024\/10\/Lithographie-affiche-publicitaire-canetta-bitter-e-costume-cappiello-1921.jpg","contentUrl":"https:\/\/cappiello.fr\/wp-content\/uploads\/2024\/10\/Lithographie-affiche-publicitaire-canetta-bitter-e-costume-cappiello-1921.jpg","width":566,"height":800,"caption":"Ap\u00e9ritifs commercialis\u00e9s par Maurizio Canetta \u00e0 Milan"},{"@type":"BreadcrumbList","@id":"https:\/\/cappiello.fr\/en\/produit\/canetta-bitter-e-costume\/#breadcrumb","itemListElement":[{"@type":"ListItem","position":1,"name":"Accueil","item":"https:\/\/cappiello.fr\/en\/"},{"@type":"ListItem","position":2,"name":"The works","item":"https:\/\/cappiello.fr\/en\/the-works\/"},{"@type":"ListItem","position":3,"name":"Canetta \/ Bitter e Costum\u00e8"}]},{"@type":"WebSite","@id":"https:\/\/cappiello.fr\/en\/#website","url":"https:\/\/cappiello.fr\/en\/","name":"Catalogue raisonn\u00e9 de Leonetto Cappiello","description":"Plongez dans l&#039;univers de Leonetto Cappiello, le p\u00e8re de la publicit\u00e9 moderne","potentialAction":[{"@type":"SearchAction","target":{"@type":"EntryPoint","urlTemplate":"https:\/\/cappiello.fr\/en\/?s={search_term_string}"},"query-input":{"@type":"PropertyValueSpecification","valueRequired":true,"valueName":"search_term_string"}}],"inLanguage":"en-US"}]},"product_price_currency":"EUR","og_availability":"instock","product_availability":"instock","product_retailer_item_id":"1920063Z0","product_condition":"new"},"_links":{"self":[{"href":"https:\/\/cappiello.fr\/en\/wp-json\/wp\/v2\/product\/133059","targetHints":{"allow":["GET"]}}],"collection":[{"href":"https:\/\/cappiello.fr\/en\/wp-json\/wp\/v2\/product"}],"about":[{"href":"https:\/\/cappiello.fr\/en\/wp-json\/wp\/v2\/types\/product"}],"wp:featuredmedia":[{"embeddable":true,"href":"https:\/\/cappiello.fr\/en\/wp-json\/wp\/v2\/media\/133060"}],"wp:attachment":[{"href":"https:\/\/cappiello.fr\/en\/wp-json\/wp\/v2\/media?parent=133059"}],"wp:term":[{"taxonomy":"type-doeuvre","embeddable":true,"href":"https:\/\/cappiello.fr\/en\/wp-json\/wp\/v2\/type-doeuvre?post=133059"},{"taxonomy":"product_brand","embeddable":true,"href":"https:\/\/cappiello.fr\/en\/wp-json\/wp\/v2\/product_brand?post=133059"},{"taxonomy":"product_cat","embeddable":true,"href":"https:\/\/cappiello.fr\/en\/wp-json\/wp\/v2\/product_cat?post=133059"},{"taxonomy":"product_tag","embeddable":true,"href":"https:\/\/cappiello.fr\/en\/wp-json\/wp\/v2\/product_tag?post=133059"}],"curies":[{"name":"wp","href":"https:\/\/api.w.org\/{rel}","templated":true}]}}