{"id":133148,"date":"1926-01-01T00:00:00","date_gmt":"1926-01-01T00:00:00","guid":{"rendered":"https:\/\/cappiello.fr\/produit\/frigidaire-2\/"},"modified":"2025-05-15T07:38:37","modified_gmt":"2025-05-15T05:38:37","slug":"frigidaire-2","status":"publish","type":"product","link":"https:\/\/cappiello.fr\/en\/produit\/frigidaire-2\/","title":{"rendered":"Frigidaire"},"content":{"rendered":"<p>The first idea was to associate a bear, synonymous with cold, with an open refrigerator. The refrigerator is still a relatively unknown appliance, and showing it open with food inside better demonstrates its purpose.<br \/>\nCappiello will retain the position of the bear from the right sketch for his draft, but he will close the refrigerator door, as otherwise it wouldn&#8217;t be able to retain the cold.<\/p>\n","protected":false},"excerpt":{"rendered":"<p>Refrigerator<\/p>\n","protected":false},"featured_media":135166,"template":"","meta":{"_acf_changed":false},"type-doeuvre":[4057],"product_brand":[],"product_cat":[3306],"product_tag":[3955,3981],"class_list":{"0":"post-133148","1":"product","2":"type-product","3":"status-publish","4":"has-post-thumbnail","6":"type-doeuvre-affiches","7":"product_cat-heating-cooking-cooling","8":"product_tag-bear","9":"product_tag-refrigerator","10":"pa_periode-1919-1929-en","11":"pa_type-de-contenu-thumbnail","13":"first","14":"instock","15":"virtual","16":"product-type-simple"},"acf":[],"yoast_head":"<!-- This site is optimized with the Yoast SEO Premium plugin v27.0 (Yoast SEO v27.4) - https:\/\/yoast.com\/product\/yoast-seo-premium-wordpress\/ -->\n<title>Frigidaire - Catalogue Raisonn\u00e9 de Leonetto Cappiello<\/title>\n<meta name=\"description\" content=\"The first idea was to associate a bear, synonymous with cold, with an open refrigerator. The refrigerator is still a relatively unknown appliance, and showing it open with food inside better demonstrates its purpose. Cappiello will retain the bear&#039;s position from the right sketch for his draft, but he will close the refrigerator door, as otherwise it wouldn&#039;t be able to retain the cold.\" \/>\n<meta name=\"robots\" content=\"index, follow, max-snippet:-1, max-image-preview:large, max-video-preview:-1\" \/>\n<link rel=\"canonical\" href=\"https:\/\/cappiello.fr\/en\/produit\/frigidaire-2\/\" \/>\n<meta property=\"og:locale\" content=\"en_US\" \/>\n<meta property=\"og:type\" content=\"article\" \/>\n<meta property=\"og:title\" content=\"Frigidaire\" \/>\n<meta property=\"og:description\" content=\"The first idea was to associate a bear, synonymous with cold, with an open refrigerator. The refrigerator is still a relatively unknown appliance, and showing it open with food inside better demonstrates its purpose. Cappiello will retain the bear&#039;s position from the right sketch for his draft, but he will close the refrigerator door, as otherwise it wouldn&#039;t be able to retain the cold.\" \/>\n<meta property=\"og:url\" content=\"https:\/\/cappiello.fr\/en\/produit\/frigidaire-2\/\" \/>\n<meta property=\"og:site_name\" content=\"Catalogue raisonn\u00e9 de Leonetto Cappiello\" \/>\n<meta property=\"article:modified_time\" content=\"2025-05-15T05:38:37+00:00\" \/>\n<meta property=\"og:image\" content=\"https:\/\/cappiello.fr\/wp-content\/uploads\/2024\/10\/Vignette-affiche-publicitaire-frigidaire-2-cappiello-1926.jpg\" \/>\n\t<meta property=\"og:image:width\" content=\"538\" \/>\n\t<meta property=\"og:image:height\" content=\"803\" \/>\n\t<meta property=\"og:image:type\" content=\"image\/jpeg\" \/>\n<meta name=\"twitter:card\" content=\"summary_large_image\" \/>\n<meta name=\"twitter:title\" content=\"Frigidaire\" \/>\n<meta name=\"twitter:description\" content=\"The first idea was to associate a bear, synonymous with cold, with an open refrigerator. The refrigerator is still a relatively unknown appliance, and showing it open with food inside better demonstrates its purpose. Cappiello will retain the bear&#039;s position from the right sketch for his draft, but he will close the refrigerator door, as otherwise it wouldn&#039;t be able to retain the cold.\" \/>\n<meta name=\"twitter:label1\" content=\"Price\" \/>\n\t<meta name=\"twitter:data1\" content=\"\" \/>\n\t<meta name=\"twitter:label2\" content=\"Availability\" \/>\n\t<meta name=\"twitter:data2\" content=\"In stock\" \/>\n<script type=\"application\/ld+json\" class=\"yoast-schema-graph\">{\"@context\":\"https:\\\/\\\/schema.org\",\"@graph\":[{\"@type\":[\"WebPage\",\"ItemPage\"],\"@id\":\"https:\\\/\\\/cappiello.fr\\\/en\\\/produit\\\/frigidaire-2\\\/\",\"url\":\"https:\\\/\\\/cappiello.fr\\\/en\\\/produit\\\/frigidaire-2\\\/\",\"name\":\"Frigidaire - Catalogue Raisonn\u00e9 de Leonetto Cappiello\",\"isPartOf\":{\"@id\":\"https:\\\/\\\/cappiello.fr\\\/en\\\/#website\"},\"primaryImageOfPage\":{\"@id\":\"https:\\\/\\\/cappiello.fr\\\/en\\\/produit\\\/frigidaire-2\\\/#primaryimage\"},\"image\":{\"@id\":\"https:\\\/\\\/cappiello.fr\\\/en\\\/produit\\\/frigidaire-2\\\/#primaryimage\"},\"thumbnailUrl\":\"https:\\\/\\\/cappiello.fr\\\/wp-content\\\/uploads\\\/2024\\\/10\\\/Vignette-affiche-publicitaire-frigidaire-2-cappiello-1926.jpg\",\"datePublished\":\"1926-01-01T00:00:00+00:00\",\"dateModified\":\"2025-05-15T05:38:37+00:00\",\"description\":\"The first idea was to associate a bear, synonymous with cold, with an open refrigerator. The refrigerator is still a relatively unknown appliance, and showing it open with food inside better demonstrates its purpose. Cappiello will retain the bear's position from the right sketch for his draft, but he will close the refrigerator door, as otherwise it wouldn't be able to retain the cold.\",\"breadcrumb\":{\"@id\":\"https:\\\/\\\/cappiello.fr\\\/en\\\/produit\\\/frigidaire-2\\\/#breadcrumb\"},\"inLanguage\":\"en-US\",\"potentialAction\":[{\"@type\":\"ReadAction\",\"target\":[\"https:\\\/\\\/cappiello.fr\\\/en\\\/produit\\\/frigidaire-2\\\/\"]}]},{\"@type\":\"ImageObject\",\"inLanguage\":\"en-US\",\"@id\":\"https:\\\/\\\/cappiello.fr\\\/en\\\/produit\\\/frigidaire-2\\\/#primaryimage\",\"url\":\"https:\\\/\\\/cappiello.fr\\\/wp-content\\\/uploads\\\/2024\\\/10\\\/Vignette-affiche-publicitaire-frigidaire-2-cappiello-1926.jpg\",\"contentUrl\":\"https:\\\/\\\/cappiello.fr\\\/wp-content\\\/uploads\\\/2024\\\/10\\\/Vignette-affiche-publicitaire-frigidaire-2-cappiello-1926.jpg\",\"width\":538,\"height\":803,\"caption\":\"R\u00e9frig\u00e9rateur\"},{\"@type\":\"BreadcrumbList\",\"@id\":\"https:\\\/\\\/cappiello.fr\\\/en\\\/produit\\\/frigidaire-2\\\/#breadcrumb\",\"itemListElement\":[{\"@type\":\"ListItem\",\"position\":1,\"name\":\"Accueil\",\"item\":\"https:\\\/\\\/cappiello.fr\\\/en\\\/\"},{\"@type\":\"ListItem\",\"position\":2,\"name\":\"The works\",\"item\":\"https:\\\/\\\/cappiello.fr\\\/en\\\/the-works\\\/\"},{\"@type\":\"ListItem\",\"position\":3,\"name\":\"Frigidaire\"}]},{\"@type\":\"WebSite\",\"@id\":\"https:\\\/\\\/cappiello.fr\\\/en\\\/#website\",\"url\":\"https:\\\/\\\/cappiello.fr\\\/en\\\/\",\"name\":\"Catalogue raisonn\u00e9 de Leonetto Cappiello\",\"description\":\"Plongez dans l&#039;univers de Leonetto Cappiello, le p\u00e8re de la publicit\u00e9 moderne\",\"potentialAction\":[{\"@type\":\"SearchAction\",\"target\":{\"@type\":\"EntryPoint\",\"urlTemplate\":\"https:\\\/\\\/cappiello.fr\\\/en\\\/?s={search_term_string}\"},\"query-input\":{\"@type\":\"PropertyValueSpecification\",\"valueRequired\":true,\"valueName\":\"search_term_string\"}}],\"inLanguage\":\"en-US\"}]}<\/script>\n<meta property=\"product:price:currency\" content=\"EUR\" \/>\n<meta property=\"og:availability\" content=\"instock\" \/>\n<meta property=\"product:availability\" content=\"instock\" \/>\n<meta property=\"product:retailer_item_id\" content=\"1926020A0\" \/>\n<meta property=\"product:condition\" content=\"new\" \/>\n<!-- \/ Yoast SEO Premium plugin. -->","yoast_head_json":{"title":"Frigidaire - Catalogue Raisonn\u00e9 de Leonetto Cappiello","description":"The first idea was to associate a bear, synonymous with cold, with an open refrigerator. The refrigerator is still a relatively unknown appliance, and showing it open with food inside better demonstrates its purpose. Cappiello will retain the bear's position from the right sketch for his draft, but he will close the refrigerator door, as otherwise it wouldn't be able to retain the cold.","robots":{"index":"index","follow":"follow","max-snippet":"max-snippet:-1","max-image-preview":"max-image-preview:large","max-video-preview":"max-video-preview:-1"},"canonical":"https:\/\/cappiello.fr\/en\/produit\/frigidaire-2\/","og_locale":"en_US","og_type":"article","og_title":"Frigidaire","og_description":"The first idea was to associate a bear, synonymous with cold, with an open refrigerator. The refrigerator is still a relatively unknown appliance, and showing it open with food inside better demonstrates its purpose. Cappiello will retain the bear's position from the right sketch for his draft, but he will close the refrigerator door, as otherwise it wouldn't be able to retain the cold.","og_url":"https:\/\/cappiello.fr\/en\/produit\/frigidaire-2\/","og_site_name":"Catalogue raisonn\u00e9 de Leonetto Cappiello","article_modified_time":"2025-05-15T05:38:37+00:00","og_image":[{"width":538,"height":803,"url":"https:\/\/cappiello.fr\/wp-content\/uploads\/2024\/10\/Vignette-affiche-publicitaire-frigidaire-2-cappiello-1926.jpg","type":"image\/jpeg"}],"twitter_card":"summary_large_image","twitter_title":"Frigidaire","twitter_description":"The first idea was to associate a bear, synonymous with cold, with an open refrigerator. The refrigerator is still a relatively unknown appliance, and showing it open with food inside better demonstrates its purpose. Cappiello will retain the bear's position from the right sketch for his draft, but he will close the refrigerator door, as otherwise it wouldn't be able to retain the cold.","twitter_misc":{"Price":"","Availability":"In stock"},"schema":{"@context":"https:\/\/schema.org","@graph":[{"@type":["WebPage","ItemPage"],"@id":"https:\/\/cappiello.fr\/en\/produit\/frigidaire-2\/","url":"https:\/\/cappiello.fr\/en\/produit\/frigidaire-2\/","name":"Frigidaire - Catalogue Raisonn\u00e9 de Leonetto Cappiello","isPartOf":{"@id":"https:\/\/cappiello.fr\/en\/#website"},"primaryImageOfPage":{"@id":"https:\/\/cappiello.fr\/en\/produit\/frigidaire-2\/#primaryimage"},"image":{"@id":"https:\/\/cappiello.fr\/en\/produit\/frigidaire-2\/#primaryimage"},"thumbnailUrl":"https:\/\/cappiello.fr\/wp-content\/uploads\/2024\/10\/Vignette-affiche-publicitaire-frigidaire-2-cappiello-1926.jpg","datePublished":"1926-01-01T00:00:00+00:00","dateModified":"2025-05-15T05:38:37+00:00","description":"The first idea was to associate a bear, synonymous with cold, with an open refrigerator. The refrigerator is still a relatively unknown appliance, and showing it open with food inside better demonstrates its purpose. Cappiello will retain the bear's position from the right sketch for his draft, but he will close the refrigerator door, as otherwise it wouldn't be able to retain the cold.","breadcrumb":{"@id":"https:\/\/cappiello.fr\/en\/produit\/frigidaire-2\/#breadcrumb"},"inLanguage":"en-US","potentialAction":[{"@type":"ReadAction","target":["https:\/\/cappiello.fr\/en\/produit\/frigidaire-2\/"]}]},{"@type":"ImageObject","inLanguage":"en-US","@id":"https:\/\/cappiello.fr\/en\/produit\/frigidaire-2\/#primaryimage","url":"https:\/\/cappiello.fr\/wp-content\/uploads\/2024\/10\/Vignette-affiche-publicitaire-frigidaire-2-cappiello-1926.jpg","contentUrl":"https:\/\/cappiello.fr\/wp-content\/uploads\/2024\/10\/Vignette-affiche-publicitaire-frigidaire-2-cappiello-1926.jpg","width":538,"height":803,"caption":"R\u00e9frig\u00e9rateur"},{"@type":"BreadcrumbList","@id":"https:\/\/cappiello.fr\/en\/produit\/frigidaire-2\/#breadcrumb","itemListElement":[{"@type":"ListItem","position":1,"name":"Accueil","item":"https:\/\/cappiello.fr\/en\/"},{"@type":"ListItem","position":2,"name":"The works","item":"https:\/\/cappiello.fr\/en\/the-works\/"},{"@type":"ListItem","position":3,"name":"Frigidaire"}]},{"@type":"WebSite","@id":"https:\/\/cappiello.fr\/en\/#website","url":"https:\/\/cappiello.fr\/en\/","name":"Catalogue raisonn\u00e9 de Leonetto Cappiello","description":"Plongez dans l&#039;univers de Leonetto Cappiello, le p\u00e8re de la publicit\u00e9 moderne","potentialAction":[{"@type":"SearchAction","target":{"@type":"EntryPoint","urlTemplate":"https:\/\/cappiello.fr\/en\/?s={search_term_string}"},"query-input":{"@type":"PropertyValueSpecification","valueRequired":true,"valueName":"search_term_string"}}],"inLanguage":"en-US"}]},"product_price_currency":"EUR","og_availability":"instock","product_availability":"instock","product_retailer_item_id":"1926020A0","product_condition":"new"},"_links":{"self":[{"href":"https:\/\/cappiello.fr\/en\/wp-json\/wp\/v2\/product\/133148","targetHints":{"allow":["GET"]}}],"collection":[{"href":"https:\/\/cappiello.fr\/en\/wp-json\/wp\/v2\/product"}],"about":[{"href":"https:\/\/cappiello.fr\/en\/wp-json\/wp\/v2\/types\/product"}],"wp:featuredmedia":[{"embeddable":true,"href":"https:\/\/cappiello.fr\/en\/wp-json\/wp\/v2\/media\/135166"}],"wp:attachment":[{"href":"https:\/\/cappiello.fr\/en\/wp-json\/wp\/v2\/media?parent=133148"}],"wp:term":[{"taxonomy":"type-doeuvre","embeddable":true,"href":"https:\/\/cappiello.fr\/en\/wp-json\/wp\/v2\/type-doeuvre?post=133148"},{"taxonomy":"product_brand","embeddable":true,"href":"https:\/\/cappiello.fr\/en\/wp-json\/wp\/v2\/product_brand?post=133148"},{"taxonomy":"product_cat","embeddable":true,"href":"https:\/\/cappiello.fr\/en\/wp-json\/wp\/v2\/product_cat?post=133148"},{"taxonomy":"product_tag","embeddable":true,"href":"https:\/\/cappiello.fr\/en\/wp-json\/wp\/v2\/product_tag?post=133148"}],"curies":[{"name":"wp","href":"https:\/\/api.w.org\/{rel}","templated":true}]}}