{"id":133175,"date":"1926-01-01T00:00:00","date_gmt":"1926-01-01T00:00:00","guid":{"rendered":"https:\/\/cappiello.fr\/produit\/de-beukelaer\/"},"modified":"2025-06-27T17:34:02","modified_gmt":"2025-06-27T15:34:02","slug":"de-beukelaer","status":"publish","type":"product","link":"https:\/\/cappiello.fr\/en\/produit\/de-beukelaer\/","title":{"rendered":"De Beukelaer"},"content":{"rendered":"<p>A horsewoman on a rearing horse is waving a box of biscuits above her head.<br \/>\nThis sketch was first proposed to Toblerone (See black and white photo).<\/p>\n","protected":false},"excerpt":{"rendered":"<p>Company established around 1867 in Antwerp by Edward de Beukelaer for the production of chocolates and biscuits. The factory was sold in 1960. The company now belongs to the Kraft Foods group.<\/p>\n","protected":false},"featured_media":133176,"template":"","meta":{"_acf_changed":false},"type-doeuvre":[4057],"product_brand":[],"product_cat":[3494],"product_tag":[3332,3453,3454,3467],"class_list":{"0":"post-133175","1":"product","2":"type-product","3":"status-publish","4":"has-post-thumbnail","6":"type-doeuvre-affiches","7":"product_cat-flour-based-products","8":"product_tag-dancer","9":"product_tag-mountain-dweller","10":"product_tag-mountain-dweller-en","11":"product_tag-rose-en-5","12":"pa_periode-1919-1929-en","13":"pa_type-de-contenu-esquisse-en","15":"first","16":"instock","17":"virtual","18":"product-type-simple"},"acf":[],"yoast_head":"<!-- This site is optimized with the Yoast SEO Premium plugin v27.0 (Yoast SEO v27.4) - https:\/\/yoast.com\/product\/yoast-seo-premium-wordpress\/ -->\n<title>De Beukelaer - Catalogue Raisonn\u00e9 de Leonetto Cappiello<\/title>\n<meta name=\"description\" content=\"A horsewoman on a rearing horse is holding a biscuit box above her head. This sketch was first proposed to Toblerone (See black and white photo).\" \/>\n<meta name=\"robots\" content=\"index, follow, max-snippet:-1, max-image-preview:large, max-video-preview:-1\" \/>\n<link rel=\"canonical\" href=\"https:\/\/cappiello.fr\/en\/produit\/de-beukelaer\/\" \/>\n<meta property=\"og:locale\" content=\"en_US\" \/>\n<meta property=\"og:type\" content=\"article\" \/>\n<meta property=\"og:title\" content=\"De Beukelaer\" \/>\n<meta property=\"og:description\" content=\"A horsewoman on a rearing horse is holding a biscuit box above her head. This sketch was first proposed to Toblerone (See black and white photo).\" \/>\n<meta property=\"og:url\" content=\"https:\/\/cappiello.fr\/en\/produit\/de-beukelaer\/\" \/>\n<meta property=\"og:site_name\" content=\"Catalogue raisonn\u00e9 de Leonetto Cappiello\" \/>\n<meta property=\"article:modified_time\" content=\"2025-06-27T15:34:02+00:00\" \/>\n<meta property=\"og:image\" content=\"https:\/\/cappiello.fr\/wp-content\/uploads\/2024\/10\/Esquisse-affiche-publicitaire-de-beukelaer-cappiello-1926.jpg\" \/>\n\t<meta property=\"og:image:width\" content=\"579\" \/>\n\t<meta property=\"og:image:height\" content=\"800\" \/>\n\t<meta property=\"og:image:type\" content=\"image\/jpeg\" \/>\n<meta name=\"twitter:card\" content=\"summary_large_image\" \/>\n<meta name=\"twitter:title\" content=\"De Beukelaer\" \/>\n<meta name=\"twitter:description\" content=\"A horsewoman on a rearing horse is holding a biscuit box above her head. This sketch was first proposed to Toblerone (See black and white photo).\" \/>\n<meta name=\"twitter:label1\" content=\"Price\" \/>\n\t<meta name=\"twitter:data1\" content=\"\" \/>\n\t<meta name=\"twitter:label2\" content=\"Availability\" \/>\n\t<meta name=\"twitter:data2\" content=\"In stock\" \/>\n<script type=\"application\/ld+json\" class=\"yoast-schema-graph\">{\"@context\":\"https:\\\/\\\/schema.org\",\"@graph\":[{\"@type\":[\"WebPage\",\"ItemPage\"],\"@id\":\"https:\\\/\\\/cappiello.fr\\\/en\\\/produit\\\/de-beukelaer\\\/\",\"url\":\"https:\\\/\\\/cappiello.fr\\\/en\\\/produit\\\/de-beukelaer\\\/\",\"name\":\"De Beukelaer - Catalogue Raisonn\u00e9 de Leonetto Cappiello\",\"isPartOf\":{\"@id\":\"https:\\\/\\\/cappiello.fr\\\/en\\\/#website\"},\"primaryImageOfPage\":{\"@id\":\"https:\\\/\\\/cappiello.fr\\\/en\\\/produit\\\/de-beukelaer\\\/#primaryimage\"},\"image\":{\"@id\":\"https:\\\/\\\/cappiello.fr\\\/en\\\/produit\\\/de-beukelaer\\\/#primaryimage\"},\"thumbnailUrl\":\"https:\\\/\\\/cappiello.fr\\\/wp-content\\\/uploads\\\/2024\\\/10\\\/Esquisse-affiche-publicitaire-de-beukelaer-cappiello-1926.jpg\",\"datePublished\":\"1926-01-01T00:00:00+00:00\",\"dateModified\":\"2025-06-27T15:34:02+00:00\",\"description\":\"A horsewoman on a rearing horse is holding a biscuit box above her head. This sketch was first proposed to Toblerone (See black and white photo).\",\"breadcrumb\":{\"@id\":\"https:\\\/\\\/cappiello.fr\\\/en\\\/produit\\\/de-beukelaer\\\/#breadcrumb\"},\"inLanguage\":\"en-US\",\"potentialAction\":[{\"@type\":\"ReadAction\",\"target\":[\"https:\\\/\\\/cappiello.fr\\\/en\\\/produit\\\/de-beukelaer\\\/\"]}]},{\"@type\":\"ImageObject\",\"inLanguage\":\"en-US\",\"@id\":\"https:\\\/\\\/cappiello.fr\\\/en\\\/produit\\\/de-beukelaer\\\/#primaryimage\",\"url\":\"https:\\\/\\\/cappiello.fr\\\/wp-content\\\/uploads\\\/2024\\\/10\\\/Esquisse-affiche-publicitaire-de-beukelaer-cappiello-1926.jpg\",\"contentUrl\":\"https:\\\/\\\/cappiello.fr\\\/wp-content\\\/uploads\\\/2024\\\/10\\\/Esquisse-affiche-publicitaire-de-beukelaer-cappiello-1926.jpg\",\"width\":579,\"height\":800,\"caption\":\"Soci\u00e9t\u00e9 cr\u00e9\u00e9e vers 1867 \u00e0 Anvers par Edward de Beukelaer pour la fabrication de chocolats et biscuits. L'usine sera vendu en 1960. La soci\u00e9t\u00e9 appartient aujourd'hui au groupe Kraft Foods.\"},{\"@type\":\"BreadcrumbList\",\"@id\":\"https:\\\/\\\/cappiello.fr\\\/en\\\/produit\\\/de-beukelaer\\\/#breadcrumb\",\"itemListElement\":[{\"@type\":\"ListItem\",\"position\":1,\"name\":\"Accueil\",\"item\":\"https:\\\/\\\/cappiello.fr\\\/en\\\/\"},{\"@type\":\"ListItem\",\"position\":2,\"name\":\"The works\",\"item\":\"https:\\\/\\\/cappiello.fr\\\/en\\\/the-works\\\/\"},{\"@type\":\"ListItem\",\"position\":3,\"name\":\"De Beukelaer\"}]},{\"@type\":\"WebSite\",\"@id\":\"https:\\\/\\\/cappiello.fr\\\/en\\\/#website\",\"url\":\"https:\\\/\\\/cappiello.fr\\\/en\\\/\",\"name\":\"Catalogue raisonn\u00e9 de Leonetto Cappiello\",\"description\":\"Plongez dans l&#039;univers de Leonetto Cappiello, le p\u00e8re de la publicit\u00e9 moderne\",\"potentialAction\":[{\"@type\":\"SearchAction\",\"target\":{\"@type\":\"EntryPoint\",\"urlTemplate\":\"https:\\\/\\\/cappiello.fr\\\/en\\\/?s={search_term_string}\"},\"query-input\":{\"@type\":\"PropertyValueSpecification\",\"valueRequired\":true,\"valueName\":\"search_term_string\"}}],\"inLanguage\":\"en-US\"}]}<\/script>\n<meta property=\"product:price:currency\" content=\"EUR\" \/>\n<meta property=\"og:availability\" content=\"instock\" \/>\n<meta property=\"product:availability\" content=\"instock\" \/>\n<meta property=\"product:retailer_item_id\" content=\"1926043E0\" \/>\n<meta property=\"product:condition\" content=\"new\" \/>\n<!-- \/ Yoast SEO Premium plugin. -->","yoast_head_json":{"title":"De Beukelaer - Catalogue Raisonn\u00e9 de Leonetto Cappiello","description":"A horsewoman on a rearing horse is holding a biscuit box above her head. This sketch was first proposed to Toblerone (See black and white photo).","robots":{"index":"index","follow":"follow","max-snippet":"max-snippet:-1","max-image-preview":"max-image-preview:large","max-video-preview":"max-video-preview:-1"},"canonical":"https:\/\/cappiello.fr\/en\/produit\/de-beukelaer\/","og_locale":"en_US","og_type":"article","og_title":"De Beukelaer","og_description":"A horsewoman on a rearing horse is holding a biscuit box above her head. This sketch was first proposed to Toblerone (See black and white photo).","og_url":"https:\/\/cappiello.fr\/en\/produit\/de-beukelaer\/","og_site_name":"Catalogue raisonn\u00e9 de Leonetto Cappiello","article_modified_time":"2025-06-27T15:34:02+00:00","og_image":[{"width":579,"height":800,"url":"https:\/\/cappiello.fr\/wp-content\/uploads\/2024\/10\/Esquisse-affiche-publicitaire-de-beukelaer-cappiello-1926.jpg","type":"image\/jpeg"}],"twitter_card":"summary_large_image","twitter_title":"De Beukelaer","twitter_description":"A horsewoman on a rearing horse is holding a biscuit box above her head. This sketch was first proposed to Toblerone (See black and white photo).","twitter_misc":{"Price":"","Availability":"In stock"},"schema":{"@context":"https:\/\/schema.org","@graph":[{"@type":["WebPage","ItemPage"],"@id":"https:\/\/cappiello.fr\/en\/produit\/de-beukelaer\/","url":"https:\/\/cappiello.fr\/en\/produit\/de-beukelaer\/","name":"De Beukelaer - Catalogue Raisonn\u00e9 de Leonetto Cappiello","isPartOf":{"@id":"https:\/\/cappiello.fr\/en\/#website"},"primaryImageOfPage":{"@id":"https:\/\/cappiello.fr\/en\/produit\/de-beukelaer\/#primaryimage"},"image":{"@id":"https:\/\/cappiello.fr\/en\/produit\/de-beukelaer\/#primaryimage"},"thumbnailUrl":"https:\/\/cappiello.fr\/wp-content\/uploads\/2024\/10\/Esquisse-affiche-publicitaire-de-beukelaer-cappiello-1926.jpg","datePublished":"1926-01-01T00:00:00+00:00","dateModified":"2025-06-27T15:34:02+00:00","description":"A horsewoman on a rearing horse is holding a biscuit box above her head. This sketch was first proposed to Toblerone (See black and white photo).","breadcrumb":{"@id":"https:\/\/cappiello.fr\/en\/produit\/de-beukelaer\/#breadcrumb"},"inLanguage":"en-US","potentialAction":[{"@type":"ReadAction","target":["https:\/\/cappiello.fr\/en\/produit\/de-beukelaer\/"]}]},{"@type":"ImageObject","inLanguage":"en-US","@id":"https:\/\/cappiello.fr\/en\/produit\/de-beukelaer\/#primaryimage","url":"https:\/\/cappiello.fr\/wp-content\/uploads\/2024\/10\/Esquisse-affiche-publicitaire-de-beukelaer-cappiello-1926.jpg","contentUrl":"https:\/\/cappiello.fr\/wp-content\/uploads\/2024\/10\/Esquisse-affiche-publicitaire-de-beukelaer-cappiello-1926.jpg","width":579,"height":800,"caption":"Soci\u00e9t\u00e9 cr\u00e9\u00e9e vers 1867 \u00e0 Anvers par Edward de Beukelaer pour la fabrication de chocolats et biscuits. L'usine sera vendu en 1960. La soci\u00e9t\u00e9 appartient aujourd'hui au groupe Kraft Foods."},{"@type":"BreadcrumbList","@id":"https:\/\/cappiello.fr\/en\/produit\/de-beukelaer\/#breadcrumb","itemListElement":[{"@type":"ListItem","position":1,"name":"Accueil","item":"https:\/\/cappiello.fr\/en\/"},{"@type":"ListItem","position":2,"name":"The works","item":"https:\/\/cappiello.fr\/en\/the-works\/"},{"@type":"ListItem","position":3,"name":"De Beukelaer"}]},{"@type":"WebSite","@id":"https:\/\/cappiello.fr\/en\/#website","url":"https:\/\/cappiello.fr\/en\/","name":"Catalogue raisonn\u00e9 de Leonetto Cappiello","description":"Plongez dans l&#039;univers de Leonetto Cappiello, le p\u00e8re de la publicit\u00e9 moderne","potentialAction":[{"@type":"SearchAction","target":{"@type":"EntryPoint","urlTemplate":"https:\/\/cappiello.fr\/en\/?s={search_term_string}"},"query-input":{"@type":"PropertyValueSpecification","valueRequired":true,"valueName":"search_term_string"}}],"inLanguage":"en-US"}]},"product_price_currency":"EUR","og_availability":"instock","product_availability":"instock","product_retailer_item_id":"1926043E0","product_condition":"new"},"_links":{"self":[{"href":"https:\/\/cappiello.fr\/en\/wp-json\/wp\/v2\/product\/133175","targetHints":{"allow":["GET"]}}],"collection":[{"href":"https:\/\/cappiello.fr\/en\/wp-json\/wp\/v2\/product"}],"about":[{"href":"https:\/\/cappiello.fr\/en\/wp-json\/wp\/v2\/types\/product"}],"wp:featuredmedia":[{"embeddable":true,"href":"https:\/\/cappiello.fr\/en\/wp-json\/wp\/v2\/media\/133176"}],"wp:attachment":[{"href":"https:\/\/cappiello.fr\/en\/wp-json\/wp\/v2\/media?parent=133175"}],"wp:term":[{"taxonomy":"type-doeuvre","embeddable":true,"href":"https:\/\/cappiello.fr\/en\/wp-json\/wp\/v2\/type-doeuvre?post=133175"},{"taxonomy":"product_brand","embeddable":true,"href":"https:\/\/cappiello.fr\/en\/wp-json\/wp\/v2\/product_brand?post=133175"},{"taxonomy":"product_cat","embeddable":true,"href":"https:\/\/cappiello.fr\/en\/wp-json\/wp\/v2\/product_cat?post=133175"},{"taxonomy":"product_tag","embeddable":true,"href":"https:\/\/cappiello.fr\/en\/wp-json\/wp\/v2\/product_tag?post=133175"}],"curies":[{"name":"wp","href":"https:\/\/api.w.org\/{rel}","templated":true}]}}