{"id":133182,"date":"1926-01-01T00:00:00","date_gmt":"1926-01-01T00:00:00","guid":{"rendered":"https:\/\/cappiello.fr\/produit\/johnson\/"},"modified":"2025-06-27T17:29:09","modified_gmt":"2025-06-27T15:29:09","slug":"johnson","status":"publish","type":"product","link":"https:\/\/cappiello.fr\/en\/produit\/johnson\/","title":{"rendered":"Charles Eneu \/ Johnson &#038; Co."},"content":{"rendered":"<p>A jockey in the middle of a race crosses the finish line first. With his free hand, he holds up printing ink boxes.<br \/>\nThis poster can be interpreted by assuming that this ink is the best and fastest drying.<\/p>\n","protected":false},"excerpt":{"rendered":"<p>Printing inks manufactured by Charles Eneu Johnson &amp; Co. in Philadelphia, Pennsylvania.<br \/>\nThis advertisement is part of a group of 9 advertisements and advertising projects created by Cappiello, for the same brand.<\/p>\n","protected":false},"featured_media":134086,"template":"","meta":{"_acf_changed":false},"type-doeuvre":[4057],"product_brand":[],"product_cat":[3376],"product_tag":[3453,3454,3458],"class_list":{"0":"post-133182","1":"product","2":"type-product","3":"status-publish","4":"has-post-thumbnail","6":"type-doeuvre-affiches","7":"product_cat-all-other-industrial-products","8":"product_tag-mountain-dweller","9":"product_tag-mountain-dweller-en","10":"product_tag-hat-en-7","11":"pa_periode-1919-1929-en","12":"pa_type-de-contenu-lithography","14":"first","15":"instock","16":"virtual","17":"product-type-simple"},"acf":[],"yoast_head":"<!-- This site is optimized with the Yoast SEO Premium plugin v27.0 (Yoast SEO v27.4) - https:\/\/yoast.com\/product\/yoast-seo-premium-wordpress\/ -->\n<title>Charles Eneu \/ Johnson &amp; Co. - Catalogue Raisonn\u00e9 de Leonetto Cappiello<\/title>\n<meta name=\"description\" content=\"A jockey in the middle of a race crosses the finish line first. With his free hand, he holds up printing ink boxes at arm&#039;s length. This poster can be interpreted by assuming that this ink is the best and the fastest to dry.\" \/>\n<meta name=\"robots\" content=\"index, follow, max-snippet:-1, max-image-preview:large, max-video-preview:-1\" \/>\n<link rel=\"canonical\" href=\"https:\/\/cappiello.fr\/en\/produit\/johnson\/\" \/>\n<meta property=\"og:locale\" content=\"en_US\" \/>\n<meta property=\"og:type\" content=\"article\" \/>\n<meta property=\"og:title\" content=\"Charles Eneu \/ Johnson &amp; Co.\" \/>\n<meta property=\"og:description\" content=\"A jockey in the middle of a race crosses the finish line first. With his free hand, he holds up printing ink boxes at arm&#039;s length. This poster can be interpreted by assuming that this ink is the best and the fastest to dry.\" \/>\n<meta property=\"og:url\" content=\"https:\/\/cappiello.fr\/en\/produit\/johnson\/\" \/>\n<meta property=\"og:site_name\" content=\"Catalogue raisonn\u00e9 de Leonetto Cappiello\" \/>\n<meta property=\"article:modified_time\" content=\"2025-06-27T15:29:09+00:00\" \/>\n<meta property=\"og:image\" content=\"https:\/\/cappiello.fr\/wp-content\/uploads\/2024\/10\/Lithographie-affiche-publicitaire-charles-eneu-johnson-co-2-cappiello-1927.jpg\" \/>\n\t<meta property=\"og:image:width\" content=\"631\" \/>\n\t<meta property=\"og:image:height\" content=\"800\" \/>\n\t<meta property=\"og:image:type\" content=\"image\/jpeg\" \/>\n<meta name=\"twitter:card\" content=\"summary_large_image\" \/>\n<meta name=\"twitter:title\" content=\"Charles Eneu \/ Johnson &amp; Co.\" \/>\n<meta name=\"twitter:description\" content=\"A jockey in the middle of a race crosses the finish line first. With his free hand, he holds up printing ink boxes at arm&#039;s length. This poster can be interpreted by assuming that this ink is the best and the fastest to dry.\" \/>\n<meta name=\"twitter:label1\" content=\"Price\" \/>\n\t<meta name=\"twitter:data1\" content=\"\" \/>\n\t<meta name=\"twitter:label2\" content=\"Availability\" \/>\n\t<meta name=\"twitter:data2\" content=\"In stock\" \/>\n<script type=\"application\/ld+json\" class=\"yoast-schema-graph\">{\"@context\":\"https:\\\/\\\/schema.org\",\"@graph\":[{\"@type\":[\"WebPage\",\"ItemPage\"],\"@id\":\"https:\\\/\\\/cappiello.fr\\\/en\\\/produit\\\/johnson\\\/\",\"url\":\"https:\\\/\\\/cappiello.fr\\\/en\\\/produit\\\/johnson\\\/\",\"name\":\"Charles Eneu \\\/ Johnson & Co. - Catalogue Raisonn\u00e9 de Leonetto Cappiello\",\"isPartOf\":{\"@id\":\"https:\\\/\\\/cappiello.fr\\\/en\\\/#website\"},\"primaryImageOfPage\":{\"@id\":\"https:\\\/\\\/cappiello.fr\\\/en\\\/produit\\\/johnson\\\/#primaryimage\"},\"image\":{\"@id\":\"https:\\\/\\\/cappiello.fr\\\/en\\\/produit\\\/johnson\\\/#primaryimage\"},\"thumbnailUrl\":\"https:\\\/\\\/cappiello.fr\\\/wp-content\\\/uploads\\\/2024\\\/10\\\/Lithographie-affiche-publicitaire-charles-eneu-johnson-co-2-cappiello-1927.jpg\",\"datePublished\":\"1926-01-01T00:00:00+00:00\",\"dateModified\":\"2025-06-27T15:29:09+00:00\",\"description\":\"A jockey in the middle of a race crosses the finish line first. With his free hand, he holds up printing ink boxes at arm's length. This poster can be interpreted by assuming that this ink is the best and the fastest to dry.\",\"breadcrumb\":{\"@id\":\"https:\\\/\\\/cappiello.fr\\\/en\\\/produit\\\/johnson\\\/#breadcrumb\"},\"inLanguage\":\"en-US\",\"potentialAction\":[{\"@type\":\"ReadAction\",\"target\":[\"https:\\\/\\\/cappiello.fr\\\/en\\\/produit\\\/johnson\\\/\"]}]},{\"@type\":\"ImageObject\",\"inLanguage\":\"en-US\",\"@id\":\"https:\\\/\\\/cappiello.fr\\\/en\\\/produit\\\/johnson\\\/#primaryimage\",\"url\":\"https:\\\/\\\/cappiello.fr\\\/wp-content\\\/uploads\\\/2024\\\/10\\\/Lithographie-affiche-publicitaire-charles-eneu-johnson-co-2-cappiello-1927.jpg\",\"contentUrl\":\"https:\\\/\\\/cappiello.fr\\\/wp-content\\\/uploads\\\/2024\\\/10\\\/Lithographie-affiche-publicitaire-charles-eneu-johnson-co-2-cappiello-1927.jpg\",\"width\":631,\"height\":800,\"caption\":\"Encres d'imprimerie fabriqu\u00e9es par Charles Eneu Johnson & Co. \u00e0 Philadelphie en Pennsylvanie.\"},{\"@type\":\"BreadcrumbList\",\"@id\":\"https:\\\/\\\/cappiello.fr\\\/en\\\/produit\\\/johnson\\\/#breadcrumb\",\"itemListElement\":[{\"@type\":\"ListItem\",\"position\":1,\"name\":\"Accueil\",\"item\":\"https:\\\/\\\/cappiello.fr\\\/en\\\/\"},{\"@type\":\"ListItem\",\"position\":2,\"name\":\"The works\",\"item\":\"https:\\\/\\\/cappiello.fr\\\/en\\\/the-works\\\/\"},{\"@type\":\"ListItem\",\"position\":3,\"name\":\"Charles Eneu \\\/ Johnson &#038; Co.\"}]},{\"@type\":\"WebSite\",\"@id\":\"https:\\\/\\\/cappiello.fr\\\/en\\\/#website\",\"url\":\"https:\\\/\\\/cappiello.fr\\\/en\\\/\",\"name\":\"Catalogue raisonn\u00e9 de Leonetto Cappiello\",\"description\":\"Plongez dans l&#039;univers de Leonetto Cappiello, le p\u00e8re de la publicit\u00e9 moderne\",\"potentialAction\":[{\"@type\":\"SearchAction\",\"target\":{\"@type\":\"EntryPoint\",\"urlTemplate\":\"https:\\\/\\\/cappiello.fr\\\/en\\\/?s={search_term_string}\"},\"query-input\":{\"@type\":\"PropertyValueSpecification\",\"valueRequired\":true,\"valueName\":\"search_term_string\"}}],\"inLanguage\":\"en-US\"}]}<\/script>\n<meta property=\"product:price:currency\" content=\"EUR\" \/>\n<meta property=\"og:availability\" content=\"instock\" \/>\n<meta property=\"product:availability\" content=\"instock\" \/>\n<meta property=\"product:retailer_item_id\" content=\"1926204Z0\" \/>\n<meta property=\"product:condition\" content=\"new\" \/>\n<!-- \/ Yoast SEO Premium plugin. -->","yoast_head_json":{"title":"Charles Eneu \/ Johnson & Co. - Catalogue Raisonn\u00e9 de Leonetto Cappiello","description":"A jockey in the middle of a race crosses the finish line first. With his free hand, he holds up printing ink boxes at arm's length. This poster can be interpreted by assuming that this ink is the best and the fastest to dry.","robots":{"index":"index","follow":"follow","max-snippet":"max-snippet:-1","max-image-preview":"max-image-preview:large","max-video-preview":"max-video-preview:-1"},"canonical":"https:\/\/cappiello.fr\/en\/produit\/johnson\/","og_locale":"en_US","og_type":"article","og_title":"Charles Eneu \/ Johnson & Co.","og_description":"A jockey in the middle of a race crosses the finish line first. With his free hand, he holds up printing ink boxes at arm's length. This poster can be interpreted by assuming that this ink is the best and the fastest to dry.","og_url":"https:\/\/cappiello.fr\/en\/produit\/johnson\/","og_site_name":"Catalogue raisonn\u00e9 de Leonetto Cappiello","article_modified_time":"2025-06-27T15:29:09+00:00","og_image":[{"width":631,"height":800,"url":"https:\/\/cappiello.fr\/wp-content\/uploads\/2024\/10\/Lithographie-affiche-publicitaire-charles-eneu-johnson-co-2-cappiello-1927.jpg","type":"image\/jpeg"}],"twitter_card":"summary_large_image","twitter_title":"Charles Eneu \/ Johnson & Co.","twitter_description":"A jockey in the middle of a race crosses the finish line first. With his free hand, he holds up printing ink boxes at arm's length. This poster can be interpreted by assuming that this ink is the best and the fastest to dry.","twitter_misc":{"Price":"","Availability":"In stock"},"schema":{"@context":"https:\/\/schema.org","@graph":[{"@type":["WebPage","ItemPage"],"@id":"https:\/\/cappiello.fr\/en\/produit\/johnson\/","url":"https:\/\/cappiello.fr\/en\/produit\/johnson\/","name":"Charles Eneu \/ Johnson & Co. - Catalogue Raisonn\u00e9 de Leonetto Cappiello","isPartOf":{"@id":"https:\/\/cappiello.fr\/en\/#website"},"primaryImageOfPage":{"@id":"https:\/\/cappiello.fr\/en\/produit\/johnson\/#primaryimage"},"image":{"@id":"https:\/\/cappiello.fr\/en\/produit\/johnson\/#primaryimage"},"thumbnailUrl":"https:\/\/cappiello.fr\/wp-content\/uploads\/2024\/10\/Lithographie-affiche-publicitaire-charles-eneu-johnson-co-2-cappiello-1927.jpg","datePublished":"1926-01-01T00:00:00+00:00","dateModified":"2025-06-27T15:29:09+00:00","description":"A jockey in the middle of a race crosses the finish line first. With his free hand, he holds up printing ink boxes at arm's length. This poster can be interpreted by assuming that this ink is the best and the fastest to dry.","breadcrumb":{"@id":"https:\/\/cappiello.fr\/en\/produit\/johnson\/#breadcrumb"},"inLanguage":"en-US","potentialAction":[{"@type":"ReadAction","target":["https:\/\/cappiello.fr\/en\/produit\/johnson\/"]}]},{"@type":"ImageObject","inLanguage":"en-US","@id":"https:\/\/cappiello.fr\/en\/produit\/johnson\/#primaryimage","url":"https:\/\/cappiello.fr\/wp-content\/uploads\/2024\/10\/Lithographie-affiche-publicitaire-charles-eneu-johnson-co-2-cappiello-1927.jpg","contentUrl":"https:\/\/cappiello.fr\/wp-content\/uploads\/2024\/10\/Lithographie-affiche-publicitaire-charles-eneu-johnson-co-2-cappiello-1927.jpg","width":631,"height":800,"caption":"Encres d'imprimerie fabriqu\u00e9es par Charles Eneu Johnson & Co. \u00e0 Philadelphie en Pennsylvanie."},{"@type":"BreadcrumbList","@id":"https:\/\/cappiello.fr\/en\/produit\/johnson\/#breadcrumb","itemListElement":[{"@type":"ListItem","position":1,"name":"Accueil","item":"https:\/\/cappiello.fr\/en\/"},{"@type":"ListItem","position":2,"name":"The works","item":"https:\/\/cappiello.fr\/en\/the-works\/"},{"@type":"ListItem","position":3,"name":"Charles Eneu \/ Johnson &#038; Co."}]},{"@type":"WebSite","@id":"https:\/\/cappiello.fr\/en\/#website","url":"https:\/\/cappiello.fr\/en\/","name":"Catalogue raisonn\u00e9 de Leonetto Cappiello","description":"Plongez dans l&#039;univers de Leonetto Cappiello, le p\u00e8re de la publicit\u00e9 moderne","potentialAction":[{"@type":"SearchAction","target":{"@type":"EntryPoint","urlTemplate":"https:\/\/cappiello.fr\/en\/?s={search_term_string}"},"query-input":{"@type":"PropertyValueSpecification","valueRequired":true,"valueName":"search_term_string"}}],"inLanguage":"en-US"}]},"product_price_currency":"EUR","og_availability":"instock","product_availability":"instock","product_retailer_item_id":"1926204Z0","product_condition":"new"},"_links":{"self":[{"href":"https:\/\/cappiello.fr\/en\/wp-json\/wp\/v2\/product\/133182","targetHints":{"allow":["GET"]}}],"collection":[{"href":"https:\/\/cappiello.fr\/en\/wp-json\/wp\/v2\/product"}],"about":[{"href":"https:\/\/cappiello.fr\/en\/wp-json\/wp\/v2\/types\/product"}],"wp:featuredmedia":[{"embeddable":true,"href":"https:\/\/cappiello.fr\/en\/wp-json\/wp\/v2\/media\/134086"}],"wp:attachment":[{"href":"https:\/\/cappiello.fr\/en\/wp-json\/wp\/v2\/media?parent=133182"}],"wp:term":[{"taxonomy":"type-doeuvre","embeddable":true,"href":"https:\/\/cappiello.fr\/en\/wp-json\/wp\/v2\/type-doeuvre?post=133182"},{"taxonomy":"product_brand","embeddable":true,"href":"https:\/\/cappiello.fr\/en\/wp-json\/wp\/v2\/product_brand?post=133182"},{"taxonomy":"product_cat","embeddable":true,"href":"https:\/\/cappiello.fr\/en\/wp-json\/wp\/v2\/product_cat?post=133182"},{"taxonomy":"product_tag","embeddable":true,"href":"https:\/\/cappiello.fr\/en\/wp-json\/wp\/v2\/product_tag?post=133182"}],"curies":[{"name":"wp","href":"https:\/\/api.w.org\/{rel}","templated":true}]}}