{"id":133295,"date":"1936-01-01T00:00:00","date_gmt":"1936-01-01T00:00:00","guid":{"rendered":"https:\/\/cappiello.fr\/produit\/printemps-3\/"},"modified":"2025-07-24T17:33:18","modified_gmt":"2025-07-24T15:33:18","slug":"printemps-3","status":"publish","type":"product","link":"https:\/\/cappiello.fr\/en\/produit\/printemps-3\/","title":{"rendered":"Brummell \/ Au Printemps"},"content":{"rendered":"<p>A dandy in a frock coat, top hat, scarf and gloves, shows great self-satisfaction.<br \/>\n<Br>A first maquette showed the dandy surrounded by other men (Cf. black and white photo 1936002B0).<br \/>\nBut the very first idea came while working for the Sigrand brand (Cf. black and white photo 1936002B1).<\/p>\n","protected":false},"excerpt":{"rendered":"<p>Department Store, men&#8217;s fashion items.<br \/>\n<Br>To boost its men&#8217;s clothing sales, Printemps created the brand &#8220;Brummell&#8221; in 1930.<br \/>\n<Br>Brummell was a refined and very elegant man at the court of King George IV of England. He is the epitome of a dandy.<br \/>\nThis marketing campaign was particularly successful. The brand still exists today.<\/p>\n","protected":false},"featured_media":134388,"template":"","meta":{"_acf_changed":false},"type-doeuvre":[4057],"product_brand":[],"product_cat":[3348,3294],"product_tag":[3735,3319,3663,3357,3582,3318],"class_list":{"0":"post-133295","1":"product","2":"type-product","3":"status-publish","4":"has-post-thumbnail","6":"type-doeuvre-affiches","7":"product_cat-trade","8":"product_cat-outer-clothing","9":"product_tag-frock-coat","10":"product_tag-woman-en-3","11":"product_tag-pride-en","12":"product_tag-pannier-dress-en","13":"product_tag-pre-en-6","14":"product_tag-woman-en-2","15":"pa_periode-1930-1940-en","16":"pa_type-de-contenu-lithography","18":"first","19":"instock","20":"virtual","21":"product-type-simple"},"acf":[],"yoast_head":"<!-- This site is optimized with the Yoast SEO Premium plugin v27.0 (Yoast SEO v27.4) - https:\/\/yoast.com\/product\/yoast-seo-premium-wordpress\/ -->\n<title>Brummell \/ Au Printemps - Catalogue Raisonn\u00e9 de Leonetto Cappiello<\/title>\n<meta name=\"description\" content=\"Un dandy en redingote, chapeau haut-de-forme, \u00e9charpe et gants, montre une grande satisfaction de lui-m\u00eame. Une premi\u00e8re maquette montrait le dandy entour\u00e9 d&#039;autres hommes (Cf. photo noir et blanc 1936002B0 ). Mais la toute premi\u00e8re id\u00e9e est venue en travaillant pour la marque Sigrand (Cf. photo noir et blanc1936002B1 ).\" \/>\n<meta name=\"robots\" content=\"index, follow, max-snippet:-1, max-image-preview:large, max-video-preview:-1\" \/>\n<link rel=\"canonical\" href=\"https:\/\/cappiello.fr\/en\/produit\/printemps-3\/\" \/>\n<meta property=\"og:locale\" content=\"en_US\" \/>\n<meta property=\"og:type\" content=\"article\" \/>\n<meta property=\"og:title\" content=\"Brummell \/ Au Printemps\" \/>\n<meta property=\"og:description\" content=\"Un dandy en redingote, chapeau haut-de-forme, \u00e9charpe et gants, montre une grande satisfaction de lui-m\u00eame. Une premi\u00e8re maquette montrait le dandy entour\u00e9 d&#039;autres hommes (Cf. photo noir et blanc 1936002B0 ). Mais la toute premi\u00e8re id\u00e9e est venue en travaillant pour la marque Sigrand (Cf. photo noir et blanc1936002B1 ).\" \/>\n<meta property=\"og:url\" content=\"https:\/\/cappiello.fr\/en\/produit\/printemps-3\/\" \/>\n<meta property=\"og:site_name\" content=\"Catalogue raisonn\u00e9 de Leonetto Cappiello\" \/>\n<meta property=\"article:modified_time\" content=\"2025-07-24T15:33:18+00:00\" \/>\n<meta property=\"og:image\" content=\"https:\/\/cappiello.fr\/wp-content\/uploads\/2024\/10\/Lithographie-affiche-publicitaire-brummell-au-printemps-cappiello-1936.jpg\" \/>\n\t<meta property=\"og:image:width\" content=\"602\" \/>\n\t<meta property=\"og:image:height\" content=\"800\" \/>\n\t<meta property=\"og:image:type\" content=\"image\/jpeg\" \/>\n<meta name=\"twitter:card\" content=\"summary_large_image\" \/>\n<meta name=\"twitter:title\" content=\"Brummell \/ Au Printemps\" \/>\n<meta name=\"twitter:description\" content=\"Un dandy en redingote, chapeau haut-de-forme, \u00e9charpe et gants, montre une grande satisfaction de lui-m\u00eame. Une premi\u00e8re maquette montrait le dandy entour\u00e9 d&#039;autres hommes (Cf. photo noir et blanc 1936002B0 ). Mais la toute premi\u00e8re id\u00e9e est venue en travaillant pour la marque Sigrand (Cf. photo noir et blanc1936002B1 ).\" \/>\n<meta name=\"twitter:label1\" content=\"Price\" \/>\n\t<meta name=\"twitter:data1\" content=\"\" \/>\n\t<meta name=\"twitter:label2\" content=\"Availability\" \/>\n\t<meta name=\"twitter:data2\" content=\"In stock\" \/>\n<script type=\"application\/ld+json\" class=\"yoast-schema-graph\">{\"@context\":\"https:\\\/\\\/schema.org\",\"@graph\":[{\"@type\":[\"WebPage\",\"ItemPage\"],\"@id\":\"https:\\\/\\\/cappiello.fr\\\/en\\\/produit\\\/printemps-3\\\/\",\"url\":\"https:\\\/\\\/cappiello.fr\\\/en\\\/produit\\\/printemps-3\\\/\",\"name\":\"Brummell \\\/ Au Printemps - Catalogue Raisonn\u00e9 de Leonetto Cappiello\",\"isPartOf\":{\"@id\":\"https:\\\/\\\/cappiello.fr\\\/en\\\/#website\"},\"primaryImageOfPage\":{\"@id\":\"https:\\\/\\\/cappiello.fr\\\/en\\\/produit\\\/printemps-3\\\/#primaryimage\"},\"image\":{\"@id\":\"https:\\\/\\\/cappiello.fr\\\/en\\\/produit\\\/printemps-3\\\/#primaryimage\"},\"thumbnailUrl\":\"https:\\\/\\\/cappiello.fr\\\/wp-content\\\/uploads\\\/2024\\\/10\\\/Lithographie-affiche-publicitaire-brummell-au-printemps-cappiello-1936.jpg\",\"datePublished\":\"1936-01-01T00:00:00+00:00\",\"dateModified\":\"2025-07-24T15:33:18+00:00\",\"description\":\"Un dandy en redingote, chapeau haut-de-forme, \u00e9charpe et gants, montre une grande satisfaction de lui-m\u00eame. Une premi\u00e8re maquette montrait le dandy entour\u00e9 d'autres hommes (Cf. photo noir et blanc 1936002B0 ). Mais la toute premi\u00e8re id\u00e9e est venue en travaillant pour la marque Sigrand (Cf. photo noir et blanc1936002B1 ).\",\"breadcrumb\":{\"@id\":\"https:\\\/\\\/cappiello.fr\\\/en\\\/produit\\\/printemps-3\\\/#breadcrumb\"},\"inLanguage\":\"en-US\",\"potentialAction\":[{\"@type\":\"ReadAction\",\"target\":[\"https:\\\/\\\/cappiello.fr\\\/en\\\/produit\\\/printemps-3\\\/\"]}]},{\"@type\":\"ImageObject\",\"inLanguage\":\"en-US\",\"@id\":\"https:\\\/\\\/cappiello.fr\\\/en\\\/produit\\\/printemps-3\\\/#primaryimage\",\"url\":\"https:\\\/\\\/cappiello.fr\\\/wp-content\\\/uploads\\\/2024\\\/10\\\/Lithographie-affiche-publicitaire-brummell-au-printemps-cappiello-1936.jpg\",\"contentUrl\":\"https:\\\/\\\/cappiello.fr\\\/wp-content\\\/uploads\\\/2024\\\/10\\\/Lithographie-affiche-publicitaire-brummell-au-printemps-cappiello-1936.jpg\",\"width\":602,\"height\":800,\"caption\":\"Grand Magasin\"},{\"@type\":\"BreadcrumbList\",\"@id\":\"https:\\\/\\\/cappiello.fr\\\/en\\\/produit\\\/printemps-3\\\/#breadcrumb\",\"itemListElement\":[{\"@type\":\"ListItem\",\"position\":1,\"name\":\"Accueil\",\"item\":\"https:\\\/\\\/cappiello.fr\\\/en\\\/\"},{\"@type\":\"ListItem\",\"position\":2,\"name\":\"The works\",\"item\":\"https:\\\/\\\/cappiello.fr\\\/en\\\/the-works\\\/\"},{\"@type\":\"ListItem\",\"position\":3,\"name\":\"Brummell \\\/ Au Printemps\"}]},{\"@type\":\"WebSite\",\"@id\":\"https:\\\/\\\/cappiello.fr\\\/en\\\/#website\",\"url\":\"https:\\\/\\\/cappiello.fr\\\/en\\\/\",\"name\":\"Catalogue raisonn\u00e9 de Leonetto Cappiello\",\"description\":\"Plongez dans l&#039;univers de Leonetto Cappiello, le p\u00e8re de la publicit\u00e9 moderne\",\"potentialAction\":[{\"@type\":\"SearchAction\",\"target\":{\"@type\":\"EntryPoint\",\"urlTemplate\":\"https:\\\/\\\/cappiello.fr\\\/en\\\/?s={search_term_string}\"},\"query-input\":{\"@type\":\"PropertyValueSpecification\",\"valueRequired\":true,\"valueName\":\"search_term_string\"}}],\"inLanguage\":\"en-US\"}]}<\/script>\n<meta property=\"product:price:currency\" content=\"EUR\" \/>\n<meta property=\"og:availability\" content=\"instock\" \/>\n<meta property=\"product:availability\" content=\"instock\" \/>\n<meta property=\"product:retailer_item_id\" content=\"1936002Z0 et 1936002Z1\" \/>\n<meta property=\"product:condition\" content=\"new\" \/>\n<!-- \/ Yoast SEO Premium plugin. -->","yoast_head_json":{"title":"Brummell \/ Au Printemps - Catalogue Raisonn\u00e9 de Leonetto Cappiello","description":"Un dandy en redingote, chapeau haut-de-forme, \u00e9charpe et gants, montre une grande satisfaction de lui-m\u00eame. Une premi\u00e8re maquette montrait le dandy entour\u00e9 d'autres hommes (Cf. photo noir et blanc 1936002B0 ). Mais la toute premi\u00e8re id\u00e9e est venue en travaillant pour la marque Sigrand (Cf. photo noir et blanc1936002B1 ).","robots":{"index":"index","follow":"follow","max-snippet":"max-snippet:-1","max-image-preview":"max-image-preview:large","max-video-preview":"max-video-preview:-1"},"canonical":"https:\/\/cappiello.fr\/en\/produit\/printemps-3\/","og_locale":"en_US","og_type":"article","og_title":"Brummell \/ Au Printemps","og_description":"Un dandy en redingote, chapeau haut-de-forme, \u00e9charpe et gants, montre une grande satisfaction de lui-m\u00eame. Une premi\u00e8re maquette montrait le dandy entour\u00e9 d'autres hommes (Cf. photo noir et blanc 1936002B0 ). Mais la toute premi\u00e8re id\u00e9e est venue en travaillant pour la marque Sigrand (Cf. photo noir et blanc1936002B1 ).","og_url":"https:\/\/cappiello.fr\/en\/produit\/printemps-3\/","og_site_name":"Catalogue raisonn\u00e9 de Leonetto Cappiello","article_modified_time":"2025-07-24T15:33:18+00:00","og_image":[{"width":602,"height":800,"url":"https:\/\/cappiello.fr\/wp-content\/uploads\/2024\/10\/Lithographie-affiche-publicitaire-brummell-au-printemps-cappiello-1936.jpg","type":"image\/jpeg"}],"twitter_card":"summary_large_image","twitter_title":"Brummell \/ Au Printemps","twitter_description":"Un dandy en redingote, chapeau haut-de-forme, \u00e9charpe et gants, montre une grande satisfaction de lui-m\u00eame. Une premi\u00e8re maquette montrait le dandy entour\u00e9 d'autres hommes (Cf. photo noir et blanc 1936002B0 ). Mais la toute premi\u00e8re id\u00e9e est venue en travaillant pour la marque Sigrand (Cf. photo noir et blanc1936002B1 ).","twitter_misc":{"Price":"","Availability":"In stock"},"schema":{"@context":"https:\/\/schema.org","@graph":[{"@type":["WebPage","ItemPage"],"@id":"https:\/\/cappiello.fr\/en\/produit\/printemps-3\/","url":"https:\/\/cappiello.fr\/en\/produit\/printemps-3\/","name":"Brummell \/ Au Printemps - Catalogue Raisonn\u00e9 de Leonetto Cappiello","isPartOf":{"@id":"https:\/\/cappiello.fr\/en\/#website"},"primaryImageOfPage":{"@id":"https:\/\/cappiello.fr\/en\/produit\/printemps-3\/#primaryimage"},"image":{"@id":"https:\/\/cappiello.fr\/en\/produit\/printemps-3\/#primaryimage"},"thumbnailUrl":"https:\/\/cappiello.fr\/wp-content\/uploads\/2024\/10\/Lithographie-affiche-publicitaire-brummell-au-printemps-cappiello-1936.jpg","datePublished":"1936-01-01T00:00:00+00:00","dateModified":"2025-07-24T15:33:18+00:00","description":"Un dandy en redingote, chapeau haut-de-forme, \u00e9charpe et gants, montre une grande satisfaction de lui-m\u00eame. Une premi\u00e8re maquette montrait le dandy entour\u00e9 d'autres hommes (Cf. photo noir et blanc 1936002B0 ). Mais la toute premi\u00e8re id\u00e9e est venue en travaillant pour la marque Sigrand (Cf. photo noir et blanc1936002B1 ).","breadcrumb":{"@id":"https:\/\/cappiello.fr\/en\/produit\/printemps-3\/#breadcrumb"},"inLanguage":"en-US","potentialAction":[{"@type":"ReadAction","target":["https:\/\/cappiello.fr\/en\/produit\/printemps-3\/"]}]},{"@type":"ImageObject","inLanguage":"en-US","@id":"https:\/\/cappiello.fr\/en\/produit\/printemps-3\/#primaryimage","url":"https:\/\/cappiello.fr\/wp-content\/uploads\/2024\/10\/Lithographie-affiche-publicitaire-brummell-au-printemps-cappiello-1936.jpg","contentUrl":"https:\/\/cappiello.fr\/wp-content\/uploads\/2024\/10\/Lithographie-affiche-publicitaire-brummell-au-printemps-cappiello-1936.jpg","width":602,"height":800,"caption":"Grand Magasin"},{"@type":"BreadcrumbList","@id":"https:\/\/cappiello.fr\/en\/produit\/printemps-3\/#breadcrumb","itemListElement":[{"@type":"ListItem","position":1,"name":"Accueil","item":"https:\/\/cappiello.fr\/en\/"},{"@type":"ListItem","position":2,"name":"The works","item":"https:\/\/cappiello.fr\/en\/the-works\/"},{"@type":"ListItem","position":3,"name":"Brummell \/ Au Printemps"}]},{"@type":"WebSite","@id":"https:\/\/cappiello.fr\/en\/#website","url":"https:\/\/cappiello.fr\/en\/","name":"Catalogue raisonn\u00e9 de Leonetto Cappiello","description":"Plongez dans l&#039;univers de Leonetto Cappiello, le p\u00e8re de la publicit\u00e9 moderne","potentialAction":[{"@type":"SearchAction","target":{"@type":"EntryPoint","urlTemplate":"https:\/\/cappiello.fr\/en\/?s={search_term_string}"},"query-input":{"@type":"PropertyValueSpecification","valueRequired":true,"valueName":"search_term_string"}}],"inLanguage":"en-US"}]},"product_price_currency":"EUR","og_availability":"instock","product_availability":"instock","product_retailer_item_id":"1936002Z0 et 1936002Z1","product_condition":"new"},"_links":{"self":[{"href":"https:\/\/cappiello.fr\/en\/wp-json\/wp\/v2\/product\/133295","targetHints":{"allow":["GET"]}}],"collection":[{"href":"https:\/\/cappiello.fr\/en\/wp-json\/wp\/v2\/product"}],"about":[{"href":"https:\/\/cappiello.fr\/en\/wp-json\/wp\/v2\/types\/product"}],"wp:featuredmedia":[{"embeddable":true,"href":"https:\/\/cappiello.fr\/en\/wp-json\/wp\/v2\/media\/134388"}],"wp:attachment":[{"href":"https:\/\/cappiello.fr\/en\/wp-json\/wp\/v2\/media?parent=133295"}],"wp:term":[{"taxonomy":"type-doeuvre","embeddable":true,"href":"https:\/\/cappiello.fr\/en\/wp-json\/wp\/v2\/type-doeuvre?post=133295"},{"taxonomy":"product_brand","embeddable":true,"href":"https:\/\/cappiello.fr\/en\/wp-json\/wp\/v2\/product_brand?post=133295"},{"taxonomy":"product_cat","embeddable":true,"href":"https:\/\/cappiello.fr\/en\/wp-json\/wp\/v2\/product_cat?post=133295"},{"taxonomy":"product_tag","embeddable":true,"href":"https:\/\/cappiello.fr\/en\/wp-json\/wp\/v2\/product_tag?post=133295"}],"curies":[{"name":"wp","href":"https:\/\/api.w.org\/{rel}","templated":true}]}}